{"id":869,"date":"2020-12-10T14:48:14","date_gmt":"2020-12-10T12:48:14","guid":{"rendered":"https:\/\/kktavastia.vaiheessa.fi\/vanajaveden-opisto\/?page_id=869"},"modified":"2026-01-08T10:01:10","modified_gmt":"2026-01-08T08:01:10","slug":"yleiset-kielitutkinnot","status":"publish","type":"page","link":"https:\/\/www.kktavastia.fi\/vanajaveden-opisto\/tietoa-opistosta\/lisatietoja-kursseista\/yleiset-kielitutkinnot\/","title":{"rendered":"Yleiset kielitutkinnot"},"content":{"rendered":"\n<p>Yleiset kielitutkinnot ovat aikuisille tarkoitettuja kielitutkintoja. Tutkinnoissa arvioidaan yleiskielen osaamista k\u00e4yt\u00e4nn\u00f6n tilanteissa. Saat suoritetusta tutkinnosta todistuksen, jolla voit osoittaa virallisesti kielitaitosi. Kaikissa YKI-tutkinnoissa on nelj\u00e4 osakoetta: puhuminen, puheen ymm\u00e4rt\u00e4minen, kirjoittaminen ja tekstin ymm\u00e4rt\u00e4minen. Saat jokaisesta osakokeesta oman arvosanan. Vanajaveden Opistolla j\u00e4rjest\u00e4mme suomen ja englannin kielen keskitason kielitestej\u00e4 sek\u00e4 suomen kielen perustason testej\u00e4.<br><br><strong>Tutkintopaikka:\u00a0<\/strong>Vanajaveden Opisto,\u00a0Jaakonkatu 28,\u00a0H\u00e4meenlinna<br><a href=\"https:\/\/www.oph.fi\/fi\/koulutus-ja-tutkinnot\/kieli-ja-kaantajatutkinnot\/yleiset-kielitutkinnot-yki\" target=\"_blank\" rel=\"noreferrer noopener\">Lis\u00e4tietoja kielitesteist\u00e4<\/a><br><a href=\"https:\/\/www.oph.fi\/fi\/koulutus-ja-tutkinnot\/kieli-ja-kaantajatutkinnot\/yleiset-kielitutkinnot-yki\/ilmoittautuminen-yki-testiin\" target=\"_blank\" rel=\"noreferrer noopener\">Ohje ilmoittautumiseen<\/a><br><\/p>\n","protected":false},"excerpt":{"rendered":"<p>Yleiset kielitutkinnot ovat aikuisille tarkoitettuja kielitutkintoja. Tutkinnoissa arvioidaan yleiskielen osaamista k\u00e4yt\u00e4nn\u00f6n tilanteissa. Saat suoritetusta tutkinnosta todistuksen, jolla voit osoittaa virallisesti [&hellip;]<\/p>\n","protected":false},"author":4,"featured_media":0,"parent":7782,"menu_order":1,"comment_status":"closed","ping_status":"closed","template":"","meta":{"_acf_changed":false,"_relevanssi_hide_post":"","_relevanssi_hide_content":"","_relevanssi_pin_for_all":"","_relevanssi_pin_keywords":"","_relevanssi_unpin_keywords":"","_relevanssi_related_keywords":"","_relevanssi_related_include_ids":"","_relevanssi_related_exclude_ids":"","_relevanssi_related_no_append":"","_relevanssi_related_not_related":"","_relevanssi_related_posts":"13,741,724,7953,726,768","_relevanssi_noindex_reason":"","footnotes":""},"class_list":["post-869","page","type-page","status-publish","hentry"],"acf":[],"yoast_head":"<title>Yleiset kielitutkinnot - Vanajaveden Opisto<\/title>\n<meta name=\"robots\" content=\"index, follow, max-snippet:-1, max-image-preview:large, max-video-preview:-1\" \/>\n<link rel=\"canonical\" href=\"https:\/\/www.kktavastia.fi\/vanajaveden-opisto\/tietoa-opistosta\/lisatietoja-kursseista\/yleiset-kielitutkinnot\/\" \/>\n<meta property=\"og:locale\" content=\"fi_FI\" \/>\n<meta property=\"og:type\" content=\"article\" \/>\n<meta property=\"og:title\" content=\"Yleiset kielitutkinnot - Vanajaveden Opisto\" \/>\n<meta property=\"og:description\" content=\"Yleiset kielitutkinnot ovat aikuisille tarkoitettuja kielitutkintoja. Tutkinnoissa arvioidaan yleiskielen osaamista k\u00e4yt\u00e4nn\u00f6n tilanteissa. Saat suoritetusta tutkinnosta todistuksen, jolla voit osoittaa virallisesti [&hellip;]\" \/>\n<meta property=\"og:url\" content=\"https:\/\/www.kktavastia.fi\/vanajaveden-opisto\/tietoa-opistosta\/lisatietoja-kursseista\/yleiset-kielitutkinnot\/\" \/>\n<meta property=\"og:site_name\" content=\"Vanajaveden Opisto\" \/>\n<meta property=\"article:modified_time\" content=\"2026-01-08T08:01:10+00:00\" \/>\n<meta name=\"twitter:card\" content=\"summary_large_image\" \/>\n<script type=\"application\/ld+json\" class=\"yoast-schema-graph\">{\"@context\":\"https:\\\/\\\/schema.org\",\"@graph\":[{\"@type\":\"WebPage\",\"@id\":\"https:\\\/\\\/www.kktavastia.fi\\\/vanajaveden-opisto\\\/tietoa-opistosta\\\/lisatietoja-kursseista\\\/yleiset-kielitutkinnot\\\/\",\"url\":\"https:\\\/\\\/www.kktavastia.fi\\\/vanajaveden-opisto\\\/tietoa-opistosta\\\/lisatietoja-kursseista\\\/yleiset-kielitutkinnot\\\/\",\"name\":\"Yleiset kielitutkinnot - Vanajaveden Opisto\",\"isPartOf\":{\"@id\":\"https:\\\/\\\/www.kktavastia.fi\\\/vanajaveden-opisto\\\/#website\"},\"datePublished\":\"2020-12-10T12:48:14+00:00\",\"dateModified\":\"2026-01-08T08:01:10+00:00\",\"breadcrumb\":{\"@id\":\"https:\\\/\\\/www.kktavastia.fi\\\/vanajaveden-opisto\\\/tietoa-opistosta\\\/lisatietoja-kursseista\\\/yleiset-kielitutkinnot\\\/#breadcrumb\"},\"inLanguage\":\"fi\",\"potentialAction\":[{\"@type\":\"ReadAction\",\"target\":[\"https:\\\/\\\/www.kktavastia.fi\\\/vanajaveden-opisto\\\/tietoa-opistosta\\\/lisatietoja-kursseista\\\/yleiset-kielitutkinnot\\\/\"]}]},{\"@type\":\"BreadcrumbList\",\"@id\":\"https:\\\/\\\/www.kktavastia.fi\\\/vanajaveden-opisto\\\/tietoa-opistosta\\\/lisatietoja-kursseista\\\/yleiset-kielitutkinnot\\\/#breadcrumb\",\"itemListElement\":[{\"@type\":\"ListItem\",\"position\":1,\"name\":\"Home\",\"item\":\"https:\\\/\\\/www.kktavastia.fi\\\/vanajaveden-opisto\\\/\"},{\"@type\":\"ListItem\",\"position\":2,\"name\":\"Tietoa opistosta\",\"item\":\"https:\\\/\\\/www.kktavastia.fi\\\/vanajaveden-opisto\\\/tietoa-opistosta\\\/\"},{\"@type\":\"ListItem\",\"position\":3,\"name\":\"Lis\u00e4tietoja kursseista\",\"item\":\"https:\\\/\\\/www.kktavastia.fi\\\/vanajaveden-opisto\\\/tietoa-opistosta\\\/lisatietoja-kursseista\\\/\"},{\"@type\":\"ListItem\",\"position\":4,\"name\":\"Yleiset kielitutkinnot\"}]},{\"@type\":\"WebSite\",\"@id\":\"https:\\\/\\\/www.kktavastia.fi\\\/vanajaveden-opisto\\\/#website\",\"url\":\"https:\\\/\\\/www.kktavastia.fi\\\/vanajaveden-opisto\\\/\",\"name\":\"Vanajaveden Opisto\",\"description\":\"\",\"potentialAction\":[{\"@type\":\"SearchAction\",\"target\":{\"@type\":\"EntryPoint\",\"urlTemplate\":\"https:\\\/\\\/www.kktavastia.fi\\\/vanajaveden-opisto\\\/?s={search_term_string}\"},\"query-input\":{\"@type\":\"PropertyValueSpecification\",\"valueRequired\":true,\"valueName\":\"search_term_string\"}}],\"inLanguage\":\"fi\"}]}<\/script>","yoast_head_json":{"title":"Yleiset kielitutkinnot - Vanajaveden Opisto","robots":{"index":"index","follow":"follow","max-snippet":"max-snippet:-1","max-image-preview":"max-image-preview:large","max-video-preview":"max-video-preview:-1"},"canonical":"https:\/\/www.kktavastia.fi\/vanajaveden-opisto\/tietoa-opistosta\/lisatietoja-kursseista\/yleiset-kielitutkinnot\/","og_locale":"fi_FI","og_type":"article","og_title":"Yleiset kielitutkinnot - Vanajaveden Opisto","og_description":"Yleiset kielitutkinnot ovat aikuisille tarkoitettuja kielitutkintoja. Tutkinnoissa arvioidaan yleiskielen osaamista k\u00e4yt\u00e4nn\u00f6n tilanteissa. Saat suoritetusta tutkinnosta todistuksen, jolla voit osoittaa virallisesti [&hellip;]","og_url":"https:\/\/www.kktavastia.fi\/vanajaveden-opisto\/tietoa-opistosta\/lisatietoja-kursseista\/yleiset-kielitutkinnot\/","og_site_name":"Vanajaveden Opisto","article_modified_time":"2026-01-08T08:01:10+00:00","twitter_card":"summary_large_image","schema":{"@context":"https:\/\/schema.org","@graph":[{"@type":"WebPage","@id":"https:\/\/www.kktavastia.fi\/vanajaveden-opisto\/tietoa-opistosta\/lisatietoja-kursseista\/yleiset-kielitutkinnot\/","url":"https:\/\/www.kktavastia.fi\/vanajaveden-opisto\/tietoa-opistosta\/lisatietoja-kursseista\/yleiset-kielitutkinnot\/","name":"Yleiset kielitutkinnot - Vanajaveden Opisto","isPartOf":{"@id":"https:\/\/www.kktavastia.fi\/vanajaveden-opisto\/#website"},"datePublished":"2020-12-10T12:48:14+00:00","dateModified":"2026-01-08T08:01:10+00:00","breadcrumb":{"@id":"https:\/\/www.kktavastia.fi\/vanajaveden-opisto\/tietoa-opistosta\/lisatietoja-kursseista\/yleiset-kielitutkinnot\/#breadcrumb"},"inLanguage":"fi","potentialAction":[{"@type":"ReadAction","target":["https:\/\/www.kktavastia.fi\/vanajaveden-opisto\/tietoa-opistosta\/lisatietoja-kursseista\/yleiset-kielitutkinnot\/"]}]},{"@type":"BreadcrumbList","@id":"https:\/\/www.kktavastia.fi\/vanajaveden-opisto\/tietoa-opistosta\/lisatietoja-kursseista\/yleiset-kielitutkinnot\/#breadcrumb","itemListElement":[{"@type":"ListItem","position":1,"name":"Home","item":"https:\/\/www.kktavastia.fi\/vanajaveden-opisto\/"},{"@type":"ListItem","position":2,"name":"Tietoa opistosta","item":"https:\/\/www.kktavastia.fi\/vanajaveden-opisto\/tietoa-opistosta\/"},{"@type":"ListItem","position":3,"name":"Lis\u00e4tietoja kursseista","item":"https:\/\/www.kktavastia.fi\/vanajaveden-opisto\/tietoa-opistosta\/lisatietoja-kursseista\/"},{"@type":"ListItem","position":4,"name":"Yleiset kielitutkinnot"}]},{"@type":"WebSite","@id":"https:\/\/www.kktavastia.fi\/vanajaveden-opisto\/#website","url":"https:\/\/www.kktavastia.fi\/vanajaveden-opisto\/","name":"Vanajaveden Opisto","description":"","potentialAction":[{"@type":"SearchAction","target":{"@type":"EntryPoint","urlTemplate":"https:\/\/www.kktavastia.fi\/vanajaveden-opisto\/?s={search_term_string}"},"query-input":{"@type":"PropertyValueSpecification","valueRequired":true,"valueName":"search_term_string"}}],"inLanguage":"fi"}]}},"_links":{"self":[{"href":"https:\/\/www.kktavastia.fi\/vanajaveden-opisto\/wp-json\/wp\/v2\/pages\/869","targetHints":{"allow":["GET"]}}],"collection":[{"href":"https:\/\/www.kktavastia.fi\/vanajaveden-opisto\/wp-json\/wp\/v2\/pages"}],"about":[{"href":"https:\/\/www.kktavastia.fi\/vanajaveden-opisto\/wp-json\/wp\/v2\/types\/page"}],"author":[{"embeddable":true,"href":"https:\/\/www.kktavastia.fi\/vanajaveden-opisto\/wp-json\/wp\/v2\/users\/4"}],"replies":[{"embeddable":true,"href":"https:\/\/www.kktavastia.fi\/vanajaveden-opisto\/wp-json\/wp\/v2\/comments?post=869"}],"version-history":[{"count":25,"href":"https:\/\/www.kktavastia.fi\/vanajaveden-opisto\/wp-json\/wp\/v2\/pages\/869\/revisions"}],"predecessor-version":[{"id":21985,"href":"https:\/\/www.kktavastia.fi\/vanajaveden-opisto\/wp-json\/wp\/v2\/pages\/869\/revisions\/21985"}],"up":[{"embeddable":true,"href":"https:\/\/www.kktavastia.fi\/vanajaveden-opisto\/wp-json\/wp\/v2\/pages\/7782"}],"wp:attachment":[{"href":"https:\/\/www.kktavastia.fi\/vanajaveden-opisto\/wp-json\/wp\/v2\/media?parent=869"}],"curies":[{"name":"wp","href":"https:\/\/api.w.org\/{rel}","templated":true}]}}