{"id":802,"date":"2020-12-09T15:57:18","date_gmt":"2020-12-09T13:57:18","guid":{"rendered":"https:\/\/kktavastia.vaiheessa.fi\/vanajaveden-opisto\/?page_id=802"},"modified":"2025-03-31T14:05:29","modified_gmt":"2025-03-31T11:05:29","slug":"kestava-elamantapa","status":"publish","type":"page","link":"https:\/\/www.kktavastia.fi\/vanajaveden-opisto\/kehitystyo\/kestava-elamantapa\/","title":{"rendered":"Kest\u00e4v\u00e4 el\u00e4m\u00e4ntapa"},"content":{"rendered":"\n<p class=\"is-style-ingress\"><a href=\"https:\/\/okka-saatio.com\/kestava-kehitys\/\">OKKA-s\u00e4\u00e4ti\u00f6<\/a> my\u00f6nsi Vanajaveden Opistolle vuonna 2020 sertifikaatin kest\u00e4v\u00e4n kehityksen ty\u00f6st\u00e4 ensimm\u00e4isen kerran. Jatkuvan kehitt\u00e4misen tuloksena sertifikaatti uusittiin kev\u00e4\u00e4ll\u00e4 2023.&nbsp;&nbsp;<\/p>\n\n\n\n<figure class=\"wp-block-image size-full\"><img loading=\"lazy\" decoding=\"async\" width=\"148\" height=\"91\" src=\"https:\/\/www.kktavastia.fi\/media\/sites\/3\/image.png\" alt=\"\" class=\"wp-image-17222\" srcset=\"https:\/\/www.kktavastia.fi\/media\/sites\/3\/image.png 148w, https:\/\/www.kktavastia.fi\/media\/sites\/3\/image-20x12.png 20w\" sizes=\"auto, (max-width: 148px) 100vw, 148px\" \/><\/figure>\n\n\n\n<h3 class=\"wp-block-heading\">Kest\u00e4v\u00e4 el\u00e4m\u00e4ntapa<\/h3>\n\n\n\n<p>Vanajaveden Opisto edist\u00e4\u00e4 kest\u00e4v\u00e4\u00e4 el\u00e4m\u00e4ntapaa kannustamalla aiheen pohdintaan ja keskusteluun sek\u00e4 j\u00e4rjest\u00e4m\u00e4ll\u00e4 koulutuksia ja toimintaa hyv\u00e4n tulevaisuuden eteen. T\u00e4t\u00e4 toimintaa edist\u00e4\u00e4 my\u00f6s kest\u00e4v\u00e4n tulevaisuuden ty\u00f6ryhm\u00e4, EkoVop.&nbsp;&nbsp;<\/p>\n\n\n\n<p>Opiston j\u00e4rjest\u00e4mill\u00e4 kursseilla lis\u00e4t\u00e4\u00e4n tietoa kierr\u00e4tyksest\u00e4 ja s\u00e4\u00e4steli\u00e4\u00e4st\u00e4 materiaalin kulutuksesta, digitaalisuuden hy\u00f6dynt\u00e4misest\u00e4 opiskelussa, monikulttuurisuudesta ja suvaitsevaisuudesta, rikkaasta kansallisesta ja kansainv\u00e4lisest\u00e4 kulttuuriperinn\u00f6st\u00e4, luovuudesta ja ongelmanratkaisutaidoista sek\u00e4 liikunnallisesta el\u00e4m\u00e4ntavasta. Useilla kursseilla kest\u00e4v\u00e4\u00e4 tulevaisuutta k\u00e4sitell\u00e4\u00e4n aihepiirien ja kurssien sis\u00e4lt\u00f6\u00f6n sopivilla tavoilla. Kursseilla opiskellaan monipuolisesti, suunnitelmallisesti ja yhdess\u00e4 oivaltaen.&nbsp;&nbsp;<\/p>\n\n\n\n<p>Merkityksellinen ja arvokkaaksi koettu el\u00e4m\u00e4 sek\u00e4 ihmisen toiminnan sopeuttaminen maapallon kestokykyyn ja luonnonvarojen riitt\u00e4vyyteen ovat askelmerkkej\u00e4 parempaan tulevaisuuteen.&nbsp;<\/p>\n\n\n\n<h3 class=\"wp-block-heading\">Vapaan sivistysty\u00f6n indikaattorit<\/h3>\n\n\n\n<p>Vapaan sivistysty\u00f6n kest\u00e4v\u00e4n kehityksen sertifioinnissa otettiin helmikuun 2021 alussa k\u00e4ytt\u00f6\u00f6n\u202fuudet <strong>kest\u00e4v\u00e4n tulevaisuuden indikaattorit<\/strong>. Oppilaitoksen toimintaa arvioidaan nyt kolmella indikaattorilla, joita ovat opetus, toimintakulttuuri ja johtaminen.&nbsp;&nbsp;<\/p>\n\n\n\n<div class=\"wp-block-group\"><div class=\"wp-block-group__inner-container is-layout-constrained wp-block-group-is-layout-constrained\">\n<ul class=\"wp-block-list\">\n<li><a href=\"https:\/\/www.kktavastia.fi\/media\/sites\/3\/vanajavesi-vapaamuotoinen-raportti-1.pdf\">OKKA-s\u00e4\u00e4ti\u00f6n raportti VOPin toiminnasta<\/a><\/li>\n\n\n\n<li><a href=\"https:\/\/www.kktavastia.fi\/media\/sites\/3\/vapaa_sivtyo_keke_kriteerit.pdf\">Lis\u00e4tietoja sertifikaatin kriteereist\u00e4<\/a><\/li>\n<\/ul>\n<\/div><\/div>\n\n\n\n<p>Lue sivun lopusta lis\u00e4\u00e4 kest\u00e4v\u00e4n kehityksen sertifikaatista!<\/p>\n\n\n\n<h3 class=\"wp-block-heading\">VOPin vastuullisuuslupaukset<\/h3>\n\n\n\n<h4 class=\"wp-block-heading\">Voit vaikuttaa valinnoillasi<\/h4>\n\n\n\n<p>Vanajaveden Opisto on sitoutunut kest\u00e4v\u00e4n tulevaisuuden rakentamiseen. Siihen kuuluu ymp\u00e4rist\u00f6vastuullisuus, hyvinvointi, kulttuurinen kest\u00e4vyys ja taloudellisuus. T\u00e4m\u00e4 edellytt\u00e4\u00e4 vastuullisuustoimenpiteit\u00e4 opetuksen ja kurssien n\u00e4k\u00f6kulmasta.<\/p>\n\n\n\n<p>Vastuullisuuslupauksella kannustamme kest\u00e4v\u00e4\u00e4n tulevaisuuteen. Lupaus ohjaa ja vaikuttaa kurssien suunnitteluun, toimintatapoihin ja toteutukseen. Se velvoittaa tarjoamaan kest\u00e4v\u00e4\u00e4 tulevaisuutta tukevia kursseja ja opetusta. Kursseilla opiskelija voi vaikuttaa valinnoillaan ja teoillaan.<\/p>\n\n\n\n<h4 class=\"wp-block-heading\">Tutustu vastuullisuuslupauksiimme<\/h4>\n\n\n\n<ul class=\"wp-block-list\">\n<li><a href=\"https:\/\/www.kktavastia.fi\/media\/sites\/3\/vastuullisuuslupaus_hyva-tyokayttaytyminen.pdf\">Hyv\u00e4n ty\u00f6k\u00e4ytt\u00e4ytymisen vastuullisuuslupaus<\/a><\/li>\n\n\n\n<li><a href=\"https:\/\/www.kktavastia.fi\/media\/sites\/3\/vastuullisuuslaatikko_vop_kotoutumiskoulutus-2.pdf\">Kotoutumiskoulutuksen vastuullisuuslupaus<\/a><\/li>\n\n\n\n<li><a href=\"https:\/\/www.kktavastia.fi\/media\/sites\/3\/vastuullisuuslupaus_kuvataidekoulu.pdf\">Kuvataidekoulun vastuullisuuslupaus<\/a><\/li>\n\n\n\n<li><a href=\"https:\/\/www.kktavastia.fi\/media\/sites\/3\/vastuullisuuslupaus_kuvataide.pdf\">Kuvataiteen vastuullisuuslupaus<\/a><\/li>\n\n\n\n<li><a href=\"https:\/\/www.kktavastia.fi\/media\/sites\/3\/vastuullisuuslaatikko_vop_kasityot.pdf\">K\u00e4sity\u00f6n vastuullisuuslupaus<\/a><\/li>\n\n\n\n<li><a href=\"https:\/\/www.kktavastia.fi\/media\/sites\/3\/vastuullisuuslupaus_muotoilu.pdf\">Muotoilun vastuullisuuslupaus<\/a><\/li>\n\n\n\n<li><a href=\"https:\/\/www.kktavastia.fi\/media\/sites\/3\/vastuullisuuslupaus_musiikii-teatteri-sanataide.pdf\">Musiikin, teatterin ja sanataiteen vastuullisuuslupaus<\/a><\/li>\n\n\n\n<li><a href=\"https:\/\/www.kktavastia.fi\/media\/sites\/3\/vastuullisuuslaatikko_vop_tanssiliikuntasirkus.pdf\">Tanssin, liikunnan ja sirkuksen vastuullisuuslupaus<\/a><\/li>\n\n\n\n<li><a href=\"https:\/\/www.kktavastia.fi\/media\/sites\/3\/vastuullisuuslupaus_tekninen-kasityo.pdf\">Teknisen k\u00e4sity\u00f6n vastuullisuuslupaus<\/a><\/li>\n\n\n\n<li><a href=\"https:\/\/www.kktavastia.fi\/media\/sites\/3\/vastuullisuuslupaus_vieraat-kielet.pdf\">Vieraiden kielten vastuullisuuslupaus<\/a><\/li>\n<\/ul>\n\n\n\n<section class=\"block block-image-content-upsell right-image\">\n  <div class=\"container\">\n\n    <div class=\"cols\">\n      <div class=\"col col-content\">\n        <div class=\"content content-dark\">\n          <h3>Kest\u00e4v\u00e4 kehitys on arjen toimintatapa<\/h3>\n          <p>OKKA-s\u00e4\u00e4ti\u00f6n johtaja Tuulikki Simil\u00e4 luovutti Vanajaveden Opiston rehtori Outi It\u00e4luomalle henkil\u00f6kuntineen sertifikaatin, joka kertoo ennen kaikkea systemaattisesta ja pitk\u00e4j\u00e4nteisesti ty\u00f6st\u00e4 kest\u00e4v\u00e4n kehityksen edist\u00e4miseksi.<\/p>\n                      <a href=\"https:\/\/kktavastia.fi\/vanajaveden-opisto\/ajankohtaista\/2020\/kestava-kehitys-vopin-juhlatunnelmia\/\" class=\"button button-light\">Lue juttu<svg xmlns=\"http:\/\/www.w3.org\/2000\/svg\" width=\"23\" height=\"8\" viewBox=\"0 0 23 8\"><path d=\"M1 3.818h21.23m0 0L19.153.764m3.077 3.054l-3.077 3.055\" stroke=\"currentColor\" stroke-width=\"1.5\" fill=\"none\" fill-rule=\"evenodd\" stroke-linecap=\"round\" stroke-linejoin=\"round\"\/><\/svg>\n<\/a>\n                  <\/div>\n      <\/div>\n\n      <div class=\"col col-image\">\n            <div class=\"lazy\"\n      data-bg=\"https:\/\/www.kktavastia.fi\/media\/sites\/3\/vop-sertifikaatti-69-scaled.jpg\"\n          >\n    <\/div>\n\n          <\/div>\n    <\/div>\n\n  <\/div>\n<\/section>\n\n\n\n<section class=\"block block-image-content-upsell left-image\">\n  <div class=\"container\">\n\n    <div class=\"cols\">\n      <div class=\"col col-content\">\n        <div class=\"content content-dark\">\n          <h3>VOPille kest\u00e4v\u00e4n kehityksen sertifikaatti<\/h3>\n          <p>Vanajaveden Opisto on kest\u00e4v\u00e4n kehityksen k\u00e4rjess\u00e4. Sille my\u00f6nnettiin OKKA-s\u00e4\u00e4ti\u00f6n sertifikaatti vuoden 2020 alussa. Sertifikaatti uusittiin kev\u00e4\u00e4ll\u00e4 2023.<\/p>\n                      <a href=\"https:\/\/kktavastia.fi\/vanajaveden-opisto\/ajankohtaista\/2020\/vopille-kestavan-kehityksen-sertifikaatti\/\" class=\"button button-light\">Lue lis\u00e4\u00e4<svg xmlns=\"http:\/\/www.w3.org\/2000\/svg\" width=\"23\" height=\"8\" viewBox=\"0 0 23 8\"><path d=\"M1 3.818h21.23m0 0L19.153.764m3.077 3.054l-3.077 3.055\" stroke=\"currentColor\" stroke-width=\"1.5\" fill=\"none\" fill-rule=\"evenodd\" stroke-linecap=\"round\" stroke-linejoin=\"round\"\/><\/svg>\n<\/a>\n                  <\/div>\n      <\/div>\n\n      <div class=\"col col-image\">\n            <div class=\"lazy\"\n      data-bg=\"https:\/\/www.kktavastia.fi\/media\/sites\/3\/img_8761.jpg\"\n          >\n    <\/div>\n\n          <\/div>\n    <\/div>\n\n  <\/div>\n<\/section>\n","protected":false},"excerpt":{"rendered":"<p>OKKA-s\u00e4\u00e4ti\u00f6 my\u00f6nsi Vanajaveden Opistolle vuonna 2020 sertifikaatin kest\u00e4v\u00e4n kehityksen ty\u00f6st\u00e4 ensimm\u00e4isen kerran. Jatkuvan kehitt\u00e4misen tuloksena sertifikaatti uusittiin kev\u00e4\u00e4ll\u00e4 2023.&nbsp;&nbsp; Kest\u00e4v\u00e4 [&hellip;]<\/p>\n","protected":false},"author":4,"featured_media":0,"parent":726,"menu_order":2,"comment_status":"closed","ping_status":"closed","template":"","meta":{"_acf_changed":false,"_relevanssi_hide_post":"","_relevanssi_hide_content":"","_relevanssi_pin_for_all":"","_relevanssi_pin_keywords":"","_relevanssi_unpin_keywords":"","_relevanssi_related_keywords":"","_relevanssi_related_include_ids":"","_relevanssi_related_exclude_ids":"","_relevanssi_related_no_append":"","_relevanssi_related_not_related":"","_relevanssi_related_posts":"726,7382,7388,19311,739,780","_relevanssi_noindex_reason":"","footnotes":""},"class_list":["post-802","page","type-page","status-publish","hentry"],"acf":[],"yoast_head":"<title>Kest\u00e4v\u00e4 kehitys VOPissa | Vanajaveden Opiston kest\u00e4v\u00e4 kehitys<\/title>\n<meta name=\"description\" content=\"Kest\u00e4v\u00e4 kehitys VOPissa on meille t\u00e4rke\u00e4\u00e4! Vanajaveden Opistolla on kest\u00e4v\u00e4n kehityksen sertifikaatti. Lue arvoistamme lis\u00e4\u00e4!\" \/>\n<meta name=\"robots\" content=\"index, follow, max-snippet:-1, max-image-preview:large, max-video-preview:-1\" \/>\n<link rel=\"canonical\" href=\"https:\/\/www.kktavastia.fi\/vanajaveden-opisto\/kehitystyo\/kestava-elamantapa\/\" \/>\n<meta property=\"og:locale\" content=\"fi_FI\" \/>\n<meta property=\"og:type\" content=\"article\" \/>\n<meta property=\"og:title\" content=\"Kest\u00e4v\u00e4 kehitys VOPissa | Vanajaveden Opiston kest\u00e4v\u00e4 kehitys\" \/>\n<meta property=\"og:description\" content=\"Kest\u00e4v\u00e4 kehitys VOPissa on meille t\u00e4rke\u00e4\u00e4! Vanajaveden Opistolla on kest\u00e4v\u00e4n kehityksen sertifikaatti. Lue arvoistamme lis\u00e4\u00e4!\" \/>\n<meta property=\"og:url\" content=\"https:\/\/www.kktavastia.fi\/vanajaveden-opisto\/kehitystyo\/kestava-elamantapa\/\" \/>\n<meta property=\"og:site_name\" content=\"Vanajaveden Opisto\" \/>\n<meta property=\"article:modified_time\" content=\"2025-03-31T11:05:29+00:00\" \/>\n<meta property=\"og:image\" content=\"https:\/\/www.kktavastia.fi\/media\/sites\/3\/image.png\" \/>\n\t<meta property=\"og:image:width\" content=\"148\" \/>\n\t<meta property=\"og:image:height\" content=\"91\" \/>\n\t<meta property=\"og:image:type\" content=\"image\/png\" \/>\n<meta name=\"twitter:card\" content=\"summary_large_image\" \/>\n<script type=\"application\/ld+json\" class=\"yoast-schema-graph\">{\"@context\":\"https:\\\/\\\/schema.org\",\"@graph\":[{\"@type\":\"WebPage\",\"@id\":\"https:\\\/\\\/www.kktavastia.fi\\\/vanajaveden-opisto\\\/kehitystyo\\\/kestava-elamantapa\\\/\",\"url\":\"https:\\\/\\\/www.kktavastia.fi\\\/vanajaveden-opisto\\\/kehitystyo\\\/kestava-elamantapa\\\/\",\"name\":\"Kest\u00e4v\u00e4 kehitys VOPissa | Vanajaveden Opiston kest\u00e4v\u00e4 kehitys\",\"isPartOf\":{\"@id\":\"https:\\\/\\\/www.kktavastia.fi\\\/vanajaveden-opisto\\\/#website\"},\"primaryImageOfPage\":{\"@id\":\"https:\\\/\\\/www.kktavastia.fi\\\/vanajaveden-opisto\\\/kehitystyo\\\/kestava-elamantapa\\\/#primaryimage\"},\"image\":{\"@id\":\"https:\\\/\\\/www.kktavastia.fi\\\/vanajaveden-opisto\\\/kehitystyo\\\/kestava-elamantapa\\\/#primaryimage\"},\"thumbnailUrl\":\"https:\\\/\\\/www.kktavastia.fi\\\/media\\\/sites\\\/3\\\/image.png\",\"datePublished\":\"2020-12-09T13:57:18+00:00\",\"dateModified\":\"2025-03-31T11:05:29+00:00\",\"description\":\"Kest\u00e4v\u00e4 kehitys VOPissa on meille t\u00e4rke\u00e4\u00e4! Vanajaveden Opistolla on kest\u00e4v\u00e4n kehityksen sertifikaatti. Lue arvoistamme lis\u00e4\u00e4!\",\"breadcrumb\":{\"@id\":\"https:\\\/\\\/www.kktavastia.fi\\\/vanajaveden-opisto\\\/kehitystyo\\\/kestava-elamantapa\\\/#breadcrumb\"},\"inLanguage\":\"fi\",\"potentialAction\":[{\"@type\":\"ReadAction\",\"target\":[\"https:\\\/\\\/www.kktavastia.fi\\\/vanajaveden-opisto\\\/kehitystyo\\\/kestava-elamantapa\\\/\"]}]},{\"@type\":\"ImageObject\",\"inLanguage\":\"fi\",\"@id\":\"https:\\\/\\\/www.kktavastia.fi\\\/vanajaveden-opisto\\\/kehitystyo\\\/kestava-elamantapa\\\/#primaryimage\",\"url\":\"https:\\\/\\\/www.kktavastia.fi\\\/media\\\/sites\\\/3\\\/image.png\",\"contentUrl\":\"https:\\\/\\\/www.kktavastia.fi\\\/media\\\/sites\\\/3\\\/image.png\"},{\"@type\":\"BreadcrumbList\",\"@id\":\"https:\\\/\\\/www.kktavastia.fi\\\/vanajaveden-opisto\\\/kehitystyo\\\/kestava-elamantapa\\\/#breadcrumb\",\"itemListElement\":[{\"@type\":\"ListItem\",\"position\":1,\"name\":\"Home\",\"item\":\"https:\\\/\\\/www.kktavastia.fi\\\/vanajaveden-opisto\\\/\"},{\"@type\":\"ListItem\",\"position\":2,\"name\":\"Kehitysty\u00f6\",\"item\":\"https:\\\/\\\/www.kktavastia.fi\\\/vanajaveden-opisto\\\/kehitystyo\\\/\"},{\"@type\":\"ListItem\",\"position\":3,\"name\":\"Kest\u00e4v\u00e4 el\u00e4m\u00e4ntapa\"}]},{\"@type\":\"WebSite\",\"@id\":\"https:\\\/\\\/www.kktavastia.fi\\\/vanajaveden-opisto\\\/#website\",\"url\":\"https:\\\/\\\/www.kktavastia.fi\\\/vanajaveden-opisto\\\/\",\"name\":\"Vanajaveden Opisto\",\"description\":\"\",\"potentialAction\":[{\"@type\":\"SearchAction\",\"target\":{\"@type\":\"EntryPoint\",\"urlTemplate\":\"https:\\\/\\\/www.kktavastia.fi\\\/vanajaveden-opisto\\\/?s={search_term_string}\"},\"query-input\":{\"@type\":\"PropertyValueSpecification\",\"valueRequired\":true,\"valueName\":\"search_term_string\"}}],\"inLanguage\":\"fi\"}]}<\/script>","yoast_head_json":{"title":"Kest\u00e4v\u00e4 kehitys VOPissa | Vanajaveden Opiston kest\u00e4v\u00e4 kehitys","description":"Kest\u00e4v\u00e4 kehitys VOPissa on meille t\u00e4rke\u00e4\u00e4! Vanajaveden Opistolla on kest\u00e4v\u00e4n kehityksen sertifikaatti. Lue arvoistamme lis\u00e4\u00e4!","robots":{"index":"index","follow":"follow","max-snippet":"max-snippet:-1","max-image-preview":"max-image-preview:large","max-video-preview":"max-video-preview:-1"},"canonical":"https:\/\/www.kktavastia.fi\/vanajaveden-opisto\/kehitystyo\/kestava-elamantapa\/","og_locale":"fi_FI","og_type":"article","og_title":"Kest\u00e4v\u00e4 kehitys VOPissa | Vanajaveden Opiston kest\u00e4v\u00e4 kehitys","og_description":"Kest\u00e4v\u00e4 kehitys VOPissa on meille t\u00e4rke\u00e4\u00e4! Vanajaveden Opistolla on kest\u00e4v\u00e4n kehityksen sertifikaatti. Lue arvoistamme lis\u00e4\u00e4!","og_url":"https:\/\/www.kktavastia.fi\/vanajaveden-opisto\/kehitystyo\/kestava-elamantapa\/","og_site_name":"Vanajaveden Opisto","article_modified_time":"2025-03-31T11:05:29+00:00","og_image":[{"width":148,"height":91,"url":"https:\/\/www.kktavastia.fi\/media\/sites\/3\/image.png","type":"image\/png"}],"twitter_card":"summary_large_image","schema":{"@context":"https:\/\/schema.org","@graph":[{"@type":"WebPage","@id":"https:\/\/www.kktavastia.fi\/vanajaveden-opisto\/kehitystyo\/kestava-elamantapa\/","url":"https:\/\/www.kktavastia.fi\/vanajaveden-opisto\/kehitystyo\/kestava-elamantapa\/","name":"Kest\u00e4v\u00e4 kehitys VOPissa | Vanajaveden Opiston kest\u00e4v\u00e4 kehitys","isPartOf":{"@id":"https:\/\/www.kktavastia.fi\/vanajaveden-opisto\/#website"},"primaryImageOfPage":{"@id":"https:\/\/www.kktavastia.fi\/vanajaveden-opisto\/kehitystyo\/kestava-elamantapa\/#primaryimage"},"image":{"@id":"https:\/\/www.kktavastia.fi\/vanajaveden-opisto\/kehitystyo\/kestava-elamantapa\/#primaryimage"},"thumbnailUrl":"https:\/\/www.kktavastia.fi\/media\/sites\/3\/image.png","datePublished":"2020-12-09T13:57:18+00:00","dateModified":"2025-03-31T11:05:29+00:00","description":"Kest\u00e4v\u00e4 kehitys VOPissa on meille t\u00e4rke\u00e4\u00e4! Vanajaveden Opistolla on kest\u00e4v\u00e4n kehityksen sertifikaatti. Lue arvoistamme lis\u00e4\u00e4!","breadcrumb":{"@id":"https:\/\/www.kktavastia.fi\/vanajaveden-opisto\/kehitystyo\/kestava-elamantapa\/#breadcrumb"},"inLanguage":"fi","potentialAction":[{"@type":"ReadAction","target":["https:\/\/www.kktavastia.fi\/vanajaveden-opisto\/kehitystyo\/kestava-elamantapa\/"]}]},{"@type":"ImageObject","inLanguage":"fi","@id":"https:\/\/www.kktavastia.fi\/vanajaveden-opisto\/kehitystyo\/kestava-elamantapa\/#primaryimage","url":"https:\/\/www.kktavastia.fi\/media\/sites\/3\/image.png","contentUrl":"https:\/\/www.kktavastia.fi\/media\/sites\/3\/image.png"},{"@type":"BreadcrumbList","@id":"https:\/\/www.kktavastia.fi\/vanajaveden-opisto\/kehitystyo\/kestava-elamantapa\/#breadcrumb","itemListElement":[{"@type":"ListItem","position":1,"name":"Home","item":"https:\/\/www.kktavastia.fi\/vanajaveden-opisto\/"},{"@type":"ListItem","position":2,"name":"Kehitysty\u00f6","item":"https:\/\/www.kktavastia.fi\/vanajaveden-opisto\/kehitystyo\/"},{"@type":"ListItem","position":3,"name":"Kest\u00e4v\u00e4 el\u00e4m\u00e4ntapa"}]},{"@type":"WebSite","@id":"https:\/\/www.kktavastia.fi\/vanajaveden-opisto\/#website","url":"https:\/\/www.kktavastia.fi\/vanajaveden-opisto\/","name":"Vanajaveden Opisto","description":"","potentialAction":[{"@type":"SearchAction","target":{"@type":"EntryPoint","urlTemplate":"https:\/\/www.kktavastia.fi\/vanajaveden-opisto\/?s={search_term_string}"},"query-input":{"@type":"PropertyValueSpecification","valueRequired":true,"valueName":"search_term_string"}}],"inLanguage":"fi"}]}},"_links":{"self":[{"href":"https:\/\/www.kktavastia.fi\/vanajaveden-opisto\/wp-json\/wp\/v2\/pages\/802","targetHints":{"allow":["GET"]}}],"collection":[{"href":"https:\/\/www.kktavastia.fi\/vanajaveden-opisto\/wp-json\/wp\/v2\/pages"}],"about":[{"href":"https:\/\/www.kktavastia.fi\/vanajaveden-opisto\/wp-json\/wp\/v2\/types\/page"}],"author":[{"embeddable":true,"href":"https:\/\/www.kktavastia.fi\/vanajaveden-opisto\/wp-json\/wp\/v2\/users\/4"}],"replies":[{"embeddable":true,"href":"https:\/\/www.kktavastia.fi\/vanajaveden-opisto\/wp-json\/wp\/v2\/comments?post=802"}],"version-history":[{"count":25,"href":"https:\/\/www.kktavastia.fi\/vanajaveden-opisto\/wp-json\/wp\/v2\/pages\/802\/revisions"}],"predecessor-version":[{"id":19715,"href":"https:\/\/www.kktavastia.fi\/vanajaveden-opisto\/wp-json\/wp\/v2\/pages\/802\/revisions\/19715"}],"up":[{"embeddable":true,"href":"https:\/\/www.kktavastia.fi\/vanajaveden-opisto\/wp-json\/wp\/v2\/pages\/726"}],"wp:attachment":[{"href":"https:\/\/www.kktavastia.fi\/vanajaveden-opisto\/wp-json\/wp\/v2\/media?parent=802"}],"curies":[{"name":"wp","href":"https:\/\/api.w.org\/{rel}","templated":true}]}}