{"id":7953,"date":"2021-02-15T09:10:04","date_gmt":"2021-02-15T07:10:04","guid":{"rendered":"https:\/\/kktavastia.vaiheessa.fi\/vanajaveden-opisto\/?page_id=7953"},"modified":"2025-10-10T12:39:51","modified_gmt":"2025-10-10T09:39:51","slug":"pysakointi-jaakonkadulla","status":"publish","type":"page","link":"https:\/\/www.kktavastia.fi\/vanajaveden-opisto\/tietoa-opistosta\/osoitteet-kartat-ja-pysakointi\/pysakointi-jaakonkadulla\/","title":{"rendered":"Pys\u00e4k\u00f6inti Jaakonkadulla"},"content":{"rendered":"\n<p class=\"is-style-ingress\">Opiskelijoille on tarjolla runsaasti parkkitilaa sek\u00e4 etupihan parkkialueella ett\u00e4 p\u00e4\u00e4rakennuksen takana olevilla parkkialueilla, jonne ajetaan Puistokaarre-kadun kautta.<\/p>\n\n\n\n<p>Jaakonkadun pys\u00e4k\u00f6intialueen lis\u00e4ksi&nbsp;VOPin&nbsp;opiskelijoille on tarjolla runsaasti parkkitilaa p\u00e4\u00e4rakennuksen takana olevilla parkkialueilla, jonne ajetaan Puistokaarre-kadun kautta. P\u00e4\u00e4rakennuksen ymp\u00e4rill\u00e4 olevat parkkialueet ovat maksuttomia ja talvisin ne aurataan ja hiekoitetaan hyvin.&nbsp;Rakennuksen taakse parkkeeraava p\u00e4\u00e4see helposti&nbsp;sis\u00e4\u00e4n takaovesta ja&nbsp;p\u00e4\u00e4ovelle&nbsp;kiert\u00e4m\u00e4ll\u00e4 rakennuksen.&nbsp;&nbsp;<\/p>\n\n\n\n<p>Toisessa p\u00e4\u00e4dyss\u00e4 rakennusta on kunnossapidett\u00e4v\u00e4 k\u00e4velytie (kuvassa oikealla). My\u00f6s rakennuksen toiselta puolelta (Muoto-luokan puoleisesta p\u00e4\u00e4dyst\u00e4) p\u00e4\u00e4see p\u00e4\u00e4ovelle polkua, jossa ei kuitenkaan ole talvikunnossapitoa. Useiden kurssien ja luentojen ruuhkailtoina my\u00f6s taideluokkien siiven puoleinen sivuovi saatetaan avata.&nbsp;<\/p>\n\n\n\n<figure class=\"wp-block-image size-full is-resized\"><img loading=\"lazy\" decoding=\"async\" width=\"386\" height=\"300\" src=\"https:\/\/www.kktavastia.fi\/media\/sites\/3\/uusi-pysakointikartta-vop-1.png\" alt=\"\" class=\"wp-image-21635\" style=\"width:467px;height:auto\" srcset=\"https:\/\/www.kktavastia.fi\/media\/sites\/3\/uusi-pysakointikartta-vop-1.png 386w, https:\/\/www.kktavastia.fi\/media\/sites\/3\/uusi-pysakointikartta-vop-1-300x233.png 300w, https:\/\/www.kktavastia.fi\/media\/sites\/3\/uusi-pysakointikartta-vop-1-20x16.png 20w\" sizes=\"auto, (max-width: 386px) 100vw, 386px\" \/><\/figure>\n\n\n\n<p><\/p>\n","protected":false},"excerpt":{"rendered":"<p>Opiskelijoille on tarjolla runsaasti parkkitilaa sek\u00e4 etupihan parkkialueella ett\u00e4 p\u00e4\u00e4rakennuksen takana olevilla parkkialueilla, jonne ajetaan Puistokaarre-kadun kautta. Jaakonkadun pys\u00e4k\u00f6intialueen lis\u00e4ksi&nbsp;VOPin&nbsp;opiskelijoille [&hellip;]<\/p>\n","protected":false},"author":4,"featured_media":21631,"parent":8003,"menu_order":2,"comment_status":"closed","ping_status":"closed","template":"","meta":{"_acf_changed":false,"_relevanssi_hide_post":"","_relevanssi_hide_content":"","_relevanssi_pin_for_all":"","_relevanssi_pin_keywords":"","_relevanssi_unpin_keywords":"","_relevanssi_related_keywords":"","_relevanssi_related_include_ids":"","_relevanssi_related_exclude_ids":"","_relevanssi_related_no_append":"","_relevanssi_related_not_related":"","_relevanssi_related_posts":"8003,732,780,7000,778,7782","_relevanssi_noindex_reason":"","footnotes":""},"class_list":["post-7953","page","type-page","status-publish","has-post-thumbnail","hentry"],"acf":[],"yoast_head":"<title>Pys\u00e4k\u00f6inti Jaakonkadulla - Vanajaveden Opisto<\/title>\n<meta name=\"robots\" content=\"index, follow, max-snippet:-1, max-image-preview:large, max-video-preview:-1\" \/>\n<link rel=\"canonical\" href=\"https:\/\/www.kktavastia.fi\/vanajaveden-opisto\/tietoa-opistosta\/osoitteet-kartat-ja-pysakointi\/pysakointi-jaakonkadulla\/\" \/>\n<meta property=\"og:locale\" content=\"fi_FI\" \/>\n<meta property=\"og:type\" content=\"article\" \/>\n<meta property=\"og:title\" content=\"Pys\u00e4k\u00f6inti Jaakonkadulla - Vanajaveden Opisto\" \/>\n<meta property=\"og:description\" content=\"Opiskelijoille on tarjolla runsaasti parkkitilaa sek\u00e4 etupihan parkkialueella ett\u00e4 p\u00e4\u00e4rakennuksen takana olevilla parkkialueilla, jonne ajetaan Puistokaarre-kadun kautta. Jaakonkadun pys\u00e4k\u00f6intialueen lis\u00e4ksi&nbsp;VOPin&nbsp;opiskelijoille [&hellip;]\" \/>\n<meta property=\"og:url\" content=\"https:\/\/www.kktavastia.fi\/vanajaveden-opisto\/tietoa-opistosta\/osoitteet-kartat-ja-pysakointi\/pysakointi-jaakonkadulla\/\" \/>\n<meta property=\"og:site_name\" content=\"Vanajaveden Opisto\" \/>\n<meta property=\"article:modified_time\" content=\"2025-10-10T09:39:51+00:00\" \/>\n<meta property=\"og:image\" content=\"https:\/\/www.kktavastia.fi\/media\/sites\/3\/vop-16_pienempi.jpg\" \/>\n\t<meta property=\"og:image:width\" content=\"2500\" \/>\n\t<meta property=\"og:image:height\" content=\"1665\" \/>\n\t<meta property=\"og:image:type\" content=\"image\/jpeg\" \/>\n<meta name=\"twitter:card\" content=\"summary_large_image\" \/>\n<script type=\"application\/ld+json\" class=\"yoast-schema-graph\">{\"@context\":\"https:\\\/\\\/schema.org\",\"@graph\":[{\"@type\":\"WebPage\",\"@id\":\"https:\\\/\\\/www.kktavastia.fi\\\/vanajaveden-opisto\\\/tietoa-opistosta\\\/osoitteet-kartat-ja-pysakointi\\\/pysakointi-jaakonkadulla\\\/\",\"url\":\"https:\\\/\\\/www.kktavastia.fi\\\/vanajaveden-opisto\\\/tietoa-opistosta\\\/osoitteet-kartat-ja-pysakointi\\\/pysakointi-jaakonkadulla\\\/\",\"name\":\"Pys\u00e4k\u00f6inti Jaakonkadulla - Vanajaveden Opisto\",\"isPartOf\":{\"@id\":\"https:\\\/\\\/www.kktavastia.fi\\\/vanajaveden-opisto\\\/#website\"},\"primaryImageOfPage\":{\"@id\":\"https:\\\/\\\/www.kktavastia.fi\\\/vanajaveden-opisto\\\/tietoa-opistosta\\\/osoitteet-kartat-ja-pysakointi\\\/pysakointi-jaakonkadulla\\\/#primaryimage\"},\"image\":{\"@id\":\"https:\\\/\\\/www.kktavastia.fi\\\/vanajaveden-opisto\\\/tietoa-opistosta\\\/osoitteet-kartat-ja-pysakointi\\\/pysakointi-jaakonkadulla\\\/#primaryimage\"},\"thumbnailUrl\":\"https:\\\/\\\/www.kktavastia.fi\\\/media\\\/sites\\\/3\\\/vop-16_pienempi.jpg\",\"datePublished\":\"2021-02-15T07:10:04+00:00\",\"dateModified\":\"2025-10-10T09:39:51+00:00\",\"breadcrumb\":{\"@id\":\"https:\\\/\\\/www.kktavastia.fi\\\/vanajaveden-opisto\\\/tietoa-opistosta\\\/osoitteet-kartat-ja-pysakointi\\\/pysakointi-jaakonkadulla\\\/#breadcrumb\"},\"inLanguage\":\"fi\",\"potentialAction\":[{\"@type\":\"ReadAction\",\"target\":[\"https:\\\/\\\/www.kktavastia.fi\\\/vanajaveden-opisto\\\/tietoa-opistosta\\\/osoitteet-kartat-ja-pysakointi\\\/pysakointi-jaakonkadulla\\\/\"]}]},{\"@type\":\"ImageObject\",\"inLanguage\":\"fi\",\"@id\":\"https:\\\/\\\/www.kktavastia.fi\\\/vanajaveden-opisto\\\/tietoa-opistosta\\\/osoitteet-kartat-ja-pysakointi\\\/pysakointi-jaakonkadulla\\\/#primaryimage\",\"url\":\"https:\\\/\\\/www.kktavastia.fi\\\/media\\\/sites\\\/3\\\/vop-16_pienempi.jpg\",\"contentUrl\":\"https:\\\/\\\/www.kktavastia.fi\\\/media\\\/sites\\\/3\\\/vop-16_pienempi.jpg\",\"width\":2500,\"height\":1665},{\"@type\":\"BreadcrumbList\",\"@id\":\"https:\\\/\\\/www.kktavastia.fi\\\/vanajaveden-opisto\\\/tietoa-opistosta\\\/osoitteet-kartat-ja-pysakointi\\\/pysakointi-jaakonkadulla\\\/#breadcrumb\",\"itemListElement\":[{\"@type\":\"ListItem\",\"position\":1,\"name\":\"Home\",\"item\":\"https:\\\/\\\/www.kktavastia.fi\\\/vanajaveden-opisto\\\/\"},{\"@type\":\"ListItem\",\"position\":2,\"name\":\"Tietoa opistosta\",\"item\":\"https:\\\/\\\/www.kktavastia.fi\\\/vanajaveden-opisto\\\/tietoa-opistosta\\\/\"},{\"@type\":\"ListItem\",\"position\":3,\"name\":\"Osoitteet, kartat ja pys\u00e4k\u00f6inti\",\"item\":\"https:\\\/\\\/www.kktavastia.fi\\\/vanajaveden-opisto\\\/tietoa-opistosta\\\/osoitteet-kartat-ja-pysakointi\\\/\"},{\"@type\":\"ListItem\",\"position\":4,\"name\":\"Pys\u00e4k\u00f6inti Jaakonkadulla\"}]},{\"@type\":\"WebSite\",\"@id\":\"https:\\\/\\\/www.kktavastia.fi\\\/vanajaveden-opisto\\\/#website\",\"url\":\"https:\\\/\\\/www.kktavastia.fi\\\/vanajaveden-opisto\\\/\",\"name\":\"Vanajaveden Opisto\",\"description\":\"\",\"potentialAction\":[{\"@type\":\"SearchAction\",\"target\":{\"@type\":\"EntryPoint\",\"urlTemplate\":\"https:\\\/\\\/www.kktavastia.fi\\\/vanajaveden-opisto\\\/?s={search_term_string}\"},\"query-input\":{\"@type\":\"PropertyValueSpecification\",\"valueRequired\":true,\"valueName\":\"search_term_string\"}}],\"inLanguage\":\"fi\"}]}<\/script>","yoast_head_json":{"title":"Pys\u00e4k\u00f6inti Jaakonkadulla - Vanajaveden Opisto","robots":{"index":"index","follow":"follow","max-snippet":"max-snippet:-1","max-image-preview":"max-image-preview:large","max-video-preview":"max-video-preview:-1"},"canonical":"https:\/\/www.kktavastia.fi\/vanajaveden-opisto\/tietoa-opistosta\/osoitteet-kartat-ja-pysakointi\/pysakointi-jaakonkadulla\/","og_locale":"fi_FI","og_type":"article","og_title":"Pys\u00e4k\u00f6inti Jaakonkadulla - Vanajaveden Opisto","og_description":"Opiskelijoille on tarjolla runsaasti parkkitilaa sek\u00e4 etupihan parkkialueella ett\u00e4 p\u00e4\u00e4rakennuksen takana olevilla parkkialueilla, jonne ajetaan Puistokaarre-kadun kautta. Jaakonkadun pys\u00e4k\u00f6intialueen lis\u00e4ksi&nbsp;VOPin&nbsp;opiskelijoille [&hellip;]","og_url":"https:\/\/www.kktavastia.fi\/vanajaveden-opisto\/tietoa-opistosta\/osoitteet-kartat-ja-pysakointi\/pysakointi-jaakonkadulla\/","og_site_name":"Vanajaveden Opisto","article_modified_time":"2025-10-10T09:39:51+00:00","og_image":[{"width":2500,"height":1665,"url":"https:\/\/www.kktavastia.fi\/media\/sites\/3\/vop-16_pienempi.jpg","type":"image\/jpeg"}],"twitter_card":"summary_large_image","schema":{"@context":"https:\/\/schema.org","@graph":[{"@type":"WebPage","@id":"https:\/\/www.kktavastia.fi\/vanajaveden-opisto\/tietoa-opistosta\/osoitteet-kartat-ja-pysakointi\/pysakointi-jaakonkadulla\/","url":"https:\/\/www.kktavastia.fi\/vanajaveden-opisto\/tietoa-opistosta\/osoitteet-kartat-ja-pysakointi\/pysakointi-jaakonkadulla\/","name":"Pys\u00e4k\u00f6inti Jaakonkadulla - Vanajaveden Opisto","isPartOf":{"@id":"https:\/\/www.kktavastia.fi\/vanajaveden-opisto\/#website"},"primaryImageOfPage":{"@id":"https:\/\/www.kktavastia.fi\/vanajaveden-opisto\/tietoa-opistosta\/osoitteet-kartat-ja-pysakointi\/pysakointi-jaakonkadulla\/#primaryimage"},"image":{"@id":"https:\/\/www.kktavastia.fi\/vanajaveden-opisto\/tietoa-opistosta\/osoitteet-kartat-ja-pysakointi\/pysakointi-jaakonkadulla\/#primaryimage"},"thumbnailUrl":"https:\/\/www.kktavastia.fi\/media\/sites\/3\/vop-16_pienempi.jpg","datePublished":"2021-02-15T07:10:04+00:00","dateModified":"2025-10-10T09:39:51+00:00","breadcrumb":{"@id":"https:\/\/www.kktavastia.fi\/vanajaveden-opisto\/tietoa-opistosta\/osoitteet-kartat-ja-pysakointi\/pysakointi-jaakonkadulla\/#breadcrumb"},"inLanguage":"fi","potentialAction":[{"@type":"ReadAction","target":["https:\/\/www.kktavastia.fi\/vanajaveden-opisto\/tietoa-opistosta\/osoitteet-kartat-ja-pysakointi\/pysakointi-jaakonkadulla\/"]}]},{"@type":"ImageObject","inLanguage":"fi","@id":"https:\/\/www.kktavastia.fi\/vanajaveden-opisto\/tietoa-opistosta\/osoitteet-kartat-ja-pysakointi\/pysakointi-jaakonkadulla\/#primaryimage","url":"https:\/\/www.kktavastia.fi\/media\/sites\/3\/vop-16_pienempi.jpg","contentUrl":"https:\/\/www.kktavastia.fi\/media\/sites\/3\/vop-16_pienempi.jpg","width":2500,"height":1665},{"@type":"BreadcrumbList","@id":"https:\/\/www.kktavastia.fi\/vanajaveden-opisto\/tietoa-opistosta\/osoitteet-kartat-ja-pysakointi\/pysakointi-jaakonkadulla\/#breadcrumb","itemListElement":[{"@type":"ListItem","position":1,"name":"Home","item":"https:\/\/www.kktavastia.fi\/vanajaveden-opisto\/"},{"@type":"ListItem","position":2,"name":"Tietoa opistosta","item":"https:\/\/www.kktavastia.fi\/vanajaveden-opisto\/tietoa-opistosta\/"},{"@type":"ListItem","position":3,"name":"Osoitteet, kartat ja pys\u00e4k\u00f6inti","item":"https:\/\/www.kktavastia.fi\/vanajaveden-opisto\/tietoa-opistosta\/osoitteet-kartat-ja-pysakointi\/"},{"@type":"ListItem","position":4,"name":"Pys\u00e4k\u00f6inti Jaakonkadulla"}]},{"@type":"WebSite","@id":"https:\/\/www.kktavastia.fi\/vanajaveden-opisto\/#website","url":"https:\/\/www.kktavastia.fi\/vanajaveden-opisto\/","name":"Vanajaveden Opisto","description":"","potentialAction":[{"@type":"SearchAction","target":{"@type":"EntryPoint","urlTemplate":"https:\/\/www.kktavastia.fi\/vanajaveden-opisto\/?s={search_term_string}"},"query-input":{"@type":"PropertyValueSpecification","valueRequired":true,"valueName":"search_term_string"}}],"inLanguage":"fi"}]}},"_links":{"self":[{"href":"https:\/\/www.kktavastia.fi\/vanajaveden-opisto\/wp-json\/wp\/v2\/pages\/7953","targetHints":{"allow":["GET"]}}],"collection":[{"href":"https:\/\/www.kktavastia.fi\/vanajaveden-opisto\/wp-json\/wp\/v2\/pages"}],"about":[{"href":"https:\/\/www.kktavastia.fi\/vanajaveden-opisto\/wp-json\/wp\/v2\/types\/page"}],"author":[{"embeddable":true,"href":"https:\/\/www.kktavastia.fi\/vanajaveden-opisto\/wp-json\/wp\/v2\/users\/4"}],"replies":[{"embeddable":true,"href":"https:\/\/www.kktavastia.fi\/vanajaveden-opisto\/wp-json\/wp\/v2\/comments?post=7953"}],"version-history":[{"count":6,"href":"https:\/\/www.kktavastia.fi\/vanajaveden-opisto\/wp-json\/wp\/v2\/pages\/7953\/revisions"}],"predecessor-version":[{"id":21637,"href":"https:\/\/www.kktavastia.fi\/vanajaveden-opisto\/wp-json\/wp\/v2\/pages\/7953\/revisions\/21637"}],"up":[{"embeddable":true,"href":"https:\/\/www.kktavastia.fi\/vanajaveden-opisto\/wp-json\/wp\/v2\/pages\/8003"}],"wp:featuredmedia":[{"embeddable":true,"href":"https:\/\/www.kktavastia.fi\/vanajaveden-opisto\/wp-json\/wp\/v2\/media\/21631"}],"wp:attachment":[{"href":"https:\/\/www.kktavastia.fi\/vanajaveden-opisto\/wp-json\/wp\/v2\/media?parent=7953"}],"curies":[{"name":"wp","href":"https:\/\/api.w.org\/{rel}","templated":true}]}}