{"id":780,"date":"2020-12-09T13:25:58","date_gmt":"2020-12-09T11:25:58","guid":{"rendered":"https:\/\/kktavastia.vaiheessa.fi\/vanajaveden-opisto\/?page_id=780"},"modified":"2026-01-27T14:22:43","modified_gmt":"2026-01-27T12:22:43","slug":"toimisto","status":"publish","type":"page","link":"https:\/\/www.kktavastia.fi\/vanajaveden-opisto\/asiakaspalvelu\/toimisto\/","title":{"rendered":"Yhteystiedot ja aukioloajat"},"content":{"rendered":"\n<h3 class=\"wp-block-heading\">Asiakaspalvelu<\/h3>\n\n\n\n<h4 class=\"wp-block-heading\">Vanajaveden Opisto, Jaakonkatu 28, Myllym\u00e4ki, H\u00e4meenlinna.<\/h4>\n\n\n\n<ul class=\"wp-block-list\">\n<li>Puhelinpalvelu 03 6581 800, ma\u2013to klo 9\u201311 ja 13\u201315.30<\/li>\n\n\n\n<li>S\u00e4hk\u00f6postilla tavoitat meid\u00e4t vop.toimisto@kktavastia.fi<\/li>\n\n\n\n<li>Infopiste avoinna ma\u2013to klo 13\u201315.30, pe suljettu<\/li>\n<\/ul>\n\n\n\n<figure class=\"wp-block-image size-full is-resized\"><img loading=\"lazy\" decoding=\"async\" width=\"960\" height=\"916\" src=\"https:\/\/www.kktavastia.fi\/media\/sites\/3\/image-1.png\" alt=\"T\u00e4m\u00e4n kuvan alt-attribuutti on tyhj\u00e4; Tiedoston nimi on vop.png\" class=\"wp-image-19473\" style=\"width:543px;height:auto\" srcset=\"https:\/\/www.kktavastia.fi\/media\/sites\/3\/image-1.png 960w, https:\/\/www.kktavastia.fi\/media\/sites\/3\/image-1-300x286.png 300w, https:\/\/www.kktavastia.fi\/media\/sites\/3\/image-1-768x733.png 768w, https:\/\/www.kktavastia.fi\/media\/sites\/3\/image-1-460x439.png 460w, https:\/\/www.kktavastia.fi\/media\/sites\/3\/image-1-20x20.png 20w\" sizes=\"auto, (max-width: 960px) 100vw, 960px\" \/><\/figure>\n\n\n\n<p><em>Vanajaveden Opiston p\u00e4\u00e4toimipaikka sijaitsee H\u00e4meenlinnan Myllym\u00e4ess\u00e4. <\/em><\/p>\n\n\n\n<section class=\"block block-cols block-image-upsells\">\n  <div class=\"container\">\n\n    <div class=\"cols\">\n            <div class=\"col\">\n        <a href=\"https:\/\/www.kktavastia.fi\/vanajaveden-opisto\/kurssit\/\" class=\"global-link\" aria-label=\"Tutustu kursseihin ja ilmoittaudu mukaan!\"><\/a>\n\n        <div class=\"image\" aria-hidden=\"true\">\n              <div class=\"lazy\"\n      data-bg=\"https:\/\/www.kktavastia.fi\/media\/sites\/3\/vop-avaimenpera2.jpg\"\n          >\n    <\/div>\n\n            <\/div>\n\n        <div class=\"content content-dark\">\n          <h3>Tutustu kursseihin ja ilmoittaudu mukaan!<\/h3>\n        <\/div>\n      <\/div>\n            <div class=\"col\">\n        <a href=\"https:\/\/www.kktavastia.fi\/vanajaveden-opisto\/tietoa-opistosta\/osoitteet-kartat-ja-pysakointi\/\" class=\"global-link\" aria-label=\"T\u00e4\u00e4lt\u00e4 l\u00f6yd\u00e4t kurssipaikkojen osoitteet\"><\/a>\n\n        <div class=\"image\" aria-hidden=\"true\">\n              <div class=\"lazy\"\n      data-bg=\"https:\/\/www.kktavastia.fi\/media\/sites\/3\/img_6694-scaled.jpg\"\n          >\n    <\/div>\n\n            <\/div>\n\n        <div class=\"content content-dark\">\n          <h3>T\u00e4\u00e4lt\u00e4 l\u00f6yd\u00e4t kurssipaikkojen osoitteet<\/h3>\n        <\/div>\n      <\/div>\n          <\/div>\n\n  <\/div>\n<\/section>\n","protected":false},"excerpt":{"rendered":"<p>Asiakaspalvelu Vanajaveden Opisto, Jaakonkatu 28, Myllym\u00e4ki, H\u00e4meenlinna. Vanajaveden Opiston p\u00e4\u00e4toimipaikka sijaitsee H\u00e4meenlinnan Myllym\u00e4ess\u00e4.<\/p>\n","protected":false},"author":4,"featured_media":0,"parent":724,"menu_order":1,"comment_status":"closed","ping_status":"closed","template":"","meta":{"_acf_changed":false,"_relevanssi_hide_post":"","_relevanssi_hide_content":"","_relevanssi_pin_for_all":"","_relevanssi_pin_keywords":"","_relevanssi_unpin_keywords":"","_relevanssi_related_keywords":"","_relevanssi_related_include_ids":"","_relevanssi_related_exclude_ids":"","_relevanssi_related_no_append":"","_relevanssi_related_not_related":"","_relevanssi_related_posts":"724,741,8026,737,739,768","_relevanssi_noindex_reason":"","footnotes":""},"class_list":["post-780","page","type-page","status-publish","hentry"],"acf":[],"yoast_head":"<title>VOP Toimisto | Vanajaveden Opisto | Toimisto | Yhteystiedot ja aukioloajat<\/title>\n<meta name=\"description\" content=\"VOP Toimisto: yhteystiedot ja aukioloajat l\u00f6yd\u00e4t t\u00e4\u00e4lt\u00e4. Vanajaveden Opiston toimisto sijaitsee Jaakonkadulla.\" \/>\n<meta name=\"robots\" content=\"index, follow, max-snippet:-1, max-image-preview:large, max-video-preview:-1\" \/>\n<link rel=\"canonical\" href=\"https:\/\/www.kktavastia.fi\/vanajaveden-opisto\/asiakaspalvelu\/toimisto\/\" \/>\n<meta property=\"og:locale\" content=\"fi_FI\" \/>\n<meta property=\"og:type\" content=\"article\" \/>\n<meta property=\"og:title\" content=\"VOP Toimisto | Vanajaveden Opisto | Toimisto | Yhteystiedot ja aukioloajat\" \/>\n<meta property=\"og:description\" content=\"VOP Toimisto: yhteystiedot ja aukioloajat l\u00f6yd\u00e4t t\u00e4\u00e4lt\u00e4. Vanajaveden Opiston toimisto sijaitsee Jaakonkadulla.\" \/>\n<meta property=\"og:url\" content=\"https:\/\/www.kktavastia.fi\/vanajaveden-opisto\/asiakaspalvelu\/toimisto\/\" \/>\n<meta property=\"og:site_name\" content=\"Vanajaveden Opisto\" \/>\n<meta property=\"article:modified_time\" content=\"2026-01-27T12:22:43+00:00\" \/>\n<meta property=\"og:image\" content=\"https:\/\/www.kktavastia.fi\/media\/sites\/3\/image-1.png\" \/>\n\t<meta property=\"og:image:width\" content=\"960\" \/>\n\t<meta property=\"og:image:height\" content=\"916\" \/>\n\t<meta property=\"og:image:type\" content=\"image\/png\" \/>\n<meta name=\"twitter:card\" content=\"summary_large_image\" \/>\n<script type=\"application\/ld+json\" class=\"yoast-schema-graph\">{\"@context\":\"https:\\\/\\\/schema.org\",\"@graph\":[{\"@type\":\"WebPage\",\"@id\":\"https:\\\/\\\/www.kktavastia.fi\\\/vanajaveden-opisto\\\/asiakaspalvelu\\\/toimisto\\\/\",\"url\":\"https:\\\/\\\/www.kktavastia.fi\\\/vanajaveden-opisto\\\/asiakaspalvelu\\\/toimisto\\\/\",\"name\":\"VOP Toimisto | Vanajaveden Opisto | Toimisto | Yhteystiedot ja aukioloajat\",\"isPartOf\":{\"@id\":\"https:\\\/\\\/www.kktavastia.fi\\\/vanajaveden-opisto\\\/#website\"},\"primaryImageOfPage\":{\"@id\":\"https:\\\/\\\/www.kktavastia.fi\\\/vanajaveden-opisto\\\/asiakaspalvelu\\\/toimisto\\\/#primaryimage\"},\"image\":{\"@id\":\"https:\\\/\\\/www.kktavastia.fi\\\/vanajaveden-opisto\\\/asiakaspalvelu\\\/toimisto\\\/#primaryimage\"},\"thumbnailUrl\":\"https:\\\/\\\/www.kktavastia.fi\\\/media\\\/sites\\\/3\\\/image-1.png\",\"datePublished\":\"2020-12-09T11:25:58+00:00\",\"dateModified\":\"2026-01-27T12:22:43+00:00\",\"description\":\"VOP Toimisto: yhteystiedot ja aukioloajat l\u00f6yd\u00e4t t\u00e4\u00e4lt\u00e4. Vanajaveden Opiston toimisto sijaitsee Jaakonkadulla.\",\"breadcrumb\":{\"@id\":\"https:\\\/\\\/www.kktavastia.fi\\\/vanajaveden-opisto\\\/asiakaspalvelu\\\/toimisto\\\/#breadcrumb\"},\"inLanguage\":\"fi\",\"potentialAction\":[{\"@type\":\"ReadAction\",\"target\":[\"https:\\\/\\\/www.kktavastia.fi\\\/vanajaveden-opisto\\\/asiakaspalvelu\\\/toimisto\\\/\"]}]},{\"@type\":\"ImageObject\",\"inLanguage\":\"fi\",\"@id\":\"https:\\\/\\\/www.kktavastia.fi\\\/vanajaveden-opisto\\\/asiakaspalvelu\\\/toimisto\\\/#primaryimage\",\"url\":\"https:\\\/\\\/www.kktavastia.fi\\\/media\\\/sites\\\/3\\\/image-1.png\",\"contentUrl\":\"https:\\\/\\\/www.kktavastia.fi\\\/media\\\/sites\\\/3\\\/image-1.png\"},{\"@type\":\"BreadcrumbList\",\"@id\":\"https:\\\/\\\/www.kktavastia.fi\\\/vanajaveden-opisto\\\/asiakaspalvelu\\\/toimisto\\\/#breadcrumb\",\"itemListElement\":[{\"@type\":\"ListItem\",\"position\":1,\"name\":\"Home\",\"item\":\"https:\\\/\\\/www.kktavastia.fi\\\/vanajaveden-opisto\\\/\"},{\"@type\":\"ListItem\",\"position\":2,\"name\":\"Asiakaspalvelu\",\"item\":\"https:\\\/\\\/www.kktavastia.fi\\\/vanajaveden-opisto\\\/asiakaspalvelu\\\/\"},{\"@type\":\"ListItem\",\"position\":3,\"name\":\"Yhteystiedot ja aukioloajat\"}]},{\"@type\":\"WebSite\",\"@id\":\"https:\\\/\\\/www.kktavastia.fi\\\/vanajaveden-opisto\\\/#website\",\"url\":\"https:\\\/\\\/www.kktavastia.fi\\\/vanajaveden-opisto\\\/\",\"name\":\"Vanajaveden Opisto\",\"description\":\"\",\"potentialAction\":[{\"@type\":\"SearchAction\",\"target\":{\"@type\":\"EntryPoint\",\"urlTemplate\":\"https:\\\/\\\/www.kktavastia.fi\\\/vanajaveden-opisto\\\/?s={search_term_string}\"},\"query-input\":{\"@type\":\"PropertyValueSpecification\",\"valueRequired\":true,\"valueName\":\"search_term_string\"}}],\"inLanguage\":\"fi\"}]}<\/script>","yoast_head_json":{"title":"VOP Toimisto | Vanajaveden Opisto | Toimisto | Yhteystiedot ja aukioloajat","description":"VOP Toimisto: yhteystiedot ja aukioloajat l\u00f6yd\u00e4t t\u00e4\u00e4lt\u00e4. Vanajaveden Opiston toimisto sijaitsee Jaakonkadulla.","robots":{"index":"index","follow":"follow","max-snippet":"max-snippet:-1","max-image-preview":"max-image-preview:large","max-video-preview":"max-video-preview:-1"},"canonical":"https:\/\/www.kktavastia.fi\/vanajaveden-opisto\/asiakaspalvelu\/toimisto\/","og_locale":"fi_FI","og_type":"article","og_title":"VOP Toimisto | Vanajaveden Opisto | Toimisto | Yhteystiedot ja aukioloajat","og_description":"VOP Toimisto: yhteystiedot ja aukioloajat l\u00f6yd\u00e4t t\u00e4\u00e4lt\u00e4. Vanajaveden Opiston toimisto sijaitsee Jaakonkadulla.","og_url":"https:\/\/www.kktavastia.fi\/vanajaveden-opisto\/asiakaspalvelu\/toimisto\/","og_site_name":"Vanajaveden Opisto","article_modified_time":"2026-01-27T12:22:43+00:00","og_image":[{"width":960,"height":916,"url":"https:\/\/www.kktavastia.fi\/media\/sites\/3\/image-1.png","type":"image\/png"}],"twitter_card":"summary_large_image","schema":{"@context":"https:\/\/schema.org","@graph":[{"@type":"WebPage","@id":"https:\/\/www.kktavastia.fi\/vanajaveden-opisto\/asiakaspalvelu\/toimisto\/","url":"https:\/\/www.kktavastia.fi\/vanajaveden-opisto\/asiakaspalvelu\/toimisto\/","name":"VOP Toimisto | Vanajaveden Opisto | Toimisto | Yhteystiedot ja aukioloajat","isPartOf":{"@id":"https:\/\/www.kktavastia.fi\/vanajaveden-opisto\/#website"},"primaryImageOfPage":{"@id":"https:\/\/www.kktavastia.fi\/vanajaveden-opisto\/asiakaspalvelu\/toimisto\/#primaryimage"},"image":{"@id":"https:\/\/www.kktavastia.fi\/vanajaveden-opisto\/asiakaspalvelu\/toimisto\/#primaryimage"},"thumbnailUrl":"https:\/\/www.kktavastia.fi\/media\/sites\/3\/image-1.png","datePublished":"2020-12-09T11:25:58+00:00","dateModified":"2026-01-27T12:22:43+00:00","description":"VOP Toimisto: yhteystiedot ja aukioloajat l\u00f6yd\u00e4t t\u00e4\u00e4lt\u00e4. Vanajaveden Opiston toimisto sijaitsee Jaakonkadulla.","breadcrumb":{"@id":"https:\/\/www.kktavastia.fi\/vanajaveden-opisto\/asiakaspalvelu\/toimisto\/#breadcrumb"},"inLanguage":"fi","potentialAction":[{"@type":"ReadAction","target":["https:\/\/www.kktavastia.fi\/vanajaveden-opisto\/asiakaspalvelu\/toimisto\/"]}]},{"@type":"ImageObject","inLanguage":"fi","@id":"https:\/\/www.kktavastia.fi\/vanajaveden-opisto\/asiakaspalvelu\/toimisto\/#primaryimage","url":"https:\/\/www.kktavastia.fi\/media\/sites\/3\/image-1.png","contentUrl":"https:\/\/www.kktavastia.fi\/media\/sites\/3\/image-1.png"},{"@type":"BreadcrumbList","@id":"https:\/\/www.kktavastia.fi\/vanajaveden-opisto\/asiakaspalvelu\/toimisto\/#breadcrumb","itemListElement":[{"@type":"ListItem","position":1,"name":"Home","item":"https:\/\/www.kktavastia.fi\/vanajaveden-opisto\/"},{"@type":"ListItem","position":2,"name":"Asiakaspalvelu","item":"https:\/\/www.kktavastia.fi\/vanajaveden-opisto\/asiakaspalvelu\/"},{"@type":"ListItem","position":3,"name":"Yhteystiedot ja aukioloajat"}]},{"@type":"WebSite","@id":"https:\/\/www.kktavastia.fi\/vanajaveden-opisto\/#website","url":"https:\/\/www.kktavastia.fi\/vanajaveden-opisto\/","name":"Vanajaveden Opisto","description":"","potentialAction":[{"@type":"SearchAction","target":{"@type":"EntryPoint","urlTemplate":"https:\/\/www.kktavastia.fi\/vanajaveden-opisto\/?s={search_term_string}"},"query-input":{"@type":"PropertyValueSpecification","valueRequired":true,"valueName":"search_term_string"}}],"inLanguage":"fi"}]}},"_links":{"self":[{"href":"https:\/\/www.kktavastia.fi\/vanajaveden-opisto\/wp-json\/wp\/v2\/pages\/780","targetHints":{"allow":["GET"]}}],"collection":[{"href":"https:\/\/www.kktavastia.fi\/vanajaveden-opisto\/wp-json\/wp\/v2\/pages"}],"about":[{"href":"https:\/\/www.kktavastia.fi\/vanajaveden-opisto\/wp-json\/wp\/v2\/types\/page"}],"author":[{"embeddable":true,"href":"https:\/\/www.kktavastia.fi\/vanajaveden-opisto\/wp-json\/wp\/v2\/users\/4"}],"replies":[{"embeddable":true,"href":"https:\/\/www.kktavastia.fi\/vanajaveden-opisto\/wp-json\/wp\/v2\/comments?post=780"}],"version-history":[{"count":25,"href":"https:\/\/www.kktavastia.fi\/vanajaveden-opisto\/wp-json\/wp\/v2\/pages\/780\/revisions"}],"predecessor-version":[{"id":22003,"href":"https:\/\/www.kktavastia.fi\/vanajaveden-opisto\/wp-json\/wp\/v2\/pages\/780\/revisions\/22003"}],"up":[{"embeddable":true,"href":"https:\/\/www.kktavastia.fi\/vanajaveden-opisto\/wp-json\/wp\/v2\/pages\/724"}],"wp:attachment":[{"href":"https:\/\/www.kktavastia.fi\/vanajaveden-opisto\/wp-json\/wp\/v2\/media?parent=780"}],"curies":[{"name":"wp","href":"https:\/\/api.w.org\/{rel}","templated":true}]}}