{"id":7782,"date":"2021-02-10T11:12:10","date_gmt":"2021-02-10T09:12:10","guid":{"rendered":"https:\/\/kktavastia.vaiheessa.fi\/vanajaveden-opisto\/?page_id=7782"},"modified":"2021-02-15T16:22:43","modified_gmt":"2021-02-15T14:22:43","slug":"lisatietoja-kursseista","status":"publish","type":"page","link":"https:\/\/www.kktavastia.fi\/vanajaveden-opisto\/tietoa-opistosta\/lisatietoja-kursseista\/","title":{"rendered":"Lis\u00e4tietoja kursseista"},"content":{"rendered":"\n<p>VOPin opiskelu- ja harrastusmahdollisuuksista l\u00f6ytyy kaikki olennainen tieto <em>Kurssit<\/em>-p\u00e4\u00e4valikon kautta kunkin ainealueen kohdalta. Siell\u00e4 on my\u00f6s linkit t\u00e4m\u00e4n sivun alla oleviin tiedostoihin.  <\/p>\n","protected":false},"excerpt":{"rendered":"<p>VOPin opiskelu- ja harrastusmahdollisuuksista l\u00f6ytyy kaikki olennainen tieto Kurssit-p\u00e4\u00e4valikon kautta kunkin ainealueen kohdalta. Siell\u00e4 on my\u00f6s linkit t\u00e4m\u00e4n sivun alla [&hellip;]<\/p>\n","protected":false},"author":4,"featured_media":0,"parent":732,"menu_order":6,"comment_status":"closed","ping_status":"closed","template":"","meta":{"_acf_changed":false,"_relevanssi_hide_post":"","_relevanssi_hide_content":"","_relevanssi_pin_for_all":"","_relevanssi_pin_keywords":"","_relevanssi_unpin_keywords":"","_relevanssi_related_keywords":"","_relevanssi_related_include_ids":"","_relevanssi_related_exclude_ids":"","_relevanssi_related_no_append":"","_relevanssi_related_not_related":"","_relevanssi_related_posts":"","_relevanssi_noindex_reason":"","footnotes":""},"class_list":["post-7782","page","type-page","status-publish","hentry"],"acf":[],"yoast_head":"<title>Lis\u00e4tietoja kursseista - Vanajaveden Opisto<\/title>\n<meta name=\"robots\" content=\"index, follow, max-snippet:-1, max-image-preview:large, max-video-preview:-1\" \/>\n<link rel=\"canonical\" href=\"https:\/\/www.kktavastia.fi\/vanajaveden-opisto\/tietoa-opistosta\/lisatietoja-kursseista\/\" \/>\n<meta property=\"og:locale\" content=\"fi_FI\" \/>\n<meta property=\"og:type\" content=\"article\" \/>\n<meta property=\"og:title\" content=\"Lis\u00e4tietoja kursseista - Vanajaveden Opisto\" \/>\n<meta property=\"og:description\" content=\"VOPin opiskelu- ja harrastusmahdollisuuksista l\u00f6ytyy kaikki olennainen tieto Kurssit-p\u00e4\u00e4valikon kautta kunkin ainealueen kohdalta. Siell\u00e4 on my\u00f6s linkit t\u00e4m\u00e4n sivun alla [&hellip;]\" \/>\n<meta property=\"og:url\" content=\"https:\/\/www.kktavastia.fi\/vanajaveden-opisto\/tietoa-opistosta\/lisatietoja-kursseista\/\" \/>\n<meta property=\"og:site_name\" content=\"Vanajaveden Opisto\" \/>\n<meta property=\"article:modified_time\" content=\"2021-02-15T14:22:43+00:00\" \/>\n<meta name=\"twitter:card\" content=\"summary_large_image\" \/>\n<script type=\"application\/ld+json\" class=\"yoast-schema-graph\">{\"@context\":\"https:\\\/\\\/schema.org\",\"@graph\":[{\"@type\":\"WebPage\",\"@id\":\"https:\\\/\\\/www.kktavastia.fi\\\/vanajaveden-opisto\\\/tietoa-opistosta\\\/lisatietoja-kursseista\\\/\",\"url\":\"https:\\\/\\\/www.kktavastia.fi\\\/vanajaveden-opisto\\\/tietoa-opistosta\\\/lisatietoja-kursseista\\\/\",\"name\":\"Lis\u00e4tietoja kursseista - Vanajaveden Opisto\",\"isPartOf\":{\"@id\":\"https:\\\/\\\/www.kktavastia.fi\\\/vanajaveden-opisto\\\/#website\"},\"datePublished\":\"2021-02-10T09:12:10+00:00\",\"dateModified\":\"2021-02-15T14:22:43+00:00\",\"breadcrumb\":{\"@id\":\"https:\\\/\\\/www.kktavastia.fi\\\/vanajaveden-opisto\\\/tietoa-opistosta\\\/lisatietoja-kursseista\\\/#breadcrumb\"},\"inLanguage\":\"fi\",\"potentialAction\":[{\"@type\":\"ReadAction\",\"target\":[\"https:\\\/\\\/www.kktavastia.fi\\\/vanajaveden-opisto\\\/tietoa-opistosta\\\/lisatietoja-kursseista\\\/\"]}]},{\"@type\":\"BreadcrumbList\",\"@id\":\"https:\\\/\\\/www.kktavastia.fi\\\/vanajaveden-opisto\\\/tietoa-opistosta\\\/lisatietoja-kursseista\\\/#breadcrumb\",\"itemListElement\":[{\"@type\":\"ListItem\",\"position\":1,\"name\":\"Home\",\"item\":\"https:\\\/\\\/www.kktavastia.fi\\\/vanajaveden-opisto\\\/\"},{\"@type\":\"ListItem\",\"position\":2,\"name\":\"Tietoa opistosta\",\"item\":\"https:\\\/\\\/www.kktavastia.fi\\\/vanajaveden-opisto\\\/tietoa-opistosta\\\/\"},{\"@type\":\"ListItem\",\"position\":3,\"name\":\"Lis\u00e4tietoja kursseista\"}]},{\"@type\":\"WebSite\",\"@id\":\"https:\\\/\\\/www.kktavastia.fi\\\/vanajaveden-opisto\\\/#website\",\"url\":\"https:\\\/\\\/www.kktavastia.fi\\\/vanajaveden-opisto\\\/\",\"name\":\"Vanajaveden Opisto\",\"description\":\"\",\"potentialAction\":[{\"@type\":\"SearchAction\",\"target\":{\"@type\":\"EntryPoint\",\"urlTemplate\":\"https:\\\/\\\/www.kktavastia.fi\\\/vanajaveden-opisto\\\/?s={search_term_string}\"},\"query-input\":{\"@type\":\"PropertyValueSpecification\",\"valueRequired\":true,\"valueName\":\"search_term_string\"}}],\"inLanguage\":\"fi\"}]}<\/script>","yoast_head_json":{"title":"Lis\u00e4tietoja kursseista - Vanajaveden Opisto","robots":{"index":"index","follow":"follow","max-snippet":"max-snippet:-1","max-image-preview":"max-image-preview:large","max-video-preview":"max-video-preview:-1"},"canonical":"https:\/\/www.kktavastia.fi\/vanajaveden-opisto\/tietoa-opistosta\/lisatietoja-kursseista\/","og_locale":"fi_FI","og_type":"article","og_title":"Lis\u00e4tietoja kursseista - Vanajaveden Opisto","og_description":"VOPin opiskelu- ja harrastusmahdollisuuksista l\u00f6ytyy kaikki olennainen tieto Kurssit-p\u00e4\u00e4valikon kautta kunkin ainealueen kohdalta. Siell\u00e4 on my\u00f6s linkit t\u00e4m\u00e4n sivun alla [&hellip;]","og_url":"https:\/\/www.kktavastia.fi\/vanajaveden-opisto\/tietoa-opistosta\/lisatietoja-kursseista\/","og_site_name":"Vanajaveden Opisto","article_modified_time":"2021-02-15T14:22:43+00:00","twitter_card":"summary_large_image","schema":{"@context":"https:\/\/schema.org","@graph":[{"@type":"WebPage","@id":"https:\/\/www.kktavastia.fi\/vanajaveden-opisto\/tietoa-opistosta\/lisatietoja-kursseista\/","url":"https:\/\/www.kktavastia.fi\/vanajaveden-opisto\/tietoa-opistosta\/lisatietoja-kursseista\/","name":"Lis\u00e4tietoja kursseista - Vanajaveden Opisto","isPartOf":{"@id":"https:\/\/www.kktavastia.fi\/vanajaveden-opisto\/#website"},"datePublished":"2021-02-10T09:12:10+00:00","dateModified":"2021-02-15T14:22:43+00:00","breadcrumb":{"@id":"https:\/\/www.kktavastia.fi\/vanajaveden-opisto\/tietoa-opistosta\/lisatietoja-kursseista\/#breadcrumb"},"inLanguage":"fi","potentialAction":[{"@type":"ReadAction","target":["https:\/\/www.kktavastia.fi\/vanajaveden-opisto\/tietoa-opistosta\/lisatietoja-kursseista\/"]}]},{"@type":"BreadcrumbList","@id":"https:\/\/www.kktavastia.fi\/vanajaveden-opisto\/tietoa-opistosta\/lisatietoja-kursseista\/#breadcrumb","itemListElement":[{"@type":"ListItem","position":1,"name":"Home","item":"https:\/\/www.kktavastia.fi\/vanajaveden-opisto\/"},{"@type":"ListItem","position":2,"name":"Tietoa opistosta","item":"https:\/\/www.kktavastia.fi\/vanajaveden-opisto\/tietoa-opistosta\/"},{"@type":"ListItem","position":3,"name":"Lis\u00e4tietoja kursseista"}]},{"@type":"WebSite","@id":"https:\/\/www.kktavastia.fi\/vanajaveden-opisto\/#website","url":"https:\/\/www.kktavastia.fi\/vanajaveden-opisto\/","name":"Vanajaveden Opisto","description":"","potentialAction":[{"@type":"SearchAction","target":{"@type":"EntryPoint","urlTemplate":"https:\/\/www.kktavastia.fi\/vanajaveden-opisto\/?s={search_term_string}"},"query-input":{"@type":"PropertyValueSpecification","valueRequired":true,"valueName":"search_term_string"}}],"inLanguage":"fi"}]}},"_links":{"self":[{"href":"https:\/\/www.kktavastia.fi\/vanajaveden-opisto\/wp-json\/wp\/v2\/pages\/7782","targetHints":{"allow":["GET"]}}],"collection":[{"href":"https:\/\/www.kktavastia.fi\/vanajaveden-opisto\/wp-json\/wp\/v2\/pages"}],"about":[{"href":"https:\/\/www.kktavastia.fi\/vanajaveden-opisto\/wp-json\/wp\/v2\/types\/page"}],"author":[{"embeddable":true,"href":"https:\/\/www.kktavastia.fi\/vanajaveden-opisto\/wp-json\/wp\/v2\/users\/4"}],"replies":[{"embeddable":true,"href":"https:\/\/www.kktavastia.fi\/vanajaveden-opisto\/wp-json\/wp\/v2\/comments?post=7782"}],"version-history":[{"count":3,"href":"https:\/\/www.kktavastia.fi\/vanajaveden-opisto\/wp-json\/wp\/v2\/pages\/7782\/revisions"}],"predecessor-version":[{"id":7917,"href":"https:\/\/www.kktavastia.fi\/vanajaveden-opisto\/wp-json\/wp\/v2\/pages\/7782\/revisions\/7917"}],"up":[{"embeddable":true,"href":"https:\/\/www.kktavastia.fi\/vanajaveden-opisto\/wp-json\/wp\/v2\/pages\/732"}],"wp:attachment":[{"href":"https:\/\/www.kktavastia.fi\/vanajaveden-opisto\/wp-json\/wp\/v2\/media?parent=7782"}],"curies":[{"name":"wp","href":"https:\/\/api.w.org\/{rel}","templated":true}]}}