{"id":768,"date":"2020-12-09T13:18:15","date_gmt":"2020-12-09T11:18:15","guid":{"rendered":"https:\/\/kktavastia.vaiheessa.fi\/vanajaveden-opisto\/?page_id=768"},"modified":"2025-02-21T09:52:37","modified_gmt":"2025-02-21T07:52:37","slug":"auditorion-vuokraus","status":"publish","type":"page","link":"https:\/\/www.kktavastia.fi\/vanajaveden-opisto\/asiakaspalvelu\/auditorion-vuokraus\/","title":{"rendered":"Auditorion vuokraus"},"content":{"rendered":"\n<h3 class=\"wp-block-heading\">VOPin auditorio, Jaakonkatu 28<\/h3>\n\n\n\n<h4 class=\"wp-block-heading\">Vuokraamme 160-paikkaista auditoriotamme tilaisuuksiisi! <\/h4>\n\n\n\n<h4 class=\"wp-block-heading\">Vuokrahinnat<\/h4>\n\n\n\n<ul class=\"wp-block-list\">\n<li>210 \u20ac\/1\u20135 tuntia (sis. alv 25,5 %)<\/li>\n\n\n\n<li>310 \u20ac\/yli 5 tuntia (sis. alv 25,5 %)<br>Vahtimestari yms. kulut veloitetaan erikseen.<\/li>\n<\/ul>\n\n\n\n<p><strong>Huom!<\/strong> Auditorion varausaika&nbsp;ma\u2013to&nbsp;klo 20.30 asti.<\/p>\n\n\n\n<h4 class=\"wp-block-heading\">Kysy lis\u00e4\u00e4<\/h4>\n\n\n\n<p>puh. 03 6581 800 tai vop.toimisto@kktavastia.fi<\/p>\n\n\n\n<p><\/p>\n","protected":false},"excerpt":{"rendered":"<p>VOPin auditorio, Jaakonkatu 28 Vuokraamme 160-paikkaista auditoriotamme tilaisuuksiisi! Vuokrahinnat Huom! Auditorion varausaika&nbsp;ma\u2013to&nbsp;klo 20.30 asti. Kysy lis\u00e4\u00e4 puh. 03 6581 800 [&hellip;]<\/p>\n","protected":false},"author":4,"featured_media":0,"parent":724,"menu_order":5,"comment_status":"closed","ping_status":"closed","template":"","meta":{"_acf_changed":false,"_relevanssi_hide_post":"","_relevanssi_hide_content":"","_relevanssi_pin_for_all":"","_relevanssi_pin_keywords":"","_relevanssi_unpin_keywords":"","_relevanssi_related_keywords":"","_relevanssi_related_include_ids":"","_relevanssi_related_exclude_ids":"","_relevanssi_related_no_append":"","_relevanssi_related_not_related":"","_relevanssi_related_posts":"724,741,12201,7782,766,802","_relevanssi_noindex_reason":"","footnotes":""},"class_list":["post-768","page","type-page","status-publish","hentry"],"acf":[],"yoast_head":"<title>Auditorio H\u00e4meenlinna | Vanajaveden Opiston audiotorio | Vuokraus<\/title>\n<meta name=\"description\" content=\"Auditorio H\u00e4meenlinnassa: vuokraa Vanajaveden Opiston auditorio. VOPin auditorio sijaitsee Jaakonkadulla l\u00e4hell\u00e4 keskustaa. Tutustu lis\u00e4\u00e4!\" \/>\n<meta name=\"robots\" content=\"index, follow, max-snippet:-1, max-image-preview:large, max-video-preview:-1\" \/>\n<link rel=\"canonical\" href=\"https:\/\/www.kktavastia.fi\/vanajaveden-opisto\/asiakaspalvelu\/auditorion-vuokraus\/\" \/>\n<meta property=\"og:locale\" content=\"fi_FI\" \/>\n<meta property=\"og:type\" content=\"article\" \/>\n<meta property=\"og:title\" content=\"Auditorio H\u00e4meenlinna | Vanajaveden Opiston audiotorio | Vuokraus\" \/>\n<meta property=\"og:description\" content=\"Auditorio H\u00e4meenlinnassa: vuokraa Vanajaveden Opiston auditorio. VOPin auditorio sijaitsee Jaakonkadulla l\u00e4hell\u00e4 keskustaa. Tutustu lis\u00e4\u00e4!\" \/>\n<meta property=\"og:url\" content=\"https:\/\/www.kktavastia.fi\/vanajaveden-opisto\/asiakaspalvelu\/auditorion-vuokraus\/\" \/>\n<meta property=\"og:site_name\" content=\"Vanajaveden Opisto\" \/>\n<meta property=\"article:modified_time\" content=\"2025-02-21T07:52:37+00:00\" \/>\n<meta name=\"twitter:card\" content=\"summary_large_image\" \/>\n<script type=\"application\/ld+json\" class=\"yoast-schema-graph\">{\"@context\":\"https:\\\/\\\/schema.org\",\"@graph\":[{\"@type\":\"WebPage\",\"@id\":\"https:\\\/\\\/www.kktavastia.fi\\\/vanajaveden-opisto\\\/asiakaspalvelu\\\/auditorion-vuokraus\\\/\",\"url\":\"https:\\\/\\\/www.kktavastia.fi\\\/vanajaveden-opisto\\\/asiakaspalvelu\\\/auditorion-vuokraus\\\/\",\"name\":\"Auditorio H\u00e4meenlinna | Vanajaveden Opiston audiotorio | Vuokraus\",\"isPartOf\":{\"@id\":\"https:\\\/\\\/www.kktavastia.fi\\\/vanajaveden-opisto\\\/#website\"},\"datePublished\":\"2020-12-09T11:18:15+00:00\",\"dateModified\":\"2025-02-21T07:52:37+00:00\",\"description\":\"Auditorio H\u00e4meenlinnassa: vuokraa Vanajaveden Opiston auditorio. VOPin auditorio sijaitsee Jaakonkadulla l\u00e4hell\u00e4 keskustaa. Tutustu lis\u00e4\u00e4!\",\"breadcrumb\":{\"@id\":\"https:\\\/\\\/www.kktavastia.fi\\\/vanajaveden-opisto\\\/asiakaspalvelu\\\/auditorion-vuokraus\\\/#breadcrumb\"},\"inLanguage\":\"fi\",\"potentialAction\":[{\"@type\":\"ReadAction\",\"target\":[\"https:\\\/\\\/www.kktavastia.fi\\\/vanajaveden-opisto\\\/asiakaspalvelu\\\/auditorion-vuokraus\\\/\"]}]},{\"@type\":\"BreadcrumbList\",\"@id\":\"https:\\\/\\\/www.kktavastia.fi\\\/vanajaveden-opisto\\\/asiakaspalvelu\\\/auditorion-vuokraus\\\/#breadcrumb\",\"itemListElement\":[{\"@type\":\"ListItem\",\"position\":1,\"name\":\"Home\",\"item\":\"https:\\\/\\\/www.kktavastia.fi\\\/vanajaveden-opisto\\\/\"},{\"@type\":\"ListItem\",\"position\":2,\"name\":\"Asiakaspalvelu\",\"item\":\"https:\\\/\\\/www.kktavastia.fi\\\/vanajaveden-opisto\\\/asiakaspalvelu\\\/\"},{\"@type\":\"ListItem\",\"position\":3,\"name\":\"Auditorion vuokraus\"}]},{\"@type\":\"WebSite\",\"@id\":\"https:\\\/\\\/www.kktavastia.fi\\\/vanajaveden-opisto\\\/#website\",\"url\":\"https:\\\/\\\/www.kktavastia.fi\\\/vanajaveden-opisto\\\/\",\"name\":\"Vanajaveden Opisto\",\"description\":\"\",\"potentialAction\":[{\"@type\":\"SearchAction\",\"target\":{\"@type\":\"EntryPoint\",\"urlTemplate\":\"https:\\\/\\\/www.kktavastia.fi\\\/vanajaveden-opisto\\\/?s={search_term_string}\"},\"query-input\":{\"@type\":\"PropertyValueSpecification\",\"valueRequired\":true,\"valueName\":\"search_term_string\"}}],\"inLanguage\":\"fi\"}]}<\/script>","yoast_head_json":{"title":"Auditorio H\u00e4meenlinna | Vanajaveden Opiston audiotorio | Vuokraus","description":"Auditorio H\u00e4meenlinnassa: vuokraa Vanajaveden Opiston auditorio. VOPin auditorio sijaitsee Jaakonkadulla l\u00e4hell\u00e4 keskustaa. Tutustu lis\u00e4\u00e4!","robots":{"index":"index","follow":"follow","max-snippet":"max-snippet:-1","max-image-preview":"max-image-preview:large","max-video-preview":"max-video-preview:-1"},"canonical":"https:\/\/www.kktavastia.fi\/vanajaveden-opisto\/asiakaspalvelu\/auditorion-vuokraus\/","og_locale":"fi_FI","og_type":"article","og_title":"Auditorio H\u00e4meenlinna | Vanajaveden Opiston audiotorio | Vuokraus","og_description":"Auditorio H\u00e4meenlinnassa: vuokraa Vanajaveden Opiston auditorio. VOPin auditorio sijaitsee Jaakonkadulla l\u00e4hell\u00e4 keskustaa. Tutustu lis\u00e4\u00e4!","og_url":"https:\/\/www.kktavastia.fi\/vanajaveden-opisto\/asiakaspalvelu\/auditorion-vuokraus\/","og_site_name":"Vanajaveden Opisto","article_modified_time":"2025-02-21T07:52:37+00:00","twitter_card":"summary_large_image","schema":{"@context":"https:\/\/schema.org","@graph":[{"@type":"WebPage","@id":"https:\/\/www.kktavastia.fi\/vanajaveden-opisto\/asiakaspalvelu\/auditorion-vuokraus\/","url":"https:\/\/www.kktavastia.fi\/vanajaveden-opisto\/asiakaspalvelu\/auditorion-vuokraus\/","name":"Auditorio H\u00e4meenlinna | Vanajaveden Opiston audiotorio | Vuokraus","isPartOf":{"@id":"https:\/\/www.kktavastia.fi\/vanajaveden-opisto\/#website"},"datePublished":"2020-12-09T11:18:15+00:00","dateModified":"2025-02-21T07:52:37+00:00","description":"Auditorio H\u00e4meenlinnassa: vuokraa Vanajaveden Opiston auditorio. VOPin auditorio sijaitsee Jaakonkadulla l\u00e4hell\u00e4 keskustaa. Tutustu lis\u00e4\u00e4!","breadcrumb":{"@id":"https:\/\/www.kktavastia.fi\/vanajaveden-opisto\/asiakaspalvelu\/auditorion-vuokraus\/#breadcrumb"},"inLanguage":"fi","potentialAction":[{"@type":"ReadAction","target":["https:\/\/www.kktavastia.fi\/vanajaveden-opisto\/asiakaspalvelu\/auditorion-vuokraus\/"]}]},{"@type":"BreadcrumbList","@id":"https:\/\/www.kktavastia.fi\/vanajaveden-opisto\/asiakaspalvelu\/auditorion-vuokraus\/#breadcrumb","itemListElement":[{"@type":"ListItem","position":1,"name":"Home","item":"https:\/\/www.kktavastia.fi\/vanajaveden-opisto\/"},{"@type":"ListItem","position":2,"name":"Asiakaspalvelu","item":"https:\/\/www.kktavastia.fi\/vanajaveden-opisto\/asiakaspalvelu\/"},{"@type":"ListItem","position":3,"name":"Auditorion vuokraus"}]},{"@type":"WebSite","@id":"https:\/\/www.kktavastia.fi\/vanajaveden-opisto\/#website","url":"https:\/\/www.kktavastia.fi\/vanajaveden-opisto\/","name":"Vanajaveden Opisto","description":"","potentialAction":[{"@type":"SearchAction","target":{"@type":"EntryPoint","urlTemplate":"https:\/\/www.kktavastia.fi\/vanajaveden-opisto\/?s={search_term_string}"},"query-input":{"@type":"PropertyValueSpecification","valueRequired":true,"valueName":"search_term_string"}}],"inLanguage":"fi"}]}},"_links":{"self":[{"href":"https:\/\/www.kktavastia.fi\/vanajaveden-opisto\/wp-json\/wp\/v2\/pages\/768","targetHints":{"allow":["GET"]}}],"collection":[{"href":"https:\/\/www.kktavastia.fi\/vanajaveden-opisto\/wp-json\/wp\/v2\/pages"}],"about":[{"href":"https:\/\/www.kktavastia.fi\/vanajaveden-opisto\/wp-json\/wp\/v2\/types\/page"}],"author":[{"embeddable":true,"href":"https:\/\/www.kktavastia.fi\/vanajaveden-opisto\/wp-json\/wp\/v2\/users\/4"}],"replies":[{"embeddable":true,"href":"https:\/\/www.kktavastia.fi\/vanajaveden-opisto\/wp-json\/wp\/v2\/comments?post=768"}],"version-history":[{"count":18,"href":"https:\/\/www.kktavastia.fi\/vanajaveden-opisto\/wp-json\/wp\/v2\/pages\/768\/revisions"}],"predecessor-version":[{"id":19631,"href":"https:\/\/www.kktavastia.fi\/vanajaveden-opisto\/wp-json\/wp\/v2\/pages\/768\/revisions\/19631"}],"up":[{"embeddable":true,"href":"https:\/\/www.kktavastia.fi\/vanajaveden-opisto\/wp-json\/wp\/v2\/pages\/724"}],"wp:attachment":[{"href":"https:\/\/www.kktavastia.fi\/vanajaveden-opisto\/wp-json\/wp\/v2\/media?parent=768"}],"curies":[{"name":"wp","href":"https:\/\/api.w.org\/{rel}","templated":true}]}}