{"id":766,"date":"2020-12-09T13:15:54","date_gmt":"2020-12-09T11:15:54","guid":{"rendered":"https:\/\/kktavastia.vaiheessa.fi\/vanajaveden-opisto\/?page_id=766"},"modified":"2026-03-25T14:57:22","modified_gmt":"2026-03-25T12:57:22","slug":"kehittamishankkeet","status":"publish","type":"page","link":"https:\/\/www.kktavastia.fi\/vanajaveden-opisto\/kehitystyo\/kehittamishankkeet\/","title":{"rendered":"Kehitt\u00e4mishankkeet"},"content":{"rendered":"","protected":false},"excerpt":{"rendered":"","protected":false},"author":4,"featured_media":0,"parent":726,"menu_order":3,"comment_status":"closed","ping_status":"closed","template":"template-modular.php","meta":{"_acf_changed":false,"_relevanssi_hide_post":"","_relevanssi_hide_content":"","_relevanssi_pin_for_all":"","_relevanssi_pin_keywords":"","_relevanssi_unpin_keywords":"","_relevanssi_related_keywords":"","_relevanssi_related_include_ids":"0","_relevanssi_related_exclude_ids":"","_relevanssi_related_no_append":"","_relevanssi_related_not_related":"","_relevanssi_related_posts":"7022,21355,7,732,7525,7000","_relevanssi_noindex_reason":"","footnotes":""},"class_list":["post-766","page","type-page","status-publish","hentry"],"acf":[],"yoast_head":"<title>Kehitt\u00e4mishankkeet VOPissa | Vanajaveden Opiston kehitt\u00e4mishankkeet<\/title>\n<meta name=\"description\" content=\"Kehitt\u00e4mishankkeet VOPissa: Vanajaveden Opistossa on k\u00e4ynniss\u00e4 erilaisia kehitt\u00e4mishankkeita, joilla tavoitellaan toimivampaa arkea.\" \/>\n<meta name=\"robots\" content=\"index, follow, max-snippet:-1, max-image-preview:large, max-video-preview:-1\" \/>\n<link rel=\"canonical\" href=\"https:\/\/www.kktavastia.fi\/vanajaveden-opisto\/kehitystyo\/kehittamishankkeet\/\" \/>\n<meta property=\"og:locale\" content=\"fi_FI\" \/>\n<meta property=\"og:type\" content=\"article\" \/>\n<meta property=\"og:title\" content=\"Kehitt\u00e4mishankkeet VOPissa | Vanajaveden Opiston kehitt\u00e4mishankkeet\" \/>\n<meta property=\"og:description\" content=\"Kehitt\u00e4mishankkeet VOPissa: Vanajaveden Opistossa on k\u00e4ynniss\u00e4 erilaisia kehitt\u00e4mishankkeita, joilla tavoitellaan toimivampaa arkea.\" \/>\n<meta property=\"og:url\" content=\"https:\/\/www.kktavastia.fi\/vanajaveden-opisto\/kehitystyo\/kehittamishankkeet\/\" \/>\n<meta property=\"og:site_name\" content=\"Vanajaveden Opisto\" \/>\n<meta property=\"article:modified_time\" content=\"2026-03-25T12:57:22+00:00\" \/>\n<meta name=\"twitter:card\" content=\"summary_large_image\" \/>\n<script type=\"application\/ld+json\" class=\"yoast-schema-graph\">{\"@context\":\"https:\\\/\\\/schema.org\",\"@graph\":[{\"@type\":\"WebPage\",\"@id\":\"https:\\\/\\\/www.kktavastia.fi\\\/vanajaveden-opisto\\\/kehitystyo\\\/kehittamishankkeet\\\/\",\"url\":\"https:\\\/\\\/www.kktavastia.fi\\\/vanajaveden-opisto\\\/kehitystyo\\\/kehittamishankkeet\\\/\",\"name\":\"Kehitt\u00e4mishankkeet VOPissa | Vanajaveden Opiston kehitt\u00e4mishankkeet\",\"isPartOf\":{\"@id\":\"https:\\\/\\\/www.kktavastia.fi\\\/vanajaveden-opisto\\\/#website\"},\"datePublished\":\"2020-12-09T11:15:54+00:00\",\"dateModified\":\"2026-03-25T12:57:22+00:00\",\"description\":\"Kehitt\u00e4mishankkeet VOPissa: Vanajaveden Opistossa on k\u00e4ynniss\u00e4 erilaisia kehitt\u00e4mishankkeita, joilla tavoitellaan toimivampaa arkea.\",\"breadcrumb\":{\"@id\":\"https:\\\/\\\/www.kktavastia.fi\\\/vanajaveden-opisto\\\/kehitystyo\\\/kehittamishankkeet\\\/#breadcrumb\"},\"inLanguage\":\"fi\",\"potentialAction\":[{\"@type\":\"ReadAction\",\"target\":[\"https:\\\/\\\/www.kktavastia.fi\\\/vanajaveden-opisto\\\/kehitystyo\\\/kehittamishankkeet\\\/\"]}]},{\"@type\":\"BreadcrumbList\",\"@id\":\"https:\\\/\\\/www.kktavastia.fi\\\/vanajaveden-opisto\\\/kehitystyo\\\/kehittamishankkeet\\\/#breadcrumb\",\"itemListElement\":[{\"@type\":\"ListItem\",\"position\":1,\"name\":\"Home\",\"item\":\"https:\\\/\\\/www.kktavastia.fi\\\/vanajaveden-opisto\\\/\"},{\"@type\":\"ListItem\",\"position\":2,\"name\":\"Kehitysty\u00f6\",\"item\":\"https:\\\/\\\/www.kktavastia.fi\\\/vanajaveden-opisto\\\/kehitystyo\\\/\"},{\"@type\":\"ListItem\",\"position\":3,\"name\":\"Kehitt\u00e4mishankkeet\"}]},{\"@type\":\"WebSite\",\"@id\":\"https:\\\/\\\/www.kktavastia.fi\\\/vanajaveden-opisto\\\/#website\",\"url\":\"https:\\\/\\\/www.kktavastia.fi\\\/vanajaveden-opisto\\\/\",\"name\":\"Vanajaveden Opisto\",\"description\":\"\",\"potentialAction\":[{\"@type\":\"SearchAction\",\"target\":{\"@type\":\"EntryPoint\",\"urlTemplate\":\"https:\\\/\\\/www.kktavastia.fi\\\/vanajaveden-opisto\\\/?s={search_term_string}\"},\"query-input\":{\"@type\":\"PropertyValueSpecification\",\"valueRequired\":true,\"valueName\":\"search_term_string\"}}],\"inLanguage\":\"fi\"}]}<\/script>","yoast_head_json":{"title":"Kehitt\u00e4mishankkeet VOPissa | Vanajaveden Opiston kehitt\u00e4mishankkeet","description":"Kehitt\u00e4mishankkeet VOPissa: Vanajaveden Opistossa on k\u00e4ynniss\u00e4 erilaisia kehitt\u00e4mishankkeita, joilla tavoitellaan toimivampaa arkea.","robots":{"index":"index","follow":"follow","max-snippet":"max-snippet:-1","max-image-preview":"max-image-preview:large","max-video-preview":"max-video-preview:-1"},"canonical":"https:\/\/www.kktavastia.fi\/vanajaveden-opisto\/kehitystyo\/kehittamishankkeet\/","og_locale":"fi_FI","og_type":"article","og_title":"Kehitt\u00e4mishankkeet VOPissa | Vanajaveden Opiston kehitt\u00e4mishankkeet","og_description":"Kehitt\u00e4mishankkeet VOPissa: Vanajaveden Opistossa on k\u00e4ynniss\u00e4 erilaisia kehitt\u00e4mishankkeita, joilla tavoitellaan toimivampaa arkea.","og_url":"https:\/\/www.kktavastia.fi\/vanajaveden-opisto\/kehitystyo\/kehittamishankkeet\/","og_site_name":"Vanajaveden Opisto","article_modified_time":"2026-03-25T12:57:22+00:00","twitter_card":"summary_large_image","schema":{"@context":"https:\/\/schema.org","@graph":[{"@type":"WebPage","@id":"https:\/\/www.kktavastia.fi\/vanajaveden-opisto\/kehitystyo\/kehittamishankkeet\/","url":"https:\/\/www.kktavastia.fi\/vanajaveden-opisto\/kehitystyo\/kehittamishankkeet\/","name":"Kehitt\u00e4mishankkeet VOPissa | Vanajaveden Opiston kehitt\u00e4mishankkeet","isPartOf":{"@id":"https:\/\/www.kktavastia.fi\/vanajaveden-opisto\/#website"},"datePublished":"2020-12-09T11:15:54+00:00","dateModified":"2026-03-25T12:57:22+00:00","description":"Kehitt\u00e4mishankkeet VOPissa: Vanajaveden Opistossa on k\u00e4ynniss\u00e4 erilaisia kehitt\u00e4mishankkeita, joilla tavoitellaan toimivampaa arkea.","breadcrumb":{"@id":"https:\/\/www.kktavastia.fi\/vanajaveden-opisto\/kehitystyo\/kehittamishankkeet\/#breadcrumb"},"inLanguage":"fi","potentialAction":[{"@type":"ReadAction","target":["https:\/\/www.kktavastia.fi\/vanajaveden-opisto\/kehitystyo\/kehittamishankkeet\/"]}]},{"@type":"BreadcrumbList","@id":"https:\/\/www.kktavastia.fi\/vanajaveden-opisto\/kehitystyo\/kehittamishankkeet\/#breadcrumb","itemListElement":[{"@type":"ListItem","position":1,"name":"Home","item":"https:\/\/www.kktavastia.fi\/vanajaveden-opisto\/"},{"@type":"ListItem","position":2,"name":"Kehitysty\u00f6","item":"https:\/\/www.kktavastia.fi\/vanajaveden-opisto\/kehitystyo\/"},{"@type":"ListItem","position":3,"name":"Kehitt\u00e4mishankkeet"}]},{"@type":"WebSite","@id":"https:\/\/www.kktavastia.fi\/vanajaveden-opisto\/#website","url":"https:\/\/www.kktavastia.fi\/vanajaveden-opisto\/","name":"Vanajaveden Opisto","description":"","potentialAction":[{"@type":"SearchAction","target":{"@type":"EntryPoint","urlTemplate":"https:\/\/www.kktavastia.fi\/vanajaveden-opisto\/?s={search_term_string}"},"query-input":{"@type":"PropertyValueSpecification","valueRequired":true,"valueName":"search_term_string"}}],"inLanguage":"fi"}]}},"_links":{"self":[{"href":"https:\/\/www.kktavastia.fi\/vanajaveden-opisto\/wp-json\/wp\/v2\/pages\/766","targetHints":{"allow":["GET"]}}],"collection":[{"href":"https:\/\/www.kktavastia.fi\/vanajaveden-opisto\/wp-json\/wp\/v2\/pages"}],"about":[{"href":"https:\/\/www.kktavastia.fi\/vanajaveden-opisto\/wp-json\/wp\/v2\/types\/page"}],"author":[{"embeddable":true,"href":"https:\/\/www.kktavastia.fi\/vanajaveden-opisto\/wp-json\/wp\/v2\/users\/4"}],"replies":[{"embeddable":true,"href":"https:\/\/www.kktavastia.fi\/vanajaveden-opisto\/wp-json\/wp\/v2\/comments?post=766"}],"version-history":[{"count":25,"href":"https:\/\/www.kktavastia.fi\/vanajaveden-opisto\/wp-json\/wp\/v2\/pages\/766\/revisions"}],"predecessor-version":[{"id":22091,"href":"https:\/\/www.kktavastia.fi\/vanajaveden-opisto\/wp-json\/wp\/v2\/pages\/766\/revisions\/22091"}],"up":[{"embeddable":true,"href":"https:\/\/www.kktavastia.fi\/vanajaveden-opisto\/wp-json\/wp\/v2\/pages\/726"}],"wp:attachment":[{"href":"https:\/\/www.kktavastia.fi\/vanajaveden-opisto\/wp-json\/wp\/v2\/media?parent=766"}],"curies":[{"name":"wp","href":"https:\/\/api.w.org\/{rel}","templated":true}]}}