{"id":7525,"date":"2021-02-08T08:54:31","date_gmt":"2021-02-08T06:54:31","guid":{"rendered":"https:\/\/kktavastia.vaiheessa.fi\/vanajaveden-opisto\/?page_id=7525"},"modified":"2026-04-09T14:16:16","modified_gmt":"2026-04-09T11:16:16","slug":"vopin-uutiskirje","status":"publish","type":"page","link":"https:\/\/www.kktavastia.fi\/vanajaveden-opisto\/tietoa-opistosta\/vopin-uutiskirje\/","title":{"rendered":"VOPin uutiskirje"},"content":{"rendered":"\n<p class=\"is-style-ingress\">Vanajaveden Opiston uutiskirjeell\u00e4 on jo l\u00e4hes kymmenentuhatta tilaajaa ja sit\u00e4 luetaan ahkerasti! Tilaa se s\u00e4hk\u00f6postiisi ja pysy ajan tasalla uusimmista kursseista ja tapahtumistamme. Voit my\u00f6s peruuttaa tilauksen milloin tahansa.<\/p>\n\n\n\n<p>Uutiskirje sis\u00e4lt\u00e4\u00e4 Vanajaveden Opiston ajankohtaisia asioita, kuulumisia ja kokemuksia sek\u00e4 tietoa muun muassa uusista kursseista. Tervetuloa tilaajaksi! Tilauksen voi aktivoida my\u00f6s kurssille ilmoittautumisen yhteydess\u00e4. <\/p>\n\n\n\n<p>Kun olet tilannut uutiskirjeen, saat muutaman minuutin kuluttua vahvistuspyynn\u00f6n antamaasi s\u00e4hk\u00f6postiosoitteeseen. Vahvista antamasi osoite.<\/p>\n\n\n\n<div id=\"mc_embed_shell\">\n  \n<div id=\"mc_embed_signup\">\n    <form action=\"https:\/\/kktavastia.us16.list-manage.com\/subscribe\/post?u=45c0b0f4786499e84ddb0eabb&amp;id=77fe0e003f&amp;f_id=00d613e0f0\" method=\"post\" id=\"mc-embedded-subscribe-form\" name=\"mc-embedded-subscribe-form\" class=\"validate\" target=\"_self\" novalidate=\"\">\n        <div id=\"mc_embed_signup_scroll\"><h2>Tilaa uutiskirje<\/h2>\n            <div class=\"mc-field-group\"><label for=\"mce-EMAIL\">S\u00e4hk\u00f6postiosoite <span class=\"asterisk\">*<\/span><\/label><input type=\"email\" name=\"EMAIL\" class=\"required email\" id=\"mce-EMAIL\" required=\"\" value=\"\"><\/div><div class=\"mc-field-group\"><label for=\"mce-FNAME\">Etunimi<\/label><input type=\"text\" name=\"FNAME\" class=\" text\" id=\"mce-FNAME\" value=\"\"><\/div><div class=\"mc-field-group\"><label for=\"mce-LNAME\">Sukunimi<\/label><input type=\"text\" name=\"LNAME\" class=\" text\" id=\"mce-LNAME\" value=\"\"><\/div>\n        <div id=\"mce-responses\" class=\"clear\">\n            <div class=\"response\" id=\"mce-error-response\" style=\"display: none;\"><\/div>\n            <div class=\"response\" id=\"mce-success-response\" style=\"display: none;\"><\/div>\n        <\/div><div style=\"position: absolute; left: -5000px;\" aria-hidden=\"true\"><input type=\"text\" name=\"b_45c0b0f4786499e84ddb0eabb_77fe0e003f\" tabindex=\"-1\" value=\"\"><\/div><div class=\"clear\"><input type=\"submit\" name=\"subscribe\" id=\"mc-embedded-subscribe\" class=\"button\" value=\"Tilaa\"><\/div>\n    <\/div>\n<\/form>\n<\/div>\n<\/div>\n\n\n\n<h3 class=\"wp-block-heading\">Uutiskirjearkisto<\/h3>\n\n\n\n<h4 class=\"wp-block-heading\">2026<\/h4>\n\n\n\n<ul class=\"wp-block-list\">\n<li><a href=\"https:\/\/mailchi.mp\/0e8ba8413ee8\/vanajaveden-opiston-uutiskirje-09042026\">9.4.2026<\/a><\/li>\n\n\n\n<li><a href=\"https:\/\/mailchi.mp\/9f62bc79230d\/vanajaveden-opiston-uutiskirje-060226\">6.2.2026<\/a><\/li>\n<\/ul>\n\n\n\n<h4 class=\"wp-block-heading\"><strong>2025<\/strong><\/h4>\n\n\n\n<ul class=\"wp-block-list\">\n<li><a href=\"https:\/\/mailchi.mp\/62ab2ff34768\/vanajaveden-opiston-uutiskirje-joulu25\">18.12.2025<\/a><\/li>\n\n\n\n<li><a href=\"https:\/\/mailchi.mp\/f9a12424a66e\/vanajaveden-opiston-uutiskirje\">10.10.2025<\/a><\/li>\n\n\n\n<li><a href=\"https:\/\/mailchi.mp\/ac09163286ee\/vanajaveden-opiston-uutiskirje-682025\">6.8.2025<\/a><\/li>\n\n\n\n<li><a href=\"https:\/\/mailchi.mp\/e9b5594e4bde\/vanajaveden-opiston-uutiskirje\">6.6.2025<\/a><\/li>\n\n\n\n<li><a href=\"https:\/\/mailchi.mp\/90dc82bbe272\/vanajaveden-opiston-uutiskirje-1732025\">17.3.2025<\/a><\/li>\n\n\n\n<li><a href=\"https:\/\/mailchi.mp\/52117f7a9026\/vanajaveden-opiston-uutiskirje?e=3a90dcb53d\">24.1.2025<\/a><\/li>\n<\/ul>\n\n\n\n<h4 class=\"wp-block-heading\"><strong>2024<\/strong><\/h4>\n\n\n\n<ul class=\"wp-block-list\">\n<li><a href=\"https:\/\/mailchi.mp\/f04e3daeb5c3\/vanajaveden-opiston-uutiskirje\">1.11.2024<\/a><\/li>\n\n\n\n<li><a href=\"https:\/\/us16.campaign-archive.com\/?e=__test_email__&amp;u=45c0b0f4786499e84ddb0eabb&amp;id=398171bd82\">29.8.2024<\/a><\/li>\n\n\n\n<li><a href=\"https:\/\/mailchi.mp\/79d5aca7ab73\/vanajaveden-opiston-uutiskirje?e=3a90dcb53d\">3.5.2024<\/a><\/li>\n\n\n\n<li><a href=\"https:\/\/us16.campaign-archive.com\/?e=__test_email__&amp;u=45c0b0f4786499e84ddb0eabb&amp;id=41a52f7a43\">27.3.2024<\/a><\/li>\n\n\n\n<li><a href=\"https:\/\/mailchi.mp\/129743f012c8\/vanajaveden-opiston-uutiskirje-1212024?e=3a90dcb53d\">12.1.2024<\/a><\/li>\n<\/ul>\n\n\n\n<p><\/p>\n\n\n\n<h4 class=\"wp-block-heading\">2023<\/h4>\n\n\n\n<ul class=\"wp-block-list\">\n<li><a href=\"https:\/\/mailchi.mp\/a352ff4e4c22\/vanajaveden-opiston-uutiskirje-29112023\">29.11.2023<\/a><\/li>\n\n\n\n<li><a href=\"https:\/\/mailchi.mp\/a8daf7dbedef\/vanajaveden-opiston-uutiskirje\">3.11.2023<\/a><\/li>\n\n\n\n<li><a href=\"https:\/\/mailchi.mp\/2dfc9c24b4db\/vanajaveden-opiston-uutiskirje-5102023?e=3a90dcb53d\">5.10.2023<\/a><\/li>\n\n\n\n<li><a href=\"https:\/\/mailchi.mp\/c091c346bcfb\/vanajaveden-opiston-uutiskirje\">1.9.2023<\/a><\/li>\n\n\n\n<li><a href=\"https:\/\/mailchi.mp\/5d323680be8d\/vanajaveden-opiston-uutiskirje-elo23\" target=\"_blank\" rel=\"noreferrer noopener\">3.8.2023<\/a><\/li>\n\n\n\n<li><a href=\"https:\/\/mailchi.mp\/6da552e7134f\/vanajaveden-opiston-uutiskirje-touko23\" target=\"_blank\" rel=\"noreferrer noopener\">4.5.2023<\/a><\/li>\n\n\n\n<li><a href=\"https:\/\/mailchi.mp\/acedffce1054\/vanajaveden-opiston-uutiskirje-huhti23\">3.4.2023<\/a><\/li>\n\n\n\n<li><a href=\"https:\/\/mailchi.mp\/d0bec67bab3c\/vanajaveden-opiston-uutiskirje-helmi23\">2.2.2023<\/a><\/li>\n\n\n\n<li><a href=\"https:\/\/mailchi.mp\/9b748df91e2f\/vanajaveden-opiston-uutiskirje-tammi23\">10.1.2023<\/a><\/li>\n<\/ul>\n\n\n\n<p><\/p>\n\n\n\n<h4 class=\"wp-block-heading\">2022<\/h4>\n\n\n\n<ul class=\"wp-block-list\">\n<li><a href=\"https:\/\/mailchi.mp\/2871e273a946\/vanajaveden-opiston-uutiskirje-joulu22\">1.12.2022<\/a><\/li>\n\n\n\n<li><a href=\"https:\/\/mailchi.mp\/bb6f754ffb8b\/vanajaveden-opiston-uutiskirje-marras22\">3.11.2022<\/a><\/li>\n\n\n\n<li><a href=\"https:\/\/mailchi.mp\/98ffd37448c0\/vanajaveden-opiston-uutiskirje?e=3a90dcb53d\">13.10.2022<\/a><\/li>\n\n\n\n<li><a href=\"https:\/\/mailchi.mp\/dc2289d18767\/vanajaveden-opiston-uutiskirje-elo2229\">29.8.2022<\/a><\/li>\n\n\n\n<li><a href=\"https:\/\/mailchi.mp\/9467540944c0\/vanajaveden-opiston-uutiskirje-elo22\">4.8.2022<\/a><\/li>\n\n\n\n<li><a href=\"https:\/\/mailchi.mp\/46c4ec6beb3e\/vanajaveden-opiston-uutiskirje-touko22\">1.6.2022<\/a><\/li>\n\n\n\n<li><a href=\"https:\/\/mailchi.mp\/4f1f404bbbba\/vanajaveden-opiston-uutiskirje-huhti22\">13.4.2022<\/a><\/li>\n\n\n\n<li><a href=\"https:\/\/mailchi.mp\/f6b0c53dd8cc\/vanajaveden-opiston-uutiskirje\">8.3.2022<\/a><\/li>\n<\/ul>\n\n\n\n<p><\/p>\n\n\n\n<p><\/p>\n","protected":false},"excerpt":{"rendered":"<p>Vanajaveden Opiston uutiskirjeell\u00e4 on jo l\u00e4hes kymmenentuhatta tilaajaa ja sit\u00e4 luetaan ahkerasti! Tilaa se s\u00e4hk\u00f6postiisi ja pysy ajan tasalla uusimmista [&hellip;]<\/p>\n","protected":false},"author":4,"featured_media":0,"parent":732,"menu_order":3,"comment_status":"closed","ping_status":"closed","template":"","meta":{"_acf_changed":false,"_relevanssi_hide_post":"","_relevanssi_hide_content":"","_relevanssi_pin_for_all":"","_relevanssi_pin_keywords":"","_relevanssi_unpin_keywords":"","_relevanssi_related_keywords":"","_relevanssi_related_include_ids":"","_relevanssi_related_exclude_ids":"","_relevanssi_related_no_append":"","_relevanssi_related_not_related":"","_relevanssi_related_posts":"19311,7612,732,7,802,724","_relevanssi_noindex_reason":"","footnotes":""},"class_list":["post-7525","page","type-page","status-publish","hentry"],"acf":[],"yoast_head":"<title>VOPin uutiskirje - Vanajaveden Opisto<\/title>\n<meta name=\"robots\" content=\"index, follow, max-snippet:-1, max-image-preview:large, max-video-preview:-1\" \/>\n<link rel=\"canonical\" href=\"https:\/\/www.kktavastia.fi\/vanajaveden-opisto\/tietoa-opistosta\/vopin-uutiskirje\/\" \/>\n<meta property=\"og:locale\" content=\"fi_FI\" \/>\n<meta property=\"og:type\" content=\"article\" \/>\n<meta property=\"og:title\" content=\"VOPin uutiskirje - Vanajaveden Opisto\" \/>\n<meta property=\"og:description\" content=\"Vanajaveden Opiston uutiskirjeell\u00e4 on jo l\u00e4hes kymmenentuhatta tilaajaa ja sit\u00e4 luetaan ahkerasti! Tilaa se s\u00e4hk\u00f6postiisi ja pysy ajan tasalla uusimmista [&hellip;]\" \/>\n<meta property=\"og:url\" content=\"https:\/\/www.kktavastia.fi\/vanajaveden-opisto\/tietoa-opistosta\/vopin-uutiskirje\/\" \/>\n<meta property=\"og:site_name\" content=\"Vanajaveden Opisto\" \/>\n<meta property=\"article:modified_time\" content=\"2026-04-09T11:16:16+00:00\" \/>\n<meta name=\"twitter:card\" content=\"summary_large_image\" \/>\n<script type=\"application\/ld+json\" class=\"yoast-schema-graph\">{\"@context\":\"https:\\\/\\\/schema.org\",\"@graph\":[{\"@type\":\"WebPage\",\"@id\":\"https:\\\/\\\/www.kktavastia.fi\\\/vanajaveden-opisto\\\/tietoa-opistosta\\\/vopin-uutiskirje\\\/\",\"url\":\"https:\\\/\\\/www.kktavastia.fi\\\/vanajaveden-opisto\\\/tietoa-opistosta\\\/vopin-uutiskirje\\\/\",\"name\":\"VOPin uutiskirje - Vanajaveden Opisto\",\"isPartOf\":{\"@id\":\"https:\\\/\\\/www.kktavastia.fi\\\/vanajaveden-opisto\\\/#website\"},\"datePublished\":\"2021-02-08T06:54:31+00:00\",\"dateModified\":\"2026-04-09T11:16:16+00:00\",\"breadcrumb\":{\"@id\":\"https:\\\/\\\/www.kktavastia.fi\\\/vanajaveden-opisto\\\/tietoa-opistosta\\\/vopin-uutiskirje\\\/#breadcrumb\"},\"inLanguage\":\"fi\",\"potentialAction\":[{\"@type\":\"ReadAction\",\"target\":[\"https:\\\/\\\/www.kktavastia.fi\\\/vanajaveden-opisto\\\/tietoa-opistosta\\\/vopin-uutiskirje\\\/\"]}]},{\"@type\":\"BreadcrumbList\",\"@id\":\"https:\\\/\\\/www.kktavastia.fi\\\/vanajaveden-opisto\\\/tietoa-opistosta\\\/vopin-uutiskirje\\\/#breadcrumb\",\"itemListElement\":[{\"@type\":\"ListItem\",\"position\":1,\"name\":\"Home\",\"item\":\"https:\\\/\\\/www.kktavastia.fi\\\/vanajaveden-opisto\\\/\"},{\"@type\":\"ListItem\",\"position\":2,\"name\":\"Tietoa opistosta\",\"item\":\"https:\\\/\\\/www.kktavastia.fi\\\/vanajaveden-opisto\\\/tietoa-opistosta\\\/\"},{\"@type\":\"ListItem\",\"position\":3,\"name\":\"VOPin uutiskirje\"}]},{\"@type\":\"WebSite\",\"@id\":\"https:\\\/\\\/www.kktavastia.fi\\\/vanajaveden-opisto\\\/#website\",\"url\":\"https:\\\/\\\/www.kktavastia.fi\\\/vanajaveden-opisto\\\/\",\"name\":\"Vanajaveden Opisto\",\"description\":\"\",\"potentialAction\":[{\"@type\":\"SearchAction\",\"target\":{\"@type\":\"EntryPoint\",\"urlTemplate\":\"https:\\\/\\\/www.kktavastia.fi\\\/vanajaveden-opisto\\\/?s={search_term_string}\"},\"query-input\":{\"@type\":\"PropertyValueSpecification\",\"valueRequired\":true,\"valueName\":\"search_term_string\"}}],\"inLanguage\":\"fi\"}]}<\/script>","yoast_head_json":{"title":"VOPin uutiskirje - Vanajaveden Opisto","robots":{"index":"index","follow":"follow","max-snippet":"max-snippet:-1","max-image-preview":"max-image-preview:large","max-video-preview":"max-video-preview:-1"},"canonical":"https:\/\/www.kktavastia.fi\/vanajaveden-opisto\/tietoa-opistosta\/vopin-uutiskirje\/","og_locale":"fi_FI","og_type":"article","og_title":"VOPin uutiskirje - Vanajaveden Opisto","og_description":"Vanajaveden Opiston uutiskirjeell\u00e4 on jo l\u00e4hes kymmenentuhatta tilaajaa ja sit\u00e4 luetaan ahkerasti! Tilaa se s\u00e4hk\u00f6postiisi ja pysy ajan tasalla uusimmista [&hellip;]","og_url":"https:\/\/www.kktavastia.fi\/vanajaveden-opisto\/tietoa-opistosta\/vopin-uutiskirje\/","og_site_name":"Vanajaveden Opisto","article_modified_time":"2026-04-09T11:16:16+00:00","twitter_card":"summary_large_image","schema":{"@context":"https:\/\/schema.org","@graph":[{"@type":"WebPage","@id":"https:\/\/www.kktavastia.fi\/vanajaveden-opisto\/tietoa-opistosta\/vopin-uutiskirje\/","url":"https:\/\/www.kktavastia.fi\/vanajaveden-opisto\/tietoa-opistosta\/vopin-uutiskirje\/","name":"VOPin uutiskirje - Vanajaveden Opisto","isPartOf":{"@id":"https:\/\/www.kktavastia.fi\/vanajaveden-opisto\/#website"},"datePublished":"2021-02-08T06:54:31+00:00","dateModified":"2026-04-09T11:16:16+00:00","breadcrumb":{"@id":"https:\/\/www.kktavastia.fi\/vanajaveden-opisto\/tietoa-opistosta\/vopin-uutiskirje\/#breadcrumb"},"inLanguage":"fi","potentialAction":[{"@type":"ReadAction","target":["https:\/\/www.kktavastia.fi\/vanajaveden-opisto\/tietoa-opistosta\/vopin-uutiskirje\/"]}]},{"@type":"BreadcrumbList","@id":"https:\/\/www.kktavastia.fi\/vanajaveden-opisto\/tietoa-opistosta\/vopin-uutiskirje\/#breadcrumb","itemListElement":[{"@type":"ListItem","position":1,"name":"Home","item":"https:\/\/www.kktavastia.fi\/vanajaveden-opisto\/"},{"@type":"ListItem","position":2,"name":"Tietoa opistosta","item":"https:\/\/www.kktavastia.fi\/vanajaveden-opisto\/tietoa-opistosta\/"},{"@type":"ListItem","position":3,"name":"VOPin uutiskirje"}]},{"@type":"WebSite","@id":"https:\/\/www.kktavastia.fi\/vanajaveden-opisto\/#website","url":"https:\/\/www.kktavastia.fi\/vanajaveden-opisto\/","name":"Vanajaveden Opisto","description":"","potentialAction":[{"@type":"SearchAction","target":{"@type":"EntryPoint","urlTemplate":"https:\/\/www.kktavastia.fi\/vanajaveden-opisto\/?s={search_term_string}"},"query-input":{"@type":"PropertyValueSpecification","valueRequired":true,"valueName":"search_term_string"}}],"inLanguage":"fi"}]}},"_links":{"self":[{"href":"https:\/\/www.kktavastia.fi\/vanajaveden-opisto\/wp-json\/wp\/v2\/pages\/7525","targetHints":{"allow":["GET"]}}],"collection":[{"href":"https:\/\/www.kktavastia.fi\/vanajaveden-opisto\/wp-json\/wp\/v2\/pages"}],"about":[{"href":"https:\/\/www.kktavastia.fi\/vanajaveden-opisto\/wp-json\/wp\/v2\/types\/page"}],"author":[{"embeddable":true,"href":"https:\/\/www.kktavastia.fi\/vanajaveden-opisto\/wp-json\/wp\/v2\/users\/4"}],"replies":[{"embeddable":true,"href":"https:\/\/www.kktavastia.fi\/vanajaveden-opisto\/wp-json\/wp\/v2\/comments?post=7525"}],"version-history":[{"count":25,"href":"https:\/\/www.kktavastia.fi\/vanajaveden-opisto\/wp-json\/wp\/v2\/pages\/7525\/revisions"}],"predecessor-version":[{"id":22109,"href":"https:\/\/www.kktavastia.fi\/vanajaveden-opisto\/wp-json\/wp\/v2\/pages\/7525\/revisions\/22109"}],"up":[{"embeddable":true,"href":"https:\/\/www.kktavastia.fi\/vanajaveden-opisto\/wp-json\/wp\/v2\/pages\/732"}],"wp:attachment":[{"href":"https:\/\/www.kktavastia.fi\/vanajaveden-opisto\/wp-json\/wp\/v2\/media?parent=7525"}],"curies":[{"name":"wp","href":"https:\/\/api.w.org\/{rel}","templated":true}]}}