{"id":751,"date":"2020-12-09T13:04:11","date_gmt":"2020-12-09T11:04:11","guid":{"rendered":"https:\/\/kktavastia.vaiheessa.fi\/vanajaveden-opisto\/?page_id=751"},"modified":"2025-05-26T11:48:49","modified_gmt":"2025-05-26T08:48:49","slug":"kurssit","status":"publish","type":"page","link":"https:\/\/www.kktavastia.fi\/vanajaveden-opisto\/kurssit\/","title":{"rendered":"Kurssit"},"content":{"rendered":"","protected":false},"excerpt":{"rendered":"","protected":false},"author":4,"featured_media":0,"parent":0,"menu_order":3,"comment_status":"closed","ping_status":"closed","template":"template-modular.php","meta":{"_acf_changed":false,"_relevanssi_hide_post":"","_relevanssi_hide_content":"","_relevanssi_pin_for_all":"on","_relevanssi_pin_keywords":"","_relevanssi_unpin_keywords":"","_relevanssi_related_keywords":"","_relevanssi_related_include_ids":"0","_relevanssi_related_exclude_ids":"","_relevanssi_related_no_append":"","_relevanssi_related_not_related":"","_relevanssi_related_posts":"16716,19311,737,7022,726,7","_relevanssi_noindex_reason":"","footnotes":""},"class_list":["post-751","page","type-page","status-publish","hentry"],"acf":[],"yoast_head":"<title>VOP Kurssit | Vanajaveden Opisto | Katso VOPin kurssit t\u00e4st\u00e4<\/title>\n<meta name=\"description\" content=\"VOP Kurssit l\u00f6yd\u00e4t t\u00e4st\u00e4! Katso koko VOPin laaja kurssitarjonta ja tule harrastamaan. VOPin kursseilta l\u00f6ytyy jokaiselle jotakin!\" \/>\n<meta name=\"robots\" content=\"index, follow, max-snippet:-1, max-image-preview:large, max-video-preview:-1\" \/>\n<link rel=\"canonical\" href=\"https:\/\/www.kktavastia.fi\/vanajaveden-opisto\/kurssit\/\" \/>\n<meta property=\"og:locale\" content=\"fi_FI\" \/>\n<meta property=\"og:type\" content=\"article\" \/>\n<meta property=\"og:title\" content=\"VOP Kurssit | Vanajaveden Opisto | Katso VOPin kurssit t\u00e4st\u00e4\" \/>\n<meta property=\"og:description\" content=\"VOP Kurssit l\u00f6yd\u00e4t t\u00e4st\u00e4! Katso koko VOPin laaja kurssitarjonta ja tule harrastamaan. VOPin kursseilta l\u00f6ytyy jokaiselle jotakin!\" \/>\n<meta property=\"og:url\" content=\"https:\/\/www.kktavastia.fi\/vanajaveden-opisto\/kurssit\/\" \/>\n<meta property=\"og:site_name\" content=\"Vanajaveden Opisto\" \/>\n<meta property=\"article:modified_time\" content=\"2025-05-26T08:48:49+00:00\" \/>\n<meta name=\"twitter:card\" content=\"summary_large_image\" \/>\n<script type=\"application\/ld+json\" class=\"yoast-schema-graph\">{\"@context\":\"https:\/\/schema.org\",\"@graph\":[{\"@type\":\"WebPage\",\"@id\":\"https:\/\/www.kktavastia.fi\/vanajaveden-opisto\/kurssit\/\",\"url\":\"https:\/\/www.kktavastia.fi\/vanajaveden-opisto\/kurssit\/\",\"name\":\"VOP Kurssit | Vanajaveden Opisto | Katso VOPin kurssit t\u00e4st\u00e4\",\"isPartOf\":{\"@id\":\"https:\/\/www.kktavastia.fi\/vanajaveden-opisto\/#website\"},\"datePublished\":\"2020-12-09T11:04:11+00:00\",\"dateModified\":\"2025-05-26T08:48:49+00:00\",\"description\":\"VOP Kurssit l\u00f6yd\u00e4t t\u00e4st\u00e4! Katso koko VOPin laaja kurssitarjonta ja tule harrastamaan. VOPin kursseilta l\u00f6ytyy jokaiselle jotakin!\",\"breadcrumb\":{\"@id\":\"https:\/\/www.kktavastia.fi\/vanajaveden-opisto\/kurssit\/#breadcrumb\"},\"inLanguage\":\"fi\",\"potentialAction\":[{\"@type\":\"ReadAction\",\"target\":[\"https:\/\/www.kktavastia.fi\/vanajaveden-opisto\/kurssit\/\"]}]},{\"@type\":\"BreadcrumbList\",\"@id\":\"https:\/\/www.kktavastia.fi\/vanajaveden-opisto\/kurssit\/#breadcrumb\",\"itemListElement\":[{\"@type\":\"ListItem\",\"position\":1,\"name\":\"Home\",\"item\":\"https:\/\/www.kktavastia.fi\/vanajaveden-opisto\/\"},{\"@type\":\"ListItem\",\"position\":2,\"name\":\"Kurssit\"}]},{\"@type\":\"WebSite\",\"@id\":\"https:\/\/www.kktavastia.fi\/vanajaveden-opisto\/#website\",\"url\":\"https:\/\/www.kktavastia.fi\/vanajaveden-opisto\/\",\"name\":\"Vanajaveden Opisto\",\"description\":\"\",\"potentialAction\":[{\"@type\":\"SearchAction\",\"target\":{\"@type\":\"EntryPoint\",\"urlTemplate\":\"https:\/\/www.kktavastia.fi\/vanajaveden-opisto\/?s={search_term_string}\"},\"query-input\":{\"@type\":\"PropertyValueSpecification\",\"valueRequired\":true,\"valueName\":\"search_term_string\"}}],\"inLanguage\":\"fi\"}]}<\/script>","yoast_head_json":{"title":"VOP Kurssit | Vanajaveden Opisto | Katso VOPin kurssit t\u00e4st\u00e4","description":"VOP Kurssit l\u00f6yd\u00e4t t\u00e4st\u00e4! Katso koko VOPin laaja kurssitarjonta ja tule harrastamaan. VOPin kursseilta l\u00f6ytyy jokaiselle jotakin!","robots":{"index":"index","follow":"follow","max-snippet":"max-snippet:-1","max-image-preview":"max-image-preview:large","max-video-preview":"max-video-preview:-1"},"canonical":"https:\/\/www.kktavastia.fi\/vanajaveden-opisto\/kurssit\/","og_locale":"fi_FI","og_type":"article","og_title":"VOP Kurssit | Vanajaveden Opisto | Katso VOPin kurssit t\u00e4st\u00e4","og_description":"VOP Kurssit l\u00f6yd\u00e4t t\u00e4st\u00e4! Katso koko VOPin laaja kurssitarjonta ja tule harrastamaan. VOPin kursseilta l\u00f6ytyy jokaiselle jotakin!","og_url":"https:\/\/www.kktavastia.fi\/vanajaveden-opisto\/kurssit\/","og_site_name":"Vanajaveden Opisto","article_modified_time":"2025-05-26T08:48:49+00:00","twitter_card":"summary_large_image","schema":{"@context":"https:\/\/schema.org","@graph":[{"@type":"WebPage","@id":"https:\/\/www.kktavastia.fi\/vanajaveden-opisto\/kurssit\/","url":"https:\/\/www.kktavastia.fi\/vanajaveden-opisto\/kurssit\/","name":"VOP Kurssit | Vanajaveden Opisto | Katso VOPin kurssit t\u00e4st\u00e4","isPartOf":{"@id":"https:\/\/www.kktavastia.fi\/vanajaveden-opisto\/#website"},"datePublished":"2020-12-09T11:04:11+00:00","dateModified":"2025-05-26T08:48:49+00:00","description":"VOP Kurssit l\u00f6yd\u00e4t t\u00e4st\u00e4! Katso koko VOPin laaja kurssitarjonta ja tule harrastamaan. VOPin kursseilta l\u00f6ytyy jokaiselle jotakin!","breadcrumb":{"@id":"https:\/\/www.kktavastia.fi\/vanajaveden-opisto\/kurssit\/#breadcrumb"},"inLanguage":"fi","potentialAction":[{"@type":"ReadAction","target":["https:\/\/www.kktavastia.fi\/vanajaveden-opisto\/kurssit\/"]}]},{"@type":"BreadcrumbList","@id":"https:\/\/www.kktavastia.fi\/vanajaveden-opisto\/kurssit\/#breadcrumb","itemListElement":[{"@type":"ListItem","position":1,"name":"Home","item":"https:\/\/www.kktavastia.fi\/vanajaveden-opisto\/"},{"@type":"ListItem","position":2,"name":"Kurssit"}]},{"@type":"WebSite","@id":"https:\/\/www.kktavastia.fi\/vanajaveden-opisto\/#website","url":"https:\/\/www.kktavastia.fi\/vanajaveden-opisto\/","name":"Vanajaveden Opisto","description":"","potentialAction":[{"@type":"SearchAction","target":{"@type":"EntryPoint","urlTemplate":"https:\/\/www.kktavastia.fi\/vanajaveden-opisto\/?s={search_term_string}"},"query-input":{"@type":"PropertyValueSpecification","valueRequired":true,"valueName":"search_term_string"}}],"inLanguage":"fi"}]}},"_links":{"self":[{"href":"https:\/\/www.kktavastia.fi\/vanajaveden-opisto\/wp-json\/wp\/v2\/pages\/751","targetHints":{"allow":["GET"]}}],"collection":[{"href":"https:\/\/www.kktavastia.fi\/vanajaveden-opisto\/wp-json\/wp\/v2\/pages"}],"about":[{"href":"https:\/\/www.kktavastia.fi\/vanajaveden-opisto\/wp-json\/wp\/v2\/types\/page"}],"author":[{"embeddable":true,"href":"https:\/\/www.kktavastia.fi\/vanajaveden-opisto\/wp-json\/wp\/v2\/users\/4"}],"replies":[{"embeddable":true,"href":"https:\/\/www.kktavastia.fi\/vanajaveden-opisto\/wp-json\/wp\/v2\/comments?post=751"}],"version-history":[{"count":26,"href":"https:\/\/www.kktavastia.fi\/vanajaveden-opisto\/wp-json\/wp\/v2\/pages\/751\/revisions"}],"predecessor-version":[{"id":21231,"href":"https:\/\/www.kktavastia.fi\/vanajaveden-opisto\/wp-json\/wp\/v2\/pages\/751\/revisions\/21231"}],"wp:attachment":[{"href":"https:\/\/www.kktavastia.fi\/vanajaveden-opisto\/wp-json\/wp\/v2\/media?parent=751"}],"curies":[{"name":"wp","href":"https:\/\/api.w.org\/{rel}","templated":true}]}}