{"id":7428,"date":"2021-02-04T15:15:36","date_gmt":"2021-02-04T13:15:36","guid":{"rendered":"https:\/\/kktavastia.vaiheessa.fi\/vanajaveden-opisto\/?page_id=7428"},"modified":"2025-12-22T12:34:11","modified_gmt":"2025-12-22T10:34:11","slug":"vop-uutiset","status":"publish","type":"page","link":"https:\/\/www.kktavastia.fi\/vanajaveden-opisto\/tietoa-opistosta\/vop-uutiset\/","title":{"rendered":"VOP-uutiset"},"content":{"rendered":"\n<p class=\"is-style-ingress\">Tutustu t\u00e4\u00e4ll\u00e4 uusimpiin VOP-uutisiin ja selaa vanhoja edellisvuosien VOP-uutisia. <\/p>\n\n\n\n<section class=\"block block-image-content-upsell right-image\">\n  <div class=\"container\">\n\n    <div class=\"cols\">\n      <div class=\"col col-content\">\n        <div class=\"content content-dark\">\n          <h3>VOP-uutiset<\/h3>\n          <p>Uusi VOP-uutiset on ilmestynyt 17.12. Lehdess\u00e4 aiheina mm. aikuisten taiteen perusopetus, Poppislaulajan lauantait, lasten ja nuorten liikunta. Lis\u00e4ksi esittelyss\u00e4 ovat tietysti kev\u00e4\u00e4n 2026 uudet kurssit!<\/p>\n                      <a href=\"https:\/\/aineisto.kktavastia.fi\/vop-uutiset\/2026\/index.html\" class=\"button button-light\">Lue lehte\u00e4 t\u00e4st\u00e4<svg xmlns=\"http:\/\/www.w3.org\/2000\/svg\" width=\"23\" height=\"8\" viewBox=\"0 0 23 8\"><path d=\"M1 3.818h21.23m0 0L19.153.764m3.077 3.054l-3.077 3.055\" stroke=\"currentColor\" stroke-width=\"1.5\" fill=\"none\" fill-rule=\"evenodd\" stroke-linecap=\"round\" stroke-linejoin=\"round\"\/><\/svg>\n<\/a>\n                  <\/div>\n      <\/div>\n\n      <div class=\"col col-image\">\n            <div class=\"lazy\"\n      data-bg=\"https:\/\/www.kktavastia.fi\/media\/sites\/3\/vop-uutiset-4.jpg\"\n          >\n    <\/div>\n\n          <\/div>\n    <\/div>\n\n  <\/div>\n<\/section>\n\n\n\n<h3 class=\"wp-block-heading\">Edellisvuosien VOP-uutiset<\/h3>\n\n\n\n<ul class=\"wp-block-list\">\n<li><a href=\"https:\/\/aineisto.kktavastia.fi\/vop-uutiset\/2025\/index.html\">VOP-uutiset 2025<\/a><\/li>\n\n\n\n<li><a href=\"https:\/\/aineisto.kktavastia.fi\/vop-uutiset\/2024\/index.html\">VOP-uutiset 2024<\/a><\/li>\n\n\n\n<li><a href=\"https:\/\/aineisto.kktavastia.fi\/vop-uutiset\/2023\/index.html\">VOP-uutiset 2023<\/a><\/li>\n\n\n\n<li><a href=\"https:\/\/aineisto.kktavastia.fi\/vop-uutiset\/2022\/index.html\">VOP-uutiset 2022<\/a><\/li>\n\n\n\n<li><a href=\"https:\/\/aineisto.kktavastia.fi\/vop-uutiset\/2021\/index.html\">VOP-uutiset 2021<\/a><\/li>\n\n\n\n<li><a href=\"https:\/\/aineisto.kktavastia.fi\/vop-uutiset\/2020\/index.html\">VOP-uutiset 2020<\/a><\/li>\n\n\n\n<li><a href=\"https:\/\/aineisto.kktavastia.fi\/lehdet\/vop\/vopuutiset2019\/index.html\">VOP-uutiset 2019<\/a><\/li>\n\n\n\n<li><a href=\"https:\/\/aineisto.kktavastia.fi\/lehdet\/vop\/vopuutiset2018\/index.html\">VOP-uutiset 2018<\/a><\/li>\n\n\n\n<li><a href=\"https:\/\/aineisto.kktavastia.fi\/lehdet\/vop\/vopuutiset2017\/index.html\">VOP-uutiset 2017<\/a><\/li>\n<\/ul>\n\n\n\n<p><\/p>\n","protected":false},"excerpt":{"rendered":"<p>Tutustu t\u00e4\u00e4ll\u00e4 uusimpiin VOP-uutisiin ja selaa vanhoja edellisvuosien VOP-uutisia. Edellisvuosien VOP-uutiset<\/p>\n","protected":false},"author":4,"featured_media":21982,"parent":732,"menu_order":2,"comment_status":"closed","ping_status":"closed","template":"","meta":{"_acf_changed":false,"_relevanssi_hide_post":"","_relevanssi_hide_content":"","_relevanssi_pin_for_all":"","_relevanssi_pin_keywords":"","_relevanssi_unpin_keywords":"","_relevanssi_related_keywords":"","_relevanssi_related_include_ids":"","_relevanssi_related_exclude_ids":"","_relevanssi_related_no_append":"","_relevanssi_related_not_related":"","_relevanssi_related_posts":"751,8026,778,7612,732,802","_relevanssi_noindex_reason":"","footnotes":""},"class_list":["post-7428","page","type-page","status-publish","has-post-thumbnail","hentry"],"acf":[],"yoast_head":"<title>VOP-uutiset | Vanajaveden Opiston asiakaslehti | Lue VOP-uutisia<\/title>\n<meta name=\"description\" content=\"VOP-uutiset luettavissa t\u00e4\u00e4ll\u00e4! VOP-uutiset on Vanajaveden Opiston asiakaslehti, jossa kerrotaan tulevan kev\u00e4\u00e4n uusista kursseista.\" \/>\n<meta name=\"robots\" content=\"index, follow, max-snippet:-1, max-image-preview:large, max-video-preview:-1\" \/>\n<link rel=\"canonical\" href=\"https:\/\/www.kktavastia.fi\/vanajaveden-opisto\/tietoa-opistosta\/vop-uutiset\/\" \/>\n<meta property=\"og:locale\" content=\"fi_FI\" \/>\n<meta property=\"og:type\" content=\"article\" \/>\n<meta property=\"og:title\" content=\"VOP-uutiset | Vanajaveden Opiston asiakaslehti | Lue VOP-uutisia\" \/>\n<meta property=\"og:description\" content=\"VOP-uutiset luettavissa t\u00e4\u00e4ll\u00e4! VOP-uutiset on Vanajaveden Opiston asiakaslehti, jossa kerrotaan tulevan kev\u00e4\u00e4n uusista kursseista.\" \/>\n<meta property=\"og:url\" content=\"https:\/\/www.kktavastia.fi\/vanajaveden-opisto\/tietoa-opistosta\/vop-uutiset\/\" \/>\n<meta property=\"og:site_name\" content=\"Vanajaveden Opisto\" \/>\n<meta property=\"article:modified_time\" content=\"2025-12-22T10:34:11+00:00\" \/>\n<meta property=\"og:image\" content=\"https:\/\/www.kktavastia.fi\/media\/sites\/3\/vo-uutiset-kuvituskuva-e1766399588322.jpg\" \/>\n\t<meta property=\"og:image:width\" content=\"1920\" \/>\n\t<meta property=\"og:image:height\" content=\"650\" \/>\n\t<meta property=\"og:image:type\" content=\"image\/jpeg\" \/>\n<meta name=\"twitter:card\" content=\"summary_large_image\" \/>\n<script type=\"application\/ld+json\" class=\"yoast-schema-graph\">{\"@context\":\"https:\\\/\\\/schema.org\",\"@graph\":[{\"@type\":\"WebPage\",\"@id\":\"https:\\\/\\\/www.kktavastia.fi\\\/vanajaveden-opisto\\\/tietoa-opistosta\\\/vop-uutiset\\\/\",\"url\":\"https:\\\/\\\/www.kktavastia.fi\\\/vanajaveden-opisto\\\/tietoa-opistosta\\\/vop-uutiset\\\/\",\"name\":\"VOP-uutiset | Vanajaveden Opiston asiakaslehti | Lue VOP-uutisia\",\"isPartOf\":{\"@id\":\"https:\\\/\\\/www.kktavastia.fi\\\/vanajaveden-opisto\\\/#website\"},\"primaryImageOfPage\":{\"@id\":\"https:\\\/\\\/www.kktavastia.fi\\\/vanajaveden-opisto\\\/tietoa-opistosta\\\/vop-uutiset\\\/#primaryimage\"},\"image\":{\"@id\":\"https:\\\/\\\/www.kktavastia.fi\\\/vanajaveden-opisto\\\/tietoa-opistosta\\\/vop-uutiset\\\/#primaryimage\"},\"thumbnailUrl\":\"https:\\\/\\\/www.kktavastia.fi\\\/media\\\/sites\\\/3\\\/vo-uutiset-kuvituskuva-e1766399588322.jpg\",\"datePublished\":\"2021-02-04T13:15:36+00:00\",\"dateModified\":\"2025-12-22T10:34:11+00:00\",\"description\":\"VOP-uutiset luettavissa t\u00e4\u00e4ll\u00e4! VOP-uutiset on Vanajaveden Opiston asiakaslehti, jossa kerrotaan tulevan kev\u00e4\u00e4n uusista kursseista.\",\"breadcrumb\":{\"@id\":\"https:\\\/\\\/www.kktavastia.fi\\\/vanajaveden-opisto\\\/tietoa-opistosta\\\/vop-uutiset\\\/#breadcrumb\"},\"inLanguage\":\"fi\",\"potentialAction\":[{\"@type\":\"ReadAction\",\"target\":[\"https:\\\/\\\/www.kktavastia.fi\\\/vanajaveden-opisto\\\/tietoa-opistosta\\\/vop-uutiset\\\/\"]}]},{\"@type\":\"ImageObject\",\"inLanguage\":\"fi\",\"@id\":\"https:\\\/\\\/www.kktavastia.fi\\\/vanajaveden-opisto\\\/tietoa-opistosta\\\/vop-uutiset\\\/#primaryimage\",\"url\":\"https:\\\/\\\/www.kktavastia.fi\\\/media\\\/sites\\\/3\\\/vo-uutiset-kuvituskuva-e1766399588322.jpg\",\"contentUrl\":\"https:\\\/\\\/www.kktavastia.fi\\\/media\\\/sites\\\/3\\\/vo-uutiset-kuvituskuva-e1766399588322.jpg\",\"width\":1920,\"height\":650,\"caption\":\"Kuvassa kaksi VOP-uutislehte\u00e4\"},{\"@type\":\"BreadcrumbList\",\"@id\":\"https:\\\/\\\/www.kktavastia.fi\\\/vanajaveden-opisto\\\/tietoa-opistosta\\\/vop-uutiset\\\/#breadcrumb\",\"itemListElement\":[{\"@type\":\"ListItem\",\"position\":1,\"name\":\"Home\",\"item\":\"https:\\\/\\\/www.kktavastia.fi\\\/vanajaveden-opisto\\\/\"},{\"@type\":\"ListItem\",\"position\":2,\"name\":\"Tietoa opistosta\",\"item\":\"https:\\\/\\\/www.kktavastia.fi\\\/vanajaveden-opisto\\\/tietoa-opistosta\\\/\"},{\"@type\":\"ListItem\",\"position\":3,\"name\":\"VOP-uutiset\"}]},{\"@type\":\"WebSite\",\"@id\":\"https:\\\/\\\/www.kktavastia.fi\\\/vanajaveden-opisto\\\/#website\",\"url\":\"https:\\\/\\\/www.kktavastia.fi\\\/vanajaveden-opisto\\\/\",\"name\":\"Vanajaveden Opisto\",\"description\":\"\",\"potentialAction\":[{\"@type\":\"SearchAction\",\"target\":{\"@type\":\"EntryPoint\",\"urlTemplate\":\"https:\\\/\\\/www.kktavastia.fi\\\/vanajaveden-opisto\\\/?s={search_term_string}\"},\"query-input\":{\"@type\":\"PropertyValueSpecification\",\"valueRequired\":true,\"valueName\":\"search_term_string\"}}],\"inLanguage\":\"fi\"}]}<\/script>","yoast_head_json":{"title":"VOP-uutiset | Vanajaveden Opiston asiakaslehti | Lue VOP-uutisia","description":"VOP-uutiset luettavissa t\u00e4\u00e4ll\u00e4! VOP-uutiset on Vanajaveden Opiston asiakaslehti, jossa kerrotaan tulevan kev\u00e4\u00e4n uusista kursseista.","robots":{"index":"index","follow":"follow","max-snippet":"max-snippet:-1","max-image-preview":"max-image-preview:large","max-video-preview":"max-video-preview:-1"},"canonical":"https:\/\/www.kktavastia.fi\/vanajaveden-opisto\/tietoa-opistosta\/vop-uutiset\/","og_locale":"fi_FI","og_type":"article","og_title":"VOP-uutiset | Vanajaveden Opiston asiakaslehti | Lue VOP-uutisia","og_description":"VOP-uutiset luettavissa t\u00e4\u00e4ll\u00e4! VOP-uutiset on Vanajaveden Opiston asiakaslehti, jossa kerrotaan tulevan kev\u00e4\u00e4n uusista kursseista.","og_url":"https:\/\/www.kktavastia.fi\/vanajaveden-opisto\/tietoa-opistosta\/vop-uutiset\/","og_site_name":"Vanajaveden Opisto","article_modified_time":"2025-12-22T10:34:11+00:00","og_image":[{"width":1920,"height":650,"url":"https:\/\/www.kktavastia.fi\/media\/sites\/3\/vo-uutiset-kuvituskuva-e1766399588322.jpg","type":"image\/jpeg"}],"twitter_card":"summary_large_image","schema":{"@context":"https:\/\/schema.org","@graph":[{"@type":"WebPage","@id":"https:\/\/www.kktavastia.fi\/vanajaveden-opisto\/tietoa-opistosta\/vop-uutiset\/","url":"https:\/\/www.kktavastia.fi\/vanajaveden-opisto\/tietoa-opistosta\/vop-uutiset\/","name":"VOP-uutiset | Vanajaveden Opiston asiakaslehti | Lue VOP-uutisia","isPartOf":{"@id":"https:\/\/www.kktavastia.fi\/vanajaveden-opisto\/#website"},"primaryImageOfPage":{"@id":"https:\/\/www.kktavastia.fi\/vanajaveden-opisto\/tietoa-opistosta\/vop-uutiset\/#primaryimage"},"image":{"@id":"https:\/\/www.kktavastia.fi\/vanajaveden-opisto\/tietoa-opistosta\/vop-uutiset\/#primaryimage"},"thumbnailUrl":"https:\/\/www.kktavastia.fi\/media\/sites\/3\/vo-uutiset-kuvituskuva-e1766399588322.jpg","datePublished":"2021-02-04T13:15:36+00:00","dateModified":"2025-12-22T10:34:11+00:00","description":"VOP-uutiset luettavissa t\u00e4\u00e4ll\u00e4! VOP-uutiset on Vanajaveden Opiston asiakaslehti, jossa kerrotaan tulevan kev\u00e4\u00e4n uusista kursseista.","breadcrumb":{"@id":"https:\/\/www.kktavastia.fi\/vanajaveden-opisto\/tietoa-opistosta\/vop-uutiset\/#breadcrumb"},"inLanguage":"fi","potentialAction":[{"@type":"ReadAction","target":["https:\/\/www.kktavastia.fi\/vanajaveden-opisto\/tietoa-opistosta\/vop-uutiset\/"]}]},{"@type":"ImageObject","inLanguage":"fi","@id":"https:\/\/www.kktavastia.fi\/vanajaveden-opisto\/tietoa-opistosta\/vop-uutiset\/#primaryimage","url":"https:\/\/www.kktavastia.fi\/media\/sites\/3\/vo-uutiset-kuvituskuva-e1766399588322.jpg","contentUrl":"https:\/\/www.kktavastia.fi\/media\/sites\/3\/vo-uutiset-kuvituskuva-e1766399588322.jpg","width":1920,"height":650,"caption":"Kuvassa kaksi VOP-uutislehte\u00e4"},{"@type":"BreadcrumbList","@id":"https:\/\/www.kktavastia.fi\/vanajaveden-opisto\/tietoa-opistosta\/vop-uutiset\/#breadcrumb","itemListElement":[{"@type":"ListItem","position":1,"name":"Home","item":"https:\/\/www.kktavastia.fi\/vanajaveden-opisto\/"},{"@type":"ListItem","position":2,"name":"Tietoa opistosta","item":"https:\/\/www.kktavastia.fi\/vanajaveden-opisto\/tietoa-opistosta\/"},{"@type":"ListItem","position":3,"name":"VOP-uutiset"}]},{"@type":"WebSite","@id":"https:\/\/www.kktavastia.fi\/vanajaveden-opisto\/#website","url":"https:\/\/www.kktavastia.fi\/vanajaveden-opisto\/","name":"Vanajaveden Opisto","description":"","potentialAction":[{"@type":"SearchAction","target":{"@type":"EntryPoint","urlTemplate":"https:\/\/www.kktavastia.fi\/vanajaveden-opisto\/?s={search_term_string}"},"query-input":{"@type":"PropertyValueSpecification","valueRequired":true,"valueName":"search_term_string"}}],"inLanguage":"fi"}]}},"_links":{"self":[{"href":"https:\/\/www.kktavastia.fi\/vanajaveden-opisto\/wp-json\/wp\/v2\/pages\/7428","targetHints":{"allow":["GET"]}}],"collection":[{"href":"https:\/\/www.kktavastia.fi\/vanajaveden-opisto\/wp-json\/wp\/v2\/pages"}],"about":[{"href":"https:\/\/www.kktavastia.fi\/vanajaveden-opisto\/wp-json\/wp\/v2\/types\/page"}],"author":[{"embeddable":true,"href":"https:\/\/www.kktavastia.fi\/vanajaveden-opisto\/wp-json\/wp\/v2\/users\/4"}],"replies":[{"embeddable":true,"href":"https:\/\/www.kktavastia.fi\/vanajaveden-opisto\/wp-json\/wp\/v2\/comments?post=7428"}],"version-history":[{"count":25,"href":"https:\/\/www.kktavastia.fi\/vanajaveden-opisto\/wp-json\/wp\/v2\/pages\/7428\/revisions"}],"predecessor-version":[{"id":21975,"href":"https:\/\/www.kktavastia.fi\/vanajaveden-opisto\/wp-json\/wp\/v2\/pages\/7428\/revisions\/21975"}],"up":[{"embeddable":true,"href":"https:\/\/www.kktavastia.fi\/vanajaveden-opisto\/wp-json\/wp\/v2\/pages\/732"}],"wp:featuredmedia":[{"embeddable":true,"href":"https:\/\/www.kktavastia.fi\/vanajaveden-opisto\/wp-json\/wp\/v2\/media\/21982"}],"wp:attachment":[{"href":"https:\/\/www.kktavastia.fi\/vanajaveden-opisto\/wp-json\/wp\/v2\/media?parent=7428"}],"curies":[{"name":"wp","href":"https:\/\/api.w.org\/{rel}","templated":true}]}}