{"id":741,"date":"2020-12-09T12:51:41","date_gmt":"2020-12-09T10:51:41","guid":{"rendered":"https:\/\/kktavastia.vaiheessa.fi\/vanajaveden-opisto\/?page_id=741"},"modified":"2025-04-10T15:08:41","modified_gmt":"2025-04-10T12:08:41","slug":"alennukset","status":"publish","type":"page","link":"https:\/\/www.kktavastia.fi\/vanajaveden-opisto\/asiakaspalvelu\/ilmoittautumisohjeet-2\/alennukset\/","title":{"rendered":"Alennukset"},"content":{"rendered":"\n<h3 class=\"wp-block-heading\">El\u00e4kel\u00e4isalennus<\/h3>\n\n\n\n<p>Vuonna 1960 tai sit\u00e4 ennen syntyneille el\u00e4kel\u00e4isille annamme 20 % alennuksen yli 50 \u20ac:n arvoisista 830-alkuisista liikuntakursseista (ei tanssi eik\u00e4 sirkus)<strong>. <\/strong>Alennus huomioidaan laskutuksessa ilmoittautumisen j\u00e4lkeen.<\/p>\n\n\n\n<p>Nuorempien el\u00e4kel\u00e4isten on esitett\u00e4v\u00e4 ty\u00f6el\u00e4kekortti viimeist\u00e4\u00e4n viikkoa ennen kurssin alkua. Sen voi l\u00e4hett\u00e4\u00e4 s\u00e4hk\u00f6isesti vop.toimisto@kktavastia.fi tai n\u00e4ytt\u00e4\u00e4 asiakas\u00adpalvelussamme, mik\u00e4li sit\u00e4 ei ole aiemmin esitetty. Laskutuk\u00adsen j\u00e4lkeen alennusta ei en\u00e4\u00e4 huomioida.<\/p>\n\n\n\n<p>Jos olet oikeutettu el\u00e4kel\u00e4isalennukseen, niin ohita\u00a0maksaminen verkkokaupassa\u00ad.\u00a0Kurssipaikka s\u00e4ilyy, vaikka ohitat verkkomaksamisen ja poistut sivulta maksamatta.\u00a0L\u00e4het\u00e4mme laskun, jossa alennus on huomioitu.\u00a0Laskutuksen j\u00e4lkeen alennusta ei en\u00e4\u00e4 huomioida.<\/p>\n\n\n\n<h3 class=\"wp-block-heading\">Ty\u00f6tt\u00f6m\u00e4n alennus<\/h3>\n\n\n\n<p>Ty\u00f6tt\u00f6m\u00e4t ty\u00f6nhakijat saavat 50 % alennuksen yli 50 \u20ac:n arvoisista omista kursseistaan lukuun otta\u00admatta yksil\u00f6- ja pienryhm\u00e4opetusta, taiteen perusopetusta ja avointa yliopisto-opetusta. Ty\u00f6tt\u00f6m\u00e4n alennuksen saa toimittamalla todistuksen ty\u00f6nhaun voimassaolosta. Todistuk\u00adsen saa Ty\u00f6markkinatorin <a href=\"https:\/\/tyomarkkinatori.fi\/henkiloasiakkaat\">Oma asiointi -verkkopalvelusta<\/a> ja sen voi l\u00e4hett\u00e4\u00e4 vop.toimisto@kktavastia.fi tai tuoda <a href=\"https:\/\/www.kktavastia.fi\/vanajaveden-opisto\/asiakaspalvelu\/toimisto\/\">asiakaspalveluumme<\/a> viimeist\u00e4\u00e4n viikkoa ennen kurssin alkua, jotta alennus ehdit\u00e4\u00e4n huomioida ennen laskutusta.\u00a0\u00a0\u00adLaskutuksen j\u00e4lkeen alennusta ei en\u00e4\u00e4 huomioida.\u00a0Todistus on voimassa koko lukuvuoden.<\/p>\n\n\n\n<p>Jos olet oikeutettu ty\u00f6tt\u00f6m\u00e4n alennukseen, niin ohita\u00a0maksaminen verkkokaupassa.\u00a0Kurssipaikka s\u00e4ilyy, vaikka ohitat verkkomaksamisen ja poistut sivulta maksamatta.\u00a0L\u00e4het\u00e4mme laskun, jossa alennus on huomioitu edellytt\u00e4en, ett\u00e4 olet toimittanut todistuksen ty\u00f6nhaun voimassaolosta viimeist\u00e4\u00e4n viikkoa ennen kurssin alkamista.<\/p>\n\n\n\n<p>Janakkalan kunta my\u00f6nt\u00e4\u00e4 hakemuksesta enint\u00e4\u00e4n 50 \u20ac opintosetelin ty\u00f6tt\u00f6mille janakka\u00adlalaisille. Etua haetaan kunnan henkil\u00f6st\u00f6johtajalta Janakkalan kunnan nettisivuilta ja palvelutoimisto Lyylist\u00e4 saatavalla lomakkeella.<\/p>\n\n\n\n<h3 class=\"wp-block-heading\">Opistosetelikurssit<\/h3>\n\n\n\n<p>Ns. opintosetelikursseilla on jo alennettu hinta ja n\u00e4ilt\u00e4 kursseilta ei tule en\u00e4\u00e4 muita alennuksia. Kurssimaksun alennus on mainittu kurssin tiedoissa.<\/p>\n","protected":false},"excerpt":{"rendered":"<p>El\u00e4kel\u00e4isalennus Vuonna 1960 tai sit\u00e4 ennen syntyneille el\u00e4kel\u00e4isille annamme 20 % alennuksen yli 50 \u20ac:n arvoisista 830-alkuisista liikuntakursseista (ei tanssi [&hellip;]<\/p>\n","protected":false},"author":4,"featured_media":0,"parent":19311,"menu_order":2,"comment_status":"closed","ping_status":"closed","template":"","meta":{"_acf_changed":false,"_relevanssi_hide_post":"","_relevanssi_hide_content":"","_relevanssi_pin_for_all":"","_relevanssi_pin_keywords":"","_relevanssi_unpin_keywords":"","_relevanssi_related_keywords":"","_relevanssi_related_include_ids":"","_relevanssi_related_exclude_ids":"","_relevanssi_related_no_append":"","_relevanssi_related_not_related":"","_relevanssi_related_posts":"7382,12201,869,7428,7000,732","_relevanssi_noindex_reason":"","footnotes":""},"class_list":["post-741","page","type-page","status-publish","hentry"],"acf":[],"yoast_head":"<title>Alennukset VOPissa | Alennukset Vanajaveden Opistossa<\/title>\n<meta name=\"description\" content=\"Alennukset VOPin kursseista: katso alennusperusteet Vanajaveden Opiston kurssimaksuista t\u00e4lt\u00e4 sivulta!\" \/>\n<meta name=\"robots\" content=\"index, follow, max-snippet:-1, max-image-preview:large, max-video-preview:-1\" \/>\n<link rel=\"canonical\" href=\"https:\/\/www.kktavastia.fi\/vanajaveden-opisto\/asiakaspalvelu\/ilmoittautumisohjeet-2\/alennukset\/\" \/>\n<meta property=\"og:locale\" content=\"fi_FI\" \/>\n<meta property=\"og:type\" content=\"article\" \/>\n<meta property=\"og:title\" content=\"Alennukset VOPissa | Alennukset Vanajaveden Opistossa\" \/>\n<meta property=\"og:description\" content=\"Alennukset VOPin kursseista: katso alennusperusteet Vanajaveden Opiston kurssimaksuista t\u00e4lt\u00e4 sivulta!\" \/>\n<meta property=\"og:url\" content=\"https:\/\/www.kktavastia.fi\/vanajaveden-opisto\/asiakaspalvelu\/ilmoittautumisohjeet-2\/alennukset\/\" \/>\n<meta property=\"og:site_name\" content=\"Vanajaveden Opisto\" \/>\n<meta property=\"article:modified_time\" content=\"2025-04-10T12:08:41+00:00\" \/>\n<meta name=\"twitter:card\" content=\"summary_large_image\" \/>\n<script type=\"application\/ld+json\" class=\"yoast-schema-graph\">{\"@context\":\"https:\\\/\\\/schema.org\",\"@graph\":[{\"@type\":\"WebPage\",\"@id\":\"https:\\\/\\\/www.kktavastia.fi\\\/vanajaveden-opisto\\\/asiakaspalvelu\\\/ilmoittautumisohjeet-2\\\/alennukset\\\/\",\"url\":\"https:\\\/\\\/www.kktavastia.fi\\\/vanajaveden-opisto\\\/asiakaspalvelu\\\/ilmoittautumisohjeet-2\\\/alennukset\\\/\",\"name\":\"Alennukset VOPissa | Alennukset Vanajaveden Opistossa\",\"isPartOf\":{\"@id\":\"https:\\\/\\\/www.kktavastia.fi\\\/vanajaveden-opisto\\\/#website\"},\"datePublished\":\"2020-12-09T10:51:41+00:00\",\"dateModified\":\"2025-04-10T12:08:41+00:00\",\"description\":\"Alennukset VOPin kursseista: katso alennusperusteet Vanajaveden Opiston kurssimaksuista t\u00e4lt\u00e4 sivulta!\",\"breadcrumb\":{\"@id\":\"https:\\\/\\\/www.kktavastia.fi\\\/vanajaveden-opisto\\\/asiakaspalvelu\\\/ilmoittautumisohjeet-2\\\/alennukset\\\/#breadcrumb\"},\"inLanguage\":\"fi\",\"potentialAction\":[{\"@type\":\"ReadAction\",\"target\":[\"https:\\\/\\\/www.kktavastia.fi\\\/vanajaveden-opisto\\\/asiakaspalvelu\\\/ilmoittautumisohjeet-2\\\/alennukset\\\/\"]}]},{\"@type\":\"BreadcrumbList\",\"@id\":\"https:\\\/\\\/www.kktavastia.fi\\\/vanajaveden-opisto\\\/asiakaspalvelu\\\/ilmoittautumisohjeet-2\\\/alennukset\\\/#breadcrumb\",\"itemListElement\":[{\"@type\":\"ListItem\",\"position\":1,\"name\":\"Home\",\"item\":\"https:\\\/\\\/www.kktavastia.fi\\\/vanajaveden-opisto\\\/\"},{\"@type\":\"ListItem\",\"position\":2,\"name\":\"Asiakaspalvelu\",\"item\":\"https:\\\/\\\/www.kktavastia.fi\\\/vanajaveden-opisto\\\/asiakaspalvelu\\\/\"},{\"@type\":\"ListItem\",\"position\":3,\"name\":\"Ilmoittautumisohjeet\",\"item\":\"https:\\\/\\\/www.kktavastia.fi\\\/vanajaveden-opisto\\\/asiakaspalvelu\\\/ilmoittautumisohjeet-2\\\/\"},{\"@type\":\"ListItem\",\"position\":4,\"name\":\"Alennukset\"}]},{\"@type\":\"WebSite\",\"@id\":\"https:\\\/\\\/www.kktavastia.fi\\\/vanajaveden-opisto\\\/#website\",\"url\":\"https:\\\/\\\/www.kktavastia.fi\\\/vanajaveden-opisto\\\/\",\"name\":\"Vanajaveden Opisto\",\"description\":\"\",\"potentialAction\":[{\"@type\":\"SearchAction\",\"target\":{\"@type\":\"EntryPoint\",\"urlTemplate\":\"https:\\\/\\\/www.kktavastia.fi\\\/vanajaveden-opisto\\\/?s={search_term_string}\"},\"query-input\":{\"@type\":\"PropertyValueSpecification\",\"valueRequired\":true,\"valueName\":\"search_term_string\"}}],\"inLanguage\":\"fi\"}]}<\/script>","yoast_head_json":{"title":"Alennukset VOPissa | Alennukset Vanajaveden Opistossa","description":"Alennukset VOPin kursseista: katso alennusperusteet Vanajaveden Opiston kurssimaksuista t\u00e4lt\u00e4 sivulta!","robots":{"index":"index","follow":"follow","max-snippet":"max-snippet:-1","max-image-preview":"max-image-preview:large","max-video-preview":"max-video-preview:-1"},"canonical":"https:\/\/www.kktavastia.fi\/vanajaveden-opisto\/asiakaspalvelu\/ilmoittautumisohjeet-2\/alennukset\/","og_locale":"fi_FI","og_type":"article","og_title":"Alennukset VOPissa | Alennukset Vanajaveden Opistossa","og_description":"Alennukset VOPin kursseista: katso alennusperusteet Vanajaveden Opiston kurssimaksuista t\u00e4lt\u00e4 sivulta!","og_url":"https:\/\/www.kktavastia.fi\/vanajaveden-opisto\/asiakaspalvelu\/ilmoittautumisohjeet-2\/alennukset\/","og_site_name":"Vanajaveden Opisto","article_modified_time":"2025-04-10T12:08:41+00:00","twitter_card":"summary_large_image","schema":{"@context":"https:\/\/schema.org","@graph":[{"@type":"WebPage","@id":"https:\/\/www.kktavastia.fi\/vanajaveden-opisto\/asiakaspalvelu\/ilmoittautumisohjeet-2\/alennukset\/","url":"https:\/\/www.kktavastia.fi\/vanajaveden-opisto\/asiakaspalvelu\/ilmoittautumisohjeet-2\/alennukset\/","name":"Alennukset VOPissa | Alennukset Vanajaveden Opistossa","isPartOf":{"@id":"https:\/\/www.kktavastia.fi\/vanajaveden-opisto\/#website"},"datePublished":"2020-12-09T10:51:41+00:00","dateModified":"2025-04-10T12:08:41+00:00","description":"Alennukset VOPin kursseista: katso alennusperusteet Vanajaveden Opiston kurssimaksuista t\u00e4lt\u00e4 sivulta!","breadcrumb":{"@id":"https:\/\/www.kktavastia.fi\/vanajaveden-opisto\/asiakaspalvelu\/ilmoittautumisohjeet-2\/alennukset\/#breadcrumb"},"inLanguage":"fi","potentialAction":[{"@type":"ReadAction","target":["https:\/\/www.kktavastia.fi\/vanajaveden-opisto\/asiakaspalvelu\/ilmoittautumisohjeet-2\/alennukset\/"]}]},{"@type":"BreadcrumbList","@id":"https:\/\/www.kktavastia.fi\/vanajaveden-opisto\/asiakaspalvelu\/ilmoittautumisohjeet-2\/alennukset\/#breadcrumb","itemListElement":[{"@type":"ListItem","position":1,"name":"Home","item":"https:\/\/www.kktavastia.fi\/vanajaveden-opisto\/"},{"@type":"ListItem","position":2,"name":"Asiakaspalvelu","item":"https:\/\/www.kktavastia.fi\/vanajaveden-opisto\/asiakaspalvelu\/"},{"@type":"ListItem","position":3,"name":"Ilmoittautumisohjeet","item":"https:\/\/www.kktavastia.fi\/vanajaveden-opisto\/asiakaspalvelu\/ilmoittautumisohjeet-2\/"},{"@type":"ListItem","position":4,"name":"Alennukset"}]},{"@type":"WebSite","@id":"https:\/\/www.kktavastia.fi\/vanajaveden-opisto\/#website","url":"https:\/\/www.kktavastia.fi\/vanajaveden-opisto\/","name":"Vanajaveden Opisto","description":"","potentialAction":[{"@type":"SearchAction","target":{"@type":"EntryPoint","urlTemplate":"https:\/\/www.kktavastia.fi\/vanajaveden-opisto\/?s={search_term_string}"},"query-input":{"@type":"PropertyValueSpecification","valueRequired":true,"valueName":"search_term_string"}}],"inLanguage":"fi"}]}},"_links":{"self":[{"href":"https:\/\/www.kktavastia.fi\/vanajaveden-opisto\/wp-json\/wp\/v2\/pages\/741","targetHints":{"allow":["GET"]}}],"collection":[{"href":"https:\/\/www.kktavastia.fi\/vanajaveden-opisto\/wp-json\/wp\/v2\/pages"}],"about":[{"href":"https:\/\/www.kktavastia.fi\/vanajaveden-opisto\/wp-json\/wp\/v2\/types\/page"}],"author":[{"embeddable":true,"href":"https:\/\/www.kktavastia.fi\/vanajaveden-opisto\/wp-json\/wp\/v2\/users\/4"}],"replies":[{"embeddable":true,"href":"https:\/\/www.kktavastia.fi\/vanajaveden-opisto\/wp-json\/wp\/v2\/comments?post=741"}],"version-history":[{"count":22,"href":"https:\/\/www.kktavastia.fi\/vanajaveden-opisto\/wp-json\/wp\/v2\/pages\/741\/revisions"}],"predecessor-version":[{"id":19769,"href":"https:\/\/www.kktavastia.fi\/vanajaveden-opisto\/wp-json\/wp\/v2\/pages\/741\/revisions\/19769"}],"up":[{"embeddable":true,"href":"https:\/\/www.kktavastia.fi\/vanajaveden-opisto\/wp-json\/wp\/v2\/pages\/19311"}],"wp:attachment":[{"href":"https:\/\/www.kktavastia.fi\/vanajaveden-opisto\/wp-json\/wp\/v2\/media?parent=741"}],"curies":[{"name":"wp","href":"https:\/\/api.w.org\/{rel}","templated":true}]}}