{"id":739,"date":"2020-12-09T12:51:25","date_gmt":"2020-12-09T10:51:25","guid":{"rendered":"https:\/\/kktavastia.vaiheessa.fi\/vanajaveden-opisto\/?page_id=739"},"modified":"2025-04-11T12:58:36","modified_gmt":"2025-04-11T09:58:36","slug":"kurssipaikan-peruminen","status":"publish","type":"page","link":"https:\/\/www.kktavastia.fi\/vanajaveden-opisto\/asiakaspalvelu\/ilmoittautumisohjeet-2\/kurssipaikan-peruminen\/","title":{"rendered":"Kurssipaikan perumisehdot"},"content":{"rendered":"\n<h4 class=\"wp-block-heading\">Osallistumisen perumisen voi tehd\u00e4:<\/h4>\n\n\n\n<ul class=\"wp-block-list\">\n<li>s\u00e4hk\u00f6postitse vop.toimisto@kktavastia.fi<\/li>\n\n\n\n<li>opiston asiakaspalveluun, puh. 03 658 1800<\/li>\n\n\n\n<li><a href=\"http:\/\/uusi.opistopalvelut.fi\/vanajavesi\">ilmoittautumissivulta<\/a> ja sielt\u00e4 &#8221;Omat ilmoittautumiset&#8221;<\/li>\n\n\n\n<li>ilmoittautumissivulle p\u00e4\u00e4set my\u00f6s s\u00e4hk\u00f6\u00adpostiin tulleesta vahvistuksesta kohdasta \u201cTarkista ilmoittautumistiedot t\u00e4st\u00e4\u201d<\/li>\n<\/ul>\n\n\n\n<p>Laskun maksamatta j\u00e4tt\u00e4minen, opettajalle ilmoittaminen tai kurssilta poisj\u00e4\u00e4minen ei ole peruutus. Perumisen ajankohdan mukaan peruminen on maksutonta tai maksullista.<\/p>\n\n\n\n<h3 class=\"wp-block-heading\">Maksuton peruminen<\/h3>\n\n\n\n<p>Voit perua ilmoittautumisen maksutta viimeist\u00e4\u00e4n 7 p\u00e4iv\u00e4\u00e4 ennen kurssin alkamista. Mahdolliset kurssikohtaiset poikkeukset mainittu kurssin tiedoissa. Kurssin alkaminen vahvistuu maksuttoman perumisajan j\u00e4lkeen.<\/p>\n\n\n\n<h3 class=\"wp-block-heading\">Maksullinen peruminen<\/h3>\n\n\n\n<h4 class=\"wp-block-heading\">Puolet kurssimaksusta (sis\u00e4lt\u00e4\u00e4 my\u00f6s tarvikemaksut)<\/h4>\n\n\n\n<ul class=\"wp-block-list\">\n<li>Kun perut osallistumisesi edell\u00e4 mainitun maksuttoman 7 p\u00e4iv\u00e4n tai kurssikohtaisen perumisp\u00e4iv\u00e4n j\u00e4lkeen ja<br>&#8211; kuitenkin p\u00e4iv\u00e4\u00e4 ennen kurssin ensimm\u00e4ist\u00e4 kokoontumista ja<br>&#8211; kurssille j\u00e4\u00e4 tarvittava minimim\u00e4\u00e4r\u00e4 opiskelijoita.<\/li>\n<\/ul>\n\n\n\n<h4 class=\"wp-block-heading\">Koko kurssimaksu (sis\u00e4lt\u00e4\u00e4 my\u00f6s tarvikemaksut)<\/h4>\n\n\n\n<ul class=\"wp-block-list\">\n<li>Kun perut osallistumisesi edell\u00e4 mainitun maksuttoman 7 p\u00e4iv\u00e4n tai kurssikohtaisen perumisp\u00e4iv\u00e4n j\u00e4lkeen, mutta kurssille ei j\u00e4\u00e4 tarvittavaa minim\u00e4\u00e4r\u00e4\u00e4 opiskelijoita.<\/li>\n\n\n\n<li>Kun perut osallistumisesi kurssin jo alettua, on kurssimaksu maksettava kokonaan.<\/li>\n<\/ul>\n\n\n\n<h3 class=\"wp-block-heading\">Lyhytkurssit<\/h3>\n\n\n\n<p>Lyhytkurssien (= kokoontumiskertoja 1\u20133) maksuton peruminen on aina 7 p\u00e4iv\u00e4\u00e4 ennen kurssin alkamisp\u00e4iv\u00e4\u00e4, jonka j\u00e4lkeen kurssimaksu j\u00e4\u00e4 maksettavaksi kokonaisuudessaan (my\u00f6s kurssimaksuun sis\u00e4ltyv\u00e4t tarvikemaksut).<\/p>\n\n\n\n<h3 class=\"wp-block-heading\">Kahdessa er\u00e4ss\u00e4 laskutetut kurssimaksut<\/h3>\n\n\n\n<p>Koko lukuvuoden kest\u00e4vien kurssien maksuista osa&nbsp;laskutetaan kahdessa er\u00e4ss\u00e4 ja ilmoittautuessasi sitoudut maksamaan kurssimaksun&nbsp;molemmat laskuer\u00e4t.&nbsp;<\/p>\n\n\n\n<h3 class=\"wp-block-heading\">Maksun palautus<\/h3>\n\n\n\n<p>Jos kurssimaksu on maksettu verkkopankissa ilmoittautumisen yhteydess\u00e4, niin maksu palautetaan maksajan tilille edellytt\u00e4en, ett\u00e4 peruminen on tehty perumisohjeiden mukaisesti. Samoin kurssimaksu palautetaan, jos kurssi ei toteudu liian v\u00e4h\u00e4isen osallistujam\u00e4\u00e4r\u00e4n takia. Ty\u00f6nantajan kulttuuri-\/liikuntaetuuksilla maksettuja summia ei p\u00e4\u00e4s\u00e4\u00e4nt\u00f6isesti voi palauttaa, mutta suoritetun maksun voi siirt\u00e4\u00e4 toiseen kurssiin.<\/p>\n\n\n\n<h3 class=\"wp-block-heading\">Osallistumisen peruminen Lasten Liikunnan Tuen kes\u00e4kursseille<\/h3>\n\n\n\n<p>Lasten Liikunnan Tuen kes\u00e4kurssien osallistumismaksu maksetaan heti netti-ilmoittautumisen yhteydess\u00e4 ja maksamaton ilmoittautuminen peruuntuu heti. Kes\u00e4kurssien osallistumisen voi perua 14 pv ennen kurssin alkamista, jolloin maksu palautetaan maksajan tilille. T\u00e4m\u00e4n j\u00e4lkeen osallistuminen on sitova ja maksua ei palauteta. Kurssimaksu palautetaan, jos kurssi ei toteudu liian v\u00e4h\u00e4isen osallistujam\u00e4\u00e4r\u00e4n takia.<\/p>\n\n\n\n<h3 class=\"wp-block-heading\">Kurssin vaihtaminen<\/h3>\n\n\n\n<p>Jos kurssi osoittautuu tasoltaan liian helpoksi tai vaikeaksi, sinulla on mahdollisuus vaihtaa kurssi kerran lukuvuoden aikana. Kurssin voit vaihtaa my\u00f6s toisen ainealueen kurssiin. Kurssimaksuja emme palauta, mutta maksun voit siirt\u00e4\u00e4 toiseen kurssiin. Vaihto onnistuu, jos alkuper\u00e4iselle kurssille j\u00e4\u00e4 riitt\u00e4v\u00e4sti opiskelijoita ja vaihtokurssilla ei ole ket\u00e4\u00e4n jonossa. Vaihtaja ei voi ohittaa kurssin varallaolijoita<\/p>\n","protected":false},"excerpt":{"rendered":"<p>Osallistumisen perumisen voi tehd\u00e4: Laskun maksamatta j\u00e4tt\u00e4minen, opettajalle ilmoittaminen tai kurssilta poisj\u00e4\u00e4minen ei ole peruutus. Perumisen ajankohdan mukaan peruminen on [&hellip;]<\/p>\n","protected":false},"author":4,"featured_media":0,"parent":19311,"menu_order":3,"comment_status":"closed","ping_status":"closed","template":"","meta":{"_acf_changed":false,"_relevanssi_hide_post":"","_relevanssi_hide_content":"","_relevanssi_pin_for_all":"","_relevanssi_pin_keywords":"","_relevanssi_unpin_keywords":"","_relevanssi_related_keywords":"","_relevanssi_related_include_ids":"","_relevanssi_related_exclude_ids":"","_relevanssi_related_no_append":"","_relevanssi_related_not_related":"","_relevanssi_related_posts":"19311,724,732,737,7382,7782","_relevanssi_noindex_reason":"","footnotes":""},"class_list":["post-739","page","type-page","status-publish","hentry"],"acf":[],"yoast_head":"<title>Kurssipaikan peruminen | VOP | Vanajaveden Opisto | Peruutus<\/title>\n<meta name=\"description\" content=\"Kurssipaikan peruminen VOPissa: Katso ohjeet kurssipaikan peruutukseen Vanajaveden Opistossa t\u00e4lt\u00e4 sivulta.\" \/>\n<meta name=\"robots\" content=\"index, follow, max-snippet:-1, max-image-preview:large, max-video-preview:-1\" \/>\n<link rel=\"canonical\" href=\"https:\/\/www.kktavastia.fi\/vanajaveden-opisto\/asiakaspalvelu\/ilmoittautumisohjeet-2\/kurssipaikan-peruminen\/\" \/>\n<meta property=\"og:locale\" content=\"fi_FI\" \/>\n<meta property=\"og:type\" content=\"article\" \/>\n<meta property=\"og:title\" content=\"Kurssipaikan peruminen | VOP | Vanajaveden Opisto | Peruutus\" \/>\n<meta property=\"og:description\" content=\"Kurssipaikan peruminen VOPissa: Katso ohjeet kurssipaikan peruutukseen Vanajaveden Opistossa t\u00e4lt\u00e4 sivulta.\" \/>\n<meta property=\"og:url\" content=\"https:\/\/www.kktavastia.fi\/vanajaveden-opisto\/asiakaspalvelu\/ilmoittautumisohjeet-2\/kurssipaikan-peruminen\/\" \/>\n<meta property=\"og:site_name\" content=\"Vanajaveden Opisto\" \/>\n<meta property=\"article:modified_time\" content=\"2025-04-11T09:58:36+00:00\" \/>\n<meta name=\"twitter:card\" content=\"summary_large_image\" \/>\n<script type=\"application\/ld+json\" class=\"yoast-schema-graph\">{\"@context\":\"https:\\\/\\\/schema.org\",\"@graph\":[{\"@type\":\"WebPage\",\"@id\":\"https:\\\/\\\/www.kktavastia.fi\\\/vanajaveden-opisto\\\/asiakaspalvelu\\\/ilmoittautumisohjeet-2\\\/kurssipaikan-peruminen\\\/\",\"url\":\"https:\\\/\\\/www.kktavastia.fi\\\/vanajaveden-opisto\\\/asiakaspalvelu\\\/ilmoittautumisohjeet-2\\\/kurssipaikan-peruminen\\\/\",\"name\":\"Kurssipaikan peruminen | VOP | Vanajaveden Opisto | Peruutus\",\"isPartOf\":{\"@id\":\"https:\\\/\\\/www.kktavastia.fi\\\/vanajaveden-opisto\\\/#website\"},\"datePublished\":\"2020-12-09T10:51:25+00:00\",\"dateModified\":\"2025-04-11T09:58:36+00:00\",\"description\":\"Kurssipaikan peruminen VOPissa: Katso ohjeet kurssipaikan peruutukseen Vanajaveden Opistossa t\u00e4lt\u00e4 sivulta.\",\"breadcrumb\":{\"@id\":\"https:\\\/\\\/www.kktavastia.fi\\\/vanajaveden-opisto\\\/asiakaspalvelu\\\/ilmoittautumisohjeet-2\\\/kurssipaikan-peruminen\\\/#breadcrumb\"},\"inLanguage\":\"fi\",\"potentialAction\":[{\"@type\":\"ReadAction\",\"target\":[\"https:\\\/\\\/www.kktavastia.fi\\\/vanajaveden-opisto\\\/asiakaspalvelu\\\/ilmoittautumisohjeet-2\\\/kurssipaikan-peruminen\\\/\"]}]},{\"@type\":\"BreadcrumbList\",\"@id\":\"https:\\\/\\\/www.kktavastia.fi\\\/vanajaveden-opisto\\\/asiakaspalvelu\\\/ilmoittautumisohjeet-2\\\/kurssipaikan-peruminen\\\/#breadcrumb\",\"itemListElement\":[{\"@type\":\"ListItem\",\"position\":1,\"name\":\"Home\",\"item\":\"https:\\\/\\\/www.kktavastia.fi\\\/vanajaveden-opisto\\\/\"},{\"@type\":\"ListItem\",\"position\":2,\"name\":\"Asiakaspalvelu\",\"item\":\"https:\\\/\\\/www.kktavastia.fi\\\/vanajaveden-opisto\\\/asiakaspalvelu\\\/\"},{\"@type\":\"ListItem\",\"position\":3,\"name\":\"Ilmoittautumisohjeet\",\"item\":\"https:\\\/\\\/www.kktavastia.fi\\\/vanajaveden-opisto\\\/asiakaspalvelu\\\/ilmoittautumisohjeet-2\\\/\"},{\"@type\":\"ListItem\",\"position\":4,\"name\":\"Kurssipaikan perumisehdot\"}]},{\"@type\":\"WebSite\",\"@id\":\"https:\\\/\\\/www.kktavastia.fi\\\/vanajaveden-opisto\\\/#website\",\"url\":\"https:\\\/\\\/www.kktavastia.fi\\\/vanajaveden-opisto\\\/\",\"name\":\"Vanajaveden Opisto\",\"description\":\"\",\"potentialAction\":[{\"@type\":\"SearchAction\",\"target\":{\"@type\":\"EntryPoint\",\"urlTemplate\":\"https:\\\/\\\/www.kktavastia.fi\\\/vanajaveden-opisto\\\/?s={search_term_string}\"},\"query-input\":{\"@type\":\"PropertyValueSpecification\",\"valueRequired\":true,\"valueName\":\"search_term_string\"}}],\"inLanguage\":\"fi\"}]}<\/script>","yoast_head_json":{"title":"Kurssipaikan peruminen | VOP | Vanajaveden Opisto | Peruutus","description":"Kurssipaikan peruminen VOPissa: Katso ohjeet kurssipaikan peruutukseen Vanajaveden Opistossa t\u00e4lt\u00e4 sivulta.","robots":{"index":"index","follow":"follow","max-snippet":"max-snippet:-1","max-image-preview":"max-image-preview:large","max-video-preview":"max-video-preview:-1"},"canonical":"https:\/\/www.kktavastia.fi\/vanajaveden-opisto\/asiakaspalvelu\/ilmoittautumisohjeet-2\/kurssipaikan-peruminen\/","og_locale":"fi_FI","og_type":"article","og_title":"Kurssipaikan peruminen | VOP | Vanajaveden Opisto | Peruutus","og_description":"Kurssipaikan peruminen VOPissa: Katso ohjeet kurssipaikan peruutukseen Vanajaveden Opistossa t\u00e4lt\u00e4 sivulta.","og_url":"https:\/\/www.kktavastia.fi\/vanajaveden-opisto\/asiakaspalvelu\/ilmoittautumisohjeet-2\/kurssipaikan-peruminen\/","og_site_name":"Vanajaveden Opisto","article_modified_time":"2025-04-11T09:58:36+00:00","twitter_card":"summary_large_image","schema":{"@context":"https:\/\/schema.org","@graph":[{"@type":"WebPage","@id":"https:\/\/www.kktavastia.fi\/vanajaveden-opisto\/asiakaspalvelu\/ilmoittautumisohjeet-2\/kurssipaikan-peruminen\/","url":"https:\/\/www.kktavastia.fi\/vanajaveden-opisto\/asiakaspalvelu\/ilmoittautumisohjeet-2\/kurssipaikan-peruminen\/","name":"Kurssipaikan peruminen | VOP | Vanajaveden Opisto | Peruutus","isPartOf":{"@id":"https:\/\/www.kktavastia.fi\/vanajaveden-opisto\/#website"},"datePublished":"2020-12-09T10:51:25+00:00","dateModified":"2025-04-11T09:58:36+00:00","description":"Kurssipaikan peruminen VOPissa: Katso ohjeet kurssipaikan peruutukseen Vanajaveden Opistossa t\u00e4lt\u00e4 sivulta.","breadcrumb":{"@id":"https:\/\/www.kktavastia.fi\/vanajaveden-opisto\/asiakaspalvelu\/ilmoittautumisohjeet-2\/kurssipaikan-peruminen\/#breadcrumb"},"inLanguage":"fi","potentialAction":[{"@type":"ReadAction","target":["https:\/\/www.kktavastia.fi\/vanajaveden-opisto\/asiakaspalvelu\/ilmoittautumisohjeet-2\/kurssipaikan-peruminen\/"]}]},{"@type":"BreadcrumbList","@id":"https:\/\/www.kktavastia.fi\/vanajaveden-opisto\/asiakaspalvelu\/ilmoittautumisohjeet-2\/kurssipaikan-peruminen\/#breadcrumb","itemListElement":[{"@type":"ListItem","position":1,"name":"Home","item":"https:\/\/www.kktavastia.fi\/vanajaveden-opisto\/"},{"@type":"ListItem","position":2,"name":"Asiakaspalvelu","item":"https:\/\/www.kktavastia.fi\/vanajaveden-opisto\/asiakaspalvelu\/"},{"@type":"ListItem","position":3,"name":"Ilmoittautumisohjeet","item":"https:\/\/www.kktavastia.fi\/vanajaveden-opisto\/asiakaspalvelu\/ilmoittautumisohjeet-2\/"},{"@type":"ListItem","position":4,"name":"Kurssipaikan perumisehdot"}]},{"@type":"WebSite","@id":"https:\/\/www.kktavastia.fi\/vanajaveden-opisto\/#website","url":"https:\/\/www.kktavastia.fi\/vanajaveden-opisto\/","name":"Vanajaveden Opisto","description":"","potentialAction":[{"@type":"SearchAction","target":{"@type":"EntryPoint","urlTemplate":"https:\/\/www.kktavastia.fi\/vanajaveden-opisto\/?s={search_term_string}"},"query-input":{"@type":"PropertyValueSpecification","valueRequired":true,"valueName":"search_term_string"}}],"inLanguage":"fi"}]}},"_links":{"self":[{"href":"https:\/\/www.kktavastia.fi\/vanajaveden-opisto\/wp-json\/wp\/v2\/pages\/739","targetHints":{"allow":["GET"]}}],"collection":[{"href":"https:\/\/www.kktavastia.fi\/vanajaveden-opisto\/wp-json\/wp\/v2\/pages"}],"about":[{"href":"https:\/\/www.kktavastia.fi\/vanajaveden-opisto\/wp-json\/wp\/v2\/types\/page"}],"author":[{"embeddable":true,"href":"https:\/\/www.kktavastia.fi\/vanajaveden-opisto\/wp-json\/wp\/v2\/users\/4"}],"replies":[{"embeddable":true,"href":"https:\/\/www.kktavastia.fi\/vanajaveden-opisto\/wp-json\/wp\/v2\/comments?post=739"}],"version-history":[{"count":25,"href":"https:\/\/www.kktavastia.fi\/vanajaveden-opisto\/wp-json\/wp\/v2\/pages\/739\/revisions"}],"predecessor-version":[{"id":19791,"href":"https:\/\/www.kktavastia.fi\/vanajaveden-opisto\/wp-json\/wp\/v2\/pages\/739\/revisions\/19791"}],"up":[{"embeddable":true,"href":"https:\/\/www.kktavastia.fi\/vanajaveden-opisto\/wp-json\/wp\/v2\/pages\/19311"}],"wp:attachment":[{"href":"https:\/\/www.kktavastia.fi\/vanajaveden-opisto\/wp-json\/wp\/v2\/media?parent=739"}],"curies":[{"name":"wp","href":"https:\/\/api.w.org\/{rel}","templated":true}]}}