{"id":7388,"date":"2021-02-03T13:11:28","date_gmt":"2021-02-03T11:11:28","guid":{"rendered":"https:\/\/kktavastia.vaiheessa.fi\/vanajaveden-opisto\/?page_id=7388"},"modified":"2025-09-12T08:41:50","modified_gmt":"2025-09-12T05:41:50","slug":"tekstiilit-uusiks-2025","status":"publish","type":"page","link":"https:\/\/www.kktavastia.fi\/vanajaveden-opisto\/tietoa-opistosta\/lisatietoja-kursseista\/tekstiilit-uusiks-2025\/","title":{"rendered":"Tekstiilit Uusiks"},"content":{"rendered":"\n<h3 class=\"wp-block-heading is-style-ingress\">Tekstiilit Uusiks 2025 -tapahtuma \u2013 osaamista, taitoa ja iloa!<\/h3>\n\n\n\n<p class=\"is-style-ingress\">Tekstiilit Uusiks 2025 -tapahtuma j\u00e4rjestet\u00e4\u00e4n H\u00e4meenlinnassa 12.\u201313.9.2025. Tapahtuma innostaa pident\u00e4m\u00e4\u00e4n tekstiilien ja vaatteiden k\u00e4ytt\u00f6ik\u00e4\u00e4 jakamalla ideoita, tietoa ja osaamista. <\/p>\n\n\n\n<p><em>Korjaaminen ja kunnostus<\/em> on Taitoliiton nime\u00e4m\u00e4 vuoden 2025 teema. Tapahtumak\u00e4vij\u00e4t saavat ideoita tekstiilien uudelleen k\u00e4ytt\u00e4misest\u00e4, huoltamisesta, vaatteiden korjaamisesta ja muokkaamisesta \u2013 kenkien huoltamista unohtamatta. K\u00e4vij\u00e4t p\u00e4\u00e4sev\u00e4t tutustumaan oppilaitosten toimintaan, kursseihin ja k\u00e4sity\u00f6n tarjoamiin mahdollisuuksiin.<\/p>\n\n\n\n<h3 class=\"wp-block-heading\">Tapahtumap\u00e4iv\u00e4n 13.9. ohjelma<\/h3>\n\n\n\n<p>Aika: klo 10\u201315<br>Paikka: Jaakonkatu 28 (Maksutonta pys\u00e4k\u00f6intitilaa on runsaasti rakennusten ymp\u00e4rill\u00e4.)<br>Tapahtumaan on vapaa p\u00e4\u00e4sy. <br><\/p>\n\n\n\n<h4 class=\"wp-block-heading\"><strong>N\u00e4yttely<\/strong><\/h4>\n\n\n\n<p>Esill\u00e4 tapahtumaa j\u00e4rjest\u00e4vien oppilaitosten opiskelijoiden ja opettajien ideoita tekstiilien uudelleen k\u00e4ytt\u00e4misest\u00e4, vaatteiden korjaamisesta ja muokkaamisesta. Pelastan p\u00f6yt\u00e4liinoja -n\u00e4yttely esittelee suomalaisia kudottuja p\u00f6yt\u00e4liinoja, mm. Tampellan ja Finlaysonin valmistamia.<\/p>\n\n\n\n<h4 class=\"wp-block-heading\"><strong>Vaaten\u00e4yt\u00f6s<\/strong><\/h4>\n\n\n\n<p>klo 14.15 | T\u00e4h\u00e4n p\u00e4iv\u00e4\u00e4n tuotuja tuunattuja, stailattuja, uudistettuja vaatteita. N\u00e4yt\u00f6ksen kokoavat alan ammattiin opiskelevat opettajansa kanssa.<\/p>\n\n\n\n<h4 class=\"wp-block-heading\"><strong>Yleis\u00f6luento<\/strong><\/h4>\n\n\n\n<p>klo 10.15 ja 12.30 | Tyylik\u00e4st\u00e4 tuunaamalla -luento, vaatetussuunnittelija Aija Rouhiainen.<\/p>\n\n\n\n<h4 class=\"wp-block-heading\"><strong>Ty\u00f6n\u00e4yt\u00f6ksi\u00e4<\/strong><\/h4>\n\n\n\n<p>klo 10\u201312 | Sashiko-kirjonta ja Boro-paikkaus, korjausompelu, r\u00e4symaton lyhennys, nopeat v\u00e4rianalyysit (8 ensimm\u00e4iselle)<br>klo 12.30\u201313.30 | j\u00e4m\u00e4lankavirkkaus, k\u00e4sity\u00f6ilmaisu: piirr\u00e4, maalaa, kirjo, r\u00e4symaton lyhennys<\/p>\n\n\n\n<h4 class=\"wp-block-heading\"><strong>Kierr\u00e4tyshenkinen k\u00e4sity\u00f6tori<\/strong><\/h4>\n\n\n\n<p>Kierr\u00e4tyshengess\u00e4 tehtyjen tuotteiden, kirppistuotteiden, k\u00e4sit\u00f6iden, k\u00e4sity\u00f6tarvikkeiden ja -materiaalien myyntipaikka. Haluaisitko oman myyntip\u00f6yd\u00e4n tapahtumasta? Myyntipaikan hinta on 15 euroa. Myyntipaikan varaus <a href=\"https:\/\/forms.office.com\/e\/BhsfjVnFnv\">t\u00e4st\u00e4<\/a>.<\/p>\n\n\n\n<h4 class=\"wp-block-heading\"><strong>Tuo ja vie -vaihtotori<\/strong><\/h4>\n\n\n\n<p>Tarpeettomat tekstiilit ja k\u00e4sity\u00f6tarvikkeet kiertoon. Voit tuoda ehji\u00e4 ja siistej\u00e4 ajanmukaisia tekstiilej\u00e4 sek\u00e4 kaikenlaisia k\u00e4sity\u00f6tarvikkeita. Vaihtaa ei tarvitse, voi vain napata mukaan (varaa oma kassi l\u00f6yd\u00f6ille)&nbsp;<\/p>\n\n\n\n<p><strong>Kahvila klo 10\u201315, H\u00e4meenlinnan Marttayhdistys\u00a0<\/strong><\/p>\n\n\n\n<div style=\"height:20px\" aria-hidden=\"true\" class=\"wp-block-spacer\"><\/div>\n\n\n\n<h3 class=\"wp-block-heading\">Minikurssit &#8211; uutta tapahtumassa t\u00e4n\u00e4 vuonna, jo perjantaina<\/h3>\n\n\n\n<p>Tekstiilit Uusiks -minikursseja on perjantaina 12.9. ja my\u00f6s lauantaina 13.9. Kurssit ovat lyhyit\u00e4, 2\u20133 oppituntia. Kursseille ilmoittaudutaan etuk\u00e4teen alla olevista linkeist\u00e4. <\/p>\n\n\n\n<p>Kaikki kurssit pidet\u00e4\u00e4n Vanajaveden Opiston luokassa, os. Jaakonkatu 28, H\u00e4meenlinna. Tapahtumak\u00e4vij\u00e4t p\u00e4\u00e4sev\u00e4t seuraamaan minikursseilla ty\u00f6skentely\u00e4.<\/p>\n\n\n\n<figure class=\"wp-block-table is-style-regular\"><table class=\"has-fixed-layout\"><tbody><tr><td><strong>pe 12.9. <\/strong>(20 \u20ac\/kurssi)<\/td><td><\/td><td><strong>la<\/strong> <strong>13.9. <\/strong>(15 \u20ac\/kurssi)<\/td><td><\/td><\/tr><tr><td>klo 13.30\u201315.45<\/td><td> <a href=\"https:\/\/uusi.opistopalvelut.fi\/riihimaki\/fi\/course\/8484\">Kankaanpainoa kasveilla 1<\/a> <\/td><td>klo 10.00\u201311.45<\/td><td><a href=\"https:\/\/uusi.opistopalvelut.fi\/vanajavesi\/fi\/course\/23238\">Ompeluklinikka korjaamisesta<\/a><\/td><\/tr><tr><td>klo 13.30\u201315.45<\/td><td> <a href=\"https:\/\/uusi.opistopalvelut.fi\/vanajavesi\/fi\/course\/23248\">Makrame<\/a><\/td><td>klo 10.00\u201311.45<\/td><td><a href=\"https:\/\/uusi.opistopalvelut.fi\/vanajavesi\/fi\/course\/23214\">Sashiko ja Boro<\/a><\/td><\/tr><tr><td>klo 16.30\u201318.45<\/td><td> <a href=\"https:\/\/uusi.opistopalvelut.fi\/riihimaki\/fi\/course\/8479\">Kankaanpainoa kasveilla 2<\/a><\/td><td><\/td><td><\/td><\/tr><tr><td>klo 16.30\u201318.45<\/td><td> <a href=\"https:\/\/uusi.opistopalvelut.fi\/vanajavesi\/fi\/course\/23245\">Onteloneule<\/a><\/td><td><\/td><td><\/td><\/tr><tr><td>klo 16.30\u201318.45 <\/td><td> <a href=\"https:\/\/uusi.opistopalvelut.fi\/vanajavesi\/fi\/course\/23235\">Miniryijy ommellen<\/a><\/td><td><\/td><td><\/td><\/tr><\/tbody><\/table><\/figure>\n\n\n\n<p><\/p>\n\n\n\n<hr class=\"wp-block-separator has-alpha-channel-opacity\"\/>\n\n\n\n<p><em>Toteutuksesta vastaavat yhteisty\u00f6ss\u00e4 Vanajaveden Opisto, Ammattiopisto Tavastian K\u00e4tev\u00e4-osasto ja Riihim\u00e4en kansalaisopisto.<\/em><\/p>\n\n\n\n<figure class=\"wp-block-image size-large\"><img loading=\"lazy\" decoding=\"async\" width=\"1024\" height=\"128\" src=\"https:\/\/www.kktavastia.fi\/media\/sites\/3\/teuu_logot-e1756463601601-1024x128.png\" alt=\"\" class=\"wp-image-21547\" \/><\/figure>\n\n\n\n<p><\/p>\n","protected":false},"excerpt":{"rendered":"<p>Tekstiilit Uusiks 2025 -tapahtuma \u2013 osaamista, taitoa ja iloa! Tekstiilit Uusiks 2025 -tapahtuma j\u00e4rjestet\u00e4\u00e4n H\u00e4meenlinnassa 12.\u201313.9.2025. Tapahtuma innostaa pident\u00e4m\u00e4\u00e4n tekstiilien [&hellip;]<\/p>\n","protected":false},"author":5,"featured_media":0,"parent":7782,"menu_order":5,"comment_status":"closed","ping_status":"closed","template":"","meta":{"_acf_changed":false,"_relevanssi_hide_post":"","_relevanssi_hide_content":"","_relevanssi_pin_for_all":"","_relevanssi_pin_keywords":"","_relevanssi_unpin_keywords":"","_relevanssi_related_keywords":"","_relevanssi_related_include_ids":"","_relevanssi_related_exclude_ids":"","_relevanssi_related_no_append":"","_relevanssi_related_not_related":"","_relevanssi_related_posts":"726,7782,768,778,7000,780","_relevanssi_noindex_reason":"","footnotes":""},"class_list":["post-7388","page","type-page","status-publish","hentry"],"acf":[],"yoast_head":"<title>Tekstiilit Uusiks - Vanajaveden Opisto<\/title>\n<meta name=\"description\" content=\"H\u00e4meenlinnassa 12.-13.9.2025 j\u00e4rjestett\u00e4v\u00e4st\u00e4 tapahtumasta Inspiraatiota, tietoa ja taitoa tekstiilien k\u00e4ytt\u00f6i\u00e4n pident\u00e4miseen. Tervetuloa!\" \/>\n<meta name=\"robots\" content=\"index, follow, max-snippet:-1, max-image-preview:large, max-video-preview:-1\" \/>\n<link rel=\"canonical\" href=\"https:\/\/www.kktavastia.fi\/vanajaveden-opisto\/tietoa-opistosta\/lisatietoja-kursseista\/tekstiilit-uusiks-2025\/\" \/>\n<meta property=\"og:locale\" content=\"fi_FI\" \/>\n<meta property=\"og:type\" content=\"article\" \/>\n<meta property=\"og:title\" content=\"Tekstiilit Uusiks - Vanajaveden Opisto\" \/>\n<meta property=\"og:description\" content=\"H\u00e4meenlinnassa 12.-13.9.2025 j\u00e4rjestett\u00e4v\u00e4st\u00e4 tapahtumasta Inspiraatiota, tietoa ja taitoa tekstiilien k\u00e4ytt\u00f6i\u00e4n pident\u00e4miseen. Tervetuloa!\" \/>\n<meta property=\"og:url\" content=\"https:\/\/www.kktavastia.fi\/vanajaveden-opisto\/tietoa-opistosta\/lisatietoja-kursseista\/tekstiilit-uusiks-2025\/\" \/>\n<meta property=\"og:site_name\" content=\"Vanajaveden Opisto\" \/>\n<meta property=\"article:modified_time\" content=\"2025-09-12T05:41:50+00:00\" \/>\n<meta property=\"og:image\" content=\"https:\/\/www.kktavastia.fi\/media\/sites\/3\/teuu_logot-e1756463726390.png\" \/>\n\t<meta property=\"og:image:width\" content=\"846\" \/>\n\t<meta property=\"og:image:height\" content=\"153\" \/>\n\t<meta property=\"og:image:type\" content=\"image\/png\" \/>\n<meta name=\"twitter:card\" content=\"summary_large_image\" \/>\n<script type=\"application\/ld+json\" class=\"yoast-schema-graph\">{\"@context\":\"https:\\\/\\\/schema.org\",\"@graph\":[{\"@type\":\"WebPage\",\"@id\":\"https:\\\/\\\/www.kktavastia.fi\\\/vanajaveden-opisto\\\/tietoa-opistosta\\\/lisatietoja-kursseista\\\/tekstiilit-uusiks-2025\\\/\",\"url\":\"https:\\\/\\\/www.kktavastia.fi\\\/vanajaveden-opisto\\\/tietoa-opistosta\\\/lisatietoja-kursseista\\\/tekstiilit-uusiks-2025\\\/\",\"name\":\"Tekstiilit Uusiks - Vanajaveden Opisto\",\"isPartOf\":{\"@id\":\"https:\\\/\\\/www.kktavastia.fi\\\/vanajaveden-opisto\\\/#website\"},\"primaryImageOfPage\":{\"@id\":\"https:\\\/\\\/www.kktavastia.fi\\\/vanajaveden-opisto\\\/tietoa-opistosta\\\/lisatietoja-kursseista\\\/tekstiilit-uusiks-2025\\\/#primaryimage\"},\"image\":{\"@id\":\"https:\\\/\\\/www.kktavastia.fi\\\/vanajaveden-opisto\\\/tietoa-opistosta\\\/lisatietoja-kursseista\\\/tekstiilit-uusiks-2025\\\/#primaryimage\"},\"thumbnailUrl\":\"https:\\\/\\\/www.kktavastia.fi\\\/media\\\/sites\\\/3\\\/teuu_logot-e1756463601601-1024x128.png\",\"datePublished\":\"2021-02-03T11:11:28+00:00\",\"dateModified\":\"2025-09-12T05:41:50+00:00\",\"description\":\"H\u00e4meenlinnassa 12.-13.9.2025 j\u00e4rjestett\u00e4v\u00e4st\u00e4 tapahtumasta Inspiraatiota, tietoa ja taitoa tekstiilien k\u00e4ytt\u00f6i\u00e4n pident\u00e4miseen. Tervetuloa!\",\"breadcrumb\":{\"@id\":\"https:\\\/\\\/www.kktavastia.fi\\\/vanajaveden-opisto\\\/tietoa-opistosta\\\/lisatietoja-kursseista\\\/tekstiilit-uusiks-2025\\\/#breadcrumb\"},\"inLanguage\":\"fi\",\"potentialAction\":[{\"@type\":\"ReadAction\",\"target\":[\"https:\\\/\\\/www.kktavastia.fi\\\/vanajaveden-opisto\\\/tietoa-opistosta\\\/lisatietoja-kursseista\\\/tekstiilit-uusiks-2025\\\/\"]}]},{\"@type\":\"ImageObject\",\"inLanguage\":\"fi\",\"@id\":\"https:\\\/\\\/www.kktavastia.fi\\\/vanajaveden-opisto\\\/tietoa-opistosta\\\/lisatietoja-kursseista\\\/tekstiilit-uusiks-2025\\\/#primaryimage\",\"url\":\"https:\\\/\\\/www.kktavastia.fi\\\/media\\\/sites\\\/3\\\/teuu_logot-e1756463601601-1024x128.png\",\"contentUrl\":\"https:\\\/\\\/www.kktavastia.fi\\\/media\\\/sites\\\/3\\\/teuu_logot-e1756463601601-1024x128.png\"},{\"@type\":\"BreadcrumbList\",\"@id\":\"https:\\\/\\\/www.kktavastia.fi\\\/vanajaveden-opisto\\\/tietoa-opistosta\\\/lisatietoja-kursseista\\\/tekstiilit-uusiks-2025\\\/#breadcrumb\",\"itemListElement\":[{\"@type\":\"ListItem\",\"position\":1,\"name\":\"Home\",\"item\":\"https:\\\/\\\/www.kktavastia.fi\\\/vanajaveden-opisto\\\/\"},{\"@type\":\"ListItem\",\"position\":2,\"name\":\"Tietoa opistosta\",\"item\":\"https:\\\/\\\/www.kktavastia.fi\\\/vanajaveden-opisto\\\/tietoa-opistosta\\\/\"},{\"@type\":\"ListItem\",\"position\":3,\"name\":\"Lis\u00e4tietoja kursseista\",\"item\":\"https:\\\/\\\/www.kktavastia.fi\\\/vanajaveden-opisto\\\/tietoa-opistosta\\\/lisatietoja-kursseista\\\/\"},{\"@type\":\"ListItem\",\"position\":4,\"name\":\"Tekstiilit Uusiks\"}]},{\"@type\":\"WebSite\",\"@id\":\"https:\\\/\\\/www.kktavastia.fi\\\/vanajaveden-opisto\\\/#website\",\"url\":\"https:\\\/\\\/www.kktavastia.fi\\\/vanajaveden-opisto\\\/\",\"name\":\"Vanajaveden Opisto\",\"description\":\"\",\"potentialAction\":[{\"@type\":\"SearchAction\",\"target\":{\"@type\":\"EntryPoint\",\"urlTemplate\":\"https:\\\/\\\/www.kktavastia.fi\\\/vanajaveden-opisto\\\/?s={search_term_string}\"},\"query-input\":{\"@type\":\"PropertyValueSpecification\",\"valueRequired\":true,\"valueName\":\"search_term_string\"}}],\"inLanguage\":\"fi\"}]}<\/script>","yoast_head_json":{"title":"Tekstiilit Uusiks - Vanajaveden Opisto","description":"H\u00e4meenlinnassa 12.-13.9.2025 j\u00e4rjestett\u00e4v\u00e4st\u00e4 tapahtumasta Inspiraatiota, tietoa ja taitoa tekstiilien k\u00e4ytt\u00f6i\u00e4n pident\u00e4miseen. Tervetuloa!","robots":{"index":"index","follow":"follow","max-snippet":"max-snippet:-1","max-image-preview":"max-image-preview:large","max-video-preview":"max-video-preview:-1"},"canonical":"https:\/\/www.kktavastia.fi\/vanajaveden-opisto\/tietoa-opistosta\/lisatietoja-kursseista\/tekstiilit-uusiks-2025\/","og_locale":"fi_FI","og_type":"article","og_title":"Tekstiilit Uusiks - Vanajaveden Opisto","og_description":"H\u00e4meenlinnassa 12.-13.9.2025 j\u00e4rjestett\u00e4v\u00e4st\u00e4 tapahtumasta Inspiraatiota, tietoa ja taitoa tekstiilien k\u00e4ytt\u00f6i\u00e4n pident\u00e4miseen. Tervetuloa!","og_url":"https:\/\/www.kktavastia.fi\/vanajaveden-opisto\/tietoa-opistosta\/lisatietoja-kursseista\/tekstiilit-uusiks-2025\/","og_site_name":"Vanajaveden Opisto","article_modified_time":"2025-09-12T05:41:50+00:00","og_image":[{"width":846,"height":153,"url":"https:\/\/www.kktavastia.fi\/media\/sites\/3\/teuu_logot-e1756463726390.png","type":"image\/png"}],"twitter_card":"summary_large_image","schema":{"@context":"https:\/\/schema.org","@graph":[{"@type":"WebPage","@id":"https:\/\/www.kktavastia.fi\/vanajaveden-opisto\/tietoa-opistosta\/lisatietoja-kursseista\/tekstiilit-uusiks-2025\/","url":"https:\/\/www.kktavastia.fi\/vanajaveden-opisto\/tietoa-opistosta\/lisatietoja-kursseista\/tekstiilit-uusiks-2025\/","name":"Tekstiilit Uusiks - Vanajaveden Opisto","isPartOf":{"@id":"https:\/\/www.kktavastia.fi\/vanajaveden-opisto\/#website"},"primaryImageOfPage":{"@id":"https:\/\/www.kktavastia.fi\/vanajaveden-opisto\/tietoa-opistosta\/lisatietoja-kursseista\/tekstiilit-uusiks-2025\/#primaryimage"},"image":{"@id":"https:\/\/www.kktavastia.fi\/vanajaveden-opisto\/tietoa-opistosta\/lisatietoja-kursseista\/tekstiilit-uusiks-2025\/#primaryimage"},"thumbnailUrl":"https:\/\/www.kktavastia.fi\/media\/sites\/3\/teuu_logot-e1756463601601-1024x128.png","datePublished":"2021-02-03T11:11:28+00:00","dateModified":"2025-09-12T05:41:50+00:00","description":"H\u00e4meenlinnassa 12.-13.9.2025 j\u00e4rjestett\u00e4v\u00e4st\u00e4 tapahtumasta Inspiraatiota, tietoa ja taitoa tekstiilien k\u00e4ytt\u00f6i\u00e4n pident\u00e4miseen. Tervetuloa!","breadcrumb":{"@id":"https:\/\/www.kktavastia.fi\/vanajaveden-opisto\/tietoa-opistosta\/lisatietoja-kursseista\/tekstiilit-uusiks-2025\/#breadcrumb"},"inLanguage":"fi","potentialAction":[{"@type":"ReadAction","target":["https:\/\/www.kktavastia.fi\/vanajaveden-opisto\/tietoa-opistosta\/lisatietoja-kursseista\/tekstiilit-uusiks-2025\/"]}]},{"@type":"ImageObject","inLanguage":"fi","@id":"https:\/\/www.kktavastia.fi\/vanajaveden-opisto\/tietoa-opistosta\/lisatietoja-kursseista\/tekstiilit-uusiks-2025\/#primaryimage","url":"https:\/\/www.kktavastia.fi\/media\/sites\/3\/teuu_logot-e1756463601601-1024x128.png","contentUrl":"https:\/\/www.kktavastia.fi\/media\/sites\/3\/teuu_logot-e1756463601601-1024x128.png"},{"@type":"BreadcrumbList","@id":"https:\/\/www.kktavastia.fi\/vanajaveden-opisto\/tietoa-opistosta\/lisatietoja-kursseista\/tekstiilit-uusiks-2025\/#breadcrumb","itemListElement":[{"@type":"ListItem","position":1,"name":"Home","item":"https:\/\/www.kktavastia.fi\/vanajaveden-opisto\/"},{"@type":"ListItem","position":2,"name":"Tietoa opistosta","item":"https:\/\/www.kktavastia.fi\/vanajaveden-opisto\/tietoa-opistosta\/"},{"@type":"ListItem","position":3,"name":"Lis\u00e4tietoja kursseista","item":"https:\/\/www.kktavastia.fi\/vanajaveden-opisto\/tietoa-opistosta\/lisatietoja-kursseista\/"},{"@type":"ListItem","position":4,"name":"Tekstiilit Uusiks"}]},{"@type":"WebSite","@id":"https:\/\/www.kktavastia.fi\/vanajaveden-opisto\/#website","url":"https:\/\/www.kktavastia.fi\/vanajaveden-opisto\/","name":"Vanajaveden Opisto","description":"","potentialAction":[{"@type":"SearchAction","target":{"@type":"EntryPoint","urlTemplate":"https:\/\/www.kktavastia.fi\/vanajaveden-opisto\/?s={search_term_string}"},"query-input":{"@type":"PropertyValueSpecification","valueRequired":true,"valueName":"search_term_string"}}],"inLanguage":"fi"}]}},"_links":{"self":[{"href":"https:\/\/www.kktavastia.fi\/vanajaveden-opisto\/wp-json\/wp\/v2\/pages\/7388","targetHints":{"allow":["GET"]}}],"collection":[{"href":"https:\/\/www.kktavastia.fi\/vanajaveden-opisto\/wp-json\/wp\/v2\/pages"}],"about":[{"href":"https:\/\/www.kktavastia.fi\/vanajaveden-opisto\/wp-json\/wp\/v2\/types\/page"}],"author":[{"embeddable":true,"href":"https:\/\/www.kktavastia.fi\/vanajaveden-opisto\/wp-json\/wp\/v2\/users\/5"}],"replies":[{"embeddable":true,"href":"https:\/\/www.kktavastia.fi\/vanajaveden-opisto\/wp-json\/wp\/v2\/comments?post=7388"}],"version-history":[{"count":25,"href":"https:\/\/www.kktavastia.fi\/vanajaveden-opisto\/wp-json\/wp\/v2\/pages\/7388\/revisions"}],"predecessor-version":[{"id":21599,"href":"https:\/\/www.kktavastia.fi\/vanajaveden-opisto\/wp-json\/wp\/v2\/pages\/7388\/revisions\/21599"}],"up":[{"embeddable":true,"href":"https:\/\/www.kktavastia.fi\/vanajaveden-opisto\/wp-json\/wp\/v2\/pages\/7782"}],"wp:attachment":[{"href":"https:\/\/www.kktavastia.fi\/vanajaveden-opisto\/wp-json\/wp\/v2\/media?parent=7388"}],"curies":[{"name":"wp","href":"https:\/\/api.w.org\/{rel}","templated":true}]}}