{"id":7382,"date":"2021-02-03T10:46:14","date_gmt":"2021-02-03T08:46:14","guid":{"rendered":"https:\/\/kktavastia.vaiheessa.fi\/vanajaveden-opisto\/?page_id=7382"},"modified":"2025-12-11T13:36:10","modified_gmt":"2025-12-11T11:36:10","slug":"aikuisten-taiteen-perusopetus","status":"publish","type":"page","link":"https:\/\/www.kktavastia.fi\/vanajaveden-opisto\/tietoa-opistosta\/lisatietoja-kursseista\/aikuisten-taiteen-perusopetus\/","title":{"rendered":"Aikuisten taiteen perusopetus"},"content":{"rendered":"\n<p class=\"is-style-ingress\">Vanajaveden Opiston aikuisille suunnattu visuaalisten aineiden perusopintokokonaisuus 2024\u20132026 on laajuudeltaan 30 opintopistett\u00e4. Opintokokonaisuus noudattaa taiteen perusopetuksen laajan oppim\u00e4\u00e4r\u00e4n opetussuunnitelmaa. Aikuisten taiteen perusopetuksessa on kerrallaan vain yksi ryhm\u00e4.&nbsp;<\/p>\n\n\n\n<p>Nykyisen perusopintojen ryhm\u00e4n opinnot p\u00e4\u00e4ttyv\u00e4t vuoden 2026 aikana. Laajan oppim\u00e4\u00e4r\u00e4n syvent\u00e4vien opintojen on suunniteltu k\u00e4ynnistyv\u00e4n tammikuussa 2027. Syvent\u00e4v\u00e4t opinnot ovat jatko-opintoja perusopinnot suorittaneille. Syvent\u00e4v\u00e4t opinnot ovat laajuudeltaan 19 opintopistett\u00e4.<\/p>\n\n\n\n<h3 class=\"wp-block-heading\">Opetussuunnitelman perusteet muuttumassa<\/h3>\n\n\n\n<p>Taiteen perusopetuksen laki on uudistumassa. Tavoitteena on parantaa opetuksen saavutettavuutta, selkeytt\u00e4\u00e4 rahoitusmallia ja vahvistaa koulutuksen laatua ja rakennetta.&nbsp;Lain on tarkoitus tulla voimaan alustavan arvion mukaan 1.1.2027.\u202fT\u00e4m\u00e4n j\u00e4lkeen Opetushallitus uusii opetussuunnitelman perusteet, joiden mukaan laaditaan paikalliset opetussuunnitelmat. Alustavan suunnitelman mukaan uuden opetussuunnitelman mukainen opetus alkaisi syksyll\u00e4 2028.&nbsp;&nbsp;<\/p>\n\n\n\n<p>Suurimpana muutoksena ja uudistuksena on&nbsp;siirtyminen yhteen yhteiseen, 50 opintopisteen (1000\u20131500 opetustuntia) laajuiseen kokonaisoppim\u00e4\u00e4r\u00e4\u00e4n oppim\u00e4\u00e4r\u00e4\u00e4n nykyisten kahden&nbsp;eri laajuisen&nbsp;oppim\u00e4\u00e4r\u00e4n sijaan (yleinen ja laaja).&nbsp;<\/p>\n\n\n\n<p class=\"is-style-default\"><strong>Vanajaveden Opiston aikuisten\u00a0taiteen perusopetuksen uusi perusopintokokonaisuus\u00a0aloittaa uudistuksen j\u00e4lkeen, todenn\u00e4k\u00f6isesti vuonna 2028.<\/strong>\u00a0\u00a0<\/p>\n","protected":false},"excerpt":{"rendered":"<p>Vanajaveden Opiston aikuisille suunnattu visuaalisten aineiden perusopintokokonaisuus 2024\u20132026 on laajuudeltaan 30 opintopistett\u00e4. Opintokokonaisuus noudattaa taiteen perusopetuksen laajan oppim\u00e4\u00e4r\u00e4n opetussuunnitelmaa. Aikuisten [&hellip;]<\/p>\n","protected":false},"author":4,"featured_media":0,"parent":7782,"menu_order":4,"comment_status":"closed","ping_status":"closed","template":"","meta":{"_acf_changed":false,"_relevanssi_hide_post":"","_relevanssi_hide_content":"","_relevanssi_pin_for_all":"","_relevanssi_pin_keywords":"","_relevanssi_unpin_keywords":"","_relevanssi_related_keywords":"","_relevanssi_related_include_ids":"","_relevanssi_related_exclude_ids":"","_relevanssi_related_no_append":"","_relevanssi_related_not_related":"","_relevanssi_related_posts":"741,726,739,7782,737,7022","_relevanssi_noindex_reason":"","footnotes":""},"class_list":["post-7382","page","type-page","status-publish","hentry"],"acf":[],"yoast_head":"<title>Aikuisten taiteen perusopetus - Vanajaveden Opisto<\/title>\n<meta name=\"robots\" content=\"index, follow, max-snippet:-1, max-image-preview:large, max-video-preview:-1\" \/>\n<link rel=\"canonical\" href=\"https:\/\/www.kktavastia.fi\/vanajaveden-opisto\/tietoa-opistosta\/lisatietoja-kursseista\/aikuisten-taiteen-perusopetus\/\" \/>\n<meta property=\"og:locale\" content=\"fi_FI\" \/>\n<meta property=\"og:type\" content=\"article\" \/>\n<meta property=\"og:title\" content=\"Aikuisten taiteen perusopetus - Vanajaveden Opisto\" \/>\n<meta property=\"og:description\" content=\"Vanajaveden Opiston aikuisille suunnattu visuaalisten aineiden perusopintokokonaisuus 2024\u20132026 on laajuudeltaan 30 opintopistett\u00e4. Opintokokonaisuus noudattaa taiteen perusopetuksen laajan oppim\u00e4\u00e4r\u00e4n opetussuunnitelmaa. Aikuisten [&hellip;]\" \/>\n<meta property=\"og:url\" content=\"https:\/\/www.kktavastia.fi\/vanajaveden-opisto\/tietoa-opistosta\/lisatietoja-kursseista\/aikuisten-taiteen-perusopetus\/\" \/>\n<meta property=\"og:site_name\" content=\"Vanajaveden Opisto\" \/>\n<meta property=\"article:modified_time\" content=\"2025-12-11T11:36:10+00:00\" \/>\n<meta name=\"twitter:card\" content=\"summary_large_image\" \/>\n<script type=\"application\/ld+json\" class=\"yoast-schema-graph\">{\"@context\":\"https:\\\/\\\/schema.org\",\"@graph\":[{\"@type\":\"WebPage\",\"@id\":\"https:\\\/\\\/www.kktavastia.fi\\\/vanajaveden-opisto\\\/tietoa-opistosta\\\/lisatietoja-kursseista\\\/aikuisten-taiteen-perusopetus\\\/\",\"url\":\"https:\\\/\\\/www.kktavastia.fi\\\/vanajaveden-opisto\\\/tietoa-opistosta\\\/lisatietoja-kursseista\\\/aikuisten-taiteen-perusopetus\\\/\",\"name\":\"Aikuisten taiteen perusopetus - Vanajaveden Opisto\",\"isPartOf\":{\"@id\":\"https:\\\/\\\/www.kktavastia.fi\\\/vanajaveden-opisto\\\/#website\"},\"datePublished\":\"2021-02-03T08:46:14+00:00\",\"dateModified\":\"2025-12-11T11:36:10+00:00\",\"breadcrumb\":{\"@id\":\"https:\\\/\\\/www.kktavastia.fi\\\/vanajaveden-opisto\\\/tietoa-opistosta\\\/lisatietoja-kursseista\\\/aikuisten-taiteen-perusopetus\\\/#breadcrumb\"},\"inLanguage\":\"fi\",\"potentialAction\":[{\"@type\":\"ReadAction\",\"target\":[\"https:\\\/\\\/www.kktavastia.fi\\\/vanajaveden-opisto\\\/tietoa-opistosta\\\/lisatietoja-kursseista\\\/aikuisten-taiteen-perusopetus\\\/\"]}]},{\"@type\":\"BreadcrumbList\",\"@id\":\"https:\\\/\\\/www.kktavastia.fi\\\/vanajaveden-opisto\\\/tietoa-opistosta\\\/lisatietoja-kursseista\\\/aikuisten-taiteen-perusopetus\\\/#breadcrumb\",\"itemListElement\":[{\"@type\":\"ListItem\",\"position\":1,\"name\":\"Home\",\"item\":\"https:\\\/\\\/www.kktavastia.fi\\\/vanajaveden-opisto\\\/\"},{\"@type\":\"ListItem\",\"position\":2,\"name\":\"Tietoa opistosta\",\"item\":\"https:\\\/\\\/www.kktavastia.fi\\\/vanajaveden-opisto\\\/tietoa-opistosta\\\/\"},{\"@type\":\"ListItem\",\"position\":3,\"name\":\"Lis\u00e4tietoja kursseista\",\"item\":\"https:\\\/\\\/www.kktavastia.fi\\\/vanajaveden-opisto\\\/tietoa-opistosta\\\/lisatietoja-kursseista\\\/\"},{\"@type\":\"ListItem\",\"position\":4,\"name\":\"Aikuisten taiteen perusopetus\"}]},{\"@type\":\"WebSite\",\"@id\":\"https:\\\/\\\/www.kktavastia.fi\\\/vanajaveden-opisto\\\/#website\",\"url\":\"https:\\\/\\\/www.kktavastia.fi\\\/vanajaveden-opisto\\\/\",\"name\":\"Vanajaveden Opisto\",\"description\":\"\",\"potentialAction\":[{\"@type\":\"SearchAction\",\"target\":{\"@type\":\"EntryPoint\",\"urlTemplate\":\"https:\\\/\\\/www.kktavastia.fi\\\/vanajaveden-opisto\\\/?s={search_term_string}\"},\"query-input\":{\"@type\":\"PropertyValueSpecification\",\"valueRequired\":true,\"valueName\":\"search_term_string\"}}],\"inLanguage\":\"fi\"}]}<\/script>","yoast_head_json":{"title":"Aikuisten taiteen perusopetus - Vanajaveden Opisto","robots":{"index":"index","follow":"follow","max-snippet":"max-snippet:-1","max-image-preview":"max-image-preview:large","max-video-preview":"max-video-preview:-1"},"canonical":"https:\/\/www.kktavastia.fi\/vanajaveden-opisto\/tietoa-opistosta\/lisatietoja-kursseista\/aikuisten-taiteen-perusopetus\/","og_locale":"fi_FI","og_type":"article","og_title":"Aikuisten taiteen perusopetus - Vanajaveden Opisto","og_description":"Vanajaveden Opiston aikuisille suunnattu visuaalisten aineiden perusopintokokonaisuus 2024\u20132026 on laajuudeltaan 30 opintopistett\u00e4. Opintokokonaisuus noudattaa taiteen perusopetuksen laajan oppim\u00e4\u00e4r\u00e4n opetussuunnitelmaa. Aikuisten [&hellip;]","og_url":"https:\/\/www.kktavastia.fi\/vanajaveden-opisto\/tietoa-opistosta\/lisatietoja-kursseista\/aikuisten-taiteen-perusopetus\/","og_site_name":"Vanajaveden Opisto","article_modified_time":"2025-12-11T11:36:10+00:00","twitter_card":"summary_large_image","schema":{"@context":"https:\/\/schema.org","@graph":[{"@type":"WebPage","@id":"https:\/\/www.kktavastia.fi\/vanajaveden-opisto\/tietoa-opistosta\/lisatietoja-kursseista\/aikuisten-taiteen-perusopetus\/","url":"https:\/\/www.kktavastia.fi\/vanajaveden-opisto\/tietoa-opistosta\/lisatietoja-kursseista\/aikuisten-taiteen-perusopetus\/","name":"Aikuisten taiteen perusopetus - Vanajaveden Opisto","isPartOf":{"@id":"https:\/\/www.kktavastia.fi\/vanajaveden-opisto\/#website"},"datePublished":"2021-02-03T08:46:14+00:00","dateModified":"2025-12-11T11:36:10+00:00","breadcrumb":{"@id":"https:\/\/www.kktavastia.fi\/vanajaveden-opisto\/tietoa-opistosta\/lisatietoja-kursseista\/aikuisten-taiteen-perusopetus\/#breadcrumb"},"inLanguage":"fi","potentialAction":[{"@type":"ReadAction","target":["https:\/\/www.kktavastia.fi\/vanajaveden-opisto\/tietoa-opistosta\/lisatietoja-kursseista\/aikuisten-taiteen-perusopetus\/"]}]},{"@type":"BreadcrumbList","@id":"https:\/\/www.kktavastia.fi\/vanajaveden-opisto\/tietoa-opistosta\/lisatietoja-kursseista\/aikuisten-taiteen-perusopetus\/#breadcrumb","itemListElement":[{"@type":"ListItem","position":1,"name":"Home","item":"https:\/\/www.kktavastia.fi\/vanajaveden-opisto\/"},{"@type":"ListItem","position":2,"name":"Tietoa opistosta","item":"https:\/\/www.kktavastia.fi\/vanajaveden-opisto\/tietoa-opistosta\/"},{"@type":"ListItem","position":3,"name":"Lis\u00e4tietoja kursseista","item":"https:\/\/www.kktavastia.fi\/vanajaveden-opisto\/tietoa-opistosta\/lisatietoja-kursseista\/"},{"@type":"ListItem","position":4,"name":"Aikuisten taiteen perusopetus"}]},{"@type":"WebSite","@id":"https:\/\/www.kktavastia.fi\/vanajaveden-opisto\/#website","url":"https:\/\/www.kktavastia.fi\/vanajaveden-opisto\/","name":"Vanajaveden Opisto","description":"","potentialAction":[{"@type":"SearchAction","target":{"@type":"EntryPoint","urlTemplate":"https:\/\/www.kktavastia.fi\/vanajaveden-opisto\/?s={search_term_string}"},"query-input":{"@type":"PropertyValueSpecification","valueRequired":true,"valueName":"search_term_string"}}],"inLanguage":"fi"}]}},"_links":{"self":[{"href":"https:\/\/www.kktavastia.fi\/vanajaveden-opisto\/wp-json\/wp\/v2\/pages\/7382","targetHints":{"allow":["GET"]}}],"collection":[{"href":"https:\/\/www.kktavastia.fi\/vanajaveden-opisto\/wp-json\/wp\/v2\/pages"}],"about":[{"href":"https:\/\/www.kktavastia.fi\/vanajaveden-opisto\/wp-json\/wp\/v2\/types\/page"}],"author":[{"embeddable":true,"href":"https:\/\/www.kktavastia.fi\/vanajaveden-opisto\/wp-json\/wp\/v2\/users\/4"}],"replies":[{"embeddable":true,"href":"https:\/\/www.kktavastia.fi\/vanajaveden-opisto\/wp-json\/wp\/v2\/comments?post=7382"}],"version-history":[{"count":16,"href":"https:\/\/www.kktavastia.fi\/vanajaveden-opisto\/wp-json\/wp\/v2\/pages\/7382\/revisions"}],"predecessor-version":[{"id":21963,"href":"https:\/\/www.kktavastia.fi\/vanajaveden-opisto\/wp-json\/wp\/v2\/pages\/7382\/revisions\/21963"}],"up":[{"embeddable":true,"href":"https:\/\/www.kktavastia.fi\/vanajaveden-opisto\/wp-json\/wp\/v2\/pages\/7782"}],"wp:attachment":[{"href":"https:\/\/www.kktavastia.fi\/vanajaveden-opisto\/wp-json\/wp\/v2\/media?parent=7382"}],"curies":[{"name":"wp","href":"https:\/\/api.w.org\/{rel}","templated":true}]}}