{"id":737,"date":"2020-12-09T12:50:51","date_gmt":"2020-12-09T10:50:51","guid":{"rendered":"https:\/\/kktavastia.vaiheessa.fi\/vanajaveden-opisto\/?page_id=737"},"modified":"2025-04-10T11:56:49","modified_gmt":"2025-04-10T08:56:49","slug":"kurssimaksut","status":"publish","type":"page","link":"https:\/\/www.kktavastia.fi\/vanajaveden-opisto\/asiakaspalvelu\/ilmoittautumisohjeet-2\/kurssimaksut\/","title":{"rendered":"Kurssimaksut"},"content":{"rendered":"\n<p class=\"is-style-ingress\">Ilmoittautuessasi&nbsp;kursseille sitoudut maksamaan kurssimaksun joko heti&nbsp;verkkokaupassa tai&nbsp;j\u00e4lkik\u00e4teen l\u00e4hetett\u00e4v\u00e4ll\u00e4 laskulla\/maksulinkill\u00e4. Samalla sitoudut my\u00f6s noudattamaan Vanajaveden Opiston ilmoittautumisehtojen mukaisia maksu- ja perumisehtoja.<\/p>\n\n\n\n<p>Voit maksaa kurssimaksun heti verkkokaupassa (Paytrail, SmartumPay, ePassi). Ostoskorin kurssit voi maksaa samalla kertaa vain yhdell\u00e4 maksutavalla. Jos kurssi on maksettavissa ty\u00f6nantajan liikunta- ja kulttuuriedulla, niin ePassin ja Smartumin kuvakkeet ovat n\u00e4kyviss\u00e4 maksusivun alareunassa.<\/p>\n\n\n\n<p>Kurssipaikka s\u00e4ilyy, vaikka ohitat verkkomaksamisen ja poistut sivulta maksamatta. L\u00e4het\u00e4mme laskun kotiosoitteeseen tai ilmoitettuun laskutusosoitteeseen. Kurssipaikasta tuleva vahvistusviesti ei ole viel\u00e4 lasku. SmartumPaylla ja ePassilla voi maksaa my\u00f6s laskun l\u00e4hett\u00e4misen j\u00e4lkeen.<\/p>\n\n\n\n<p><strong>Ohita verkkomaksaminen aina, jos<\/strong>&nbsp;<\/p>\n\n\n\n<ul class=\"wp-block-list\">\n<li>olet oikeutettu johonkin alennukseen &gt;&gt; L\u00e4het\u00e4mme laskun, jossa alennus on huomioitu.<\/li>\n\n\n\n<li>sinulla on&nbsp;Edenred,&nbsp;Tyky tai paperisia liikunta\/kulttuuriseteleit\u00e4 &gt;&gt; L\u00e4het\u00e4mme laskun, ja sen j\u00e4lkeen voit k\u00e4ytt\u00e4\u00e4 n\u00e4it\u00e4 maksutapoja edellytt\u00e4en, ett\u00e4 kurssi on maksettavissa ty\u00f6nantajan liikunta- ja kulttuuriedulla.\u00ad\u00ad<\/li>\n\n\n\n<li>HUOM! Opiston p\u00e4\u00e4toimitilan (Jaakonkatu 28, H\u00e4meenlinna) infopisteess\u00e4 ei oteta vastaan korttimaksuja eik\u00e4 k\u00e4teist\u00e4.<\/li>\n<\/ul>\n\n\n\n<h3 class=\"wp-block-heading\">Liikunta- ja kulttuuriedut<\/h3>\n\n\n\n<h4 class=\"wp-block-heading\"><strong>K\u00e4ytt\u00f6kohteet<\/strong><\/h4>\n\n\n\n<p>Vanajaveden Opistolla maksuv\u00e4linein\u00e4 k\u00e4yv\u00e4t Smartum, ePassi, Edenred ja Tyky, jotka ovat ty\u00f6nantajan my\u00f6nt\u00e4mi\u00e4 henkil\u00f6kohtaisia etuja ja ns. kohdennettuja maksuv\u00e4lineit\u00e4, joiden k\u00e4ytt\u00f6 on rajoitettu ennalta m\u00e4\u00e4r\u00e4ttyihin kursseihin. Ne ovat henkil\u00f6kohtaisia, joten niill\u00e4 ei voi maksaa lasten tai muiden perheenj\u00e4senten kurssimaksuja. Niit\u00e4 ei my\u00f6sk\u00e4\u00e4n vaihdeta rahaksi eik\u00e4 niist\u00e4 anneta rahaa takaisin. ePassilla maksettu kurssimaksu on mahdollista palauttaa saman kalenterivuoden aikana ePassi-tilille.<\/p>\n\n\n\n<p><strong>Liikuntaetu:\u202f<\/strong>liikunta-, tanssi- ja sirkuskurssit<br><strong>Kulttuurietu: <\/strong>liikunta-, tanssi- ja sirkuskurssit sek\u00e4 taide-, k\u00e4dentaito-, musiikki- ja valokuvauskurssit&nbsp;<br><strong>Edut eiv\u00e4t k\u00e4y\u202f<\/strong>mm. seuraaviin kursseihin: kieli-, ruoka-, tietotekniikka- ja yhteiskunnallisten aineiden kurssit.&nbsp;<\/p>\n\n\n\n<h4 class=\"wp-block-heading\"><strong>Maksutavat<\/strong><\/h4>\n\n\n\n<p>Verkkokauppa: ePassi, SmartumPay<br>Laskulla: ePassi, SmartumPay, Edenred, Tyky<\/p>\n\n\n\n<p>Verkkokaupassa voi maksaa vain ePassilla ja Smartumilla.&nbsp;Jos ohitat verkkomaksun, niin ePassilla ja Smartumilla voit maksaa sen j\u00e4lkeen, kun opisto on l\u00e4hett\u00e4nyt kurssilaskun. Edenred- ja Tyky-eduilla voi maksaa vain laskun j\u00e4lkeen.<\/p>\n\n\n\n<p>Laskun saatuasi maksa koko lasku tai osa siit\u00e4 etusovelluksellasi et\u00e4maksuna, ei tarvitse tulla paikan p\u00e4\u00e4lle (ePassi valitse: maksa sovelluksella kassalla). Kirjauduttuasi sovellukseen etsi k\u00e4ytt\u00f6paikkahausta Vanajaveden opisto, sy\u00f6t\u00e4 maksusumma ja vahvista maksu. Saamme s\u00e4hk\u00f6postiimme tiedon opistolle tulleesta suorituksestasi ja kirjaamme laskusi maksetuksi&nbsp;edellytt\u00e4en, ett\u00e4 etua voi k\u00e4ytt\u00e4\u00e4 ko. kurssimaksuun. Jos maksun kohdalla on mahdollista kirjoittaa lis\u00e4tietoja, niin lis\u00e4\u00e4 esim. kurssin\/laskun numero. Jos etu ei riit\u00e4 koko kurssimaksuun, niin maksa loppuosa laskun tiedoilla.<\/p>\n\n\n\n<p>ePassiltasi on mahdollista veloittaa kurssimaksu puhelinnumerosi perusteella. Jos haluat k\u00e4ytt\u00e4\u00e4 t\u00e4t\u00e4 maksutapaa laskun saatuasi, niin soita asiakaspalveluumme tai l\u00e4het\u00e4 s\u00e4hk\u00f6postiviesti.<\/p>\n\n\n\n<p>Opistolla ei ole velvollisuutta hyv\u00e4ksy\u00e4 maksuohjeiden vastaisesti maksettuja maksuja.&nbsp;<\/p>\n\n\n\n<h3 class=\"wp-block-heading\">Ep\u00e4selvyytt\u00e4 laskussa tai maksamisessa<\/h3>\n\n\n\n<p>Jos laskussa tai verkkomaksamisen maksutapahtumassa on ep\u00e4selvyyksi\u00e4, ota yhteys opiston asiakaspalveluun: vop.toimisto@kktavastia.fi tai puh. 03 658 1800. Huomautuslaskut ja perinn\u00e4n olemme ulkoistaneet Intrum Oy:lle. Uusille kursseille ilmoit\u00adtautuminen ei ole mahdollista, mik\u00e4li er\u00e4\u00e4ntyneit\u00e4 kurssimaksuja on maksamatta.<\/p>\n\n\n\n<h3 class=\"wp-block-heading\">Opetuskerran peruuntuminen<\/h3>\n\n\n\n<ul class=\"wp-block-list\">\n<li>Opetuskerran peruuntumisesta (esim. salivuoron peruutus, opettajan sairastuminen) ilmoi\u00adtetaan opiskelijoille mahdollisuuksien mukaan tekstiviestill\u00e4 tai s\u00e4hk\u00f6postilla. Peruuntunut opetuskerta pyrit\u00e4\u00e4n korvaamaan my\u00f6hemmin lukuvuoden aikana. Se voidaan j\u00e4rjest\u00e4\u00e4 normaalista poikkeavana aikana ja muualla kuin vakituisessa paikassa.<\/li>\n\n\n\n<li>Koko lukuvuoden kest\u00e4vist\u00e4 kursseista voidaan j\u00e4tt\u00e4\u00e4 yksi kerta korvaamatta. Mik\u00e4li useampi kurssikerta j\u00e4\u00e4 pit\u00e4m\u00e4tt\u00e4 opistosta riippumattomista syist\u00e4 (esim. tautiepidemiat, luonnonmullistukset, tulipalot tai muut voittamattomat esteet) korvaavien kurssikertojen pit\u00e4misest\u00e4 tai kurssimaksujen mahdollisesta hyvitt\u00e4misest\u00e4 p\u00e4\u00e4tet\u00e4\u00e4n erikseen kurssi\u00adkohtaisesti.<\/li>\n\n\n\n<li>Opistolla on oikeus tehd\u00e4 muutoksia opetusohjelmassa ilmoitettuihin kurssitietoihin<strong>.<\/strong><\/li>\n\n\n\n<li>Opiskelijalla on oikeus hyvitykseen, jos kurssipaikka tai ajankohta muuttuu oleellisesti lukuvuoden aikana.<\/li>\n\n\n\n<li>Kurssipalautusten alaraja on 20 euroa. Hyvityksen voi kuitenkin hy\u00f6dynt\u00e4\u00e4 alennuksena mahdollisiin muihin kurssimaksuihin.<\/li>\n<\/ul>\n\n\n\n<h4 class=\"wp-block-heading\"><strong>Poikkeustilanteet opetuksessa<\/strong><\/h4>\n\n\n\n<p>Kurssit voivat tilap\u00e4isesti siirty\u00e4 et\u00e4opetukseen, esim. opetustilan k\u00e4ytt\u00f6 estynyt tilap\u00e4isesti, s\u00e4\u00e4ilmi\u00f6t, epidemiarajoitukset. T\u00e4ll\u00f6in kurssimaksua ei hyvitet\u00e4, mik\u00e4li opiskelija ei osallistu et\u00e4opetukseen.<\/p>\n","protected":false},"excerpt":{"rendered":"<p>Ilmoittautuessasi&nbsp;kursseille sitoudut maksamaan kurssimaksun joko heti&nbsp;verkkokaupassa tai&nbsp;j\u00e4lkik\u00e4teen l\u00e4hetett\u00e4v\u00e4ll\u00e4 laskulla\/maksulinkill\u00e4. Samalla sitoudut my\u00f6s noudattamaan Vanajaveden Opiston ilmoittautumisehtojen mukaisia maksu- ja perumisehtoja. [&hellip;]<\/p>\n","protected":false},"author":4,"featured_media":0,"parent":19311,"menu_order":1,"comment_status":"closed","ping_status":"closed","template":"","meta":{"_acf_changed":false,"_relevanssi_hide_post":"","_relevanssi_hide_content":"","_relevanssi_pin_for_all":"","_relevanssi_pin_keywords":"","_relevanssi_unpin_keywords":"","_relevanssi_related_keywords":"","_relevanssi_related_include_ids":"","_relevanssi_related_exclude_ids":"","_relevanssi_related_no_append":"","_relevanssi_related_not_related":"","_relevanssi_related_posts":"739,802,19311,726,7022,7612","_relevanssi_noindex_reason":"","footnotes":""},"class_list":["post-737","page","type-page","status-publish","hentry"],"acf":[],"yoast_head":"<title>Kurssimaksut VOPissa | Kurssimaksut Vanajaveden Opistossa<\/title>\n<meta name=\"description\" content=\"Kurssimaksut VOPissa: Katso tietoa Vanajaveden Opiston kurssimaksuista ja maksuohjeet t\u00e4lt\u00e4 sivulta.\" \/>\n<meta name=\"robots\" content=\"index, follow, max-snippet:-1, max-image-preview:large, max-video-preview:-1\" \/>\n<link rel=\"canonical\" href=\"https:\/\/www.kktavastia.fi\/vanajaveden-opisto\/asiakaspalvelu\/ilmoittautumisohjeet-2\/kurssimaksut\/\" \/>\n<meta property=\"og:locale\" content=\"fi_FI\" \/>\n<meta property=\"og:type\" content=\"article\" \/>\n<meta property=\"og:title\" content=\"Kurssimaksut VOPissa | Kurssimaksut Vanajaveden Opistossa\" \/>\n<meta property=\"og:description\" content=\"Kurssimaksut VOPissa: Katso tietoa Vanajaveden Opiston kurssimaksuista ja maksuohjeet t\u00e4lt\u00e4 sivulta.\" \/>\n<meta property=\"og:url\" content=\"https:\/\/www.kktavastia.fi\/vanajaveden-opisto\/asiakaspalvelu\/ilmoittautumisohjeet-2\/kurssimaksut\/\" \/>\n<meta property=\"og:site_name\" content=\"Vanajaveden Opisto\" \/>\n<meta property=\"article:modified_time\" content=\"2025-04-10T08:56:49+00:00\" \/>\n<meta name=\"twitter:card\" content=\"summary_large_image\" \/>\n<script type=\"application\/ld+json\" class=\"yoast-schema-graph\">{\"@context\":\"https:\\\/\\\/schema.org\",\"@graph\":[{\"@type\":\"WebPage\",\"@id\":\"https:\\\/\\\/www.kktavastia.fi\\\/vanajaveden-opisto\\\/asiakaspalvelu\\\/ilmoittautumisohjeet-2\\\/kurssimaksut\\\/\",\"url\":\"https:\\\/\\\/www.kktavastia.fi\\\/vanajaveden-opisto\\\/asiakaspalvelu\\\/ilmoittautumisohjeet-2\\\/kurssimaksut\\\/\",\"name\":\"Kurssimaksut VOPissa | Kurssimaksut Vanajaveden Opistossa\",\"isPartOf\":{\"@id\":\"https:\\\/\\\/www.kktavastia.fi\\\/vanajaveden-opisto\\\/#website\"},\"datePublished\":\"2020-12-09T10:50:51+00:00\",\"dateModified\":\"2025-04-10T08:56:49+00:00\",\"description\":\"Kurssimaksut VOPissa: Katso tietoa Vanajaveden Opiston kurssimaksuista ja maksuohjeet t\u00e4lt\u00e4 sivulta.\",\"breadcrumb\":{\"@id\":\"https:\\\/\\\/www.kktavastia.fi\\\/vanajaveden-opisto\\\/asiakaspalvelu\\\/ilmoittautumisohjeet-2\\\/kurssimaksut\\\/#breadcrumb\"},\"inLanguage\":\"fi\",\"potentialAction\":[{\"@type\":\"ReadAction\",\"target\":[\"https:\\\/\\\/www.kktavastia.fi\\\/vanajaveden-opisto\\\/asiakaspalvelu\\\/ilmoittautumisohjeet-2\\\/kurssimaksut\\\/\"]}]},{\"@type\":\"BreadcrumbList\",\"@id\":\"https:\\\/\\\/www.kktavastia.fi\\\/vanajaveden-opisto\\\/asiakaspalvelu\\\/ilmoittautumisohjeet-2\\\/kurssimaksut\\\/#breadcrumb\",\"itemListElement\":[{\"@type\":\"ListItem\",\"position\":1,\"name\":\"Home\",\"item\":\"https:\\\/\\\/www.kktavastia.fi\\\/vanajaveden-opisto\\\/\"},{\"@type\":\"ListItem\",\"position\":2,\"name\":\"Asiakaspalvelu\",\"item\":\"https:\\\/\\\/www.kktavastia.fi\\\/vanajaveden-opisto\\\/asiakaspalvelu\\\/\"},{\"@type\":\"ListItem\",\"position\":3,\"name\":\"Ilmoittautumisohjeet\",\"item\":\"https:\\\/\\\/www.kktavastia.fi\\\/vanajaveden-opisto\\\/asiakaspalvelu\\\/ilmoittautumisohjeet-2\\\/\"},{\"@type\":\"ListItem\",\"position\":4,\"name\":\"Kurssimaksut\"}]},{\"@type\":\"WebSite\",\"@id\":\"https:\\\/\\\/www.kktavastia.fi\\\/vanajaveden-opisto\\\/#website\",\"url\":\"https:\\\/\\\/www.kktavastia.fi\\\/vanajaveden-opisto\\\/\",\"name\":\"Vanajaveden Opisto\",\"description\":\"\",\"potentialAction\":[{\"@type\":\"SearchAction\",\"target\":{\"@type\":\"EntryPoint\",\"urlTemplate\":\"https:\\\/\\\/www.kktavastia.fi\\\/vanajaveden-opisto\\\/?s={search_term_string}\"},\"query-input\":{\"@type\":\"PropertyValueSpecification\",\"valueRequired\":true,\"valueName\":\"search_term_string\"}}],\"inLanguage\":\"fi\"}]}<\/script>","yoast_head_json":{"title":"Kurssimaksut VOPissa | Kurssimaksut Vanajaveden Opistossa","description":"Kurssimaksut VOPissa: Katso tietoa Vanajaveden Opiston kurssimaksuista ja maksuohjeet t\u00e4lt\u00e4 sivulta.","robots":{"index":"index","follow":"follow","max-snippet":"max-snippet:-1","max-image-preview":"max-image-preview:large","max-video-preview":"max-video-preview:-1"},"canonical":"https:\/\/www.kktavastia.fi\/vanajaveden-opisto\/asiakaspalvelu\/ilmoittautumisohjeet-2\/kurssimaksut\/","og_locale":"fi_FI","og_type":"article","og_title":"Kurssimaksut VOPissa | Kurssimaksut Vanajaveden Opistossa","og_description":"Kurssimaksut VOPissa: Katso tietoa Vanajaveden Opiston kurssimaksuista ja maksuohjeet t\u00e4lt\u00e4 sivulta.","og_url":"https:\/\/www.kktavastia.fi\/vanajaveden-opisto\/asiakaspalvelu\/ilmoittautumisohjeet-2\/kurssimaksut\/","og_site_name":"Vanajaveden Opisto","article_modified_time":"2025-04-10T08:56:49+00:00","twitter_card":"summary_large_image","schema":{"@context":"https:\/\/schema.org","@graph":[{"@type":"WebPage","@id":"https:\/\/www.kktavastia.fi\/vanajaveden-opisto\/asiakaspalvelu\/ilmoittautumisohjeet-2\/kurssimaksut\/","url":"https:\/\/www.kktavastia.fi\/vanajaveden-opisto\/asiakaspalvelu\/ilmoittautumisohjeet-2\/kurssimaksut\/","name":"Kurssimaksut VOPissa | Kurssimaksut Vanajaveden Opistossa","isPartOf":{"@id":"https:\/\/www.kktavastia.fi\/vanajaveden-opisto\/#website"},"datePublished":"2020-12-09T10:50:51+00:00","dateModified":"2025-04-10T08:56:49+00:00","description":"Kurssimaksut VOPissa: Katso tietoa Vanajaveden Opiston kurssimaksuista ja maksuohjeet t\u00e4lt\u00e4 sivulta.","breadcrumb":{"@id":"https:\/\/www.kktavastia.fi\/vanajaveden-opisto\/asiakaspalvelu\/ilmoittautumisohjeet-2\/kurssimaksut\/#breadcrumb"},"inLanguage":"fi","potentialAction":[{"@type":"ReadAction","target":["https:\/\/www.kktavastia.fi\/vanajaveden-opisto\/asiakaspalvelu\/ilmoittautumisohjeet-2\/kurssimaksut\/"]}]},{"@type":"BreadcrumbList","@id":"https:\/\/www.kktavastia.fi\/vanajaveden-opisto\/asiakaspalvelu\/ilmoittautumisohjeet-2\/kurssimaksut\/#breadcrumb","itemListElement":[{"@type":"ListItem","position":1,"name":"Home","item":"https:\/\/www.kktavastia.fi\/vanajaveden-opisto\/"},{"@type":"ListItem","position":2,"name":"Asiakaspalvelu","item":"https:\/\/www.kktavastia.fi\/vanajaveden-opisto\/asiakaspalvelu\/"},{"@type":"ListItem","position":3,"name":"Ilmoittautumisohjeet","item":"https:\/\/www.kktavastia.fi\/vanajaveden-opisto\/asiakaspalvelu\/ilmoittautumisohjeet-2\/"},{"@type":"ListItem","position":4,"name":"Kurssimaksut"}]},{"@type":"WebSite","@id":"https:\/\/www.kktavastia.fi\/vanajaveden-opisto\/#website","url":"https:\/\/www.kktavastia.fi\/vanajaveden-opisto\/","name":"Vanajaveden Opisto","description":"","potentialAction":[{"@type":"SearchAction","target":{"@type":"EntryPoint","urlTemplate":"https:\/\/www.kktavastia.fi\/vanajaveden-opisto\/?s={search_term_string}"},"query-input":{"@type":"PropertyValueSpecification","valueRequired":true,"valueName":"search_term_string"}}],"inLanguage":"fi"}]}},"_links":{"self":[{"href":"https:\/\/www.kktavastia.fi\/vanajaveden-opisto\/wp-json\/wp\/v2\/pages\/737","targetHints":{"allow":["GET"]}}],"collection":[{"href":"https:\/\/www.kktavastia.fi\/vanajaveden-opisto\/wp-json\/wp\/v2\/pages"}],"about":[{"href":"https:\/\/www.kktavastia.fi\/vanajaveden-opisto\/wp-json\/wp\/v2\/types\/page"}],"author":[{"embeddable":true,"href":"https:\/\/www.kktavastia.fi\/vanajaveden-opisto\/wp-json\/wp\/v2\/users\/4"}],"replies":[{"embeddable":true,"href":"https:\/\/www.kktavastia.fi\/vanajaveden-opisto\/wp-json\/wp\/v2\/comments?post=737"}],"version-history":[{"count":24,"href":"https:\/\/www.kktavastia.fi\/vanajaveden-opisto\/wp-json\/wp\/v2\/pages\/737\/revisions"}],"predecessor-version":[{"id":19765,"href":"https:\/\/www.kktavastia.fi\/vanajaveden-opisto\/wp-json\/wp\/v2\/pages\/737\/revisions\/19765"}],"up":[{"embeddable":true,"href":"https:\/\/www.kktavastia.fi\/vanajaveden-opisto\/wp-json\/wp\/v2\/pages\/19311"}],"wp:attachment":[{"href":"https:\/\/www.kktavastia.fi\/vanajaveden-opisto\/wp-json\/wp\/v2\/media?parent=737"}],"curies":[{"name":"wp","href":"https:\/\/api.w.org\/{rel}","templated":true}]}}