{"id":726,"date":"2020-12-09T12:37:17","date_gmt":"2020-12-09T10:37:17","guid":{"rendered":"https:\/\/kktavastia.vaiheessa.fi\/vanajaveden-opisto\/?page_id=726"},"modified":"2024-12-12T14:22:48","modified_gmt":"2024-12-12T12:22:48","slug":"kehitystyo","status":"publish","type":"page","link":"https:\/\/www.kktavastia.fi\/vanajaveden-opisto\/kehitystyo\/","title":{"rendered":"Kehitysty\u00f6"},"content":{"rendered":"\n<p>Vanajaveden Opiston kehitt\u00e4minen toteutuu henkil\u00f6st\u00f6n kouluttamisen sek\u00e4 erilaisten hankkeiden ja projektien avulla. Edelt\u00e4vin\u00e4 vuosina on kehitetty esimerkiksi eri ainealueiden ja taiteen perusopetuksen opetussuunnitelmia ja s\u00e4hk\u00f6isi\u00e4 oppimateriaaleja. Kehitt\u00e4misty\u00f6t\u00e4 on tehty my\u00f6s erilaisten opiskelijaryhmien, kuten nuorten ja maahanmuuttajien opintojen suunnittelemiseksi ja osallistumiskynnyksen madaltamiseksi. <\/p>\n\n\n\n<p>T\u00e4ll\u00e4 hetkell\u00e4 t\u00e4rke\u00e4 henkil\u00f6st\u00f6n osaamisen kehitt\u00e4misen kohde on osaamisperustaisten koulutusten suunnitteluvalmius ja siihen liittyvien teknisten j\u00e4rjestelmien k\u00e4ytt\u00f6\u00f6nottaminen. Lis\u00e4ksi opistossa on vuosien ajan kehitelty kest\u00e4v\u00e4n kehityksen mukaisia ty\u00f6tapoja ja toimintaperiaatteita. &nbsp;<\/p>\n\n\n\n<p>Opiston toiminta jo itsess\u00e4\u00e4n edist\u00e4\u00e4 yhteiskunnan sosiaalista ja kulttuurista kest\u00e4vyytt\u00e4, mutta my\u00f6s ekologisen ja taloudellisen kest\u00e4vyyden merkitys on korostunut viime vuosina. OKKA-s\u00e4\u00e4ti\u00f6 arvioi opiston kest\u00e4v\u00e4\u00e4 kehityst\u00e4 edist\u00e4v\u00e4n ty\u00f6n kokonaisuudessaan ja my\u00f6nsi meille kest\u00e4v\u00e4n kehityksen sertifikaatin vuonna 2020.<\/p>\n\n\n\n<p><\/p>\n\n\n\n<figure class=\"wp-block-pullquote\"><blockquote><p>Opiston toiminta jo itsess\u00e4\u00e4n edist\u00e4\u00e4 yhteiskunnan sosiaalista ja kulttuurista kest\u00e4vyytt\u00e4, mutta my\u00f6s ekologisen ja taloudellisen kest\u00e4vyyden merkitys on korostunut viime vuosina.<\/p><p><\/p><cite>VOPIN REHTORI Outi it\u00e4luoma<\/cite><\/blockquote><\/figure>\n\n\n\n<h4 class=\"wp-block-heading\"><strong>Kaikki kurssit lis\u00e4\u00e4v\u00e4t osallistujien kest\u00e4vyysosaamista<\/strong><\/h4>\n\n\n\n<p>Koulutuksien ja kurssien suunnittelussa otamme huomioon kest\u00e4vyytt\u00e4 edist\u00e4v\u00e4t sis\u00e4ll\u00f6t ja tuomme niit\u00e4 kekseli\u00e4\u00e4sti ja luovasti esille. Kest\u00e4vyysosaamista kannattaa tavoitella. Se on positiivista, hy\u00f6dyllist\u00e4 ja mielikuvitusta viritt\u00e4v\u00e4\u00e4 \u2013 siit\u00e4 on meille kaikille hy\u00f6ty\u00e4 useilla el\u00e4m\u00e4n alueilla. Eri aihepiirien opetus ja kurssit lis\u00e4\u00e4v\u00e4t osallistujien kest\u00e4vyysosaamista, jolla on vaikutusta yhteiskuntaan laajemminkin.<\/p>\n\n\n\n<p>Liikunnan ja hyvinvoinnin kurssit vaikuttavat ihmisen hyvinvointia ja terveytt\u00e4 parantavasti laajasti. Kaikille ik\u00e4ryhmille on monipuolisia lajeja tarjolla. Hyvinvoinnin edist\u00e4miseksi opistossa on mahdollista opiskella esimerkiksi el\u00e4m\u00e4ntaparemonttia ja opetella valmistamaan muutosta tukevia ruokia itse. Suunnittelijamme seuraavat jatkuvasti alan kehityst\u00e4 ja tuovat my\u00f6s uutuuslajeja opetustarjontaamme.<\/p>\n\n\n\n<p>Kielelliset ja viestinn\u00e4lliset taidot kehittyv\u00e4t monilla kieli- ja digitaitojen kursseilla. N\u00e4it\u00e4 taitoja jokainen tarvitsee p\u00e4rj\u00e4t\u00e4kseen arkiel\u00e4m\u00e4ss\u00e4, matkoilla ja ty\u00f6el\u00e4m\u00e4ss\u00e4. Kurssitarjontamme sis\u00e4lt\u00e4\u00e4 lis\u00e4ksi laajan valikoiman visuaalisuutta, k\u00e4sity\u00f6llisi\u00e4 ja kuvataiteellisia taitoja lis\u00e4\u00e4vi\u00e4 kursseja. Niiden avulla voit vahvistaa tiet\u00e4myst\u00e4si esim. tekstiilikierr\u00e4tyksest\u00e4 ja erilaisten materiaalien tuntemuksesta ja k\u00e4sittelyst\u00e4. Usean vuoden ajan Vanajaveden Opisto on ollut keskeinen j\u00e4rjest\u00e4j\u00e4 nyt jo valtakunnalliseksi paisuneessa, kerran vuodessa pidett\u00e4v\u00e4ss\u00e4 Tekstiilit uusiks -tapahtumassa. Esitt\u00e4vien taiteiden kursseilla \u2013 musiikissa, teatterissa, kirjoittamisessa ja tanssissa \u2013 l\u00f6yd\u00e4t t\u00e4rkeit\u00e4 osaamisia itsest\u00e4si ja ilahdutat niill\u00e4 muitakin ihmisi\u00e4. Yhteis\u00f6n hyvinvointi kasvaa t\u00e4t\u00e4kin kautta.<\/p>\n\n\n\n<p>N\u00e4in\u00e4 pandemian aikoina opisto on ottanut opetuksen j\u00e4rjest\u00e4misess\u00e4 digiloikan. Erilaisten opetusmenetelmien kehitt\u00e4misty\u00f6t\u00e4 onkin teht\u00e4v\u00e4 sek\u00e4 ajankohtaisesti ett\u00e4 tulevaisuutta ajatellen.\u00a0\u00c4killinen muutos pitk\u00e4\u00e4n jatkuneeseen l\u00e4hiopiskelutapaan tuntuu monesta suurelta muutokselta rutiineihin. On kuitenkin hyv\u00e4, ett\u00e4 opiskelua voidaan jatkaa et\u00e4n\u00e4 ja selviyty\u00e4 my\u00f6s n\u00e4iss\u00e4 olosuhteissa.\u00a0Kest\u00e4vyytemme kohdata suuria muutoksia on parantunut. Kest\u00e4v\u00e4n kehityksen ty\u00f6h\u00f6n liittyen julkaisimme vuotuisen opintoesitteen s\u00e4hk\u00f6isess\u00e4 muodossa elokuussa 2020. Digitaalisten materiaalien k\u00e4ytt\u00f6\u00e4 opetuksessakin on lis\u00e4tty.<\/p>\n\n\n\n<p><strong>Outi It\u00e4luoma<\/strong><br>Vanajaveden Opiston rehtori<\/p>\n","protected":false},"excerpt":{"rendered":"<p>Vanajaveden Opiston kehitt\u00e4minen toteutuu henkil\u00f6st\u00f6n kouluttamisen sek\u00e4 erilaisten hankkeiden ja projektien avulla. Edelt\u00e4vin\u00e4 vuosina on kehitetty esimerkiksi eri ainealueiden ja [&hellip;]<\/p>\n","protected":false},"author":4,"featured_media":0,"parent":0,"menu_order":4,"comment_status":"closed","ping_status":"closed","template":"","meta":{"_acf_changed":false,"_relevanssi_hide_post":"","_relevanssi_hide_content":"","_relevanssi_pin_for_all":"","_relevanssi_pin_keywords":"","_relevanssi_unpin_keywords":"","_relevanssi_related_keywords":"","_relevanssi_related_include_ids":"","_relevanssi_related_exclude_ids":"","_relevanssi_related_no_append":"","_relevanssi_related_not_related":"","_relevanssi_related_posts":"7428,8003,7612,780,7388,737","_relevanssi_noindex_reason":"","footnotes":""},"class_list":["post-726","page","type-page","status-publish","hentry"],"acf":[],"yoast_head":"<title>Kehitysty\u00f6 - Vanajaveden Opisto<\/title>\n<meta name=\"robots\" content=\"index, follow, max-snippet:-1, max-image-preview:large, max-video-preview:-1\" \/>\n<link rel=\"canonical\" href=\"https:\/\/www.kktavastia.fi\/vanajaveden-opisto\/kehitystyo\/\" \/>\n<meta property=\"og:locale\" content=\"fi_FI\" \/>\n<meta property=\"og:type\" content=\"article\" \/>\n<meta property=\"og:title\" content=\"Kehitysty\u00f6 - Vanajaveden Opisto\" \/>\n<meta property=\"og:description\" content=\"Vanajaveden Opiston kehitt\u00e4minen toteutuu henkil\u00f6st\u00f6n kouluttamisen sek\u00e4 erilaisten hankkeiden ja projektien avulla. Edelt\u00e4vin\u00e4 vuosina on kehitetty esimerkiksi eri ainealueiden ja [&hellip;]\" \/>\n<meta property=\"og:url\" content=\"https:\/\/www.kktavastia.fi\/vanajaveden-opisto\/kehitystyo\/\" \/>\n<meta property=\"og:site_name\" content=\"Vanajaveden Opisto\" \/>\n<meta property=\"article:modified_time\" content=\"2024-12-12T12:22:48+00:00\" \/>\n<meta name=\"twitter:card\" content=\"summary_large_image\" \/>\n<script type=\"application\/ld+json\" class=\"yoast-schema-graph\">{\"@context\":\"https:\\\/\\\/schema.org\",\"@graph\":[{\"@type\":\"WebPage\",\"@id\":\"https:\\\/\\\/www.kktavastia.fi\\\/vanajaveden-opisto\\\/kehitystyo\\\/\",\"url\":\"https:\\\/\\\/www.kktavastia.fi\\\/vanajaveden-opisto\\\/kehitystyo\\\/\",\"name\":\"Kehitysty\u00f6 - Vanajaveden Opisto\",\"isPartOf\":{\"@id\":\"https:\\\/\\\/www.kktavastia.fi\\\/vanajaveden-opisto\\\/#website\"},\"datePublished\":\"2020-12-09T10:37:17+00:00\",\"dateModified\":\"2024-12-12T12:22:48+00:00\",\"breadcrumb\":{\"@id\":\"https:\\\/\\\/www.kktavastia.fi\\\/vanajaveden-opisto\\\/kehitystyo\\\/#breadcrumb\"},\"inLanguage\":\"fi\",\"potentialAction\":[{\"@type\":\"ReadAction\",\"target\":[\"https:\\\/\\\/www.kktavastia.fi\\\/vanajaveden-opisto\\\/kehitystyo\\\/\"]}]},{\"@type\":\"BreadcrumbList\",\"@id\":\"https:\\\/\\\/www.kktavastia.fi\\\/vanajaveden-opisto\\\/kehitystyo\\\/#breadcrumb\",\"itemListElement\":[{\"@type\":\"ListItem\",\"position\":1,\"name\":\"Home\",\"item\":\"https:\\\/\\\/www.kktavastia.fi\\\/vanajaveden-opisto\\\/\"},{\"@type\":\"ListItem\",\"position\":2,\"name\":\"Kehitysty\u00f6\"}]},{\"@type\":\"WebSite\",\"@id\":\"https:\\\/\\\/www.kktavastia.fi\\\/vanajaveden-opisto\\\/#website\",\"url\":\"https:\\\/\\\/www.kktavastia.fi\\\/vanajaveden-opisto\\\/\",\"name\":\"Vanajaveden Opisto\",\"description\":\"\",\"potentialAction\":[{\"@type\":\"SearchAction\",\"target\":{\"@type\":\"EntryPoint\",\"urlTemplate\":\"https:\\\/\\\/www.kktavastia.fi\\\/vanajaveden-opisto\\\/?s={search_term_string}\"},\"query-input\":{\"@type\":\"PropertyValueSpecification\",\"valueRequired\":true,\"valueName\":\"search_term_string\"}}],\"inLanguage\":\"fi\"}]}<\/script>","yoast_head_json":{"title":"Kehitysty\u00f6 - Vanajaveden Opisto","robots":{"index":"index","follow":"follow","max-snippet":"max-snippet:-1","max-image-preview":"max-image-preview:large","max-video-preview":"max-video-preview:-1"},"canonical":"https:\/\/www.kktavastia.fi\/vanajaveden-opisto\/kehitystyo\/","og_locale":"fi_FI","og_type":"article","og_title":"Kehitysty\u00f6 - Vanajaveden Opisto","og_description":"Vanajaveden Opiston kehitt\u00e4minen toteutuu henkil\u00f6st\u00f6n kouluttamisen sek\u00e4 erilaisten hankkeiden ja projektien avulla. Edelt\u00e4vin\u00e4 vuosina on kehitetty esimerkiksi eri ainealueiden ja [&hellip;]","og_url":"https:\/\/www.kktavastia.fi\/vanajaveden-opisto\/kehitystyo\/","og_site_name":"Vanajaveden Opisto","article_modified_time":"2024-12-12T12:22:48+00:00","twitter_card":"summary_large_image","schema":{"@context":"https:\/\/schema.org","@graph":[{"@type":"WebPage","@id":"https:\/\/www.kktavastia.fi\/vanajaveden-opisto\/kehitystyo\/","url":"https:\/\/www.kktavastia.fi\/vanajaveden-opisto\/kehitystyo\/","name":"Kehitysty\u00f6 - Vanajaveden Opisto","isPartOf":{"@id":"https:\/\/www.kktavastia.fi\/vanajaveden-opisto\/#website"},"datePublished":"2020-12-09T10:37:17+00:00","dateModified":"2024-12-12T12:22:48+00:00","breadcrumb":{"@id":"https:\/\/www.kktavastia.fi\/vanajaveden-opisto\/kehitystyo\/#breadcrumb"},"inLanguage":"fi","potentialAction":[{"@type":"ReadAction","target":["https:\/\/www.kktavastia.fi\/vanajaveden-opisto\/kehitystyo\/"]}]},{"@type":"BreadcrumbList","@id":"https:\/\/www.kktavastia.fi\/vanajaveden-opisto\/kehitystyo\/#breadcrumb","itemListElement":[{"@type":"ListItem","position":1,"name":"Home","item":"https:\/\/www.kktavastia.fi\/vanajaveden-opisto\/"},{"@type":"ListItem","position":2,"name":"Kehitysty\u00f6"}]},{"@type":"WebSite","@id":"https:\/\/www.kktavastia.fi\/vanajaveden-opisto\/#website","url":"https:\/\/www.kktavastia.fi\/vanajaveden-opisto\/","name":"Vanajaveden Opisto","description":"","potentialAction":[{"@type":"SearchAction","target":{"@type":"EntryPoint","urlTemplate":"https:\/\/www.kktavastia.fi\/vanajaveden-opisto\/?s={search_term_string}"},"query-input":{"@type":"PropertyValueSpecification","valueRequired":true,"valueName":"search_term_string"}}],"inLanguage":"fi"}]}},"_links":{"self":[{"href":"https:\/\/www.kktavastia.fi\/vanajaveden-opisto\/wp-json\/wp\/v2\/pages\/726","targetHints":{"allow":["GET"]}}],"collection":[{"href":"https:\/\/www.kktavastia.fi\/vanajaveden-opisto\/wp-json\/wp\/v2\/pages"}],"about":[{"href":"https:\/\/www.kktavastia.fi\/vanajaveden-opisto\/wp-json\/wp\/v2\/types\/page"}],"author":[{"embeddable":true,"href":"https:\/\/www.kktavastia.fi\/vanajaveden-opisto\/wp-json\/wp\/v2\/users\/4"}],"replies":[{"embeddable":true,"href":"https:\/\/www.kktavastia.fi\/vanajaveden-opisto\/wp-json\/wp\/v2\/comments?post=726"}],"version-history":[{"count":11,"href":"https:\/\/www.kktavastia.fi\/vanajaveden-opisto\/wp-json\/wp\/v2\/pages\/726\/revisions"}],"predecessor-version":[{"id":19450,"href":"https:\/\/www.kktavastia.fi\/vanajaveden-opisto\/wp-json\/wp\/v2\/pages\/726\/revisions\/19450"}],"wp:attachment":[{"href":"https:\/\/www.kktavastia.fi\/vanajaveden-opisto\/wp-json\/wp\/v2\/media?parent=726"}],"curies":[{"name":"wp","href":"https:\/\/api.w.org\/{rel}","templated":true}]}}