{"id":21369,"date":"2025-06-12T14:43:36","date_gmt":"2025-06-12T11:43:36","guid":{"rendered":"https:\/\/www.kktavastia.fi\/vanajaveden-opisto\/?page_id=21369"},"modified":"2025-06-13T09:49:35","modified_gmt":"2025-06-13T06:49:35","slug":"harrastus-ihan-lahella-hil","status":"publish","type":"page","link":"https:\/\/www.kktavastia.fi\/vanajaveden-opisto\/lapset-ja-nuoret\/harrastus-ihan-lahella-hil\/","title":{"rendered":"Harrastus Ihan L\u00e4hell\u00e4 (HIL)"},"content":{"rendered":"\n<h3 class=\"wp-block-heading\">Harrastus Ihan L\u00e4hell\u00e4 eli HIL-toiminta<\/h3>\n\n\n\n<p>Lasten Liikunnan Tuki j\u00e4rjest\u00e4\u00e4 H\u00e4meenlinnan kaupungin Harrastus Ihan L\u00e4hell\u00e4 -harrastekerhoja sek\u00e4 liikuntakioskitoimintaa. Lis\u00e4tietoa Harrastus Ihan L\u00e4hell\u00e4 -toiminnasta voi lukea <a href=\"https:\/\/www.hameenlinna.fi\/varhaiskasvatus-ja-koulutus\/perusopetus\/harrasta-ja-voi-hyvin\/harrastus-ihan-lahella\/\">H\u00e4meenlinnan kaupungin sivuilta<\/a>.<\/p>\n\n\n\n<h4 class=\"wp-block-heading\">Koululiikuntatapahtumat<\/h4>\n\n\n\n<p>Lasten Liikunnan Tuki j\u00e4rjest\u00e4\u00e4 yhteisty\u00f6ss\u00e4 H\u00e4meenlinnan kaupungin sek\u00e4 paikallisten seurojen kanssa koululiikuntatapahtumia H\u00e4meenlinnan peruskoululaisille. Lukuvuonna 2024\u20142025 Lasten Liikunnan Tuki oli mukana Linna Viesti -juoksutapahtumassa, H\u00e4meenlinnan peruskoulujen salibandyturnauksessa, H\u00e4meenlinnan yl\u00e4koulujen palloiluturnauksessa sek\u00e4 H\u00e4meenlinnan peruskoulujen jalkapalloturnauksessa.<\/p>\n\n\n\n<h4 class=\"wp-block-heading\">Seurayhteisty\u00f6 koululaistapahtumissa<\/h4>\n\n\n\n<p>Harrastus Ihan L\u00e4hell\u00e4 -liikuntakioskit ja H\u00e4meenlinnan kaupungin koululiikuntatapahtumat ovat mainio tilaisuus paikallisille seuroille oman toimintansa esittelyyn mahdollisille uusille harrastajille. Jos seurasi haluaa olla mukana HIL-liikuntakioskeissa tai j\u00e4rjest\u00e4m\u00e4ss\u00e4 koululiikuntatapahtumia H\u00e4meenlinnan peruskoululaisille, niin voit olla yhteydess\u00e4 Lasten Liikunnan Tuen liikuntavastaavaan Otto Ventel\u00e4\u00e4n.<\/p>\n\n\n\n<p><\/p>\n","protected":false},"excerpt":{"rendered":"<p>Harrastus Ihan L\u00e4hell\u00e4 eli HIL-toiminta Lasten Liikunnan Tuki j\u00e4rjest\u00e4\u00e4 H\u00e4meenlinnan kaupungin Harrastus Ihan L\u00e4hell\u00e4 -harrastekerhoja sek\u00e4 liikuntakioskitoimintaa. Lis\u00e4tietoa Harrastus Ihan [&hellip;]<\/p>\n","protected":false},"author":6,"featured_media":0,"parent":21355,"menu_order":0,"comment_status":"closed","ping_status":"closed","template":"","meta":{"_acf_changed":false,"_relevanssi_hide_post":"","_relevanssi_hide_content":"","_relevanssi_pin_for_all":"","_relevanssi_pin_keywords":"","_relevanssi_unpin_keywords":"","_relevanssi_related_keywords":"","_relevanssi_related_include_ids":"","_relevanssi_related_exclude_ids":"","_relevanssi_related_no_append":"","_relevanssi_related_not_related":"","_relevanssi_related_posts":"","_relevanssi_noindex_reason":"","footnotes":""},"class_list":["post-21369","page","type-page","status-publish","hentry"],"acf":[],"yoast_head":"<title>Harrastus Ihan L\u00e4hell\u00e4 (HIL) - Vanajaveden Opisto<\/title>\n<meta name=\"robots\" content=\"index, follow, max-snippet:-1, max-image-preview:large, max-video-preview:-1\" \/>\n<link rel=\"canonical\" href=\"https:\/\/www.kktavastia.fi\/vanajaveden-opisto\/lapset-ja-nuoret\/harrastus-ihan-lahella-hil\/\" \/>\n<meta property=\"og:locale\" content=\"fi_FI\" \/>\n<meta property=\"og:type\" content=\"article\" \/>\n<meta property=\"og:title\" content=\"Harrastus Ihan L\u00e4hell\u00e4 (HIL) - Vanajaveden Opisto\" \/>\n<meta property=\"og:description\" content=\"Harrastus Ihan L\u00e4hell\u00e4 eli HIL-toiminta Lasten Liikunnan Tuki j\u00e4rjest\u00e4\u00e4 H\u00e4meenlinnan kaupungin Harrastus Ihan L\u00e4hell\u00e4 -harrastekerhoja sek\u00e4 liikuntakioskitoimintaa. Lis\u00e4tietoa Harrastus Ihan [&hellip;]\" \/>\n<meta property=\"og:url\" content=\"https:\/\/www.kktavastia.fi\/vanajaveden-opisto\/lapset-ja-nuoret\/harrastus-ihan-lahella-hil\/\" \/>\n<meta property=\"og:site_name\" content=\"Vanajaveden Opisto\" \/>\n<meta property=\"article:modified_time\" content=\"2025-06-13T06:49:35+00:00\" \/>\n<meta name=\"twitter:card\" content=\"summary_large_image\" \/>\n<script type=\"application\/ld+json\" class=\"yoast-schema-graph\">{\"@context\":\"https:\\\/\\\/schema.org\",\"@graph\":[{\"@type\":\"WebPage\",\"@id\":\"https:\\\/\\\/www.kktavastia.fi\\\/vanajaveden-opisto\\\/lapset-ja-nuoret\\\/harrastus-ihan-lahella-hil\\\/\",\"url\":\"https:\\\/\\\/www.kktavastia.fi\\\/vanajaveden-opisto\\\/lapset-ja-nuoret\\\/harrastus-ihan-lahella-hil\\\/\",\"name\":\"Harrastus Ihan L\u00e4hell\u00e4 (HIL) - Vanajaveden Opisto\",\"isPartOf\":{\"@id\":\"https:\\\/\\\/www.kktavastia.fi\\\/vanajaveden-opisto\\\/#website\"},\"datePublished\":\"2025-06-12T11:43:36+00:00\",\"dateModified\":\"2025-06-13T06:49:35+00:00\",\"breadcrumb\":{\"@id\":\"https:\\\/\\\/www.kktavastia.fi\\\/vanajaveden-opisto\\\/lapset-ja-nuoret\\\/harrastus-ihan-lahella-hil\\\/#breadcrumb\"},\"inLanguage\":\"fi\",\"potentialAction\":[{\"@type\":\"ReadAction\",\"target\":[\"https:\\\/\\\/www.kktavastia.fi\\\/vanajaveden-opisto\\\/lapset-ja-nuoret\\\/harrastus-ihan-lahella-hil\\\/\"]}]},{\"@type\":\"BreadcrumbList\",\"@id\":\"https:\\\/\\\/www.kktavastia.fi\\\/vanajaveden-opisto\\\/lapset-ja-nuoret\\\/harrastus-ihan-lahella-hil\\\/#breadcrumb\",\"itemListElement\":[{\"@type\":\"ListItem\",\"position\":1,\"name\":\"Home\",\"item\":\"https:\\\/\\\/www.kktavastia.fi\\\/vanajaveden-opisto\\\/\"},{\"@type\":\"ListItem\",\"position\":2,\"name\":\"Lapset ja nuoret\",\"item\":\"https:\\\/\\\/www.kktavastia.fi\\\/vanajaveden-opisto\\\/lapset-ja-nuoret\\\/\"},{\"@type\":\"ListItem\",\"position\":3,\"name\":\"Harrastus Ihan L\u00e4hell\u00e4 (HIL)\"}]},{\"@type\":\"WebSite\",\"@id\":\"https:\\\/\\\/www.kktavastia.fi\\\/vanajaveden-opisto\\\/#website\",\"url\":\"https:\\\/\\\/www.kktavastia.fi\\\/vanajaveden-opisto\\\/\",\"name\":\"Vanajaveden Opisto\",\"description\":\"\",\"potentialAction\":[{\"@type\":\"SearchAction\",\"target\":{\"@type\":\"EntryPoint\",\"urlTemplate\":\"https:\\\/\\\/www.kktavastia.fi\\\/vanajaveden-opisto\\\/?s={search_term_string}\"},\"query-input\":{\"@type\":\"PropertyValueSpecification\",\"valueRequired\":true,\"valueName\":\"search_term_string\"}}],\"inLanguage\":\"fi\"}]}<\/script>","yoast_head_json":{"title":"Harrastus Ihan L\u00e4hell\u00e4 (HIL) - Vanajaveden Opisto","robots":{"index":"index","follow":"follow","max-snippet":"max-snippet:-1","max-image-preview":"max-image-preview:large","max-video-preview":"max-video-preview:-1"},"canonical":"https:\/\/www.kktavastia.fi\/vanajaveden-opisto\/lapset-ja-nuoret\/harrastus-ihan-lahella-hil\/","og_locale":"fi_FI","og_type":"article","og_title":"Harrastus Ihan L\u00e4hell\u00e4 (HIL) - Vanajaveden Opisto","og_description":"Harrastus Ihan L\u00e4hell\u00e4 eli HIL-toiminta Lasten Liikunnan Tuki j\u00e4rjest\u00e4\u00e4 H\u00e4meenlinnan kaupungin Harrastus Ihan L\u00e4hell\u00e4 -harrastekerhoja sek\u00e4 liikuntakioskitoimintaa. Lis\u00e4tietoa Harrastus Ihan [&hellip;]","og_url":"https:\/\/www.kktavastia.fi\/vanajaveden-opisto\/lapset-ja-nuoret\/harrastus-ihan-lahella-hil\/","og_site_name":"Vanajaveden Opisto","article_modified_time":"2025-06-13T06:49:35+00:00","twitter_card":"summary_large_image","schema":{"@context":"https:\/\/schema.org","@graph":[{"@type":"WebPage","@id":"https:\/\/www.kktavastia.fi\/vanajaveden-opisto\/lapset-ja-nuoret\/harrastus-ihan-lahella-hil\/","url":"https:\/\/www.kktavastia.fi\/vanajaveden-opisto\/lapset-ja-nuoret\/harrastus-ihan-lahella-hil\/","name":"Harrastus Ihan L\u00e4hell\u00e4 (HIL) - Vanajaveden Opisto","isPartOf":{"@id":"https:\/\/www.kktavastia.fi\/vanajaveden-opisto\/#website"},"datePublished":"2025-06-12T11:43:36+00:00","dateModified":"2025-06-13T06:49:35+00:00","breadcrumb":{"@id":"https:\/\/www.kktavastia.fi\/vanajaveden-opisto\/lapset-ja-nuoret\/harrastus-ihan-lahella-hil\/#breadcrumb"},"inLanguage":"fi","potentialAction":[{"@type":"ReadAction","target":["https:\/\/www.kktavastia.fi\/vanajaveden-opisto\/lapset-ja-nuoret\/harrastus-ihan-lahella-hil\/"]}]},{"@type":"BreadcrumbList","@id":"https:\/\/www.kktavastia.fi\/vanajaveden-opisto\/lapset-ja-nuoret\/harrastus-ihan-lahella-hil\/#breadcrumb","itemListElement":[{"@type":"ListItem","position":1,"name":"Home","item":"https:\/\/www.kktavastia.fi\/vanajaveden-opisto\/"},{"@type":"ListItem","position":2,"name":"Lapset ja nuoret","item":"https:\/\/www.kktavastia.fi\/vanajaveden-opisto\/lapset-ja-nuoret\/"},{"@type":"ListItem","position":3,"name":"Harrastus Ihan L\u00e4hell\u00e4 (HIL)"}]},{"@type":"WebSite","@id":"https:\/\/www.kktavastia.fi\/vanajaveden-opisto\/#website","url":"https:\/\/www.kktavastia.fi\/vanajaveden-opisto\/","name":"Vanajaveden Opisto","description":"","potentialAction":[{"@type":"SearchAction","target":{"@type":"EntryPoint","urlTemplate":"https:\/\/www.kktavastia.fi\/vanajaveden-opisto\/?s={search_term_string}"},"query-input":{"@type":"PropertyValueSpecification","valueRequired":true,"valueName":"search_term_string"}}],"inLanguage":"fi"}]}},"_links":{"self":[{"href":"https:\/\/www.kktavastia.fi\/vanajaveden-opisto\/wp-json\/wp\/v2\/pages\/21369","targetHints":{"allow":["GET"]}}],"collection":[{"href":"https:\/\/www.kktavastia.fi\/vanajaveden-opisto\/wp-json\/wp\/v2\/pages"}],"about":[{"href":"https:\/\/www.kktavastia.fi\/vanajaveden-opisto\/wp-json\/wp\/v2\/types\/page"}],"author":[{"embeddable":true,"href":"https:\/\/www.kktavastia.fi\/vanajaveden-opisto\/wp-json\/wp\/v2\/users\/6"}],"replies":[{"embeddable":true,"href":"https:\/\/www.kktavastia.fi\/vanajaveden-opisto\/wp-json\/wp\/v2\/comments?post=21369"}],"version-history":[{"count":2,"href":"https:\/\/www.kktavastia.fi\/vanajaveden-opisto\/wp-json\/wp\/v2\/pages\/21369\/revisions"}],"predecessor-version":[{"id":21375,"href":"https:\/\/www.kktavastia.fi\/vanajaveden-opisto\/wp-json\/wp\/v2\/pages\/21369\/revisions\/21375"}],"up":[{"embeddable":true,"href":"https:\/\/www.kktavastia.fi\/vanajaveden-opisto\/wp-json\/wp\/v2\/pages\/21355"}],"wp:attachment":[{"href":"https:\/\/www.kktavastia.fi\/vanajaveden-opisto\/wp-json\/wp\/v2\/media?parent=21369"}],"curies":[{"name":"wp","href":"https:\/\/api.w.org\/{rel}","templated":true}]}}