{"id":21355,"date":"2025-06-11T14:53:51","date_gmt":"2025-06-11T11:53:51","guid":{"rendered":"https:\/\/www.kktavastia.fi\/vanajaveden-opisto\/?page_id=21355"},"modified":"2025-06-18T12:52:14","modified_gmt":"2025-06-18T09:52:14","slug":"lapset-ja-nuoret","status":"publish","type":"page","link":"https:\/\/www.kktavastia.fi\/vanajaveden-opisto\/lapset-ja-nuoret\/","title":{"rendered":"Lapset ja nuoret"},"content":{"rendered":"\n<p class=\"is-style-ingress\">Vanajaveden Opisto tarjoaa lapsille ja nuorille monenlaista toimintaa. Perinteisten harrastuskurssien lis\u00e4ksi my\u00f6s Lasten Liikunnan Tuen toiminnot ovat nykyisin osa VOPia<\/p>\n\n\n\n<p>Tuemme p\u00e4ivitt\u00e4in l\u00e4hes nelj\u00e4nsadan lapsen oppimisvalmiuksia sek\u00e4 motorista ja kognitiivista oppimista koululaisten aamu- ja iltap\u00e4iv\u00e4toiminnassa, PeuhuKahvilassa sek\u00e4 koululaisten harrastekerhoissa.<\/p>\n\n\n\n<p>J\u00e4rjest\u00e4mme vuosittain liikunnallista ja taiteellista loma-ajan toimintaa noin 300 lapselle. Mahdollistamme my\u00f6s monille alle 18-vuotiaille kes\u00e4ty\u00f6n sek\u00e4 koululaisille ja opiskelijoille ty\u00f6el\u00e4m\u00e4\u00e4n tutustumisen tai eri pituiset harjoittelujaksot.<\/p>\n\n\n\n<section class=\"block block-cols block-image-upsells\">\n  <div class=\"container\">\n\n    <div class=\"cols\">\n            <div class=\"col\">\n        <a href=\"https:\/\/www.kktavastia.fi\/vanajaveden-opisto\/kurssit\/kurssit-teemoittain\/lasten-ja-nuorten-kurssit\/\" class=\"global-link\" aria-label=\"Kursseja lapsille ja nuorille\"><\/a>\n\n        <div class=\"image\" aria-hidden=\"true\">\n              <div class=\"lazy\"\n      data-bg=\"https:\/\/www.kktavastia.fi\/media\/sites\/3\/10-2-scaled.jpg\"\n          >\n    <\/div>\n\n            <\/div>\n\n        <div class=\"content content-dark\">\n          <h3>Kursseja lapsille ja nuorille<\/h3>\n        <\/div>\n      <\/div>\n            <div class=\"col\">\n        <a href=\"https:\/\/www.kktavastia.fi\/vanajaveden-opisto\/kurssit\/kurssit-teemoittain\/lasten-kuvataidekoulu-laku\/\" class=\"global-link\" aria-label=\"Lasten Kuvataidekoulu LaKu\"><\/a>\n\n        <div class=\"image\" aria-hidden=\"true\">\n              <div class=\"lazy\"\n      data-bg=\"https:\/\/www.kktavastia.fi\/media\/sites\/3\/img_5242.jpg\"\n          >\n    <\/div>\n\n            <\/div>\n\n        <div class=\"content content-dark\">\n          <h3>Lasten Kuvataidekoulu LaKu<\/h3>\n        <\/div>\n      <\/div>\n          <\/div>\n\n  <\/div>\n<\/section>\n\n\n\n<section class=\"block block-cols block-image-upsells\">\n  <div class=\"container\">\n\n    <div class=\"cols\">\n            <div class=\"col\">\n        <a href=\"https:\/\/lastenliikunnantuki.fi\/kouluikaiset\/toiminnallinen-iltapaivakerho-hattula\/\" class=\"global-link\" aria-label=\"Hattulan iltap\u00e4iv\u00e4kerhot\"><\/a>\n\n        <div class=\"image\" aria-hidden=\"true\">\n              <div class=\"lazy\"\n      data-bg=\"https:\/\/www.kktavastia.fi\/media\/sites\/3\/istock-1385096020-scaled.jpg\"\n          >\n    <\/div>\n\n            <\/div>\n\n        <div class=\"content content-dark\">\n          <h3>Hattulan iltap\u00e4iv\u00e4kerhot<\/h3>\n        <\/div>\n      <\/div>\n            <div class=\"col\">\n        <a href=\"https:\/\/www.kktavastia.fi\/vanajaveden-opisto\/lapset-ja-nuoret\/harrastus-ihan-lahella-hil\/\" class=\"global-link\" aria-label=\"Harrastus Ihan L\u00e4hell\u00e4\"><\/a>\n\n        <div class=\"image\" aria-hidden=\"true\">\n              <div class=\"lazy\"\n      data-bg=\"https:\/\/www.kktavastia.fi\/media\/sites\/3\/nettisivut-2-1.png\"\n          >\n    <\/div>\n\n            <\/div>\n\n        <div class=\"content content-dark\">\n          <h3>Harrastus Ihan L\u00e4hell\u00e4<\/h3>\n        <\/div>\n      <\/div>\n          <\/div>\n\n  <\/div>\n<\/section>\n\n\n\n<p><\/p>\n","protected":false},"excerpt":{"rendered":"<p>Vanajaveden Opisto tarjoaa lapsille ja nuorille monenlaista toimintaa. Perinteisten harrastuskurssien lis\u00e4ksi my\u00f6s Lasten Liikunnan Tuen toiminnot ovat nykyisin osa VOPia [&hellip;]<\/p>\n","protected":false},"author":6,"featured_media":0,"parent":0,"menu_order":0,"comment_status":"closed","ping_status":"closed","template":"","meta":{"_acf_changed":false,"_relevanssi_hide_post":"","_relevanssi_hide_content":"","_relevanssi_pin_for_all":"","_relevanssi_pin_keywords":"","_relevanssi_unpin_keywords":"","_relevanssi_related_keywords":"","_relevanssi_related_include_ids":"","_relevanssi_related_exclude_ids":"","_relevanssi_related_no_append":"","_relevanssi_related_not_related":"","_relevanssi_related_posts":"7022,780,737,732,19311,739","_relevanssi_noindex_reason":"","footnotes":""},"class_list":["post-21355","page","type-page","status-publish","hentry"],"acf":[],"yoast_head":"<title>Lapset ja nuoret - Vanajaveden Opisto<\/title>\n<meta name=\"robots\" content=\"index, follow, max-snippet:-1, max-image-preview:large, max-video-preview:-1\" \/>\n<link rel=\"canonical\" href=\"https:\/\/www.kktavastia.fi\/vanajaveden-opisto\/lapset-ja-nuoret\/\" \/>\n<meta property=\"og:locale\" content=\"fi_FI\" \/>\n<meta property=\"og:type\" content=\"article\" \/>\n<meta property=\"og:title\" content=\"Lapset ja nuoret - Vanajaveden Opisto\" \/>\n<meta property=\"og:description\" content=\"Vanajaveden Opisto tarjoaa lapsille ja nuorille monenlaista toimintaa. Perinteisten harrastuskurssien lis\u00e4ksi my\u00f6s Lasten Liikunnan Tuen toiminnot ovat nykyisin osa VOPia [&hellip;]\" \/>\n<meta property=\"og:url\" content=\"https:\/\/www.kktavastia.fi\/vanajaveden-opisto\/lapset-ja-nuoret\/\" \/>\n<meta property=\"og:site_name\" content=\"Vanajaveden Opisto\" \/>\n<meta property=\"article:modified_time\" content=\"2025-06-18T09:52:14+00:00\" \/>\n<meta name=\"twitter:card\" content=\"summary_large_image\" \/>\n<script type=\"application\/ld+json\" class=\"yoast-schema-graph\">{\"@context\":\"https:\\\/\\\/schema.org\",\"@graph\":[{\"@type\":\"WebPage\",\"@id\":\"https:\\\/\\\/www.kktavastia.fi\\\/vanajaveden-opisto\\\/lapset-ja-nuoret\\\/\",\"url\":\"https:\\\/\\\/www.kktavastia.fi\\\/vanajaveden-opisto\\\/lapset-ja-nuoret\\\/\",\"name\":\"Lapset ja nuoret - Vanajaveden Opisto\",\"isPartOf\":{\"@id\":\"https:\\\/\\\/www.kktavastia.fi\\\/vanajaveden-opisto\\\/#website\"},\"datePublished\":\"2025-06-11T11:53:51+00:00\",\"dateModified\":\"2025-06-18T09:52:14+00:00\",\"breadcrumb\":{\"@id\":\"https:\\\/\\\/www.kktavastia.fi\\\/vanajaveden-opisto\\\/lapset-ja-nuoret\\\/#breadcrumb\"},\"inLanguage\":\"fi\",\"potentialAction\":[{\"@type\":\"ReadAction\",\"target\":[\"https:\\\/\\\/www.kktavastia.fi\\\/vanajaveden-opisto\\\/lapset-ja-nuoret\\\/\"]}]},{\"@type\":\"BreadcrumbList\",\"@id\":\"https:\\\/\\\/www.kktavastia.fi\\\/vanajaveden-opisto\\\/lapset-ja-nuoret\\\/#breadcrumb\",\"itemListElement\":[{\"@type\":\"ListItem\",\"position\":1,\"name\":\"Home\",\"item\":\"https:\\\/\\\/www.kktavastia.fi\\\/vanajaveden-opisto\\\/\"},{\"@type\":\"ListItem\",\"position\":2,\"name\":\"Lapset ja nuoret\"}]},{\"@type\":\"WebSite\",\"@id\":\"https:\\\/\\\/www.kktavastia.fi\\\/vanajaveden-opisto\\\/#website\",\"url\":\"https:\\\/\\\/www.kktavastia.fi\\\/vanajaveden-opisto\\\/\",\"name\":\"Vanajaveden Opisto\",\"description\":\"\",\"potentialAction\":[{\"@type\":\"SearchAction\",\"target\":{\"@type\":\"EntryPoint\",\"urlTemplate\":\"https:\\\/\\\/www.kktavastia.fi\\\/vanajaveden-opisto\\\/?s={search_term_string}\"},\"query-input\":{\"@type\":\"PropertyValueSpecification\",\"valueRequired\":true,\"valueName\":\"search_term_string\"}}],\"inLanguage\":\"fi\"}]}<\/script>","yoast_head_json":{"title":"Lapset ja nuoret - Vanajaveden Opisto","robots":{"index":"index","follow":"follow","max-snippet":"max-snippet:-1","max-image-preview":"max-image-preview:large","max-video-preview":"max-video-preview:-1"},"canonical":"https:\/\/www.kktavastia.fi\/vanajaveden-opisto\/lapset-ja-nuoret\/","og_locale":"fi_FI","og_type":"article","og_title":"Lapset ja nuoret - Vanajaveden Opisto","og_description":"Vanajaveden Opisto tarjoaa lapsille ja nuorille monenlaista toimintaa. Perinteisten harrastuskurssien lis\u00e4ksi my\u00f6s Lasten Liikunnan Tuen toiminnot ovat nykyisin osa VOPia [&hellip;]","og_url":"https:\/\/www.kktavastia.fi\/vanajaveden-opisto\/lapset-ja-nuoret\/","og_site_name":"Vanajaveden Opisto","article_modified_time":"2025-06-18T09:52:14+00:00","twitter_card":"summary_large_image","schema":{"@context":"https:\/\/schema.org","@graph":[{"@type":"WebPage","@id":"https:\/\/www.kktavastia.fi\/vanajaveden-opisto\/lapset-ja-nuoret\/","url":"https:\/\/www.kktavastia.fi\/vanajaveden-opisto\/lapset-ja-nuoret\/","name":"Lapset ja nuoret - Vanajaveden Opisto","isPartOf":{"@id":"https:\/\/www.kktavastia.fi\/vanajaveden-opisto\/#website"},"datePublished":"2025-06-11T11:53:51+00:00","dateModified":"2025-06-18T09:52:14+00:00","breadcrumb":{"@id":"https:\/\/www.kktavastia.fi\/vanajaveden-opisto\/lapset-ja-nuoret\/#breadcrumb"},"inLanguage":"fi","potentialAction":[{"@type":"ReadAction","target":["https:\/\/www.kktavastia.fi\/vanajaveden-opisto\/lapset-ja-nuoret\/"]}]},{"@type":"BreadcrumbList","@id":"https:\/\/www.kktavastia.fi\/vanajaveden-opisto\/lapset-ja-nuoret\/#breadcrumb","itemListElement":[{"@type":"ListItem","position":1,"name":"Home","item":"https:\/\/www.kktavastia.fi\/vanajaveden-opisto\/"},{"@type":"ListItem","position":2,"name":"Lapset ja nuoret"}]},{"@type":"WebSite","@id":"https:\/\/www.kktavastia.fi\/vanajaveden-opisto\/#website","url":"https:\/\/www.kktavastia.fi\/vanajaveden-opisto\/","name":"Vanajaveden Opisto","description":"","potentialAction":[{"@type":"SearchAction","target":{"@type":"EntryPoint","urlTemplate":"https:\/\/www.kktavastia.fi\/vanajaveden-opisto\/?s={search_term_string}"},"query-input":{"@type":"PropertyValueSpecification","valueRequired":true,"valueName":"search_term_string"}}],"inLanguage":"fi"}]}},"_links":{"self":[{"href":"https:\/\/www.kktavastia.fi\/vanajaveden-opisto\/wp-json\/wp\/v2\/pages\/21355","targetHints":{"allow":["GET"]}}],"collection":[{"href":"https:\/\/www.kktavastia.fi\/vanajaveden-opisto\/wp-json\/wp\/v2\/pages"}],"about":[{"href":"https:\/\/www.kktavastia.fi\/vanajaveden-opisto\/wp-json\/wp\/v2\/types\/page"}],"author":[{"embeddable":true,"href":"https:\/\/www.kktavastia.fi\/vanajaveden-opisto\/wp-json\/wp\/v2\/users\/6"}],"replies":[{"embeddable":true,"href":"https:\/\/www.kktavastia.fi\/vanajaveden-opisto\/wp-json\/wp\/v2\/comments?post=21355"}],"version-history":[{"count":7,"href":"https:\/\/www.kktavastia.fi\/vanajaveden-opisto\/wp-json\/wp\/v2\/pages\/21355\/revisions"}],"predecessor-version":[{"id":21385,"href":"https:\/\/www.kktavastia.fi\/vanajaveden-opisto\/wp-json\/wp\/v2\/pages\/21355\/revisions\/21385"}],"wp:attachment":[{"href":"https:\/\/www.kktavastia.fi\/vanajaveden-opisto\/wp-json\/wp\/v2\/media?parent=21355"}],"curies":[{"name":"wp","href":"https:\/\/api.w.org\/{rel}","templated":true}]}}