{"id":19311,"date":"2024-11-27T15:44:42","date_gmt":"2024-11-27T13:44:42","guid":{"rendered":"https:\/\/www.kktavastia.fi\/vanajaveden-opisto\/?page_id=19311"},"modified":"2025-04-01T14:03:16","modified_gmt":"2025-04-01T11:03:16","slug":"ilmoittautumisohjeet-2","status":"publish","type":"page","link":"https:\/\/www.kktavastia.fi\/vanajaveden-opisto\/asiakaspalvelu\/ilmoittautumisohjeet-2\/","title":{"rendered":"Ilmoittautumisohjeet"},"content":{"rendered":"\n<h3 class=\"wp-block-heading\">Voit ilmoittautua kursseille kahdella tavalla<\/h3>\n\n\n\n<ul class=\"wp-block-list\">\n<li><a href=\"https:\/\/www.kktavastia.fi\/vanajaveden-opisto\/kurssit\/\">Kurssit<\/a>-sivun kautta<\/li>\n\n\n\n<li>Puhelimitse puh. 03 6581 800<\/li>\n\n\n\n<li>Katso asiakaspalvelun yhteystiedot <a href=\"https:\/\/www.kktavastia.fi\/vanajaveden-opisto\/vanajaveden-opisto\/asiakaspalvelu\/toimisto\/\">t\u00e4\u00e4lt\u00e4<\/a>. <\/li>\n<\/ul>\n\n\n\n<h3 class=\"wp-block-heading\">Kursseille ilmoittautuminen <\/h3>\n\n\n\n<p>Valitse kurssit ostoskoriin. Jos jokin kurssi on t\u00e4ynn\u00e4, niin voit ilmoittautua varapaikalle. Otamme yhteytt\u00e4, jos kurssilta vapautuu paikka.&nbsp;<\/p>\n\n\n\n<p>Ostoskoriin voi valita kerralla vain yhden osallistujan kurssit. T\u00e4ytetty\u00e4si ostoskorissa osallistujan tiedot\/maksajan tiedot >>\u00a0<strong>L\u00e4het\u00e4 ilmoittautuminen<\/strong>. \u00a0Saat lopuksi vahvistuksen ilmoittautumisesta sek\u00e4 n\u00e4yt\u00f6lle ett\u00e4 s\u00e4hk\u00f6postiin. S\u00e4hk\u00f6postiin tulleesta vahvistuksesta p\u00e4\u00e4set tarkistamaan omat ilmoittautumistietosi sek\u00e4 kurssin tiedot (klikkaa kurssin nimest\u00e4). Samoin voit lukea Vanajaveden Opiston ilmoittautumis- ja perumisehdot.\u00a0<\/p>\n\n\n\n<h4 class=\"wp-block-heading\">Tarkista omat ilmoittautumiset<\/h4>\n\n\n\n<p>Omat ilmoittautumiset voit tarkistaa n\u00e4in:<\/p>\n\n\n\n<ul class=\"wp-block-list\">\n<li>Mene osoitteeseen <a href=\"https:\/\/uusi.opistopalvelut.fi\/vanajavesi\/fi\/\">uusi.opistopalvelut.fi\/vanajavesi<\/a><\/li>\n\n\n\n<li>Valitse sivun yl\u00e4reunasta Omat ilmoittautumiseni<\/li>\n\n\n\n<li>Kirjoita oma s\u00e4hk\u00f6postiosoitteesi (= sama, jolla olet ilmoittautunut kursseille)<\/li>\n\n\n\n<li>Saat antamaasi s\u00e4hk\u00f6postiosoitteeseen linkin, jonka kautta p\u00e4\u00e4set tarkastelemaan omia ilmoittautumisiasi. T\u00e4t\u00e4 kautta voit my\u00f6s perua ilmoittautumisen perumisehtojemme mukaisesti.<\/li>\n\n\n\n<li>Viestin l\u00e4hett\u00e4j\u00e4n\u00e4 on Vanajaveden Opisto ja viestin otsikkona: Kirjautuminen omiin tietoihin.<\/li>\n<\/ul>\n\n\n\n<h3 class=\"wp-block-heading\">Hyv\u00e4 tiet\u00e4\u00e4<\/h3>\n\n\n\n<ul class=\"wp-block-list\">\n<li>Kun ilmoittauduit koko lukuvuoden kest\u00e4v\u00e4lle kurssille (sis. syyslukukauden ja kev\u00e4tlukukauden), on ilmoittautuminen automaattisesti voimassa my\u00f6s kev\u00e4tlukukaudella.<\/li>\n\n\n\n<li>Kurssin alka\u00admisesta emme l\u00e4het\u00e4 erillist\u00e4 tiedotetta. Otamme yhteytt\u00e4, jos kurssitiedoissa tapahtuu muutoksia tai olet saamassa opiskelupaikan varasijalta.<\/li>\n\n\n\n<li>Ilmoittaudu ajoissa, jotta kurssin alkaminen varmistuu. Opistolla on oikeus perua kurssi, mik\u00e4li ilmoittautuneita ei ole riitt\u00e4v\u00e4sti. Kurssin mahdollisesta peruuntumisesta l\u00e4het\u00e4mme tekstiviestin tai s\u00e4hk\u00f6postin noin viikkoa ennen kurssin suunniteltua aloitusta.<\/li>\n\n\n\n<li>Tarkista, ettei puhelimessasi ole p\u00e4\u00e4ll\u00e4 palveluviestien estoa, jotta saat viestit. Viestien l\u00e4hett\u00e4j\u00e4n\u00e4 n\u00e4kyy VOP.<\/li>\n\n\n\n<li>Oppitunnin pituus on 45 minuuttia.<\/li>\n\n\n\n<li>Kurssipaikka on henkil\u00f6kohtainen; sit\u00e4 ei voi siirt\u00e4\u00e4 toiselle henkil\u00f6lle\u00a0eik\u00e4 tunnille voi ottaa mukaansa muita.\u00a0Poikkeuksena opiston erikseen ilmoittamat ns. yst\u00e4v\u00e4viikot.<\/li>\n\n\n\n<li>Omia yksitt\u00e4isi\u00e4 poissaoloja ei ole tarpeen ilmoittaa opistolle. Opiskelija ei voi k\u00e4yd\u00e4 korvaamassa omia poissaolojaan muiden kurssien tunneilla.\u00a0<\/li>\n\n\n\n<li>Kursseilla ei ole ilmaisia kokeilukertoja.<\/li>\n\n\n\n<li>Opistolla on tapaturmavakuutus vain lasten kuvataidekoulun, lasten ja nuorten sirkuskurssien sek\u00e4 lapsille suunnattujen tanssi- ja liikuntakurssien alle 16-vuotiaille opiskeli\u00adjoille (ei lapsi-vanhempi-kurssit). Muiden on huolehdittava itse vakuutuksistaan.<\/li>\n\n\n\n<li>Uutiskirjeen tilanneille l\u00e4het\u00e4mme s\u00e4hk\u00f6postitse uutiskirjeen, jossa kerromme opiston ajankohtaisista asioista. Uutiskirje on Vanajaveden Opiston yksi viestint\u00e4kanava asiakkaille. Voit lukea sit\u00e4 ja tilata sen itsellesi<a href=\"https:\/\/www.kktavastia.fi\/vanajaveden-opisto\/tietoa-opistosta\/vopin-uutiskirje\/\"> t\u00e4\u00e4lt\u00e4<\/a>.<\/li>\n<\/ul>\n\n\n\n<h3 class=\"wp-block-heading\">Ilmoittautuminen usealle kurssille<\/h3>\n\n\n\n<p>Jos haluat ilmoittautua usealle kurssille, etk\u00e4 t\u00e4ytt\u00e4\u00e4 ilmoittautumistietoja joka kerta erikseen, voit palata ostoskorista takaisin kurssisivuille ja jatkaa uuden kurssin hakuun ja siit\u00e4 j\u00e4lleen ilmoittautumiseen. Edellinen ilmoittautuminen s\u00e4ilyy ostoskorissasi (n\u00e4et kurssiesi m\u00e4\u00e4r\u00e4n ostoskorissa ilmoittautumissivun vasemmassa reunassa). Tai voit halutessasi my\u00f6s jatkaa ostoksia <a href=\"https:\/\/www.opistopalvelut.fi\/vanajavesi\/index.php?l=fi\">ilmoittautumissivuston<\/a> puolella.<\/p>\n\n\n\n<h3 class=\"wp-block-heading\">L\u00e4hikurssien et\u00e4osallistumismahdollisuus<\/h3>\n\n\n\n<p>Osalle kielten l\u00e4hikursseista voit osallistua et\u00e4n\u00e4 ollessasi estynyt tulemaan paikan p\u00e4\u00e4lle tunnille (esim. sairauden tai matkan takia). Et\u00e4osallistumismahdollisuus on mainittu ko. kurssin tiedoissa. Huomioithan, ett\u00e4 et\u00e4opiskelija voi seurata tuntia, mutta ei v\u00e4ltt\u00e4m\u00e4tt\u00e4 voi osallistua kaikkeen toimintaan tunnilla. Sen vuoksi emme suosittele l\u00e4hikursseille jatkuvaa et\u00e4osallistumista.<\/p>\n\n\n\n<p>Joillekin liikunnan l\u00e4hikursseille on mahdollista osallis\u00adtua vaihtoehtoisesti et\u00e4n\u00e4 koko kurssin ajan. Et\u00e4osallistumismahdollisuus on mainittu ko. kurssin tiedoissa. Saadakseen osallistumislinkin s\u00e4hk\u00f6postiinsa opiskelijan tulee ilmoittaa, jos osallistuu kurssille et\u00e4n\u00e4.&nbsp;<\/p>\n\n\n\n<h3 class=\"wp-block-heading\">Miten l\u00f6yd\u00e4n kurssit sivustolla?<\/h3>\n\n\n\n<p>L\u00f6yd\u00e4t VOPin kurssit ryhmiteltyin\u00e4 eri lajien mukaan otsikon <a href=\"https:\/\/www.kktavastia.fi\/vanajaveden-opisto\/kurssit\/\">Kurssit-alta<\/a>, ja p\u00e4\u00e4set sielt\u00e4 my\u00f6s ilmoittautumaan kursseille. (Ilmoittaudu-painike ohjaa sinut verkkosivuilta Opistopalveluiden ilmoittautumisj\u00e4rjestelm\u00e4\u00e4n.) <br><br>Voit hakea valikon avulla my\u00f6s erikseen kaikki et\u00e4kurssit tai kyseisen ainealueen kursseja paikkakunnittain. Valikko sijaitsee Kurssit-otsikon vieress\u00e4 ennen ainealueen kurssilistausta. (Alla esimerkkikuva paikkakuntahaun valikosta ja sen paikasta.)<\/p>\n\n\n\n<figure class=\"wp-block-gallery has-nested-images columns-default is-cropped wp-block-gallery-2 is-layout-flex wp-block-gallery-is-layout-flex\">\n<figure class=\"wp-block-image size-large\"><img loading=\"lazy\" decoding=\"async\" width=\"1024\" height=\"389\" data-id=\"8253\" src=\"https:\/\/www.kktavastia.fi\/media\/sites\/3\/hakuvalikko-1024x389.png\" alt=\"\" class=\"wp-image-8253\" srcset=\"https:\/\/www.kktavastia.fi\/media\/sites\/3\/hakuvalikko-1024x389.png 1024w, https:\/\/www.kktavastia.fi\/media\/sites\/3\/hakuvalikko-300x114.png 300w, https:\/\/www.kktavastia.fi\/media\/sites\/3\/hakuvalikko-768x292.png 768w, https:\/\/www.kktavastia.fi\/media\/sites\/3\/hakuvalikko-1536x583.png 1536w, https:\/\/www.kktavastia.fi\/media\/sites\/3\/hakuvalikko-20x8.png 20w, https:\/\/www.kktavastia.fi\/media\/sites\/3\/hakuvalikko.png 1686w\" sizes=\"auto, (max-width: 1024px) 100vw, 1024px\" \/><\/figure>\n<\/figure>\n\n\n\n<p>Huom! Kurssit ja koulutukset -hakutoiminto l\u00f6ytyy verkkosivun yl\u00e4reunasta oikealta. Hy\u00f6dynn\u00e4 sit\u00e4, jos haluat hakea tiettyj\u00e4 kursseja hakusanalla, kurssinumerolla tai vaikkapa opettajan nimell\u00e4. (Alla esimerkkikuva hakusivusta.)<\/p>\n\n\n\n<figure class=\"wp-block-image size-large is-resized\"><img loading=\"lazy\" decoding=\"async\" width=\"1024\" height=\"484\" src=\"https:\/\/www.kktavastia.fi\/media\/sites\/3\/kurssihakuohje-1024x484.png\" alt=\"\" class=\"wp-image-8254\" srcset=\"https:\/\/www.kktavastia.fi\/media\/sites\/3\/kurssihakuohje-1024x484.png 1024w, https:\/\/www.kktavastia.fi\/media\/sites\/3\/kurssihakuohje-300x142.png 300w, https:\/\/www.kktavastia.fi\/media\/sites\/3\/kurssihakuohje-768x363.png 768w, https:\/\/www.kktavastia.fi\/media\/sites\/3\/kurssihakuohje-1536x726.png 1536w, https:\/\/www.kktavastia.fi\/media\/sites\/3\/kurssihakuohje-20x9.png 20w, https:\/\/www.kktavastia.fi\/media\/sites\/3\/kurssihakuohje.png 1712w\" sizes=\"auto, (max-width: 1024px) 100vw, 1024px\" \/><\/figure>\n\n\n\n<h3 class=\"wp-block-heading\">Opiston yll\u00e4pit\u00e4m\u00e4t rekisterit<\/h3>\n\n\n\n<p>Oppilaitos voi henkil\u00f6tietolain (523\/99) 13 \u00a7 perusteella k\u00e4sitell\u00e4 opiskelijan henkil\u00f6tun\u00adnusta. Henkil\u00f6tunnus on tarpeen opiskelijan yksiselitteisess\u00e4 yksil\u00f6inniss\u00e4, jota tarvitaan opiskelijan ja oppilaitoksen oikeuksien sek\u00e4 velvollisuuksien toteuttamiseksi (mm. opetuk\u00adsen j\u00e4rjest\u00e4minen, tutkinnot, todistukset, maksut).<br><br>Opiskelijan henkil\u00f6tunnusta tai muita tietoja ei luovuteta ulkopuolisille, vaan k\u00e4ytet\u00e4\u00e4n ainoastaan opetuksen j\u00e4rjest\u00e4misest\u00e4 aiheutuviin toimenpiteisiin ja opiskelijarekisterin lain\u00admukaiseen yll\u00e4pitoon. Vanajaveden Opiston opiskelijoita koskevat tiedot on rekister\u00f6ity Hellewi-j\u00e4rjestelm\u00e4n henkil\u00f6tietorekisteriin. J\u00e4rjestelm\u00e4n tietosuojaseloste on n\u00e4ht\u00e4vill\u00e4 opiston asiakaspalvelussa ja <a href=\"https:\/\/kktavastia.tweb.fi\/3\/163708\" target=\"_blank\" rel=\"noreferrer noopener\">tietosuoja-sivulta<\/a>.<\/p>\n\n\n\n<p><a href=\"https:\/\/www.kktavastia.fi\/saavutettavuusseloste\/\">Tavastian saavutettavuusseloste<\/a><\/p>\n","protected":false},"excerpt":{"rendered":"<p>Voit ilmoittautua kursseille kahdella tavalla Kursseille ilmoittautuminen Valitse kurssit ostoskoriin. Jos jokin kurssi on t\u00e4ynn\u00e4, niin voit ilmoittautua varapaikalle. Otamme [&hellip;]<\/p>\n","protected":false},"author":5,"featured_media":0,"parent":724,"menu_order":2,"comment_status":"closed","ping_status":"closed","template":"","meta":{"_acf_changed":false,"_relevanssi_hide_post":"","_relevanssi_hide_content":"","_relevanssi_pin_for_all":"","_relevanssi_pin_keywords":"","_relevanssi_unpin_keywords":"","_relevanssi_related_keywords":"","_relevanssi_related_include_ids":"","_relevanssi_related_exclude_ids":"","_relevanssi_related_no_append":"","_relevanssi_related_not_related":"","_relevanssi_related_posts":"16716,780,7953,778,726,751","_relevanssi_noindex_reason":"","footnotes":""},"class_list":["post-19311","page","type-page","status-publish","hentry"],"acf":[],"yoast_head":"<title>Ilmoittautumisohjeet - Vanajaveden Opisto<\/title>\n<meta name=\"robots\" content=\"index, follow, max-snippet:-1, max-image-preview:large, max-video-preview:-1\" \/>\n<link rel=\"canonical\" href=\"https:\/\/www.kktavastia.fi\/vanajaveden-opisto\/asiakaspalvelu\/ilmoittautumisohjeet-2\/\" \/>\n<meta property=\"og:locale\" content=\"fi_FI\" \/>\n<meta property=\"og:type\" content=\"article\" \/>\n<meta property=\"og:title\" content=\"Ilmoittautumisohjeet - Vanajaveden Opisto\" \/>\n<meta property=\"og:description\" content=\"Voit ilmoittautua kursseille kahdella tavalla Kursseille ilmoittautuminen Valitse kurssit ostoskoriin. Jos jokin kurssi on t\u00e4ynn\u00e4, niin voit ilmoittautua varapaikalle. Otamme [&hellip;]\" \/>\n<meta property=\"og:url\" content=\"https:\/\/www.kktavastia.fi\/vanajaveden-opisto\/asiakaspalvelu\/ilmoittautumisohjeet-2\/\" \/>\n<meta property=\"og:site_name\" content=\"Vanajaveden Opisto\" \/>\n<meta property=\"article:modified_time\" content=\"2025-04-01T11:03:16+00:00\" \/>\n<meta property=\"og:image\" content=\"https:\/\/www.kktavastia.fi\/media\/sites\/3\/hakuvalikko.png\" \/>\n\t<meta property=\"og:image:width\" content=\"1686\" \/>\n\t<meta property=\"og:image:height\" content=\"640\" \/>\n\t<meta property=\"og:image:type\" content=\"image\/png\" \/>\n<meta name=\"twitter:card\" content=\"summary_large_image\" \/>\n<script type=\"application\/ld+json\" class=\"yoast-schema-graph\">{\"@context\":\"https:\\\/\\\/schema.org\",\"@graph\":[{\"@type\":\"WebPage\",\"@id\":\"https:\\\/\\\/www.kktavastia.fi\\\/vanajaveden-opisto\\\/asiakaspalvelu\\\/ilmoittautumisohjeet-2\\\/\",\"url\":\"https:\\\/\\\/www.kktavastia.fi\\\/vanajaveden-opisto\\\/asiakaspalvelu\\\/ilmoittautumisohjeet-2\\\/\",\"name\":\"Ilmoittautumisohjeet - Vanajaveden Opisto\",\"isPartOf\":{\"@id\":\"https:\\\/\\\/www.kktavastia.fi\\\/vanajaveden-opisto\\\/#website\"},\"primaryImageOfPage\":{\"@id\":\"https:\\\/\\\/www.kktavastia.fi\\\/vanajaveden-opisto\\\/asiakaspalvelu\\\/ilmoittautumisohjeet-2\\\/#primaryimage\"},\"image\":{\"@id\":\"https:\\\/\\\/www.kktavastia.fi\\\/vanajaveden-opisto\\\/asiakaspalvelu\\\/ilmoittautumisohjeet-2\\\/#primaryimage\"},\"thumbnailUrl\":\"https:\\\/\\\/www.kktavastia.fi\\\/media\\\/sites\\\/3\\\/hakuvalikko-1024x389.png\",\"datePublished\":\"2024-11-27T13:44:42+00:00\",\"dateModified\":\"2025-04-01T11:03:16+00:00\",\"breadcrumb\":{\"@id\":\"https:\\\/\\\/www.kktavastia.fi\\\/vanajaveden-opisto\\\/asiakaspalvelu\\\/ilmoittautumisohjeet-2\\\/#breadcrumb\"},\"inLanguage\":\"fi\",\"potentialAction\":[{\"@type\":\"ReadAction\",\"target\":[\"https:\\\/\\\/www.kktavastia.fi\\\/vanajaveden-opisto\\\/asiakaspalvelu\\\/ilmoittautumisohjeet-2\\\/\"]}]},{\"@type\":\"ImageObject\",\"inLanguage\":\"fi\",\"@id\":\"https:\\\/\\\/www.kktavastia.fi\\\/vanajaveden-opisto\\\/asiakaspalvelu\\\/ilmoittautumisohjeet-2\\\/#primaryimage\",\"url\":\"https:\\\/\\\/www.kktavastia.fi\\\/media\\\/sites\\\/3\\\/hakuvalikko-1024x389.png\",\"contentUrl\":\"https:\\\/\\\/www.kktavastia.fi\\\/media\\\/sites\\\/3\\\/hakuvalikko-1024x389.png\"},{\"@type\":\"BreadcrumbList\",\"@id\":\"https:\\\/\\\/www.kktavastia.fi\\\/vanajaveden-opisto\\\/asiakaspalvelu\\\/ilmoittautumisohjeet-2\\\/#breadcrumb\",\"itemListElement\":[{\"@type\":\"ListItem\",\"position\":1,\"name\":\"Home\",\"item\":\"https:\\\/\\\/www.kktavastia.fi\\\/vanajaveden-opisto\\\/\"},{\"@type\":\"ListItem\",\"position\":2,\"name\":\"Asiakaspalvelu\",\"item\":\"https:\\\/\\\/www.kktavastia.fi\\\/vanajaveden-opisto\\\/asiakaspalvelu\\\/\"},{\"@type\":\"ListItem\",\"position\":3,\"name\":\"Ilmoittautumisohjeet\"}]},{\"@type\":\"WebSite\",\"@id\":\"https:\\\/\\\/www.kktavastia.fi\\\/vanajaveden-opisto\\\/#website\",\"url\":\"https:\\\/\\\/www.kktavastia.fi\\\/vanajaveden-opisto\\\/\",\"name\":\"Vanajaveden Opisto\",\"description\":\"\",\"potentialAction\":[{\"@type\":\"SearchAction\",\"target\":{\"@type\":\"EntryPoint\",\"urlTemplate\":\"https:\\\/\\\/www.kktavastia.fi\\\/vanajaveden-opisto\\\/?s={search_term_string}\"},\"query-input\":{\"@type\":\"PropertyValueSpecification\",\"valueRequired\":true,\"valueName\":\"search_term_string\"}}],\"inLanguage\":\"fi\"}]}<\/script>","yoast_head_json":{"title":"Ilmoittautumisohjeet - Vanajaveden Opisto","robots":{"index":"index","follow":"follow","max-snippet":"max-snippet:-1","max-image-preview":"max-image-preview:large","max-video-preview":"max-video-preview:-1"},"canonical":"https:\/\/www.kktavastia.fi\/vanajaveden-opisto\/asiakaspalvelu\/ilmoittautumisohjeet-2\/","og_locale":"fi_FI","og_type":"article","og_title":"Ilmoittautumisohjeet - Vanajaveden Opisto","og_description":"Voit ilmoittautua kursseille kahdella tavalla Kursseille ilmoittautuminen Valitse kurssit ostoskoriin. Jos jokin kurssi on t\u00e4ynn\u00e4, niin voit ilmoittautua varapaikalle. Otamme [&hellip;]","og_url":"https:\/\/www.kktavastia.fi\/vanajaveden-opisto\/asiakaspalvelu\/ilmoittautumisohjeet-2\/","og_site_name":"Vanajaveden Opisto","article_modified_time":"2025-04-01T11:03:16+00:00","og_image":[{"width":1686,"height":640,"url":"https:\/\/www.kktavastia.fi\/media\/sites\/3\/hakuvalikko.png","type":"image\/png"}],"twitter_card":"summary_large_image","schema":{"@context":"https:\/\/schema.org","@graph":[{"@type":"WebPage","@id":"https:\/\/www.kktavastia.fi\/vanajaveden-opisto\/asiakaspalvelu\/ilmoittautumisohjeet-2\/","url":"https:\/\/www.kktavastia.fi\/vanajaveden-opisto\/asiakaspalvelu\/ilmoittautumisohjeet-2\/","name":"Ilmoittautumisohjeet - Vanajaveden Opisto","isPartOf":{"@id":"https:\/\/www.kktavastia.fi\/vanajaveden-opisto\/#website"},"primaryImageOfPage":{"@id":"https:\/\/www.kktavastia.fi\/vanajaveden-opisto\/asiakaspalvelu\/ilmoittautumisohjeet-2\/#primaryimage"},"image":{"@id":"https:\/\/www.kktavastia.fi\/vanajaveden-opisto\/asiakaspalvelu\/ilmoittautumisohjeet-2\/#primaryimage"},"thumbnailUrl":"https:\/\/www.kktavastia.fi\/media\/sites\/3\/hakuvalikko-1024x389.png","datePublished":"2024-11-27T13:44:42+00:00","dateModified":"2025-04-01T11:03:16+00:00","breadcrumb":{"@id":"https:\/\/www.kktavastia.fi\/vanajaveden-opisto\/asiakaspalvelu\/ilmoittautumisohjeet-2\/#breadcrumb"},"inLanguage":"fi","potentialAction":[{"@type":"ReadAction","target":["https:\/\/www.kktavastia.fi\/vanajaveden-opisto\/asiakaspalvelu\/ilmoittautumisohjeet-2\/"]}]},{"@type":"ImageObject","inLanguage":"fi","@id":"https:\/\/www.kktavastia.fi\/vanajaveden-opisto\/asiakaspalvelu\/ilmoittautumisohjeet-2\/#primaryimage","url":"https:\/\/www.kktavastia.fi\/media\/sites\/3\/hakuvalikko-1024x389.png","contentUrl":"https:\/\/www.kktavastia.fi\/media\/sites\/3\/hakuvalikko-1024x389.png"},{"@type":"BreadcrumbList","@id":"https:\/\/www.kktavastia.fi\/vanajaveden-opisto\/asiakaspalvelu\/ilmoittautumisohjeet-2\/#breadcrumb","itemListElement":[{"@type":"ListItem","position":1,"name":"Home","item":"https:\/\/www.kktavastia.fi\/vanajaveden-opisto\/"},{"@type":"ListItem","position":2,"name":"Asiakaspalvelu","item":"https:\/\/www.kktavastia.fi\/vanajaveden-opisto\/asiakaspalvelu\/"},{"@type":"ListItem","position":3,"name":"Ilmoittautumisohjeet"}]},{"@type":"WebSite","@id":"https:\/\/www.kktavastia.fi\/vanajaveden-opisto\/#website","url":"https:\/\/www.kktavastia.fi\/vanajaveden-opisto\/","name":"Vanajaveden Opisto","description":"","potentialAction":[{"@type":"SearchAction","target":{"@type":"EntryPoint","urlTemplate":"https:\/\/www.kktavastia.fi\/vanajaveden-opisto\/?s={search_term_string}"},"query-input":{"@type":"PropertyValueSpecification","valueRequired":true,"valueName":"search_term_string"}}],"inLanguage":"fi"}]}},"_links":{"self":[{"href":"https:\/\/www.kktavastia.fi\/vanajaveden-opisto\/wp-json\/wp\/v2\/pages\/19311","targetHints":{"allow":["GET"]}}],"collection":[{"href":"https:\/\/www.kktavastia.fi\/vanajaveden-opisto\/wp-json\/wp\/v2\/pages"}],"about":[{"href":"https:\/\/www.kktavastia.fi\/vanajaveden-opisto\/wp-json\/wp\/v2\/types\/page"}],"author":[{"embeddable":true,"href":"https:\/\/www.kktavastia.fi\/vanajaveden-opisto\/wp-json\/wp\/v2\/users\/5"}],"replies":[{"embeddable":true,"href":"https:\/\/www.kktavastia.fi\/vanajaveden-opisto\/wp-json\/wp\/v2\/comments?post=19311"}],"version-history":[{"count":5,"href":"https:\/\/www.kktavastia.fi\/vanajaveden-opisto\/wp-json\/wp\/v2\/pages\/19311\/revisions"}],"predecessor-version":[{"id":19718,"href":"https:\/\/www.kktavastia.fi\/vanajaveden-opisto\/wp-json\/wp\/v2\/pages\/19311\/revisions\/19718"}],"up":[{"embeddable":true,"href":"https:\/\/www.kktavastia.fi\/vanajaveden-opisto\/wp-json\/wp\/v2\/pages\/724"}],"wp:attachment":[{"href":"https:\/\/www.kktavastia.fi\/vanajaveden-opisto\/wp-json\/wp\/v2\/media?parent=19311"}],"curies":[{"name":"wp","href":"https:\/\/api.w.org\/{rel}","templated":true}]}}