{"id":16716,"date":"2023-06-15T10:57:51","date_gmt":"2023-06-15T07:57:51","guid":{"rendered":"https:\/\/www.kktavastia.fi\/vanajaveden-opisto\/?page_id=16716"},"modified":"2023-06-15T10:57:52","modified_gmt":"2023-06-15T07:57:52","slug":"opintopistekurssit","status":"publish","type":"page","link":"https:\/\/www.kktavastia.fi\/vanajaveden-opisto\/tietoa-opistosta\/lisatietoja-kursseista\/opintopistekurssit\/","title":{"rendered":"Opintopistekurssit"},"content":{"rendered":"\n<p class=\"is-style-ingress\">Kansalaisopiston kurssilla saavutettu osaaminen on hy\u00f6dynnett\u00e4viss\u00e4 muissa opinnoissa tai ty\u00f6el\u00e4m\u00e4ss\u00e4. Kursseilta on mahdollista saada opintopisteit\u00e4, jotka vied\u00e4\u00e4n opintosuoritusmerkint\u00e4n\u00e4 Oma Opintopolku -palveluun.&nbsp;<\/p>\n\n\n\n<p>Vapaa-ajalla ja harrastuksista hankittua osaamista voi nopeasti ja virallisesti osoittaa esimerkiksi ty\u00f6nantajalle tai toiselle oppilaitokselle. Opintopisteit\u00e4 voi hy\u00f6dynt\u00e4\u00e4 ty\u00f6hakemuksissa ja ansioluettelossa.<\/p>\n\n\n\n<p>Kansalaisopiston opintopistekursseilla opitaan monenlaisia tietoja ja taitoja, jotka kannattaa tallentaa Oma Opintopolku -palveluun. Palvelun kautta opintosuoritukset tulevat osaksi kansallista Koski-tietovarantoa, muiden koulutustietojen ja tutkintojen tapaan. Oma Opintopolku -palvelua k\u00e4ytt\u00e4v\u00e4t my\u00f6s toisen asteen oppilaitokset ja korkeakoulut.<\/p>\n\n\n\n<div class=\"wp-block-buttons is-layout-flex wp-block-buttons-is-layout-flex\">\n<div class=\"wp-block-button\"><a class=\"wp-block-button__link wp-element-button\" href=\"https:\/\/uusi.opistopalvelut.fi\/vanajavesi\/fi\/?q=opintopistekurssi%20tag%3A3&amp;page=1\">Katso VOPin opintopistekurssit<\/a><\/div>\n<\/div>\n\n\n\n<h3 class=\"wp-block-heading\">Mik\u00e4 on opintopistekurssi?<\/h3>\n\n\n\n<p>Opintopistekurssilta voi saada opintosuoritusmerkinn\u00e4n Oma Opintopolku -palveluun. Opintopisteytetyll\u00e4 kurssilla on selke\u00e4t osaamistavoitteet sek\u00e4 -kriteerit, joihin mahdollinen osaamisen arviointi perustuu. Kurssin tavoitteet suunnitellaan osaamisperusteisesti. Kurssin kuvauksessa kerrotaan, mink\u00e4laista osaamista kurssilla voi tavoitella, sek\u00e4 esitet\u00e4\u00e4n osaamisen osoittamisen tavat ja arviointikriteerit.<\/p>\n\n\n\n<p>Opintosuoritusmerkinn\u00e4n mahdollistavien kurssien laajuus on opinto-ohjelmassa ilmaistu opintopistein\u00e4 ja kurssin nimess\u00e4 on mainittuna sana \u201copintopistekurssi\u201d. Yksi opintopiste tarkoittaa 27 tuntia opiskelijan ty\u00f6t\u00e4. Kurssin opintopistem\u00e4\u00e4r\u00e4 mainitaan kurssin nimess\u00e4.<\/p>\n\n\n\n<p>Opintopistekurssin alussa opiskelijalta varmistetaan, ett\u00e4 haluaako h\u00e4n opintopistekurssin suorittamisesta Oma Opintopolku -palveluun merkinn\u00e4n. Osaamisen arviointi tapahtuu osana kurssin toimintaa. Kun kurssi on hyv\u00e4ksytysti suoritettu, Vanajaveden Opisto kirjaa suorituksen Oma Opintopolku -palveluun.<\/p>\n\n\n\n<p>Osaamisen arviointi on aina opiskelijalle vapaaehtoista. Opintopistekurssille voi osallistua vaikkei haluaisikaan arviointia ja opintosuoritusmerkint\u00e4\u00e4. Kurssille ilmoittaudutaan normaalisti Vanajaveden Opiston kurssi-ilmoittautumisen kautta. Kurssimaksu on kaikille sama, eik\u00e4 opintopisteytys korota kurssille osallistumisen hintaa.<\/p>\n\n\n\n<h3 class=\"wp-block-heading\">Miten opintosuoritusmerkinn\u00e4n voi saada? <\/h3>\n\n\n\n<p>Opintosuoritusmerkinn\u00e4n saaminen edellytt\u00e4\u00e4 kurssin suorittamista hyv\u00e4ksytysti. Osaaminen osoitetaan kurssin aikana annetuilla teht\u00e4vill\u00e4. Kurssin opettaja arvioi osaamisesi. Suoritusmerkinn\u00e4n saaminen edellytt\u00e4\u00e4 aktiivista osallistumista kurssille.<\/p>\n\n\n\n<p>Opintopistekurssin kurssikuvauksesta selvi\u00e4\u00e4, mit\u00e4 ja millaista osaamista kurssin suorittaminen opiskelijalle tuottaa ja millaisin kriteerein osaamista arvioidaan.<\/p>\n\n\n\n<p>Osaamisen arviointi on opiskelijalle aina vapaaehtoista. Opintopistekurssille voi osallistua, vaikka ei haluaisikaan opintosuoritusmerkint\u00e4\u00e4 viet\u00e4v\u00e4ksi Oma Opintopolku -palveluun.<\/p>\n\n\n\n<p>Opintopistekurssin alkaessa opiskelijalta kysyt\u00e4\u00e4n suostumus tietojen k\u00e4sittely\u00e4 varten. Vanajaveden Opistossa kurssisuoritus arvioidaan asteikolla hyv\u00e4ksytty\/hyl\u00e4tty. Hyv\u00e4ksytty-merkint\u00e4 tarkoittaa, ett\u00e4 opiskelija on saavuttanut kurssin osaamistavoitteet.<\/p>\n\n\n\n<p>Merkinn\u00e4t Omaan Opintopolkuun tehd\u00e4\u00e4n vasta, kun kurssi on p\u00e4\u00e4ttynyt ja annetut teht\u00e4v\u00e4t on hyv\u00e4ksytysti suoritettu. Vain hyv\u00e4ksytyt suoritukset vied\u00e4\u00e4n Omaan Opintopolkuun.<\/p>\n","protected":false},"excerpt":{"rendered":"<p>Kansalaisopiston kurssilla saavutettu osaaminen on hy\u00f6dynnett\u00e4viss\u00e4 muissa opinnoissa tai ty\u00f6el\u00e4m\u00e4ss\u00e4. Kursseilta on mahdollista saada opintopisteit\u00e4, jotka vied\u00e4\u00e4n opintosuoritusmerkint\u00e4n\u00e4 Oma Opintopolku [&hellip;]<\/p>\n","protected":false},"author":6,"featured_media":11146,"parent":7782,"menu_order":0,"comment_status":"closed","ping_status":"closed","template":"","meta":{"_acf_changed":false,"_relevanssi_hide_post":"","_relevanssi_hide_content":"","_relevanssi_pin_for_all":"","_relevanssi_pin_keywords":"","_relevanssi_unpin_keywords":"","_relevanssi_related_keywords":"","_relevanssi_related_include_ids":"","_relevanssi_related_exclude_ids":"","_relevanssi_related_no_append":"","_relevanssi_related_not_related":"","_relevanssi_related_posts":"","_relevanssi_noindex_reason":"","footnotes":""},"class_list":["post-16716","page","type-page","status-publish","has-post-thumbnail","hentry"],"acf":[],"yoast_head":"<title>Opintopistekurssit - Vanajaveden Opisto<\/title>\n<meta name=\"robots\" content=\"index, follow, max-snippet:-1, max-image-preview:large, max-video-preview:-1\" \/>\n<link rel=\"canonical\" href=\"https:\/\/www.kktavastia.fi\/vanajaveden-opisto\/tietoa-opistosta\/lisatietoja-kursseista\/opintopistekurssit\/\" \/>\n<meta property=\"og:locale\" content=\"fi_FI\" \/>\n<meta property=\"og:type\" content=\"article\" \/>\n<meta property=\"og:title\" content=\"Opintopistekurssit - Vanajaveden Opisto\" \/>\n<meta property=\"og:description\" content=\"Kansalaisopiston kurssilla saavutettu osaaminen on hy\u00f6dynnett\u00e4viss\u00e4 muissa opinnoissa tai ty\u00f6el\u00e4m\u00e4ss\u00e4. Kursseilta on mahdollista saada opintopisteit\u00e4, jotka vied\u00e4\u00e4n opintosuoritusmerkint\u00e4n\u00e4 Oma Opintopolku [&hellip;]\" \/>\n<meta property=\"og:url\" content=\"https:\/\/www.kktavastia.fi\/vanajaveden-opisto\/tietoa-opistosta\/lisatietoja-kursseista\/opintopistekurssit\/\" \/>\n<meta property=\"og:site_name\" content=\"Vanajaveden Opisto\" \/>\n<meta property=\"article:modified_time\" content=\"2023-06-15T07:57:52+00:00\" \/>\n<meta property=\"og:image\" content=\"https:\/\/www.kktavastia.fi\/media\/sites\/3\/runous.png\" \/>\n\t<meta property=\"og:image:width\" content=\"600\" \/>\n\t<meta property=\"og:image:height\" content=\"400\" \/>\n\t<meta property=\"og:image:type\" content=\"image\/png\" \/>\n<meta name=\"twitter:card\" content=\"summary_large_image\" \/>\n<script type=\"application\/ld+json\" class=\"yoast-schema-graph\">{\"@context\":\"https:\\\/\\\/schema.org\",\"@graph\":[{\"@type\":\"WebPage\",\"@id\":\"https:\\\/\\\/www.kktavastia.fi\\\/vanajaveden-opisto\\\/tietoa-opistosta\\\/lisatietoja-kursseista\\\/opintopistekurssit\\\/\",\"url\":\"https:\\\/\\\/www.kktavastia.fi\\\/vanajaveden-opisto\\\/tietoa-opistosta\\\/lisatietoja-kursseista\\\/opintopistekurssit\\\/\",\"name\":\"Opintopistekurssit - Vanajaveden Opisto\",\"isPartOf\":{\"@id\":\"https:\\\/\\\/www.kktavastia.fi\\\/vanajaveden-opisto\\\/#website\"},\"primaryImageOfPage\":{\"@id\":\"https:\\\/\\\/www.kktavastia.fi\\\/vanajaveden-opisto\\\/tietoa-opistosta\\\/lisatietoja-kursseista\\\/opintopistekurssit\\\/#primaryimage\"},\"image\":{\"@id\":\"https:\\\/\\\/www.kktavastia.fi\\\/vanajaveden-opisto\\\/tietoa-opistosta\\\/lisatietoja-kursseista\\\/opintopistekurssit\\\/#primaryimage\"},\"thumbnailUrl\":\"https:\\\/\\\/www.kktavastia.fi\\\/media\\\/sites\\\/3\\\/runous.png\",\"datePublished\":\"2023-06-15T07:57:51+00:00\",\"dateModified\":\"2023-06-15T07:57:52+00:00\",\"breadcrumb\":{\"@id\":\"https:\\\/\\\/www.kktavastia.fi\\\/vanajaveden-opisto\\\/tietoa-opistosta\\\/lisatietoja-kursseista\\\/opintopistekurssit\\\/#breadcrumb\"},\"inLanguage\":\"fi\",\"potentialAction\":[{\"@type\":\"ReadAction\",\"target\":[\"https:\\\/\\\/www.kktavastia.fi\\\/vanajaveden-opisto\\\/tietoa-opistosta\\\/lisatietoja-kursseista\\\/opintopistekurssit\\\/\"]}]},{\"@type\":\"ImageObject\",\"inLanguage\":\"fi\",\"@id\":\"https:\\\/\\\/www.kktavastia.fi\\\/vanajaveden-opisto\\\/tietoa-opistosta\\\/lisatietoja-kursseista\\\/opintopistekurssit\\\/#primaryimage\",\"url\":\"https:\\\/\\\/www.kktavastia.fi\\\/media\\\/sites\\\/3\\\/runous.png\",\"contentUrl\":\"https:\\\/\\\/www.kktavastia.fi\\\/media\\\/sites\\\/3\\\/runous.png\",\"width\":600,\"height\":400,\"caption\":\"henkil\u00f6 kirjoittamassa\"},{\"@type\":\"BreadcrumbList\",\"@id\":\"https:\\\/\\\/www.kktavastia.fi\\\/vanajaveden-opisto\\\/tietoa-opistosta\\\/lisatietoja-kursseista\\\/opintopistekurssit\\\/#breadcrumb\",\"itemListElement\":[{\"@type\":\"ListItem\",\"position\":1,\"name\":\"Home\",\"item\":\"https:\\\/\\\/www.kktavastia.fi\\\/vanajaveden-opisto\\\/\"},{\"@type\":\"ListItem\",\"position\":2,\"name\":\"Tietoa opistosta\",\"item\":\"https:\\\/\\\/www.kktavastia.fi\\\/vanajaveden-opisto\\\/tietoa-opistosta\\\/\"},{\"@type\":\"ListItem\",\"position\":3,\"name\":\"Lis\u00e4tietoja kursseista\",\"item\":\"https:\\\/\\\/www.kktavastia.fi\\\/vanajaveden-opisto\\\/tietoa-opistosta\\\/lisatietoja-kursseista\\\/\"},{\"@type\":\"ListItem\",\"position\":4,\"name\":\"Opintopistekurssit\"}]},{\"@type\":\"WebSite\",\"@id\":\"https:\\\/\\\/www.kktavastia.fi\\\/vanajaveden-opisto\\\/#website\",\"url\":\"https:\\\/\\\/www.kktavastia.fi\\\/vanajaveden-opisto\\\/\",\"name\":\"Vanajaveden Opisto\",\"description\":\"\",\"potentialAction\":[{\"@type\":\"SearchAction\",\"target\":{\"@type\":\"EntryPoint\",\"urlTemplate\":\"https:\\\/\\\/www.kktavastia.fi\\\/vanajaveden-opisto\\\/?s={search_term_string}\"},\"query-input\":{\"@type\":\"PropertyValueSpecification\",\"valueRequired\":true,\"valueName\":\"search_term_string\"}}],\"inLanguage\":\"fi\"}]}<\/script>","yoast_head_json":{"title":"Opintopistekurssit - Vanajaveden Opisto","robots":{"index":"index","follow":"follow","max-snippet":"max-snippet:-1","max-image-preview":"max-image-preview:large","max-video-preview":"max-video-preview:-1"},"canonical":"https:\/\/www.kktavastia.fi\/vanajaveden-opisto\/tietoa-opistosta\/lisatietoja-kursseista\/opintopistekurssit\/","og_locale":"fi_FI","og_type":"article","og_title":"Opintopistekurssit - Vanajaveden Opisto","og_description":"Kansalaisopiston kurssilla saavutettu osaaminen on hy\u00f6dynnett\u00e4viss\u00e4 muissa opinnoissa tai ty\u00f6el\u00e4m\u00e4ss\u00e4. Kursseilta on mahdollista saada opintopisteit\u00e4, jotka vied\u00e4\u00e4n opintosuoritusmerkint\u00e4n\u00e4 Oma Opintopolku [&hellip;]","og_url":"https:\/\/www.kktavastia.fi\/vanajaveden-opisto\/tietoa-opistosta\/lisatietoja-kursseista\/opintopistekurssit\/","og_site_name":"Vanajaveden Opisto","article_modified_time":"2023-06-15T07:57:52+00:00","og_image":[{"width":600,"height":400,"url":"https:\/\/www.kktavastia.fi\/media\/sites\/3\/runous.png","type":"image\/png"}],"twitter_card":"summary_large_image","schema":{"@context":"https:\/\/schema.org","@graph":[{"@type":"WebPage","@id":"https:\/\/www.kktavastia.fi\/vanajaveden-opisto\/tietoa-opistosta\/lisatietoja-kursseista\/opintopistekurssit\/","url":"https:\/\/www.kktavastia.fi\/vanajaveden-opisto\/tietoa-opistosta\/lisatietoja-kursseista\/opintopistekurssit\/","name":"Opintopistekurssit - Vanajaveden Opisto","isPartOf":{"@id":"https:\/\/www.kktavastia.fi\/vanajaveden-opisto\/#website"},"primaryImageOfPage":{"@id":"https:\/\/www.kktavastia.fi\/vanajaveden-opisto\/tietoa-opistosta\/lisatietoja-kursseista\/opintopistekurssit\/#primaryimage"},"image":{"@id":"https:\/\/www.kktavastia.fi\/vanajaveden-opisto\/tietoa-opistosta\/lisatietoja-kursseista\/opintopistekurssit\/#primaryimage"},"thumbnailUrl":"https:\/\/www.kktavastia.fi\/media\/sites\/3\/runous.png","datePublished":"2023-06-15T07:57:51+00:00","dateModified":"2023-06-15T07:57:52+00:00","breadcrumb":{"@id":"https:\/\/www.kktavastia.fi\/vanajaveden-opisto\/tietoa-opistosta\/lisatietoja-kursseista\/opintopistekurssit\/#breadcrumb"},"inLanguage":"fi","potentialAction":[{"@type":"ReadAction","target":["https:\/\/www.kktavastia.fi\/vanajaveden-opisto\/tietoa-opistosta\/lisatietoja-kursseista\/opintopistekurssit\/"]}]},{"@type":"ImageObject","inLanguage":"fi","@id":"https:\/\/www.kktavastia.fi\/vanajaveden-opisto\/tietoa-opistosta\/lisatietoja-kursseista\/opintopistekurssit\/#primaryimage","url":"https:\/\/www.kktavastia.fi\/media\/sites\/3\/runous.png","contentUrl":"https:\/\/www.kktavastia.fi\/media\/sites\/3\/runous.png","width":600,"height":400,"caption":"henkil\u00f6 kirjoittamassa"},{"@type":"BreadcrumbList","@id":"https:\/\/www.kktavastia.fi\/vanajaveden-opisto\/tietoa-opistosta\/lisatietoja-kursseista\/opintopistekurssit\/#breadcrumb","itemListElement":[{"@type":"ListItem","position":1,"name":"Home","item":"https:\/\/www.kktavastia.fi\/vanajaveden-opisto\/"},{"@type":"ListItem","position":2,"name":"Tietoa opistosta","item":"https:\/\/www.kktavastia.fi\/vanajaveden-opisto\/tietoa-opistosta\/"},{"@type":"ListItem","position":3,"name":"Lis\u00e4tietoja kursseista","item":"https:\/\/www.kktavastia.fi\/vanajaveden-opisto\/tietoa-opistosta\/lisatietoja-kursseista\/"},{"@type":"ListItem","position":4,"name":"Opintopistekurssit"}]},{"@type":"WebSite","@id":"https:\/\/www.kktavastia.fi\/vanajaveden-opisto\/#website","url":"https:\/\/www.kktavastia.fi\/vanajaveden-opisto\/","name":"Vanajaveden Opisto","description":"","potentialAction":[{"@type":"SearchAction","target":{"@type":"EntryPoint","urlTemplate":"https:\/\/www.kktavastia.fi\/vanajaveden-opisto\/?s={search_term_string}"},"query-input":{"@type":"PropertyValueSpecification","valueRequired":true,"valueName":"search_term_string"}}],"inLanguage":"fi"}]}},"_links":{"self":[{"href":"https:\/\/www.kktavastia.fi\/vanajaveden-opisto\/wp-json\/wp\/v2\/pages\/16716","targetHints":{"allow":["GET"]}}],"collection":[{"href":"https:\/\/www.kktavastia.fi\/vanajaveden-opisto\/wp-json\/wp\/v2\/pages"}],"about":[{"href":"https:\/\/www.kktavastia.fi\/vanajaveden-opisto\/wp-json\/wp\/v2\/types\/page"}],"author":[{"embeddable":true,"href":"https:\/\/www.kktavastia.fi\/vanajaveden-opisto\/wp-json\/wp\/v2\/users\/6"}],"replies":[{"embeddable":true,"href":"https:\/\/www.kktavastia.fi\/vanajaveden-opisto\/wp-json\/wp\/v2\/comments?post=16716"}],"version-history":[{"count":1,"href":"https:\/\/www.kktavastia.fi\/vanajaveden-opisto\/wp-json\/wp\/v2\/pages\/16716\/revisions"}],"predecessor-version":[{"id":16717,"href":"https:\/\/www.kktavastia.fi\/vanajaveden-opisto\/wp-json\/wp\/v2\/pages\/16716\/revisions\/16717"}],"up":[{"embeddable":true,"href":"https:\/\/www.kktavastia.fi\/vanajaveden-opisto\/wp-json\/wp\/v2\/pages\/7782"}],"wp:featuredmedia":[{"embeddable":true,"href":"https:\/\/www.kktavastia.fi\/vanajaveden-opisto\/wp-json\/wp\/v2\/media\/11146"}],"wp:attachment":[{"href":"https:\/\/www.kktavastia.fi\/vanajaveden-opisto\/wp-json\/wp\/v2\/media?parent=16716"}],"curies":[{"name":"wp","href":"https:\/\/api.w.org\/{rel}","templated":true}]}}