{"id":12201,"date":"2022-05-13T14:11:52","date_gmt":"2022-05-13T11:11:52","guid":{"rendered":"https:\/\/www.kktavastia.fi\/vanajaveden-opisto\/?page_id=12201"},"modified":"2022-05-13T14:11:52","modified_gmt":"2022-05-13T11:11:52","slug":"vinkkeja-kielten-opiskeluun","status":"publish","type":"page","link":"https:\/\/www.kktavastia.fi\/vanajaveden-opisto\/tietoa-opistosta\/lisatietoja-kursseista\/vinkkeja-kielten-opiskeluun\/","title":{"rendered":"Vinkkej\u00e4 kielten opiskeluun"},"content":{"rendered":"\n<p class=\"is-style-ingress\">Vieraan kielen oppiminen on hauskaa, mutta se vaatii ty\u00f6t\u00e4 \u2013 kotonakin. <\/p>\n\n\n\n<p>Anna oppimiselle aikaa ja ole k\u00e4rsiv\u00e4llinen! Se, mit\u00e4 et heti ymm\u00e4rr\u00e4, kirkastuu varmasti jonkin ajan kuluttua. Jos olisi mahdollista oppia vierasta kielt\u00e4 hetkess\u00e4, puhuisimme kaikki sujuvasti kymmeni\u00e4 kieli\u00e4.<\/p>\n\n\n\n<ul class=\"wp-block-list\"><li>Osallistu s\u00e4\u00e4nn\u00f6llisesti oppitunneille ja ole aktiivinen: kysy (tyhmi\u00e4 kysymyksi\u00e4 ei ole olemassakaan), vastaa, keskustele, sill\u00e4 juuri puhumalla opit kielt\u00e4.<\/li><li>Opiskele v\u00e4h\u00e4n kerrallaan, mutta mieluiten usein. Saat parempia tuloksia, jos opiskelet kymmenen minuuttia p\u00e4iv\u00e4ss\u00e4 joka p\u00e4iv\u00e4 kuin kerran viikossa tunnin kerrallaan. Kokeile erilaisia oppimistapoja, niin l\u00f6yd\u00e4t itsellesi parhaiten sopivat.<\/li><li>Ole itsellesi armollinen. Sinun ei tarvitse osata kaikkea. Riitt\u00e4\u00e4, ett\u00e4 osaat olennaisen. Kieli on viestinn\u00e4n v\u00e4line ja yleens\u00e4 viesti v\u00e4littyy, vaikka kielitaito olisi v\u00e4h\u00e4n vajavainenkin.<\/li><li>Muista, ett\u00e4 virheist\u00e4 oppii! Kaikki me teemme k\u00f6mm\u00e4hdyksi\u00e4 ja virheit\u00e4 toisinaan, opettajatkin.<\/li><li>Kertaus on opintojen \u00e4iti! V\u00e4lill\u00e4 on t\u00e4rke\u00e4\u00e4 kerrata aiemmin opiskeltuja kappaleita. Voi olla, ett\u00e4 joku asia on p\u00e4\u00e4ssyt unohtumaan ja saat sen palautettua mieleen. Tai voi k\u00e4yd\u00e4 niinkin, ett\u00e4 huomaat nyt osaavasi leikiten jonkin asian, joka tuntui ensimm\u00e4ist\u00e4 kertaa opiskellessa todella vaikealta.<\/li><li>Ota opittu heti k\u00e4ytt\u00f6\u00f6n! Oppitunnilla sinulla on mahdollisuus harjoitella puhumista, mutta ota oppimasi k\u00e4ytt\u00f6\u00f6n tuntien ulkopuolellakin \u2013 ehk\u00e4 voit harjoitella kielt\u00e4 perheenj\u00e4senen, yst\u00e4v\u00e4n tai kurssikaverin kanssa. L\u00e4hin puhetoveri l\u00f6ytyy peilist\u00e4: voit kertoa itsellesi p\u00e4iv\u00e4n tapahtumista, kuvailla l\u00e4hiymp\u00e4rist\u00f6\u00e4 tai mietti\u00e4, mit\u00e4 aiot tehd\u00e4. Kuulostaa ehk\u00e4 hullulle, mutta toimii!<\/li><li>Jos joudut olemaan pois oppitunnilta, ei h\u00e4t\u00e4\u00e4. Opettajat ilmoittavat yleens\u00e4 sovitulla tavalla tunnin l\u00e4ksyt ja joka tapauksessa jokaisen tunnin asioita kerrataan my\u00f6hemminkin. Reippaasti ja rohkeasti mukaan taas, kun p\u00e4\u00e4set.<\/li><li>Pyri tekem\u00e4\u00e4n opettajan antamat l\u00e4ksyt s\u00e4\u00e4nn\u00f6llisesti. Voit toki k\u00e4yd\u00e4 tunneilla, vaikka l\u00e4ksyt olisivatkin tekem\u00e4tt\u00e4, mutta l\u00e4ksyteht\u00e4v\u00e4t tukevat omaa oppimistasi. Niiden avulla voit harjoitella kurssin aiheita oppituntien v\u00e4liss\u00e4kin. Eniten l\u00e4ksyist\u00e4 on hy\u00f6ty\u00e4, jos teet ne pikkuhiljaa kurssikertojen v\u00e4liss\u00e4 \u2013 ei juuri viisi minuuttia ennen seuraavan oppitunnin alkua\u2026<\/li><li>Ole aktiviinen kielenoppija ja hanki inputia opiskelemallasi kielell\u00e4 tuntien ulkopuolellakin: kuuntele musiikkia, katsele elokuvia ja sarjoja tai seuraa sosiaalista mediaa. Mit\u00e4 enemm\u00e4n aivosi altistuvat kielelle vaikka passiivisestikin, sit\u00e4 paremmin kieli tarttuu mieleesi.<\/li><li>Ota rennosti ja luota itseesi! Jokainen oppii omalla tavallaan ja omaa vauhtiaan. Jokainen, joka osaa yht\u00e4 kielt\u00e4 (\u00e4idinkielt\u00e4\u00e4n), omaa tarvittavan kyvyn kieltenoppimiseen.<\/li><li>Iloitse saavutuksistasi ja pid\u00e4 hauskaa! \u00c4l\u00e4 keskity siihen, mit\u00e4 et viel\u00e4 osaa, vaan huomaa se, mit\u00e4 jo osaat. Muista, ett\u00e4 opiskeltava aines j\u00e4\u00e4 paremmin mieleen, kun opiskelu on iloista, mieluisaa ja leppoisaa. V\u00e4kisin pusertamalla ei synny yht\u00e4 hyvi\u00e4 tuloksia.<\/li><li>Jos sinulla on mieless\u00e4si oppimiseen tai opetukseen liittyvi\u00e4 kysymyksi\u00e4 tai ongelmia, keskustele niist\u00e4 rohkeasti opettajan kanssa.<\/li><\/ul>\n","protected":false},"excerpt":{"rendered":"<p>Vieraan kielen oppiminen on hauskaa, mutta se vaatii ty\u00f6t\u00e4 \u2013 kotonakin. Anna oppimiselle aikaa ja ole k\u00e4rsiv\u00e4llinen! Se, mit\u00e4 et [&hellip;]<\/p>\n","protected":false},"author":6,"featured_media":0,"parent":7782,"menu_order":0,"comment_status":"closed","ping_status":"closed","template":"","meta":{"_acf_changed":false,"_relevanssi_hide_post":"","_relevanssi_hide_content":"","_relevanssi_pin_for_all":"","_relevanssi_pin_keywords":"","_relevanssi_unpin_keywords":"","_relevanssi_related_keywords":"","_relevanssi_related_include_ids":"","_relevanssi_related_exclude_ids":"","_relevanssi_related_no_append":"","_relevanssi_related_not_related":"","_relevanssi_related_posts":"","_relevanssi_noindex_reason":"","footnotes":""},"class_list":["post-12201","page","type-page","status-publish","hentry"],"acf":[],"yoast_head":"<title>Vinkkej\u00e4 kielten opiskeluun - Vanajaveden Opisto<\/title>\n<meta name=\"robots\" content=\"index, follow, max-snippet:-1, max-image-preview:large, max-video-preview:-1\" \/>\n<link rel=\"canonical\" href=\"https:\/\/www.kktavastia.fi\/vanajaveden-opisto\/tietoa-opistosta\/lisatietoja-kursseista\/vinkkeja-kielten-opiskeluun\/\" \/>\n<meta property=\"og:locale\" content=\"fi_FI\" \/>\n<meta property=\"og:type\" content=\"article\" \/>\n<meta property=\"og:title\" content=\"Vinkkej\u00e4 kielten opiskeluun - Vanajaveden Opisto\" \/>\n<meta property=\"og:description\" content=\"Vieraan kielen oppiminen on hauskaa, mutta se vaatii ty\u00f6t\u00e4 \u2013 kotonakin. Anna oppimiselle aikaa ja ole k\u00e4rsiv\u00e4llinen! Se, mit\u00e4 et [&hellip;]\" \/>\n<meta property=\"og:url\" content=\"https:\/\/www.kktavastia.fi\/vanajaveden-opisto\/tietoa-opistosta\/lisatietoja-kursseista\/vinkkeja-kielten-opiskeluun\/\" \/>\n<meta property=\"og:site_name\" content=\"Vanajaveden Opisto\" \/>\n<meta name=\"twitter:card\" content=\"summary_large_image\" \/>\n<script type=\"application\/ld+json\" class=\"yoast-schema-graph\">{\"@context\":\"https:\\\/\\\/schema.org\",\"@graph\":[{\"@type\":\"WebPage\",\"@id\":\"https:\\\/\\\/www.kktavastia.fi\\\/vanajaveden-opisto\\\/tietoa-opistosta\\\/lisatietoja-kursseista\\\/vinkkeja-kielten-opiskeluun\\\/\",\"url\":\"https:\\\/\\\/www.kktavastia.fi\\\/vanajaveden-opisto\\\/tietoa-opistosta\\\/lisatietoja-kursseista\\\/vinkkeja-kielten-opiskeluun\\\/\",\"name\":\"Vinkkej\u00e4 kielten opiskeluun - Vanajaveden Opisto\",\"isPartOf\":{\"@id\":\"https:\\\/\\\/www.kktavastia.fi\\\/vanajaveden-opisto\\\/#website\"},\"datePublished\":\"2022-05-13T11:11:52+00:00\",\"breadcrumb\":{\"@id\":\"https:\\\/\\\/www.kktavastia.fi\\\/vanajaveden-opisto\\\/tietoa-opistosta\\\/lisatietoja-kursseista\\\/vinkkeja-kielten-opiskeluun\\\/#breadcrumb\"},\"inLanguage\":\"fi\",\"potentialAction\":[{\"@type\":\"ReadAction\",\"target\":[\"https:\\\/\\\/www.kktavastia.fi\\\/vanajaveden-opisto\\\/tietoa-opistosta\\\/lisatietoja-kursseista\\\/vinkkeja-kielten-opiskeluun\\\/\"]}]},{\"@type\":\"BreadcrumbList\",\"@id\":\"https:\\\/\\\/www.kktavastia.fi\\\/vanajaveden-opisto\\\/tietoa-opistosta\\\/lisatietoja-kursseista\\\/vinkkeja-kielten-opiskeluun\\\/#breadcrumb\",\"itemListElement\":[{\"@type\":\"ListItem\",\"position\":1,\"name\":\"Home\",\"item\":\"https:\\\/\\\/www.kktavastia.fi\\\/vanajaveden-opisto\\\/\"},{\"@type\":\"ListItem\",\"position\":2,\"name\":\"Tietoa opistosta\",\"item\":\"https:\\\/\\\/www.kktavastia.fi\\\/vanajaveden-opisto\\\/tietoa-opistosta\\\/\"},{\"@type\":\"ListItem\",\"position\":3,\"name\":\"Lis\u00e4tietoja kursseista\",\"item\":\"https:\\\/\\\/www.kktavastia.fi\\\/vanajaveden-opisto\\\/tietoa-opistosta\\\/lisatietoja-kursseista\\\/\"},{\"@type\":\"ListItem\",\"position\":4,\"name\":\"Vinkkej\u00e4 kielten opiskeluun\"}]},{\"@type\":\"WebSite\",\"@id\":\"https:\\\/\\\/www.kktavastia.fi\\\/vanajaveden-opisto\\\/#website\",\"url\":\"https:\\\/\\\/www.kktavastia.fi\\\/vanajaveden-opisto\\\/\",\"name\":\"Vanajaveden Opisto\",\"description\":\"\",\"potentialAction\":[{\"@type\":\"SearchAction\",\"target\":{\"@type\":\"EntryPoint\",\"urlTemplate\":\"https:\\\/\\\/www.kktavastia.fi\\\/vanajaveden-opisto\\\/?s={search_term_string}\"},\"query-input\":{\"@type\":\"PropertyValueSpecification\",\"valueRequired\":true,\"valueName\":\"search_term_string\"}}],\"inLanguage\":\"fi\"}]}<\/script>","yoast_head_json":{"title":"Vinkkej\u00e4 kielten opiskeluun - Vanajaveden Opisto","robots":{"index":"index","follow":"follow","max-snippet":"max-snippet:-1","max-image-preview":"max-image-preview:large","max-video-preview":"max-video-preview:-1"},"canonical":"https:\/\/www.kktavastia.fi\/vanajaveden-opisto\/tietoa-opistosta\/lisatietoja-kursseista\/vinkkeja-kielten-opiskeluun\/","og_locale":"fi_FI","og_type":"article","og_title":"Vinkkej\u00e4 kielten opiskeluun - Vanajaveden Opisto","og_description":"Vieraan kielen oppiminen on hauskaa, mutta se vaatii ty\u00f6t\u00e4 \u2013 kotonakin. Anna oppimiselle aikaa ja ole k\u00e4rsiv\u00e4llinen! Se, mit\u00e4 et [&hellip;]","og_url":"https:\/\/www.kktavastia.fi\/vanajaveden-opisto\/tietoa-opistosta\/lisatietoja-kursseista\/vinkkeja-kielten-opiskeluun\/","og_site_name":"Vanajaveden Opisto","twitter_card":"summary_large_image","schema":{"@context":"https:\/\/schema.org","@graph":[{"@type":"WebPage","@id":"https:\/\/www.kktavastia.fi\/vanajaveden-opisto\/tietoa-opistosta\/lisatietoja-kursseista\/vinkkeja-kielten-opiskeluun\/","url":"https:\/\/www.kktavastia.fi\/vanajaveden-opisto\/tietoa-opistosta\/lisatietoja-kursseista\/vinkkeja-kielten-opiskeluun\/","name":"Vinkkej\u00e4 kielten opiskeluun - Vanajaveden Opisto","isPartOf":{"@id":"https:\/\/www.kktavastia.fi\/vanajaveden-opisto\/#website"},"datePublished":"2022-05-13T11:11:52+00:00","breadcrumb":{"@id":"https:\/\/www.kktavastia.fi\/vanajaveden-opisto\/tietoa-opistosta\/lisatietoja-kursseista\/vinkkeja-kielten-opiskeluun\/#breadcrumb"},"inLanguage":"fi","potentialAction":[{"@type":"ReadAction","target":["https:\/\/www.kktavastia.fi\/vanajaveden-opisto\/tietoa-opistosta\/lisatietoja-kursseista\/vinkkeja-kielten-opiskeluun\/"]}]},{"@type":"BreadcrumbList","@id":"https:\/\/www.kktavastia.fi\/vanajaveden-opisto\/tietoa-opistosta\/lisatietoja-kursseista\/vinkkeja-kielten-opiskeluun\/#breadcrumb","itemListElement":[{"@type":"ListItem","position":1,"name":"Home","item":"https:\/\/www.kktavastia.fi\/vanajaveden-opisto\/"},{"@type":"ListItem","position":2,"name":"Tietoa opistosta","item":"https:\/\/www.kktavastia.fi\/vanajaveden-opisto\/tietoa-opistosta\/"},{"@type":"ListItem","position":3,"name":"Lis\u00e4tietoja kursseista","item":"https:\/\/www.kktavastia.fi\/vanajaveden-opisto\/tietoa-opistosta\/lisatietoja-kursseista\/"},{"@type":"ListItem","position":4,"name":"Vinkkej\u00e4 kielten opiskeluun"}]},{"@type":"WebSite","@id":"https:\/\/www.kktavastia.fi\/vanajaveden-opisto\/#website","url":"https:\/\/www.kktavastia.fi\/vanajaveden-opisto\/","name":"Vanajaveden Opisto","description":"","potentialAction":[{"@type":"SearchAction","target":{"@type":"EntryPoint","urlTemplate":"https:\/\/www.kktavastia.fi\/vanajaveden-opisto\/?s={search_term_string}"},"query-input":{"@type":"PropertyValueSpecification","valueRequired":true,"valueName":"search_term_string"}}],"inLanguage":"fi"}]}},"_links":{"self":[{"href":"https:\/\/www.kktavastia.fi\/vanajaveden-opisto\/wp-json\/wp\/v2\/pages\/12201","targetHints":{"allow":["GET"]}}],"collection":[{"href":"https:\/\/www.kktavastia.fi\/vanajaveden-opisto\/wp-json\/wp\/v2\/pages"}],"about":[{"href":"https:\/\/www.kktavastia.fi\/vanajaveden-opisto\/wp-json\/wp\/v2\/types\/page"}],"author":[{"embeddable":true,"href":"https:\/\/www.kktavastia.fi\/vanajaveden-opisto\/wp-json\/wp\/v2\/users\/6"}],"replies":[{"embeddable":true,"href":"https:\/\/www.kktavastia.fi\/vanajaveden-opisto\/wp-json\/wp\/v2\/comments?post=12201"}],"version-history":[{"count":2,"href":"https:\/\/www.kktavastia.fi\/vanajaveden-opisto\/wp-json\/wp\/v2\/pages\/12201\/revisions"}],"predecessor-version":[{"id":12204,"href":"https:\/\/www.kktavastia.fi\/vanajaveden-opisto\/wp-json\/wp\/v2\/pages\/12201\/revisions\/12204"}],"up":[{"embeddable":true,"href":"https:\/\/www.kktavastia.fi\/vanajaveden-opisto\/wp-json\/wp\/v2\/pages\/7782"}],"wp:attachment":[{"href":"https:\/\/www.kktavastia.fi\/vanajaveden-opisto\/wp-json\/wp\/v2\/media?parent=12201"}],"curies":[{"name":"wp","href":"https:\/\/api.w.org\/{rel}","templated":true}]}}