{"id":268,"date":"2026-04-08T13:02:36","date_gmt":"2026-04-08T10:02:36","guid":{"rendered":"https:\/\/www.kktavastia.fi\/urheiluakatemia-tavastia\/?page_id=268"},"modified":"2026-04-09T11:18:30","modified_gmt":"2026-04-09T08:18:30","slug":"valmentajakerho","status":"publish","type":"page","link":"https:\/\/www.kktavastia.fi\/urheiluakatemia-tavastia\/tapahtumia\/valmentajakerho\/","title":{"rendered":"Valmentajakerho"},"content":{"rendered":"\n<p class=\"is-style-ingress\">Urheiluakatemia Tavastian valmentajakerho on avoin kaikille urheiluakatemiavalmennukseen osallistuville valmentajille.<\/p>\n\n\n\n<p>Valmentajakerho kokoontuu 4\u20135 kertaa lukuvuoden aikana keskustelemaan erilaisista valmennuksen teemoista, oppimaan toisilta ja verkostoitumaan muiden lajien valmentajien kanssa. Valmentajakerhon tapaamiset j\u00e4rjestet\u00e4\u00e4n p\u00e4\u00e4asiassa lukion p\u00e4\u00e4tt\u00f6jaksojen aikana aamup\u00e4ivisin (kello 8.30\u201310.30 v\u00e4lill\u00e4), jolloin aamuvalmennusta ei j\u00e4rjestet\u00e4. Valmentajakerhon tapaamisiin voi osallistua liven\u00e4 tai et\u00e4yhteydell\u00e4.<\/p>\n\n\n\n<h4 class=\"wp-block-heading\">Lukuvuonna 2025\u20132026 valmentajakerhon tapaamiset ja p\u00e4\u00e4teemat ovat:<\/h4>\n\n\n\n<ul class=\"wp-block-list\">\n<li>24.9.2025\u00a0Urheilijoiden jaksokohtaiset kehitt\u00e4mistavoitteet. | Kev\u00e4\u00e4n 2025 valmentajakysely.<\/li>\n\n\n\n<li>27.9.2025\u00a0T-klubin valmennusseminaari (urheiluakatemia maksaa akatemiavalmentajien osallistumismaksun)<\/li>\n\n\n\n<li>28.1.2026 Kehittyv\u00e4 koutsi ty\u00f6paja: kehittyv\u00e4 urheilija &#8211; valmentaja suhde (Seija-Maria Lehtonen)<\/li>\n\n\n\n<li>31.3.2026 II asteen urheilijakysely 2026. | Menestyv\u00e4 valmennuskulttuuri ja sen rakentaminen (valmentajavieras Lauri Hakanen, Inter\/HJS)<\/li>\n\n\n\n<li>26.5.2026 Mielenterveys urheilussa (urheilupsykologi Satu Kaski) | Yl\u00e4koulujen urheilijakysely 2026.<\/li>\n<\/ul>\n\n\n\n<p>Valmentajakerhon tapaamisiin liittyy my\u00f6s ajankohtaisia urheiluakatemiatoiminnan tiedotusasioita sek\u00e4 niihin voidaan yhdist\u00e4\u00e4 my\u00f6s koulupalavereita kaksoisuraty\u00f6n edist\u00e4miseksi. Valmentajakerhon lis\u00e4ksi valmentajilla on my\u00f6s muita joko kaikille yhteisi\u00e4 tai seutukunta- ja koulukohtaisia tapaamisia.<\/p>\n","protected":false},"excerpt":{"rendered":"<p>Urheiluakatemia Tavastian valmentajakerho on avoin kaikille urheiluakatemiavalmennukseen osallistuville valmentajille. Valmentajakerho kokoontuu 4\u20135 kertaa lukuvuoden aikana keskustelemaan erilaisista valmennuksen teemoista, oppimaan [&hellip;]<\/p>\n","protected":false},"author":6,"featured_media":0,"parent":273,"menu_order":0,"comment_status":"closed","ping_status":"closed","template":"","meta":{"_acf_changed":false,"_relevanssi_hide_post":"","_relevanssi_hide_content":"","_relevanssi_pin_for_all":"","_relevanssi_pin_keywords":"","_relevanssi_unpin_keywords":"","_relevanssi_related_keywords":"","_relevanssi_related_include_ids":"","_relevanssi_related_exclude_ids":"","_relevanssi_related_no_append":"","_relevanssi_related_not_related":"","_relevanssi_related_posts":"116,122,129,117,121,114","_relevanssi_noindex_reason":"","footnotes":""},"class_list":["post-268","page","type-page","status-publish","hentry"],"acf":[],"yoast_head":"<title>Valmentajakerho - Urheiluakatemia Tavastia<\/title>\n<meta name=\"robots\" content=\"index, follow, max-snippet:-1, max-image-preview:large, max-video-preview:-1\" \/>\n<link rel=\"canonical\" href=\"https:\/\/www.kktavastia.fi\/urheiluakatemia-tavastia\/tapahtumia\/valmentajakerho\/\" \/>\n<meta property=\"og:locale\" content=\"fi_FI\" \/>\n<meta property=\"og:type\" content=\"article\" \/>\n<meta property=\"og:title\" content=\"Valmentajakerho - Urheiluakatemia Tavastia\" \/>\n<meta property=\"og:description\" content=\"Urheiluakatemia Tavastian valmentajakerho on avoin kaikille urheiluakatemiavalmennukseen osallistuville valmentajille. Valmentajakerho kokoontuu 4\u20135 kertaa lukuvuoden aikana keskustelemaan erilaisista valmennuksen teemoista, oppimaan [&hellip;]\" \/>\n<meta property=\"og:url\" content=\"https:\/\/www.kktavastia.fi\/urheiluakatemia-tavastia\/tapahtumia\/valmentajakerho\/\" \/>\n<meta property=\"og:site_name\" content=\"Urheiluakatemia Tavastia\" \/>\n<meta property=\"article:modified_time\" content=\"2026-04-09T08:18:30+00:00\" \/>\n<meta name=\"twitter:card\" content=\"summary_large_image\" \/>\n<script type=\"application\/ld+json\" class=\"yoast-schema-graph\">{\"@context\":\"https:\\\/\\\/schema.org\",\"@graph\":[{\"@type\":\"WebPage\",\"@id\":\"https:\\\/\\\/www.kktavastia.fi\\\/urheiluakatemia-tavastia\\\/tapahtumia\\\/valmentajakerho\\\/\",\"url\":\"https:\\\/\\\/www.kktavastia.fi\\\/urheiluakatemia-tavastia\\\/tapahtumia\\\/valmentajakerho\\\/\",\"name\":\"Valmentajakerho - Urheiluakatemia Tavastia\",\"isPartOf\":{\"@id\":\"https:\\\/\\\/www.kktavastia.fi\\\/urheiluakatemia-tavastia\\\/#website\"},\"datePublished\":\"2026-04-08T10:02:36+00:00\",\"dateModified\":\"2026-04-09T08:18:30+00:00\",\"breadcrumb\":{\"@id\":\"https:\\\/\\\/www.kktavastia.fi\\\/urheiluakatemia-tavastia\\\/tapahtumia\\\/valmentajakerho\\\/#breadcrumb\"},\"inLanguage\":\"fi\",\"potentialAction\":[{\"@type\":\"ReadAction\",\"target\":[\"https:\\\/\\\/www.kktavastia.fi\\\/urheiluakatemia-tavastia\\\/tapahtumia\\\/valmentajakerho\\\/\"]}]},{\"@type\":\"BreadcrumbList\",\"@id\":\"https:\\\/\\\/www.kktavastia.fi\\\/urheiluakatemia-tavastia\\\/tapahtumia\\\/valmentajakerho\\\/#breadcrumb\",\"itemListElement\":[{\"@type\":\"ListItem\",\"position\":1,\"name\":\"Home\",\"item\":\"https:\\\/\\\/www.kktavastia.fi\\\/urheiluakatemia-tavastia\\\/\"},{\"@type\":\"ListItem\",\"position\":2,\"name\":\"Tapahtumia\",\"item\":\"https:\\\/\\\/www.kktavastia.fi\\\/urheiluakatemia-tavastia\\\/tapahtumia\\\/\"},{\"@type\":\"ListItem\",\"position\":3,\"name\":\"Valmentajakerho\"}]},{\"@type\":\"WebSite\",\"@id\":\"https:\\\/\\\/www.kktavastia.fi\\\/urheiluakatemia-tavastia\\\/#website\",\"url\":\"https:\\\/\\\/www.kktavastia.fi\\\/urheiluakatemia-tavastia\\\/\",\"name\":\"Urheiluakatemia Tavastia\",\"description\":\"\",\"potentialAction\":[{\"@type\":\"SearchAction\",\"target\":{\"@type\":\"EntryPoint\",\"urlTemplate\":\"https:\\\/\\\/www.kktavastia.fi\\\/urheiluakatemia-tavastia\\\/?s={search_term_string}\"},\"query-input\":{\"@type\":\"PropertyValueSpecification\",\"valueRequired\":true,\"valueName\":\"search_term_string\"}}],\"inLanguage\":\"fi\"}]}<\/script>","yoast_head_json":{"title":"Valmentajakerho - Urheiluakatemia Tavastia","robots":{"index":"index","follow":"follow","max-snippet":"max-snippet:-1","max-image-preview":"max-image-preview:large","max-video-preview":"max-video-preview:-1"},"canonical":"https:\/\/www.kktavastia.fi\/urheiluakatemia-tavastia\/tapahtumia\/valmentajakerho\/","og_locale":"fi_FI","og_type":"article","og_title":"Valmentajakerho - Urheiluakatemia Tavastia","og_description":"Urheiluakatemia Tavastian valmentajakerho on avoin kaikille urheiluakatemiavalmennukseen osallistuville valmentajille. Valmentajakerho kokoontuu 4\u20135 kertaa lukuvuoden aikana keskustelemaan erilaisista valmennuksen teemoista, oppimaan [&hellip;]","og_url":"https:\/\/www.kktavastia.fi\/urheiluakatemia-tavastia\/tapahtumia\/valmentajakerho\/","og_site_name":"Urheiluakatemia Tavastia","article_modified_time":"2026-04-09T08:18:30+00:00","twitter_card":"summary_large_image","schema":{"@context":"https:\/\/schema.org","@graph":[{"@type":"WebPage","@id":"https:\/\/www.kktavastia.fi\/urheiluakatemia-tavastia\/tapahtumia\/valmentajakerho\/","url":"https:\/\/www.kktavastia.fi\/urheiluakatemia-tavastia\/tapahtumia\/valmentajakerho\/","name":"Valmentajakerho - Urheiluakatemia Tavastia","isPartOf":{"@id":"https:\/\/www.kktavastia.fi\/urheiluakatemia-tavastia\/#website"},"datePublished":"2026-04-08T10:02:36+00:00","dateModified":"2026-04-09T08:18:30+00:00","breadcrumb":{"@id":"https:\/\/www.kktavastia.fi\/urheiluakatemia-tavastia\/tapahtumia\/valmentajakerho\/#breadcrumb"},"inLanguage":"fi","potentialAction":[{"@type":"ReadAction","target":["https:\/\/www.kktavastia.fi\/urheiluakatemia-tavastia\/tapahtumia\/valmentajakerho\/"]}]},{"@type":"BreadcrumbList","@id":"https:\/\/www.kktavastia.fi\/urheiluakatemia-tavastia\/tapahtumia\/valmentajakerho\/#breadcrumb","itemListElement":[{"@type":"ListItem","position":1,"name":"Home","item":"https:\/\/www.kktavastia.fi\/urheiluakatemia-tavastia\/"},{"@type":"ListItem","position":2,"name":"Tapahtumia","item":"https:\/\/www.kktavastia.fi\/urheiluakatemia-tavastia\/tapahtumia\/"},{"@type":"ListItem","position":3,"name":"Valmentajakerho"}]},{"@type":"WebSite","@id":"https:\/\/www.kktavastia.fi\/urheiluakatemia-tavastia\/#website","url":"https:\/\/www.kktavastia.fi\/urheiluakatemia-tavastia\/","name":"Urheiluakatemia Tavastia","description":"","potentialAction":[{"@type":"SearchAction","target":{"@type":"EntryPoint","urlTemplate":"https:\/\/www.kktavastia.fi\/urheiluakatemia-tavastia\/?s={search_term_string}"},"query-input":{"@type":"PropertyValueSpecification","valueRequired":true,"valueName":"search_term_string"}}],"inLanguage":"fi"}]}},"_links":{"self":[{"href":"https:\/\/www.kktavastia.fi\/urheiluakatemia-tavastia\/wp-json\/wp\/v2\/pages\/268","targetHints":{"allow":["GET"]}}],"collection":[{"href":"https:\/\/www.kktavastia.fi\/urheiluakatemia-tavastia\/wp-json\/wp\/v2\/pages"}],"about":[{"href":"https:\/\/www.kktavastia.fi\/urheiluakatemia-tavastia\/wp-json\/wp\/v2\/types\/page"}],"author":[{"embeddable":true,"href":"https:\/\/www.kktavastia.fi\/urheiluakatemia-tavastia\/wp-json\/wp\/v2\/users\/6"}],"replies":[{"embeddable":true,"href":"https:\/\/www.kktavastia.fi\/urheiluakatemia-tavastia\/wp-json\/wp\/v2\/comments?post=268"}],"version-history":[{"count":2,"href":"https:\/\/www.kktavastia.fi\/urheiluakatemia-tavastia\/wp-json\/wp\/v2\/pages\/268\/revisions"}],"predecessor-version":[{"id":390,"href":"https:\/\/www.kktavastia.fi\/urheiluakatemia-tavastia\/wp-json\/wp\/v2\/pages\/268\/revisions\/390"}],"up":[{"embeddable":true,"href":"https:\/\/www.kktavastia.fi\/urheiluakatemia-tavastia\/wp-json\/wp\/v2\/pages\/273"}],"wp:attachment":[{"href":"https:\/\/www.kktavastia.fi\/urheiluakatemia-tavastia\/wp-json\/wp\/v2\/media?parent=268"}],"curies":[{"name":"wp","href":"https:\/\/api.w.org\/{rel}","templated":true}]}}