{"id":266,"date":"2026-04-08T12:57:58","date_gmt":"2026-04-08T09:57:58","guid":{"rendered":"https:\/\/www.kktavastia.fi\/urheiluakatemia-tavastia\/?page_id=266"},"modified":"2026-04-09T11:16:39","modified_gmt":"2026-04-09T08:16:39","slug":"ylakoululaisten-akatemialeiritys","status":"publish","type":"page","link":"https:\/\/www.kktavastia.fi\/urheiluakatemia-tavastia\/tapahtumia\/ylakoululaisten-akatemialeiritys\/","title":{"rendered":"Yl\u00e4koululaisten akatemialeiritys"},"content":{"rendered":"\n<p class=\"is-style-ingress\">Urheiluakatemia j\u00e4rjest\u00e4\u00e4 yhteisty\u00f6ss\u00e4 H\u00e4meenlinnan kaupungin ja paikallisten seurojen kanssa akatemialeirej\u00e4 tavoitteellisille yl\u00e4kouluik\u00e4isille urheilijoille. <\/p>\n\n\n\n<p>Leirit ovat kolmep\u00e4iv\u00e4isi\u00e4 (ma\u2013ke) ja niit\u00e4 j\u00e4rjestet\u00e4\u00e4n lajin toiveiden mukaan joko kolme tai nelj\u00e4 kertaa lukuvuoden aikana. H\u00e4meenlinnan yl\u00e4koululaisten akatemialeirityksess\u00e4 noudatetaan Olympiakomitean yl\u00e4koululeirityksen ohjeistoa, lajiliiton ik\u00e4luokkakohtaisia ohjeita sek\u00e4 Kasva urheilijaksi -oppikirjan aiheita ja sis\u00e4lt\u00f6j\u00e4. Valmennuksesta ja asiantuntijaluennoista vastaavat alan ammattilaiset. Leirip\u00e4iv\u00e4t ajoittuvat kello 8\u201316 v\u00e4lille.<\/p>\n\n\n\n<p>Lukuvuonna 2025\u20132026 akatemialeirej\u00e4 j\u00e4rjestettiin jalkapallossa, j\u00e4\u00e4kiekossa ja uinnissa. Lukuvuoden 2026\u20132027 akatemialeireist\u00e4 ja niihin ilmoittautumisista informoidaan yl\u00e4koululaisten huoltajia viimeist\u00e4\u00e4n toukokuussa ja leireist\u00e4 tulee lis\u00e4tietoa my\u00f6s t\u00e4lle sivustolle. My\u00f6s Forssan seudulla on tavoitteena aloittaa vastaava leiritys lv. 2026\u20132027, mik\u00e4li hankerahoitus toteutuu.<\/p>\n","protected":false},"excerpt":{"rendered":"<p>Urheiluakatemia j\u00e4rjest\u00e4\u00e4 yhteisty\u00f6ss\u00e4 H\u00e4meenlinnan kaupungin ja paikallisten seurojen kanssa akatemialeirej\u00e4 tavoitteellisille yl\u00e4kouluik\u00e4isille urheilijoille. Leirit ovat kolmep\u00e4iv\u00e4isi\u00e4 (ma\u2013ke) ja niit\u00e4 j\u00e4rjestet\u00e4\u00e4n [&hellip;]<\/p>\n","protected":false},"author":6,"featured_media":0,"parent":273,"menu_order":0,"comment_status":"closed","ping_status":"closed","template":"","meta":{"_acf_changed":false,"_relevanssi_hide_post":"","_relevanssi_hide_content":"","_relevanssi_pin_for_all":"","_relevanssi_pin_keywords":"","_relevanssi_unpin_keywords":"","_relevanssi_related_keywords":"","_relevanssi_related_include_ids":"","_relevanssi_related_exclude_ids":"","_relevanssi_related_no_append":"","_relevanssi_related_not_related":"","_relevanssi_related_posts":"129,130,119,131,114,111","_relevanssi_noindex_reason":"","footnotes":""},"class_list":["post-266","page","type-page","status-publish","hentry"],"acf":[],"yoast_head":"<title>Yl\u00e4koululaisten akatemialeiritys - Urheiluakatemia Tavastia<\/title>\n<meta name=\"robots\" content=\"index, follow, max-snippet:-1, max-image-preview:large, max-video-preview:-1\" \/>\n<link rel=\"canonical\" href=\"https:\/\/www.kktavastia.fi\/urheiluakatemia-tavastia\/tapahtumia\/ylakoululaisten-akatemialeiritys\/\" \/>\n<meta property=\"og:locale\" content=\"fi_FI\" \/>\n<meta property=\"og:type\" content=\"article\" \/>\n<meta property=\"og:title\" content=\"Yl\u00e4koululaisten akatemialeiritys - Urheiluakatemia Tavastia\" \/>\n<meta property=\"og:description\" content=\"Urheiluakatemia j\u00e4rjest\u00e4\u00e4 yhteisty\u00f6ss\u00e4 H\u00e4meenlinnan kaupungin ja paikallisten seurojen kanssa akatemialeirej\u00e4 tavoitteellisille yl\u00e4kouluik\u00e4isille urheilijoille. Leirit ovat kolmep\u00e4iv\u00e4isi\u00e4 (ma\u2013ke) ja niit\u00e4 j\u00e4rjestet\u00e4\u00e4n [&hellip;]\" \/>\n<meta property=\"og:url\" content=\"https:\/\/www.kktavastia.fi\/urheiluakatemia-tavastia\/tapahtumia\/ylakoululaisten-akatemialeiritys\/\" \/>\n<meta property=\"og:site_name\" content=\"Urheiluakatemia Tavastia\" \/>\n<meta property=\"article:modified_time\" content=\"2026-04-09T08:16:39+00:00\" \/>\n<meta name=\"twitter:card\" content=\"summary_large_image\" \/>\n<script type=\"application\/ld+json\" class=\"yoast-schema-graph\">{\"@context\":\"https:\\\/\\\/schema.org\",\"@graph\":[{\"@type\":\"WebPage\",\"@id\":\"https:\\\/\\\/www.kktavastia.fi\\\/urheiluakatemia-tavastia\\\/tapahtumia\\\/ylakoululaisten-akatemialeiritys\\\/\",\"url\":\"https:\\\/\\\/www.kktavastia.fi\\\/urheiluakatemia-tavastia\\\/tapahtumia\\\/ylakoululaisten-akatemialeiritys\\\/\",\"name\":\"Yl\u00e4koululaisten akatemialeiritys - Urheiluakatemia Tavastia\",\"isPartOf\":{\"@id\":\"https:\\\/\\\/www.kktavastia.fi\\\/urheiluakatemia-tavastia\\\/#website\"},\"datePublished\":\"2026-04-08T09:57:58+00:00\",\"dateModified\":\"2026-04-09T08:16:39+00:00\",\"breadcrumb\":{\"@id\":\"https:\\\/\\\/www.kktavastia.fi\\\/urheiluakatemia-tavastia\\\/tapahtumia\\\/ylakoululaisten-akatemialeiritys\\\/#breadcrumb\"},\"inLanguage\":\"fi\",\"potentialAction\":[{\"@type\":\"ReadAction\",\"target\":[\"https:\\\/\\\/www.kktavastia.fi\\\/urheiluakatemia-tavastia\\\/tapahtumia\\\/ylakoululaisten-akatemialeiritys\\\/\"]}]},{\"@type\":\"BreadcrumbList\",\"@id\":\"https:\\\/\\\/www.kktavastia.fi\\\/urheiluakatemia-tavastia\\\/tapahtumia\\\/ylakoululaisten-akatemialeiritys\\\/#breadcrumb\",\"itemListElement\":[{\"@type\":\"ListItem\",\"position\":1,\"name\":\"Home\",\"item\":\"https:\\\/\\\/www.kktavastia.fi\\\/urheiluakatemia-tavastia\\\/\"},{\"@type\":\"ListItem\",\"position\":2,\"name\":\"Tapahtumia\",\"item\":\"https:\\\/\\\/www.kktavastia.fi\\\/urheiluakatemia-tavastia\\\/tapahtumia\\\/\"},{\"@type\":\"ListItem\",\"position\":3,\"name\":\"Yl\u00e4koululaisten akatemialeiritys\"}]},{\"@type\":\"WebSite\",\"@id\":\"https:\\\/\\\/www.kktavastia.fi\\\/urheiluakatemia-tavastia\\\/#website\",\"url\":\"https:\\\/\\\/www.kktavastia.fi\\\/urheiluakatemia-tavastia\\\/\",\"name\":\"Urheiluakatemia Tavastia\",\"description\":\"\",\"potentialAction\":[{\"@type\":\"SearchAction\",\"target\":{\"@type\":\"EntryPoint\",\"urlTemplate\":\"https:\\\/\\\/www.kktavastia.fi\\\/urheiluakatemia-tavastia\\\/?s={search_term_string}\"},\"query-input\":{\"@type\":\"PropertyValueSpecification\",\"valueRequired\":true,\"valueName\":\"search_term_string\"}}],\"inLanguage\":\"fi\"}]}<\/script>","yoast_head_json":{"title":"Yl\u00e4koululaisten akatemialeiritys - Urheiluakatemia Tavastia","robots":{"index":"index","follow":"follow","max-snippet":"max-snippet:-1","max-image-preview":"max-image-preview:large","max-video-preview":"max-video-preview:-1"},"canonical":"https:\/\/www.kktavastia.fi\/urheiluakatemia-tavastia\/tapahtumia\/ylakoululaisten-akatemialeiritys\/","og_locale":"fi_FI","og_type":"article","og_title":"Yl\u00e4koululaisten akatemialeiritys - Urheiluakatemia Tavastia","og_description":"Urheiluakatemia j\u00e4rjest\u00e4\u00e4 yhteisty\u00f6ss\u00e4 H\u00e4meenlinnan kaupungin ja paikallisten seurojen kanssa akatemialeirej\u00e4 tavoitteellisille yl\u00e4kouluik\u00e4isille urheilijoille. Leirit ovat kolmep\u00e4iv\u00e4isi\u00e4 (ma\u2013ke) ja niit\u00e4 j\u00e4rjestet\u00e4\u00e4n [&hellip;]","og_url":"https:\/\/www.kktavastia.fi\/urheiluakatemia-tavastia\/tapahtumia\/ylakoululaisten-akatemialeiritys\/","og_site_name":"Urheiluakatemia Tavastia","article_modified_time":"2026-04-09T08:16:39+00:00","twitter_card":"summary_large_image","schema":{"@context":"https:\/\/schema.org","@graph":[{"@type":"WebPage","@id":"https:\/\/www.kktavastia.fi\/urheiluakatemia-tavastia\/tapahtumia\/ylakoululaisten-akatemialeiritys\/","url":"https:\/\/www.kktavastia.fi\/urheiluakatemia-tavastia\/tapahtumia\/ylakoululaisten-akatemialeiritys\/","name":"Yl\u00e4koululaisten akatemialeiritys - Urheiluakatemia Tavastia","isPartOf":{"@id":"https:\/\/www.kktavastia.fi\/urheiluakatemia-tavastia\/#website"},"datePublished":"2026-04-08T09:57:58+00:00","dateModified":"2026-04-09T08:16:39+00:00","breadcrumb":{"@id":"https:\/\/www.kktavastia.fi\/urheiluakatemia-tavastia\/tapahtumia\/ylakoululaisten-akatemialeiritys\/#breadcrumb"},"inLanguage":"fi","potentialAction":[{"@type":"ReadAction","target":["https:\/\/www.kktavastia.fi\/urheiluakatemia-tavastia\/tapahtumia\/ylakoululaisten-akatemialeiritys\/"]}]},{"@type":"BreadcrumbList","@id":"https:\/\/www.kktavastia.fi\/urheiluakatemia-tavastia\/tapahtumia\/ylakoululaisten-akatemialeiritys\/#breadcrumb","itemListElement":[{"@type":"ListItem","position":1,"name":"Home","item":"https:\/\/www.kktavastia.fi\/urheiluakatemia-tavastia\/"},{"@type":"ListItem","position":2,"name":"Tapahtumia","item":"https:\/\/www.kktavastia.fi\/urheiluakatemia-tavastia\/tapahtumia\/"},{"@type":"ListItem","position":3,"name":"Yl\u00e4koululaisten akatemialeiritys"}]},{"@type":"WebSite","@id":"https:\/\/www.kktavastia.fi\/urheiluakatemia-tavastia\/#website","url":"https:\/\/www.kktavastia.fi\/urheiluakatemia-tavastia\/","name":"Urheiluakatemia Tavastia","description":"","potentialAction":[{"@type":"SearchAction","target":{"@type":"EntryPoint","urlTemplate":"https:\/\/www.kktavastia.fi\/urheiluakatemia-tavastia\/?s={search_term_string}"},"query-input":{"@type":"PropertyValueSpecification","valueRequired":true,"valueName":"search_term_string"}}],"inLanguage":"fi"}]}},"_links":{"self":[{"href":"https:\/\/www.kktavastia.fi\/urheiluakatemia-tavastia\/wp-json\/wp\/v2\/pages\/266","targetHints":{"allow":["GET"]}}],"collection":[{"href":"https:\/\/www.kktavastia.fi\/urheiluakatemia-tavastia\/wp-json\/wp\/v2\/pages"}],"about":[{"href":"https:\/\/www.kktavastia.fi\/urheiluakatemia-tavastia\/wp-json\/wp\/v2\/types\/page"}],"author":[{"embeddable":true,"href":"https:\/\/www.kktavastia.fi\/urheiluakatemia-tavastia\/wp-json\/wp\/v2\/users\/6"}],"replies":[{"embeddable":true,"href":"https:\/\/www.kktavastia.fi\/urheiluakatemia-tavastia\/wp-json\/wp\/v2\/comments?post=266"}],"version-history":[{"count":2,"href":"https:\/\/www.kktavastia.fi\/urheiluakatemia-tavastia\/wp-json\/wp\/v2\/pages\/266\/revisions"}],"predecessor-version":[{"id":388,"href":"https:\/\/www.kktavastia.fi\/urheiluakatemia-tavastia\/wp-json\/wp\/v2\/pages\/266\/revisions\/388"}],"up":[{"embeddable":true,"href":"https:\/\/www.kktavastia.fi\/urheiluakatemia-tavastia\/wp-json\/wp\/v2\/pages\/273"}],"wp:attachment":[{"href":"https:\/\/www.kktavastia.fi\/urheiluakatemia-tavastia\/wp-json\/wp\/v2\/media?parent=266"}],"curies":[{"name":"wp","href":"https:\/\/api.w.org\/{rel}","templated":true}]}}