{"id":259,"date":"2026-04-08T12:54:03","date_gmt":"2026-04-08T09:54:03","guid":{"rendered":"https:\/\/www.kktavastia.fi\/urheiluakatemia-tavastia\/?page_id=259"},"modified":"2026-04-10T13:44:21","modified_gmt":"2026-04-10T10:44:21","slug":"vastuullisuus","status":"publish","type":"page","link":"https:\/\/www.kktavastia.fi\/urheiluakatemia-tavastia\/yleisinfo\/vastuullisuus\/","title":{"rendered":"Vastuullisuus"},"content":{"rendered":"\n<p>Urheiluakatemia Tavastia on sitoutunut suomalaisen urheiluyhteis\u00f6n yhteiseen&nbsp;<a href=\"https:\/\/olympiakomitea.kuvat.fi\/kuvat\/Materiaalipankki\/Tietoa+meist%C3%A4\/Vastuullisuus\/\" target=\"_blank\" rel=\"noreferrer noopener\">vastuullisuusohjelmaan<\/a>, jonka keskeisin\u00e4 tavoitteina ovat hyv\u00e4 hallinto, turvallinen toimintaymp\u00e4rist\u00f6, yhdenvertaisuus ja tasa-arvo, kest\u00e4v\u00e4 kehitys (ymp\u00e4rist\u00f6 ja ilmasto) sek\u00e4 puhdas ja reilu kilpailu (antidoping ja kilpailumanipulaation torjunta). Urheiluakatemia Tavastian oma vastuullisuusohjelma valmistuu kev\u00e4\u00e4n 2026 aikana.<\/p>\n\n\n\n<p>Urheiluakatemia Tavastia on yhteisty\u00f6ss\u00e4 Suomen urheilun eettisen keskuksen (SUEK ry.) kanssa laatinut reilun kilpailun toimintaohjeen, jolla vahvistetaan antidopingty\u00f6t\u00e4 sek\u00e4 kilpailumanipulaation torjuntaa kiinte\u00e4n\u00e4 osana urheiluakatemiatoimintaa. <\/p>\n\n\n\n<p>Toimintaohje (pdf) on luettavissa t\u00e4st\u00e4:<\/p>\n\n\n\n<div class=\"wp-block-file\"><a id=\"wp-block-file--media-1dfc9407-0f41-4ad7-96b8-44b21bb037b4\" href=\"https:\/\/www.kktavastia.fi\/media\/sites\/10\/antidopingtoiminta-ja-kilpailumanipulaation-torjuminen-urheiluakatemia-tavastia.pdf\">Antidopingtoiminta ja kilpailumanipulaation torjuminen, Urheiluakatemia Tavastia<\/a><a href=\"https:\/\/www.kktavastia.fi\/media\/sites\/10\/antidopingtoiminta-ja-kilpailumanipulaation-torjuminen-urheiluakatemia-tavastia.pdf\" class=\"wp-block-file__button wp-element-button\" download aria-describedby=\"wp-block-file--media-1dfc9407-0f41-4ad7-96b8-44b21bb037b4\">Lataa<\/a><\/div>\n\n\n\n<p><\/p>\n","protected":false},"excerpt":{"rendered":"<p>Urheiluakatemia Tavastia on sitoutunut suomalaisen urheiluyhteis\u00f6n yhteiseen&nbsp;vastuullisuusohjelmaan, jonka keskeisin\u00e4 tavoitteina ovat hyv\u00e4 hallinto, turvallinen toimintaymp\u00e4rist\u00f6, yhdenvertaisuus ja tasa-arvo, kest\u00e4v\u00e4 kehitys [&hellip;]<\/p>\n","protected":false},"author":6,"featured_media":0,"parent":33,"menu_order":0,"comment_status":"closed","ping_status":"closed","template":"","meta":{"_acf_changed":false,"_relevanssi_hide_post":"","_relevanssi_hide_content":"","_relevanssi_pin_for_all":"","_relevanssi_pin_keywords":"","_relevanssi_unpin_keywords":"","_relevanssi_related_keywords":"","_relevanssi_related_include_ids":"","_relevanssi_related_exclude_ids":"","_relevanssi_related_no_append":"","_relevanssi_related_not_related":"","_relevanssi_related_posts":"127,126,119,122,116,130","_relevanssi_noindex_reason":"","footnotes":""},"class_list":["post-259","page","type-page","status-publish","hentry"],"acf":[],"yoast_head":"<title>Vastuullisuus - Urheiluakatemia Tavastia<\/title>\n<meta name=\"robots\" content=\"index, follow, max-snippet:-1, max-image-preview:large, max-video-preview:-1\" \/>\n<link rel=\"canonical\" href=\"https:\/\/www.kktavastia.fi\/urheiluakatemia-tavastia\/yleisinfo\/vastuullisuus\/\" \/>\n<meta property=\"og:locale\" content=\"fi_FI\" \/>\n<meta property=\"og:type\" content=\"article\" \/>\n<meta property=\"og:title\" content=\"Vastuullisuus - Urheiluakatemia Tavastia\" \/>\n<meta property=\"og:description\" content=\"Urheiluakatemia Tavastia on sitoutunut suomalaisen urheiluyhteis\u00f6n yhteiseen&nbsp;vastuullisuusohjelmaan, jonka keskeisin\u00e4 tavoitteina ovat hyv\u00e4 hallinto, turvallinen toimintaymp\u00e4rist\u00f6, yhdenvertaisuus ja tasa-arvo, kest\u00e4v\u00e4 kehitys [&hellip;]\" \/>\n<meta property=\"og:url\" content=\"https:\/\/www.kktavastia.fi\/urheiluakatemia-tavastia\/yleisinfo\/vastuullisuus\/\" \/>\n<meta property=\"og:site_name\" content=\"Urheiluakatemia Tavastia\" \/>\n<meta property=\"article:modified_time\" content=\"2026-04-10T10:44:21+00:00\" \/>\n<meta name=\"twitter:card\" content=\"summary_large_image\" \/>\n<script type=\"application\/ld+json\" class=\"yoast-schema-graph\">{\"@context\":\"https:\\\/\\\/schema.org\",\"@graph\":[{\"@type\":\"WebPage\",\"@id\":\"https:\\\/\\\/www.kktavastia.fi\\\/urheiluakatemia-tavastia\\\/yleisinfo\\\/vastuullisuus\\\/\",\"url\":\"https:\\\/\\\/www.kktavastia.fi\\\/urheiluakatemia-tavastia\\\/yleisinfo\\\/vastuullisuus\\\/\",\"name\":\"Vastuullisuus - Urheiluakatemia Tavastia\",\"isPartOf\":{\"@id\":\"https:\\\/\\\/www.kktavastia.fi\\\/urheiluakatemia-tavastia\\\/#website\"},\"datePublished\":\"2026-04-08T09:54:03+00:00\",\"dateModified\":\"2026-04-10T10:44:21+00:00\",\"breadcrumb\":{\"@id\":\"https:\\\/\\\/www.kktavastia.fi\\\/urheiluakatemia-tavastia\\\/yleisinfo\\\/vastuullisuus\\\/#breadcrumb\"},\"inLanguage\":\"fi\",\"potentialAction\":[{\"@type\":\"ReadAction\",\"target\":[\"https:\\\/\\\/www.kktavastia.fi\\\/urheiluakatemia-tavastia\\\/yleisinfo\\\/vastuullisuus\\\/\"]}]},{\"@type\":\"BreadcrumbList\",\"@id\":\"https:\\\/\\\/www.kktavastia.fi\\\/urheiluakatemia-tavastia\\\/yleisinfo\\\/vastuullisuus\\\/#breadcrumb\",\"itemListElement\":[{\"@type\":\"ListItem\",\"position\":1,\"name\":\"Home\",\"item\":\"https:\\\/\\\/www.kktavastia.fi\\\/urheiluakatemia-tavastia\\\/\"},{\"@type\":\"ListItem\",\"position\":2,\"name\":\"Yleisinfo\",\"item\":\"https:\\\/\\\/www.kktavastia.fi\\\/urheiluakatemia-tavastia\\\/yleisinfo\\\/\"},{\"@type\":\"ListItem\",\"position\":3,\"name\":\"Vastuullisuus\"}]},{\"@type\":\"WebSite\",\"@id\":\"https:\\\/\\\/www.kktavastia.fi\\\/urheiluakatemia-tavastia\\\/#website\",\"url\":\"https:\\\/\\\/www.kktavastia.fi\\\/urheiluakatemia-tavastia\\\/\",\"name\":\"Urheiluakatemia Tavastia\",\"description\":\"\",\"potentialAction\":[{\"@type\":\"SearchAction\",\"target\":{\"@type\":\"EntryPoint\",\"urlTemplate\":\"https:\\\/\\\/www.kktavastia.fi\\\/urheiluakatemia-tavastia\\\/?s={search_term_string}\"},\"query-input\":{\"@type\":\"PropertyValueSpecification\",\"valueRequired\":true,\"valueName\":\"search_term_string\"}}],\"inLanguage\":\"fi\"}]}<\/script>","yoast_head_json":{"title":"Vastuullisuus - Urheiluakatemia Tavastia","robots":{"index":"index","follow":"follow","max-snippet":"max-snippet:-1","max-image-preview":"max-image-preview:large","max-video-preview":"max-video-preview:-1"},"canonical":"https:\/\/www.kktavastia.fi\/urheiluakatemia-tavastia\/yleisinfo\/vastuullisuus\/","og_locale":"fi_FI","og_type":"article","og_title":"Vastuullisuus - Urheiluakatemia Tavastia","og_description":"Urheiluakatemia Tavastia on sitoutunut suomalaisen urheiluyhteis\u00f6n yhteiseen&nbsp;vastuullisuusohjelmaan, jonka keskeisin\u00e4 tavoitteina ovat hyv\u00e4 hallinto, turvallinen toimintaymp\u00e4rist\u00f6, yhdenvertaisuus ja tasa-arvo, kest\u00e4v\u00e4 kehitys [&hellip;]","og_url":"https:\/\/www.kktavastia.fi\/urheiluakatemia-tavastia\/yleisinfo\/vastuullisuus\/","og_site_name":"Urheiluakatemia Tavastia","article_modified_time":"2026-04-10T10:44:21+00:00","twitter_card":"summary_large_image","schema":{"@context":"https:\/\/schema.org","@graph":[{"@type":"WebPage","@id":"https:\/\/www.kktavastia.fi\/urheiluakatemia-tavastia\/yleisinfo\/vastuullisuus\/","url":"https:\/\/www.kktavastia.fi\/urheiluakatemia-tavastia\/yleisinfo\/vastuullisuus\/","name":"Vastuullisuus - Urheiluakatemia Tavastia","isPartOf":{"@id":"https:\/\/www.kktavastia.fi\/urheiluakatemia-tavastia\/#website"},"datePublished":"2026-04-08T09:54:03+00:00","dateModified":"2026-04-10T10:44:21+00:00","breadcrumb":{"@id":"https:\/\/www.kktavastia.fi\/urheiluakatemia-tavastia\/yleisinfo\/vastuullisuus\/#breadcrumb"},"inLanguage":"fi","potentialAction":[{"@type":"ReadAction","target":["https:\/\/www.kktavastia.fi\/urheiluakatemia-tavastia\/yleisinfo\/vastuullisuus\/"]}]},{"@type":"BreadcrumbList","@id":"https:\/\/www.kktavastia.fi\/urheiluakatemia-tavastia\/yleisinfo\/vastuullisuus\/#breadcrumb","itemListElement":[{"@type":"ListItem","position":1,"name":"Home","item":"https:\/\/www.kktavastia.fi\/urheiluakatemia-tavastia\/"},{"@type":"ListItem","position":2,"name":"Yleisinfo","item":"https:\/\/www.kktavastia.fi\/urheiluakatemia-tavastia\/yleisinfo\/"},{"@type":"ListItem","position":3,"name":"Vastuullisuus"}]},{"@type":"WebSite","@id":"https:\/\/www.kktavastia.fi\/urheiluakatemia-tavastia\/#website","url":"https:\/\/www.kktavastia.fi\/urheiluakatemia-tavastia\/","name":"Urheiluakatemia Tavastia","description":"","potentialAction":[{"@type":"SearchAction","target":{"@type":"EntryPoint","urlTemplate":"https:\/\/www.kktavastia.fi\/urheiluakatemia-tavastia\/?s={search_term_string}"},"query-input":{"@type":"PropertyValueSpecification","valueRequired":true,"valueName":"search_term_string"}}],"inLanguage":"fi"}]}},"_links":{"self":[{"href":"https:\/\/www.kktavastia.fi\/urheiluakatemia-tavastia\/wp-json\/wp\/v2\/pages\/259","targetHints":{"allow":["GET"]}}],"collection":[{"href":"https:\/\/www.kktavastia.fi\/urheiluakatemia-tavastia\/wp-json\/wp\/v2\/pages"}],"about":[{"href":"https:\/\/www.kktavastia.fi\/urheiluakatemia-tavastia\/wp-json\/wp\/v2\/types\/page"}],"author":[{"embeddable":true,"href":"https:\/\/www.kktavastia.fi\/urheiluakatemia-tavastia\/wp-json\/wp\/v2\/users\/6"}],"replies":[{"embeddable":true,"href":"https:\/\/www.kktavastia.fi\/urheiluakatemia-tavastia\/wp-json\/wp\/v2\/comments?post=259"}],"version-history":[{"count":4,"href":"https:\/\/www.kktavastia.fi\/urheiluakatemia-tavastia\/wp-json\/wp\/v2\/pages\/259\/revisions"}],"predecessor-version":[{"id":448,"href":"https:\/\/www.kktavastia.fi\/urheiluakatemia-tavastia\/wp-json\/wp\/v2\/pages\/259\/revisions\/448"}],"up":[{"embeddable":true,"href":"https:\/\/www.kktavastia.fi\/urheiluakatemia-tavastia\/wp-json\/wp\/v2\/pages\/33"}],"wp:attachment":[{"href":"https:\/\/www.kktavastia.fi\/urheiluakatemia-tavastia\/wp-json\/wp\/v2\/media?parent=259"}],"curies":[{"name":"wp","href":"https:\/\/api.w.org\/{rel}","templated":true}]}}