{"id":256,"date":"2026-04-08T12:53:08","date_gmt":"2026-04-08T09:53:08","guid":{"rendered":"https:\/\/www.kktavastia.fi\/urheiluakatemia-tavastia\/?page_id=256"},"modified":"2026-04-09T11:07:54","modified_gmt":"2026-04-09T08:07:54","slug":"strategia-2026-2029","status":"publish","type":"page","link":"https:\/\/www.kktavastia.fi\/urheiluakatemia-tavastia\/yleisinfo\/strategia-2026-2029\/","title":{"rendered":"Strategia 2026\u20132029"},"content":{"rendered":"\n<p class=\"is-style-ingress\">Urheiluakatemia Tavastian strategiassa vuosille 2026\u20132029 korostuvat urheilijoiden kaksoisurien kehitt\u00e4minen, valmennus- ja johtamisosaamisen lis\u00e4\u00e4minen, viestinn\u00e4n vaikuttavuuden kasvattaminen, ett\u00e4 toimintaymp\u00e4rist\u00f6n ja talouden vahvistaminen. <\/p>\n\n\n\n<p>Tiedolla johtamisen lis\u00e4\u00e4ntyminen ja verkoston yhteistoiminnan kehittyminen n\u00e4kyy paitsi urheilijoiden ja valmentajien hyvinvoinnin lis\u00e4\u00e4ntymisen\u00e4, my\u00f6s huippu-urheilua tukevan toimintaymp\u00e4rist\u00f6n ja kulttuurin vahvistumisena sek\u00e4 tuloksina. Viestinn\u00e4llisill\u00e4 panostuksilla varmistetaan urheiluakatemiatoiminnan tunnettuuden ja yleisen arvostuksen lis\u00e4\u00e4ntyminen.<\/p>\n\n\n\n<p>Tutustu urheiluakatemian strategiaan t\u00e4st\u00e4<\/p>\n\n\n\n<div data-wp-interactive=\"core\/file\" class=\"wp-block-file\"><object data-wp-bind--hidden=\"!state.hasPdfPreview\" hidden class=\"wp-block-file__embed\" data=\"https:\/\/www.kktavastia.fi\/media\/sites\/10\/urheiluakatemia-tavastia-strategia-2026-29-final.pdf\" type=\"application\/pdf\" style=\"width:100%;height:600px\" aria-label=\"Tiedoston Urheiluakatemia Tavastia, strategia 2026-29, final upotus.\"><\/object><a id=\"wp-block-file--media-ca2eeeab-300e-482d-8130-5ed2224e65ba\" href=\"https:\/\/www.kktavastia.fi\/media\/sites\/10\/urheiluakatemia-tavastia-strategia-2026-29-final.pdf\">Urheiluakatemia Tavastia, strategia 2026-29, final<\/a><a href=\"https:\/\/www.kktavastia.fi\/media\/sites\/10\/urheiluakatemia-tavastia-strategia-2026-29-final.pdf\" class=\"wp-block-file__button wp-element-button\" download aria-describedby=\"wp-block-file--media-ca2eeeab-300e-482d-8130-5ed2224e65ba\">Lataa<\/a><\/div>\n","protected":false},"excerpt":{"rendered":"<p>Urheiluakatemia Tavastian strategiassa vuosille 2026\u20132029 korostuvat urheilijoiden kaksoisurien kehitt\u00e4minen, valmennus- ja johtamisosaamisen lis\u00e4\u00e4minen, viestinn\u00e4n vaikuttavuuden kasvattaminen, ett\u00e4 toimintaymp\u00e4rist\u00f6n ja talouden [&hellip;]<\/p>\n","protected":false},"author":6,"featured_media":0,"parent":33,"menu_order":0,"comment_status":"closed","ping_status":"closed","template":"","meta":{"_acf_changed":false,"_relevanssi_hide_post":"","_relevanssi_hide_content":"","_relevanssi_pin_for_all":"","_relevanssi_pin_keywords":"","_relevanssi_unpin_keywords":"","_relevanssi_related_keywords":"","_relevanssi_related_include_ids":"","_relevanssi_related_exclude_ids":"","_relevanssi_related_no_append":"","_relevanssi_related_not_related":"","_relevanssi_related_posts":"113,111,132,129,117,130","_relevanssi_noindex_reason":"","footnotes":""},"class_list":["post-256","page","type-page","status-publish","hentry"],"acf":[],"yoast_head":"<title>Strategia 2026\u20132029 - Urheiluakatemia Tavastia<\/title>\n<meta name=\"robots\" content=\"index, follow, max-snippet:-1, max-image-preview:large, max-video-preview:-1\" \/>\n<link rel=\"canonical\" href=\"https:\/\/www.kktavastia.fi\/urheiluakatemia-tavastia\/yleisinfo\/strategia-2026-2029\/\" \/>\n<meta property=\"og:locale\" content=\"fi_FI\" \/>\n<meta property=\"og:type\" content=\"article\" \/>\n<meta property=\"og:title\" content=\"Strategia 2026\u20132029 - Urheiluakatemia Tavastia\" \/>\n<meta property=\"og:description\" content=\"Urheiluakatemia Tavastian strategiassa vuosille 2026\u20132029 korostuvat urheilijoiden kaksoisurien kehitt\u00e4minen, valmennus- ja johtamisosaamisen lis\u00e4\u00e4minen, viestinn\u00e4n vaikuttavuuden kasvattaminen, ett\u00e4 toimintaymp\u00e4rist\u00f6n ja talouden [&hellip;]\" \/>\n<meta property=\"og:url\" content=\"https:\/\/www.kktavastia.fi\/urheiluakatemia-tavastia\/yleisinfo\/strategia-2026-2029\/\" \/>\n<meta property=\"og:site_name\" content=\"Urheiluakatemia Tavastia\" \/>\n<meta property=\"article:modified_time\" content=\"2026-04-09T08:07:54+00:00\" \/>\n<meta name=\"twitter:card\" content=\"summary_large_image\" \/>\n<script type=\"application\/ld+json\" class=\"yoast-schema-graph\">{\"@context\":\"https:\\\/\\\/schema.org\",\"@graph\":[{\"@type\":\"WebPage\",\"@id\":\"https:\\\/\\\/www.kktavastia.fi\\\/urheiluakatemia-tavastia\\\/yleisinfo\\\/strategia-2026-2029\\\/\",\"url\":\"https:\\\/\\\/www.kktavastia.fi\\\/urheiluakatemia-tavastia\\\/yleisinfo\\\/strategia-2026-2029\\\/\",\"name\":\"Strategia 2026\u20132029 - Urheiluakatemia Tavastia\",\"isPartOf\":{\"@id\":\"https:\\\/\\\/www.kktavastia.fi\\\/urheiluakatemia-tavastia\\\/#website\"},\"datePublished\":\"2026-04-08T09:53:08+00:00\",\"dateModified\":\"2026-04-09T08:07:54+00:00\",\"breadcrumb\":{\"@id\":\"https:\\\/\\\/www.kktavastia.fi\\\/urheiluakatemia-tavastia\\\/yleisinfo\\\/strategia-2026-2029\\\/#breadcrumb\"},\"inLanguage\":\"fi\",\"potentialAction\":[{\"@type\":\"ReadAction\",\"target\":[\"https:\\\/\\\/www.kktavastia.fi\\\/urheiluakatemia-tavastia\\\/yleisinfo\\\/strategia-2026-2029\\\/\"]}]},{\"@type\":\"BreadcrumbList\",\"@id\":\"https:\\\/\\\/www.kktavastia.fi\\\/urheiluakatemia-tavastia\\\/yleisinfo\\\/strategia-2026-2029\\\/#breadcrumb\",\"itemListElement\":[{\"@type\":\"ListItem\",\"position\":1,\"name\":\"Home\",\"item\":\"https:\\\/\\\/www.kktavastia.fi\\\/urheiluakatemia-tavastia\\\/\"},{\"@type\":\"ListItem\",\"position\":2,\"name\":\"Yleisinfo\",\"item\":\"https:\\\/\\\/www.kktavastia.fi\\\/urheiluakatemia-tavastia\\\/yleisinfo\\\/\"},{\"@type\":\"ListItem\",\"position\":3,\"name\":\"Strategia 2026\u20132029\"}]},{\"@type\":\"WebSite\",\"@id\":\"https:\\\/\\\/www.kktavastia.fi\\\/urheiluakatemia-tavastia\\\/#website\",\"url\":\"https:\\\/\\\/www.kktavastia.fi\\\/urheiluakatemia-tavastia\\\/\",\"name\":\"Urheiluakatemia Tavastia\",\"description\":\"\",\"potentialAction\":[{\"@type\":\"SearchAction\",\"target\":{\"@type\":\"EntryPoint\",\"urlTemplate\":\"https:\\\/\\\/www.kktavastia.fi\\\/urheiluakatemia-tavastia\\\/?s={search_term_string}\"},\"query-input\":{\"@type\":\"PropertyValueSpecification\",\"valueRequired\":true,\"valueName\":\"search_term_string\"}}],\"inLanguage\":\"fi\"}]}<\/script>","yoast_head_json":{"title":"Strategia 2026\u20132029 - Urheiluakatemia Tavastia","robots":{"index":"index","follow":"follow","max-snippet":"max-snippet:-1","max-image-preview":"max-image-preview:large","max-video-preview":"max-video-preview:-1"},"canonical":"https:\/\/www.kktavastia.fi\/urheiluakatemia-tavastia\/yleisinfo\/strategia-2026-2029\/","og_locale":"fi_FI","og_type":"article","og_title":"Strategia 2026\u20132029 - Urheiluakatemia Tavastia","og_description":"Urheiluakatemia Tavastian strategiassa vuosille 2026\u20132029 korostuvat urheilijoiden kaksoisurien kehitt\u00e4minen, valmennus- ja johtamisosaamisen lis\u00e4\u00e4minen, viestinn\u00e4n vaikuttavuuden kasvattaminen, ett\u00e4 toimintaymp\u00e4rist\u00f6n ja talouden [&hellip;]","og_url":"https:\/\/www.kktavastia.fi\/urheiluakatemia-tavastia\/yleisinfo\/strategia-2026-2029\/","og_site_name":"Urheiluakatemia Tavastia","article_modified_time":"2026-04-09T08:07:54+00:00","twitter_card":"summary_large_image","schema":{"@context":"https:\/\/schema.org","@graph":[{"@type":"WebPage","@id":"https:\/\/www.kktavastia.fi\/urheiluakatemia-tavastia\/yleisinfo\/strategia-2026-2029\/","url":"https:\/\/www.kktavastia.fi\/urheiluakatemia-tavastia\/yleisinfo\/strategia-2026-2029\/","name":"Strategia 2026\u20132029 - Urheiluakatemia Tavastia","isPartOf":{"@id":"https:\/\/www.kktavastia.fi\/urheiluakatemia-tavastia\/#website"},"datePublished":"2026-04-08T09:53:08+00:00","dateModified":"2026-04-09T08:07:54+00:00","breadcrumb":{"@id":"https:\/\/www.kktavastia.fi\/urheiluakatemia-tavastia\/yleisinfo\/strategia-2026-2029\/#breadcrumb"},"inLanguage":"fi","potentialAction":[{"@type":"ReadAction","target":["https:\/\/www.kktavastia.fi\/urheiluakatemia-tavastia\/yleisinfo\/strategia-2026-2029\/"]}]},{"@type":"BreadcrumbList","@id":"https:\/\/www.kktavastia.fi\/urheiluakatemia-tavastia\/yleisinfo\/strategia-2026-2029\/#breadcrumb","itemListElement":[{"@type":"ListItem","position":1,"name":"Home","item":"https:\/\/www.kktavastia.fi\/urheiluakatemia-tavastia\/"},{"@type":"ListItem","position":2,"name":"Yleisinfo","item":"https:\/\/www.kktavastia.fi\/urheiluakatemia-tavastia\/yleisinfo\/"},{"@type":"ListItem","position":3,"name":"Strategia 2026\u20132029"}]},{"@type":"WebSite","@id":"https:\/\/www.kktavastia.fi\/urheiluakatemia-tavastia\/#website","url":"https:\/\/www.kktavastia.fi\/urheiluakatemia-tavastia\/","name":"Urheiluakatemia Tavastia","description":"","potentialAction":[{"@type":"SearchAction","target":{"@type":"EntryPoint","urlTemplate":"https:\/\/www.kktavastia.fi\/urheiluakatemia-tavastia\/?s={search_term_string}"},"query-input":{"@type":"PropertyValueSpecification","valueRequired":true,"valueName":"search_term_string"}}],"inLanguage":"fi"}]}},"_links":{"self":[{"href":"https:\/\/www.kktavastia.fi\/urheiluakatemia-tavastia\/wp-json\/wp\/v2\/pages\/256","targetHints":{"allow":["GET"]}}],"collection":[{"href":"https:\/\/www.kktavastia.fi\/urheiluakatemia-tavastia\/wp-json\/wp\/v2\/pages"}],"about":[{"href":"https:\/\/www.kktavastia.fi\/urheiluakatemia-tavastia\/wp-json\/wp\/v2\/types\/page"}],"author":[{"embeddable":true,"href":"https:\/\/www.kktavastia.fi\/urheiluakatemia-tavastia\/wp-json\/wp\/v2\/users\/6"}],"replies":[{"embeddable":true,"href":"https:\/\/www.kktavastia.fi\/urheiluakatemia-tavastia\/wp-json\/wp\/v2\/comments?post=256"}],"version-history":[{"count":3,"href":"https:\/\/www.kktavastia.fi\/urheiluakatemia-tavastia\/wp-json\/wp\/v2\/pages\/256\/revisions"}],"predecessor-version":[{"id":369,"href":"https:\/\/www.kktavastia.fi\/urheiluakatemia-tavastia\/wp-json\/wp\/v2\/pages\/256\/revisions\/369"}],"up":[{"embeddable":true,"href":"https:\/\/www.kktavastia.fi\/urheiluakatemia-tavastia\/wp-json\/wp\/v2\/pages\/33"}],"wp:attachment":[{"href":"https:\/\/www.kktavastia.fi\/urheiluakatemia-tavastia\/wp-json\/wp\/v2\/media?parent=256"}],"curies":[{"name":"wp","href":"https:\/\/api.w.org\/{rel}","templated":true}]}}