{"id":252,"date":"2026-04-08T12:49:38","date_gmt":"2026-04-08T09:49:38","guid":{"rendered":"https:\/\/www.kktavastia.fi\/urheiluakatemia-tavastia\/?page_id=252"},"modified":"2026-04-10T10:25:06","modified_gmt":"2026-04-10T07:25:06","slug":"toiminnan-kuvaus","status":"publish","type":"page","link":"https:\/\/www.kktavastia.fi\/urheiluakatemia-tavastia\/yleisinfo\/toiminnan-kuvaus\/","title":{"rendered":"Toiminnan kuvaus"},"content":{"rendered":"\n<p class=\"is-style-ingress\">Urheiluakatemia Tavastian missiona on mahdollistaa vastuullisesti opiskelun ja tavoitteellisen urheilun joustava yhdist\u00e4minen ja edesauttaa laadukkaan arjen syntymist\u00e4. Kaksoisuraty\u00f6n p\u00e4\u00e4paino on valintavaiheen (yl\u00e4koulu, II aste) urheilussa, mutta my\u00f6s huippuvaiheen urheilijoihin kohdistuvia toimintoja kehitet\u00e4\u00e4n jatkuvasti.<\/p>\n\n\n\n<p>Urheiluakatemioiden ja valmennuskeskusten laadukasta toimintaa ohjaa ja yhteisi\u00e4 toimintatapoja varmistaa yhteinen Suomen Olympiakomiten laatima ohjeisto ja kriteerist\u00f6. Olympiakomitea tukee ja sparraa urheiluakatemioiden toiminnan kehitt\u00e4mist\u00e4. avoitteena on urheilijoiden ja valmentajien kehittyminen, paremman urheilumenestyksen tuottaminen sek\u00e4 suunnitelmallisen kaksoisuran mahdollistaminen urheilijoille. <\/p>\n\n\n\n<figure class=\"wp-block-image size-large\"><img loading=\"lazy\" decoding=\"async\" width=\"1024\" height=\"724\" src=\"https:\/\/www.kktavastia.fi\/media\/sites\/10\/urheilijan-kaksoisura-1024x724.jpg\" alt=\"\" class=\"wp-image-406\" srcset=\"https:\/\/www.kktavastia.fi\/media\/sites\/10\/urheilijan-kaksoisura-1024x724.jpg 1024w, https:\/\/www.kktavastia.fi\/media\/sites\/10\/urheilijan-kaksoisura-300x212.jpg 300w, https:\/\/www.kktavastia.fi\/media\/sites\/10\/urheilijan-kaksoisura-768x543.jpg 768w, https:\/\/www.kktavastia.fi\/media\/sites\/10\/urheilijan-kaksoisura-1536x1086.jpg 1536w, https:\/\/www.kktavastia.fi\/media\/sites\/10\/urheilijan-kaksoisura-460x325.jpg 460w, https:\/\/www.kktavastia.fi\/media\/sites\/10\/urheilijan-kaksoisura-20x14.jpg 20w, https:\/\/www.kktavastia.fi\/media\/sites\/10\/urheilijan-kaksoisura.jpg 2048w\" sizes=\"auto, (max-width: 1024px) 100vw, 1024px\" \/><\/figure>\n\n\n\n<p>Urheiluakatemiatoimintaa toteutetaan ja kehitet\u00e4\u00e4n yhteisty\u00f6ss\u00e4 paikallisten oppilaitosten, urheiluseurojen ja eri osa-alueiden asiantuntijoiden kanssa. Valmennus- ja asiantuntijatoimintaa j\u00e4rjestet\u00e4\u00e4n Kanta-H\u00e4meess\u00e4 t\u00e4ll\u00e4 hetkell\u00e4 sek\u00e4 H\u00e4meenlinnan ett\u00e4 Forssan seuduilla, joissa molemmissa toimii my\u00f6s oma urheiluakatemiakoordinaattori. Urheiluakatemiatoimintaa on mahdollista laajentaa seutu- ja maakunnallisesti my\u00f6s muihin kuntiin, mik\u00e4li rakenteet ovat kunnossa ja urheiluakatemiatoiminnan ohjeiston mukaiset kriteerit paikkakunnalla t\u00e4yttyv\u00e4t.<\/p>\n\n\n\n<p>Urheiluakatemia Tavastiassa on nk. painopistelajeja, jotka ovat valikoituneet sek\u00e4 tavoitteellisten urheilijaopiskelijoiden m\u00e4\u00e4r\u00e4n ett\u00e4 lajien panostusmahdollisuuksien mukaan. Painopistelajien \u201dp\u00e4\u00e4seurojen\u201d kanssa on laadittu kumppanuussopimukset, joita tarkastellaan vuosittain. Painopistelajeihin voidaan tehd\u00e4 muutoksia, mik\u00e4li urheiluakatemian lajikohtaisissa hakijam\u00e4\u00e4riss\u00e4 tapahtuu isoja vaihteluita tai yhteisty\u00f6kumppanin resurssit toiminnan laadukkaaseen toteuttamiseen eiv\u00e4t t\u00e4yty. Lajivalmennuksen lis\u00e4ksi urheiluakatemia tarjoaa kaikille j\u00e4seneksi valituille yleisvalmennusta tukemaan urheilijana kehittymist\u00e4. Yleisvalmennuksessa korostuvat fyysisten ominaisuuksien ja yleisten motoristen taitojen kehitt\u00e4minen.<\/p>\n\n\n\n<h3 class=\"wp-block-heading\">Urheiluakatemia Tavastian johto- ja ohjausryhm\u00e4t<\/h3>\n\n\n\n<p>Suomen Olympiakomitea johtaa suomalaista urheiluUrheiluakatemia Tavastialla on sek\u00e4 johto- ett\u00e4 ohjausryhm\u00e4. Johtoryhm\u00e4 kokoontuu kaksi kertaa lukuvuodessa ja sen p\u00e4\u00e4asiallisena teht\u00e4v\u00e4n\u00e4 on strategiatason visiointi sek\u00e4 toiminta-, talous- ja viestint\u00e4suunnitelmien vahvistaminen.<\/p>\n\n\n\n<h4 class=\"wp-block-heading\">Johtoryhm\u00e4n kokoonpano lukuvuonna 2025\u20132026:<\/h4>\n\n\n\n<ul class=\"wp-block-list\">\n<li>Sisko Huotari, H\u00e4meenlinnan kaupunki, perusopetusjohtaja<\/li>\n\n\n\n<li>Jari Pekuri, H\u00e4meenlinnan kaupunki, liikunta- ja hyvinvointip\u00e4\u00e4llikk\u00f6<\/li>\n\n\n\n<li>Hannu H\u00e4m\u00e4l\u00e4inen, H\u00e4meenlinnan Liikuntahallit Oy, toimitusjohtaja<\/li>\n\n\n\n<li>Kati Rokala, H\u00e4meen ammattikorkeakoulu, jatkuvan oppimisen p\u00e4\u00e4llikk\u00f6<\/li>\n\n\n\n<li>Simo Veistola, Forssan kaupunki, Forssan yhteislyseon rehtori<\/li>\n\n\n\n<li>Jouni Haajanen, Koulutuskuntayhtym\u00e4 Tavastia, johtaja<\/li>\n\n\n\n<li>Olli-Pekka Hakala, Urheiluakatemia Tavastia, koordinaattori<\/li>\n<\/ul>\n\n\n\n<p>Urheiluakatemia Tavastian ohjausryhm\u00e4 koostuu yhteisty\u00f6seurojen, -kuntien ja -oppilaitosten edustajista. Lis\u00e4ksi ohjausryhm\u00e4n kokouksiin voidaan pyyt\u00e4\u00e4 urheiluakatemian urheilijoita kuultavaksi. Ohjausryhm\u00e4n p\u00e4\u00e4asiallisena teht\u00e4v\u00e4n\u00e4 on toiminta- ja viestint\u00e4suunnitelmien toteutumisen seuranta sek\u00e4 arjen kehitysty\u00f6n ideointi ja tukeminen. Lis\u00e4ksi t\u00e4rke\u00e4ss\u00e4 roolissa on urheiluakatemian, oppilaitosten ja seurojen v\u00e4linen yhteisty\u00f6 ja vuorovaikutus. Ohjausryhm\u00e4 kokoontuu nelj\u00e4 kertaa lukuvuodessa. &nbsp;<\/p>\n\n\n\n<h4 class=\"wp-block-heading\">Ohjausryhm\u00e4n kokoonpano lukuvuonna 2025\u20132026:<\/h4>\n\n\n\n<ul class=\"wp-block-list\">\n<li>Tiina Kivinen, H\u00e4meenlinnan lyseon lukio, apulaisrehtori<\/li>\n\n\n\n<li>Ky\u00f6sti Ypy\u00e4, Hattulan kunta, rehtori<\/li>\n\n\n\n<li>Mika Saarinen, Janakkalan kunta, rehtori<\/li>\n\n\n\n<li>Niina Heikkil\u00e4, H\u00e4meenlinnan kaupunki, opetuspalvelujen asiantuntija<\/li>\n\n\n\n<li>Jari Myllykoski, H\u00e4meenlinnan kaupunki, yl\u00e4koulutoimintaa koordinoiva liikunnanopettaja<\/li>\n\n\n\n<li>Jari Virtanen, H\u00e4meen ammattikorkeakoulu, liikuntasuunnittelija<\/li>\n\n\n\n<li>Mika Hakala, Panssariprikaati, liikuntakasvatusupseeri<\/li>\n\n\n\n<li>Sami Saur\u00e9n, HPK-juniorij\u00e4\u00e4kiekko ry., toiminnanjohtaja<\/li>\n\n\n\n<li>Mikko Hiltunen, HJS ry., toiminnanjohtaja<\/li>\n\n\n\n<li>Annika Rosberg-Haavisto, H\u00e4meenlinnan Tarmo ry., urheilujohtaja<\/li>\n\n\n\n<li>Juuso Rantanen, H\u00e4meenlinnan Uimaseura ry., toiminnanjohtaja<\/li>\n\n\n\n<li>Jukka Paakkola, H\u00e4me Lentis ry., hallituksen j\u00e4sen, valmentaja<\/li>\n\n\n\n<li>Sami Saarinen, Steelers ry., toiminnanjohtaja<\/li>\n\n\n\n<li>Mikko Lilja, Urheiluakatemia Tavastia, koordinaattori Forssan seutu<\/li>\n\n\n\n<li>Olli-Pekka Hakala, Urheiluakatemia Tavastia, koordinaattori<\/li>\n<\/ul>\n\n\n\n<h4 class=\"wp-block-heading\">Toimintaa tukemassa<\/h4>\n\n\n\n<figure class=\"wp-block-image size-large\"><img loading=\"lazy\" decoding=\"async\" width=\"1024\" height=\"248\" src=\"https:\/\/www.kktavastia.fi\/media\/sites\/10\/logot-uat-rajattu-1024x248.png\" alt=\"\" class=\"wp-image-419\" srcset=\"https:\/\/www.kktavastia.fi\/media\/sites\/10\/logot-uat-rajattu-1024x248.png 1024w, https:\/\/www.kktavastia.fi\/media\/sites\/10\/logot-uat-rajattu-300x73.png 300w, https:\/\/www.kktavastia.fi\/media\/sites\/10\/logot-uat-rajattu-768x186.png 768w, https:\/\/www.kktavastia.fi\/media\/sites\/10\/logot-uat-rajattu-1536x372.png 1536w, https:\/\/www.kktavastia.fi\/media\/sites\/10\/logot-uat-rajattu-460x111.png 460w, https:\/\/www.kktavastia.fi\/media\/sites\/10\/logot-uat-rajattu-20x5.png 20w, https:\/\/www.kktavastia.fi\/media\/sites\/10\/logot-uat-rajattu.png 1700w\" sizes=\"auto, (max-width: 1024px) 100vw, 1024px\" \/><\/figure>\n","protected":false},"excerpt":{"rendered":"<p>Urheiluakatemia Tavastian missiona on mahdollistaa vastuullisesti opiskelun ja tavoitteellisen urheilun joustava yhdist\u00e4minen ja edesauttaa laadukkaan arjen syntymist\u00e4. Kaksoisuraty\u00f6n p\u00e4\u00e4paino on [&hellip;]<\/p>\n","protected":false},"author":6,"featured_media":0,"parent":33,"menu_order":0,"comment_status":"closed","ping_status":"closed","template":"","meta":{"_acf_changed":false,"_relevanssi_hide_post":"","_relevanssi_hide_content":"","_relevanssi_pin_for_all":"","_relevanssi_pin_keywords":"","_relevanssi_unpin_keywords":"","_relevanssi_related_keywords":"","_relevanssi_related_include_ids":"","_relevanssi_related_exclude_ids":"","_relevanssi_related_no_append":"","_relevanssi_related_not_related":"","_relevanssi_related_posts":"117,132,122,113,116,119","_relevanssi_noindex_reason":"","footnotes":""},"class_list":["post-252","page","type-page","status-publish","hentry"],"acf":[],"yoast_head":"<title>Toiminnan kuvaus - Urheiluakatemia Tavastia<\/title>\n<meta name=\"robots\" content=\"index, follow, max-snippet:-1, max-image-preview:large, max-video-preview:-1\" \/>\n<link rel=\"canonical\" href=\"https:\/\/www.kktavastia.fi\/urheiluakatemia-tavastia\/yleisinfo\/toiminnan-kuvaus\/\" \/>\n<meta property=\"og:locale\" content=\"fi_FI\" \/>\n<meta property=\"og:type\" content=\"article\" \/>\n<meta property=\"og:title\" content=\"Toiminnan kuvaus - Urheiluakatemia Tavastia\" \/>\n<meta property=\"og:description\" content=\"Urheiluakatemia Tavastian missiona on mahdollistaa vastuullisesti opiskelun ja tavoitteellisen urheilun joustava yhdist\u00e4minen ja edesauttaa laadukkaan arjen syntymist\u00e4. Kaksoisuraty\u00f6n p\u00e4\u00e4paino on [&hellip;]\" \/>\n<meta property=\"og:url\" content=\"https:\/\/www.kktavastia.fi\/urheiluakatemia-tavastia\/yleisinfo\/toiminnan-kuvaus\/\" \/>\n<meta property=\"og:site_name\" content=\"Urheiluakatemia Tavastia\" \/>\n<meta property=\"article:modified_time\" content=\"2026-04-10T07:25:06+00:00\" \/>\n<meta property=\"og:image\" content=\"https:\/\/www.kktavastia.fi\/media\/sites\/10\/urheilijan-kaksoisura.jpg\" \/>\n\t<meta property=\"og:image:width\" content=\"2048\" \/>\n\t<meta property=\"og:image:height\" content=\"1448\" \/>\n\t<meta property=\"og:image:type\" content=\"image\/jpeg\" \/>\n<meta name=\"twitter:card\" content=\"summary_large_image\" \/>\n<script type=\"application\/ld+json\" class=\"yoast-schema-graph\">{\"@context\":\"https:\\\/\\\/schema.org\",\"@graph\":[{\"@type\":\"WebPage\",\"@id\":\"https:\\\/\\\/www.kktavastia.fi\\\/urheiluakatemia-tavastia\\\/yleisinfo\\\/toiminnan-kuvaus\\\/\",\"url\":\"https:\\\/\\\/www.kktavastia.fi\\\/urheiluakatemia-tavastia\\\/yleisinfo\\\/toiminnan-kuvaus\\\/\",\"name\":\"Toiminnan kuvaus - Urheiluakatemia Tavastia\",\"isPartOf\":{\"@id\":\"https:\\\/\\\/www.kktavastia.fi\\\/urheiluakatemia-tavastia\\\/#website\"},\"primaryImageOfPage\":{\"@id\":\"https:\\\/\\\/www.kktavastia.fi\\\/urheiluakatemia-tavastia\\\/yleisinfo\\\/toiminnan-kuvaus\\\/#primaryimage\"},\"image\":{\"@id\":\"https:\\\/\\\/www.kktavastia.fi\\\/urheiluakatemia-tavastia\\\/yleisinfo\\\/toiminnan-kuvaus\\\/#primaryimage\"},\"thumbnailUrl\":\"https:\\\/\\\/www.kktavastia.fi\\\/media\\\/sites\\\/10\\\/urheilijan-kaksoisura-1024x724.jpg\",\"datePublished\":\"2026-04-08T09:49:38+00:00\",\"dateModified\":\"2026-04-10T07:25:06+00:00\",\"breadcrumb\":{\"@id\":\"https:\\\/\\\/www.kktavastia.fi\\\/urheiluakatemia-tavastia\\\/yleisinfo\\\/toiminnan-kuvaus\\\/#breadcrumb\"},\"inLanguage\":\"fi\",\"potentialAction\":[{\"@type\":\"ReadAction\",\"target\":[\"https:\\\/\\\/www.kktavastia.fi\\\/urheiluakatemia-tavastia\\\/yleisinfo\\\/toiminnan-kuvaus\\\/\"]}]},{\"@type\":\"ImageObject\",\"inLanguage\":\"fi\",\"@id\":\"https:\\\/\\\/www.kktavastia.fi\\\/urheiluakatemia-tavastia\\\/yleisinfo\\\/toiminnan-kuvaus\\\/#primaryimage\",\"url\":\"https:\\\/\\\/www.kktavastia.fi\\\/media\\\/sites\\\/10\\\/urheilijan-kaksoisura-1024x724.jpg\",\"contentUrl\":\"https:\\\/\\\/www.kktavastia.fi\\\/media\\\/sites\\\/10\\\/urheilijan-kaksoisura-1024x724.jpg\"},{\"@type\":\"BreadcrumbList\",\"@id\":\"https:\\\/\\\/www.kktavastia.fi\\\/urheiluakatemia-tavastia\\\/yleisinfo\\\/toiminnan-kuvaus\\\/#breadcrumb\",\"itemListElement\":[{\"@type\":\"ListItem\",\"position\":1,\"name\":\"Home\",\"item\":\"https:\\\/\\\/www.kktavastia.fi\\\/urheiluakatemia-tavastia\\\/\"},{\"@type\":\"ListItem\",\"position\":2,\"name\":\"Yleisinfo\",\"item\":\"https:\\\/\\\/www.kktavastia.fi\\\/urheiluakatemia-tavastia\\\/yleisinfo\\\/\"},{\"@type\":\"ListItem\",\"position\":3,\"name\":\"Toiminnan kuvaus\"}]},{\"@type\":\"WebSite\",\"@id\":\"https:\\\/\\\/www.kktavastia.fi\\\/urheiluakatemia-tavastia\\\/#website\",\"url\":\"https:\\\/\\\/www.kktavastia.fi\\\/urheiluakatemia-tavastia\\\/\",\"name\":\"Urheiluakatemia Tavastia\",\"description\":\"\",\"potentialAction\":[{\"@type\":\"SearchAction\",\"target\":{\"@type\":\"EntryPoint\",\"urlTemplate\":\"https:\\\/\\\/www.kktavastia.fi\\\/urheiluakatemia-tavastia\\\/?s={search_term_string}\"},\"query-input\":{\"@type\":\"PropertyValueSpecification\",\"valueRequired\":true,\"valueName\":\"search_term_string\"}}],\"inLanguage\":\"fi\"}]}<\/script>","yoast_head_json":{"title":"Toiminnan kuvaus - Urheiluakatemia Tavastia","robots":{"index":"index","follow":"follow","max-snippet":"max-snippet:-1","max-image-preview":"max-image-preview:large","max-video-preview":"max-video-preview:-1"},"canonical":"https:\/\/www.kktavastia.fi\/urheiluakatemia-tavastia\/yleisinfo\/toiminnan-kuvaus\/","og_locale":"fi_FI","og_type":"article","og_title":"Toiminnan kuvaus - Urheiluakatemia Tavastia","og_description":"Urheiluakatemia Tavastian missiona on mahdollistaa vastuullisesti opiskelun ja tavoitteellisen urheilun joustava yhdist\u00e4minen ja edesauttaa laadukkaan arjen syntymist\u00e4. Kaksoisuraty\u00f6n p\u00e4\u00e4paino on [&hellip;]","og_url":"https:\/\/www.kktavastia.fi\/urheiluakatemia-tavastia\/yleisinfo\/toiminnan-kuvaus\/","og_site_name":"Urheiluakatemia Tavastia","article_modified_time":"2026-04-10T07:25:06+00:00","og_image":[{"width":2048,"height":1448,"url":"https:\/\/www.kktavastia.fi\/media\/sites\/10\/urheilijan-kaksoisura.jpg","type":"image\/jpeg"}],"twitter_card":"summary_large_image","schema":{"@context":"https:\/\/schema.org","@graph":[{"@type":"WebPage","@id":"https:\/\/www.kktavastia.fi\/urheiluakatemia-tavastia\/yleisinfo\/toiminnan-kuvaus\/","url":"https:\/\/www.kktavastia.fi\/urheiluakatemia-tavastia\/yleisinfo\/toiminnan-kuvaus\/","name":"Toiminnan kuvaus - Urheiluakatemia Tavastia","isPartOf":{"@id":"https:\/\/www.kktavastia.fi\/urheiluakatemia-tavastia\/#website"},"primaryImageOfPage":{"@id":"https:\/\/www.kktavastia.fi\/urheiluakatemia-tavastia\/yleisinfo\/toiminnan-kuvaus\/#primaryimage"},"image":{"@id":"https:\/\/www.kktavastia.fi\/urheiluakatemia-tavastia\/yleisinfo\/toiminnan-kuvaus\/#primaryimage"},"thumbnailUrl":"https:\/\/www.kktavastia.fi\/media\/sites\/10\/urheilijan-kaksoisura-1024x724.jpg","datePublished":"2026-04-08T09:49:38+00:00","dateModified":"2026-04-10T07:25:06+00:00","breadcrumb":{"@id":"https:\/\/www.kktavastia.fi\/urheiluakatemia-tavastia\/yleisinfo\/toiminnan-kuvaus\/#breadcrumb"},"inLanguage":"fi","potentialAction":[{"@type":"ReadAction","target":["https:\/\/www.kktavastia.fi\/urheiluakatemia-tavastia\/yleisinfo\/toiminnan-kuvaus\/"]}]},{"@type":"ImageObject","inLanguage":"fi","@id":"https:\/\/www.kktavastia.fi\/urheiluakatemia-tavastia\/yleisinfo\/toiminnan-kuvaus\/#primaryimage","url":"https:\/\/www.kktavastia.fi\/media\/sites\/10\/urheilijan-kaksoisura-1024x724.jpg","contentUrl":"https:\/\/www.kktavastia.fi\/media\/sites\/10\/urheilijan-kaksoisura-1024x724.jpg"},{"@type":"BreadcrumbList","@id":"https:\/\/www.kktavastia.fi\/urheiluakatemia-tavastia\/yleisinfo\/toiminnan-kuvaus\/#breadcrumb","itemListElement":[{"@type":"ListItem","position":1,"name":"Home","item":"https:\/\/www.kktavastia.fi\/urheiluakatemia-tavastia\/"},{"@type":"ListItem","position":2,"name":"Yleisinfo","item":"https:\/\/www.kktavastia.fi\/urheiluakatemia-tavastia\/yleisinfo\/"},{"@type":"ListItem","position":3,"name":"Toiminnan kuvaus"}]},{"@type":"WebSite","@id":"https:\/\/www.kktavastia.fi\/urheiluakatemia-tavastia\/#website","url":"https:\/\/www.kktavastia.fi\/urheiluakatemia-tavastia\/","name":"Urheiluakatemia Tavastia","description":"","potentialAction":[{"@type":"SearchAction","target":{"@type":"EntryPoint","urlTemplate":"https:\/\/www.kktavastia.fi\/urheiluakatemia-tavastia\/?s={search_term_string}"},"query-input":{"@type":"PropertyValueSpecification","valueRequired":true,"valueName":"search_term_string"}}],"inLanguage":"fi"}]}},"_links":{"self":[{"href":"https:\/\/www.kktavastia.fi\/urheiluakatemia-tavastia\/wp-json\/wp\/v2\/pages\/252","targetHints":{"allow":["GET"]}}],"collection":[{"href":"https:\/\/www.kktavastia.fi\/urheiluakatemia-tavastia\/wp-json\/wp\/v2\/pages"}],"about":[{"href":"https:\/\/www.kktavastia.fi\/urheiluakatemia-tavastia\/wp-json\/wp\/v2\/types\/page"}],"author":[{"embeddable":true,"href":"https:\/\/www.kktavastia.fi\/urheiluakatemia-tavastia\/wp-json\/wp\/v2\/users\/6"}],"replies":[{"embeddable":true,"href":"https:\/\/www.kktavastia.fi\/urheiluakatemia-tavastia\/wp-json\/wp\/v2\/comments?post=252"}],"version-history":[{"count":8,"href":"https:\/\/www.kktavastia.fi\/urheiluakatemia-tavastia\/wp-json\/wp\/v2\/pages\/252\/revisions"}],"predecessor-version":[{"id":420,"href":"https:\/\/www.kktavastia.fi\/urheiluakatemia-tavastia\/wp-json\/wp\/v2\/pages\/252\/revisions\/420"}],"up":[{"embeddable":true,"href":"https:\/\/www.kktavastia.fi\/urheiluakatemia-tavastia\/wp-json\/wp\/v2\/pages\/33"}],"wp:attachment":[{"href":"https:\/\/www.kktavastia.fi\/urheiluakatemia-tavastia\/wp-json\/wp\/v2\/media?parent=252"}],"curies":[{"name":"wp","href":"https:\/\/api.w.org\/{rel}","templated":true}]}}