{"id":234,"date":"2026-04-08T11:26:15","date_gmt":"2026-04-08T08:26:15","guid":{"rendered":"https:\/\/www.kktavastia.fi\/urheiluakatemia-tavastia\/?page_id=234"},"modified":"2026-04-08T14:22:16","modified_gmt":"2026-04-08T11:22:16","slug":"karkiurheilijatuki","status":"publish","type":"page","link":"https:\/\/www.kktavastia.fi\/urheiluakatemia-tavastia\/asiantuntijatoiminta\/karkiurheilijatuki\/","title":{"rendered":"K\u00e4rkiurheilijatuki"},"content":{"rendered":"\n<p class=\"is-style-ingress\">Urheiluakatemia Tavastian&nbsp;k\u00e4rkiurheilijaksi&nbsp;voi hakeutua lukuvuosittain hakulomakkeella, joka p\u00e4ivitet\u00e4\u00e4n t\u00e4lle sivulle seuraavan kerran syksyll\u00e4 2026.<\/p>\n\n\n\n<p>K\u00e4rkiurheilijoiksi voivat hakeutua toisella asteella ja korkeakoulussa opiskelevat urheilijat, jotka ovat ik\u00e4luokkansa maajoukkueurheilijoita tai lajin kansallinen k\u00e4rkitasoa (SM-mitalitaso).<\/p>\n\n\n\n<p><strong>K\u00e4rkiurheilijaetuudet<\/strong><\/p>\n\n\n\n<ul class=\"wp-block-list\">\n<li>oikeus k\u00e4ytt\u00e4\u00e4 H\u00e4meenlinnan ja Lammin uimahallien allasosastoa ja kuntosalin k\u00e4ytt\u00f6\u00f6n vapailla vuoroilla veloituksetta<\/li>\n\n\n\n<li><span style=\"color: initial;\">oikeus k\u00e4ytt\u00e4\u00e4 S\u00e4\u00e4st\u00f6pankki Areenan yleisurheilualuetta vapailla vuoroilla veloituksetta<\/span><\/li>\n\n\n\n<li>rahallinen tuki yksil\u00f6llisiin urheiluakatemian asiantuntijapalveluihin (terveystarkastus, psyykkinen valmennus, ravintoneuvonta, hieronta, jne.). Tuen suuruus vaihtelee 100\u2013300 \u20ac v\u00e4lill\u00e4 urheilijan tason mukaan.<\/li>\n<\/ul>\n\n\n\n<p><strong>K\u00e4rkiurheilijan velvollisuudet<\/strong><\/p>\n\n\n\n<ul class=\"wp-block-list\">\n<li>toimii harjoituksissa ja kilpailuissa vastuullisesti ja Urheiluakatemia Tavastian arvojen mukaisesti<\/li>\n\n\n\n<li>tuo omissa somekanavissaan positiivisesti esille urheiluakatemiatoimintaa ja saamaansa tukea<\/li>\n<\/ul>\n\n\n\n<p><\/p>\n","protected":false},"excerpt":{"rendered":"<p>Urheiluakatemia Tavastian&nbsp;k\u00e4rkiurheilijaksi&nbsp;voi hakeutua lukuvuosittain hakulomakkeella, joka p\u00e4ivitet\u00e4\u00e4n t\u00e4lle sivulle seuraavan kerran syksyll\u00e4 2026. K\u00e4rkiurheilijoiksi voivat hakeutua toisella asteella ja korkeakoulussa [&hellip;]<\/p>\n","protected":false},"author":6,"featured_media":0,"parent":28,"menu_order":0,"comment_status":"closed","ping_status":"closed","template":"","meta":{"_acf_changed":false,"_relevanssi_hide_post":"","_relevanssi_hide_content":"","_relevanssi_pin_for_all":"","_relevanssi_pin_keywords":"","_relevanssi_unpin_keywords":"","_relevanssi_related_keywords":"","_relevanssi_related_include_ids":"","_relevanssi_related_exclude_ids":"","_relevanssi_related_no_append":"","_relevanssi_related_not_related":"","_relevanssi_related_posts":"","_relevanssi_noindex_reason":"","footnotes":""},"class_list":["post-234","page","type-page","status-publish","hentry"],"acf":[],"yoast_head":"<title>K\u00e4rkiurheilijatuki - Urheiluakatemia Tavastia<\/title>\n<meta name=\"robots\" content=\"index, follow, max-snippet:-1, max-image-preview:large, max-video-preview:-1\" \/>\n<link rel=\"canonical\" href=\"https:\/\/www.kktavastia.fi\/urheiluakatemia-tavastia\/asiantuntijatoiminta\/karkiurheilijatuki\/\" \/>\n<meta property=\"og:locale\" content=\"fi_FI\" \/>\n<meta property=\"og:type\" content=\"article\" \/>\n<meta property=\"og:title\" content=\"K\u00e4rkiurheilijatuki - Urheiluakatemia Tavastia\" \/>\n<meta property=\"og:description\" content=\"Urheiluakatemia Tavastian&nbsp;k\u00e4rkiurheilijaksi&nbsp;voi hakeutua lukuvuosittain hakulomakkeella, joka p\u00e4ivitet\u00e4\u00e4n t\u00e4lle sivulle seuraavan kerran syksyll\u00e4 2026. K\u00e4rkiurheilijoiksi voivat hakeutua toisella asteella ja korkeakoulussa [&hellip;]\" \/>\n<meta property=\"og:url\" content=\"https:\/\/www.kktavastia.fi\/urheiluakatemia-tavastia\/asiantuntijatoiminta\/karkiurheilijatuki\/\" \/>\n<meta property=\"og:site_name\" content=\"Urheiluakatemia Tavastia\" \/>\n<meta property=\"article:modified_time\" content=\"2026-04-08T11:22:16+00:00\" \/>\n<meta name=\"twitter:card\" content=\"summary_large_image\" \/>\n<script type=\"application\/ld+json\" class=\"yoast-schema-graph\">{\"@context\":\"https:\\\/\\\/schema.org\",\"@graph\":[{\"@type\":\"WebPage\",\"@id\":\"https:\\\/\\\/www.kktavastia.fi\\\/urheiluakatemia-tavastia\\\/asiantuntijatoiminta\\\/karkiurheilijatuki\\\/\",\"url\":\"https:\\\/\\\/www.kktavastia.fi\\\/urheiluakatemia-tavastia\\\/asiantuntijatoiminta\\\/karkiurheilijatuki\\\/\",\"name\":\"K\u00e4rkiurheilijatuki - Urheiluakatemia Tavastia\",\"isPartOf\":{\"@id\":\"https:\\\/\\\/www.kktavastia.fi\\\/urheiluakatemia-tavastia\\\/#website\"},\"datePublished\":\"2026-04-08T08:26:15+00:00\",\"dateModified\":\"2026-04-08T11:22:16+00:00\",\"breadcrumb\":{\"@id\":\"https:\\\/\\\/www.kktavastia.fi\\\/urheiluakatemia-tavastia\\\/asiantuntijatoiminta\\\/karkiurheilijatuki\\\/#breadcrumb\"},\"inLanguage\":\"fi\",\"potentialAction\":[{\"@type\":\"ReadAction\",\"target\":[\"https:\\\/\\\/www.kktavastia.fi\\\/urheiluakatemia-tavastia\\\/asiantuntijatoiminta\\\/karkiurheilijatuki\\\/\"]}]},{\"@type\":\"BreadcrumbList\",\"@id\":\"https:\\\/\\\/www.kktavastia.fi\\\/urheiluakatemia-tavastia\\\/asiantuntijatoiminta\\\/karkiurheilijatuki\\\/#breadcrumb\",\"itemListElement\":[{\"@type\":\"ListItem\",\"position\":1,\"name\":\"Home\",\"item\":\"https:\\\/\\\/www.kktavastia.fi\\\/urheiluakatemia-tavastia\\\/\"},{\"@type\":\"ListItem\",\"position\":2,\"name\":\"Asiantuntijatoiminta\",\"item\":\"https:\\\/\\\/www.kktavastia.fi\\\/urheiluakatemia-tavastia\\\/asiantuntijatoiminta\\\/\"},{\"@type\":\"ListItem\",\"position\":3,\"name\":\"K\u00e4rkiurheilijatuki\"}]},{\"@type\":\"WebSite\",\"@id\":\"https:\\\/\\\/www.kktavastia.fi\\\/urheiluakatemia-tavastia\\\/#website\",\"url\":\"https:\\\/\\\/www.kktavastia.fi\\\/urheiluakatemia-tavastia\\\/\",\"name\":\"Urheiluakatemia Tavastia\",\"description\":\"\",\"potentialAction\":[{\"@type\":\"SearchAction\",\"target\":{\"@type\":\"EntryPoint\",\"urlTemplate\":\"https:\\\/\\\/www.kktavastia.fi\\\/urheiluakatemia-tavastia\\\/?s={search_term_string}\"},\"query-input\":{\"@type\":\"PropertyValueSpecification\",\"valueRequired\":true,\"valueName\":\"search_term_string\"}}],\"inLanguage\":\"fi\"}]}<\/script>","yoast_head_json":{"title":"K\u00e4rkiurheilijatuki - Urheiluakatemia Tavastia","robots":{"index":"index","follow":"follow","max-snippet":"max-snippet:-1","max-image-preview":"max-image-preview:large","max-video-preview":"max-video-preview:-1"},"canonical":"https:\/\/www.kktavastia.fi\/urheiluakatemia-tavastia\/asiantuntijatoiminta\/karkiurheilijatuki\/","og_locale":"fi_FI","og_type":"article","og_title":"K\u00e4rkiurheilijatuki - Urheiluakatemia Tavastia","og_description":"Urheiluakatemia Tavastian&nbsp;k\u00e4rkiurheilijaksi&nbsp;voi hakeutua lukuvuosittain hakulomakkeella, joka p\u00e4ivitet\u00e4\u00e4n t\u00e4lle sivulle seuraavan kerran syksyll\u00e4 2026. K\u00e4rkiurheilijoiksi voivat hakeutua toisella asteella ja korkeakoulussa [&hellip;]","og_url":"https:\/\/www.kktavastia.fi\/urheiluakatemia-tavastia\/asiantuntijatoiminta\/karkiurheilijatuki\/","og_site_name":"Urheiluakatemia Tavastia","article_modified_time":"2026-04-08T11:22:16+00:00","twitter_card":"summary_large_image","schema":{"@context":"https:\/\/schema.org","@graph":[{"@type":"WebPage","@id":"https:\/\/www.kktavastia.fi\/urheiluakatemia-tavastia\/asiantuntijatoiminta\/karkiurheilijatuki\/","url":"https:\/\/www.kktavastia.fi\/urheiluakatemia-tavastia\/asiantuntijatoiminta\/karkiurheilijatuki\/","name":"K\u00e4rkiurheilijatuki - Urheiluakatemia Tavastia","isPartOf":{"@id":"https:\/\/www.kktavastia.fi\/urheiluakatemia-tavastia\/#website"},"datePublished":"2026-04-08T08:26:15+00:00","dateModified":"2026-04-08T11:22:16+00:00","breadcrumb":{"@id":"https:\/\/www.kktavastia.fi\/urheiluakatemia-tavastia\/asiantuntijatoiminta\/karkiurheilijatuki\/#breadcrumb"},"inLanguage":"fi","potentialAction":[{"@type":"ReadAction","target":["https:\/\/www.kktavastia.fi\/urheiluakatemia-tavastia\/asiantuntijatoiminta\/karkiurheilijatuki\/"]}]},{"@type":"BreadcrumbList","@id":"https:\/\/www.kktavastia.fi\/urheiluakatemia-tavastia\/asiantuntijatoiminta\/karkiurheilijatuki\/#breadcrumb","itemListElement":[{"@type":"ListItem","position":1,"name":"Home","item":"https:\/\/www.kktavastia.fi\/urheiluakatemia-tavastia\/"},{"@type":"ListItem","position":2,"name":"Asiantuntijatoiminta","item":"https:\/\/www.kktavastia.fi\/urheiluakatemia-tavastia\/asiantuntijatoiminta\/"},{"@type":"ListItem","position":3,"name":"K\u00e4rkiurheilijatuki"}]},{"@type":"WebSite","@id":"https:\/\/www.kktavastia.fi\/urheiluakatemia-tavastia\/#website","url":"https:\/\/www.kktavastia.fi\/urheiluakatemia-tavastia\/","name":"Urheiluakatemia Tavastia","description":"","potentialAction":[{"@type":"SearchAction","target":{"@type":"EntryPoint","urlTemplate":"https:\/\/www.kktavastia.fi\/urheiluakatemia-tavastia\/?s={search_term_string}"},"query-input":{"@type":"PropertyValueSpecification","valueRequired":true,"valueName":"search_term_string"}}],"inLanguage":"fi"}]}},"_links":{"self":[{"href":"https:\/\/www.kktavastia.fi\/urheiluakatemia-tavastia\/wp-json\/wp\/v2\/pages\/234","targetHints":{"allow":["GET"]}}],"collection":[{"href":"https:\/\/www.kktavastia.fi\/urheiluakatemia-tavastia\/wp-json\/wp\/v2\/pages"}],"about":[{"href":"https:\/\/www.kktavastia.fi\/urheiluakatemia-tavastia\/wp-json\/wp\/v2\/types\/page"}],"author":[{"embeddable":true,"href":"https:\/\/www.kktavastia.fi\/urheiluakatemia-tavastia\/wp-json\/wp\/v2\/users\/6"}],"replies":[{"embeddable":true,"href":"https:\/\/www.kktavastia.fi\/urheiluakatemia-tavastia\/wp-json\/wp\/v2\/comments?post=234"}],"version-history":[{"count":3,"href":"https:\/\/www.kktavastia.fi\/urheiluakatemia-tavastia\/wp-json\/wp\/v2\/pages\/234\/revisions"}],"predecessor-version":[{"id":325,"href":"https:\/\/www.kktavastia.fi\/urheiluakatemia-tavastia\/wp-json\/wp\/v2\/pages\/234\/revisions\/325"}],"up":[{"embeddable":true,"href":"https:\/\/www.kktavastia.fi\/urheiluakatemia-tavastia\/wp-json\/wp\/v2\/pages\/28"}],"wp:attachment":[{"href":"https:\/\/www.kktavastia.fi\/urheiluakatemia-tavastia\/wp-json\/wp\/v2\/media?parent=234"}],"curies":[{"name":"wp","href":"https:\/\/api.w.org\/{rel}","templated":true}]}}