{"id":228,"date":"2026-04-08T11:21:26","date_gmt":"2026-04-08T08:21:26","guid":{"rendered":"https:\/\/www.kktavastia.fi\/urheiluakatemia-tavastia\/?page_id=228"},"modified":"2026-04-08T14:14:53","modified_gmt":"2026-04-08T11:14:53","slug":"urheilufysioterapia-ja-laakaripalvelut","status":"publish","type":"page","link":"https:\/\/www.kktavastia.fi\/urheiluakatemia-tavastia\/asiantuntijatoiminta\/urheilufysioterapia-ja-laakaripalvelut\/","title":{"rendered":"Urheilufysioterapia ja l\u00e4\u00e4k\u00e4ripalvelut"},"content":{"rendered":"\n<p class=\"is-style-ingress\">Urheilufysioterapian tavoitteena on ennaltaehk\u00e4ist\u00e4 lajille tyypillisi\u00e4 vammoja sek\u00e4 lis\u00e4t\u00e4 urheilijoiden harjoitettavuutta ja suorituskyky\u00e4. <\/p>\n\n\n\n<h3 class=\"wp-block-heading\">Fysioterapia<\/h3>\n\n\n\n<p>Fysioterapeutti ty\u00f6skentelee tiiviiss\u00e4 yhteisty\u00f6ss\u00e4 valmentajan\/valmennuksen kanssa. Urheilijat voivat varata fysioterapeutin aikoja omakustanteisesti akatemiahinnalla.<\/p>\n\n\n\n<ul class=\"wp-block-list\">\n<li>Tuki- ja liikuntaelinvammojen&nbsp;ja -vaivojen ennaltaehk\u00e4isy ja kuntoutus.<\/li>\n\n\n\n<li>Suorituskyvyn parannus \u2013 vammaherkkyyden pienent\u00e4minen<\/li>\n\n\n\n<li>K\u00e4ynti 45 min\/50 \u20ac. Ajanvaraus osoitteesta&nbsp;<a href=\"http:\/\/mehilainen.fi\/\">mehilainen.fi<\/a><\/li>\n<\/ul>\n\n\n\n<h4 class=\"wp-block-heading\">Yhteystiedot<\/h4>\n\n\n\n<p>Jaakko Puronaho, sertifioitu urheilufysioterapeutti<br><a href=\"https:\/\/fysiopuronaho.fi\/\">fysiopuronaho.fi&nbsp;<\/a><br>puh. 050 5952518<\/p>\n\n\n\n<h3 class=\"wp-block-heading\">L\u00e4\u00e4k\u00e4ripalvelut<\/h3>\n\n\n\n<p>Akatemiaurheilijoilla on mahdollisuus my\u00f6s nopeaan p\u00e4\u00e4syyn urheilul\u00e4\u00e4k\u00e4rin vastaanotolle L\u00e4\u00e4k\u00e4rikeskus Mehil\u00e4isess\u00e4 H\u00e4meenlinnassa, Talaskuja 3, 13200 H\u00e4meenlinna. L\u00e4\u00e4k\u00e4ri- ja laboratoriopalvelut ovat omakustanteisia.<\/p>\n\n\n\n<ul class=\"wp-block-list\">\n<li>Ajanvaraus OmaMehil\u00e4inen -sovelluksen kautta. Sovelluksen lataus- ja k\u00e4ytt\u00f6ohjeet alta (OmaUrheilu). Valitse urheiluseuran tilalle Urheiluakatemia Tavastia<\/li>\n\n\n\n<li>Urheilijan terveystarkastuksen sopimushinta akatemiaurheilijalle on 199 \u20ac. Ota yhteys urheiluakatemian koordinaattoriin, jolta saa esitietolomakkeen ja ohjeet aikojen varaukseen.<\/li>\n\n\n\n<li>Urheiluakatemian urheilija saa yksityisasiakkaana asioidessaan alennusta<strong>&nbsp;laboratoriotutkimuksista 10 %<\/strong>&nbsp;listahinnasta.<\/li>\n<\/ul>\n\n\n\n<div class=\"wp-block-file\"><a id=\"wp-block-file--media-518028f6-dde1-452b-a2d9-82e96d4da8c9\" href=\"https:\/\/www.kktavastia.fi\/media\/sites\/10\/omaurheilu-1.pdf\">OmaUrheilu-sovelluksen ohjeet<\/a><a href=\"https:\/\/www.kktavastia.fi\/media\/sites\/10\/omaurheilu-1.pdf\" class=\"wp-block-file__button wp-element-button\" download aria-describedby=\"wp-block-file--media-518028f6-dde1-452b-a2d9-82e96d4da8c9\">Lataa<\/a><\/div>\n\n\n\n<h4 class=\"wp-block-heading\">Yhteystiedot<\/h4>\n\n\n\n<p>Urheilu Mehil\u00e4inen<br>yhteyshenkil\u00f6 Hanna-Riikka Virolainen<br>p. 050&nbsp;5433 222<br><a href=\"mailto:hanna-riikka.virolainen@mehilainen.fi\">hanna-riikka.virolainen@mehilainen.fi<\/a><\/p>\n\n\n\n<p><\/p>\n","protected":false},"excerpt":{"rendered":"<p>Urheilufysioterapian tavoitteena on ennaltaehk\u00e4ist\u00e4 lajille tyypillisi\u00e4 vammoja sek\u00e4 lis\u00e4t\u00e4 urheilijoiden harjoitettavuutta ja suorituskyky\u00e4. Fysioterapia Fysioterapeutti ty\u00f6skentelee tiiviiss\u00e4 yhteisty\u00f6ss\u00e4 valmentajan\/valmennuksen kanssa. [&hellip;]<\/p>\n","protected":false},"author":6,"featured_media":0,"parent":28,"menu_order":0,"comment_status":"closed","ping_status":"closed","template":"","meta":{"_acf_changed":false,"_relevanssi_hide_post":"","_relevanssi_hide_content":"","_relevanssi_pin_for_all":"","_relevanssi_pin_keywords":"","_relevanssi_unpin_keywords":"","_relevanssi_related_keywords":"","_relevanssi_related_include_ids":"","_relevanssi_related_exclude_ids":"","_relevanssi_related_no_append":"","_relevanssi_related_not_related":"","_relevanssi_related_posts":"126,111,124,132,114,121","_relevanssi_noindex_reason":"","footnotes":""},"class_list":["post-228","page","type-page","status-publish","hentry"],"acf":[],"yoast_head":"<title>Urheilufysioterapia ja l\u00e4\u00e4k\u00e4ripalvelut - Urheiluakatemia Tavastia<\/title>\n<meta name=\"robots\" content=\"index, follow, max-snippet:-1, max-image-preview:large, max-video-preview:-1\" \/>\n<link rel=\"canonical\" href=\"https:\/\/www.kktavastia.fi\/urheiluakatemia-tavastia\/asiantuntijatoiminta\/urheilufysioterapia-ja-laakaripalvelut\/\" \/>\n<meta property=\"og:locale\" content=\"fi_FI\" \/>\n<meta property=\"og:type\" content=\"article\" \/>\n<meta property=\"og:title\" content=\"Urheilufysioterapia ja l\u00e4\u00e4k\u00e4ripalvelut - Urheiluakatemia Tavastia\" \/>\n<meta property=\"og:description\" content=\"Urheilufysioterapian tavoitteena on ennaltaehk\u00e4ist\u00e4 lajille tyypillisi\u00e4 vammoja sek\u00e4 lis\u00e4t\u00e4 urheilijoiden harjoitettavuutta ja suorituskyky\u00e4. Fysioterapia Fysioterapeutti ty\u00f6skentelee tiiviiss\u00e4 yhteisty\u00f6ss\u00e4 valmentajan\/valmennuksen kanssa. [&hellip;]\" \/>\n<meta property=\"og:url\" content=\"https:\/\/www.kktavastia.fi\/urheiluakatemia-tavastia\/asiantuntijatoiminta\/urheilufysioterapia-ja-laakaripalvelut\/\" \/>\n<meta property=\"og:site_name\" content=\"Urheiluakatemia Tavastia\" \/>\n<meta property=\"article:modified_time\" content=\"2026-04-08T11:14:53+00:00\" \/>\n<meta name=\"twitter:card\" content=\"summary_large_image\" \/>\n<script type=\"application\/ld+json\" class=\"yoast-schema-graph\">{\"@context\":\"https:\\\/\\\/schema.org\",\"@graph\":[{\"@type\":\"WebPage\",\"@id\":\"https:\\\/\\\/www.kktavastia.fi\\\/urheiluakatemia-tavastia\\\/asiantuntijatoiminta\\\/urheilufysioterapia-ja-laakaripalvelut\\\/\",\"url\":\"https:\\\/\\\/www.kktavastia.fi\\\/urheiluakatemia-tavastia\\\/asiantuntijatoiminta\\\/urheilufysioterapia-ja-laakaripalvelut\\\/\",\"name\":\"Urheilufysioterapia ja l\u00e4\u00e4k\u00e4ripalvelut - Urheiluakatemia Tavastia\",\"isPartOf\":{\"@id\":\"https:\\\/\\\/www.kktavastia.fi\\\/urheiluakatemia-tavastia\\\/#website\"},\"datePublished\":\"2026-04-08T08:21:26+00:00\",\"dateModified\":\"2026-04-08T11:14:53+00:00\",\"breadcrumb\":{\"@id\":\"https:\\\/\\\/www.kktavastia.fi\\\/urheiluakatemia-tavastia\\\/asiantuntijatoiminta\\\/urheilufysioterapia-ja-laakaripalvelut\\\/#breadcrumb\"},\"inLanguage\":\"fi\",\"potentialAction\":[{\"@type\":\"ReadAction\",\"target\":[\"https:\\\/\\\/www.kktavastia.fi\\\/urheiluakatemia-tavastia\\\/asiantuntijatoiminta\\\/urheilufysioterapia-ja-laakaripalvelut\\\/\"]}]},{\"@type\":\"BreadcrumbList\",\"@id\":\"https:\\\/\\\/www.kktavastia.fi\\\/urheiluakatemia-tavastia\\\/asiantuntijatoiminta\\\/urheilufysioterapia-ja-laakaripalvelut\\\/#breadcrumb\",\"itemListElement\":[{\"@type\":\"ListItem\",\"position\":1,\"name\":\"Home\",\"item\":\"https:\\\/\\\/www.kktavastia.fi\\\/urheiluakatemia-tavastia\\\/\"},{\"@type\":\"ListItem\",\"position\":2,\"name\":\"Asiantuntijatoiminta\",\"item\":\"https:\\\/\\\/www.kktavastia.fi\\\/urheiluakatemia-tavastia\\\/asiantuntijatoiminta\\\/\"},{\"@type\":\"ListItem\",\"position\":3,\"name\":\"Urheilufysioterapia ja l\u00e4\u00e4k\u00e4ripalvelut\"}]},{\"@type\":\"WebSite\",\"@id\":\"https:\\\/\\\/www.kktavastia.fi\\\/urheiluakatemia-tavastia\\\/#website\",\"url\":\"https:\\\/\\\/www.kktavastia.fi\\\/urheiluakatemia-tavastia\\\/\",\"name\":\"Urheiluakatemia Tavastia\",\"description\":\"\",\"potentialAction\":[{\"@type\":\"SearchAction\",\"target\":{\"@type\":\"EntryPoint\",\"urlTemplate\":\"https:\\\/\\\/www.kktavastia.fi\\\/urheiluakatemia-tavastia\\\/?s={search_term_string}\"},\"query-input\":{\"@type\":\"PropertyValueSpecification\",\"valueRequired\":true,\"valueName\":\"search_term_string\"}}],\"inLanguage\":\"fi\"}]}<\/script>","yoast_head_json":{"title":"Urheilufysioterapia ja l\u00e4\u00e4k\u00e4ripalvelut - Urheiluakatemia Tavastia","robots":{"index":"index","follow":"follow","max-snippet":"max-snippet:-1","max-image-preview":"max-image-preview:large","max-video-preview":"max-video-preview:-1"},"canonical":"https:\/\/www.kktavastia.fi\/urheiluakatemia-tavastia\/asiantuntijatoiminta\/urheilufysioterapia-ja-laakaripalvelut\/","og_locale":"fi_FI","og_type":"article","og_title":"Urheilufysioterapia ja l\u00e4\u00e4k\u00e4ripalvelut - Urheiluakatemia Tavastia","og_description":"Urheilufysioterapian tavoitteena on ennaltaehk\u00e4ist\u00e4 lajille tyypillisi\u00e4 vammoja sek\u00e4 lis\u00e4t\u00e4 urheilijoiden harjoitettavuutta ja suorituskyky\u00e4. Fysioterapia Fysioterapeutti ty\u00f6skentelee tiiviiss\u00e4 yhteisty\u00f6ss\u00e4 valmentajan\/valmennuksen kanssa. [&hellip;]","og_url":"https:\/\/www.kktavastia.fi\/urheiluakatemia-tavastia\/asiantuntijatoiminta\/urheilufysioterapia-ja-laakaripalvelut\/","og_site_name":"Urheiluakatemia Tavastia","article_modified_time":"2026-04-08T11:14:53+00:00","twitter_card":"summary_large_image","schema":{"@context":"https:\/\/schema.org","@graph":[{"@type":"WebPage","@id":"https:\/\/www.kktavastia.fi\/urheiluakatemia-tavastia\/asiantuntijatoiminta\/urheilufysioterapia-ja-laakaripalvelut\/","url":"https:\/\/www.kktavastia.fi\/urheiluakatemia-tavastia\/asiantuntijatoiminta\/urheilufysioterapia-ja-laakaripalvelut\/","name":"Urheilufysioterapia ja l\u00e4\u00e4k\u00e4ripalvelut - Urheiluakatemia Tavastia","isPartOf":{"@id":"https:\/\/www.kktavastia.fi\/urheiluakatemia-tavastia\/#website"},"datePublished":"2026-04-08T08:21:26+00:00","dateModified":"2026-04-08T11:14:53+00:00","breadcrumb":{"@id":"https:\/\/www.kktavastia.fi\/urheiluakatemia-tavastia\/asiantuntijatoiminta\/urheilufysioterapia-ja-laakaripalvelut\/#breadcrumb"},"inLanguage":"fi","potentialAction":[{"@type":"ReadAction","target":["https:\/\/www.kktavastia.fi\/urheiluakatemia-tavastia\/asiantuntijatoiminta\/urheilufysioterapia-ja-laakaripalvelut\/"]}]},{"@type":"BreadcrumbList","@id":"https:\/\/www.kktavastia.fi\/urheiluakatemia-tavastia\/asiantuntijatoiminta\/urheilufysioterapia-ja-laakaripalvelut\/#breadcrumb","itemListElement":[{"@type":"ListItem","position":1,"name":"Home","item":"https:\/\/www.kktavastia.fi\/urheiluakatemia-tavastia\/"},{"@type":"ListItem","position":2,"name":"Asiantuntijatoiminta","item":"https:\/\/www.kktavastia.fi\/urheiluakatemia-tavastia\/asiantuntijatoiminta\/"},{"@type":"ListItem","position":3,"name":"Urheilufysioterapia ja l\u00e4\u00e4k\u00e4ripalvelut"}]},{"@type":"WebSite","@id":"https:\/\/www.kktavastia.fi\/urheiluakatemia-tavastia\/#website","url":"https:\/\/www.kktavastia.fi\/urheiluakatemia-tavastia\/","name":"Urheiluakatemia Tavastia","description":"","potentialAction":[{"@type":"SearchAction","target":{"@type":"EntryPoint","urlTemplate":"https:\/\/www.kktavastia.fi\/urheiluakatemia-tavastia\/?s={search_term_string}"},"query-input":{"@type":"PropertyValueSpecification","valueRequired":true,"valueName":"search_term_string"}}],"inLanguage":"fi"}]}},"_links":{"self":[{"href":"https:\/\/www.kktavastia.fi\/urheiluakatemia-tavastia\/wp-json\/wp\/v2\/pages\/228","targetHints":{"allow":["GET"]}}],"collection":[{"href":"https:\/\/www.kktavastia.fi\/urheiluakatemia-tavastia\/wp-json\/wp\/v2\/pages"}],"about":[{"href":"https:\/\/www.kktavastia.fi\/urheiluakatemia-tavastia\/wp-json\/wp\/v2\/types\/page"}],"author":[{"embeddable":true,"href":"https:\/\/www.kktavastia.fi\/urheiluakatemia-tavastia\/wp-json\/wp\/v2\/users\/6"}],"replies":[{"embeddable":true,"href":"https:\/\/www.kktavastia.fi\/urheiluakatemia-tavastia\/wp-json\/wp\/v2\/comments?post=228"}],"version-history":[{"count":3,"href":"https:\/\/www.kktavastia.fi\/urheiluakatemia-tavastia\/wp-json\/wp\/v2\/pages\/228\/revisions"}],"predecessor-version":[{"id":321,"href":"https:\/\/www.kktavastia.fi\/urheiluakatemia-tavastia\/wp-json\/wp\/v2\/pages\/228\/revisions\/321"}],"up":[{"embeddable":true,"href":"https:\/\/www.kktavastia.fi\/urheiluakatemia-tavastia\/wp-json\/wp\/v2\/pages\/28"}],"wp:attachment":[{"href":"https:\/\/www.kktavastia.fi\/urheiluakatemia-tavastia\/wp-json\/wp\/v2\/media?parent=228"}],"curies":[{"name":"wp","href":"https:\/\/api.w.org\/{rel}","templated":true}]}}