{"id":216,"date":"2026-04-08T11:08:15","date_gmt":"2026-04-08T08:08:15","guid":{"rendered":"https:\/\/www.kktavastia.fi\/urheiluakatemia-tavastia\/?page_id=216"},"modified":"2026-04-08T15:57:47","modified_gmt":"2026-04-08T12:57:47","slug":"valmennuksen-kehittaminen","status":"publish","type":"page","link":"https:\/\/www.kktavastia.fi\/urheiluakatemia-tavastia\/valmennus\/valmennuksen-kehittaminen\/","title":{"rendered":"Valmennuksen kehitt\u00e4minen"},"content":{"rendered":"\n<h3 class=\"wp-block-heading\">Kehittymisen seuranta<\/h3>\n\n\n\n<p>Urheiluakatemiaurheilijoiden kehittymist\u00e4 seurataan toisella asteella harjoitettavuuskartoituksilla, jotka j\u00e4rjestet\u00e4\u00e4n 1. ja 2. vuoden opiskelijoille kaksi kertaa lukuvuodessa. Lis\u00e4ksi lajit tekev\u00e4t muita lajikohtaisia testej\u00e4 ja seurantaa. Urheiluakatemian valmentajien palavereissa (learning caf\u00e9) k\u00e4yd\u00e4\u00e4n l\u00e4pi my\u00f6s lajien kehitt\u00e4mistavoitteita ja niiden toteutumista l\u00e4pi jaksokohtaisesti.<\/p>\n\n\n\n<h3 class=\"wp-block-heading\">Seurayhteisty\u00f6<\/h3>\n\n\n\n<p>Urheiluakatemia Tavastian valmennustoimintaa toteutetaan ja kehitet\u00e4\u00e4n yhdess\u00e4 urheiluseurojen kanssa. Toiminnan suunnitelmallisuus ja laatu varmistetaan painopistelajien kumppanuussopimuksilla, jotka tarkistetaan ja p\u00e4ivitet\u00e4\u00e4n vuosittain k\u00e4yt\u00e4viss\u00e4 kahdenv\u00e4lisiss\u00e4 kehityskeskusteluissa. Painopistelajien seuroilla on my\u00f6s edustus urheiluakatemian ohjausryhm\u00e4ss\u00e4, jonka teht\u00e4v\u00e4n\u00e4 on seurata toimintasuunnitelmien toteutumista sek\u00e4 tukea ja ideoida arjen kehitysty\u00f6t\u00e4. Urheiluakatemiavalmennus tukee osaltaan my\u00f6s p\u00e4\u00e4toisten seuravalmentajien palkkausta.<\/p>\n\n\n\n<h3 class=\"wp-block-heading\">Valmentajat ja valmentajayhteis\u00f6<\/h3>\n\n\n\n<p>Urheiluakatemian teht\u00e4v\u00e4n\u00e4 on my\u00f6s tukea valmentajien osaamisen kehittymist\u00e4 yhteisty\u00f6ss\u00e4 urheiluseurojen kanssa. Urheiluakatemian valmentajakerho kokoontuu nelj\u00e4 kertaa vuodessa pohtimaan valmennusta ja sen kehitt\u00e4mist\u00e4 ajankohtaisten teemojen kautta. T\u00e4m\u00e4n lis\u00e4ksi on muita koulualakohtaisia ja alueellisia palavereita sek\u00e4 learning cafe- verkkotapaamisia s\u00e4\u00e4nn\u00f6llisesti lukuvuoden varrella ja aina tarpeen mukaan. <\/p>\n\n\n\n<p>Valmentajayhteis\u00f6n kautta edistet\u00e4\u00e4n eri lajien v\u00e4list\u00e4 vuorovaikutusta ja yhteisty\u00f6t\u00e4 sek\u00e4 tuetaan vertaisoppimista. Lis\u00e4ksi valmentajien osaamisen kehitt\u00e4mist\u00e4 ja arjen jaksamista tuetaan mm. henkil\u00f6kohtaisilla asiantuntijatapaamisilla (psyykkinen valmentaja) sek\u00e4 tiedottamalla esimerkiksi erilaisista koulutusmahdollisuuksista ja webinaareista sek\u00e4 kannustamalla osallistumaan niihin.<\/p>\n\n\n\n<h3 class=\"wp-block-heading\">Tiedolla johtaminen<\/h3>\n\n\n\n<p>Valmennustoiminnan laadun kehitt\u00e4mist\u00e4 pyrit\u00e4\u00e4n tekem\u00e4\u00e4n faktoihin perustuen. Tieteellisen urheiluun ja valmennukseen liittyv\u00e4n tutkimustiedon hy\u00f6dynt\u00e4misen lis\u00e4ksi paikallisen tason tietoa ker\u00e4t\u00e4\u00e4n s\u00e4\u00e4nn\u00f6llisill\u00e4 urheilija- ja valmentajakyselyill\u00e4. Lis\u00e4ksi tietoa kehitt\u00e4misen tueksi saadaan seura- ja valmentajayhteisty\u00f6h\u00f6n liittyvist\u00e4 tapaamisista ja keskusteluista sek\u00e4 oppilaitos- ja huoltajayhteisty\u00f6st\u00e4. Kertyneest\u00e4 datasta poimitaan t\u00e4rkeimpi\u00e4 kehitt\u00e4miskohteita vuosittaisiin toimintasuunnitelmiin.<\/p>\n\n\n\n<p><\/p>\n","protected":false},"excerpt":{"rendered":"<p>Kehittymisen seuranta Urheiluakatemiaurheilijoiden kehittymist\u00e4 seurataan toisella asteella harjoitettavuuskartoituksilla, jotka j\u00e4rjestet\u00e4\u00e4n 1. ja 2. vuoden opiskelijoille kaksi kertaa lukuvuodessa. Lis\u00e4ksi lajit [&hellip;]<\/p>\n","protected":false},"author":6,"featured_media":0,"parent":24,"menu_order":0,"comment_status":"closed","ping_status":"closed","template":"","meta":{"_acf_changed":false,"_relevanssi_hide_post":"","_relevanssi_hide_content":"","_relevanssi_pin_for_all":"","_relevanssi_pin_keywords":"","_relevanssi_unpin_keywords":"","_relevanssi_related_keywords":"","_relevanssi_related_include_ids":"","_relevanssi_related_exclude_ids":"","_relevanssi_related_no_append":"","_relevanssi_related_not_related":"","_relevanssi_related_posts":"114,133,122,126,115,124","_relevanssi_noindex_reason":"","footnotes":""},"class_list":["post-216","page","type-page","status-publish","hentry"],"acf":[],"yoast_head":"<title>Valmennuksen kehitt\u00e4minen - Urheiluakatemia Tavastia<\/title>\n<meta name=\"robots\" content=\"index, follow, max-snippet:-1, max-image-preview:large, max-video-preview:-1\" \/>\n<link rel=\"canonical\" href=\"https:\/\/www.kktavastia.fi\/urheiluakatemia-tavastia\/valmennus\/valmennuksen-kehittaminen\/\" \/>\n<meta property=\"og:locale\" content=\"fi_FI\" \/>\n<meta property=\"og:type\" content=\"article\" \/>\n<meta property=\"og:title\" content=\"Valmennuksen kehitt\u00e4minen - Urheiluakatemia Tavastia\" \/>\n<meta property=\"og:description\" content=\"Kehittymisen seuranta Urheiluakatemiaurheilijoiden kehittymist\u00e4 seurataan toisella asteella harjoitettavuuskartoituksilla, jotka j\u00e4rjestet\u00e4\u00e4n 1. ja 2. vuoden opiskelijoille kaksi kertaa lukuvuodessa. Lis\u00e4ksi lajit [&hellip;]\" \/>\n<meta property=\"og:url\" content=\"https:\/\/www.kktavastia.fi\/urheiluakatemia-tavastia\/valmennus\/valmennuksen-kehittaminen\/\" \/>\n<meta property=\"og:site_name\" content=\"Urheiluakatemia Tavastia\" \/>\n<meta property=\"article:modified_time\" content=\"2026-04-08T12:57:47+00:00\" \/>\n<meta name=\"twitter:card\" content=\"summary_large_image\" \/>\n<script type=\"application\/ld+json\" class=\"yoast-schema-graph\">{\"@context\":\"https:\\\/\\\/schema.org\",\"@graph\":[{\"@type\":\"WebPage\",\"@id\":\"https:\\\/\\\/www.kktavastia.fi\\\/urheiluakatemia-tavastia\\\/valmennus\\\/valmennuksen-kehittaminen\\\/\",\"url\":\"https:\\\/\\\/www.kktavastia.fi\\\/urheiluakatemia-tavastia\\\/valmennus\\\/valmennuksen-kehittaminen\\\/\",\"name\":\"Valmennuksen kehitt\u00e4minen - Urheiluakatemia Tavastia\",\"isPartOf\":{\"@id\":\"https:\\\/\\\/www.kktavastia.fi\\\/urheiluakatemia-tavastia\\\/#website\"},\"datePublished\":\"2026-04-08T08:08:15+00:00\",\"dateModified\":\"2026-04-08T12:57:47+00:00\",\"breadcrumb\":{\"@id\":\"https:\\\/\\\/www.kktavastia.fi\\\/urheiluakatemia-tavastia\\\/valmennus\\\/valmennuksen-kehittaminen\\\/#breadcrumb\"},\"inLanguage\":\"fi\",\"potentialAction\":[{\"@type\":\"ReadAction\",\"target\":[\"https:\\\/\\\/www.kktavastia.fi\\\/urheiluakatemia-tavastia\\\/valmennus\\\/valmennuksen-kehittaminen\\\/\"]}]},{\"@type\":\"BreadcrumbList\",\"@id\":\"https:\\\/\\\/www.kktavastia.fi\\\/urheiluakatemia-tavastia\\\/valmennus\\\/valmennuksen-kehittaminen\\\/#breadcrumb\",\"itemListElement\":[{\"@type\":\"ListItem\",\"position\":1,\"name\":\"Home\",\"item\":\"https:\\\/\\\/www.kktavastia.fi\\\/urheiluakatemia-tavastia\\\/\"},{\"@type\":\"ListItem\",\"position\":2,\"name\":\"Valmennus\",\"item\":\"https:\\\/\\\/www.kktavastia.fi\\\/urheiluakatemia-tavastia\\\/valmennus\\\/\"},{\"@type\":\"ListItem\",\"position\":3,\"name\":\"Valmennuksen kehitt\u00e4minen\"}]},{\"@type\":\"WebSite\",\"@id\":\"https:\\\/\\\/www.kktavastia.fi\\\/urheiluakatemia-tavastia\\\/#website\",\"url\":\"https:\\\/\\\/www.kktavastia.fi\\\/urheiluakatemia-tavastia\\\/\",\"name\":\"Urheiluakatemia Tavastia\",\"description\":\"\",\"potentialAction\":[{\"@type\":\"SearchAction\",\"target\":{\"@type\":\"EntryPoint\",\"urlTemplate\":\"https:\\\/\\\/www.kktavastia.fi\\\/urheiluakatemia-tavastia\\\/?s={search_term_string}\"},\"query-input\":{\"@type\":\"PropertyValueSpecification\",\"valueRequired\":true,\"valueName\":\"search_term_string\"}}],\"inLanguage\":\"fi\"}]}<\/script>","yoast_head_json":{"title":"Valmennuksen kehitt\u00e4minen - Urheiluakatemia Tavastia","robots":{"index":"index","follow":"follow","max-snippet":"max-snippet:-1","max-image-preview":"max-image-preview:large","max-video-preview":"max-video-preview:-1"},"canonical":"https:\/\/www.kktavastia.fi\/urheiluakatemia-tavastia\/valmennus\/valmennuksen-kehittaminen\/","og_locale":"fi_FI","og_type":"article","og_title":"Valmennuksen kehitt\u00e4minen - Urheiluakatemia Tavastia","og_description":"Kehittymisen seuranta Urheiluakatemiaurheilijoiden kehittymist\u00e4 seurataan toisella asteella harjoitettavuuskartoituksilla, jotka j\u00e4rjestet\u00e4\u00e4n 1. ja 2. vuoden opiskelijoille kaksi kertaa lukuvuodessa. Lis\u00e4ksi lajit [&hellip;]","og_url":"https:\/\/www.kktavastia.fi\/urheiluakatemia-tavastia\/valmennus\/valmennuksen-kehittaminen\/","og_site_name":"Urheiluakatemia Tavastia","article_modified_time":"2026-04-08T12:57:47+00:00","twitter_card":"summary_large_image","schema":{"@context":"https:\/\/schema.org","@graph":[{"@type":"WebPage","@id":"https:\/\/www.kktavastia.fi\/urheiluakatemia-tavastia\/valmennus\/valmennuksen-kehittaminen\/","url":"https:\/\/www.kktavastia.fi\/urheiluakatemia-tavastia\/valmennus\/valmennuksen-kehittaminen\/","name":"Valmennuksen kehitt\u00e4minen - Urheiluakatemia Tavastia","isPartOf":{"@id":"https:\/\/www.kktavastia.fi\/urheiluakatemia-tavastia\/#website"},"datePublished":"2026-04-08T08:08:15+00:00","dateModified":"2026-04-08T12:57:47+00:00","breadcrumb":{"@id":"https:\/\/www.kktavastia.fi\/urheiluakatemia-tavastia\/valmennus\/valmennuksen-kehittaminen\/#breadcrumb"},"inLanguage":"fi","potentialAction":[{"@type":"ReadAction","target":["https:\/\/www.kktavastia.fi\/urheiluakatemia-tavastia\/valmennus\/valmennuksen-kehittaminen\/"]}]},{"@type":"BreadcrumbList","@id":"https:\/\/www.kktavastia.fi\/urheiluakatemia-tavastia\/valmennus\/valmennuksen-kehittaminen\/#breadcrumb","itemListElement":[{"@type":"ListItem","position":1,"name":"Home","item":"https:\/\/www.kktavastia.fi\/urheiluakatemia-tavastia\/"},{"@type":"ListItem","position":2,"name":"Valmennus","item":"https:\/\/www.kktavastia.fi\/urheiluakatemia-tavastia\/valmennus\/"},{"@type":"ListItem","position":3,"name":"Valmennuksen kehitt\u00e4minen"}]},{"@type":"WebSite","@id":"https:\/\/www.kktavastia.fi\/urheiluakatemia-tavastia\/#website","url":"https:\/\/www.kktavastia.fi\/urheiluakatemia-tavastia\/","name":"Urheiluakatemia Tavastia","description":"","potentialAction":[{"@type":"SearchAction","target":{"@type":"EntryPoint","urlTemplate":"https:\/\/www.kktavastia.fi\/urheiluakatemia-tavastia\/?s={search_term_string}"},"query-input":{"@type":"PropertyValueSpecification","valueRequired":true,"valueName":"search_term_string"}}],"inLanguage":"fi"}]}},"_links":{"self":[{"href":"https:\/\/www.kktavastia.fi\/urheiluakatemia-tavastia\/wp-json\/wp\/v2\/pages\/216","targetHints":{"allow":["GET"]}}],"collection":[{"href":"https:\/\/www.kktavastia.fi\/urheiluakatemia-tavastia\/wp-json\/wp\/v2\/pages"}],"about":[{"href":"https:\/\/www.kktavastia.fi\/urheiluakatemia-tavastia\/wp-json\/wp\/v2\/types\/page"}],"author":[{"embeddable":true,"href":"https:\/\/www.kktavastia.fi\/urheiluakatemia-tavastia\/wp-json\/wp\/v2\/users\/6"}],"replies":[{"embeddable":true,"href":"https:\/\/www.kktavastia.fi\/urheiluakatemia-tavastia\/wp-json\/wp\/v2\/comments?post=216"}],"version-history":[{"count":4,"href":"https:\/\/www.kktavastia.fi\/urheiluakatemia-tavastia\/wp-json\/wp\/v2\/pages\/216\/revisions"}],"predecessor-version":[{"id":333,"href":"https:\/\/www.kktavastia.fi\/urheiluakatemia-tavastia\/wp-json\/wp\/v2\/pages\/216\/revisions\/333"}],"up":[{"embeddable":true,"href":"https:\/\/www.kktavastia.fi\/urheiluakatemia-tavastia\/wp-json\/wp\/v2\/pages\/24"}],"wp:attachment":[{"href":"https:\/\/www.kktavastia.fi\/urheiluakatemia-tavastia\/wp-json\/wp\/v2\/media?parent=216"}],"curies":[{"name":"wp","href":"https:\/\/api.w.org\/{rel}","templated":true}]}}