{"id":205,"date":"2026-04-02T10:33:24","date_gmt":"2026-04-02T07:33:24","guid":{"rendered":"https:\/\/www.kktavastia.fi\/urheiluakatemia-tavastia\/?page_id=205"},"modified":"2026-04-10T13:42:05","modified_gmt":"2026-04-10T10:42:05","slug":"forssa","status":"publish","type":"page","link":"https:\/\/www.kktavastia.fi\/urheiluakatemia-tavastia\/valmennus\/forssa\/","title":{"rendered":"Forssa"},"content":{"rendered":"\n<p class=\"is-style-ingress\">Urheiluakatemian painopistelajit Forssassa ovat jalkapallo, joukkuevoimistelut, j\u00e4\u00e4kiekko, koripallo, ringette ja salibandy. Lis\u00e4ksi aamuvalmennusta j\u00e4rjestet\u00e4\u00e4n yleisvalmennusryhm\u00e4ss\u00e4, johon voi osallistua muiden lajien tavoitteelliset kilpaurheilijat.<\/p>\n\n\n\n<h3 class=\"wp-block-heading\">II aste<\/h3>\n\n\n\n<p>Aamuvalmennus on maanantaisin, keskiviikkoisin ja perjantaisin klo 7.30\u20139.00. Aamuharjoituksia toteutetaan nelj\u00e4ss\u00e4 lukion jaksossa lukuvuoden aikana. Lajit ilmoittavat ennen lukuvuoden alkuja jaksot, joissa aamuvalmennusta toteutetaan.<\/p>\n\n\n\n<figure class=\"wp-block-table\"><table><thead><tr><th><strong>Laji<\/strong><\/th><th><strong>Paikka<\/strong><\/th><th><strong>Valmentaja<\/strong><\/th><\/tr><\/thead><tbody><tr><td>Jalkapallo<\/td><td>Feeniks\/Kuhalan keinonurmi<\/td><td>Rauli Ranta, FJK, <a href=\"mailto:rauli.ranta@outlook.com\">rauli.ranta@outlook.com<\/a><\/td><\/tr><tr><td>Joukkuevoimistelu<\/td><td>Kuhalan koulu<\/td><td>Oona Aaltonen, FNV, <a href=\"mailto:forssanvoimistelijat@gmail.com\">forssanvoimistelijat@gmail.com<\/a><\/td><\/tr><tr><td>J\u00e4\u00e4kiekko<\/td><td>Forssan j\u00e4\u00e4halli<\/td><td>Esa S\u00e4teri, FoPS, <a href=\"mailto:esa.sateri@hotmail.com\">esa.sateri@hotmail.com<\/a><\/td><\/tr><tr><td>Koripallo<\/td><td>Feeniks<\/td><td>Antti Joutsimo, Feeniksbasket, <a href=\"mailto:antti.joutsimo@edu.forssa.fi\">antti.joutsimo@edu.forssa.fi<\/a><\/td><\/tr><tr><td>Ringette<\/td><td>Forssan j\u00e4\u00e4halli<\/td><td>Olli Laaksonen, FoPS, <a href=\"mailto:laaksonen.koti@gmail.com\">laaksonen.koti@gmail.com<\/a><\/td><\/tr><tr><td>Salibandy<\/td><td>Jokioisten Leip\u00e4 Areena<\/td><td>Jani Vuorela, Forssan Suupparit, <a href=\"mailto:jvuorela81@gmail.com\">jvuorela81@gmail.com<\/a><\/td><\/tr><tr><td>Yleisvalmennus<\/td><td>Feeniks\/Keskuskoulu\/Tammi Areena<\/td><td>Joni Salminen, Forssan Salama, <a href=\"mailto:jonisalminen602@gmail.com\">jonisalminen602@gmail.com<\/a><\/td><\/tr><\/tbody><\/table><\/figure>\n\n\n\n<h3 class=\"wp-block-heading\">Yl\u00e4koulut<\/h3>\n\n\n\n<p>Aamuvalmennus j\u00e4rjestet\u00e4\u00e4n kerran viikossa klo 7.30\u20138.30 joko omana ryhm\u00e4n\u00e4 tai yhdess\u00e4 II asteen lajiryhm\u00e4n kanssa.<\/p>\n\n\n\n<figure class=\"wp-block-table\"><table><thead><tr><th>Laji<\/th><th>P\u00e4iv\u00e4<\/th><th>Paikka<\/th><th>Valmentaja<\/th><\/tr><\/thead><tbody><tr><td>Jalkapallo<\/td><td>perjantai<\/td><td>Kuhalan keinonurmi\/Feeniks<\/td><td>Rauli Ranta<\/td><\/tr><tr><td>J\u00e4\u00e4kiekko<\/td><td>torstai<\/td><td>Forssan j\u00e4\u00e4halli\/Harjoitushalli<\/td><td>Esa S\u00e4teri<\/td><\/tr><tr><td>Ringette<\/td><td>perjantai<\/td><td>Forssan j\u00e4\u00e4halli\/Harjoitushalli<\/td><td>Olli Laaksonen<\/td><\/tr><tr><td>Koripallo<\/td><td>keskiviikko<\/td><td>Feeniks<\/td><td>Antti Joutsimo<\/td><\/tr><tr><td>Pes\u00e4pallo<\/td><td><\/td><td>Jokioisten pp-kentt\u00e4<\/td><td><\/td><\/tr><tr><td>Yleisvalmennus<\/td><td>tiistai<\/td><td>Keskuskoulu<\/td><td>Joni Salminen<\/td><\/tr><\/tbody><\/table><\/figure>\n\n\n\n<h3 class=\"wp-block-heading\">Yhteystiedot<\/h3>\n\n\n\n<div class=\"wp-block-media-text is-stacked-on-mobile\" style=\"grid-template-columns:15% auto\"><figure class=\"wp-block-media-text__media\"><img loading=\"lazy\" decoding=\"async\" width=\"768\" height=\"1024\" src=\"https:\/\/www.kktavastia.fi\/media\/sites\/10\/mikko-lilja-768x1024.jpeg\" alt=\"\" class=\"wp-image-426 size-full\" srcset=\"https:\/\/www.kktavastia.fi\/media\/sites\/10\/mikko-lilja-768x1024.jpeg 768w, https:\/\/www.kktavastia.fi\/media\/sites\/10\/mikko-lilja-225x300.jpeg 225w, https:\/\/www.kktavastia.fi\/media\/sites\/10\/mikko-lilja-1152x1536.jpeg 1152w, https:\/\/www.kktavastia.fi\/media\/sites\/10\/mikko-lilja-345x460.jpeg 345w, https:\/\/www.kktavastia.fi\/media\/sites\/10\/mikko-lilja-15x20.jpeg 15w, https:\/\/www.kktavastia.fi\/media\/sites\/10\/mikko-lilja.jpeg 1536w\" sizes=\"auto, (max-width: 768px) 100vw, 768px\" \/><\/figure><div class=\"wp-block-media-text__content\">\n<p>Koordinaattori Mikko Lilja<br><a href=\"mailto:info@suvi-ilta.fi\">info@suvi-ilta.fi<\/a><br>p. 050 465 7414<\/p>\n<\/div><\/div>\n","protected":false},"excerpt":{"rendered":"<p>Urheiluakatemian painopistelajit Forssassa ovat jalkapallo, joukkuevoimistelut, j\u00e4\u00e4kiekko, koripallo, ringette ja salibandy. Lis\u00e4ksi aamuvalmennusta j\u00e4rjestet\u00e4\u00e4n yleisvalmennusryhm\u00e4ss\u00e4, johon voi osallistua muiden lajien [&hellip;]<\/p>\n","protected":false},"author":6,"featured_media":0,"parent":24,"menu_order":0,"comment_status":"closed","ping_status":"closed","template":"","meta":{"_acf_changed":false,"_relevanssi_hide_post":"","_relevanssi_hide_content":"","_relevanssi_pin_for_all":"","_relevanssi_pin_keywords":"","_relevanssi_unpin_keywords":"","_relevanssi_related_keywords":"","_relevanssi_related_include_ids":"","_relevanssi_related_exclude_ids":"","_relevanssi_related_no_append":"","_relevanssi_related_not_related":"","_relevanssi_related_posts":"124,117,119,131,115,126","_relevanssi_noindex_reason":"","footnotes":""},"class_list":["post-205","page","type-page","status-publish","hentry"],"acf":[],"yoast_head":"<title>Forssa - Urheiluakatemia Tavastia<\/title>\n<meta name=\"robots\" content=\"index, follow, max-snippet:-1, max-image-preview:large, max-video-preview:-1\" \/>\n<link rel=\"canonical\" href=\"https:\/\/www.kktavastia.fi\/urheiluakatemia-tavastia\/valmennus\/forssa\/\" \/>\n<meta property=\"og:locale\" content=\"fi_FI\" \/>\n<meta property=\"og:type\" content=\"article\" \/>\n<meta property=\"og:title\" content=\"Forssa - Urheiluakatemia Tavastia\" \/>\n<meta property=\"og:description\" content=\"Urheiluakatemian painopistelajit Forssassa ovat jalkapallo, joukkuevoimistelut, j\u00e4\u00e4kiekko, koripallo, ringette ja salibandy. Lis\u00e4ksi aamuvalmennusta j\u00e4rjestet\u00e4\u00e4n yleisvalmennusryhm\u00e4ss\u00e4, johon voi osallistua muiden lajien [&hellip;]\" \/>\n<meta property=\"og:url\" content=\"https:\/\/www.kktavastia.fi\/urheiluakatemia-tavastia\/valmennus\/forssa\/\" \/>\n<meta property=\"og:site_name\" content=\"Urheiluakatemia Tavastia\" \/>\n<meta property=\"article:modified_time\" content=\"2026-04-10T10:42:05+00:00\" \/>\n<meta property=\"og:image\" content=\"https:\/\/www.kktavastia.fi\/media\/sites\/10\/mikko-lilja.jpeg\" \/>\n\t<meta property=\"og:image:width\" content=\"1536\" \/>\n\t<meta property=\"og:image:height\" content=\"2048\" \/>\n\t<meta property=\"og:image:type\" content=\"image\/jpeg\" \/>\n<meta name=\"twitter:card\" content=\"summary_large_image\" \/>\n<script type=\"application\/ld+json\" class=\"yoast-schema-graph\">{\"@context\":\"https:\\\/\\\/schema.org\",\"@graph\":[{\"@type\":\"WebPage\",\"@id\":\"https:\\\/\\\/www.kktavastia.fi\\\/urheiluakatemia-tavastia\\\/valmennus\\\/forssa\\\/\",\"url\":\"https:\\\/\\\/www.kktavastia.fi\\\/urheiluakatemia-tavastia\\\/valmennus\\\/forssa\\\/\",\"name\":\"Forssa - Urheiluakatemia Tavastia\",\"isPartOf\":{\"@id\":\"https:\\\/\\\/www.kktavastia.fi\\\/urheiluakatemia-tavastia\\\/#website\"},\"primaryImageOfPage\":{\"@id\":\"https:\\\/\\\/www.kktavastia.fi\\\/urheiluakatemia-tavastia\\\/valmennus\\\/forssa\\\/#primaryimage\"},\"image\":{\"@id\":\"https:\\\/\\\/www.kktavastia.fi\\\/urheiluakatemia-tavastia\\\/valmennus\\\/forssa\\\/#primaryimage\"},\"thumbnailUrl\":\"https:\\\/\\\/www.kktavastia.fi\\\/media\\\/sites\\\/10\\\/mikko-lilja-768x1024.jpeg\",\"datePublished\":\"2026-04-02T07:33:24+00:00\",\"dateModified\":\"2026-04-10T10:42:05+00:00\",\"breadcrumb\":{\"@id\":\"https:\\\/\\\/www.kktavastia.fi\\\/urheiluakatemia-tavastia\\\/valmennus\\\/forssa\\\/#breadcrumb\"},\"inLanguage\":\"fi\",\"potentialAction\":[{\"@type\":\"ReadAction\",\"target\":[\"https:\\\/\\\/www.kktavastia.fi\\\/urheiluakatemia-tavastia\\\/valmennus\\\/forssa\\\/\"]}]},{\"@type\":\"ImageObject\",\"inLanguage\":\"fi\",\"@id\":\"https:\\\/\\\/www.kktavastia.fi\\\/urheiluakatemia-tavastia\\\/valmennus\\\/forssa\\\/#primaryimage\",\"url\":\"https:\\\/\\\/www.kktavastia.fi\\\/media\\\/sites\\\/10\\\/mikko-lilja-768x1024.jpeg\",\"contentUrl\":\"https:\\\/\\\/www.kktavastia.fi\\\/media\\\/sites\\\/10\\\/mikko-lilja-768x1024.jpeg\"},{\"@type\":\"BreadcrumbList\",\"@id\":\"https:\\\/\\\/www.kktavastia.fi\\\/urheiluakatemia-tavastia\\\/valmennus\\\/forssa\\\/#breadcrumb\",\"itemListElement\":[{\"@type\":\"ListItem\",\"position\":1,\"name\":\"Home\",\"item\":\"https:\\\/\\\/www.kktavastia.fi\\\/urheiluakatemia-tavastia\\\/\"},{\"@type\":\"ListItem\",\"position\":2,\"name\":\"Valmennus\",\"item\":\"https:\\\/\\\/www.kktavastia.fi\\\/urheiluakatemia-tavastia\\\/valmennus\\\/\"},{\"@type\":\"ListItem\",\"position\":3,\"name\":\"Forssa\"}]},{\"@type\":\"WebSite\",\"@id\":\"https:\\\/\\\/www.kktavastia.fi\\\/urheiluakatemia-tavastia\\\/#website\",\"url\":\"https:\\\/\\\/www.kktavastia.fi\\\/urheiluakatemia-tavastia\\\/\",\"name\":\"Urheiluakatemia Tavastia\",\"description\":\"\",\"potentialAction\":[{\"@type\":\"SearchAction\",\"target\":{\"@type\":\"EntryPoint\",\"urlTemplate\":\"https:\\\/\\\/www.kktavastia.fi\\\/urheiluakatemia-tavastia\\\/?s={search_term_string}\"},\"query-input\":{\"@type\":\"PropertyValueSpecification\",\"valueRequired\":true,\"valueName\":\"search_term_string\"}}],\"inLanguage\":\"fi\"}]}<\/script>","yoast_head_json":{"title":"Forssa - Urheiluakatemia Tavastia","robots":{"index":"index","follow":"follow","max-snippet":"max-snippet:-1","max-image-preview":"max-image-preview:large","max-video-preview":"max-video-preview:-1"},"canonical":"https:\/\/www.kktavastia.fi\/urheiluakatemia-tavastia\/valmennus\/forssa\/","og_locale":"fi_FI","og_type":"article","og_title":"Forssa - Urheiluakatemia Tavastia","og_description":"Urheiluakatemian painopistelajit Forssassa ovat jalkapallo, joukkuevoimistelut, j\u00e4\u00e4kiekko, koripallo, ringette ja salibandy. Lis\u00e4ksi aamuvalmennusta j\u00e4rjestet\u00e4\u00e4n yleisvalmennusryhm\u00e4ss\u00e4, johon voi osallistua muiden lajien [&hellip;]","og_url":"https:\/\/www.kktavastia.fi\/urheiluakatemia-tavastia\/valmennus\/forssa\/","og_site_name":"Urheiluakatemia Tavastia","article_modified_time":"2026-04-10T10:42:05+00:00","og_image":[{"width":1536,"height":2048,"url":"https:\/\/www.kktavastia.fi\/media\/sites\/10\/mikko-lilja.jpeg","type":"image\/jpeg"}],"twitter_card":"summary_large_image","schema":{"@context":"https:\/\/schema.org","@graph":[{"@type":"WebPage","@id":"https:\/\/www.kktavastia.fi\/urheiluakatemia-tavastia\/valmennus\/forssa\/","url":"https:\/\/www.kktavastia.fi\/urheiluakatemia-tavastia\/valmennus\/forssa\/","name":"Forssa - Urheiluakatemia Tavastia","isPartOf":{"@id":"https:\/\/www.kktavastia.fi\/urheiluakatemia-tavastia\/#website"},"primaryImageOfPage":{"@id":"https:\/\/www.kktavastia.fi\/urheiluakatemia-tavastia\/valmennus\/forssa\/#primaryimage"},"image":{"@id":"https:\/\/www.kktavastia.fi\/urheiluakatemia-tavastia\/valmennus\/forssa\/#primaryimage"},"thumbnailUrl":"https:\/\/www.kktavastia.fi\/media\/sites\/10\/mikko-lilja-768x1024.jpeg","datePublished":"2026-04-02T07:33:24+00:00","dateModified":"2026-04-10T10:42:05+00:00","breadcrumb":{"@id":"https:\/\/www.kktavastia.fi\/urheiluakatemia-tavastia\/valmennus\/forssa\/#breadcrumb"},"inLanguage":"fi","potentialAction":[{"@type":"ReadAction","target":["https:\/\/www.kktavastia.fi\/urheiluakatemia-tavastia\/valmennus\/forssa\/"]}]},{"@type":"ImageObject","inLanguage":"fi","@id":"https:\/\/www.kktavastia.fi\/urheiluakatemia-tavastia\/valmennus\/forssa\/#primaryimage","url":"https:\/\/www.kktavastia.fi\/media\/sites\/10\/mikko-lilja-768x1024.jpeg","contentUrl":"https:\/\/www.kktavastia.fi\/media\/sites\/10\/mikko-lilja-768x1024.jpeg"},{"@type":"BreadcrumbList","@id":"https:\/\/www.kktavastia.fi\/urheiluakatemia-tavastia\/valmennus\/forssa\/#breadcrumb","itemListElement":[{"@type":"ListItem","position":1,"name":"Home","item":"https:\/\/www.kktavastia.fi\/urheiluakatemia-tavastia\/"},{"@type":"ListItem","position":2,"name":"Valmennus","item":"https:\/\/www.kktavastia.fi\/urheiluakatemia-tavastia\/valmennus\/"},{"@type":"ListItem","position":3,"name":"Forssa"}]},{"@type":"WebSite","@id":"https:\/\/www.kktavastia.fi\/urheiluakatemia-tavastia\/#website","url":"https:\/\/www.kktavastia.fi\/urheiluakatemia-tavastia\/","name":"Urheiluakatemia Tavastia","description":"","potentialAction":[{"@type":"SearchAction","target":{"@type":"EntryPoint","urlTemplate":"https:\/\/www.kktavastia.fi\/urheiluakatemia-tavastia\/?s={search_term_string}"},"query-input":{"@type":"PropertyValueSpecification","valueRequired":true,"valueName":"search_term_string"}}],"inLanguage":"fi"}]}},"_links":{"self":[{"href":"https:\/\/www.kktavastia.fi\/urheiluakatemia-tavastia\/wp-json\/wp\/v2\/pages\/205","targetHints":{"allow":["GET"]}}],"collection":[{"href":"https:\/\/www.kktavastia.fi\/urheiluakatemia-tavastia\/wp-json\/wp\/v2\/pages"}],"about":[{"href":"https:\/\/www.kktavastia.fi\/urheiluakatemia-tavastia\/wp-json\/wp\/v2\/types\/page"}],"author":[{"embeddable":true,"href":"https:\/\/www.kktavastia.fi\/urheiluakatemia-tavastia\/wp-json\/wp\/v2\/users\/6"}],"replies":[{"embeddable":true,"href":"https:\/\/www.kktavastia.fi\/urheiluakatemia-tavastia\/wp-json\/wp\/v2\/comments?post=205"}],"version-history":[{"count":5,"href":"https:\/\/www.kktavastia.fi\/urheiluakatemia-tavastia\/wp-json\/wp\/v2\/pages\/205\/revisions"}],"predecessor-version":[{"id":446,"href":"https:\/\/www.kktavastia.fi\/urheiluakatemia-tavastia\/wp-json\/wp\/v2\/pages\/205\/revisions\/446"}],"up":[{"embeddable":true,"href":"https:\/\/www.kktavastia.fi\/urheiluakatemia-tavastia\/wp-json\/wp\/v2\/pages\/24"}],"wp:attachment":[{"href":"https:\/\/www.kktavastia.fi\/urheiluakatemia-tavastia\/wp-json\/wp\/v2\/media?parent=205"}],"curies":[{"name":"wp","href":"https:\/\/api.w.org\/{rel}","templated":true}]}}