{"id":194,"date":"2026-04-02T10:16:28","date_gmt":"2026-04-02T07:16:28","guid":{"rendered":"https:\/\/www.kktavastia.fi\/urheiluakatemia-tavastia\/?page_id=194"},"modified":"2026-04-08T13:43:06","modified_gmt":"2026-04-08T10:43:06","slug":"hameenlinna","status":"publish","type":"page","link":"https:\/\/www.kktavastia.fi\/urheiluakatemia-tavastia\/valmennus\/hameenlinna\/","title":{"rendered":"H\u00e4meenlinna"},"content":{"rendered":"\n<p class=\"is-style-ingress\">Urheiluakatemian painopistelajit H\u00e4meenlinnassa ovat jalkapallo, j\u00e4\u00e4kiekko, lentopallo, salibandy, uinti ja yleisurheilu. Lis\u00e4ksi aamuvalmennusta j\u00e4rjestet\u00e4\u00e4n yleisvalmennusryhmiss\u00e4, johon voi osallistua muiden lajien tavoitteelliset kilpaurheilijat. Yl\u00e4koulutoiminnassa lajivalmennusta tarjotaan lis\u00e4ksi koripallossa, taitoluistelussa ja cheerleadingiss\u00e4. &nbsp;<\/p>\n\n\n\n<p><strong>II asteella <\/strong>aamuvalmennus on tiistaisin, keskiviikkoisin ja perjantaisin klo 7.45\u20139.10. Aamuharjoituksia toteutetaan nelj\u00e4ss\u00e4 lukion jaksossa lukuvuoden aikana. Lajit ilmoittavat ennen lukuvuoden alkua jaksot, joissa aamuvalmennusta toteutetaan. My\u00f6s korkeakouluopiskelijat ja toisen asteen p\u00e4\u00e4tt\u00e4neet tavoitteelliset kilpaurheilijat voivat hakeutua toisen asteen valmennusryhmiin.<\/p>\n\n\n\n<p><strong>Yl\u00e4koululaiset <\/strong>harjoittelevat syyskuun alusta toukokuun puoliv\u00e4liin torstaiaamuisin klo 7.45\u20138.45. Poikkeuksena kuitenkin Lammin yleisvalmennusryhm\u00e4, jolla harjoitukset torstaisin klo 14.15\u201315.15.<\/p>\n\n\n\n<h3 class=\"wp-block-heading\">Jalkapallo<\/h3>\n\n\n\n<p>Valmennus toteutetaan yhteisty\u00f6ss\u00e4 H\u00e4meenlinnan Jalkapalloseuran (HJS) kanssa. Harjoitukset j\u00e4rjestet\u00e4\u00e4n p\u00e4\u00e4s\u00e4\u00e4nt\u00f6isesti S\u00e4\u00e4st\u00f6pankki areenalla. Harjoitukset ovat p\u00e4\u00e4asiassa lajivalmennusta, mutta toisella asteella my\u00f6s fysiikkavalmennus on mukana kerran viikossa. Yl\u00e4koululaisille on jalkapallossa tarjolla my\u00f6s akatemialeirej\u00e4.<\/p>\n\n\n\n<div data-wp-context=\"{ &quot;autoclose&quot;: false, &quot;accordionItems&quot;: [] }\" data-wp-interactive=\"core\/accordion\" role=\"group\" class=\"wp-block-accordion is-layout-flow wp-block-accordion-is-layout-flow\">\n<div data-wp-class--is-open=\"state.isOpen\" data-wp-context=\"{ &quot;id&quot;: &quot;accordion-item-2&quot;, &quot;openByDefault&quot;: false }\" data-wp-init=\"callbacks.initAccordionItems\" data-wp-on-window--hashchange=\"callbacks.hashChange\" class=\"wp-block-accordion-item is-layout-flow wp-block-accordion-item-is-layout-flow\">\n<h3 class=\"wp-block-accordion-heading\"><button aria-expanded=\"false\" aria-controls=\"accordion-item-2-panel\" data-wp-bind--aria-expanded=\"state.isOpen\" data-wp-on--click=\"actions.toggle\" data-wp-on--keydown=\"actions.handleKeyDown\" id=\"accordion-item-2\" type=\"button\" class=\"wp-block-accordion-heading__toggle\"><span class=\"wp-block-accordion-heading__toggle-title\">Valmentajat<\/span><span class=\"wp-block-accordion-heading__toggle-icon\" aria-hidden=\"true\">+<\/span><\/button><\/h3>\n\n\n\n<div inert aria-labelledby=\"accordion-item-2\" data-wp-bind--inert=\"!state.isOpen\" id=\"accordion-item-2-panel\" role=\"region\" class=\"wp-block-accordion-panel is-layout-flow wp-block-accordion-panel-is-layout-flow\">\n<p><strong>II aste<\/strong><br>Valmennusp\u00e4\u00e4llikk\u00f6 Peter Sampo, HJS <br><a href=\"mailto:peter.sampo@hjs.fi\">peter.sampo@hjs.fi<\/a><br>Jaakko Puronaho, HJS, Fysiikkavalmennus<br><a href=\"mailto:jaakko.puronaho@hjs.fi\">jaakko.puronaho@hjs.fi<\/a><\/p>\n\n\n\n<p><strong>Yl\u00e4koulut<\/strong><br>Juhana Peltomaa, HJS<br><a href=\"mailto:juhana.peltomaa@hjs.fi\">juhana.peltomaa@hjs.fi<\/a><\/p>\n<\/div>\n<\/div>\n<\/div>\n\n\n\n<h3 class=\"wp-block-heading\">J\u00e4\u00e4kiekko<\/h3>\n\n\n\n<p>Valmennus toteutetaan yhteisty\u00f6ss\u00e4 HPK:n kanssa. Harjoitukset j\u00e4rjestet\u00e4\u00e4n H\u00e4meenlinnan j\u00e4\u00e4halleissa (Hakio, Pihlajalinna ja Pohjant\u00e4hti). Harjoitukset ovat p\u00e4\u00e4asiassa lajivalmennusta.<\/p>\n\n\n\n<div data-wp-context=\"{ &quot;autoclose&quot;: false, &quot;accordionItems&quot;: [] }\" data-wp-interactive=\"core\/accordion\" role=\"group\" class=\"wp-block-accordion is-layout-flow wp-block-accordion-is-layout-flow\">\n<div data-wp-class--is-open=\"state.isOpen\" data-wp-context=\"{ &quot;id&quot;: &quot;accordion-item-3&quot;, &quot;openByDefault&quot;: false }\" data-wp-init=\"callbacks.initAccordionItems\" data-wp-on-window--hashchange=\"callbacks.hashChange\" class=\"wp-block-accordion-item is-layout-flow wp-block-accordion-item-is-layout-flow\">\n<h3 class=\"wp-block-accordion-heading\"><button aria-expanded=\"false\" aria-controls=\"accordion-item-3-panel\" data-wp-bind--aria-expanded=\"state.isOpen\" data-wp-on--click=\"actions.toggle\" data-wp-on--keydown=\"actions.handleKeyDown\" id=\"accordion-item-3\" type=\"button\" class=\"wp-block-accordion-heading__toggle\"><span class=\"wp-block-accordion-heading__toggle-title\">Valmentajat<\/span><span class=\"wp-block-accordion-heading__toggle-icon\" aria-hidden=\"true\">+<\/span><\/button><\/h3>\n\n\n\n<div inert aria-labelledby=\"accordion-item-3\" data-wp-bind--inert=\"!state.isOpen\" id=\"accordion-item-3-panel\" role=\"region\" class=\"wp-block-accordion-panel is-layout-flow wp-block-accordion-panel-is-layout-flow\">\n<p><strong>II aste <\/strong><br>Niko Marttila (U20)<br><a href=\"mailto:niko.marttila@hpk.fi\">niko.marttila@hpk.fi<\/a> <br>Simo Korpela (U18)<br><a href=\"mailto:simo.korpela@hpk.fi\">simo.korpela@hpk.fi<\/a><br>Teemu Jokela (U16)<br><a href=\"mailto:teemu.jokela@hpk.fi\">teemu.jokela@hpk.fi<\/a><\/p>\n\n\n\n<p><strong>Yl\u00e4koulut<\/strong><br> Visa Pesonen, valmennusp\u00e4\u00e4llikk\u00f6 HPK<br><a href=\"mailto:visa.pesonen@hpk.fi\">visa.pesonen@hpk.fi<\/a><\/p>\n<\/div>\n<\/div>\n<\/div>\n\n\n\n<h3 class=\"wp-block-heading\">Lentopallo<\/h3>\n\n\n\n<p>Valmennus II asteella toteutetaan yhteisty\u00f6ss\u00e4 H\u00e4me Lentiksen kanssa. Harjoitukset j\u00e4rjestet\u00e4\u00e4n p\u00e4\u00e4asiassa Loimua Areenalla. Harjoituksista kaksi on taitopainotteista lajiharjoittelua ja yksi fysiikkaharjoitus (kuntosali).<\/p>\n\n\n\n<div data-wp-context=\"{ &quot;autoclose&quot;: false, &quot;accordionItems&quot;: [] }\" data-wp-interactive=\"core\/accordion\" role=\"group\" class=\"wp-block-accordion is-layout-flow wp-block-accordion-is-layout-flow\">\n<div data-wp-class--is-open=\"state.isOpen\" data-wp-context=\"{ &quot;id&quot;: &quot;accordion-item-4&quot;, &quot;openByDefault&quot;: false }\" data-wp-init=\"callbacks.initAccordionItems\" data-wp-on-window--hashchange=\"callbacks.hashChange\" class=\"wp-block-accordion-item is-layout-flow wp-block-accordion-item-is-layout-flow\">\n<h3 class=\"wp-block-accordion-heading\"><button aria-expanded=\"false\" aria-controls=\"accordion-item-4-panel\" data-wp-bind--aria-expanded=\"state.isOpen\" data-wp-on--click=\"actions.toggle\" data-wp-on--keydown=\"actions.handleKeyDown\" id=\"accordion-item-4\" type=\"button\" class=\"wp-block-accordion-heading__toggle\"><span class=\"wp-block-accordion-heading__toggle-title\">Valmentaja<\/span><span class=\"wp-block-accordion-heading__toggle-icon\" aria-hidden=\"true\">+<\/span><\/button><\/h3>\n\n\n\n<div inert aria-labelledby=\"accordion-item-4\" data-wp-bind--inert=\"!state.isOpen\" id=\"accordion-item-4-panel\" role=\"region\" class=\"wp-block-accordion-panel is-layout-flow wp-block-accordion-panel-is-layout-flow\">\n<p><strong>II aste<\/strong><br>Jukka Paakkola, H\u00e4me Lentis<br><a href=\"mailto:jukka70paakkola@gmail.com\">jukka70paakkola@gmail.com<\/a><\/p>\n<\/div>\n<\/div>\n<\/div>\n\n\n\n<h3 class=\"wp-block-heading\">Salibandy<\/h3>\n\n\n\n<p>Valmennus toteutetaan yhteisty\u00f6ss\u00e4 Steelers H\u00e4meenlinnan kanssa. Harjoitukset j\u00e4rjest\u00e4\u00e4n Loimua Areenalla p\u00e4\u00e4asiassa lajiharjoitteluna. II asteella on mukana my\u00f6s ominaisuusharjoittelua (kuntosali).<\/p>\n\n\n\n<div data-wp-context=\"{ &quot;autoclose&quot;: false, &quot;accordionItems&quot;: [] }\" data-wp-interactive=\"core\/accordion\" role=\"group\" class=\"wp-block-accordion is-layout-flow wp-block-accordion-is-layout-flow\">\n<div data-wp-class--is-open=\"state.isOpen\" data-wp-context=\"{ &quot;id&quot;: &quot;accordion-item-5&quot;, &quot;openByDefault&quot;: false }\" data-wp-init=\"callbacks.initAccordionItems\" data-wp-on-window--hashchange=\"callbacks.hashChange\" class=\"wp-block-accordion-item is-layout-flow wp-block-accordion-item-is-layout-flow\">\n<h3 class=\"wp-block-accordion-heading\"><button aria-expanded=\"false\" aria-controls=\"accordion-item-5-panel\" data-wp-bind--aria-expanded=\"state.isOpen\" data-wp-on--click=\"actions.toggle\" data-wp-on--keydown=\"actions.handleKeyDown\" id=\"accordion-item-5\" type=\"button\" class=\"wp-block-accordion-heading__toggle\"><span class=\"wp-block-accordion-heading__toggle-title\">Valmentajat<\/span><span class=\"wp-block-accordion-heading__toggle-icon\" aria-hidden=\"true\">+<\/span><\/button><\/h3>\n\n\n\n<div inert aria-labelledby=\"accordion-item-5\" data-wp-bind--inert=\"!state.isOpen\" id=\"accordion-item-5-panel\" role=\"region\" class=\"wp-block-accordion-panel is-layout-flow wp-block-accordion-panel-is-layout-flow\">\n<p><strong>II aste<\/strong> <br>Sami Saarinen, Steelers <br><a href=\"mailto:sami.saarinen@steelersry.fi\">sami.saarinen@steelersry.fi<\/a><br>Kalle Tuominen, Steelers, fysiikkavalmennus<br><a href=\"mailto:kalle.tuominen@hmledu.fi\">kalle.tuominen@hmledu.fi<\/a><\/p>\n\n\n\n<p><strong>Yl\u00e4koulut<\/strong><br>Kimi Ihalainen, Steelers<br><a href=\"mailto:kimi.ihalainen@steelersry.fi\">kimi.ihalainen@steelersry.fi<\/a><\/p>\n<\/div>\n<\/div>\n<\/div>\n\n\n\n<h3 class=\"wp-block-heading\">Uinti<\/h3>\n\n\n\n<p>Valmennus toteutetaan yhteisty\u00f6ss\u00e4 H\u00e4meenlinnan Uimaseuran (HmlUs) kanssa. Harjoitukset j\u00e4rjestet\u00e4\u00e4n H\u00e4meenlinnan uimahallissa lajiharjoitteluna. Toisella asteella yksi aamuharjoituksista on kuntosalilla.<\/p>\n\n\n\n<div data-wp-context=\"{ &quot;autoclose&quot;: false, &quot;accordionItems&quot;: [] }\" data-wp-interactive=\"core\/accordion\" role=\"group\" class=\"wp-block-accordion is-layout-flow wp-block-accordion-is-layout-flow\">\n<div data-wp-class--is-open=\"state.isOpen\" data-wp-context=\"{ &quot;id&quot;: &quot;accordion-item-6&quot;, &quot;openByDefault&quot;: false }\" data-wp-init=\"callbacks.initAccordionItems\" data-wp-on-window--hashchange=\"callbacks.hashChange\" class=\"wp-block-accordion-item is-layout-flow wp-block-accordion-item-is-layout-flow\">\n<h3 class=\"wp-block-accordion-heading\"><button aria-expanded=\"false\" aria-controls=\"accordion-item-6-panel\" data-wp-bind--aria-expanded=\"state.isOpen\" data-wp-on--click=\"actions.toggle\" data-wp-on--keydown=\"actions.handleKeyDown\" id=\"accordion-item-6\" type=\"button\" class=\"wp-block-accordion-heading__toggle\"><span class=\"wp-block-accordion-heading__toggle-title\">Valmentaja<\/span><span class=\"wp-block-accordion-heading__toggle-icon\" aria-hidden=\"true\">+<\/span><\/button><\/h3>\n\n\n\n<div inert aria-labelledby=\"accordion-item-6\" data-wp-bind--inert=\"!state.isOpen\" id=\"accordion-item-6-panel\" role=\"region\" class=\"wp-block-accordion-panel is-layout-flow wp-block-accordion-panel-is-layout-flow\">\n<p><strong>II aste ja yl\u00e4koulu<\/strong><br>Jari M\u00e4k\u00e4l\u00e4inen, H\u00e4meenlinnan Uimaseura<br><a href=\"mailto:jari@hmlus.fi\">jari@hmlus.fi<\/a><\/p>\n<\/div>\n<\/div>\n<\/div>\n\n\n\n<h3 class=\"wp-block-heading\">Yleisurheilu<\/h3>\n\n\n\n<p>Valmennus toteutetaan yhteisty\u00f6ss\u00e4 H\u00e4meenlinnan Tarmon kanssa. Harjoitukset j\u00e4rjestet\u00e4\u00e4n H\u00e4meenlinnan Kuntokeitaalla, S\u00e4\u00e4st\u00f6pankki Areenalla ja H\u00e4meenlinnan uimahallissa. Harjoitukset ovat taito- ja ominaisuuspainotteisia. Varsinaista yleisurheilun lajiharjoittelua ei aamutreeneiss\u00e4 ole.<\/p>\n\n\n\n<div data-wp-context=\"{ &quot;autoclose&quot;: false, &quot;accordionItems&quot;: [] }\" data-wp-interactive=\"core\/accordion\" role=\"group\" class=\"wp-block-accordion is-layout-flow wp-block-accordion-is-layout-flow\">\n<div data-wp-class--is-open=\"state.isOpen\" data-wp-context=\"{ &quot;id&quot;: &quot;accordion-item-7&quot;, &quot;openByDefault&quot;: false }\" data-wp-init=\"callbacks.initAccordionItems\" data-wp-on-window--hashchange=\"callbacks.hashChange\" class=\"wp-block-accordion-item is-layout-flow wp-block-accordion-item-is-layout-flow\">\n<h3 class=\"wp-block-accordion-heading\"><button aria-expanded=\"false\" aria-controls=\"accordion-item-7-panel\" data-wp-bind--aria-expanded=\"state.isOpen\" data-wp-on--click=\"actions.toggle\" data-wp-on--keydown=\"actions.handleKeyDown\" id=\"accordion-item-7\" type=\"button\" class=\"wp-block-accordion-heading__toggle\"><span class=\"wp-block-accordion-heading__toggle-title\">Valmentaja<\/span><span class=\"wp-block-accordion-heading__toggle-icon\" aria-hidden=\"true\">+<\/span><\/button><\/h3>\n\n\n\n<div inert aria-labelledby=\"accordion-item-7\" data-wp-bind--inert=\"!state.isOpen\" id=\"accordion-item-7-panel\" role=\"region\" class=\"wp-block-accordion-panel is-layout-flow wp-block-accordion-panel-is-layout-flow\">\n<p><strong>II aste<br><\/strong>Tuomas Kekki, H\u00e4meenlinnan Tarmo<br><a href=\"mailto:kekintuomas@gmail.com\">kekintuomas@gmail.com<\/a><\/p>\n<\/div>\n<\/div>\n<\/div>\n\n\n\n<h3 class=\"wp-block-heading\">Yleisvalmennus<\/h3>\n\n\n\n<p>Harjoitukset j\u00e4rjestet\u00e4\u00e4n S\u00e4\u00e4st\u00f6pankki Areenalla ja H\u00e4meenlinnan Kuntokeitaalla (II aste). Harjoituksissa keskityt\u00e4\u00e4n monipuolisesti yleistaitavuuteen (motoriikka) ja fyysisten perusominaisuuksien kehitt\u00e4miseen. &nbsp;<\/p>\n\n\n\n<div data-wp-context=\"{ &quot;autoclose&quot;: false, &quot;accordionItems&quot;: [] }\" data-wp-interactive=\"core\/accordion\" role=\"group\" class=\"wp-block-accordion is-layout-flow wp-block-accordion-is-layout-flow\">\n<div data-wp-class--is-open=\"state.isOpen\" data-wp-context=\"{ &quot;id&quot;: &quot;accordion-item-8&quot;, &quot;openByDefault&quot;: false }\" data-wp-init=\"callbacks.initAccordionItems\" data-wp-on-window--hashchange=\"callbacks.hashChange\" class=\"wp-block-accordion-item is-layout-flow wp-block-accordion-item-is-layout-flow\">\n<h3 class=\"wp-block-accordion-heading\"><button aria-expanded=\"false\" aria-controls=\"accordion-item-8-panel\" data-wp-bind--aria-expanded=\"state.isOpen\" data-wp-on--click=\"actions.toggle\" data-wp-on--keydown=\"actions.handleKeyDown\" id=\"accordion-item-8\" type=\"button\" class=\"wp-block-accordion-heading__toggle\"><span class=\"wp-block-accordion-heading__toggle-title\">Valmentajat<\/span><span class=\"wp-block-accordion-heading__toggle-icon\" aria-hidden=\"true\">+<\/span><\/button><\/h3>\n\n\n\n<div inert aria-labelledby=\"accordion-item-8\" data-wp-bind--inert=\"!state.isOpen\" id=\"accordion-item-8-panel\" role=\"region\" class=\"wp-block-accordion-panel is-layout-flow wp-block-accordion-panel-is-layout-flow\">\n<p><strong>II aste<\/strong> <br>Juuso Aho <br>juuso@boxinbox.fi <\/p>\n\n\n\n<p><strong>Yl\u00e4koulut<\/strong><br>Ari Ketola<br><a href=\"mailto:ari.ketola@surffi.net\">ari.ketola@surffi.net<\/a><\/p>\n<\/div>\n<\/div>\n<\/div>\n\n\n\n<h3 class=\"wp-block-heading\">Muut H\u00e4meenlinnan yl\u00e4kouluryhm\u00e4t lukuvuonna 2025\u20132026<\/h3>\n\n\n\n<figure class=\"wp-block-table\"><table><thead><tr><th>Ryhm\u00e4<\/th><th>Paikka<\/th><th>Vastuuvalmentaja<\/th><\/tr><\/thead><tbody><tr><td>Yleisvalmennus, Iittala<\/td><td>Iittalan yhten\u00e4iskoulun sali<\/td><td>Heli Haapalahti <a href=\"mailto:heli.haapalahti@hmledu.fi\">heli.haapalahti@hmledu.fi<\/a><\/td><\/tr><tr><td>Yleisvalmennus\/salibandy, Lammi<\/td><td>Hakkalan sali<\/td><td>Henri Vil\u00e9n <a href=\"mailto:henri.vilen@lamminkiinteistokeskus.fi\">henri.vilen@lamminkiinteistokeskus.fi<\/a><\/td><\/tr><\/tbody><\/table><\/figure>\n\n\n\n<p><\/p>\n","protected":false},"excerpt":{"rendered":"<p>Urheiluakatemian painopistelajit H\u00e4meenlinnassa ovat jalkapallo, j\u00e4\u00e4kiekko, lentopallo, salibandy, uinti ja yleisurheilu. Lis\u00e4ksi aamuvalmennusta j\u00e4rjestet\u00e4\u00e4n yleisvalmennusryhmiss\u00e4, johon voi osallistua muiden lajien [&hellip;]<\/p>\n","protected":false},"author":6,"featured_media":0,"parent":24,"menu_order":0,"comment_status":"closed","ping_status":"closed","template":"","meta":{"_acf_changed":false,"_relevanssi_hide_post":"","_relevanssi_hide_content":"","_relevanssi_pin_for_all":"","_relevanssi_pin_keywords":"","_relevanssi_unpin_keywords":"","_relevanssi_related_keywords":"","_relevanssi_related_include_ids":"","_relevanssi_related_exclude_ids":"","_relevanssi_related_no_append":"","_relevanssi_related_not_related":"","_relevanssi_related_posts":"113,126,129,122,119,133","_relevanssi_noindex_reason":"","footnotes":""},"class_list":["post-194","page","type-page","status-publish","hentry"],"acf":[],"yoast_head":"<title>H\u00e4meenlinna - Urheiluakatemia Tavastia<\/title>\n<meta name=\"robots\" content=\"index, follow, max-snippet:-1, max-image-preview:large, max-video-preview:-1\" \/>\n<link rel=\"canonical\" href=\"https:\/\/www.kktavastia.fi\/urheiluakatemia-tavastia\/valmennus\/hameenlinna\/\" \/>\n<meta property=\"og:locale\" content=\"fi_FI\" \/>\n<meta property=\"og:type\" content=\"article\" \/>\n<meta property=\"og:title\" content=\"H\u00e4meenlinna - Urheiluakatemia Tavastia\" \/>\n<meta property=\"og:description\" content=\"Urheiluakatemian painopistelajit H\u00e4meenlinnassa ovat jalkapallo, j\u00e4\u00e4kiekko, lentopallo, salibandy, uinti ja yleisurheilu. Lis\u00e4ksi aamuvalmennusta j\u00e4rjestet\u00e4\u00e4n yleisvalmennusryhmiss\u00e4, johon voi osallistua muiden lajien [&hellip;]\" \/>\n<meta property=\"og:url\" content=\"https:\/\/www.kktavastia.fi\/urheiluakatemia-tavastia\/valmennus\/hameenlinna\/\" \/>\n<meta property=\"og:site_name\" content=\"Urheiluakatemia Tavastia\" \/>\n<meta property=\"article:modified_time\" content=\"2026-04-08T10:43:06+00:00\" \/>\n<meta name=\"twitter:card\" content=\"summary_large_image\" \/>\n<script type=\"application\/ld+json\" class=\"yoast-schema-graph\">{\"@context\":\"https:\\\/\\\/schema.org\",\"@graph\":[{\"@type\":\"WebPage\",\"@id\":\"https:\\\/\\\/www.kktavastia.fi\\\/urheiluakatemia-tavastia\\\/valmennus\\\/hameenlinna\\\/\",\"url\":\"https:\\\/\\\/www.kktavastia.fi\\\/urheiluakatemia-tavastia\\\/valmennus\\\/hameenlinna\\\/\",\"name\":\"H\u00e4meenlinna - Urheiluakatemia Tavastia\",\"isPartOf\":{\"@id\":\"https:\\\/\\\/www.kktavastia.fi\\\/urheiluakatemia-tavastia\\\/#website\"},\"datePublished\":\"2026-04-02T07:16:28+00:00\",\"dateModified\":\"2026-04-08T10:43:06+00:00\",\"breadcrumb\":{\"@id\":\"https:\\\/\\\/www.kktavastia.fi\\\/urheiluakatemia-tavastia\\\/valmennus\\\/hameenlinna\\\/#breadcrumb\"},\"inLanguage\":\"fi\",\"potentialAction\":[{\"@type\":\"ReadAction\",\"target\":[\"https:\\\/\\\/www.kktavastia.fi\\\/urheiluakatemia-tavastia\\\/valmennus\\\/hameenlinna\\\/\"]}]},{\"@type\":\"BreadcrumbList\",\"@id\":\"https:\\\/\\\/www.kktavastia.fi\\\/urheiluakatemia-tavastia\\\/valmennus\\\/hameenlinna\\\/#breadcrumb\",\"itemListElement\":[{\"@type\":\"ListItem\",\"position\":1,\"name\":\"Home\",\"item\":\"https:\\\/\\\/www.kktavastia.fi\\\/urheiluakatemia-tavastia\\\/\"},{\"@type\":\"ListItem\",\"position\":2,\"name\":\"Valmennus\",\"item\":\"https:\\\/\\\/www.kktavastia.fi\\\/urheiluakatemia-tavastia\\\/valmennus\\\/\"},{\"@type\":\"ListItem\",\"position\":3,\"name\":\"H\u00e4meenlinna\"}]},{\"@type\":\"WebSite\",\"@id\":\"https:\\\/\\\/www.kktavastia.fi\\\/urheiluakatemia-tavastia\\\/#website\",\"url\":\"https:\\\/\\\/www.kktavastia.fi\\\/urheiluakatemia-tavastia\\\/\",\"name\":\"Urheiluakatemia Tavastia\",\"description\":\"\",\"potentialAction\":[{\"@type\":\"SearchAction\",\"target\":{\"@type\":\"EntryPoint\",\"urlTemplate\":\"https:\\\/\\\/www.kktavastia.fi\\\/urheiluakatemia-tavastia\\\/?s={search_term_string}\"},\"query-input\":{\"@type\":\"PropertyValueSpecification\",\"valueRequired\":true,\"valueName\":\"search_term_string\"}}],\"inLanguage\":\"fi\"}]}<\/script>","yoast_head_json":{"title":"H\u00e4meenlinna - Urheiluakatemia Tavastia","robots":{"index":"index","follow":"follow","max-snippet":"max-snippet:-1","max-image-preview":"max-image-preview:large","max-video-preview":"max-video-preview:-1"},"canonical":"https:\/\/www.kktavastia.fi\/urheiluakatemia-tavastia\/valmennus\/hameenlinna\/","og_locale":"fi_FI","og_type":"article","og_title":"H\u00e4meenlinna - Urheiluakatemia Tavastia","og_description":"Urheiluakatemian painopistelajit H\u00e4meenlinnassa ovat jalkapallo, j\u00e4\u00e4kiekko, lentopallo, salibandy, uinti ja yleisurheilu. Lis\u00e4ksi aamuvalmennusta j\u00e4rjestet\u00e4\u00e4n yleisvalmennusryhmiss\u00e4, johon voi osallistua muiden lajien [&hellip;]","og_url":"https:\/\/www.kktavastia.fi\/urheiluakatemia-tavastia\/valmennus\/hameenlinna\/","og_site_name":"Urheiluakatemia Tavastia","article_modified_time":"2026-04-08T10:43:06+00:00","twitter_card":"summary_large_image","schema":{"@context":"https:\/\/schema.org","@graph":[{"@type":"WebPage","@id":"https:\/\/www.kktavastia.fi\/urheiluakatemia-tavastia\/valmennus\/hameenlinna\/","url":"https:\/\/www.kktavastia.fi\/urheiluakatemia-tavastia\/valmennus\/hameenlinna\/","name":"H\u00e4meenlinna - Urheiluakatemia Tavastia","isPartOf":{"@id":"https:\/\/www.kktavastia.fi\/urheiluakatemia-tavastia\/#website"},"datePublished":"2026-04-02T07:16:28+00:00","dateModified":"2026-04-08T10:43:06+00:00","breadcrumb":{"@id":"https:\/\/www.kktavastia.fi\/urheiluakatemia-tavastia\/valmennus\/hameenlinna\/#breadcrumb"},"inLanguage":"fi","potentialAction":[{"@type":"ReadAction","target":["https:\/\/www.kktavastia.fi\/urheiluakatemia-tavastia\/valmennus\/hameenlinna\/"]}]},{"@type":"BreadcrumbList","@id":"https:\/\/www.kktavastia.fi\/urheiluakatemia-tavastia\/valmennus\/hameenlinna\/#breadcrumb","itemListElement":[{"@type":"ListItem","position":1,"name":"Home","item":"https:\/\/www.kktavastia.fi\/urheiluakatemia-tavastia\/"},{"@type":"ListItem","position":2,"name":"Valmennus","item":"https:\/\/www.kktavastia.fi\/urheiluakatemia-tavastia\/valmennus\/"},{"@type":"ListItem","position":3,"name":"H\u00e4meenlinna"}]},{"@type":"WebSite","@id":"https:\/\/www.kktavastia.fi\/urheiluakatemia-tavastia\/#website","url":"https:\/\/www.kktavastia.fi\/urheiluakatemia-tavastia\/","name":"Urheiluakatemia Tavastia","description":"","potentialAction":[{"@type":"SearchAction","target":{"@type":"EntryPoint","urlTemplate":"https:\/\/www.kktavastia.fi\/urheiluakatemia-tavastia\/?s={search_term_string}"},"query-input":{"@type":"PropertyValueSpecification","valueRequired":true,"valueName":"search_term_string"}}],"inLanguage":"fi"}]}},"_links":{"self":[{"href":"https:\/\/www.kktavastia.fi\/urheiluakatemia-tavastia\/wp-json\/wp\/v2\/pages\/194","targetHints":{"allow":["GET"]}}],"collection":[{"href":"https:\/\/www.kktavastia.fi\/urheiluakatemia-tavastia\/wp-json\/wp\/v2\/pages"}],"about":[{"href":"https:\/\/www.kktavastia.fi\/urheiluakatemia-tavastia\/wp-json\/wp\/v2\/types\/page"}],"author":[{"embeddable":true,"href":"https:\/\/www.kktavastia.fi\/urheiluakatemia-tavastia\/wp-json\/wp\/v2\/users\/6"}],"replies":[{"embeddable":true,"href":"https:\/\/www.kktavastia.fi\/urheiluakatemia-tavastia\/wp-json\/wp\/v2\/comments?post=194"}],"version-history":[{"count":6,"href":"https:\/\/www.kktavastia.fi\/urheiluakatemia-tavastia\/wp-json\/wp\/v2\/pages\/194\/revisions"}],"predecessor-version":[{"id":296,"href":"https:\/\/www.kktavastia.fi\/urheiluakatemia-tavastia\/wp-json\/wp\/v2\/pages\/194\/revisions\/296"}],"up":[{"embeddable":true,"href":"https:\/\/www.kktavastia.fi\/urheiluakatemia-tavastia\/wp-json\/wp\/v2\/pages\/24"}],"wp:attachment":[{"href":"https:\/\/www.kktavastia.fi\/urheiluakatemia-tavastia\/wp-json\/wp\/v2\/media?parent=194"}],"curies":[{"name":"wp","href":"https:\/\/api.w.org\/{rel}","templated":true}]}}