{"id":159,"date":"2026-03-25T11:38:05","date_gmt":"2026-03-25T09:38:05","guid":{"rendered":"https:\/\/www.kktavastia.fi\/urheiluakatemia-tavastia\/?page_id=159"},"modified":"2026-04-08T13:58:36","modified_gmt":"2026-04-08T10:58:36","slug":"korkea-aste","status":"publish","type":"page","link":"https:\/\/www.kktavastia.fi\/urheiluakatemia-tavastia\/opiskelu\/korkea-aste\/","title":{"rendered":"Korkea-aste"},"content":{"rendered":"\n<h3 class=\"wp-block-heading\">HAMK<\/h3>\n\n\n\n<p>H\u00e4meen ammattikorkeakoulu on saanut syksyll\u00e4 2025 Olympiakomitean my\u00f6nt\u00e4m\u00e4n Huippu-urheilumy\u00f6nteinen korkeakoulu -laatutunnuksen. T\u00e4m\u00e4 tarkoittaa sit\u00e4, ett\u00e4 HAMK on sitoutunut tukemaan opiskelijoidensa mahdollisuutta yhdist\u00e4\u00e4 oma huippuvaiheen urheilu-ura korkeakouluopintoihin. Opinnot suunnitellaan yhdess\u00e4 HAMK:n opetus- ja ohjaushenkil\u00f6st\u00f6n kanssa joustavasti urheilijan vuosikalenteriin sopivaksi. Urheilussa saavutettua osaamista voidaan tutkintokohtaisesti opinnollistaa ja urheilijoille on suunnitteilla ns. urheiluopintoja. \u00a0<\/p>\n\n\n\n<p>HAMK tukee urheilijoita my\u00f6s taloudellisesti kummiurheilijatoiminnan kautta sek\u00e4 valitsemalla stipendiurheilijoita. HAMK kummi- ja stipendiurheilijat voivat liitty\u00e4 Urheiluakatemia Tavastian j\u00e4seniksi veloituksetta ja hy\u00f6dynt\u00e4\u00e4 urheiluakatemian tarjoamia tukitoimia (mm. olosuhteet, valmennus- ja asiantuntijatoiminta, k\u00e4rkiurheilijatuki, uraohjaus).\u00a0 Lue lis\u00e4\u00e4 HAMK:n kummiurheilijatoiminnasta sek\u00e4 urheilun ja opiskelun yhdist\u00e4misest\u00e4 t\u00e4\u00e4lt\u00e4. LINKKI PUUTTUU<\/p>\n\n\n\n<h3 class=\"wp-block-heading\">Yhteystiedot<\/h3>\n\n\n\n<p>Jari Virtanen<br>Liikuntasuunnittelija<br>H\u00e4meen ammattikorkeakoulu<br><a href=\"mailto:jari.virtanen@hamk.fi\">jari.virtanen@hamk.fi<\/a><br>040 735 5653<\/p>\n","protected":false},"excerpt":{"rendered":"<p>HAMK H\u00e4meen ammattikorkeakoulu on saanut syksyll\u00e4 2025 Olympiakomitean my\u00f6nt\u00e4m\u00e4n Huippu-urheilumy\u00f6nteinen korkeakoulu -laatutunnuksen. T\u00e4m\u00e4 tarkoittaa sit\u00e4, ett\u00e4 HAMK on sitoutunut tukemaan [&hellip;]<\/p>\n","protected":false},"author":6,"featured_media":0,"parent":19,"menu_order":0,"comment_status":"closed","ping_status":"closed","template":"","meta":{"_acf_changed":false,"_relevanssi_hide_post":"","_relevanssi_hide_content":"","_relevanssi_pin_for_all":"","_relevanssi_pin_keywords":"","_relevanssi_unpin_keywords":"","_relevanssi_related_keywords":"","_relevanssi_related_include_ids":"","_relevanssi_related_exclude_ids":"","_relevanssi_related_no_append":"","_relevanssi_related_not_related":"","_relevanssi_related_posts":"111,124,119,114,113,133","_relevanssi_noindex_reason":"","footnotes":""},"class_list":["post-159","page","type-page","status-publish","hentry"],"acf":[],"yoast_head":"<title>Korkea-aste - Urheiluakatemia Tavastia<\/title>\n<meta name=\"robots\" content=\"index, follow, max-snippet:-1, max-image-preview:large, max-video-preview:-1\" \/>\n<link rel=\"canonical\" href=\"https:\/\/www.kktavastia.fi\/urheiluakatemia-tavastia\/opiskelu\/korkea-aste\/\" \/>\n<meta property=\"og:locale\" content=\"fi_FI\" \/>\n<meta property=\"og:type\" content=\"article\" \/>\n<meta property=\"og:title\" content=\"Korkea-aste - Urheiluakatemia Tavastia\" \/>\n<meta property=\"og:description\" content=\"HAMK H\u00e4meen ammattikorkeakoulu on saanut syksyll\u00e4 2025 Olympiakomitean my\u00f6nt\u00e4m\u00e4n Huippu-urheilumy\u00f6nteinen korkeakoulu -laatutunnuksen. T\u00e4m\u00e4 tarkoittaa sit\u00e4, ett\u00e4 HAMK on sitoutunut tukemaan [&hellip;]\" \/>\n<meta property=\"og:url\" content=\"https:\/\/www.kktavastia.fi\/urheiluakatemia-tavastia\/opiskelu\/korkea-aste\/\" \/>\n<meta property=\"og:site_name\" content=\"Urheiluakatemia Tavastia\" \/>\n<meta property=\"article:modified_time\" content=\"2026-04-08T10:58:36+00:00\" \/>\n<meta name=\"twitter:card\" content=\"summary_large_image\" \/>\n<script type=\"application\/ld+json\" class=\"yoast-schema-graph\">{\"@context\":\"https:\\\/\\\/schema.org\",\"@graph\":[{\"@type\":\"WebPage\",\"@id\":\"https:\\\/\\\/www.kktavastia.fi\\\/urheiluakatemia-tavastia\\\/opiskelu\\\/korkea-aste\\\/\",\"url\":\"https:\\\/\\\/www.kktavastia.fi\\\/urheiluakatemia-tavastia\\\/opiskelu\\\/korkea-aste\\\/\",\"name\":\"Korkea-aste - Urheiluakatemia Tavastia\",\"isPartOf\":{\"@id\":\"https:\\\/\\\/www.kktavastia.fi\\\/urheiluakatemia-tavastia\\\/#website\"},\"datePublished\":\"2026-03-25T09:38:05+00:00\",\"dateModified\":\"2026-04-08T10:58:36+00:00\",\"breadcrumb\":{\"@id\":\"https:\\\/\\\/www.kktavastia.fi\\\/urheiluakatemia-tavastia\\\/opiskelu\\\/korkea-aste\\\/#breadcrumb\"},\"inLanguage\":\"fi\",\"potentialAction\":[{\"@type\":\"ReadAction\",\"target\":[\"https:\\\/\\\/www.kktavastia.fi\\\/urheiluakatemia-tavastia\\\/opiskelu\\\/korkea-aste\\\/\"]}]},{\"@type\":\"BreadcrumbList\",\"@id\":\"https:\\\/\\\/www.kktavastia.fi\\\/urheiluakatemia-tavastia\\\/opiskelu\\\/korkea-aste\\\/#breadcrumb\",\"itemListElement\":[{\"@type\":\"ListItem\",\"position\":1,\"name\":\"Home\",\"item\":\"https:\\\/\\\/www.kktavastia.fi\\\/urheiluakatemia-tavastia\\\/\"},{\"@type\":\"ListItem\",\"position\":2,\"name\":\"Opiskelu\",\"item\":\"https:\\\/\\\/www.kktavastia.fi\\\/urheiluakatemia-tavastia\\\/opiskelu\\\/\"},{\"@type\":\"ListItem\",\"position\":3,\"name\":\"Korkea-aste\"}]},{\"@type\":\"WebSite\",\"@id\":\"https:\\\/\\\/www.kktavastia.fi\\\/urheiluakatemia-tavastia\\\/#website\",\"url\":\"https:\\\/\\\/www.kktavastia.fi\\\/urheiluakatemia-tavastia\\\/\",\"name\":\"Urheiluakatemia Tavastia\",\"description\":\"\",\"potentialAction\":[{\"@type\":\"SearchAction\",\"target\":{\"@type\":\"EntryPoint\",\"urlTemplate\":\"https:\\\/\\\/www.kktavastia.fi\\\/urheiluakatemia-tavastia\\\/?s={search_term_string}\"},\"query-input\":{\"@type\":\"PropertyValueSpecification\",\"valueRequired\":true,\"valueName\":\"search_term_string\"}}],\"inLanguage\":\"fi\"}]}<\/script>","yoast_head_json":{"title":"Korkea-aste - Urheiluakatemia Tavastia","robots":{"index":"index","follow":"follow","max-snippet":"max-snippet:-1","max-image-preview":"max-image-preview:large","max-video-preview":"max-video-preview:-1"},"canonical":"https:\/\/www.kktavastia.fi\/urheiluakatemia-tavastia\/opiskelu\/korkea-aste\/","og_locale":"fi_FI","og_type":"article","og_title":"Korkea-aste - Urheiluakatemia Tavastia","og_description":"HAMK H\u00e4meen ammattikorkeakoulu on saanut syksyll\u00e4 2025 Olympiakomitean my\u00f6nt\u00e4m\u00e4n Huippu-urheilumy\u00f6nteinen korkeakoulu -laatutunnuksen. T\u00e4m\u00e4 tarkoittaa sit\u00e4, ett\u00e4 HAMK on sitoutunut tukemaan [&hellip;]","og_url":"https:\/\/www.kktavastia.fi\/urheiluakatemia-tavastia\/opiskelu\/korkea-aste\/","og_site_name":"Urheiluakatemia Tavastia","article_modified_time":"2026-04-08T10:58:36+00:00","twitter_card":"summary_large_image","schema":{"@context":"https:\/\/schema.org","@graph":[{"@type":"WebPage","@id":"https:\/\/www.kktavastia.fi\/urheiluakatemia-tavastia\/opiskelu\/korkea-aste\/","url":"https:\/\/www.kktavastia.fi\/urheiluakatemia-tavastia\/opiskelu\/korkea-aste\/","name":"Korkea-aste - Urheiluakatemia Tavastia","isPartOf":{"@id":"https:\/\/www.kktavastia.fi\/urheiluakatemia-tavastia\/#website"},"datePublished":"2026-03-25T09:38:05+00:00","dateModified":"2026-04-08T10:58:36+00:00","breadcrumb":{"@id":"https:\/\/www.kktavastia.fi\/urheiluakatemia-tavastia\/opiskelu\/korkea-aste\/#breadcrumb"},"inLanguage":"fi","potentialAction":[{"@type":"ReadAction","target":["https:\/\/www.kktavastia.fi\/urheiluakatemia-tavastia\/opiskelu\/korkea-aste\/"]}]},{"@type":"BreadcrumbList","@id":"https:\/\/www.kktavastia.fi\/urheiluakatemia-tavastia\/opiskelu\/korkea-aste\/#breadcrumb","itemListElement":[{"@type":"ListItem","position":1,"name":"Home","item":"https:\/\/www.kktavastia.fi\/urheiluakatemia-tavastia\/"},{"@type":"ListItem","position":2,"name":"Opiskelu","item":"https:\/\/www.kktavastia.fi\/urheiluakatemia-tavastia\/opiskelu\/"},{"@type":"ListItem","position":3,"name":"Korkea-aste"}]},{"@type":"WebSite","@id":"https:\/\/www.kktavastia.fi\/urheiluakatemia-tavastia\/#website","url":"https:\/\/www.kktavastia.fi\/urheiluakatemia-tavastia\/","name":"Urheiluakatemia Tavastia","description":"","potentialAction":[{"@type":"SearchAction","target":{"@type":"EntryPoint","urlTemplate":"https:\/\/www.kktavastia.fi\/urheiluakatemia-tavastia\/?s={search_term_string}"},"query-input":{"@type":"PropertyValueSpecification","valueRequired":true,"valueName":"search_term_string"}}],"inLanguage":"fi"}]}},"_links":{"self":[{"href":"https:\/\/www.kktavastia.fi\/urheiluakatemia-tavastia\/wp-json\/wp\/v2\/pages\/159","targetHints":{"allow":["GET"]}}],"collection":[{"href":"https:\/\/www.kktavastia.fi\/urheiluakatemia-tavastia\/wp-json\/wp\/v2\/pages"}],"about":[{"href":"https:\/\/www.kktavastia.fi\/urheiluakatemia-tavastia\/wp-json\/wp\/v2\/types\/page"}],"author":[{"embeddable":true,"href":"https:\/\/www.kktavastia.fi\/urheiluakatemia-tavastia\/wp-json\/wp\/v2\/users\/6"}],"replies":[{"embeddable":true,"href":"https:\/\/www.kktavastia.fi\/urheiluakatemia-tavastia\/wp-json\/wp\/v2\/comments?post=159"}],"version-history":[{"count":2,"href":"https:\/\/www.kktavastia.fi\/urheiluakatemia-tavastia\/wp-json\/wp\/v2\/pages\/159\/revisions"}],"predecessor-version":[{"id":310,"href":"https:\/\/www.kktavastia.fi\/urheiluakatemia-tavastia\/wp-json\/wp\/v2\/pages\/159\/revisions\/310"}],"up":[{"embeddable":true,"href":"https:\/\/www.kktavastia.fi\/urheiluakatemia-tavastia\/wp-json\/wp\/v2\/pages\/19"}],"wp:attachment":[{"href":"https:\/\/www.kktavastia.fi\/urheiluakatemia-tavastia\/wp-json\/wp\/v2\/media?parent=159"}],"curies":[{"name":"wp","href":"https:\/\/api.w.org\/{rel}","templated":true}]}}