{"id":151,"date":"2026-03-25T11:30:59","date_gmt":"2026-03-25T09:30:59","guid":{"rendered":"https:\/\/www.kktavastia.fi\/urheiluakatemia-tavastia\/?page_id=151"},"modified":"2026-04-10T13:38:38","modified_gmt":"2026-04-10T10:38:38","slug":"panssariprikaatin-urheilijahaku","status":"publish","type":"page","link":"https:\/\/www.kktavastia.fi\/urheiluakatemia-tavastia\/hakeminen-urheiluakatemia-tavastiaan\/panssariprikaatin-urheilijahaku\/","title":{"rendered":"Panssariprikaatin urheilijahaku"},"content":{"rendered":"\n<p>Hakeutuminen varusmiesten urheiluakatemiavalmennukseen tapahtuu kaksi kertaa vuodessa, aina uuden palvelukseen astumiser\u00e4n yhteydess\u00e4. Valmennusryhm\u00e4\u00e4n valituilla varusmiehill\u00e4 on mahdollisuus osallistua aamuvalmennukseen ti ja pe klo 8\u20139. Valinnat suorittavat Urheiluakatemian koordinaattori ja Panssariprikaatin liikuntavastaavat yhdess\u00e4 hakemusten perusteella.<\/p>\n\n\n\n<p>Haku avataan noin 2 kk ennen palveluksen aloitusp\u00e4iv\u00e4m\u00e4\u00e4r\u00e4\u00e4 (tammikuu ja kes\u00e4kuu) ja se jatkuu noin kaksi viikkoa palveluksen alkamisen j\u00e4lkeen. Panssariprikaati j\u00e4rjest\u00e4\u00e4 my\u00f6s alokasinfon, jossa k\u00e4yd\u00e4\u00e4n l\u00e4pi varuskunnan urheilu- ja kilpailutoimintaa.<\/p>\n\n\n\n<p>HAKULOMAKE<\/p>\n\n\n\n<h3 class=\"wp-block-heading\">Yhteystiedot<\/h3>\n\n\n\n<div class=\"wp-block-media-text is-stacked-on-mobile\" style=\"grid-template-columns:15% auto\"><figure class=\"wp-block-media-text__media\"><img loading=\"lazy\" decoding=\"async\" width=\"768\" height=\"1024\" src=\"https:\/\/www.kktavastia.fi\/media\/sites\/10\/o-p-768x1024.jpeg\" alt=\"\" class=\"wp-image-421 size-full\" srcset=\"https:\/\/www.kktavastia.fi\/media\/sites\/10\/o-p-768x1024.jpeg 768w, https:\/\/www.kktavastia.fi\/media\/sites\/10\/o-p-225x300.jpeg 225w, https:\/\/www.kktavastia.fi\/media\/sites\/10\/o-p-1152x1536.jpeg 1152w, https:\/\/www.kktavastia.fi\/media\/sites\/10\/o-p-1536x2048.jpeg 1536w, https:\/\/www.kktavastia.fi\/media\/sites\/10\/o-p-345x460.jpeg 345w, https:\/\/www.kktavastia.fi\/media\/sites\/10\/o-p-15x20.jpeg 15w, https:\/\/www.kktavastia.fi\/media\/sites\/10\/o-p-scaled.jpeg 1920w\" sizes=\"auto, (max-width: 768px) 100vw, 768px\" \/><\/figure><div class=\"wp-block-media-text__content\">\n<p>Olli-Pekka Hakala<br>Koordinaattori<br>Urheiluakatemia Tavastia<br><a href=\"mailto:olli-pekka.hakala@kktavastia.fi\">olli-pekka.hakala@kktavastia.fi<\/a><br>050 596 9901<\/p>\n<\/div><\/div>\n\n\n\n<p>Mika Hakala<br>Kapteeni, liikuntakasvatusupseeri<br>Panssariprikaati<br><a href=\"mailto:mika.hakala@mil.fi\">mika.hakala@mil.fi<\/a><br>040 043 6354<\/p>\n\n\n\n<p><\/p>\n","protected":false},"excerpt":{"rendered":"<p>Hakeutuminen varusmiesten urheiluakatemiavalmennukseen tapahtuu kaksi kertaa vuodessa, aina uuden palvelukseen astumiser\u00e4n yhteydess\u00e4. Valmennusryhm\u00e4\u00e4n valituilla varusmiehill\u00e4 on mahdollisuus osallistua aamuvalmennukseen ti [&hellip;]<\/p>\n","protected":false},"author":6,"featured_media":0,"parent":7,"menu_order":0,"comment_status":"closed","ping_status":"closed","template":"","meta":{"_acf_changed":false,"_relevanssi_hide_post":"","_relevanssi_hide_content":"","_relevanssi_pin_for_all":"","_relevanssi_pin_keywords":"","_relevanssi_unpin_keywords":"","_relevanssi_related_keywords":"","_relevanssi_related_include_ids":"","_relevanssi_related_exclude_ids":"","_relevanssi_related_no_append":"","_relevanssi_related_not_related":"","_relevanssi_related_posts":"129,116,113,127,126,115","_relevanssi_noindex_reason":"","footnotes":""},"class_list":["post-151","page","type-page","status-publish","hentry"],"acf":[],"yoast_head":"<title>Panssariprikaatin urheilijahaku - Urheiluakatemia Tavastia<\/title>\n<meta name=\"robots\" content=\"index, follow, max-snippet:-1, max-image-preview:large, max-video-preview:-1\" \/>\n<link rel=\"canonical\" href=\"https:\/\/www.kktavastia.fi\/urheiluakatemia-tavastia\/hakeminen-urheiluakatemia-tavastiaan\/panssariprikaatin-urheilijahaku\/\" \/>\n<meta property=\"og:locale\" content=\"fi_FI\" \/>\n<meta property=\"og:type\" content=\"article\" \/>\n<meta property=\"og:title\" content=\"Panssariprikaatin urheilijahaku - Urheiluakatemia Tavastia\" \/>\n<meta property=\"og:description\" content=\"Hakeutuminen varusmiesten urheiluakatemiavalmennukseen tapahtuu kaksi kertaa vuodessa, aina uuden palvelukseen astumiser\u00e4n yhteydess\u00e4. Valmennusryhm\u00e4\u00e4n valituilla varusmiehill\u00e4 on mahdollisuus osallistua aamuvalmennukseen ti [&hellip;]\" \/>\n<meta property=\"og:url\" content=\"https:\/\/www.kktavastia.fi\/urheiluakatemia-tavastia\/hakeminen-urheiluakatemia-tavastiaan\/panssariprikaatin-urheilijahaku\/\" \/>\n<meta property=\"og:site_name\" content=\"Urheiluakatemia Tavastia\" \/>\n<meta property=\"article:modified_time\" content=\"2026-04-10T10:38:38+00:00\" \/>\n<meta property=\"og:image\" content=\"https:\/\/www.kktavastia.fi\/media\/sites\/10\/o-p-scaled.jpeg\" \/>\n\t<meta property=\"og:image:width\" content=\"1920\" \/>\n\t<meta property=\"og:image:height\" content=\"2560\" \/>\n\t<meta property=\"og:image:type\" content=\"image\/jpeg\" \/>\n<meta name=\"twitter:card\" content=\"summary_large_image\" \/>\n<script type=\"application\/ld+json\" class=\"yoast-schema-graph\">{\"@context\":\"https:\\\/\\\/schema.org\",\"@graph\":[{\"@type\":\"WebPage\",\"@id\":\"https:\\\/\\\/www.kktavastia.fi\\\/urheiluakatemia-tavastia\\\/hakeminen-urheiluakatemia-tavastiaan\\\/panssariprikaatin-urheilijahaku\\\/\",\"url\":\"https:\\\/\\\/www.kktavastia.fi\\\/urheiluakatemia-tavastia\\\/hakeminen-urheiluakatemia-tavastiaan\\\/panssariprikaatin-urheilijahaku\\\/\",\"name\":\"Panssariprikaatin urheilijahaku - Urheiluakatemia Tavastia\",\"isPartOf\":{\"@id\":\"https:\\\/\\\/www.kktavastia.fi\\\/urheiluakatemia-tavastia\\\/#website\"},\"primaryImageOfPage\":{\"@id\":\"https:\\\/\\\/www.kktavastia.fi\\\/urheiluakatemia-tavastia\\\/hakeminen-urheiluakatemia-tavastiaan\\\/panssariprikaatin-urheilijahaku\\\/#primaryimage\"},\"image\":{\"@id\":\"https:\\\/\\\/www.kktavastia.fi\\\/urheiluakatemia-tavastia\\\/hakeminen-urheiluakatemia-tavastiaan\\\/panssariprikaatin-urheilijahaku\\\/#primaryimage\"},\"thumbnailUrl\":\"https:\\\/\\\/www.kktavastia.fi\\\/media\\\/sites\\\/10\\\/o-p-768x1024.jpeg\",\"datePublished\":\"2026-03-25T09:30:59+00:00\",\"dateModified\":\"2026-04-10T10:38:38+00:00\",\"breadcrumb\":{\"@id\":\"https:\\\/\\\/www.kktavastia.fi\\\/urheiluakatemia-tavastia\\\/hakeminen-urheiluakatemia-tavastiaan\\\/panssariprikaatin-urheilijahaku\\\/#breadcrumb\"},\"inLanguage\":\"fi\",\"potentialAction\":[{\"@type\":\"ReadAction\",\"target\":[\"https:\\\/\\\/www.kktavastia.fi\\\/urheiluakatemia-tavastia\\\/hakeminen-urheiluakatemia-tavastiaan\\\/panssariprikaatin-urheilijahaku\\\/\"]}]},{\"@type\":\"ImageObject\",\"inLanguage\":\"fi\",\"@id\":\"https:\\\/\\\/www.kktavastia.fi\\\/urheiluakatemia-tavastia\\\/hakeminen-urheiluakatemia-tavastiaan\\\/panssariprikaatin-urheilijahaku\\\/#primaryimage\",\"url\":\"https:\\\/\\\/www.kktavastia.fi\\\/media\\\/sites\\\/10\\\/o-p-768x1024.jpeg\",\"contentUrl\":\"https:\\\/\\\/www.kktavastia.fi\\\/media\\\/sites\\\/10\\\/o-p-768x1024.jpeg\"},{\"@type\":\"BreadcrumbList\",\"@id\":\"https:\\\/\\\/www.kktavastia.fi\\\/urheiluakatemia-tavastia\\\/hakeminen-urheiluakatemia-tavastiaan\\\/panssariprikaatin-urheilijahaku\\\/#breadcrumb\",\"itemListElement\":[{\"@type\":\"ListItem\",\"position\":1,\"name\":\"Home\",\"item\":\"https:\\\/\\\/www.kktavastia.fi\\\/urheiluakatemia-tavastia\\\/\"},{\"@type\":\"ListItem\",\"position\":2,\"name\":\"Hakeminen\",\"item\":\"https:\\\/\\\/www.kktavastia.fi\\\/urheiluakatemia-tavastia\\\/hakeminen-urheiluakatemia-tavastiaan\\\/\"},{\"@type\":\"ListItem\",\"position\":3,\"name\":\"Panssariprikaatin urheilijahaku\"}]},{\"@type\":\"WebSite\",\"@id\":\"https:\\\/\\\/www.kktavastia.fi\\\/urheiluakatemia-tavastia\\\/#website\",\"url\":\"https:\\\/\\\/www.kktavastia.fi\\\/urheiluakatemia-tavastia\\\/\",\"name\":\"Urheiluakatemia Tavastia\",\"description\":\"\",\"potentialAction\":[{\"@type\":\"SearchAction\",\"target\":{\"@type\":\"EntryPoint\",\"urlTemplate\":\"https:\\\/\\\/www.kktavastia.fi\\\/urheiluakatemia-tavastia\\\/?s={search_term_string}\"},\"query-input\":{\"@type\":\"PropertyValueSpecification\",\"valueRequired\":true,\"valueName\":\"search_term_string\"}}],\"inLanguage\":\"fi\"}]}<\/script>","yoast_head_json":{"title":"Panssariprikaatin urheilijahaku - Urheiluakatemia Tavastia","robots":{"index":"index","follow":"follow","max-snippet":"max-snippet:-1","max-image-preview":"max-image-preview:large","max-video-preview":"max-video-preview:-1"},"canonical":"https:\/\/www.kktavastia.fi\/urheiluakatemia-tavastia\/hakeminen-urheiluakatemia-tavastiaan\/panssariprikaatin-urheilijahaku\/","og_locale":"fi_FI","og_type":"article","og_title":"Panssariprikaatin urheilijahaku - Urheiluakatemia Tavastia","og_description":"Hakeutuminen varusmiesten urheiluakatemiavalmennukseen tapahtuu kaksi kertaa vuodessa, aina uuden palvelukseen astumiser\u00e4n yhteydess\u00e4. Valmennusryhm\u00e4\u00e4n valituilla varusmiehill\u00e4 on mahdollisuus osallistua aamuvalmennukseen ti [&hellip;]","og_url":"https:\/\/www.kktavastia.fi\/urheiluakatemia-tavastia\/hakeminen-urheiluakatemia-tavastiaan\/panssariprikaatin-urheilijahaku\/","og_site_name":"Urheiluakatemia Tavastia","article_modified_time":"2026-04-10T10:38:38+00:00","og_image":[{"width":1920,"height":2560,"url":"https:\/\/www.kktavastia.fi\/media\/sites\/10\/o-p-scaled.jpeg","type":"image\/jpeg"}],"twitter_card":"summary_large_image","schema":{"@context":"https:\/\/schema.org","@graph":[{"@type":"WebPage","@id":"https:\/\/www.kktavastia.fi\/urheiluakatemia-tavastia\/hakeminen-urheiluakatemia-tavastiaan\/panssariprikaatin-urheilijahaku\/","url":"https:\/\/www.kktavastia.fi\/urheiluakatemia-tavastia\/hakeminen-urheiluakatemia-tavastiaan\/panssariprikaatin-urheilijahaku\/","name":"Panssariprikaatin urheilijahaku - Urheiluakatemia Tavastia","isPartOf":{"@id":"https:\/\/www.kktavastia.fi\/urheiluakatemia-tavastia\/#website"},"primaryImageOfPage":{"@id":"https:\/\/www.kktavastia.fi\/urheiluakatemia-tavastia\/hakeminen-urheiluakatemia-tavastiaan\/panssariprikaatin-urheilijahaku\/#primaryimage"},"image":{"@id":"https:\/\/www.kktavastia.fi\/urheiluakatemia-tavastia\/hakeminen-urheiluakatemia-tavastiaan\/panssariprikaatin-urheilijahaku\/#primaryimage"},"thumbnailUrl":"https:\/\/www.kktavastia.fi\/media\/sites\/10\/o-p-768x1024.jpeg","datePublished":"2026-03-25T09:30:59+00:00","dateModified":"2026-04-10T10:38:38+00:00","breadcrumb":{"@id":"https:\/\/www.kktavastia.fi\/urheiluakatemia-tavastia\/hakeminen-urheiluakatemia-tavastiaan\/panssariprikaatin-urheilijahaku\/#breadcrumb"},"inLanguage":"fi","potentialAction":[{"@type":"ReadAction","target":["https:\/\/www.kktavastia.fi\/urheiluakatemia-tavastia\/hakeminen-urheiluakatemia-tavastiaan\/panssariprikaatin-urheilijahaku\/"]}]},{"@type":"ImageObject","inLanguage":"fi","@id":"https:\/\/www.kktavastia.fi\/urheiluakatemia-tavastia\/hakeminen-urheiluakatemia-tavastiaan\/panssariprikaatin-urheilijahaku\/#primaryimage","url":"https:\/\/www.kktavastia.fi\/media\/sites\/10\/o-p-768x1024.jpeg","contentUrl":"https:\/\/www.kktavastia.fi\/media\/sites\/10\/o-p-768x1024.jpeg"},{"@type":"BreadcrumbList","@id":"https:\/\/www.kktavastia.fi\/urheiluakatemia-tavastia\/hakeminen-urheiluakatemia-tavastiaan\/panssariprikaatin-urheilijahaku\/#breadcrumb","itemListElement":[{"@type":"ListItem","position":1,"name":"Home","item":"https:\/\/www.kktavastia.fi\/urheiluakatemia-tavastia\/"},{"@type":"ListItem","position":2,"name":"Hakeminen","item":"https:\/\/www.kktavastia.fi\/urheiluakatemia-tavastia\/hakeminen-urheiluakatemia-tavastiaan\/"},{"@type":"ListItem","position":3,"name":"Panssariprikaatin urheilijahaku"}]},{"@type":"WebSite","@id":"https:\/\/www.kktavastia.fi\/urheiluakatemia-tavastia\/#website","url":"https:\/\/www.kktavastia.fi\/urheiluakatemia-tavastia\/","name":"Urheiluakatemia Tavastia","description":"","potentialAction":[{"@type":"SearchAction","target":{"@type":"EntryPoint","urlTemplate":"https:\/\/www.kktavastia.fi\/urheiluakatemia-tavastia\/?s={search_term_string}"},"query-input":{"@type":"PropertyValueSpecification","valueRequired":true,"valueName":"search_term_string"}}],"inLanguage":"fi"}]}},"_links":{"self":[{"href":"https:\/\/www.kktavastia.fi\/urheiluakatemia-tavastia\/wp-json\/wp\/v2\/pages\/151","targetHints":{"allow":["GET"]}}],"collection":[{"href":"https:\/\/www.kktavastia.fi\/urheiluakatemia-tavastia\/wp-json\/wp\/v2\/pages"}],"about":[{"href":"https:\/\/www.kktavastia.fi\/urheiluakatemia-tavastia\/wp-json\/wp\/v2\/types\/page"}],"author":[{"embeddable":true,"href":"https:\/\/www.kktavastia.fi\/urheiluakatemia-tavastia\/wp-json\/wp\/v2\/users\/6"}],"replies":[{"embeddable":true,"href":"https:\/\/www.kktavastia.fi\/urheiluakatemia-tavastia\/wp-json\/wp\/v2\/comments?post=151"}],"version-history":[{"count":4,"href":"https:\/\/www.kktavastia.fi\/urheiluakatemia-tavastia\/wp-json\/wp\/v2\/pages\/151\/revisions"}],"predecessor-version":[{"id":441,"href":"https:\/\/www.kktavastia.fi\/urheiluakatemia-tavastia\/wp-json\/wp\/v2\/pages\/151\/revisions\/441"}],"up":[{"embeddable":true,"href":"https:\/\/www.kktavastia.fi\/urheiluakatemia-tavastia\/wp-json\/wp\/v2\/pages\/7"}],"wp:attachment":[{"href":"https:\/\/www.kktavastia.fi\/urheiluakatemia-tavastia\/wp-json\/wp\/v2\/media?parent=151"}],"curies":[{"name":"wp","href":"https:\/\/api.w.org\/{rel}","templated":true}]}}