{"id":147,"date":"2026-03-25T11:27:28","date_gmt":"2026-03-25T09:27:28","guid":{"rendered":"https:\/\/www.kktavastia.fi\/urheiluakatemia-tavastia\/?page_id=147"},"modified":"2026-04-14T10:14:34","modified_gmt":"2026-04-14T07:14:34","slug":"ylakouluhaku","status":"publish","type":"page","link":"https:\/\/www.kktavastia.fi\/urheiluakatemia-tavastia\/hakeminen-urheiluakatemia-tavastiaan\/ylakouluhaku\/","title":{"rendered":"Yl\u00e4kouluhaku"},"content":{"rendered":"\n<h3 class=\"wp-block-heading\">H\u00e4meenlinnan seutu<\/h3>\n\n\n\n<p>Urheiluakatemian yl\u00e4koulutoimintaan voivat ilmoittautua kaikki tavoitteellisesti harjoittelevat H\u00e4meenlinnan yl\u00e4koulujen (liikuntal\u00e4hikoulut) sek\u00e4 Hattulan ja Janakkalan yl\u00e4koulujen oppilaat. Yl\u00e4koulujen aamutreenit toteutetaan torstaisin klo 7.45\u20138.45, joka ei H\u00e4meenlinnassa ole kouluaikaa. Joissain lajeissa j\u00e4rjestet\u00e4\u00e4n my\u00f6s akatemialeirityst\u00e4 3\u20134 kertaa lukuvuoden aikana.<\/p>\n\n\n\n<p>Yl\u00e4koulutoimintaan ilmoittaudutaan l\u00e4ht\u00f6kohtaisesti koko yl\u00e4koulun ajaksi 7. luokalle siirrytt\u00e4ess\u00e4, mutta mukaan voi tulla my\u00f6s vasta 8. tai 9. luokan alussa. <strong>Urheiluakatemian aamutreeniryhmiin ja akatemialeiritykseen ilmoittaudutaan alla olevan linkin kautta 15.4.\u201331.5. v\u00e4lisen\u00e4 aikana<\/strong>. Kesken vuotta H\u00e4meenlinnan seudun kouluihin muuttavat oppilaat voivat kysell\u00e4 urheiluakatemiaharjoituksiin liittymist\u00e4 suoraan UAT koordinaattorilta.<\/p>\n\n\n\n<p>Ilmoittautuminen H\u00e4meenlinnan yl\u00e4koululaisten aamuvalmennukseen lukuvuodelle 2026 &#8211; 2027 10.4. alkaen <a href=\"https:\/\/uusi.kuntapalvelut.fi\/hameenlinnanharrastustoiminta\/fi\/?q=subject%3A143&amp;page=1\">t\u00e4st\u00e4<\/a><\/p>\n\n\n\n<p>Mik\u00e4li urheilija j\u00e4\u00e4 pois urheiluakatemiatoiminnasta kesken yl\u00e4koulun, pyydet\u00e4\u00e4n huoltajia ilmoittamaan siit\u00e4 urheiluakatemian koordinaattorille v\u00e4litt\u00f6m\u00e4sti.<\/p>\n\n\n\n<h3 class=\"wp-block-heading\">Forssan seutu<\/h3>\n\n\n\n<p>Tiedote lukuvuoden 2026-27 aamutreeneist\u00e4 l\u00e4hetet\u00e4\u00e4n Forssan, Jokioisten ja Tammelan yl\u00e4koululaisten huoltajille kev\u00e4\u00e4n 2026 aikana Wilman kautta. Tiedotteessa on my\u00f6s ohjeet ilmoittautumiseen. <\/p>\n\n\n\n<p><\/p>\n\n\n\n<h3 class=\"wp-block-heading\">Yhteystiedot<\/h3>\n\n\n\n<div class=\"wp-block-media-text is-stacked-on-mobile\" style=\"grid-template-columns:15% auto\"><figure class=\"wp-block-media-text__media\"><img loading=\"lazy\" decoding=\"async\" width=\"768\" height=\"1024\" src=\"https:\/\/www.kktavastia.fi\/media\/sites\/10\/o-p-768x1024.jpeg\" alt=\"\" class=\"wp-image-421 size-full\" srcset=\"https:\/\/www.kktavastia.fi\/media\/sites\/10\/o-p-768x1024.jpeg 768w, https:\/\/www.kktavastia.fi\/media\/sites\/10\/o-p-225x300.jpeg 225w, https:\/\/www.kktavastia.fi\/media\/sites\/10\/o-p-1152x1536.jpeg 1152w, https:\/\/www.kktavastia.fi\/media\/sites\/10\/o-p-1536x2048.jpeg 1536w, https:\/\/www.kktavastia.fi\/media\/sites\/10\/o-p-345x460.jpeg 345w, https:\/\/www.kktavastia.fi\/media\/sites\/10\/o-p-15x20.jpeg 15w, https:\/\/www.kktavastia.fi\/media\/sites\/10\/o-p-scaled.jpeg 1920w\" sizes=\"auto, (max-width: 768px) 100vw, 768px\" \/><\/figure><div class=\"wp-block-media-text__content\">\n<p>Olli-Pekka Hakala<br>Koordinaattori<br>Urheiluakatemia Tavastia<br><a href=\"mailto:olli-pekka.hakala@kktavastia.fi\">olli-pekka.hakala@kktavastia.fi<\/a><br>p. 050 596 9901<\/p>\n<\/div><\/div>\n\n\n\n<div class=\"wp-block-media-text is-stacked-on-mobile\" style=\"grid-template-columns:15% auto\"><figure class=\"wp-block-media-text__media\"><img loading=\"lazy\" decoding=\"async\" width=\"896\" height=\"1024\" src=\"https:\/\/www.kktavastia.fi\/media\/sites\/10\/niinaheikkila-hml-kaupunki-896x1024.jpg\" alt=\"\" class=\"wp-image-458 size-full\" srcset=\"https:\/\/www.kktavastia.fi\/media\/sites\/10\/niinaheikkila-hml-kaupunki-896x1024.jpg 896w, https:\/\/www.kktavastia.fi\/media\/sites\/10\/niinaheikkila-hml-kaupunki-263x300.jpg 263w, https:\/\/www.kktavastia.fi\/media\/sites\/10\/niinaheikkila-hml-kaupunki-768x877.jpg 768w, https:\/\/www.kktavastia.fi\/media\/sites\/10\/niinaheikkila-hml-kaupunki-1345x1536.jpg 1345w, https:\/\/www.kktavastia.fi\/media\/sites\/10\/niinaheikkila-hml-kaupunki-1793x2048.jpg 1793w, https:\/\/www.kktavastia.fi\/media\/sites\/10\/niinaheikkila-hml-kaupunki-403x460.jpg 403w, https:\/\/www.kktavastia.fi\/media\/sites\/10\/niinaheikkila-hml-kaupunki-18x20.jpg 18w\" sizes=\"auto, (max-width: 896px) 100vw, 896px\" \/><\/figure><div class=\"wp-block-media-text__content\">\n<p>Niina Heikkil\u00e4<br>Opetuspalvelujen asiantuntija<br>H\u00e4meenlinnan kaupunki<br><a href=\"mailto:niina.heikkila@hameenlinna.fi\">niina.heikkila@hameenlinna.fi<\/a> <br>p. 040 703 8400<\/p>\n<\/div><\/div>\n\n\n\n<p><strong>Forssan seudun urheiluakatemiatoiminta:<\/strong><\/p>\n\n\n\n<div class=\"wp-block-media-text is-stacked-on-mobile\" style=\"grid-template-columns:15% auto\"><figure class=\"wp-block-media-text__media\"><img loading=\"lazy\" decoding=\"async\" width=\"768\" height=\"1024\" src=\"https:\/\/www.kktavastia.fi\/media\/sites\/10\/mikko-lilja-768x1024.jpeg\" alt=\"\" class=\"wp-image-426 size-full\" srcset=\"https:\/\/www.kktavastia.fi\/media\/sites\/10\/mikko-lilja-768x1024.jpeg 768w, https:\/\/www.kktavastia.fi\/media\/sites\/10\/mikko-lilja-225x300.jpeg 225w, https:\/\/www.kktavastia.fi\/media\/sites\/10\/mikko-lilja-1152x1536.jpeg 1152w, https:\/\/www.kktavastia.fi\/media\/sites\/10\/mikko-lilja-345x460.jpeg 345w, https:\/\/www.kktavastia.fi\/media\/sites\/10\/mikko-lilja-15x20.jpeg 15w, https:\/\/www.kktavastia.fi\/media\/sites\/10\/mikko-lilja.jpeg 1536w\" sizes=\"auto, (max-width: 768px) 100vw, 768px\" \/><\/figure><div class=\"wp-block-media-text__content\">\n<p>Koordinaattori Mikko Lilja<br><a href=\"mailto:info@suvi-ilta.fi\">info@suvi-ilta.fi<\/a><br>p. 050 465 7414<\/p>\n<\/div><\/div>\n","protected":false},"excerpt":{"rendered":"<p>H\u00e4meenlinnan seutu Urheiluakatemian yl\u00e4koulutoimintaan voivat ilmoittautua kaikki tavoitteellisesti harjoittelevat H\u00e4meenlinnan yl\u00e4koulujen (liikuntal\u00e4hikoulut) sek\u00e4 Hattulan ja Janakkalan yl\u00e4koulujen oppilaat. Yl\u00e4koulujen aamutreenit [&hellip;]<\/p>\n","protected":false},"author":6,"featured_media":0,"parent":7,"menu_order":0,"comment_status":"closed","ping_status":"closed","template":"","meta":{"_acf_changed":false,"_relevanssi_hide_post":"","_relevanssi_hide_content":"","_relevanssi_pin_for_all":"","_relevanssi_pin_keywords":"","_relevanssi_unpin_keywords":"","_relevanssi_related_keywords":"","_relevanssi_related_include_ids":"","_relevanssi_related_exclude_ids":"","_relevanssi_related_no_append":"","_relevanssi_related_not_related":"","_relevanssi_related_posts":"119,126,111,114,127,130","_relevanssi_noindex_reason":"","footnotes":""},"class_list":["post-147","page","type-page","status-publish","hentry"],"acf":[],"yoast_head":"<title>Yl\u00e4kouluhaku - Urheiluakatemia Tavastia<\/title>\n<meta name=\"robots\" content=\"index, follow, max-snippet:-1, max-image-preview:large, max-video-preview:-1\" \/>\n<link rel=\"canonical\" href=\"https:\/\/www.kktavastia.fi\/urheiluakatemia-tavastia\/hakeminen-urheiluakatemia-tavastiaan\/ylakouluhaku\/\" \/>\n<meta property=\"og:locale\" content=\"fi_FI\" \/>\n<meta property=\"og:type\" content=\"article\" \/>\n<meta property=\"og:title\" content=\"Yl\u00e4kouluhaku - Urheiluakatemia Tavastia\" \/>\n<meta property=\"og:description\" content=\"H\u00e4meenlinnan seutu Urheiluakatemian yl\u00e4koulutoimintaan voivat ilmoittautua kaikki tavoitteellisesti harjoittelevat H\u00e4meenlinnan yl\u00e4koulujen (liikuntal\u00e4hikoulut) sek\u00e4 Hattulan ja Janakkalan yl\u00e4koulujen oppilaat. Yl\u00e4koulujen aamutreenit [&hellip;]\" \/>\n<meta property=\"og:url\" content=\"https:\/\/www.kktavastia.fi\/urheiluakatemia-tavastia\/hakeminen-urheiluakatemia-tavastiaan\/ylakouluhaku\/\" \/>\n<meta property=\"og:site_name\" content=\"Urheiluakatemia Tavastia\" \/>\n<meta property=\"article:modified_time\" content=\"2026-04-14T07:14:34+00:00\" \/>\n<meta property=\"og:image\" content=\"https:\/\/www.kktavastia.fi\/media\/sites\/10\/o-p-scaled.jpeg\" \/>\n\t<meta property=\"og:image:width\" content=\"1920\" \/>\n\t<meta property=\"og:image:height\" content=\"2560\" \/>\n\t<meta property=\"og:image:type\" content=\"image\/jpeg\" \/>\n<meta name=\"twitter:card\" content=\"summary_large_image\" \/>\n<script type=\"application\/ld+json\" class=\"yoast-schema-graph\">{\"@context\":\"https:\\\/\\\/schema.org\",\"@graph\":[{\"@type\":\"WebPage\",\"@id\":\"https:\\\/\\\/www.kktavastia.fi\\\/urheiluakatemia-tavastia\\\/hakeminen-urheiluakatemia-tavastiaan\\\/ylakouluhaku\\\/\",\"url\":\"https:\\\/\\\/www.kktavastia.fi\\\/urheiluakatemia-tavastia\\\/hakeminen-urheiluakatemia-tavastiaan\\\/ylakouluhaku\\\/\",\"name\":\"Yl\u00e4kouluhaku - Urheiluakatemia Tavastia\",\"isPartOf\":{\"@id\":\"https:\\\/\\\/www.kktavastia.fi\\\/urheiluakatemia-tavastia\\\/#website\"},\"primaryImageOfPage\":{\"@id\":\"https:\\\/\\\/www.kktavastia.fi\\\/urheiluakatemia-tavastia\\\/hakeminen-urheiluakatemia-tavastiaan\\\/ylakouluhaku\\\/#primaryimage\"},\"image\":{\"@id\":\"https:\\\/\\\/www.kktavastia.fi\\\/urheiluakatemia-tavastia\\\/hakeminen-urheiluakatemia-tavastiaan\\\/ylakouluhaku\\\/#primaryimage\"},\"thumbnailUrl\":\"https:\\\/\\\/www.kktavastia.fi\\\/media\\\/sites\\\/10\\\/o-p-768x1024.jpeg\",\"datePublished\":\"2026-03-25T09:27:28+00:00\",\"dateModified\":\"2026-04-14T07:14:34+00:00\",\"breadcrumb\":{\"@id\":\"https:\\\/\\\/www.kktavastia.fi\\\/urheiluakatemia-tavastia\\\/hakeminen-urheiluakatemia-tavastiaan\\\/ylakouluhaku\\\/#breadcrumb\"},\"inLanguage\":\"fi\",\"potentialAction\":[{\"@type\":\"ReadAction\",\"target\":[\"https:\\\/\\\/www.kktavastia.fi\\\/urheiluakatemia-tavastia\\\/hakeminen-urheiluakatemia-tavastiaan\\\/ylakouluhaku\\\/\"]}]},{\"@type\":\"ImageObject\",\"inLanguage\":\"fi\",\"@id\":\"https:\\\/\\\/www.kktavastia.fi\\\/urheiluakatemia-tavastia\\\/hakeminen-urheiluakatemia-tavastiaan\\\/ylakouluhaku\\\/#primaryimage\",\"url\":\"https:\\\/\\\/www.kktavastia.fi\\\/media\\\/sites\\\/10\\\/o-p-768x1024.jpeg\",\"contentUrl\":\"https:\\\/\\\/www.kktavastia.fi\\\/media\\\/sites\\\/10\\\/o-p-768x1024.jpeg\"},{\"@type\":\"BreadcrumbList\",\"@id\":\"https:\\\/\\\/www.kktavastia.fi\\\/urheiluakatemia-tavastia\\\/hakeminen-urheiluakatemia-tavastiaan\\\/ylakouluhaku\\\/#breadcrumb\",\"itemListElement\":[{\"@type\":\"ListItem\",\"position\":1,\"name\":\"Home\",\"item\":\"https:\\\/\\\/www.kktavastia.fi\\\/urheiluakatemia-tavastia\\\/\"},{\"@type\":\"ListItem\",\"position\":2,\"name\":\"Hakeminen\",\"item\":\"https:\\\/\\\/www.kktavastia.fi\\\/urheiluakatemia-tavastia\\\/hakeminen-urheiluakatemia-tavastiaan\\\/\"},{\"@type\":\"ListItem\",\"position\":3,\"name\":\"Yl\u00e4kouluhaku\"}]},{\"@type\":\"WebSite\",\"@id\":\"https:\\\/\\\/www.kktavastia.fi\\\/urheiluakatemia-tavastia\\\/#website\",\"url\":\"https:\\\/\\\/www.kktavastia.fi\\\/urheiluakatemia-tavastia\\\/\",\"name\":\"Urheiluakatemia Tavastia\",\"description\":\"\",\"potentialAction\":[{\"@type\":\"SearchAction\",\"target\":{\"@type\":\"EntryPoint\",\"urlTemplate\":\"https:\\\/\\\/www.kktavastia.fi\\\/urheiluakatemia-tavastia\\\/?s={search_term_string}\"},\"query-input\":{\"@type\":\"PropertyValueSpecification\",\"valueRequired\":true,\"valueName\":\"search_term_string\"}}],\"inLanguage\":\"fi\"}]}<\/script>","yoast_head_json":{"title":"Yl\u00e4kouluhaku - Urheiluakatemia Tavastia","robots":{"index":"index","follow":"follow","max-snippet":"max-snippet:-1","max-image-preview":"max-image-preview:large","max-video-preview":"max-video-preview:-1"},"canonical":"https:\/\/www.kktavastia.fi\/urheiluakatemia-tavastia\/hakeminen-urheiluakatemia-tavastiaan\/ylakouluhaku\/","og_locale":"fi_FI","og_type":"article","og_title":"Yl\u00e4kouluhaku - Urheiluakatemia Tavastia","og_description":"H\u00e4meenlinnan seutu Urheiluakatemian yl\u00e4koulutoimintaan voivat ilmoittautua kaikki tavoitteellisesti harjoittelevat H\u00e4meenlinnan yl\u00e4koulujen (liikuntal\u00e4hikoulut) sek\u00e4 Hattulan ja Janakkalan yl\u00e4koulujen oppilaat. Yl\u00e4koulujen aamutreenit [&hellip;]","og_url":"https:\/\/www.kktavastia.fi\/urheiluakatemia-tavastia\/hakeminen-urheiluakatemia-tavastiaan\/ylakouluhaku\/","og_site_name":"Urheiluakatemia Tavastia","article_modified_time":"2026-04-14T07:14:34+00:00","og_image":[{"width":1920,"height":2560,"url":"https:\/\/www.kktavastia.fi\/media\/sites\/10\/o-p-scaled.jpeg","type":"image\/jpeg"}],"twitter_card":"summary_large_image","schema":{"@context":"https:\/\/schema.org","@graph":[{"@type":"WebPage","@id":"https:\/\/www.kktavastia.fi\/urheiluakatemia-tavastia\/hakeminen-urheiluakatemia-tavastiaan\/ylakouluhaku\/","url":"https:\/\/www.kktavastia.fi\/urheiluakatemia-tavastia\/hakeminen-urheiluakatemia-tavastiaan\/ylakouluhaku\/","name":"Yl\u00e4kouluhaku - Urheiluakatemia Tavastia","isPartOf":{"@id":"https:\/\/www.kktavastia.fi\/urheiluakatemia-tavastia\/#website"},"primaryImageOfPage":{"@id":"https:\/\/www.kktavastia.fi\/urheiluakatemia-tavastia\/hakeminen-urheiluakatemia-tavastiaan\/ylakouluhaku\/#primaryimage"},"image":{"@id":"https:\/\/www.kktavastia.fi\/urheiluakatemia-tavastia\/hakeminen-urheiluakatemia-tavastiaan\/ylakouluhaku\/#primaryimage"},"thumbnailUrl":"https:\/\/www.kktavastia.fi\/media\/sites\/10\/o-p-768x1024.jpeg","datePublished":"2026-03-25T09:27:28+00:00","dateModified":"2026-04-14T07:14:34+00:00","breadcrumb":{"@id":"https:\/\/www.kktavastia.fi\/urheiluakatemia-tavastia\/hakeminen-urheiluakatemia-tavastiaan\/ylakouluhaku\/#breadcrumb"},"inLanguage":"fi","potentialAction":[{"@type":"ReadAction","target":["https:\/\/www.kktavastia.fi\/urheiluakatemia-tavastia\/hakeminen-urheiluakatemia-tavastiaan\/ylakouluhaku\/"]}]},{"@type":"ImageObject","inLanguage":"fi","@id":"https:\/\/www.kktavastia.fi\/urheiluakatemia-tavastia\/hakeminen-urheiluakatemia-tavastiaan\/ylakouluhaku\/#primaryimage","url":"https:\/\/www.kktavastia.fi\/media\/sites\/10\/o-p-768x1024.jpeg","contentUrl":"https:\/\/www.kktavastia.fi\/media\/sites\/10\/o-p-768x1024.jpeg"},{"@type":"BreadcrumbList","@id":"https:\/\/www.kktavastia.fi\/urheiluakatemia-tavastia\/hakeminen-urheiluakatemia-tavastiaan\/ylakouluhaku\/#breadcrumb","itemListElement":[{"@type":"ListItem","position":1,"name":"Home","item":"https:\/\/www.kktavastia.fi\/urheiluakatemia-tavastia\/"},{"@type":"ListItem","position":2,"name":"Hakeminen","item":"https:\/\/www.kktavastia.fi\/urheiluakatemia-tavastia\/hakeminen-urheiluakatemia-tavastiaan\/"},{"@type":"ListItem","position":3,"name":"Yl\u00e4kouluhaku"}]},{"@type":"WebSite","@id":"https:\/\/www.kktavastia.fi\/urheiluakatemia-tavastia\/#website","url":"https:\/\/www.kktavastia.fi\/urheiluakatemia-tavastia\/","name":"Urheiluakatemia Tavastia","description":"","potentialAction":[{"@type":"SearchAction","target":{"@type":"EntryPoint","urlTemplate":"https:\/\/www.kktavastia.fi\/urheiluakatemia-tavastia\/?s={search_term_string}"},"query-input":{"@type":"PropertyValueSpecification","valueRequired":true,"valueName":"search_term_string"}}],"inLanguage":"fi"}]}},"_links":{"self":[{"href":"https:\/\/www.kktavastia.fi\/urheiluakatemia-tavastia\/wp-json\/wp\/v2\/pages\/147","targetHints":{"allow":["GET"]}}],"collection":[{"href":"https:\/\/www.kktavastia.fi\/urheiluakatemia-tavastia\/wp-json\/wp\/v2\/pages"}],"about":[{"href":"https:\/\/www.kktavastia.fi\/urheiluakatemia-tavastia\/wp-json\/wp\/v2\/types\/page"}],"author":[{"embeddable":true,"href":"https:\/\/www.kktavastia.fi\/urheiluakatemia-tavastia\/wp-json\/wp\/v2\/users\/6"}],"replies":[{"embeddable":true,"href":"https:\/\/www.kktavastia.fi\/urheiluakatemia-tavastia\/wp-json\/wp\/v2\/comments?post=147"}],"version-history":[{"count":10,"href":"https:\/\/www.kktavastia.fi\/urheiluakatemia-tavastia\/wp-json\/wp\/v2\/pages\/147\/revisions"}],"predecessor-version":[{"id":459,"href":"https:\/\/www.kktavastia.fi\/urheiluakatemia-tavastia\/wp-json\/wp\/v2\/pages\/147\/revisions\/459"}],"up":[{"embeddable":true,"href":"https:\/\/www.kktavastia.fi\/urheiluakatemia-tavastia\/wp-json\/wp\/v2\/pages\/7"}],"wp:attachment":[{"href":"https:\/\/www.kktavastia.fi\/urheiluakatemia-tavastia\/wp-json\/wp\/v2\/media?parent=147"}],"curies":[{"name":"wp","href":"https:\/\/api.w.org\/{rel}","templated":true}]}}