{"id":140,"date":"2026-03-25T11:23:08","date_gmt":"2026-03-25T09:23:08","guid":{"rendered":"https:\/\/www.kktavastia.fi\/urheiluakatemia-tavastia\/?page_id=140"},"modified":"2026-04-14T10:13:16","modified_gmt":"2026-04-14T07:13:16","slug":"toisen-asteen-haku","status":"publish","type":"page","link":"https:\/\/www.kktavastia.fi\/urheiluakatemia-tavastia\/hakeminen-urheiluakatemia-tavastiaan\/toisen-asteen-haku\/","title":{"rendered":"Toisen asteen haku"},"content":{"rendered":"\n<h3 class=\"wp-block-heading\">H\u00e4meenlinnan lyseon lukio, urheilulinja<\/h3>\n\n\n\n<p>Lyseon lukion urheilulinjalle haetaan kev\u00e4\u00e4n yhteishaussa, jossa t\u00e4ytet\u00e4\u00e4n urheilijan lis\u00e4kysymykset. Urheilulinjalla on 36 aloituspaikkaa. Valinnat tehd\u00e4\u00e4n lajiliittopisteiden, peruskoulun p\u00e4\u00e4st\u00f6todistuksen ja koulupisteiden sek\u00e4 mahdollisen haastattelun perusteella. Erillist\u00e4 soveltuvuuskoetta ei j\u00e4rjestet\u00e4. <\/p>\n\n\n\n<p><a href=\"https:\/\/www.kktavastia.fi\/lukiot-hameenlinnan-lyseo\/erityislinjat\/urheilulinja\/\">Lue lis\u00e4\u00e4 urheilulinjasta t\u00e4\u00e4lt\u00e4<\/a>.<\/p>\n\n\n\n<h3 class=\"wp-block-heading\">Ammattiopisto Tavastia, kilpaurheilupolku<\/h3>\n\n\n\n<p>Ammattiopisto Tavastiaan opiskelupaikan saanut urheilija voi hakea urheiluakatemian j\u00e4senyytt\u00e4, mik\u00e4li h\u00e4nell\u00e4 on s\u00e4\u00e4nn\u00f6llinen ja tavoitteellinen kilpaurheilutausta sek\u00e4 motivaatio kehitty\u00e4 urheilujana kohti lajinsa kansallista\/kansainv\u00e4list\u00e4 tasoa. <a href=\"https:\/\/www.kktavastia.fi\/ammattiopisto\/opiskelijalle\/opiskelu\/hoks-ja-opiskelupolut\/\">Tutustu opiskelijan kilpaurheilupolkuun t\u00e4\u00e4ll\u00e4<\/a>.<\/p>\n\n\n\n<p>Hakuaika yhteishaun kautta opiskelijaksi valituille on 15.6.\u201315.8. Jatkuvan haun kautta opiskelupaikan saaneet voivat hakea j\u00e4senyytt\u00e4 my\u00f6s muina aikoina. Valinnat tiedotetaan hakijalle noin kahden viikon kuluessa hakemisesta. <\/p>\n\n\n\n<p><a href=\"https:\/\/link.webropolsurveys.com\/Participation\/Public\/1e1a1afe-4d2e-4216-ada4-012937eb4c3e?displayId=Fin3107938\">Hae Ammattiopisto Tavastian kilpaurheilupolulle<\/a><\/p>\n\n\n\n<h3 class=\"wp-block-heading\">Forssan yhteislyseo<\/h3>\n\n\n\n<p>Forssan yhteislyseo kuuluu Urheiluakatemia Tavastiaan ja akatemiavalmennuksesta voi saada 11 lukion kurssia. Urheiluakatemiaan haetaan erillisell\u00e4 lomakkeella. <a href=\"https:\/\/peda.net\/forssa\/forssan-yhteislyseo\/paivitettavia-sivuja\/urheiluakatemia\">Hakuohjeet ja lomakkeen l\u00f6yd\u00e4t t\u00e4\u00e4lt\u00e4<\/a>. Urheiluakatemiavalmennukseen valitaan tavoitteellisia, huipulle t\u00e4ht\u00e4\u00e4vi\u00e4 kilpaurheilijoita.<\/p>\n\n\n\n<h3 class=\"wp-block-heading\">Yhteystiedot<\/h3>\n\n\n\n<div class=\"wp-block-media-text is-stacked-on-mobile\" style=\"grid-template-columns:15% auto\"><figure class=\"wp-block-media-text__media\"><img loading=\"lazy\" decoding=\"async\" width=\"768\" height=\"1024\" src=\"https:\/\/www.kktavastia.fi\/media\/sites\/10\/o-p-768x1024.jpeg\" alt=\"\" class=\"wp-image-421 size-large\" srcset=\"https:\/\/www.kktavastia.fi\/media\/sites\/10\/o-p-768x1024.jpeg 768w, https:\/\/www.kktavastia.fi\/media\/sites\/10\/o-p-225x300.jpeg 225w, https:\/\/www.kktavastia.fi\/media\/sites\/10\/o-p-1152x1536.jpeg 1152w, https:\/\/www.kktavastia.fi\/media\/sites\/10\/o-p-1536x2048.jpeg 1536w, https:\/\/www.kktavastia.fi\/media\/sites\/10\/o-p-345x460.jpeg 345w, https:\/\/www.kktavastia.fi\/media\/sites\/10\/o-p-15x20.jpeg 15w, https:\/\/www.kktavastia.fi\/media\/sites\/10\/o-p-scaled.jpeg 1920w\" sizes=\"auto, (max-width: 768px) 100vw, 768px\" \/><\/figure><div class=\"wp-block-media-text__content\">\n<p>Olli-Pekka Hakala<br>Koordinaattori<br>Urheiluakatemia Tavastia<br><a href=\"mailto:olli-pekka.hakala@kktavastia.fi\">olli-pekka.hakala@kktavastia.fi<\/a><br>050 596 9901<\/p>\n<\/div><\/div>\n\n\n\n<div class=\"wp-block-media-text is-stacked-on-mobile\" style=\"grid-template-columns:15% auto\"><figure class=\"wp-block-media-text__media\"><img loading=\"lazy\" decoding=\"async\" width=\"814\" height=\"749\" src=\"https:\/\/www.kktavastia.fi\/media\/sites\/10\/tiina-kivinen.jpeg\" alt=\"\" class=\"wp-image-454 size-full\" srcset=\"https:\/\/www.kktavastia.fi\/media\/sites\/10\/tiina-kivinen.jpeg 814w, https:\/\/www.kktavastia.fi\/media\/sites\/10\/tiina-kivinen-300x276.jpeg 300w, https:\/\/www.kktavastia.fi\/media\/sites\/10\/tiina-kivinen-768x707.jpeg 768w, https:\/\/www.kktavastia.fi\/media\/sites\/10\/tiina-kivinen-460x423.jpeg 460w, https:\/\/www.kktavastia.fi\/media\/sites\/10\/tiina-kivinen-20x18.jpeg 20w\" sizes=\"auto, (max-width: 814px) 100vw, 814px\" \/><\/figure><div class=\"wp-block-media-text__content\">\n<p>Tiina Kivinen<br>Apulaisrehtori<br>H\u00e4meenlinnan Lyseon lukio<br><a href=\"mailto:tiina.kivinen@kktavastia.fi\">tiina.kivinen@kktavastia.fi<\/a><br>040 500 8913<\/p>\n<\/div><\/div>\n\n\n\n<p><strong>Forssan seudun akatemiatoiminta:<\/strong><\/p>\n\n\n\n<div class=\"wp-block-media-text is-stacked-on-mobile\" style=\"grid-template-columns:15% auto\"><figure class=\"wp-block-media-text__media\"><img loading=\"lazy\" decoding=\"async\" width=\"225\" height=\"300\" src=\"https:\/\/www.kktavastia.fi\/media\/sites\/10\/mikko-lilja-225x300.jpeg\" alt=\"\" class=\"wp-image-426 size-medium\" srcset=\"https:\/\/www.kktavastia.fi\/media\/sites\/10\/mikko-lilja-225x300.jpeg 225w, https:\/\/www.kktavastia.fi\/media\/sites\/10\/mikko-lilja-768x1024.jpeg 768w, https:\/\/www.kktavastia.fi\/media\/sites\/10\/mikko-lilja-1152x1536.jpeg 1152w, https:\/\/www.kktavastia.fi\/media\/sites\/10\/mikko-lilja-345x460.jpeg 345w, https:\/\/www.kktavastia.fi\/media\/sites\/10\/mikko-lilja-15x20.jpeg 15w, https:\/\/www.kktavastia.fi\/media\/sites\/10\/mikko-lilja.jpeg 1536w\" sizes=\"auto, (max-width: 225px) 100vw, 225px\" \/><\/figure><div class=\"wp-block-media-text__content\">\n<p>Koordinaattori Mikko Lilja<br><a href=\"mailto:info@suvi-ilta.fi\">info@suvi-ilta.fi<\/a><br>050 465 7414<\/p>\n<\/div><\/div>\n\n\n\n<div class=\"wp-block-media-text is-stacked-on-mobile\" style=\"grid-template-columns:15% auto\"><figure class=\"wp-block-media-text__media\"><img loading=\"lazy\" decoding=\"async\" width=\"768\" height=\"1024\" src=\"https:\/\/www.kktavastia.fi\/media\/sites\/10\/simo-veistola-forssan-yhteislyseo-768x1024.jpg\" alt=\"\" class=\"wp-image-455 size-full\" srcset=\"https:\/\/www.kktavastia.fi\/media\/sites\/10\/simo-veistola-forssan-yhteislyseo-768x1024.jpg 768w, https:\/\/www.kktavastia.fi\/media\/sites\/10\/simo-veistola-forssan-yhteislyseo-225x300.jpg 225w, https:\/\/www.kktavastia.fi\/media\/sites\/10\/simo-veistola-forssan-yhteislyseo-1152x1536.jpg 1152w, https:\/\/www.kktavastia.fi\/media\/sites\/10\/simo-veistola-forssan-yhteislyseo-345x460.jpg 345w, https:\/\/www.kktavastia.fi\/media\/sites\/10\/simo-veistola-forssan-yhteislyseo-15x20.jpg 15w, https:\/\/www.kktavastia.fi\/media\/sites\/10\/simo-veistola-forssan-yhteislyseo.jpg 1536w\" sizes=\"auto, (max-width: 768px) 100vw, 768px\" \/><\/figure><div class=\"wp-block-media-text__content\">\n<p>Simo Veistola<br>Rehtori, Forssan yhteislyseo<br><a href=\"mailto:simo.veistola@forssa.fi\">simo.veistola@forssa.fi<\/a><br>050 564 0057<\/p>\n<\/div><\/div>\n\n\n\n<p><\/p>\n","protected":false},"excerpt":{"rendered":"<p>H\u00e4meenlinnan lyseon lukio, urheilulinja Lyseon lukion urheilulinjalle haetaan kev\u00e4\u00e4n yhteishaussa, jossa t\u00e4ytet\u00e4\u00e4n urheilijan lis\u00e4kysymykset. Urheilulinjalla on 36 aloituspaikkaa. Valinnat tehd\u00e4\u00e4n [&hellip;]<\/p>\n","protected":false},"author":6,"featured_media":0,"parent":7,"menu_order":0,"comment_status":"closed","ping_status":"closed","template":"","meta":{"_acf_changed":false,"_relevanssi_hide_post":"","_relevanssi_hide_content":"","_relevanssi_pin_for_all":"","_relevanssi_pin_keywords":"","_relevanssi_unpin_keywords":"","_relevanssi_related_keywords":"","_relevanssi_related_include_ids":"","_relevanssi_related_exclude_ids":"","_relevanssi_related_no_append":"","_relevanssi_related_not_related":"","_relevanssi_related_posts":"127,130,115,129,121,122","_relevanssi_noindex_reason":"","footnotes":""},"class_list":["post-140","page","type-page","status-publish","hentry"],"acf":[],"yoast_head":"<title>Toisen asteen haku - Urheiluakatemia Tavastia<\/title>\n<meta name=\"robots\" content=\"index, follow, max-snippet:-1, max-image-preview:large, max-video-preview:-1\" \/>\n<link rel=\"canonical\" href=\"https:\/\/www.kktavastia.fi\/urheiluakatemia-tavastia\/hakeminen-urheiluakatemia-tavastiaan\/toisen-asteen-haku\/\" \/>\n<meta property=\"og:locale\" content=\"fi_FI\" \/>\n<meta property=\"og:type\" content=\"article\" \/>\n<meta property=\"og:title\" content=\"Toisen asteen haku - Urheiluakatemia Tavastia\" \/>\n<meta property=\"og:description\" content=\"H\u00e4meenlinnan lyseon lukio, urheilulinja Lyseon lukion urheilulinjalle haetaan kev\u00e4\u00e4n yhteishaussa, jossa t\u00e4ytet\u00e4\u00e4n urheilijan lis\u00e4kysymykset. Urheilulinjalla on 36 aloituspaikkaa. Valinnat tehd\u00e4\u00e4n [&hellip;]\" \/>\n<meta property=\"og:url\" content=\"https:\/\/www.kktavastia.fi\/urheiluakatemia-tavastia\/hakeminen-urheiluakatemia-tavastiaan\/toisen-asteen-haku\/\" \/>\n<meta property=\"og:site_name\" content=\"Urheiluakatemia Tavastia\" \/>\n<meta property=\"article:modified_time\" content=\"2026-04-14T07:13:16+00:00\" \/>\n<meta property=\"og:image\" content=\"https:\/\/www.kktavastia.fi\/media\/sites\/10\/o-p-scaled.jpeg\" \/>\n\t<meta property=\"og:image:width\" content=\"1920\" \/>\n\t<meta property=\"og:image:height\" content=\"2560\" \/>\n\t<meta property=\"og:image:type\" content=\"image\/jpeg\" \/>\n<meta name=\"twitter:card\" content=\"summary_large_image\" \/>\n<script type=\"application\/ld+json\" class=\"yoast-schema-graph\">{\"@context\":\"https:\\\/\\\/schema.org\",\"@graph\":[{\"@type\":\"WebPage\",\"@id\":\"https:\\\/\\\/www.kktavastia.fi\\\/urheiluakatemia-tavastia\\\/hakeminen-urheiluakatemia-tavastiaan\\\/toisen-asteen-haku\\\/\",\"url\":\"https:\\\/\\\/www.kktavastia.fi\\\/urheiluakatemia-tavastia\\\/hakeminen-urheiluakatemia-tavastiaan\\\/toisen-asteen-haku\\\/\",\"name\":\"Toisen asteen haku - Urheiluakatemia Tavastia\",\"isPartOf\":{\"@id\":\"https:\\\/\\\/www.kktavastia.fi\\\/urheiluakatemia-tavastia\\\/#website\"},\"primaryImageOfPage\":{\"@id\":\"https:\\\/\\\/www.kktavastia.fi\\\/urheiluakatemia-tavastia\\\/hakeminen-urheiluakatemia-tavastiaan\\\/toisen-asteen-haku\\\/#primaryimage\"},\"image\":{\"@id\":\"https:\\\/\\\/www.kktavastia.fi\\\/urheiluakatemia-tavastia\\\/hakeminen-urheiluakatemia-tavastiaan\\\/toisen-asteen-haku\\\/#primaryimage\"},\"thumbnailUrl\":\"https:\\\/\\\/www.kktavastia.fi\\\/media\\\/sites\\\/10\\\/o-p-768x1024.jpeg\",\"datePublished\":\"2026-03-25T09:23:08+00:00\",\"dateModified\":\"2026-04-14T07:13:16+00:00\",\"breadcrumb\":{\"@id\":\"https:\\\/\\\/www.kktavastia.fi\\\/urheiluakatemia-tavastia\\\/hakeminen-urheiluakatemia-tavastiaan\\\/toisen-asteen-haku\\\/#breadcrumb\"},\"inLanguage\":\"fi\",\"potentialAction\":[{\"@type\":\"ReadAction\",\"target\":[\"https:\\\/\\\/www.kktavastia.fi\\\/urheiluakatemia-tavastia\\\/hakeminen-urheiluakatemia-tavastiaan\\\/toisen-asteen-haku\\\/\"]}]},{\"@type\":\"ImageObject\",\"inLanguage\":\"fi\",\"@id\":\"https:\\\/\\\/www.kktavastia.fi\\\/urheiluakatemia-tavastia\\\/hakeminen-urheiluakatemia-tavastiaan\\\/toisen-asteen-haku\\\/#primaryimage\",\"url\":\"https:\\\/\\\/www.kktavastia.fi\\\/media\\\/sites\\\/10\\\/o-p-768x1024.jpeg\",\"contentUrl\":\"https:\\\/\\\/www.kktavastia.fi\\\/media\\\/sites\\\/10\\\/o-p-768x1024.jpeg\"},{\"@type\":\"BreadcrumbList\",\"@id\":\"https:\\\/\\\/www.kktavastia.fi\\\/urheiluakatemia-tavastia\\\/hakeminen-urheiluakatemia-tavastiaan\\\/toisen-asteen-haku\\\/#breadcrumb\",\"itemListElement\":[{\"@type\":\"ListItem\",\"position\":1,\"name\":\"Home\",\"item\":\"https:\\\/\\\/www.kktavastia.fi\\\/urheiluakatemia-tavastia\\\/\"},{\"@type\":\"ListItem\",\"position\":2,\"name\":\"Hakeminen\",\"item\":\"https:\\\/\\\/www.kktavastia.fi\\\/urheiluakatemia-tavastia\\\/hakeminen-urheiluakatemia-tavastiaan\\\/\"},{\"@type\":\"ListItem\",\"position\":3,\"name\":\"Toisen asteen haku\"}]},{\"@type\":\"WebSite\",\"@id\":\"https:\\\/\\\/www.kktavastia.fi\\\/urheiluakatemia-tavastia\\\/#website\",\"url\":\"https:\\\/\\\/www.kktavastia.fi\\\/urheiluakatemia-tavastia\\\/\",\"name\":\"Urheiluakatemia Tavastia\",\"description\":\"\",\"potentialAction\":[{\"@type\":\"SearchAction\",\"target\":{\"@type\":\"EntryPoint\",\"urlTemplate\":\"https:\\\/\\\/www.kktavastia.fi\\\/urheiluakatemia-tavastia\\\/?s={search_term_string}\"},\"query-input\":{\"@type\":\"PropertyValueSpecification\",\"valueRequired\":true,\"valueName\":\"search_term_string\"}}],\"inLanguage\":\"fi\"}]}<\/script>","yoast_head_json":{"title":"Toisen asteen haku - Urheiluakatemia Tavastia","robots":{"index":"index","follow":"follow","max-snippet":"max-snippet:-1","max-image-preview":"max-image-preview:large","max-video-preview":"max-video-preview:-1"},"canonical":"https:\/\/www.kktavastia.fi\/urheiluakatemia-tavastia\/hakeminen-urheiluakatemia-tavastiaan\/toisen-asteen-haku\/","og_locale":"fi_FI","og_type":"article","og_title":"Toisen asteen haku - Urheiluakatemia Tavastia","og_description":"H\u00e4meenlinnan lyseon lukio, urheilulinja Lyseon lukion urheilulinjalle haetaan kev\u00e4\u00e4n yhteishaussa, jossa t\u00e4ytet\u00e4\u00e4n urheilijan lis\u00e4kysymykset. Urheilulinjalla on 36 aloituspaikkaa. Valinnat tehd\u00e4\u00e4n [&hellip;]","og_url":"https:\/\/www.kktavastia.fi\/urheiluakatemia-tavastia\/hakeminen-urheiluakatemia-tavastiaan\/toisen-asteen-haku\/","og_site_name":"Urheiluakatemia Tavastia","article_modified_time":"2026-04-14T07:13:16+00:00","og_image":[{"width":1920,"height":2560,"url":"https:\/\/www.kktavastia.fi\/media\/sites\/10\/o-p-scaled.jpeg","type":"image\/jpeg"}],"twitter_card":"summary_large_image","schema":{"@context":"https:\/\/schema.org","@graph":[{"@type":"WebPage","@id":"https:\/\/www.kktavastia.fi\/urheiluakatemia-tavastia\/hakeminen-urheiluakatemia-tavastiaan\/toisen-asteen-haku\/","url":"https:\/\/www.kktavastia.fi\/urheiluakatemia-tavastia\/hakeminen-urheiluakatemia-tavastiaan\/toisen-asteen-haku\/","name":"Toisen asteen haku - Urheiluakatemia Tavastia","isPartOf":{"@id":"https:\/\/www.kktavastia.fi\/urheiluakatemia-tavastia\/#website"},"primaryImageOfPage":{"@id":"https:\/\/www.kktavastia.fi\/urheiluakatemia-tavastia\/hakeminen-urheiluakatemia-tavastiaan\/toisen-asteen-haku\/#primaryimage"},"image":{"@id":"https:\/\/www.kktavastia.fi\/urheiluakatemia-tavastia\/hakeminen-urheiluakatemia-tavastiaan\/toisen-asteen-haku\/#primaryimage"},"thumbnailUrl":"https:\/\/www.kktavastia.fi\/media\/sites\/10\/o-p-768x1024.jpeg","datePublished":"2026-03-25T09:23:08+00:00","dateModified":"2026-04-14T07:13:16+00:00","breadcrumb":{"@id":"https:\/\/www.kktavastia.fi\/urheiluakatemia-tavastia\/hakeminen-urheiluakatemia-tavastiaan\/toisen-asteen-haku\/#breadcrumb"},"inLanguage":"fi","potentialAction":[{"@type":"ReadAction","target":["https:\/\/www.kktavastia.fi\/urheiluakatemia-tavastia\/hakeminen-urheiluakatemia-tavastiaan\/toisen-asteen-haku\/"]}]},{"@type":"ImageObject","inLanguage":"fi","@id":"https:\/\/www.kktavastia.fi\/urheiluakatemia-tavastia\/hakeminen-urheiluakatemia-tavastiaan\/toisen-asteen-haku\/#primaryimage","url":"https:\/\/www.kktavastia.fi\/media\/sites\/10\/o-p-768x1024.jpeg","contentUrl":"https:\/\/www.kktavastia.fi\/media\/sites\/10\/o-p-768x1024.jpeg"},{"@type":"BreadcrumbList","@id":"https:\/\/www.kktavastia.fi\/urheiluakatemia-tavastia\/hakeminen-urheiluakatemia-tavastiaan\/toisen-asteen-haku\/#breadcrumb","itemListElement":[{"@type":"ListItem","position":1,"name":"Home","item":"https:\/\/www.kktavastia.fi\/urheiluakatemia-tavastia\/"},{"@type":"ListItem","position":2,"name":"Hakeminen","item":"https:\/\/www.kktavastia.fi\/urheiluakatemia-tavastia\/hakeminen-urheiluakatemia-tavastiaan\/"},{"@type":"ListItem","position":3,"name":"Toisen asteen haku"}]},{"@type":"WebSite","@id":"https:\/\/www.kktavastia.fi\/urheiluakatemia-tavastia\/#website","url":"https:\/\/www.kktavastia.fi\/urheiluakatemia-tavastia\/","name":"Urheiluakatemia Tavastia","description":"","potentialAction":[{"@type":"SearchAction","target":{"@type":"EntryPoint","urlTemplate":"https:\/\/www.kktavastia.fi\/urheiluakatemia-tavastia\/?s={search_term_string}"},"query-input":{"@type":"PropertyValueSpecification","valueRequired":true,"valueName":"search_term_string"}}],"inLanguage":"fi"}]}},"_links":{"self":[{"href":"https:\/\/www.kktavastia.fi\/urheiluakatemia-tavastia\/wp-json\/wp\/v2\/pages\/140","targetHints":{"allow":["GET"]}}],"collection":[{"href":"https:\/\/www.kktavastia.fi\/urheiluakatemia-tavastia\/wp-json\/wp\/v2\/pages"}],"about":[{"href":"https:\/\/www.kktavastia.fi\/urheiluakatemia-tavastia\/wp-json\/wp\/v2\/types\/page"}],"author":[{"embeddable":true,"href":"https:\/\/www.kktavastia.fi\/urheiluakatemia-tavastia\/wp-json\/wp\/v2\/users\/6"}],"replies":[{"embeddable":true,"href":"https:\/\/www.kktavastia.fi\/urheiluakatemia-tavastia\/wp-json\/wp\/v2\/comments?post=140"}],"version-history":[{"count":11,"href":"https:\/\/www.kktavastia.fi\/urheiluakatemia-tavastia\/wp-json\/wp\/v2\/pages\/140\/revisions"}],"predecessor-version":[{"id":457,"href":"https:\/\/www.kktavastia.fi\/urheiluakatemia-tavastia\/wp-json\/wp\/v2\/pages\/140\/revisions\/457"}],"up":[{"embeddable":true,"href":"https:\/\/www.kktavastia.fi\/urheiluakatemia-tavastia\/wp-json\/wp\/v2\/pages\/7"}],"wp:attachment":[{"href":"https:\/\/www.kktavastia.fi\/urheiluakatemia-tavastia\/wp-json\/wp\/v2\/media?parent=140"}],"curies":[{"name":"wp","href":"https:\/\/api.w.org\/{rel}","templated":true}]}}