{"id":137,"date":"2026-03-25T11:17:41","date_gmt":"2026-03-25T09:17:41","guid":{"rendered":"https:\/\/www.kktavastia.fi\/urheiluakatemia-tavastia\/?page_id=137"},"modified":"2026-04-10T13:35:41","modified_gmt":"2026-04-10T10:35:41","slug":"korkea-aste-ja-ammattiurheilijat","status":"publish","type":"page","link":"https:\/\/www.kktavastia.fi\/urheiluakatemia-tavastia\/hakeminen-urheiluakatemia-tavastiaan\/korkea-aste-ja-ammattiurheilijat\/","title":{"rendered":"Korkea-aste ja ammattiurheilijat"},"content":{"rendered":"\n<p class=\"is-style-ingress\">Toisen asteen j\u00e4lkeen Urheiluakatemia Tavastiaan haetaan erillisell\u00e4 lomakkeella.<\/p>\n\n\n\n<p><a href=\"https:\/\/link.webropolsurveys.com\/Participation\/Public\/7c316a8d-ee27-4cf4-b74e-b49da457ba8e?displayId=Fin3299217\">Korkeakouluopiskelijan hakulomake Urheiluakatemia Tavastiaan<\/a><\/p>\n\n\n\n<p>Haku Urheiluakatemia Tavastiaan on auki jatkuvana (linkki hakulomakkeelle yll\u00e4). Urheiluakatemian j\u00e4senyytt\u00e4 voivat hakea:<\/p>\n\n\n\n<ul class=\"wp-block-list\">\n<li>H\u00e4meen ammattikorkeakoulun opiskelijat<\/li>\n\n\n\n<li><span style=\"color: initial\">Ty\u00f6n ja urheilun yhdist\u00e4v\u00e4t<\/span> tavoitteelliset kilpaurheilijat<\/li>\n\n\n\n<li>Ammattiurheilijat (urheilu ensimm\u00e4isen\u00e4 ammattina)<\/li>\n<\/ul>\n\n\n\n<p>H\u00e4meen ammattikorkeakoulun valitsemat Kummiurheilijat ovat automaattisesti Urheiluakatemia Tavastian j\u00e4seni\u00e4, mutta heid\u00e4nkin tulee t\u00e4ytt\u00e4\u00e4 hakulomake tarvittavien yhteystietojen saamiseksi.<\/p>\n\n\n\n<p>Urheiluakatemian koordinaattori tekee urheilijavalinnat hakulomakkeen sek\u00e4 tarvittaessa urheilija- ja valmentajahaastattelujen perusteella noin kahden viikon kuluessa hakemuksen saapumisesta.<\/p>\n\n\n\n<h3 class=\"wp-block-heading\">Yhteystiedot<\/h3>\n\n\n\n<div class=\"wp-block-media-text is-stacked-on-mobile\" style=\"grid-template-columns:15% auto\"><figure class=\"wp-block-media-text__media\"><img loading=\"lazy\" decoding=\"async\" width=\"768\" height=\"1024\" src=\"https:\/\/www.kktavastia.fi\/media\/sites\/10\/o-p-768x1024.jpeg\" alt=\"\" class=\"wp-image-421 size-full\" srcset=\"https:\/\/www.kktavastia.fi\/media\/sites\/10\/o-p-768x1024.jpeg 768w, https:\/\/www.kktavastia.fi\/media\/sites\/10\/o-p-225x300.jpeg 225w, https:\/\/www.kktavastia.fi\/media\/sites\/10\/o-p-1152x1536.jpeg 1152w, https:\/\/www.kktavastia.fi\/media\/sites\/10\/o-p-1536x2048.jpeg 1536w, https:\/\/www.kktavastia.fi\/media\/sites\/10\/o-p-345x460.jpeg 345w, https:\/\/www.kktavastia.fi\/media\/sites\/10\/o-p-15x20.jpeg 15w, https:\/\/www.kktavastia.fi\/media\/sites\/10\/o-p-scaled.jpeg 1920w\" sizes=\"auto, (max-width: 768px) 100vw, 768px\" \/><\/figure><div class=\"wp-block-media-text__content\">\n<p>Olli-Pekka Hakala <br>Koordinaattori<br>Urheiluakatemia Tavastia<br><a href=\"mailto:olli-pekka.hakala@kktavastia.fi\">olli-pekka.hakala@kktavastia.fi<\/a><br>050\u00a0596 9901<\/p>\n<\/div><\/div>\n\n\n\n<p>Jari Virtanen<br>Liikuntasuunnittelija<br>H\u00e4meen ammattikorkeakoulu<br><a href=\"mailto:jari.virtanen@hamk.fi\">jari.virtanen@hamk.fi<\/a><br>040 735 5653<\/p>\n\n\n\n<p><\/p>\n","protected":false},"excerpt":{"rendered":"<p>Toisen asteen j\u00e4lkeen Urheiluakatemia Tavastiaan haetaan erillisell\u00e4 lomakkeella. Korkeakouluopiskelijan hakulomake Urheiluakatemia Tavastiaan Haku Urheiluakatemia Tavastiaan on auki jatkuvana (linkki hakulomakkeelle [&hellip;]<\/p>\n","protected":false},"author":6,"featured_media":0,"parent":7,"menu_order":0,"comment_status":"closed","ping_status":"closed","template":"","meta":{"_acf_changed":false,"_relevanssi_hide_post":"","_relevanssi_hide_content":"","_relevanssi_pin_for_all":"","_relevanssi_pin_keywords":"","_relevanssi_unpin_keywords":"","_relevanssi_related_keywords":"","_relevanssi_related_include_ids":"","_relevanssi_related_exclude_ids":"","_relevanssi_related_no_append":"","_relevanssi_related_not_related":"","_relevanssi_related_posts":"130,131,122,111,126,133","_relevanssi_noindex_reason":"","footnotes":""},"class_list":["post-137","page","type-page","status-publish","hentry"],"acf":[],"yoast_head":"<title>Korkea-aste ja ammattiurheilijat - Urheiluakatemia Tavastia<\/title>\n<meta name=\"robots\" content=\"index, follow, max-snippet:-1, max-image-preview:large, max-video-preview:-1\" \/>\n<link rel=\"canonical\" href=\"https:\/\/www.kktavastia.fi\/urheiluakatemia-tavastia\/hakeminen-urheiluakatemia-tavastiaan\/korkea-aste-ja-ammattiurheilijat\/\" \/>\n<meta property=\"og:locale\" content=\"fi_FI\" \/>\n<meta property=\"og:type\" content=\"article\" \/>\n<meta property=\"og:title\" content=\"Korkea-aste ja ammattiurheilijat - Urheiluakatemia Tavastia\" \/>\n<meta property=\"og:description\" content=\"Toisen asteen j\u00e4lkeen Urheiluakatemia Tavastiaan haetaan erillisell\u00e4 lomakkeella. Korkeakouluopiskelijan hakulomake Urheiluakatemia Tavastiaan Haku Urheiluakatemia Tavastiaan on auki jatkuvana (linkki hakulomakkeelle [&hellip;]\" \/>\n<meta property=\"og:url\" content=\"https:\/\/www.kktavastia.fi\/urheiluakatemia-tavastia\/hakeminen-urheiluakatemia-tavastiaan\/korkea-aste-ja-ammattiurheilijat\/\" \/>\n<meta property=\"og:site_name\" content=\"Urheiluakatemia Tavastia\" \/>\n<meta property=\"article:modified_time\" content=\"2026-04-10T10:35:41+00:00\" \/>\n<meta property=\"og:image\" content=\"https:\/\/www.kktavastia.fi\/media\/sites\/10\/o-p-scaled.jpeg\" \/>\n\t<meta property=\"og:image:width\" content=\"1920\" \/>\n\t<meta property=\"og:image:height\" content=\"2560\" \/>\n\t<meta property=\"og:image:type\" content=\"image\/jpeg\" \/>\n<meta name=\"twitter:card\" content=\"summary_large_image\" \/>\n<script type=\"application\/ld+json\" class=\"yoast-schema-graph\">{\"@context\":\"https:\\\/\\\/schema.org\",\"@graph\":[{\"@type\":\"WebPage\",\"@id\":\"https:\\\/\\\/www.kktavastia.fi\\\/urheiluakatemia-tavastia\\\/hakeminen-urheiluakatemia-tavastiaan\\\/korkea-aste-ja-ammattiurheilijat\\\/\",\"url\":\"https:\\\/\\\/www.kktavastia.fi\\\/urheiluakatemia-tavastia\\\/hakeminen-urheiluakatemia-tavastiaan\\\/korkea-aste-ja-ammattiurheilijat\\\/\",\"name\":\"Korkea-aste ja ammattiurheilijat - Urheiluakatemia Tavastia\",\"isPartOf\":{\"@id\":\"https:\\\/\\\/www.kktavastia.fi\\\/urheiluakatemia-tavastia\\\/#website\"},\"primaryImageOfPage\":{\"@id\":\"https:\\\/\\\/www.kktavastia.fi\\\/urheiluakatemia-tavastia\\\/hakeminen-urheiluakatemia-tavastiaan\\\/korkea-aste-ja-ammattiurheilijat\\\/#primaryimage\"},\"image\":{\"@id\":\"https:\\\/\\\/www.kktavastia.fi\\\/urheiluakatemia-tavastia\\\/hakeminen-urheiluakatemia-tavastiaan\\\/korkea-aste-ja-ammattiurheilijat\\\/#primaryimage\"},\"thumbnailUrl\":\"https:\\\/\\\/www.kktavastia.fi\\\/media\\\/sites\\\/10\\\/o-p-768x1024.jpeg\",\"datePublished\":\"2026-03-25T09:17:41+00:00\",\"dateModified\":\"2026-04-10T10:35:41+00:00\",\"breadcrumb\":{\"@id\":\"https:\\\/\\\/www.kktavastia.fi\\\/urheiluakatemia-tavastia\\\/hakeminen-urheiluakatemia-tavastiaan\\\/korkea-aste-ja-ammattiurheilijat\\\/#breadcrumb\"},\"inLanguage\":\"fi\",\"potentialAction\":[{\"@type\":\"ReadAction\",\"target\":[\"https:\\\/\\\/www.kktavastia.fi\\\/urheiluakatemia-tavastia\\\/hakeminen-urheiluakatemia-tavastiaan\\\/korkea-aste-ja-ammattiurheilijat\\\/\"]}]},{\"@type\":\"ImageObject\",\"inLanguage\":\"fi\",\"@id\":\"https:\\\/\\\/www.kktavastia.fi\\\/urheiluakatemia-tavastia\\\/hakeminen-urheiluakatemia-tavastiaan\\\/korkea-aste-ja-ammattiurheilijat\\\/#primaryimage\",\"url\":\"https:\\\/\\\/www.kktavastia.fi\\\/media\\\/sites\\\/10\\\/o-p-768x1024.jpeg\",\"contentUrl\":\"https:\\\/\\\/www.kktavastia.fi\\\/media\\\/sites\\\/10\\\/o-p-768x1024.jpeg\"},{\"@type\":\"BreadcrumbList\",\"@id\":\"https:\\\/\\\/www.kktavastia.fi\\\/urheiluakatemia-tavastia\\\/hakeminen-urheiluakatemia-tavastiaan\\\/korkea-aste-ja-ammattiurheilijat\\\/#breadcrumb\",\"itemListElement\":[{\"@type\":\"ListItem\",\"position\":1,\"name\":\"Home\",\"item\":\"https:\\\/\\\/www.kktavastia.fi\\\/urheiluakatemia-tavastia\\\/\"},{\"@type\":\"ListItem\",\"position\":2,\"name\":\"Hakeminen\",\"item\":\"https:\\\/\\\/www.kktavastia.fi\\\/urheiluakatemia-tavastia\\\/hakeminen-urheiluakatemia-tavastiaan\\\/\"},{\"@type\":\"ListItem\",\"position\":3,\"name\":\"Korkea-aste ja ammattiurheilijat\"}]},{\"@type\":\"WebSite\",\"@id\":\"https:\\\/\\\/www.kktavastia.fi\\\/urheiluakatemia-tavastia\\\/#website\",\"url\":\"https:\\\/\\\/www.kktavastia.fi\\\/urheiluakatemia-tavastia\\\/\",\"name\":\"Urheiluakatemia Tavastia\",\"description\":\"\",\"potentialAction\":[{\"@type\":\"SearchAction\",\"target\":{\"@type\":\"EntryPoint\",\"urlTemplate\":\"https:\\\/\\\/www.kktavastia.fi\\\/urheiluakatemia-tavastia\\\/?s={search_term_string}\"},\"query-input\":{\"@type\":\"PropertyValueSpecification\",\"valueRequired\":true,\"valueName\":\"search_term_string\"}}],\"inLanguage\":\"fi\"}]}<\/script>","yoast_head_json":{"title":"Korkea-aste ja ammattiurheilijat - Urheiluakatemia Tavastia","robots":{"index":"index","follow":"follow","max-snippet":"max-snippet:-1","max-image-preview":"max-image-preview:large","max-video-preview":"max-video-preview:-1"},"canonical":"https:\/\/www.kktavastia.fi\/urheiluakatemia-tavastia\/hakeminen-urheiluakatemia-tavastiaan\/korkea-aste-ja-ammattiurheilijat\/","og_locale":"fi_FI","og_type":"article","og_title":"Korkea-aste ja ammattiurheilijat - Urheiluakatemia Tavastia","og_description":"Toisen asteen j\u00e4lkeen Urheiluakatemia Tavastiaan haetaan erillisell\u00e4 lomakkeella. Korkeakouluopiskelijan hakulomake Urheiluakatemia Tavastiaan Haku Urheiluakatemia Tavastiaan on auki jatkuvana (linkki hakulomakkeelle [&hellip;]","og_url":"https:\/\/www.kktavastia.fi\/urheiluakatemia-tavastia\/hakeminen-urheiluakatemia-tavastiaan\/korkea-aste-ja-ammattiurheilijat\/","og_site_name":"Urheiluakatemia Tavastia","article_modified_time":"2026-04-10T10:35:41+00:00","og_image":[{"width":1920,"height":2560,"url":"https:\/\/www.kktavastia.fi\/media\/sites\/10\/o-p-scaled.jpeg","type":"image\/jpeg"}],"twitter_card":"summary_large_image","schema":{"@context":"https:\/\/schema.org","@graph":[{"@type":"WebPage","@id":"https:\/\/www.kktavastia.fi\/urheiluakatemia-tavastia\/hakeminen-urheiluakatemia-tavastiaan\/korkea-aste-ja-ammattiurheilijat\/","url":"https:\/\/www.kktavastia.fi\/urheiluakatemia-tavastia\/hakeminen-urheiluakatemia-tavastiaan\/korkea-aste-ja-ammattiurheilijat\/","name":"Korkea-aste ja ammattiurheilijat - Urheiluakatemia Tavastia","isPartOf":{"@id":"https:\/\/www.kktavastia.fi\/urheiluakatemia-tavastia\/#website"},"primaryImageOfPage":{"@id":"https:\/\/www.kktavastia.fi\/urheiluakatemia-tavastia\/hakeminen-urheiluakatemia-tavastiaan\/korkea-aste-ja-ammattiurheilijat\/#primaryimage"},"image":{"@id":"https:\/\/www.kktavastia.fi\/urheiluakatemia-tavastia\/hakeminen-urheiluakatemia-tavastiaan\/korkea-aste-ja-ammattiurheilijat\/#primaryimage"},"thumbnailUrl":"https:\/\/www.kktavastia.fi\/media\/sites\/10\/o-p-768x1024.jpeg","datePublished":"2026-03-25T09:17:41+00:00","dateModified":"2026-04-10T10:35:41+00:00","breadcrumb":{"@id":"https:\/\/www.kktavastia.fi\/urheiluakatemia-tavastia\/hakeminen-urheiluakatemia-tavastiaan\/korkea-aste-ja-ammattiurheilijat\/#breadcrumb"},"inLanguage":"fi","potentialAction":[{"@type":"ReadAction","target":["https:\/\/www.kktavastia.fi\/urheiluakatemia-tavastia\/hakeminen-urheiluakatemia-tavastiaan\/korkea-aste-ja-ammattiurheilijat\/"]}]},{"@type":"ImageObject","inLanguage":"fi","@id":"https:\/\/www.kktavastia.fi\/urheiluakatemia-tavastia\/hakeminen-urheiluakatemia-tavastiaan\/korkea-aste-ja-ammattiurheilijat\/#primaryimage","url":"https:\/\/www.kktavastia.fi\/media\/sites\/10\/o-p-768x1024.jpeg","contentUrl":"https:\/\/www.kktavastia.fi\/media\/sites\/10\/o-p-768x1024.jpeg"},{"@type":"BreadcrumbList","@id":"https:\/\/www.kktavastia.fi\/urheiluakatemia-tavastia\/hakeminen-urheiluakatemia-tavastiaan\/korkea-aste-ja-ammattiurheilijat\/#breadcrumb","itemListElement":[{"@type":"ListItem","position":1,"name":"Home","item":"https:\/\/www.kktavastia.fi\/urheiluakatemia-tavastia\/"},{"@type":"ListItem","position":2,"name":"Hakeminen","item":"https:\/\/www.kktavastia.fi\/urheiluakatemia-tavastia\/hakeminen-urheiluakatemia-tavastiaan\/"},{"@type":"ListItem","position":3,"name":"Korkea-aste ja ammattiurheilijat"}]},{"@type":"WebSite","@id":"https:\/\/www.kktavastia.fi\/urheiluakatemia-tavastia\/#website","url":"https:\/\/www.kktavastia.fi\/urheiluakatemia-tavastia\/","name":"Urheiluakatemia Tavastia","description":"","potentialAction":[{"@type":"SearchAction","target":{"@type":"EntryPoint","urlTemplate":"https:\/\/www.kktavastia.fi\/urheiluakatemia-tavastia\/?s={search_term_string}"},"query-input":{"@type":"PropertyValueSpecification","valueRequired":true,"valueName":"search_term_string"}}],"inLanguage":"fi"}]}},"_links":{"self":[{"href":"https:\/\/www.kktavastia.fi\/urheiluakatemia-tavastia\/wp-json\/wp\/v2\/pages\/137","targetHints":{"allow":["GET"]}}],"collection":[{"href":"https:\/\/www.kktavastia.fi\/urheiluakatemia-tavastia\/wp-json\/wp\/v2\/pages"}],"about":[{"href":"https:\/\/www.kktavastia.fi\/urheiluakatemia-tavastia\/wp-json\/wp\/v2\/types\/page"}],"author":[{"embeddable":true,"href":"https:\/\/www.kktavastia.fi\/urheiluakatemia-tavastia\/wp-json\/wp\/v2\/users\/6"}],"replies":[{"embeddable":true,"href":"https:\/\/www.kktavastia.fi\/urheiluakatemia-tavastia\/wp-json\/wp\/v2\/comments?post=137"}],"version-history":[{"count":12,"href":"https:\/\/www.kktavastia.fi\/urheiluakatemia-tavastia\/wp-json\/wp\/v2\/pages\/137\/revisions"}],"predecessor-version":[{"id":438,"href":"https:\/\/www.kktavastia.fi\/urheiluakatemia-tavastia\/wp-json\/wp\/v2\/pages\/137\/revisions\/438"}],"up":[{"embeddable":true,"href":"https:\/\/www.kktavastia.fi\/urheiluakatemia-tavastia\/wp-json\/wp\/v2\/pages\/7"}],"wp:attachment":[{"href":"https:\/\/www.kktavastia.fi\/urheiluakatemia-tavastia\/wp-json\/wp\/v2\/media?parent=137"}],"curies":[{"name":"wp","href":"https:\/\/api.w.org\/{rel}","templated":true}]}}