{"id":4308,"date":"2025-06-02T14:58:34","date_gmt":"2025-06-02T11:58:34","guid":{"rendered":"https:\/\/www.kktavastia.fi\/tyoelamapalvelut\/?page_id=4308"},"modified":"2025-06-13T10:27:00","modified_gmt":"2025-06-13T07:27:00","slug":"tyoikaisille","status":"publish","type":"page","link":"https:\/\/www.kktavastia.fi\/tyoelamapalvelut\/tyoikaisille\/","title":{"rendered":"Ty\u00f6ik\u00e4isille"},"content":{"rendered":"\n<h3 class=\"wp-block-heading\">Palvelut ty\u00f6ss\u00e4 oleville ty\u00f6ntekij\u00f6ille&nbsp;<\/h3>\n\n\n\n<p>Ty\u00f6el\u00e4m\u00e4 muuttuu ja ty\u00f6el\u00e4m\u00e4n osaamisvaatimukset kasvavat jatkuvasti. Oman osaamisen yll\u00e4pit\u00e4minen ja kehitt\u00e4minen on t\u00e4rke\u00e4\u00e4, ja se on joustavasti toteutettavissa my\u00f6s ty\u00f6n ohessa.&nbsp;&nbsp;&nbsp;<\/p>\n\n\n\n<h4 class=\"wp-block-heading\">T\u00e4ydennyskoulutukset&nbsp;<\/h4>\n\n\n\n<p>Koulutuskalenteristamme l\u00f6yd\u00e4t ajankohtaisia t\u00e4ydennyskoulutuksia ja p\u00e4tevyyksi\u00e4 yll\u00e4pit\u00e4vi\u00e4 lupakorttikoulutuksia. <a href=\"https:\/\/www.kktavastia.fi\/tyoelamapalvelut\/lyhytkoulutukset\/\">Tutustu tarjontaamme<\/a>.<\/p>\n\n\n\n<h4 class=\"wp-block-heading\">Tutkintotavoitteiset koulutukset&nbsp;<\/h4>\n\n\n\n<p>Ammatillisia tutkintoja ovat perustutkinnot, ammattitutkinnot ja erikoisammattitutkinnot. Ty\u00f6el\u00e4m\u00e4ss\u00e4 olevat henkil\u00f6t suorittavat tutkinnoista useimmiten ainoastaan tietyn tutkinnon osan tai tutkinnon osia. Tarjontaa on paljon, koska tutkinnon osia on satoja. <\/p>\n\n\n\n<p>Ole yhteydess\u00e4 <a href=\"https:\/\/www.kktavastia.fi\/ammattiopisto\/hakijalle\/ohjauspiste\/\">Ohjauspisteeseemme<\/a>. Suunnittelemme kanssasi tutkintotavoitteisen koulutuspolun juuri sinun tarpeisiisi. Tutkintotavoitteiset koulutukset toteuttaa Ammattiopisto Tavastia. <a href=\"https:\/\/www.kktavastia.fi\/ammattiopisto\/tutkinnot\/\">Tutustu koulutustarjontaamme<\/a>.<\/p>\n\n\n\n<p>Kun olet kiinnostunut tutkintotavoitteisesta koulutuksesta, sovi ty\u00f6nantajasi kanssa oppisopimuskoulutuksesta. <a href=\"https:\/\/www.kktavastia.fi\/ammattiopisto\/hakijalle\/oppisopimus\/\">Tutustu oppisopimukseen<\/a>.<\/p>\n\n\n\n<h3 class=\"wp-block-heading\">Palvelut ty\u00f6tt\u00f6mille ty\u00f6nhakijoille&nbsp;<\/h3>\n\n\n\n<p>Ammatillinen ty\u00f6voimakoulutus on tarkoitettu ty\u00f6tt\u00f6mille ja ty\u00f6tt\u00f6myysuhan alaisille aikuisille. <a href=\"https:\/\/www.kktavastia.fi\/ammattiopisto\/tutkinnot\/tyovoimakoulutus\/\">Ty\u00f6voimakoulutus<\/a> t\u00e4ht\u00e4\u00e4 aina ty\u00f6llistymiseen. Ty\u00f6voimakoulutukseen haetaan <a href=\"https:\/\/tyomarkkinatori.fi\/henkiloasiakkaat\">Ty\u00f6markkinatorin kautta<\/a>. Opiskelijavalinta tehd\u00e4\u00e4n yhteisty\u00f6ss\u00e4 ty\u00f6llisyysalueen ja oppilaitoksen kanssa.&nbsp;<\/p>\n\n\n\n<h4 class=\"wp-block-heading\">Tutkintotavoitteinen koulutus&nbsp;<\/h4>\n\n\n\n<p>Ty\u00f6voimakoulutuksena sinun on mahdollista suorittaa tutkintotavoitteisia perus-, ammatti- tai erikoisammattitutkintoja tai n\u00e4iden osia silloin, kun tutkinnon tai sen osan suorittaminen tukee ty\u00f6llistymist\u00e4si. Jos olet aiemmin keskeytt\u00e4nyt ammatillisen tutkinnon suorittamisen ja se est\u00e4\u00e4 ty\u00f6llistymist\u00e4si, tutkinnon suorittaminen loppuun onnistuu ty\u00f6voimakoulutuksena.&nbsp;Olemme suunnitelleet koulutuskokonaisuuksia hyvin ty\u00f6llist\u00e4vist\u00e4 tutkinnon osista. Tutkintotavoitteiset koulutukset toteuttaa Ammattiopisto Tavastia. <a href=\"https:\/\/www.kktavastia.fi\/ammattiopisto\/tutkinnot\/\">Tutustu tarjontaamme<\/a>.<\/p>\n\n\n\n<h4 class=\"wp-block-heading\">Ei-tutkintotavoitteinen koulutus ja palvelut&nbsp;<\/h4>\n\n\n\n<p>Ty\u00f6voimakoulutuksena toteutetaan my\u00f6s koulutuksia ja palveluja, jotka eiv\u00e4t t\u00e4ht\u00e4\u00e4 tutkinnon tai sen osan suorittamiseen. Koulutukset ja palvelut suunnitellaan sinun tarpeidesi mukaisiksi. Jos haluat koulutukseen tai palveluun, ole yhteydess\u00e4 ty\u00f6llisyysalueen omaan ty\u00f6nv\u00e4litt\u00e4j\u00e4\u00e4si.&nbsp;&nbsp;<\/p>\n\n\n\n<p>Ty\u00f6H\u00e4meen ty\u00f6llisyysalueen kanssa olemme tehneet sopimukset seuraavista koulutuksista ja palveluista:&nbsp;<\/p>\n\n\n\n<ul class=\"wp-block-list\">\n<li><a href=\"https:\/\/www.kktavastia.fi\/media\/sites\/2\/tyovoimakoulutus-tavastiassa-2025.pdf\">Ei-tutkintotavoitteinen ty\u00f6voimakoulutus<\/a><\/li>\n\n\n\n<li><a href=\"https:\/\/www.kktavastia.fi\/media\/sites\/2\/koulutuskokeilu_ammattiopisto-tavastia.pdf\">Koulutuskokeilu<\/a><\/li>\n\n\n\n<li><a href=\"https:\/\/www.kktavastia.fi\/media\/sites\/2\/tyokyvyn-arviointi_ammattiopisto-tavastia.pdf\">K\u00e4yt\u00e4nn\u00f6n ty\u00f6teht\u00e4viss\u00e4 toteutettava ty\u00f6kyvyn arviointi&nbsp;<\/a><\/li>\n\n\n\n<li><a href=\"https:\/\/www.kktavastia.fi\/media\/sites\/2\/lupa-ja-korttikoulutukset_tavastia.pdf\">Lupa- ja korttikoulutukset<\/a><\/li>\n\n\n\n<li><a href=\"https:\/\/www.kktavastia.fi\/media\/sites\/2\/muutosturvakoulutus_ammattiopistotavastia_2025.pdf\">Muutosturvakoulutus<\/a><\/li>\n\n\n\n<li><a href=\"https:\/\/www.kktavastia.fi\/media\/sites\/2\/osaamis-ja-ammattitaitokartoitus_ammattiopistotavastia.pdf\">Osaamis- ja ammattitaitokartoitus<\/a><\/li>\n\n\n\n<li><a href=\"https:\/\/www.kktavastia.fi\/media\/sites\/2\/monimuotoinen-rekrytointituki-3.pdf\">Monimuotoinen rekrytointituki\/S2-koulutus ty\u00f6paikoille<\/a><\/li>\n<\/ul>\n","protected":false},"excerpt":{"rendered":"<p>Palvelut ty\u00f6ss\u00e4 oleville ty\u00f6ntekij\u00f6ille&nbsp; Ty\u00f6el\u00e4m\u00e4 muuttuu ja ty\u00f6el\u00e4m\u00e4n osaamisvaatimukset kasvavat jatkuvasti. Oman osaamisen yll\u00e4pit\u00e4minen ja kehitt\u00e4minen on t\u00e4rke\u00e4\u00e4, ja se [&hellip;]<\/p>\n","protected":false},"author":6,"featured_media":0,"parent":0,"menu_order":0,"comment_status":"closed","ping_status":"closed","template":"","meta":{"_acf_changed":false,"_relevanssi_hide_post":"","_relevanssi_hide_content":"","_relevanssi_pin_for_all":"","_relevanssi_pin_keywords":"","_relevanssi_unpin_keywords":"","_relevanssi_related_keywords":"","_relevanssi_related_include_ids":"","_relevanssi_related_exclude_ids":"","_relevanssi_related_no_append":"","_relevanssi_related_not_related":"","_relevanssi_related_posts":"","_relevanssi_noindex_reason":"","footnotes":""},"class_list":["post-4308","page","type-page","status-publish","hentry"],"acf":[],"yoast_head":"<title>Ty\u00f6ik\u00e4isille - Tavastia Koulutus Oy<\/title>\n<meta name=\"robots\" content=\"index, follow, max-snippet:-1, max-image-preview:large, max-video-preview:-1\" \/>\n<link rel=\"canonical\" href=\"https:\/\/www.kktavastia.fi\/tyoelamapalvelut\/tyoikaisille\/\" \/>\n<meta property=\"og:locale\" content=\"fi_FI\" \/>\n<meta property=\"og:type\" content=\"article\" \/>\n<meta property=\"og:title\" content=\"Ty\u00f6ik\u00e4isille - Tavastia Koulutus Oy\" \/>\n<meta property=\"og:description\" content=\"Palvelut ty\u00f6ss\u00e4 oleville ty\u00f6ntekij\u00f6ille&nbsp; Ty\u00f6el\u00e4m\u00e4 muuttuu ja ty\u00f6el\u00e4m\u00e4n osaamisvaatimukset kasvavat jatkuvasti. Oman osaamisen yll\u00e4pit\u00e4minen ja kehitt\u00e4minen on t\u00e4rke\u00e4\u00e4, ja se [&hellip;]\" \/>\n<meta property=\"og:url\" content=\"https:\/\/www.kktavastia.fi\/tyoelamapalvelut\/tyoikaisille\/\" \/>\n<meta property=\"og:site_name\" content=\"Tavastia Koulutus Oy\" \/>\n<meta property=\"article:modified_time\" content=\"2025-06-13T07:27:00+00:00\" \/>\n<meta name=\"twitter:card\" content=\"summary_large_image\" \/>\n<script type=\"application\/ld+json\" class=\"yoast-schema-graph\">{\"@context\":\"https:\/\/schema.org\",\"@graph\":[{\"@type\":\"WebPage\",\"@id\":\"https:\/\/www.kktavastia.fi\/tyoelamapalvelut\/tyoikaisille\/\",\"url\":\"https:\/\/www.kktavastia.fi\/tyoelamapalvelut\/tyoikaisille\/\",\"name\":\"Ty\u00f6ik\u00e4isille - Tavastia Koulutus Oy\",\"isPartOf\":{\"@id\":\"https:\/\/www.kktavastia.fi\/tyoelamapalvelut\/#website\"},\"datePublished\":\"2025-06-02T11:58:34+00:00\",\"dateModified\":\"2025-06-13T07:27:00+00:00\",\"breadcrumb\":{\"@id\":\"https:\/\/www.kktavastia.fi\/tyoelamapalvelut\/tyoikaisille\/#breadcrumb\"},\"inLanguage\":\"fi\",\"potentialAction\":[{\"@type\":\"ReadAction\",\"target\":[\"https:\/\/www.kktavastia.fi\/tyoelamapalvelut\/tyoikaisille\/\"]}]},{\"@type\":\"BreadcrumbList\",\"@id\":\"https:\/\/www.kktavastia.fi\/tyoelamapalvelut\/tyoikaisille\/#breadcrumb\",\"itemListElement\":[{\"@type\":\"ListItem\",\"position\":1,\"name\":\"Home\",\"item\":\"https:\/\/www.kktavastia.fi\/tyoelamapalvelut\/\"},{\"@type\":\"ListItem\",\"position\":2,\"name\":\"Ty\u00f6ik\u00e4isille\"}]},{\"@type\":\"WebSite\",\"@id\":\"https:\/\/www.kktavastia.fi\/tyoelamapalvelut\/#website\",\"url\":\"https:\/\/www.kktavastia.fi\/tyoelamapalvelut\/\",\"name\":\"Tavastia Koulutus Oy\",\"description\":\"\",\"potentialAction\":[{\"@type\":\"SearchAction\",\"target\":{\"@type\":\"EntryPoint\",\"urlTemplate\":\"https:\/\/www.kktavastia.fi\/tyoelamapalvelut\/?s={search_term_string}\"},\"query-input\":{\"@type\":\"PropertyValueSpecification\",\"valueRequired\":true,\"valueName\":\"search_term_string\"}}],\"inLanguage\":\"fi\"}]}<\/script>","yoast_head_json":{"title":"Ty\u00f6ik\u00e4isille - Tavastia Koulutus Oy","robots":{"index":"index","follow":"follow","max-snippet":"max-snippet:-1","max-image-preview":"max-image-preview:large","max-video-preview":"max-video-preview:-1"},"canonical":"https:\/\/www.kktavastia.fi\/tyoelamapalvelut\/tyoikaisille\/","og_locale":"fi_FI","og_type":"article","og_title":"Ty\u00f6ik\u00e4isille - Tavastia Koulutus Oy","og_description":"Palvelut ty\u00f6ss\u00e4 oleville ty\u00f6ntekij\u00f6ille&nbsp; Ty\u00f6el\u00e4m\u00e4 muuttuu ja ty\u00f6el\u00e4m\u00e4n osaamisvaatimukset kasvavat jatkuvasti. Oman osaamisen yll\u00e4pit\u00e4minen ja kehitt\u00e4minen on t\u00e4rke\u00e4\u00e4, ja se [&hellip;]","og_url":"https:\/\/www.kktavastia.fi\/tyoelamapalvelut\/tyoikaisille\/","og_site_name":"Tavastia Koulutus Oy","article_modified_time":"2025-06-13T07:27:00+00:00","twitter_card":"summary_large_image","schema":{"@context":"https:\/\/schema.org","@graph":[{"@type":"WebPage","@id":"https:\/\/www.kktavastia.fi\/tyoelamapalvelut\/tyoikaisille\/","url":"https:\/\/www.kktavastia.fi\/tyoelamapalvelut\/tyoikaisille\/","name":"Ty\u00f6ik\u00e4isille - Tavastia Koulutus Oy","isPartOf":{"@id":"https:\/\/www.kktavastia.fi\/tyoelamapalvelut\/#website"},"datePublished":"2025-06-02T11:58:34+00:00","dateModified":"2025-06-13T07:27:00+00:00","breadcrumb":{"@id":"https:\/\/www.kktavastia.fi\/tyoelamapalvelut\/tyoikaisille\/#breadcrumb"},"inLanguage":"fi","potentialAction":[{"@type":"ReadAction","target":["https:\/\/www.kktavastia.fi\/tyoelamapalvelut\/tyoikaisille\/"]}]},{"@type":"BreadcrumbList","@id":"https:\/\/www.kktavastia.fi\/tyoelamapalvelut\/tyoikaisille\/#breadcrumb","itemListElement":[{"@type":"ListItem","position":1,"name":"Home","item":"https:\/\/www.kktavastia.fi\/tyoelamapalvelut\/"},{"@type":"ListItem","position":2,"name":"Ty\u00f6ik\u00e4isille"}]},{"@type":"WebSite","@id":"https:\/\/www.kktavastia.fi\/tyoelamapalvelut\/#website","url":"https:\/\/www.kktavastia.fi\/tyoelamapalvelut\/","name":"Tavastia Koulutus Oy","description":"","potentialAction":[{"@type":"SearchAction","target":{"@type":"EntryPoint","urlTemplate":"https:\/\/www.kktavastia.fi\/tyoelamapalvelut\/?s={search_term_string}"},"query-input":{"@type":"PropertyValueSpecification","valueRequired":true,"valueName":"search_term_string"}}],"inLanguage":"fi"}]}},"_links":{"self":[{"href":"https:\/\/www.kktavastia.fi\/tyoelamapalvelut\/wp-json\/wp\/v2\/pages\/4308","targetHints":{"allow":["GET"]}}],"collection":[{"href":"https:\/\/www.kktavastia.fi\/tyoelamapalvelut\/wp-json\/wp\/v2\/pages"}],"about":[{"href":"https:\/\/www.kktavastia.fi\/tyoelamapalvelut\/wp-json\/wp\/v2\/types\/page"}],"author":[{"embeddable":true,"href":"https:\/\/www.kktavastia.fi\/tyoelamapalvelut\/wp-json\/wp\/v2\/users\/6"}],"replies":[{"embeddable":true,"href":"https:\/\/www.kktavastia.fi\/tyoelamapalvelut\/wp-json\/wp\/v2\/comments?post=4308"}],"version-history":[{"count":8,"href":"https:\/\/www.kktavastia.fi\/tyoelamapalvelut\/wp-json\/wp\/v2\/pages\/4308\/revisions"}],"predecessor-version":[{"id":4346,"href":"https:\/\/www.kktavastia.fi\/tyoelamapalvelut\/wp-json\/wp\/v2\/pages\/4308\/revisions\/4346"}],"wp:attachment":[{"href":"https:\/\/www.kktavastia.fi\/tyoelamapalvelut\/wp-json\/wp\/v2\/media?parent=4308"}],"curies":[{"name":"wp","href":"https:\/\/api.w.org\/{rel}","templated":true}]}}