{"id":4304,"date":"2025-06-02T14:57:58","date_gmt":"2025-06-02T11:57:58","guid":{"rendered":"https:\/\/www.kktavastia.fi\/tyoelamapalvelut\/?page_id=4304"},"modified":"2025-11-26T10:40:10","modified_gmt":"2025-11-26T08:40:10","slug":"tyonantajille-ja-yrittajille","status":"publish","type":"page","link":"https:\/\/www.kktavastia.fi\/tyoelamapalvelut\/tyonantajille-ja-yrittajille\/","title":{"rendered":"Ty\u00f6nantajille ja yritt\u00e4jille"},"content":{"rendered":"\n<h3 class=\"wp-block-heading\">Tilauskoulutukset&nbsp;<\/h3>\n\n\n\n<p>Tilauskoulutus on yrityksen tai organisaation tarpeisiin r\u00e4\u00e4t\u00e4l\u00f6ity koulutus. Yhteisty\u00f6 kannattaa aloittaa ottamalla meihin yhteytt\u00e4. L\u00f6yd\u00e4mme yhdess\u00e4 sopivimmat ratkaisut osaamistarpeisiinne. Laita s\u00e4hk\u00f6postia osoitteeseen <a href=\"mailto:tavastiakoulutus@kktavastia.fi\" target=\"_blank\" rel=\"noreferrer noopener\">tavastiakoulutus@kktavastia.fi<\/a> tai soita numeroon 050\u202f440 0846 (P\u00e4ivi Aaltonen).<\/p>\n\n\n\n<h3 class=\"wp-block-heading\">T\u00e4ydennyskoulutukset ja lupakortit&nbsp;<\/h3>\n\n\n\n<p>Koulutuskalenteristamme l\u00f6yd\u00e4t ajankohtaisia t\u00e4ydennyskoulutuksia ja henkil\u00f6st\u00f6n p\u00e4tevyyksi\u00e4 yll\u00e4pit\u00e4vi\u00e4 lupakorttikoulutuksia. Toteutamme t\u00e4ydennys- ja lupakorttikoulutuksia halutessanne my\u00f6s yrityskoulutuksina vaikkapa omissa tiloissanne. <a href=\"https:\/\/www.kktavastia.fi\/tyoelamapalvelut\/lyhytkoulutukset\/\">Tutustu tarjontaamme<\/a>.&nbsp;<\/p>\n\n\n\n<h3 class=\"wp-block-heading\">Tutkintotavoitteiset koulutukset&nbsp;<\/h3>\n\n\n\n<p>Ammatillisia tutkintoja ovat perustutkinnot, ammattitutkinnot ja erikoisammattitutkinnot. Ty\u00f6el\u00e4m\u00e4ss\u00e4 olevat henkil\u00f6t suorittavat tutkinnoista useimmiten ainoastaan tietyn tutkinnon osan, joka palvelee t\u00e4sm\u00e4llisesti ty\u00f6paikan osaamisen tarpeita. Tarjontaa on paljon, koska tutkinnon osia on satoja. Tutkintotavoitteiset koulutukset toteuttaa Ammattiopisto Tavastia. <a href=\"https:\/\/www.kktavastia.fi\/ammattiopisto\/tutkinnot\/\">Tutustu tarjontaamme<\/a>.<\/p>\n\n\n\n<p>Oppisopimus on loistava keino hankkia osaamista sek\u00e4 nykyiselle ett\u00e4 rekrytoitavalle henkil\u00f6st\u00f6llesi. Yritt\u00e4j\u00e4n\u00e4 voit itsekin suorittaa tutkinnon yritt\u00e4j\u00e4n oppisopimuksella. Oppisopimuksella voidaan opiskella perus-, ammatti- ja erikoisammattitutkintoja sek\u00e4 n\u00e4iden osia. <a href=\"https:\/\/www.kktavastia.fi\/ammattiopisto\/hakijalle\/oppisopimus\/\">Tutustu oppisopimukseen<\/a>.<\/p>\n\n\n\n<h3 class=\"wp-block-heading\">Yhteishankintakoulutukset&nbsp;<\/h3>\n\n\n\n<p>Ty\u00f6llisyysalue Ty\u00f6H\u00e4meen kanssa solmitun ty\u00f6voimakoulutussopimuksen mukaisesti ty\u00f6voimakoulutuksia voidaan toteuttaa yhteishankintakoulutuksina. Yhteishankintakoulutus on mahdollinen tilanteissa, jossa on tarve kouluttaa ja rekrytoida ty\u00f6ntekij\u00e4, jota ei l\u00f6ydy suoralla rekrytoinnilla. Ty\u00f6nantajan maksuosuus on 30 prosenttia koulutuksen kokonaiskustannuksista. <\/p>\n\n\n\n<p>Jos yhteishankintakoulutus kiinnostaa, ole yhteydess\u00e4 joko Ty\u00f6H\u00e4meeseen tai Tavastia Koulutukseen. Autamme sinua suunnittelemaan koulutuksen ty\u00f6paikkasi tarpeisiin. Laita s\u00e4hk\u00f6postia osoitteeseen <a href=\"mailto:tavastiakoulutus@kktavastia.fi\" target=\"_blank\" rel=\"noreferrer noopener\">tavastiakoulutus@kktavastia.fi<\/a> tai soita numeroon 050\u202f440 0846 (P\u00e4ivi Aaltonen).&nbsp;<\/p>\n\n\n\n<h4 class=\"wp-block-heading\">Ty\u00f6paikkasuomi-koulutus<\/h4>\n\n\n\n<p>Ty\u00f6paikkasuomi-koulutus on ty\u00f6paikalla tarvittavan suomen kielen taidon koulutusta ty\u00f6ntekij\u00f6ille. Se on yhteishankintana toteutettava palvelu, joka sopii yritykseen rekrytoitaville tai yrityksess\u00e4 jo ty\u00f6skenteleville vieraskielisille henkil\u00f6ille, joiden suomen kielen taito ei vastaa heid\u00e4n ty\u00f6ns\u00e4 ja ammattinsa kielitaitovaatimuksia. Koulutus kehitt\u00e4\u00e4 ty\u00f6paikalla tarvittavaa kirjallista ja suullista suomen kielen osaamista, vahvistaa peruskielitaitoa ja\/tai alakohtaista ammattisanastoa ja keskittyy ty\u00f6h\u00f6n liittyviin vuorovaikutustilanteisiin ja sanastoon. Jokainen koulutus r\u00e4\u00e4t\u00e4l\u00f6id\u00e4\u00e4n ko. ty\u00f6nantajan tarpeisiin joustavasti sek\u00e4 sis\u00e4ll\u00f6lt\u00e4\u00e4n ett\u00e4 toteutustavaltaan. <\/p>\n\n\n\n<p>Ty\u00f6nantaja maksaa koulutuksen kokonaiskustannuksista 20\u201350 prosenttia ja ty\u00f6llisyysalue loput, 50\u201380 prosenttia. Ty\u00f6nantajan maksuosuuden suuruus riippuu yrityksen koosta sek\u00e4 siit\u00e4, hankkiiko se kielen koulutusta nykyiselle vai uudelle ty\u00f6ntekij\u00e4lleen. Palvelu on tarjolla ty\u00f6nantajille, jotka toimivat Keski-Uudenmaan kunnissa tai Kanta-H\u00e4meess\u00e4.<\/p>\n\n\n\n<p>Tavastia Koulutus Oy:n tarjoama Ty\u00f6paikkasuomi-koulutus on suunniteltu niin, ett\u00e4 se toimii parhaiten v\u00e4hint\u00e4\u00e4n kolmen hengen ryhm\u00e4lle. Ty\u00f6paikalla tapahtuva kielen oppiminen ja ohjaus ovat olennainen osa koulutusta. Koulutuksia j\u00e4rjestet\u00e4\u00e4n eri pituisina ty\u00f6nantajien ja opiskelijoiden toiveiden ja tarpeen mukaan ja usein osa-aikaisesti esimerkiksi 2-4 tuntia kerrallaan.<\/p>\n\n\n\n<p>Ota yhteytt\u00e4 ja r\u00e4\u00e4t\u00e4l\u00f6id\u00e4\u00e4n juuri teille sopiva Ty\u00f6paikkasuomi-koulutus!<br><br>Lis\u00e4tietoja:<br>monikulttuurisuuskoordinaattori Tiina Alhainen (tiina.alhainen@kktavastia.fi tai 050 434 7008)<br>koulutusp\u00e4\u00e4llikk\u00f6 Riikka Ollinkangas (riikka.ollinkangas@kktavastia.fi tai 050\u00a0440 0950)<\/p>\n\n\n\n<p><\/p>\n","protected":false},"excerpt":{"rendered":"<p>Tilauskoulutukset&nbsp; Tilauskoulutus on yrityksen tai organisaation tarpeisiin r\u00e4\u00e4t\u00e4l\u00f6ity koulutus. Yhteisty\u00f6 kannattaa aloittaa ottamalla meihin yhteytt\u00e4. L\u00f6yd\u00e4mme yhdess\u00e4 sopivimmat ratkaisut osaamistarpeisiinne. [&hellip;]<\/p>\n","protected":false},"author":6,"featured_media":4327,"parent":0,"menu_order":0,"comment_status":"closed","ping_status":"closed","template":"","meta":{"_acf_changed":false,"_relevanssi_hide_post":"","_relevanssi_hide_content":"","_relevanssi_pin_for_all":"","_relevanssi_pin_keywords":"","_relevanssi_unpin_keywords":"","_relevanssi_related_keywords":"","_relevanssi_related_include_ids":"","_relevanssi_related_exclude_ids":"","_relevanssi_related_no_append":"","_relevanssi_related_not_related":"","_relevanssi_related_posts":"","_relevanssi_noindex_reason":"","footnotes":""},"class_list":["post-4304","page","type-page","status-publish","has-post-thumbnail","hentry"],"acf":[],"yoast_head":"<title>Ty\u00f6nantajille ja yritt\u00e4jille - Tavastia Koulutus Oy<\/title>\n<meta name=\"robots\" content=\"index, follow, max-snippet:-1, max-image-preview:large, max-video-preview:-1\" \/>\n<link rel=\"canonical\" href=\"https:\/\/www.kktavastia.fi\/tyoelamapalvelut\/tyonantajille-ja-yrittajille\/\" \/>\n<meta property=\"og:locale\" content=\"fi_FI\" \/>\n<meta property=\"og:type\" content=\"article\" \/>\n<meta property=\"og:title\" content=\"Ty\u00f6nantajille ja yritt\u00e4jille - Tavastia Koulutus Oy\" \/>\n<meta property=\"og:description\" content=\"Tilauskoulutukset&nbsp; Tilauskoulutus on yrityksen tai organisaation tarpeisiin r\u00e4\u00e4t\u00e4l\u00f6ity koulutus. Yhteisty\u00f6 kannattaa aloittaa ottamalla meihin yhteytt\u00e4. L\u00f6yd\u00e4mme yhdess\u00e4 sopivimmat ratkaisut osaamistarpeisiinne. [&hellip;]\" \/>\n<meta property=\"og:url\" content=\"https:\/\/www.kktavastia.fi\/tyoelamapalvelut\/tyonantajille-ja-yrittajille\/\" \/>\n<meta property=\"og:site_name\" content=\"Tavastia Koulutus Oy\" \/>\n<meta property=\"article:modified_time\" content=\"2025-11-26T08:40:10+00:00\" \/>\n<meta property=\"og:image\" content=\"https:\/\/www.kktavastia.fi\/media\/sites\/4\/electrician-1080554_1280.jpg\" \/>\n\t<meta property=\"og:image:width\" content=\"1280\" \/>\n\t<meta property=\"og:image:height\" content=\"852\" \/>\n\t<meta property=\"og:image:type\" content=\"image\/jpeg\" \/>\n<meta name=\"twitter:card\" content=\"summary_large_image\" \/>\n<script type=\"application\/ld+json\" class=\"yoast-schema-graph\">{\"@context\":\"https:\\\/\\\/schema.org\",\"@graph\":[{\"@type\":\"WebPage\",\"@id\":\"https:\\\/\\\/www.kktavastia.fi\\\/tyoelamapalvelut\\\/tyonantajille-ja-yrittajille\\\/\",\"url\":\"https:\\\/\\\/www.kktavastia.fi\\\/tyoelamapalvelut\\\/tyonantajille-ja-yrittajille\\\/\",\"name\":\"Ty\u00f6nantajille ja yritt\u00e4jille - Tavastia Koulutus Oy\",\"isPartOf\":{\"@id\":\"https:\\\/\\\/www.kktavastia.fi\\\/tyoelamapalvelut\\\/#website\"},\"primaryImageOfPage\":{\"@id\":\"https:\\\/\\\/www.kktavastia.fi\\\/tyoelamapalvelut\\\/tyonantajille-ja-yrittajille\\\/#primaryimage\"},\"image\":{\"@id\":\"https:\\\/\\\/www.kktavastia.fi\\\/tyoelamapalvelut\\\/tyonantajille-ja-yrittajille\\\/#primaryimage\"},\"thumbnailUrl\":\"https:\\\/\\\/www.kktavastia.fi\\\/media\\\/sites\\\/4\\\/electrician-1080554_1280.jpg\",\"datePublished\":\"2025-06-02T11:57:58+00:00\",\"dateModified\":\"2025-11-26T08:40:10+00:00\",\"breadcrumb\":{\"@id\":\"https:\\\/\\\/www.kktavastia.fi\\\/tyoelamapalvelut\\\/tyonantajille-ja-yrittajille\\\/#breadcrumb\"},\"inLanguage\":\"fi\",\"potentialAction\":[{\"@type\":\"ReadAction\",\"target\":[\"https:\\\/\\\/www.kktavastia.fi\\\/tyoelamapalvelut\\\/tyonantajille-ja-yrittajille\\\/\"]}]},{\"@type\":\"ImageObject\",\"inLanguage\":\"fi\",\"@id\":\"https:\\\/\\\/www.kktavastia.fi\\\/tyoelamapalvelut\\\/tyonantajille-ja-yrittajille\\\/#primaryimage\",\"url\":\"https:\\\/\\\/www.kktavastia.fi\\\/media\\\/sites\\\/4\\\/electrician-1080554_1280.jpg\",\"contentUrl\":\"https:\\\/\\\/www.kktavastia.fi\\\/media\\\/sites\\\/4\\\/electrician-1080554_1280.jpg\",\"width\":1280,\"height\":852},{\"@type\":\"BreadcrumbList\",\"@id\":\"https:\\\/\\\/www.kktavastia.fi\\\/tyoelamapalvelut\\\/tyonantajille-ja-yrittajille\\\/#breadcrumb\",\"itemListElement\":[{\"@type\":\"ListItem\",\"position\":1,\"name\":\"Home\",\"item\":\"https:\\\/\\\/www.kktavastia.fi\\\/tyoelamapalvelut\\\/\"},{\"@type\":\"ListItem\",\"position\":2,\"name\":\"Ty\u00f6nantajille ja yritt\u00e4jille\"}]},{\"@type\":\"WebSite\",\"@id\":\"https:\\\/\\\/www.kktavastia.fi\\\/tyoelamapalvelut\\\/#website\",\"url\":\"https:\\\/\\\/www.kktavastia.fi\\\/tyoelamapalvelut\\\/\",\"name\":\"Tavastia Koulutus Oy\",\"description\":\"\",\"potentialAction\":[{\"@type\":\"SearchAction\",\"target\":{\"@type\":\"EntryPoint\",\"urlTemplate\":\"https:\\\/\\\/www.kktavastia.fi\\\/tyoelamapalvelut\\\/?s={search_term_string}\"},\"query-input\":{\"@type\":\"PropertyValueSpecification\",\"valueRequired\":true,\"valueName\":\"search_term_string\"}}],\"inLanguage\":\"fi\"}]}<\/script>","yoast_head_json":{"title":"Ty\u00f6nantajille ja yritt\u00e4jille - Tavastia Koulutus Oy","robots":{"index":"index","follow":"follow","max-snippet":"max-snippet:-1","max-image-preview":"max-image-preview:large","max-video-preview":"max-video-preview:-1"},"canonical":"https:\/\/www.kktavastia.fi\/tyoelamapalvelut\/tyonantajille-ja-yrittajille\/","og_locale":"fi_FI","og_type":"article","og_title":"Ty\u00f6nantajille ja yritt\u00e4jille - Tavastia Koulutus Oy","og_description":"Tilauskoulutukset&nbsp; Tilauskoulutus on yrityksen tai organisaation tarpeisiin r\u00e4\u00e4t\u00e4l\u00f6ity koulutus. Yhteisty\u00f6 kannattaa aloittaa ottamalla meihin yhteytt\u00e4. L\u00f6yd\u00e4mme yhdess\u00e4 sopivimmat ratkaisut osaamistarpeisiinne. [&hellip;]","og_url":"https:\/\/www.kktavastia.fi\/tyoelamapalvelut\/tyonantajille-ja-yrittajille\/","og_site_name":"Tavastia Koulutus Oy","article_modified_time":"2025-11-26T08:40:10+00:00","og_image":[{"width":1280,"height":852,"url":"https:\/\/www.kktavastia.fi\/media\/sites\/4\/electrician-1080554_1280.jpg","type":"image\/jpeg"}],"twitter_card":"summary_large_image","schema":{"@context":"https:\/\/schema.org","@graph":[{"@type":"WebPage","@id":"https:\/\/www.kktavastia.fi\/tyoelamapalvelut\/tyonantajille-ja-yrittajille\/","url":"https:\/\/www.kktavastia.fi\/tyoelamapalvelut\/tyonantajille-ja-yrittajille\/","name":"Ty\u00f6nantajille ja yritt\u00e4jille - Tavastia Koulutus Oy","isPartOf":{"@id":"https:\/\/www.kktavastia.fi\/tyoelamapalvelut\/#website"},"primaryImageOfPage":{"@id":"https:\/\/www.kktavastia.fi\/tyoelamapalvelut\/tyonantajille-ja-yrittajille\/#primaryimage"},"image":{"@id":"https:\/\/www.kktavastia.fi\/tyoelamapalvelut\/tyonantajille-ja-yrittajille\/#primaryimage"},"thumbnailUrl":"https:\/\/www.kktavastia.fi\/media\/sites\/4\/electrician-1080554_1280.jpg","datePublished":"2025-06-02T11:57:58+00:00","dateModified":"2025-11-26T08:40:10+00:00","breadcrumb":{"@id":"https:\/\/www.kktavastia.fi\/tyoelamapalvelut\/tyonantajille-ja-yrittajille\/#breadcrumb"},"inLanguage":"fi","potentialAction":[{"@type":"ReadAction","target":["https:\/\/www.kktavastia.fi\/tyoelamapalvelut\/tyonantajille-ja-yrittajille\/"]}]},{"@type":"ImageObject","inLanguage":"fi","@id":"https:\/\/www.kktavastia.fi\/tyoelamapalvelut\/tyonantajille-ja-yrittajille\/#primaryimage","url":"https:\/\/www.kktavastia.fi\/media\/sites\/4\/electrician-1080554_1280.jpg","contentUrl":"https:\/\/www.kktavastia.fi\/media\/sites\/4\/electrician-1080554_1280.jpg","width":1280,"height":852},{"@type":"BreadcrumbList","@id":"https:\/\/www.kktavastia.fi\/tyoelamapalvelut\/tyonantajille-ja-yrittajille\/#breadcrumb","itemListElement":[{"@type":"ListItem","position":1,"name":"Home","item":"https:\/\/www.kktavastia.fi\/tyoelamapalvelut\/"},{"@type":"ListItem","position":2,"name":"Ty\u00f6nantajille ja yritt\u00e4jille"}]},{"@type":"WebSite","@id":"https:\/\/www.kktavastia.fi\/tyoelamapalvelut\/#website","url":"https:\/\/www.kktavastia.fi\/tyoelamapalvelut\/","name":"Tavastia Koulutus Oy","description":"","potentialAction":[{"@type":"SearchAction","target":{"@type":"EntryPoint","urlTemplate":"https:\/\/www.kktavastia.fi\/tyoelamapalvelut\/?s={search_term_string}"},"query-input":{"@type":"PropertyValueSpecification","valueRequired":true,"valueName":"search_term_string"}}],"inLanguage":"fi"}]}},"_links":{"self":[{"href":"https:\/\/www.kktavastia.fi\/tyoelamapalvelut\/wp-json\/wp\/v2\/pages\/4304","targetHints":{"allow":["GET"]}}],"collection":[{"href":"https:\/\/www.kktavastia.fi\/tyoelamapalvelut\/wp-json\/wp\/v2\/pages"}],"about":[{"href":"https:\/\/www.kktavastia.fi\/tyoelamapalvelut\/wp-json\/wp\/v2\/types\/page"}],"author":[{"embeddable":true,"href":"https:\/\/www.kktavastia.fi\/tyoelamapalvelut\/wp-json\/wp\/v2\/users\/6"}],"replies":[{"embeddable":true,"href":"https:\/\/www.kktavastia.fi\/tyoelamapalvelut\/wp-json\/wp\/v2\/comments?post=4304"}],"version-history":[{"count":8,"href":"https:\/\/www.kktavastia.fi\/tyoelamapalvelut\/wp-json\/wp\/v2\/pages\/4304\/revisions"}],"predecessor-version":[{"id":4441,"href":"https:\/\/www.kktavastia.fi\/tyoelamapalvelut\/wp-json\/wp\/v2\/pages\/4304\/revisions\/4441"}],"wp:featuredmedia":[{"embeddable":true,"href":"https:\/\/www.kktavastia.fi\/tyoelamapalvelut\/wp-json\/wp\/v2\/media\/4327"}],"wp:attachment":[{"href":"https:\/\/www.kktavastia.fi\/tyoelamapalvelut\/wp-json\/wp\/v2\/media?parent=4304"}],"curies":[{"name":"wp","href":"https:\/\/api.w.org\/{rel}","templated":true}]}}