{"id":8,"date":"2020-12-01T12:59:00","date_gmt":"2020-12-01T10:59:00","guid":{"rendered":"https:\/\/kktavastia.vaiheessa.fi\/lukiot-parola\/?page_id=8"},"modified":"2026-01-29T10:22:20","modified_gmt":"2026-01-29T08:22:20","slug":"haku-parolan-lukioon","status":"publish","type":"page","link":"https:\/\/www.kktavastia.fi\/lukiot-parola\/haku-parolan-lukioon\/","title":{"rendered":"Tule opiskelijaksi"},"content":{"rendered":"\n<p class=\"is-style-ingress\">Parolan lukioon haetaan valtakunnallisessa yhteishaussa&nbsp;Opintopolku.fi-sivustolla. Kev\u00e4\u00e4n 2026 yhteishaku on helmi-maaliskuussa.<\/p>\n\n\n\n<div class=\"wp-block-buttons is-layout-flex wp-block-buttons-is-layout-flex\">\n<div class=\"wp-block-button\"><a class=\"wp-block-button__link wp-element-button\" href=\"https:\/\/opintopolku.fi\/konfo\/fi\/\" target=\"_blank\" rel=\"noreferrer noopener\">Opintopolkuun<\/a><\/div>\n<\/div>\n\n\n\n<h4 class=\"wp-block-heading\">Katso esittelyvideomme! <\/h4>\n\n\n\n<p>Parolan pieni suuri lukio on viihtyis\u00e4 ja siell\u00e4 yhteis\u00f6llisyys on t\u00e4rke\u00e4 asia. Videolla opiskellaan v\u00e4ist\u00f6tiloissa, mutta muutto uusiin tiloihin on ihan dronelennon p\u00e4\u00e4ss\u00e4. Katso lis\u00e4\u00e4 videolta! <\/p>\n\n\n\n<figure class=\"wp-block-embed is-type-video is-provider-youtube wp-block-embed-youtube wp-embed-aspect-16-9 wp-has-aspect-ratio\"><div class=\"wp-block-embed__wrapper\">\n<div data-service=\"3613010749\" data-id=\"3613010749\" data-title=\"T\u00e4m\u00e4 upote saattaa k\u00e4ytt\u00e4\u00e4 ev\u00e4steit\u00e4\" data-autoscale><\/div>\n<\/div><\/figure>\n\n\n\n<p><\/p>\n\n\n\n<p>T\u00e4ll\u00e4 videolla jokainen oppiaine tulee tutuksi, kun opiskelijamme kertovat opintojen sis\u00e4ll\u00f6ist\u00e4. <\/p>\n\n\n\n<figure class=\"wp-block-embed is-type-video is-provider-youtube wp-block-embed-youtube wp-embed-aspect-16-9 wp-has-aspect-ratio\"><div class=\"wp-block-embed__wrapper\">\n<div data-service=\"1462307281\" data-id=\"1462307281\" data-title=\"T\u00e4m\u00e4 upote saattaa k\u00e4ytt\u00e4\u00e4 ev\u00e4steit\u00e4\" data-autoscale><\/div>\n<\/div><\/figure>\n\n\n\n<p>Parolan lukio on perustettu vuonna 1961 ja lukiossa on noin 170 opiskelijaa. <\/p>\n","protected":false},"excerpt":{"rendered":"<p>Parolan lukioon haetaan valtakunnallisessa yhteishaussa&nbsp;Opintopolku.fi-sivustolla. Kev\u00e4\u00e4n 2026 yhteishaku on helmi-maaliskuussa. Katso esittelyvideomme! Parolan pieni suuri lukio on viihtyis\u00e4 ja siell\u00e4 [&hellip;]<\/p>\n","protected":false},"author":6,"featured_media":0,"parent":0,"menu_order":0,"comment_status":"closed","ping_status":"closed","template":"","meta":{"_acf_changed":false,"_relevanssi_hide_post":"","_relevanssi_hide_content":"","_relevanssi_pin_for_all":"","_relevanssi_pin_keywords":"","_relevanssi_unpin_keywords":"","_relevanssi_related_keywords":"","_relevanssi_related_include_ids":"","_relevanssi_related_exclude_ids":"","_relevanssi_related_no_append":"","_relevanssi_related_not_related":"","_relevanssi_related_posts":"28,51,28,168,54,13","_relevanssi_noindex_reason":"","footnotes":""},"class_list":["post-8","page","type-page","status-publish","hentry"],"acf":[],"yoast_head":"<title>Haku Parolan lukioon | Tule opiskelemaan Parolan lukioon<\/title>\n<meta name=\"description\" content=\"Haku Parolan lukioon tapahtuu valtakunnallisessa yhteishaussa kev\u00e4\u00e4ll\u00e4 Opintopolun kautta. Lue lis\u00e4\u00e4 ja tule opiskelemaan Parolan lukioon!\" \/>\n<meta name=\"robots\" content=\"index, follow, max-snippet:-1, max-image-preview:large, max-video-preview:-1\" \/>\n<link rel=\"canonical\" href=\"https:\/\/www.kktavastia.fi\/lukiot-parola\/haku-parolan-lukioon\/\" \/>\n<meta property=\"og:locale\" content=\"fi_FI\" \/>\n<meta property=\"og:type\" content=\"article\" \/>\n<meta property=\"og:title\" content=\"Haku Parolan lukioon | Tule opiskelemaan Parolan lukioon\" \/>\n<meta property=\"og:description\" content=\"Haku Parolan lukioon tapahtuu valtakunnallisessa yhteishaussa kev\u00e4\u00e4ll\u00e4 Opintopolun kautta. Lue lis\u00e4\u00e4 ja tule opiskelemaan Parolan lukioon!\" \/>\n<meta property=\"og:url\" content=\"https:\/\/www.kktavastia.fi\/lukiot-parola\/haku-parolan-lukioon\/\" \/>\n<meta property=\"og:site_name\" content=\"Parolan lukio\" \/>\n<meta property=\"article:modified_time\" content=\"2026-01-29T08:22:20+00:00\" \/>\n<meta name=\"twitter:card\" content=\"summary_large_image\" \/>\n<script type=\"application\/ld+json\" class=\"yoast-schema-graph\">{\"@context\":\"https:\\\/\\\/schema.org\",\"@graph\":[{\"@type\":\"WebPage\",\"@id\":\"https:\\\/\\\/www.kktavastia.fi\\\/lukiot-parola\\\/haku-parolan-lukioon\\\/\",\"url\":\"https:\\\/\\\/www.kktavastia.fi\\\/lukiot-parola\\\/haku-parolan-lukioon\\\/\",\"name\":\"Haku Parolan lukioon | Tule opiskelemaan Parolan lukioon\",\"isPartOf\":{\"@id\":\"https:\\\/\\\/www.kktavastia.fi\\\/lukiot-parola\\\/#website\"},\"datePublished\":\"2020-12-01T10:59:00+00:00\",\"dateModified\":\"2026-01-29T08:22:20+00:00\",\"description\":\"Haku Parolan lukioon tapahtuu valtakunnallisessa yhteishaussa kev\u00e4\u00e4ll\u00e4 Opintopolun kautta. Lue lis\u00e4\u00e4 ja tule opiskelemaan Parolan lukioon!\",\"breadcrumb\":{\"@id\":\"https:\\\/\\\/www.kktavastia.fi\\\/lukiot-parola\\\/haku-parolan-lukioon\\\/#breadcrumb\"},\"inLanguage\":\"fi\",\"potentialAction\":[{\"@type\":\"ReadAction\",\"target\":[\"https:\\\/\\\/www.kktavastia.fi\\\/lukiot-parola\\\/haku-parolan-lukioon\\\/\"]}]},{\"@type\":\"BreadcrumbList\",\"@id\":\"https:\\\/\\\/www.kktavastia.fi\\\/lukiot-parola\\\/haku-parolan-lukioon\\\/#breadcrumb\",\"itemListElement\":[{\"@type\":\"ListItem\",\"position\":1,\"name\":\"Home\",\"item\":\"https:\\\/\\\/www.kktavastia.fi\\\/lukiot-parola\\\/\"},{\"@type\":\"ListItem\",\"position\":2,\"name\":\"Tule opiskelijaksi\"}]},{\"@type\":\"WebSite\",\"@id\":\"https:\\\/\\\/www.kktavastia.fi\\\/lukiot-parola\\\/#website\",\"url\":\"https:\\\/\\\/www.kktavastia.fi\\\/lukiot-parola\\\/\",\"name\":\"Parolan lukio\",\"description\":\"\",\"potentialAction\":[{\"@type\":\"SearchAction\",\"target\":{\"@type\":\"EntryPoint\",\"urlTemplate\":\"https:\\\/\\\/www.kktavastia.fi\\\/lukiot-parola\\\/?s={search_term_string}\"},\"query-input\":{\"@type\":\"PropertyValueSpecification\",\"valueRequired\":true,\"valueName\":\"search_term_string\"}}],\"inLanguage\":\"fi\"}]}<\/script>","yoast_head_json":{"title":"Haku Parolan lukioon | Tule opiskelemaan Parolan lukioon","description":"Haku Parolan lukioon tapahtuu valtakunnallisessa yhteishaussa kev\u00e4\u00e4ll\u00e4 Opintopolun kautta. Lue lis\u00e4\u00e4 ja tule opiskelemaan Parolan lukioon!","robots":{"index":"index","follow":"follow","max-snippet":"max-snippet:-1","max-image-preview":"max-image-preview:large","max-video-preview":"max-video-preview:-1"},"canonical":"https:\/\/www.kktavastia.fi\/lukiot-parola\/haku-parolan-lukioon\/","og_locale":"fi_FI","og_type":"article","og_title":"Haku Parolan lukioon | Tule opiskelemaan Parolan lukioon","og_description":"Haku Parolan lukioon tapahtuu valtakunnallisessa yhteishaussa kev\u00e4\u00e4ll\u00e4 Opintopolun kautta. Lue lis\u00e4\u00e4 ja tule opiskelemaan Parolan lukioon!","og_url":"https:\/\/www.kktavastia.fi\/lukiot-parola\/haku-parolan-lukioon\/","og_site_name":"Parolan lukio","article_modified_time":"2026-01-29T08:22:20+00:00","twitter_card":"summary_large_image","schema":{"@context":"https:\/\/schema.org","@graph":[{"@type":"WebPage","@id":"https:\/\/www.kktavastia.fi\/lukiot-parola\/haku-parolan-lukioon\/","url":"https:\/\/www.kktavastia.fi\/lukiot-parola\/haku-parolan-lukioon\/","name":"Haku Parolan lukioon | Tule opiskelemaan Parolan lukioon","isPartOf":{"@id":"https:\/\/www.kktavastia.fi\/lukiot-parola\/#website"},"datePublished":"2020-12-01T10:59:00+00:00","dateModified":"2026-01-29T08:22:20+00:00","description":"Haku Parolan lukioon tapahtuu valtakunnallisessa yhteishaussa kev\u00e4\u00e4ll\u00e4 Opintopolun kautta. Lue lis\u00e4\u00e4 ja tule opiskelemaan Parolan lukioon!","breadcrumb":{"@id":"https:\/\/www.kktavastia.fi\/lukiot-parola\/haku-parolan-lukioon\/#breadcrumb"},"inLanguage":"fi","potentialAction":[{"@type":"ReadAction","target":["https:\/\/www.kktavastia.fi\/lukiot-parola\/haku-parolan-lukioon\/"]}]},{"@type":"BreadcrumbList","@id":"https:\/\/www.kktavastia.fi\/lukiot-parola\/haku-parolan-lukioon\/#breadcrumb","itemListElement":[{"@type":"ListItem","position":1,"name":"Home","item":"https:\/\/www.kktavastia.fi\/lukiot-parola\/"},{"@type":"ListItem","position":2,"name":"Tule opiskelijaksi"}]},{"@type":"WebSite","@id":"https:\/\/www.kktavastia.fi\/lukiot-parola\/#website","url":"https:\/\/www.kktavastia.fi\/lukiot-parola\/","name":"Parolan lukio","description":"","potentialAction":[{"@type":"SearchAction","target":{"@type":"EntryPoint","urlTemplate":"https:\/\/www.kktavastia.fi\/lukiot-parola\/?s={search_term_string}"},"query-input":{"@type":"PropertyValueSpecification","valueRequired":true,"valueName":"search_term_string"}}],"inLanguage":"fi"}]}},"_links":{"self":[{"href":"https:\/\/www.kktavastia.fi\/lukiot-parola\/wp-json\/wp\/v2\/pages\/8","targetHints":{"allow":["GET"]}}],"collection":[{"href":"https:\/\/www.kktavastia.fi\/lukiot-parola\/wp-json\/wp\/v2\/pages"}],"about":[{"href":"https:\/\/www.kktavastia.fi\/lukiot-parola\/wp-json\/wp\/v2\/types\/page"}],"author":[{"embeddable":true,"href":"https:\/\/www.kktavastia.fi\/lukiot-parola\/wp-json\/wp\/v2\/users\/6"}],"replies":[{"embeddable":true,"href":"https:\/\/www.kktavastia.fi\/lukiot-parola\/wp-json\/wp\/v2\/comments?post=8"}],"version-history":[{"count":25,"href":"https:\/\/www.kktavastia.fi\/lukiot-parola\/wp-json\/wp\/v2\/pages\/8\/revisions"}],"predecessor-version":[{"id":1711,"href":"https:\/\/www.kktavastia.fi\/lukiot-parola\/wp-json\/wp\/v2\/pages\/8\/revisions\/1711"}],"wp:attachment":[{"href":"https:\/\/www.kktavastia.fi\/lukiot-parola\/wp-json\/wp\/v2\/media?parent=8"}],"curies":[{"name":"wp","href":"https:\/\/api.w.org\/{rel}","templated":true}]}}