{"id":56,"date":"2020-12-03T13:46:27","date_gmt":"2020-12-03T11:46:27","guid":{"rendered":"https:\/\/kktavastia.vaiheessa.fi\/lukiot-parola\/?page_id=56"},"modified":"2025-02-13T10:36:11","modified_gmt":"2025-02-13T08:36:11","slug":"opiskelun-tuki","status":"publish","type":"page","link":"https:\/\/www.kktavastia.fi\/lukiot-parola\/opiskelijalle\/opiskelun-tuki\/","title":{"rendered":"Opiskelun tuki"},"content":{"rendered":"\n<h3 class=\"wp-block-heading\">Opiskelijahuolto<\/h3>\n\n\n\n<p>Koulun opiskelijahuoltoasioista vastaavat rehtori, opinto-ohjaaja, terveydenhoitaja, kuraattori sek\u00e4 ryhm\u00e4nohjaajat. Opiskeluhuoltoon kuuluvat erilaiset koulun toimintaan yhteis\u00f6n\u00e4, opiskelijatoimijuuteen ja yksil\u00f6lliset opiskelijahyvinvoinnin asiat. Opiskelijahuollolla tavoitellaan ongelmien ennaltaehk\u00e4isy\u00e4 sek\u00e4 kehitet\u00e4\u00e4n kouluyhteis\u00f6\u00e4.<\/p>\n\n\n\n<h3 class=\"wp-block-heading\">Opinto-ohjaus<\/h3>\n\n\n\n<p>Opinto-ohjaaja auttaa ja ohjaa suunnittelemaan opintoja ja tekem\u00e4\u00e4n valintoja, jotka koskevat opintoja, ylioppilastutkintoa ja jatko-opintoja. <\/p>\n\n\n\n<p>Opinto-ohjaus kattaa henkil\u00f6kohtaisen sek\u00e4 pienryhm\u00e4ohjauksen, oppitunnit ja infotilaisuudet. Erilaiset vierailut, vierailijat ja koulutusesittelyt ovat t\u00e4rke\u00e4 osa opinto-ohjausta.<\/p>\n\n\n\n<p>Opinto-ohjausta on kaksi pakollista opintojaksoa OP1 ja OP2, joista ensimm\u00e4inen on hajautettu koko lukio-opintojen ajaksi.<\/p>\n\n\n\n<ul class=\"wp-block-list\">\n<li>Opinto-ohjaaja Anne-Mari Kosola, puh. 050 5165 671,&nbsp;anne-mari.kosola@kktavastia.fi<\/li>\n<\/ul>\n\n\n\n<h3 class=\"wp-block-heading\">Erityisopettajan palvelut<\/h3>\n\n\n\n<p>Erityisopettajanpalvelut hankitaan toistaiseksi koulun ulkopuolelta. Palvelut k\u00e4sitt\u00e4v\u00e4t lukitestauksen sek\u00e4 tukiopetus- ja konsultaatiopalveluita. Opinto-ohjaaja ja aineenopettajat ohjaavat palvelujen piiriin. My\u00f6s aineenopettajat antavat tarvittaessa tukiopetusta.<\/p>\n\n\n\n<h3 class=\"wp-block-heading\">Terveyden- ja hammashoito<\/h3>\n\n\n\n<p>Opiskeluterveydenhuollon tarkoituksena on opiskelijoiden fyysisen, psyykkisen ja sosiaalisen hyvinvoinnin yll\u00e4pit\u00e4minen ja parantaminen. Tavoitteena on edist\u00e4\u00e4 opiskelijoiden terveytt\u00e4 ja opiskelukyky\u00e4, opiskeluymp\u00e4rist\u00f6n turvallisuutta ja viihtyisyytt\u00e4 sek\u00e4 tarjota terveyden- ja sairaanhoitopalveluita opiskelijoille.<\/p>\n\n\n\n<p>Lukion aikana terveydenhoitaja tarkastaa kaikki ensimm\u00e4isen vuosikurssin opiskelijat ja toisen vuosikurssin opiskelijat tarkastaa l\u00e4\u00e4k\u00e4ri. My\u00f6s kutsuntaik\u00e4isten lukiolaisten kutsuntatarkastukset tehd\u00e4\u00e4n opiskeluterveydenhuollossa osoitteessa Koulutie 4, ensimm\u00e4inen kerros.<\/p>\n\n\n\n<ul class=\"wp-block-list\">\n<li>Vastaanottoaika ilman ajanvarausta on&nbsp;perjantaisin klo 10\u201311.30.<\/li>\n\n\n\n<li>Terveydenhoitajan ajanvaraus&nbsp;puh. 050&nbsp;5304 279 tai Wilma-viestill\u00e4 Suvi Kuivasaari-Hyttinen.<\/li>\n<\/ul>\n\n\n\n<p>Lukion kakkosluokkalaiset kutsutaan hammashoitoon, muutoin k\u00e4ytet\u00e4\u00e4n yksil\u00f6llist\u00e4 hoitov\u00e4li\u00e4. Hoito on maksutonta 18-vuotiaaksi asti.<\/p>\n\n\n\n<ul class=\"wp-block-list\">\n<li>Ajanvaraus puh. 03 673 1277.<\/li>\n\n\n\n<li>Peruuttamattomasta poisj\u00e4\u00e4nnist\u00e4 yli 15-vuotiaalta veloitetaan erillinen maksu.<\/li>\n<\/ul>\n\n\n\n<h3 class=\"wp-block-heading\">Kuraattori<\/h3>\n\n\n\n<p>Kuraattorin teht\u00e4v\u00e4 on tukea opiskelijoita muissa kasvuun ja kehitykseen sek\u00e4 el\u00e4m\u00e4nhallintaan liittyviss\u00e4 ongelmatilanteissa.<\/p>\n\n\n\n<ul class=\"wp-block-list\">\n<li>Kuraattorina toimii&nbsp;Johanna Kyn\u00e4koski, puh. 050 4431 845<\/li>\n<\/ul>\n\n\n\n<h3 class=\"wp-block-heading\">Psykologi<\/h3>\n\n\n\n<p>Psykologin ty\u00f6n tavoitteena on henkisen hyvinvoinnin tukeminen kouluyhteis\u00f6ss\u00e4.<\/p>\n\n\n\n<ul class=\"wp-block-list\">\n<li>Psykologi Virpi Hiltunen, tavoitettavissa Wilma-viestill\u00e4, et\u00e4vastaanotto<\/li>\n\n\n\n<li>puhelinaika ti klo 12.00\u201313.00 puh. 040 4817 125<\/li>\n<\/ul>\n\n\n\n<h3 class=\"wp-block-heading\">Tutortoiminta<\/h3>\n\n\n\n<p>Tutortoiminnan tavoitteena on kehitt\u00e4\u00e4 koulun yhteis\u00f6llisyytt\u00e4, parantaa ilmapiiri\u00e4 ja kouluturvallisuutta. Opiskelijatutorit auttavat omalta osaltaan varsinkin uusien opiskelijoita sopeutumaan ja tutustumaan toisiinsa, kouluun ja koulun k\u00e4yt\u00e4nt\u00f6ihin ja tukevat n\u00e4in heid\u00e4n opiskeluaan. Digitutorit ohjaavat ja auttavat tvt-v\u00e4lineiden k\u00e4yt\u00f6ss\u00e4.<\/p>\n\n\n\n<p><\/p>\n","protected":false},"excerpt":{"rendered":"<p>Opiskelijahuolto Koulun opiskelijahuoltoasioista vastaavat rehtori, opinto-ohjaaja, terveydenhoitaja, kuraattori sek\u00e4 ryhm\u00e4nohjaajat. Opiskeluhuoltoon kuuluvat erilaiset koulun toimintaan yhteis\u00f6n\u00e4, opiskelijatoimijuuteen ja yksil\u00f6lliset opiskelijahyvinvoinnin [&hellip;]<\/p>\n","protected":false},"author":6,"featured_media":0,"parent":10,"menu_order":0,"comment_status":"closed","ping_status":"closed","template":"","meta":{"_acf_changed":false,"_relevanssi_hide_post":"","_relevanssi_hide_content":"","_relevanssi_pin_for_all":"","_relevanssi_pin_keywords":"","_relevanssi_unpin_keywords":"","_relevanssi_related_keywords":"","_relevanssi_related_include_ids":"","_relevanssi_related_exclude_ids":"","_relevanssi_related_no_append":"","_relevanssi_related_not_related":"","_relevanssi_related_posts":"13,54,10,8,28,21","_relevanssi_noindex_reason":"","footnotes":""},"class_list":["post-56","page","type-page","status-publish","hentry"],"acf":[],"yoast_head":"<title>Opiskelijan tukipalvelut | Opiskelun tuki | Parolan lukio<\/title>\n<meta name=\"description\" content=\"Opiskelun tuki eli opiskelijan tukipalvelut: erityisopettaja, koulukuraattori, terveydenhuolto, hammasl\u00e4\u00e4k\u00e4ri. Tutustu Parolan tarjontaan.\" \/>\n<meta name=\"robots\" content=\"index, follow, max-snippet:-1, max-image-preview:large, max-video-preview:-1\" \/>\n<link rel=\"canonical\" href=\"https:\/\/www.kktavastia.fi\/lukiot-parola\/opiskelijalle\/opiskelun-tuki\/\" \/>\n<meta property=\"og:locale\" content=\"fi_FI\" \/>\n<meta property=\"og:type\" content=\"article\" \/>\n<meta property=\"og:title\" content=\"Opiskelijan tukipalvelut | Opiskelun tuki | Parolan lukio\" \/>\n<meta property=\"og:description\" content=\"Opiskelun tuki eli opiskelijan tukipalvelut: erityisopettaja, koulukuraattori, terveydenhuolto, hammasl\u00e4\u00e4k\u00e4ri. Tutustu Parolan tarjontaan.\" \/>\n<meta property=\"og:url\" content=\"https:\/\/www.kktavastia.fi\/lukiot-parola\/opiskelijalle\/opiskelun-tuki\/\" \/>\n<meta property=\"og:site_name\" content=\"Parolan lukio\" \/>\n<meta property=\"article:modified_time\" content=\"2025-02-13T08:36:11+00:00\" \/>\n<meta name=\"twitter:card\" content=\"summary_large_image\" \/>\n<script type=\"application\/ld+json\" class=\"yoast-schema-graph\">{\"@context\":\"https:\\\/\\\/schema.org\",\"@graph\":[{\"@type\":\"WebPage\",\"@id\":\"https:\\\/\\\/www.kktavastia.fi\\\/lukiot-parola\\\/opiskelijalle\\\/opiskelun-tuki\\\/\",\"url\":\"https:\\\/\\\/www.kktavastia.fi\\\/lukiot-parola\\\/opiskelijalle\\\/opiskelun-tuki\\\/\",\"name\":\"Opiskelijan tukipalvelut | Opiskelun tuki | Parolan lukio\",\"isPartOf\":{\"@id\":\"https:\\\/\\\/www.kktavastia.fi\\\/lukiot-parola\\\/#website\"},\"datePublished\":\"2020-12-03T11:46:27+00:00\",\"dateModified\":\"2025-02-13T08:36:11+00:00\",\"description\":\"Opiskelun tuki eli opiskelijan tukipalvelut: erityisopettaja, koulukuraattori, terveydenhuolto, hammasl\u00e4\u00e4k\u00e4ri. Tutustu Parolan tarjontaan.\",\"breadcrumb\":{\"@id\":\"https:\\\/\\\/www.kktavastia.fi\\\/lukiot-parola\\\/opiskelijalle\\\/opiskelun-tuki\\\/#breadcrumb\"},\"inLanguage\":\"fi\",\"potentialAction\":[{\"@type\":\"ReadAction\",\"target\":[\"https:\\\/\\\/www.kktavastia.fi\\\/lukiot-parola\\\/opiskelijalle\\\/opiskelun-tuki\\\/\"]}]},{\"@type\":\"BreadcrumbList\",\"@id\":\"https:\\\/\\\/www.kktavastia.fi\\\/lukiot-parola\\\/opiskelijalle\\\/opiskelun-tuki\\\/#breadcrumb\",\"itemListElement\":[{\"@type\":\"ListItem\",\"position\":1,\"name\":\"Home\",\"item\":\"https:\\\/\\\/www.kktavastia.fi\\\/lukiot-parola\\\/\"},{\"@type\":\"ListItem\",\"position\":2,\"name\":\"Opiskelijalle\",\"item\":\"https:\\\/\\\/www.kktavastia.fi\\\/lukiot-parola\\\/opiskelijalle\\\/\"},{\"@type\":\"ListItem\",\"position\":3,\"name\":\"Opiskelun tuki\"}]},{\"@type\":\"WebSite\",\"@id\":\"https:\\\/\\\/www.kktavastia.fi\\\/lukiot-parola\\\/#website\",\"url\":\"https:\\\/\\\/www.kktavastia.fi\\\/lukiot-parola\\\/\",\"name\":\"Parolan lukio\",\"description\":\"\",\"potentialAction\":[{\"@type\":\"SearchAction\",\"target\":{\"@type\":\"EntryPoint\",\"urlTemplate\":\"https:\\\/\\\/www.kktavastia.fi\\\/lukiot-parola\\\/?s={search_term_string}\"},\"query-input\":{\"@type\":\"PropertyValueSpecification\",\"valueRequired\":true,\"valueName\":\"search_term_string\"}}],\"inLanguage\":\"fi\"}]}<\/script>","yoast_head_json":{"title":"Opiskelijan tukipalvelut | Opiskelun tuki | Parolan lukio","description":"Opiskelun tuki eli opiskelijan tukipalvelut: erityisopettaja, koulukuraattori, terveydenhuolto, hammasl\u00e4\u00e4k\u00e4ri. Tutustu Parolan tarjontaan.","robots":{"index":"index","follow":"follow","max-snippet":"max-snippet:-1","max-image-preview":"max-image-preview:large","max-video-preview":"max-video-preview:-1"},"canonical":"https:\/\/www.kktavastia.fi\/lukiot-parola\/opiskelijalle\/opiskelun-tuki\/","og_locale":"fi_FI","og_type":"article","og_title":"Opiskelijan tukipalvelut | Opiskelun tuki | Parolan lukio","og_description":"Opiskelun tuki eli opiskelijan tukipalvelut: erityisopettaja, koulukuraattori, terveydenhuolto, hammasl\u00e4\u00e4k\u00e4ri. Tutustu Parolan tarjontaan.","og_url":"https:\/\/www.kktavastia.fi\/lukiot-parola\/opiskelijalle\/opiskelun-tuki\/","og_site_name":"Parolan lukio","article_modified_time":"2025-02-13T08:36:11+00:00","twitter_card":"summary_large_image","schema":{"@context":"https:\/\/schema.org","@graph":[{"@type":"WebPage","@id":"https:\/\/www.kktavastia.fi\/lukiot-parola\/opiskelijalle\/opiskelun-tuki\/","url":"https:\/\/www.kktavastia.fi\/lukiot-parola\/opiskelijalle\/opiskelun-tuki\/","name":"Opiskelijan tukipalvelut | Opiskelun tuki | Parolan lukio","isPartOf":{"@id":"https:\/\/www.kktavastia.fi\/lukiot-parola\/#website"},"datePublished":"2020-12-03T11:46:27+00:00","dateModified":"2025-02-13T08:36:11+00:00","description":"Opiskelun tuki eli opiskelijan tukipalvelut: erityisopettaja, koulukuraattori, terveydenhuolto, hammasl\u00e4\u00e4k\u00e4ri. Tutustu Parolan tarjontaan.","breadcrumb":{"@id":"https:\/\/www.kktavastia.fi\/lukiot-parola\/opiskelijalle\/opiskelun-tuki\/#breadcrumb"},"inLanguage":"fi","potentialAction":[{"@type":"ReadAction","target":["https:\/\/www.kktavastia.fi\/lukiot-parola\/opiskelijalle\/opiskelun-tuki\/"]}]},{"@type":"BreadcrumbList","@id":"https:\/\/www.kktavastia.fi\/lukiot-parola\/opiskelijalle\/opiskelun-tuki\/#breadcrumb","itemListElement":[{"@type":"ListItem","position":1,"name":"Home","item":"https:\/\/www.kktavastia.fi\/lukiot-parola\/"},{"@type":"ListItem","position":2,"name":"Opiskelijalle","item":"https:\/\/www.kktavastia.fi\/lukiot-parola\/opiskelijalle\/"},{"@type":"ListItem","position":3,"name":"Opiskelun tuki"}]},{"@type":"WebSite","@id":"https:\/\/www.kktavastia.fi\/lukiot-parola\/#website","url":"https:\/\/www.kktavastia.fi\/lukiot-parola\/","name":"Parolan lukio","description":"","potentialAction":[{"@type":"SearchAction","target":{"@type":"EntryPoint","urlTemplate":"https:\/\/www.kktavastia.fi\/lukiot-parola\/?s={search_term_string}"},"query-input":{"@type":"PropertyValueSpecification","valueRequired":true,"valueName":"search_term_string"}}],"inLanguage":"fi"}]}},"_links":{"self":[{"href":"https:\/\/www.kktavastia.fi\/lukiot-parola\/wp-json\/wp\/v2\/pages\/56","targetHints":{"allow":["GET"]}}],"collection":[{"href":"https:\/\/www.kktavastia.fi\/lukiot-parola\/wp-json\/wp\/v2\/pages"}],"about":[{"href":"https:\/\/www.kktavastia.fi\/lukiot-parola\/wp-json\/wp\/v2\/types\/page"}],"author":[{"embeddable":true,"href":"https:\/\/www.kktavastia.fi\/lukiot-parola\/wp-json\/wp\/v2\/users\/6"}],"replies":[{"embeddable":true,"href":"https:\/\/www.kktavastia.fi\/lukiot-parola\/wp-json\/wp\/v2\/comments?post=56"}],"version-history":[{"count":21,"href":"https:\/\/www.kktavastia.fi\/lukiot-parola\/wp-json\/wp\/v2\/pages\/56\/revisions"}],"predecessor-version":[{"id":1596,"href":"https:\/\/www.kktavastia.fi\/lukiot-parola\/wp-json\/wp\/v2\/pages\/56\/revisions\/1596"}],"up":[{"embeddable":true,"href":"https:\/\/www.kktavastia.fi\/lukiot-parola\/wp-json\/wp\/v2\/pages\/10"}],"wp:attachment":[{"href":"https:\/\/www.kktavastia.fi\/lukiot-parola\/wp-json\/wp\/v2\/media?parent=56"}],"curies":[{"name":"wp","href":"https:\/\/api.w.org\/{rel}","templated":true}]}}