{"id":21,"date":"2020-12-01T13:02:56","date_gmt":"2020-12-01T11:02:56","guid":{"rendered":"https:\/\/kktavastia.vaiheessa.fi\/lukiot-parola\/?page_id=21"},"modified":"2025-08-21T16:02:38","modified_gmt":"2025-08-21T13:02:38","slug":"huoltajille","status":"publish","type":"page","link":"https:\/\/www.kktavastia.fi\/lukiot-parola\/huoltajille\/","title":{"rendered":"Huoltajille"},"content":{"rendered":"\n<h2 class=\"wp-block-heading\">Vanhempainillat lukuvuonna 2025\u20132026<\/h2>\n\n\n\n<ul class=\"wp-block-list\">\n<li>Ke 8.10.2025, I vuosikurssi<\/li>\n\n\n\n<li>Ti 11.11.2025, II vuosikurssi<\/li>\n\n\n\n<li>To 15.1.2026, III vuosikurssi<\/li>\n<\/ul>\n\n\n\n<section class=\"block block-cols block-image-upsells\">\n  <div class=\"container\">\n\n    <div class=\"cols\">\n            <div class=\"col\">\n        <a href=\"https:\/\/aineisto.kktavastia.fi\/opinto-opas\/2025-2026\/Parola\/index.html\" class=\"global-link\" aria-label=\"Tutustu Parolan lukion opinto-oppaaseen\"><\/a>\n\n        <div class=\"image\" aria-hidden=\"true\">\n              <div class=\"lazy\"\n      data-bg=\"https:\/\/www.kktavastia.fi\/media\/sites\/5\/parolan-lukion-opinto-opas.jpg\"\n          >\n    <\/div>\n\n            <\/div>\n\n        <div class=\"content content-dark\">\n          <h3>Tutustu Parolan lukion opinto-oppaaseen<\/h3>\n        <\/div>\n      <\/div>\n          <\/div>\n\n  <\/div>\n<\/section>\n\n\n\n<p><\/p>\n\n\n\n<p><\/p>\n","protected":false},"excerpt":{"rendered":"<p>Vanhempainillat lukuvuonna 2025\u20132026<\/p>\n","protected":false},"author":6,"featured_media":0,"parent":0,"menu_order":0,"comment_status":"closed","ping_status":"closed","template":"","meta":{"_acf_changed":false,"_relevanssi_hide_post":"","_relevanssi_hide_content":"","_relevanssi_pin_for_all":"","_relevanssi_pin_keywords":"","_relevanssi_unpin_keywords":"","_relevanssi_related_keywords":"","_relevanssi_related_include_ids":"","_relevanssi_related_exclude_ids":"","_relevanssi_related_no_append":"","_relevanssi_related_not_related":"","_relevanssi_related_posts":"51,168,13,10,54,1053","_relevanssi_noindex_reason":"","footnotes":""},"class_list":["post-21","page","type-page","status-publish","hentry"],"acf":[],"yoast_head":"<title>Tietoa huoltajille | Parolan lukio | Tulevat vanhempainillat<\/title>\n<meta name=\"description\" content=\"Parolan lukion tietoa huoltajille l\u00f6yd\u00e4t t\u00e4\u00e4lt\u00e4. Katso tulevat vanhempainillat ja osallistu. Opiskelijan oppaassa my\u00f6s tietoa huoltajille.\" \/>\n<meta name=\"robots\" content=\"index, follow, max-snippet:-1, max-image-preview:large, max-video-preview:-1\" \/>\n<link rel=\"canonical\" href=\"https:\/\/www.kktavastia.fi\/lukiot-parola\/huoltajille\/\" \/>\n<meta property=\"og:locale\" content=\"fi_FI\" \/>\n<meta property=\"og:type\" content=\"article\" \/>\n<meta property=\"og:title\" content=\"Tietoa huoltajille | Parolan lukio | Tulevat vanhempainillat\" \/>\n<meta property=\"og:description\" content=\"Parolan lukion tietoa huoltajille l\u00f6yd\u00e4t t\u00e4\u00e4lt\u00e4. Katso tulevat vanhempainillat ja osallistu. Opiskelijan oppaassa my\u00f6s tietoa huoltajille.\" \/>\n<meta property=\"og:url\" content=\"https:\/\/www.kktavastia.fi\/lukiot-parola\/huoltajille\/\" \/>\n<meta property=\"og:site_name\" content=\"Parolan lukio\" \/>\n<meta property=\"article:modified_time\" content=\"2025-08-21T13:02:38+00:00\" \/>\n<meta name=\"twitter:card\" content=\"summary_large_image\" \/>\n<script type=\"application\/ld+json\" class=\"yoast-schema-graph\">{\"@context\":\"https:\\\/\\\/schema.org\",\"@graph\":[{\"@type\":\"WebPage\",\"@id\":\"https:\\\/\\\/www.kktavastia.fi\\\/lukiot-parola\\\/huoltajille\\\/\",\"url\":\"https:\\\/\\\/www.kktavastia.fi\\\/lukiot-parola\\\/huoltajille\\\/\",\"name\":\"Tietoa huoltajille | Parolan lukio | Tulevat vanhempainillat\",\"isPartOf\":{\"@id\":\"https:\\\/\\\/www.kktavastia.fi\\\/lukiot-parola\\\/#website\"},\"datePublished\":\"2020-12-01T11:02:56+00:00\",\"dateModified\":\"2025-08-21T13:02:38+00:00\",\"description\":\"Parolan lukion tietoa huoltajille l\u00f6yd\u00e4t t\u00e4\u00e4lt\u00e4. Katso tulevat vanhempainillat ja osallistu. Opiskelijan oppaassa my\u00f6s tietoa huoltajille.\",\"breadcrumb\":{\"@id\":\"https:\\\/\\\/www.kktavastia.fi\\\/lukiot-parola\\\/huoltajille\\\/#breadcrumb\"},\"inLanguage\":\"fi\",\"potentialAction\":[{\"@type\":\"ReadAction\",\"target\":[\"https:\\\/\\\/www.kktavastia.fi\\\/lukiot-parola\\\/huoltajille\\\/\"]}]},{\"@type\":\"BreadcrumbList\",\"@id\":\"https:\\\/\\\/www.kktavastia.fi\\\/lukiot-parola\\\/huoltajille\\\/#breadcrumb\",\"itemListElement\":[{\"@type\":\"ListItem\",\"position\":1,\"name\":\"Home\",\"item\":\"https:\\\/\\\/www.kktavastia.fi\\\/lukiot-parola\\\/\"},{\"@type\":\"ListItem\",\"position\":2,\"name\":\"Huoltajille\"}]},{\"@type\":\"WebSite\",\"@id\":\"https:\\\/\\\/www.kktavastia.fi\\\/lukiot-parola\\\/#website\",\"url\":\"https:\\\/\\\/www.kktavastia.fi\\\/lukiot-parola\\\/\",\"name\":\"Parolan lukio\",\"description\":\"\",\"potentialAction\":[{\"@type\":\"SearchAction\",\"target\":{\"@type\":\"EntryPoint\",\"urlTemplate\":\"https:\\\/\\\/www.kktavastia.fi\\\/lukiot-parola\\\/?s={search_term_string}\"},\"query-input\":{\"@type\":\"PropertyValueSpecification\",\"valueRequired\":true,\"valueName\":\"search_term_string\"}}],\"inLanguage\":\"fi\"}]}<\/script>","yoast_head_json":{"title":"Tietoa huoltajille | Parolan lukio | Tulevat vanhempainillat","description":"Parolan lukion tietoa huoltajille l\u00f6yd\u00e4t t\u00e4\u00e4lt\u00e4. Katso tulevat vanhempainillat ja osallistu. Opiskelijan oppaassa my\u00f6s tietoa huoltajille.","robots":{"index":"index","follow":"follow","max-snippet":"max-snippet:-1","max-image-preview":"max-image-preview:large","max-video-preview":"max-video-preview:-1"},"canonical":"https:\/\/www.kktavastia.fi\/lukiot-parola\/huoltajille\/","og_locale":"fi_FI","og_type":"article","og_title":"Tietoa huoltajille | Parolan lukio | Tulevat vanhempainillat","og_description":"Parolan lukion tietoa huoltajille l\u00f6yd\u00e4t t\u00e4\u00e4lt\u00e4. Katso tulevat vanhempainillat ja osallistu. Opiskelijan oppaassa my\u00f6s tietoa huoltajille.","og_url":"https:\/\/www.kktavastia.fi\/lukiot-parola\/huoltajille\/","og_site_name":"Parolan lukio","article_modified_time":"2025-08-21T13:02:38+00:00","twitter_card":"summary_large_image","schema":{"@context":"https:\/\/schema.org","@graph":[{"@type":"WebPage","@id":"https:\/\/www.kktavastia.fi\/lukiot-parola\/huoltajille\/","url":"https:\/\/www.kktavastia.fi\/lukiot-parola\/huoltajille\/","name":"Tietoa huoltajille | Parolan lukio | Tulevat vanhempainillat","isPartOf":{"@id":"https:\/\/www.kktavastia.fi\/lukiot-parola\/#website"},"datePublished":"2020-12-01T11:02:56+00:00","dateModified":"2025-08-21T13:02:38+00:00","description":"Parolan lukion tietoa huoltajille l\u00f6yd\u00e4t t\u00e4\u00e4lt\u00e4. Katso tulevat vanhempainillat ja osallistu. Opiskelijan oppaassa my\u00f6s tietoa huoltajille.","breadcrumb":{"@id":"https:\/\/www.kktavastia.fi\/lukiot-parola\/huoltajille\/#breadcrumb"},"inLanguage":"fi","potentialAction":[{"@type":"ReadAction","target":["https:\/\/www.kktavastia.fi\/lukiot-parola\/huoltajille\/"]}]},{"@type":"BreadcrumbList","@id":"https:\/\/www.kktavastia.fi\/lukiot-parola\/huoltajille\/#breadcrumb","itemListElement":[{"@type":"ListItem","position":1,"name":"Home","item":"https:\/\/www.kktavastia.fi\/lukiot-parola\/"},{"@type":"ListItem","position":2,"name":"Huoltajille"}]},{"@type":"WebSite","@id":"https:\/\/www.kktavastia.fi\/lukiot-parola\/#website","url":"https:\/\/www.kktavastia.fi\/lukiot-parola\/","name":"Parolan lukio","description":"","potentialAction":[{"@type":"SearchAction","target":{"@type":"EntryPoint","urlTemplate":"https:\/\/www.kktavastia.fi\/lukiot-parola\/?s={search_term_string}"},"query-input":{"@type":"PropertyValueSpecification","valueRequired":true,"valueName":"search_term_string"}}],"inLanguage":"fi"}]}},"_links":{"self":[{"href":"https:\/\/www.kktavastia.fi\/lukiot-parola\/wp-json\/wp\/v2\/pages\/21","targetHints":{"allow":["GET"]}}],"collection":[{"href":"https:\/\/www.kktavastia.fi\/lukiot-parola\/wp-json\/wp\/v2\/pages"}],"about":[{"href":"https:\/\/www.kktavastia.fi\/lukiot-parola\/wp-json\/wp\/v2\/types\/page"}],"author":[{"embeddable":true,"href":"https:\/\/www.kktavastia.fi\/lukiot-parola\/wp-json\/wp\/v2\/users\/6"}],"replies":[{"embeddable":true,"href":"https:\/\/www.kktavastia.fi\/lukiot-parola\/wp-json\/wp\/v2\/comments?post=21"}],"version-history":[{"count":25,"href":"https:\/\/www.kktavastia.fi\/lukiot-parola\/wp-json\/wp\/v2\/pages\/21\/revisions"}],"predecessor-version":[{"id":1635,"href":"https:\/\/www.kktavastia.fi\/lukiot-parola\/wp-json\/wp\/v2\/pages\/21\/revisions\/1635"}],"wp:attachment":[{"href":"https:\/\/www.kktavastia.fi\/lukiot-parola\/wp-json\/wp\/v2\/media?parent=21"}],"curies":[{"name":"wp","href":"https:\/\/api.w.org\/{rel}","templated":true}]}}