{"id":13,"date":"2020-12-01T12:59:51","date_gmt":"2020-12-01T10:59:51","guid":{"rendered":"https:\/\/kktavastia.vaiheessa.fi\/lukiot-parola\/?page_id=13"},"modified":"2025-08-21T16:01:33","modified_gmt":"2025-08-21T13:01:33","slug":"opetus","status":"publish","type":"page","link":"https:\/\/www.kktavastia.fi\/lukiot-parola\/opetus\/","title":{"rendered":"Opetus"},"content":{"rendered":"\n<p class=\"is-style-ingress\">Parolan lukio on hyv\u00e4 yleislukio. Tarjoamme kaikki lukion pakolliset ja syvent\u00e4v\u00e4t kurssit, runsaasti soveltavia kursseja sek\u00e4 opiskelijan tarvitsemat ohjaus- ja tukipalvelut. Opiskelun ja oppimisen monimuotoisuutta tukevat opintoretket, itsen\u00e4iset suoritukset, vierailijat, tapahtumat ja projektit. <\/p>\n\n\n\n<p>Parolan lukiossa opiskelun k\u00e4rkihankkeena on oppimisen s\u00e4hk\u00f6isten v\u00e4lineiden k\u00e4ytt\u00f6. Taito- ja taideaineissa opiskelijoilla on luonnollisesti mahdollisuus suorittaa lukiodiplomit. Lis\u00e4ksi tarjoamme my\u00f6s mahdollisuuden k\u00e4sity\u00f6n ja kotitalouden kursseihin.<\/p>\n\n\n\n<h3 class=\"wp-block-heading\">Opinto-opas<\/h3>\n\n\n\n<div class=\"wp-block-buttons is-layout-flex wp-block-buttons-is-layout-flex\">\n<div class=\"wp-block-button\"><a class=\"wp-block-button__link wp-element-button\" href=\"https:\/\/aineisto.kktavastia.fi\/opinto-opas\/2025-2026\/Parola\/index.html\">T\u00e4st\u00e4 Parolan lukion opinto-oppaaseen<\/a><\/div>\n<\/div>\n\n\n\n<h3 class=\"wp-block-heading\">Oppimaan oppimisen &#8221;reseptit&#8221;<\/h3>\n\n\n\n<p><a href=\"https:\/\/www.kktavastia.fi\/media\/sites\/5\/resepti-aidinkielen-opiskeluun-koottuna.pdf\">Vinkkej\u00e4 \u00e4idinkielen opiskeluun<\/a><br><a href=\"https:\/\/www.kktavastia.fi\/media\/sites\/5\/resepti-kemian-ja-fysiikan-opiskeluun-.pdf\">Miten opiskelet kemiaa ja fysiikkaa?<\/a><br><a href=\"https:\/\/www.kktavastia.fi\/media\/sites\/5\/resepti-matematiikan-opiskeluun-kopio.pdf\">Ohjeita matematiikan opiskeluun<\/a><br><a href=\"https:\/\/www.kktavastia.fi\/media\/sites\/5\/resepti-reaalin-esseevastauksen-kirjoittaiseen-kopio.pdf\">N\u00e4in kirjoitat reaalin esseevastauksen<\/a><br><a href=\"https:\/\/www.kktavastia.fi\/media\/sites\/5\/resepti-reaalin-lukulaksyn-opiskelemiseen-.pdf\">Reaalin lukul\u00e4ksyohje<\/a><br><a href=\"https:\/\/www.kktavastia.fi\/media\/sites\/5\/reseptit-kielten-opiskeluun.pdf\">Vinkkej\u00e4 kielten opiskeluun<\/a><\/p>\n\n\n\n<h3 class=\"wp-block-heading\">Opetussuunnitelma<\/h3>\n\n\n\n<p>L\u00f6yd\u00e4t Parolan lukion opetussuunnitelman 2021 <a href=\"https:\/\/eperusteet.opintopolku.fi\/beta\/#\/fi\/opetussuunnitelma\/11422365\/lukiokoulutus\/tiedot\">t\u00e4m\u00e4n linkin takaa<\/a>.<\/p>\n\n\n\n<h3 class=\"wp-block-heading\">Tuntijako<\/h3>\n\n\n\n<p>Lukio-opinnot koostuvat kolmenlaisista kursseista: pakollisista, syvent\u00e4vist\u00e4 ja soveltavista. Pakolliset kurssit ovat valtakunnallisesti kaikille yhteisi\u00e4 kursseja. Syvent\u00e4v\u00e4t kurssit ovat pakollisiin kursseihin v\u00e4litt\u00f6m\u00e4sti liittyvi\u00e4 kursseja ja niit\u00e4 on sek\u00e4 valtakunnallisia ett\u00e4 koulukohtaisia kursseja. Ylioppilaskokeiden teht\u00e4v\u00e4t laaditaan pakollisten ja valtakunnallisesti syvent\u00e4vien kurssien pohjalta. <\/p>\n\n\n\n<p>Soveltavat kurssit ovat tukikursseja ja menetelm\u00e4kursseja, jotka saattavat sis\u00e4lt\u00e4\u00e4 aineksia eri oppiaineista. Ne ovat koulukohtaisia tai muissa oppilaitoksissa opiskeltavia kursseja. Tuntijakokaavio l\u00f6ytyy opinto-oppaasta.<\/p>\n\n\n\n<h3 class=\"wp-block-heading\">Suoritusj\u00e4rjestys<\/h3>\n\n\n\n<p>Kurssien suoritusj\u00e4rjestys m\u00e4\u00e4ritell\u00e4\u00e4n oppiainekohtaisesti ja se ilmenee ainekohtaisista opetussuunnitelmista. Esimerkiksi kielet ja matematiikka pyrit\u00e4\u00e4n opiskelemaan numeroj\u00e4rjestyksess\u00e4. Pakollisesta suoritusj\u00e4rjestyksest\u00e4 voi poiketa aineenopettajan luvalla.<\/p>\n\n\n\n\n\n<p><\/p>\n","protected":false},"excerpt":{"rendered":"<p>Parolan lukio on hyv\u00e4 yleislukio. Tarjoamme kaikki lukion pakolliset ja syvent\u00e4v\u00e4t kurssit, runsaasti soveltavia kursseja sek\u00e4 opiskelijan tarvitsemat ohjaus- ja [&hellip;]<\/p>\n","protected":false},"author":6,"featured_media":0,"parent":0,"menu_order":0,"comment_status":"closed","ping_status":"closed","template":"","meta":{"_acf_changed":false,"_relevanssi_hide_post":"","_relevanssi_hide_content":"","_relevanssi_pin_for_all":"","_relevanssi_pin_keywords":"","_relevanssi_unpin_keywords":"","_relevanssi_related_keywords":"","_relevanssi_related_include_ids":"","_relevanssi_related_exclude_ids":"","_relevanssi_related_no_append":"","_relevanssi_related_not_related":"","_relevanssi_related_posts":"8,56,1053,54,8,23","_relevanssi_noindex_reason":"","footnotes":""},"class_list":["post-13","page","type-page","status-publish","hentry"],"acf":[],"yoast_head":"<title>Opetus Parolan lukiossa | Laadukas yleislukio | Hae opiskelemaan<\/title>\n<meta name=\"description\" content=\"Opetus Parolan lukiossa on laadukasta. Parolan lukio on hyv\u00e4 yleislukio, jonne kannattaa hakea opiskelemaan. Tutustu ja hae yhteishaussa!\" \/>\n<meta name=\"robots\" content=\"index, follow, max-snippet:-1, max-image-preview:large, max-video-preview:-1\" \/>\n<link rel=\"canonical\" href=\"https:\/\/www.kktavastia.fi\/lukiot-parola\/opetus\/\" \/>\n<meta property=\"og:locale\" content=\"fi_FI\" \/>\n<meta property=\"og:type\" content=\"article\" \/>\n<meta property=\"og:title\" content=\"Opetus Parolan lukiossa | Laadukas yleislukio | Hae opiskelemaan\" \/>\n<meta property=\"og:description\" content=\"Opetus Parolan lukiossa on laadukasta. Parolan lukio on hyv\u00e4 yleislukio, jonne kannattaa hakea opiskelemaan. Tutustu ja hae yhteishaussa!\" \/>\n<meta property=\"og:url\" content=\"https:\/\/www.kktavastia.fi\/lukiot-parola\/opetus\/\" \/>\n<meta property=\"og:site_name\" content=\"Parolan lukio\" \/>\n<meta property=\"article:modified_time\" content=\"2025-08-21T13:01:33+00:00\" \/>\n<meta name=\"twitter:card\" content=\"summary_large_image\" \/>\n<script type=\"application\/ld+json\" class=\"yoast-schema-graph\">{\"@context\":\"https:\\\/\\\/schema.org\",\"@graph\":[{\"@type\":\"WebPage\",\"@id\":\"https:\\\/\\\/www.kktavastia.fi\\\/lukiot-parola\\\/opetus\\\/\",\"url\":\"https:\\\/\\\/www.kktavastia.fi\\\/lukiot-parola\\\/opetus\\\/\",\"name\":\"Opetus Parolan lukiossa | Laadukas yleislukio | Hae opiskelemaan\",\"isPartOf\":{\"@id\":\"https:\\\/\\\/www.kktavastia.fi\\\/lukiot-parola\\\/#website\"},\"datePublished\":\"2020-12-01T10:59:51+00:00\",\"dateModified\":\"2025-08-21T13:01:33+00:00\",\"description\":\"Opetus Parolan lukiossa on laadukasta. Parolan lukio on hyv\u00e4 yleislukio, jonne kannattaa hakea opiskelemaan. Tutustu ja hae yhteishaussa!\",\"breadcrumb\":{\"@id\":\"https:\\\/\\\/www.kktavastia.fi\\\/lukiot-parola\\\/opetus\\\/#breadcrumb\"},\"inLanguage\":\"fi\",\"potentialAction\":[{\"@type\":\"ReadAction\",\"target\":[\"https:\\\/\\\/www.kktavastia.fi\\\/lukiot-parola\\\/opetus\\\/\"]}]},{\"@type\":\"BreadcrumbList\",\"@id\":\"https:\\\/\\\/www.kktavastia.fi\\\/lukiot-parola\\\/opetus\\\/#breadcrumb\",\"itemListElement\":[{\"@type\":\"ListItem\",\"position\":1,\"name\":\"Home\",\"item\":\"https:\\\/\\\/www.kktavastia.fi\\\/lukiot-parola\\\/\"},{\"@type\":\"ListItem\",\"position\":2,\"name\":\"Opetus\"}]},{\"@type\":\"WebSite\",\"@id\":\"https:\\\/\\\/www.kktavastia.fi\\\/lukiot-parola\\\/#website\",\"url\":\"https:\\\/\\\/www.kktavastia.fi\\\/lukiot-parola\\\/\",\"name\":\"Parolan lukio\",\"description\":\"\",\"potentialAction\":[{\"@type\":\"SearchAction\",\"target\":{\"@type\":\"EntryPoint\",\"urlTemplate\":\"https:\\\/\\\/www.kktavastia.fi\\\/lukiot-parola\\\/?s={search_term_string}\"},\"query-input\":{\"@type\":\"PropertyValueSpecification\",\"valueRequired\":true,\"valueName\":\"search_term_string\"}}],\"inLanguage\":\"fi\"}]}<\/script>","yoast_head_json":{"title":"Opetus Parolan lukiossa | Laadukas yleislukio | Hae opiskelemaan","description":"Opetus Parolan lukiossa on laadukasta. Parolan lukio on hyv\u00e4 yleislukio, jonne kannattaa hakea opiskelemaan. Tutustu ja hae yhteishaussa!","robots":{"index":"index","follow":"follow","max-snippet":"max-snippet:-1","max-image-preview":"max-image-preview:large","max-video-preview":"max-video-preview:-1"},"canonical":"https:\/\/www.kktavastia.fi\/lukiot-parola\/opetus\/","og_locale":"fi_FI","og_type":"article","og_title":"Opetus Parolan lukiossa | Laadukas yleislukio | Hae opiskelemaan","og_description":"Opetus Parolan lukiossa on laadukasta. Parolan lukio on hyv\u00e4 yleislukio, jonne kannattaa hakea opiskelemaan. Tutustu ja hae yhteishaussa!","og_url":"https:\/\/www.kktavastia.fi\/lukiot-parola\/opetus\/","og_site_name":"Parolan lukio","article_modified_time":"2025-08-21T13:01:33+00:00","twitter_card":"summary_large_image","schema":{"@context":"https:\/\/schema.org","@graph":[{"@type":"WebPage","@id":"https:\/\/www.kktavastia.fi\/lukiot-parola\/opetus\/","url":"https:\/\/www.kktavastia.fi\/lukiot-parola\/opetus\/","name":"Opetus Parolan lukiossa | Laadukas yleislukio | Hae opiskelemaan","isPartOf":{"@id":"https:\/\/www.kktavastia.fi\/lukiot-parola\/#website"},"datePublished":"2020-12-01T10:59:51+00:00","dateModified":"2025-08-21T13:01:33+00:00","description":"Opetus Parolan lukiossa on laadukasta. Parolan lukio on hyv\u00e4 yleislukio, jonne kannattaa hakea opiskelemaan. Tutustu ja hae yhteishaussa!","breadcrumb":{"@id":"https:\/\/www.kktavastia.fi\/lukiot-parola\/opetus\/#breadcrumb"},"inLanguage":"fi","potentialAction":[{"@type":"ReadAction","target":["https:\/\/www.kktavastia.fi\/lukiot-parola\/opetus\/"]}]},{"@type":"BreadcrumbList","@id":"https:\/\/www.kktavastia.fi\/lukiot-parola\/opetus\/#breadcrumb","itemListElement":[{"@type":"ListItem","position":1,"name":"Home","item":"https:\/\/www.kktavastia.fi\/lukiot-parola\/"},{"@type":"ListItem","position":2,"name":"Opetus"}]},{"@type":"WebSite","@id":"https:\/\/www.kktavastia.fi\/lukiot-parola\/#website","url":"https:\/\/www.kktavastia.fi\/lukiot-parola\/","name":"Parolan lukio","description":"","potentialAction":[{"@type":"SearchAction","target":{"@type":"EntryPoint","urlTemplate":"https:\/\/www.kktavastia.fi\/lukiot-parola\/?s={search_term_string}"},"query-input":{"@type":"PropertyValueSpecification","valueRequired":true,"valueName":"search_term_string"}}],"inLanguage":"fi"}]}},"_links":{"self":[{"href":"https:\/\/www.kktavastia.fi\/lukiot-parola\/wp-json\/wp\/v2\/pages\/13","targetHints":{"allow":["GET"]}}],"collection":[{"href":"https:\/\/www.kktavastia.fi\/lukiot-parola\/wp-json\/wp\/v2\/pages"}],"about":[{"href":"https:\/\/www.kktavastia.fi\/lukiot-parola\/wp-json\/wp\/v2\/types\/page"}],"author":[{"embeddable":true,"href":"https:\/\/www.kktavastia.fi\/lukiot-parola\/wp-json\/wp\/v2\/users\/6"}],"replies":[{"embeddable":true,"href":"https:\/\/www.kktavastia.fi\/lukiot-parola\/wp-json\/wp\/v2\/comments?post=13"}],"version-history":[{"count":23,"href":"https:\/\/www.kktavastia.fi\/lukiot-parola\/wp-json\/wp\/v2\/pages\/13\/revisions"}],"predecessor-version":[{"id":1634,"href":"https:\/\/www.kktavastia.fi\/lukiot-parola\/wp-json\/wp\/v2\/pages\/13\/revisions\/1634"}],"wp:attachment":[{"href":"https:\/\/www.kktavastia.fi\/lukiot-parola\/wp-json\/wp\/v2\/media?parent=13"}],"curies":[{"name":"wp","href":"https:\/\/api.w.org\/{rel}","templated":true}]}}