{"id":1053,"date":"2021-02-05T14:18:59","date_gmt":"2021-02-05T12:18:59","guid":{"rendered":"https:\/\/kktavastia.vaiheessa.fi\/lukiot-parola\/?page_id=1053"},"modified":"2024-08-20T10:55:37","modified_gmt":"2024-08-20T07:55:37","slug":"ylioppilastutkinto","status":"publish","type":"page","link":"https:\/\/www.kktavastia.fi\/lukiot-parola\/opetus\/ylioppilastutkinto\/","title":{"rendered":"Ylioppilastutkinto"},"content":{"rendered":"\n<p class=\"is-style-ingress\">T\u00e4\u00e4lt\u00e4 l\u00f6yd\u00e4t yleist\u00e4 tietoa ylioppilastutkinnon rakenteesta ja suorittamisesta.<\/p>\n\n\n\n<p>Lukio-opintojen p\u00e4\u00e4tt\u00f6vaiheessa suoritetaan eri aineiden ylioppilaskirjoitukset, jotka j\u00e4rjestet\u00e4\u00e4n kahdesti vuodessa, kev\u00e4\u00e4ll\u00e4 ja syksyll\u00e4. Tutkintoon kuuluvat kokeet voidaan suorittaa yhdell\u00e4 kerralla tai hajautetusti enint\u00e4\u00e4n kolmena per\u00e4kk\u00e4isen\u00e4 suorituskertana (kev\u00e4t-syksy-kev\u00e4t).&nbsp; Hyl\u00e4tyn kokeen saa uusia kaksi kertaa ja hyv\u00e4ksytyn kokeen kerran.<\/p>\n\n\n\n<p>Ylioppilaskokeeseen osallistuminen edellytt\u00e4\u00e4, ett\u00e4 olet opiskellut ennen kokeeseen osallistumista v\u00e4hint\u00e4\u00e4n lukion tuntijaossa m\u00e4\u00e4r\u00e4tyt asianomaisen oppiaineen pakolliset kurssit. Niiss\u00e4 vieraissa kieliss\u00e4, joissa ei ole pakollisia kursseja, edellytet\u00e4\u00e4n kolmen kurssin suorittamista. Mik\u00e4li olet hankkinut riitt\u00e4v\u00e4n kielitaidon muutoin, voit anoa rehtorilta lupaa osallistua ao. kielen kokeeseen ilman vaadittuja kurssisuorituksia. Yo-kokeiden teht\u00e4v\u00e4t perustuvat valtakunnallisiin pakollisiin ja syvent\u00e4viin kursseihin.<\/p>\n\n\n\n<h4 class=\"wp-block-heading\">YO-tutkinnon rakenne<\/h4>\n\n\n\n<p>Ylioppilastutkintoon kuuluu v\u00e4hint\u00e4\u00e4n nelj\u00e4 koetta<\/p>\n\n\n\n<ul class=\"wp-block-list\">\n<li>kaikille pakollisena kokeena \u00e4idinkieli ja kirjallisuus tai vieraskielisill\u00e4 S2-koe<\/li>\n<\/ul>\n\n\n\n<p>Kolme muuta pakollista koetta valitaan seuraavista, joista yhdess\u00e4 tulee olla laaja (pitk\u00e4) oppim\u00e4\u00e4r\u00e4. Kokelaan<br>lukiossa suorittama oppim\u00e4\u00e4r\u00e4 ei kuitenkaan rajoita sit\u00e4, mink\u00e4 tason kokeen h\u00e4n valitsee yo-kirjoituksissa.<\/p>\n\n\n\n<ul class=\"wp-block-list\">\n<li>toinen kotimainen kieli<\/li>\n\n\n\n<li>vieras kieli<\/li>\n\n\n\n<li>matematiikka<\/li>\n\n\n\n<li>reaaliaine<\/li>\n<\/ul>\n\n\n\n<p>Ylim\u00e4\u00e4r\u00e4isen\u00e4 voi suorittaa yhden tai useampia kokeita seuraavista Ylim\u00e4\u00e4r\u00e4isten kokeiden m\u00e4\u00e4r\u00e4\u00e4 ei ole rajoitettu.<\/p>\n\n\n\n<ul class=\"wp-block-list\">\n<li>matematiikka<\/li>\n\n\n\n<li>reaaliaine\/reaaliaineet<\/li>\n\n\n\n<li>vieras kieli\/kielet<\/li>\n\n\n\n<li>toinen kotimainen kieli<\/li>\n<\/ul>\n\n\n\n<p>Matematiikassa, toisessa kotimaisessa kieless\u00e4 ja vieraissa kieliss\u00e4 j\u00e4rjestet\u00e4\u00e4n vaativuudeltaan kahden eri tason mukaiset kokeet. Kokelas saa valita, mink\u00e4 tasoisena h\u00e4n kokeet suorittaa. V\u00e4hint\u00e4\u00e4n yhdess\u00e4 pakollisessa oppiaineessa tulee kuitenkin suorittaa vaativamman tason (pitk\u00e4n matematiikan tai A-kielen oppim\u00e4\u00e4r\u00e4n) koe.<\/p>\n\n\n\n<h4 class=\"wp-block-heading\">Reaaliaineiden kokeet<\/h4>\n\n\n\n<p>Yhdell\u00e4 tutkintokerralla j\u00e4rjestet\u00e4\u00e4n kaksi reaaliaineiden koep\u00e4iv\u00e4\u00e4. Opiskelija voi osallistua yhten\u00e4 koep\u00e4iv\u00e4n\u00e4 vain yhden reaaliaineen kokeeseen. Kullakin tutkintokerralla opiskelija voi siis osallistua enint\u00e4\u00e4n kahden reaaliaineen kokeeseen. Eri reaaliaineiden kokeet jakautuvat kahdelle koep\u00e4iv\u00e4lle seuraavasti<\/p>\n\n\n\n<ul class=\"wp-block-list\">\n<li>samana koep\u00e4iv\u00e4n\u00e4: psykologia, filosofia, historia, fysiikka, biologia<\/li>\n\n\n\n<li>samana koep\u00e4iv\u00e4n\u00e4: evankelisluterilainen uskonto, ortodoksinen uskonto, el\u00e4m\u00e4nkatsomustieto, yhteiskuntaoppi, kemia, maantiede, terveystieto<\/li>\n<\/ul>\n\n\n\n<h4 class=\"wp-block-heading\">Yleistietoa ylioppilastutkinnosta<\/h4>\n\n\n\n<p>Lis\u00e4tietoa ylioppilastutkinnon suoritusohjeista ja eri oppiaineiden ylioppilaskokeista saat lukion ylioppilastutkinto-oppaasta, rehtorilta, opinto-ohjaajilta, aineenopettajilta sek\u00e4 <a href=\"https:\/\/www.ylioppilastutkinto.fi\/\">ylioppilastutkintolautakunnan nettisivuilta<\/a>.<\/p>\n\n\n\n<p>Yo-kokeet laaditaan pakollisten ja syvent\u00e4vien kurssien perusteella. Ylioppilastutkintotodistus annetaan sellaiselle opiskelijalle, joka on suorittanut hyv\u00e4ksytysti koko lukion oppim\u00e4\u00e4r\u00e4n (v\u00e4h.75 kurssia) ja kaikki nelj\u00e4 pakollista yo-koetta. Ylioppilastutkinnon arvosanat (suluissa puolto\u00e4\u00e4net) ovat laudatur (7), eximia cum laude approbatur (6), magna cum laude approbatur (5), cum laude approbatur (4), lubenter approbatur (3), approbatur (2), improbatur (0). Yleisarvosanaa ei anneta.<\/p>\n\n\n\n<p>Yo-kirjoitus on maksullinen ja maksut vahvistaa vuosittain yo-tutkintolautakunta.<\/p>\n","protected":false},"excerpt":{"rendered":"<p>T\u00e4\u00e4lt\u00e4 l\u00f6yd\u00e4t yleist\u00e4 tietoa ylioppilastutkinnon rakenteesta ja suorittamisesta. Lukio-opintojen p\u00e4\u00e4tt\u00f6vaiheessa suoritetaan eri aineiden ylioppilaskirjoitukset, jotka j\u00e4rjestet\u00e4\u00e4n kahdesti vuodessa, kev\u00e4\u00e4ll\u00e4 ja [&hellip;]<\/p>\n","protected":false},"author":3,"featured_media":0,"parent":13,"menu_order":0,"comment_status":"closed","ping_status":"closed","template":"","meta":{"_acf_changed":false,"_relevanssi_hide_post":"","_relevanssi_hide_content":"","_relevanssi_pin_for_all":"","_relevanssi_pin_keywords":"","_relevanssi_unpin_keywords":"","_relevanssi_related_keywords":"","_relevanssi_related_include_ids":"","_relevanssi_related_exclude_ids":"","_relevanssi_related_no_append":"","_relevanssi_related_not_related":"","_relevanssi_related_posts":"54,56,28,21,10,168","_relevanssi_noindex_reason":"","footnotes":""},"class_list":["post-1053","page","type-page","status-publish","hentry"],"acf":[],"yoast_head":"<title>Ylioppilastutkinto | Parolan lukio | Ylioppilaaksi Parolan lukiosta<\/title>\n<meta name=\"description\" content=\"Ylioppilastutkinto Parolan lukiossa. Katso tietoa ylioppilastutkinnon suorittamisesta t\u00e4\u00e4ll\u00e4.\" \/>\n<meta name=\"robots\" content=\"index, follow, max-snippet:-1, max-image-preview:large, max-video-preview:-1\" \/>\n<link rel=\"canonical\" href=\"https:\/\/www.kktavastia.fi\/lukiot-parola\/opetus\/ylioppilastutkinto\/\" \/>\n<meta property=\"og:locale\" content=\"fi_FI\" \/>\n<meta property=\"og:type\" content=\"article\" \/>\n<meta property=\"og:title\" content=\"Ylioppilastutkinto | Parolan lukio | Ylioppilaaksi Parolan lukiosta\" \/>\n<meta property=\"og:description\" content=\"Ylioppilastutkinto Parolan lukiossa. Katso tietoa ylioppilastutkinnon suorittamisesta t\u00e4\u00e4ll\u00e4.\" \/>\n<meta property=\"og:url\" content=\"https:\/\/www.kktavastia.fi\/lukiot-parola\/opetus\/ylioppilastutkinto\/\" \/>\n<meta property=\"og:site_name\" content=\"Parolan lukio\" \/>\n<meta property=\"article:modified_time\" content=\"2024-08-20T07:55:37+00:00\" \/>\n<meta name=\"twitter:card\" content=\"summary_large_image\" \/>\n<script type=\"application\/ld+json\" class=\"yoast-schema-graph\">{\"@context\":\"https:\\\/\\\/schema.org\",\"@graph\":[{\"@type\":\"WebPage\",\"@id\":\"https:\\\/\\\/www.kktavastia.fi\\\/lukiot-parola\\\/opetus\\\/ylioppilastutkinto\\\/\",\"url\":\"https:\\\/\\\/www.kktavastia.fi\\\/lukiot-parola\\\/opetus\\\/ylioppilastutkinto\\\/\",\"name\":\"Ylioppilastutkinto | Parolan lukio | Ylioppilaaksi Parolan lukiosta\",\"isPartOf\":{\"@id\":\"https:\\\/\\\/www.kktavastia.fi\\\/lukiot-parola\\\/#website\"},\"datePublished\":\"2021-02-05T12:18:59+00:00\",\"dateModified\":\"2024-08-20T07:55:37+00:00\",\"description\":\"Ylioppilastutkinto Parolan lukiossa. Katso tietoa ylioppilastutkinnon suorittamisesta t\u00e4\u00e4ll\u00e4.\",\"breadcrumb\":{\"@id\":\"https:\\\/\\\/www.kktavastia.fi\\\/lukiot-parola\\\/opetus\\\/ylioppilastutkinto\\\/#breadcrumb\"},\"inLanguage\":\"fi\",\"potentialAction\":[{\"@type\":\"ReadAction\",\"target\":[\"https:\\\/\\\/www.kktavastia.fi\\\/lukiot-parola\\\/opetus\\\/ylioppilastutkinto\\\/\"]}]},{\"@type\":\"BreadcrumbList\",\"@id\":\"https:\\\/\\\/www.kktavastia.fi\\\/lukiot-parola\\\/opetus\\\/ylioppilastutkinto\\\/#breadcrumb\",\"itemListElement\":[{\"@type\":\"ListItem\",\"position\":1,\"name\":\"Home\",\"item\":\"https:\\\/\\\/www.kktavastia.fi\\\/lukiot-parola\\\/\"},{\"@type\":\"ListItem\",\"position\":2,\"name\":\"Opetus\",\"item\":\"https:\\\/\\\/www.kktavastia.fi\\\/lukiot-parola\\\/opetus\\\/\"},{\"@type\":\"ListItem\",\"position\":3,\"name\":\"Ylioppilastutkinto\"}]},{\"@type\":\"WebSite\",\"@id\":\"https:\\\/\\\/www.kktavastia.fi\\\/lukiot-parola\\\/#website\",\"url\":\"https:\\\/\\\/www.kktavastia.fi\\\/lukiot-parola\\\/\",\"name\":\"Parolan lukio\",\"description\":\"\",\"potentialAction\":[{\"@type\":\"SearchAction\",\"target\":{\"@type\":\"EntryPoint\",\"urlTemplate\":\"https:\\\/\\\/www.kktavastia.fi\\\/lukiot-parola\\\/?s={search_term_string}\"},\"query-input\":{\"@type\":\"PropertyValueSpecification\",\"valueRequired\":true,\"valueName\":\"search_term_string\"}}],\"inLanguage\":\"fi\"}]}<\/script>","yoast_head_json":{"title":"Ylioppilastutkinto | Parolan lukio | Ylioppilaaksi Parolan lukiosta","description":"Ylioppilastutkinto Parolan lukiossa. Katso tietoa ylioppilastutkinnon suorittamisesta t\u00e4\u00e4ll\u00e4.","robots":{"index":"index","follow":"follow","max-snippet":"max-snippet:-1","max-image-preview":"max-image-preview:large","max-video-preview":"max-video-preview:-1"},"canonical":"https:\/\/www.kktavastia.fi\/lukiot-parola\/opetus\/ylioppilastutkinto\/","og_locale":"fi_FI","og_type":"article","og_title":"Ylioppilastutkinto | Parolan lukio | Ylioppilaaksi Parolan lukiosta","og_description":"Ylioppilastutkinto Parolan lukiossa. Katso tietoa ylioppilastutkinnon suorittamisesta t\u00e4\u00e4ll\u00e4.","og_url":"https:\/\/www.kktavastia.fi\/lukiot-parola\/opetus\/ylioppilastutkinto\/","og_site_name":"Parolan lukio","article_modified_time":"2024-08-20T07:55:37+00:00","twitter_card":"summary_large_image","schema":{"@context":"https:\/\/schema.org","@graph":[{"@type":"WebPage","@id":"https:\/\/www.kktavastia.fi\/lukiot-parola\/opetus\/ylioppilastutkinto\/","url":"https:\/\/www.kktavastia.fi\/lukiot-parola\/opetus\/ylioppilastutkinto\/","name":"Ylioppilastutkinto | Parolan lukio | Ylioppilaaksi Parolan lukiosta","isPartOf":{"@id":"https:\/\/www.kktavastia.fi\/lukiot-parola\/#website"},"datePublished":"2021-02-05T12:18:59+00:00","dateModified":"2024-08-20T07:55:37+00:00","description":"Ylioppilastutkinto Parolan lukiossa. Katso tietoa ylioppilastutkinnon suorittamisesta t\u00e4\u00e4ll\u00e4.","breadcrumb":{"@id":"https:\/\/www.kktavastia.fi\/lukiot-parola\/opetus\/ylioppilastutkinto\/#breadcrumb"},"inLanguage":"fi","potentialAction":[{"@type":"ReadAction","target":["https:\/\/www.kktavastia.fi\/lukiot-parola\/opetus\/ylioppilastutkinto\/"]}]},{"@type":"BreadcrumbList","@id":"https:\/\/www.kktavastia.fi\/lukiot-parola\/opetus\/ylioppilastutkinto\/#breadcrumb","itemListElement":[{"@type":"ListItem","position":1,"name":"Home","item":"https:\/\/www.kktavastia.fi\/lukiot-parola\/"},{"@type":"ListItem","position":2,"name":"Opetus","item":"https:\/\/www.kktavastia.fi\/lukiot-parola\/opetus\/"},{"@type":"ListItem","position":3,"name":"Ylioppilastutkinto"}]},{"@type":"WebSite","@id":"https:\/\/www.kktavastia.fi\/lukiot-parola\/#website","url":"https:\/\/www.kktavastia.fi\/lukiot-parola\/","name":"Parolan lukio","description":"","potentialAction":[{"@type":"SearchAction","target":{"@type":"EntryPoint","urlTemplate":"https:\/\/www.kktavastia.fi\/lukiot-parola\/?s={search_term_string}"},"query-input":{"@type":"PropertyValueSpecification","valueRequired":true,"valueName":"search_term_string"}}],"inLanguage":"fi"}]}},"_links":{"self":[{"href":"https:\/\/www.kktavastia.fi\/lukiot-parola\/wp-json\/wp\/v2\/pages\/1053","targetHints":{"allow":["GET"]}}],"collection":[{"href":"https:\/\/www.kktavastia.fi\/lukiot-parola\/wp-json\/wp\/v2\/pages"}],"about":[{"href":"https:\/\/www.kktavastia.fi\/lukiot-parola\/wp-json\/wp\/v2\/types\/page"}],"author":[{"embeddable":true,"href":"https:\/\/www.kktavastia.fi\/lukiot-parola\/wp-json\/wp\/v2\/users\/3"}],"replies":[{"embeddable":true,"href":"https:\/\/www.kktavastia.fi\/lukiot-parola\/wp-json\/wp\/v2\/comments?post=1053"}],"version-history":[{"count":7,"href":"https:\/\/www.kktavastia.fi\/lukiot-parola\/wp-json\/wp\/v2\/pages\/1053\/revisions"}],"predecessor-version":[{"id":1551,"href":"https:\/\/www.kktavastia.fi\/lukiot-parola\/wp-json\/wp\/v2\/pages\/1053\/revisions\/1551"}],"up":[{"embeddable":true,"href":"https:\/\/www.kktavastia.fi\/lukiot-parola\/wp-json\/wp\/v2\/pages\/13"}],"wp:attachment":[{"href":"https:\/\/www.kktavastia.fi\/lukiot-parola\/wp-json\/wp\/v2\/media?parent=1053"}],"curies":[{"name":"wp","href":"https:\/\/api.w.org\/{rel}","templated":true}]}}