{"id":99,"date":"2020-12-31T13:59:28","date_gmt":"2020-12-31T11:59:28","guid":{"rendered":"https:\/\/kktavastia.vaiheessa.fi\/lukiot-lammi\/?page_id=99"},"modified":"2026-03-04T15:44:32","modified_gmt":"2026-03-04T13:44:32","slug":"ylioppilastutkinto","status":"publish","type":"page","link":"https:\/\/www.kktavastia.fi\/lukiot-lammi\/opetus-ja-ohjaus\/ylioppilastutkinto\/","title":{"rendered":"Ylioppilastutkinto"},"content":{"rendered":"\n<p class=\"is-style-ingress\">Lukion opinnoilla t\u00e4hd\u00e4t\u00e4\u00e4n ylioppilastutkinnon suorittamiseen. Kev\u00e4\u00e4ll\u00e4 2022 tai sen j\u00e4lkeen tutkintonsa aloittavien tulee suorittaa v\u00e4hint\u00e4\u00e4n viisi koetta. Ennen kev\u00e4tt\u00e4 2022 tutkintonsa aloittaneilla opiskelijoilla ylioppilaskirjoituksissa on nelj\u00e4 pakollista ainetta. Kirjoituksia j\u00e4rjestet\u00e4\u00e4n kev\u00e4\u00e4ll\u00e4 ja syksyll\u00e4.<\/p>\n\n\n\n<h3 class=\"wp-block-heading\">Ajankohtaista<\/h3>\n\n\n\n<p><a href=\"https:\/\/www.kktavastia.fi\/media\/sites\/7\/yo-info-20.1.2026-lammin-lukio.pdf\">YO-info 20.1.2026 Lammin lukio<\/a><\/p>\n\n\n\n<p><a href=\"https:\/\/www.kktavastia.fi\/media\/sites\/7\/yo-info-11.11.2025-lammin-lukio.pdf\" target=\"_blank\" rel=\"noreferrer noopener\">YO-info 11.11.2025 Lammin lukio<\/a><\/p>\n\n\n\n<p><\/p>\n\n\n\n<p class=\"has-small-font-size\">Ilmoittautuminen<\/p>\n\n\n\n<p>Lammin lukiossa kirjoilla olevat opiskelijat ilmoittautuvat kev\u00e4\u00e4n 2026 ylioppilastutkintoon Wilmassa 13.11.-1.12.2025.<\/p>\n\n\n\n<p>Jos olet Lammin lukion entinen opiskelija, ota hyviss\u00e4 ajoin yhteys koulusihteeriin (puh. 050 5091 046). Sinun tulee toimittaa kirjallinen ilmoittautumislomake kansliaan viimeist\u00e4\u00e4n 1.12.2025.<\/p>\n\n\n\n<h3 class=\"wp-block-heading\">Ylioppilastutkinto ja tutkinnon rakenne<\/h3>\n\n\n\n<p>Lukio-opintojen p\u00e4\u00e4tt\u00f6vaiheessa suoritetaan eri aineiden ylioppilaskirjoitukset, jotka j\u00e4rjestet\u00e4\u00e4n kahdesti vuodessa, kev\u00e4\u00e4ll\u00e4 ja syksyll\u00e4. Tutkintoon kuuluvat kokeet voidaan suorittaa yhdell\u00e4 kerralla tai hajautetusti enint\u00e4\u00e4n kolmena per\u00e4kk\u00e4isen\u00e4 suorituskertana (kev\u00e4t-syksy-kev\u00e4t). Mik\u00e4li kokeisiin ei ole osallistuttu mainitussa ajassa, on kaikki tutkintoon kuuluvat kokeet uusittava.<\/p>\n\n\n\n<p>Ylioppilaskokeeseen osallistuminen edellytt\u00e4\u00e4, ett\u00e4 olet opiskellut ennen kokeeseen osallistumista v\u00e4hint\u00e4\u00e4n lukion tuntijaossa m\u00e4\u00e4r\u00e4tyt asianomaisen oppiaineen pakolliset kurssit\/opinnot. Vieraissa kieliss\u00e4, joissa ei ole pakollisia kursseja\/opintoja, edellytet\u00e4\u00e4n kolmen kurssin\/ kuuden opintopisteen suorittamista. Mik\u00e4li olet hankkinut riitt\u00e4v\u00e4n kielitaidon muutoin, voit anoa rehtorilta lupaa osallistua ao. kielen kokeeseen ilman vaadittuja suorituksia. Yo-kokeiden teht\u00e4v\u00e4t perustuvat valtakunnallisiin pakollisiin ja syvent\u00e4viin kursseihin\/ valtakunnallisiin pakollisiin ja valinnaisiin opintoihin.<\/p>\n\n\n\n<p>Kev\u00e4\u00e4ll\u00e4 2022&nbsp; tai sen j\u00e4lkeen tutkinnon suorittamisen aloittavien opiskelijoiden tulee suorittaa v\u00e4hint\u00e4\u00e4n viisi koetta.<\/p>\n\n\n\n<ul class=\"wp-block-list\">\n<li>Kaikki suorittavat \u00e4idinkielen ja kirjallisuuden kokeen&nbsp; \/ suomi toisena kielen\u00e4 kokeen<\/li>\n<\/ul>\n\n\n\n<p>V\u00e4hint\u00e4\u00e4n kolmesta seuraavasta ryhm\u00e4st\u00e4 kolme koetta<\/p>\n\n\n\n<ul class=\"wp-block-list\">\n<li>Matematiikka<\/li>\n\n\n\n<li>Reaaliaineet<\/li>\n\n\n\n<li>Vieras kieli<\/li>\n\n\n\n<li>Toinen kotimainen kieli<\/li>\n<\/ul>\n\n\n\n<p>Sek\u00e4 lis\u00e4ksi v\u00e4hint\u00e4\u00e4n yhden kokeen mist\u00e4 tahansa edellisist\u00e4 ryhmist\u00e4.<\/p>\n\n\n\n<p>Matematiikassa, toisessa kotimaisessa kieless\u00e4 ja vieraissa kieliss\u00e4 j\u00e4rjestet\u00e4\u00e4n vaativuudeltaan kahden eri tason mukaiset kokeet. Kokelas saa valita, mink\u00e4 tasoisena h\u00e4n kokeet suorittaa. V\u00e4hint\u00e4\u00e4n yhdess\u00e4 pakollisessa oppiaineessa tulee kuitenkin suorittaa vaativamman tason (pitk\u00e4n matematiikan tai A-kielen oppim\u00e4\u00e4r\u00e4n) koe.<\/p>\n\n\n\n<p>Ennen kev\u00e4tt\u00e4 2022 tutkinnon suorittamista aloittaneiden ylioppilastutkintoon kuuluu&nbsp;v\u00e4hint\u00e4\u00e4n nelj\u00e4 koetta:<\/p>\n\n\n\n<ul class=\"wp-block-list\">\n<li>kaikille&nbsp;pakollisena kokeena \u00e4idinkieli ja kirjallisuus<\/li>\n<\/ul>\n\n\n\n<p>Ylim\u00e4\u00e4r\u00e4isen\u00e4&nbsp;voi suorittaa yhden tai useampia kokeita seuraavista:<\/p>\n\n\n\n<ul class=\"wp-block-list\">\n<li>matematiikka<\/li>\n\n\n\n<li>reaaliaine\/reaaliaineet<\/li>\n\n\n\n<li>vieras kieli\/kielet<\/li>\n\n\n\n<li>toinen kotimainen kieli<\/li>\n<\/ul>\n\n\n\n<p>Matematiikassa, toisessa kotimaisessa kieless\u00e4 ja vieraissa kieliss\u00e4 j\u00e4rjestet\u00e4\u00e4n vaativuudeltaan kahden eri tason mukaiset kokeet. Kokelas saa valita, mink\u00e4 tasoisena h\u00e4n kokeet suorittaa. V\u00e4hint\u00e4\u00e4n<strong>&nbsp;<\/strong>yhdess\u00e4 pakollisessa oppiaineessa tulee kuitenkin suorittaa vaativamman tason&nbsp;(pitk\u00e4n matematiikan tai A-kielen oppim\u00e4\u00e4r\u00e4n)&nbsp;koe.<\/p>\n\n\n\n<p><\/p>\n\n\n\n<h4 class=\"wp-block-heading\">Reaaliaineiden koep\u00e4iv\u00e4t<\/h4>\n\n\n\n<p>Yhdell\u00e4 tutkintokerralla j\u00e4rjestet\u00e4\u00e4n kaksi reaaliaineiden koep\u00e4iv\u00e4\u00e4. Opiskelija voi osallistua yhten\u00e4 koep\u00e4iv\u00e4n\u00e4 vain yhden reaaliaineen kokeeseen. Kullakin tutkintokerralla opiskelija voi siis osallistua enint\u00e4\u00e4n kahden reaaliaineen kokeeseen. Eri reaaliaineiden kokeet jakautuvat kahdelle koep\u00e4iv\u00e4lle seuraavasti:<\/p>\n\n\n\n<ul class=\"wp-block-list\">\n<li>samana koep\u00e4iv\u00e4n\u00e4: psykologia, filosofia, historia, fysiikka, biologia<\/li>\n\n\n\n<li>samana koep\u00e4iv\u00e4n\u00e4: evankelisluterilainen uskonto, ortodoksinen uskonto, el\u00e4m\u00e4nkatsomustieto, yhteiskuntaoppi, kemia, maantiede, terveystieto<\/li>\n<\/ul>\n\n\n\n<p>Lis\u00e4tietoa ylioppilastutkinnon suoritusohjeista ja eri oppiaineiden ylioppilaskokeista saat lukion ylioppilastutkinto-oppaasta, rehtorilta, opinto-ohjaajalta, aineenopettajilta sek\u00e4 <a href=\"https:\/\/www.ylioppilastutkinto.fi\/\">ylioppilastutkintolautakunnan nettisivuilta<\/a>. Yo-tutkintoon valmistautuessa kannattaa tutustua <a href=\"https:\/\/yle.fi\/aihe\/abitreenit\">Abitreeneihin<\/a>. <\/p>\n\n\n\n<h3 class=\"wp-block-heading\">Ylioppilastutkinnon hajauttamissuositus Lammin lukiossa<\/h3>\n\n\n\n<p>Jos aloitat ylioppilastutkinnon suorittamisen abivuoden syksyn tutkinnosta, sinun on huolehdittava, ett\u00e4 olet suorittanut tutkintoaineista riitt\u00e4v\u00e4n m\u00e4\u00e4r\u00e4 kursseja\/opintoja (oppiaineen pakolliset\/valtakunnalliset pakolliset ja ylim\u00e4\u00e4r\u00e4isess\u00e4 vieraassa kieless\u00e4 v\u00e4hint\u00e4\u00e4n kolme syvent\u00e4v\u00e4\u00e4 kurssia\/ kuusi opintopistett\u00e4 valtakunnallisia valinnaisia opintoja) viimeist\u00e4\u00e4n syyskuun uusintakuulustelussa. <\/p>\n\n\n\n<p>Yo-tutkintoon ilmoittautuessa on t\u00e4rke\u00e4\u00e4 muistaa, ett\u00e4 kunkin oppiaineen tutkintokysymykset perustuvat pakollisten ja valtakunnallisten syvent\u00e4vien kurssien\/valtakunnallisten pakollisten ja valinnaisten opintojen sis\u00e4lt\u00f6\u00f6n. Muista my\u00f6s, ett\u00e4 tutkinto on saatava valmiiksi kolmen per\u00e4kk\u00e4isen kirjoituskerran aikana. <\/p>\n\n\n\n<section class=\"block block-two-columns\">\n  <div class=\"container\">\n    <div class=\"cols\">\n\n    \n      <div class=\"col\">\n        <h3>Lammin lukion kurssitarjonta on laadittu, niin ett\u00e4 abivuoden<\/h3>\n        <p>Syksyn tutkintoon menness\u00e4 on mahdollista suorittaa riitt\u00e4v\u00e4sti kursseja:<br data-rich-text-line-break=\"true\" \/>&#8211; terveystiedossa<br data-rich-text-line-break=\"true\" \/>&#8211; maantiedossa<br data-rich-text-line-break=\"true\" \/>&#8211; filosofiassa<br data-rich-text-line-break=\"true\" \/>&#8211; ranskassa<br data-rich-text-line-break=\"true\" \/>&#8211; kemiassa<\/p>\n<p><br data-rich-text-line-break=\"true\" \/>N\u00e4iss\u00e4 aineissa on tarjolla ensimm\u00e4isess\u00e4 jaksossa my\u00f6s kertauskurssit.<\/p>\n      <\/div>\n\n    \n      <div class=\"col\">\n        <h3><\/h3>\n        <p>Kev\u00e4\u00e4n tutkintoon menness\u00e4 on mahdollista suorittaa riitt\u00e4v\u00e4sti kursseja kaikista muista tutkintoaineista:<br \/>\n&#8211; \u00e4idinkieless\u00e4<br \/>\n&#8211; englannissa<br \/>\n&#8211; ruotsissa<br \/>\n&#8211; lyhyess\u00e4 matematiikassa<br \/>\n&#8211; pitk\u00e4ss\u00e4 matematiikassa<br \/>\n&#8211; psykologiassa<br \/>\n&#8211; historiassa<br \/>\n&#8211; fysiikassa<br \/>\n&#8211; biologiassa<br \/>\n&#8211; uskonnossa<br \/>\n&#8211; el\u00e4m\u00e4nkatsomustiedossa<br \/>\n&#8211; yhteiskuntaopissa<br \/>\n&#8211; saksassa<\/p>\n      <\/div>\n\n    \n    <\/div>\n  <\/div>\n<\/section>\n\n\n\n<p>Jos opiskelija poikkeaa t\u00e4st\u00e4 koulun ohjelmasta, ei koulu ole velvollinen<br>j\u00e4rjest\u00e4m\u00e4\u00e4n h\u00e4nelle puuttuvia kurssisuorituksia\/ opintoja.<\/p>\n\n\n\n<div class=\"wp-block-buttons is-layout-flex wp-block-buttons-is-layout-flex\">\n<div class=\"wp-block-button\"><a class=\"wp-block-button__link wp-element-button\" href=\"https:\/\/www.ylioppilastutkinto.fi\/ajankohtaista\/tiedotteet\/958-ohjeita_tietokoneen_hankintaan\">Katso YTL:n ohje kirjoituksissa k\u00e4ytett\u00e4v\u00e4st\u00e4 tietokoneesta<\/a><\/div>\n<\/div>\n\n\n\n<p><\/p>\n","protected":false},"excerpt":{"rendered":"<p>Lukion opinnoilla t\u00e4hd\u00e4t\u00e4\u00e4n ylioppilastutkinnon suorittamiseen. Kev\u00e4\u00e4ll\u00e4 2022 tai sen j\u00e4lkeen tutkintonsa aloittavien tulee suorittaa v\u00e4hint\u00e4\u00e4n viisi koetta. Ennen kev\u00e4tt\u00e4 2022 [&hellip;]<\/p>\n","protected":false},"author":6,"featured_media":0,"parent":9,"menu_order":0,"comment_status":"closed","ping_status":"closed","template":"","meta":{"_acf_changed":false,"_relevanssi_hide_post":"","_relevanssi_hide_content":"","_relevanssi_pin_for_all":"","_relevanssi_pin_keywords":"","_relevanssi_unpin_keywords":"","_relevanssi_related_keywords":"","_relevanssi_related_include_ids":"","_relevanssi_related_exclude_ids":"","_relevanssi_related_no_append":"","_relevanssi_related_not_related":"","_relevanssi_related_posts":"1188,1285,1166,1263,1350,494","_relevanssi_noindex_reason":"","footnotes":""},"class_list":["post-99","page","type-page","status-publish","hentry"],"acf":[],"yoast_head":"<title>Ylioppilastutkinto Lammin lukiossa | Ylioppilaskirjoitukset Lammin lukiossa<\/title>\n<meta name=\"description\" content=\"Ylioppilastutkinto Lammin lukiossa: Katso tietoa ylioppilaskirjoituksista Lammin lukiossa. Ylioppilaskirjoitusten aikataulu ja rakenne.\" \/>\n<meta name=\"robots\" content=\"index, follow, max-snippet:-1, max-image-preview:large, max-video-preview:-1\" \/>\n<link rel=\"canonical\" href=\"https:\/\/www.kktavastia.fi\/lukiot-lammi\/opetus-ja-ohjaus\/ylioppilastutkinto\/\" \/>\n<meta property=\"og:locale\" content=\"fi_FI\" \/>\n<meta property=\"og:type\" content=\"article\" \/>\n<meta property=\"og:title\" content=\"Ylioppilastutkinto Lammin lukiossa | Ylioppilaskirjoitukset Lammin lukiossa\" \/>\n<meta property=\"og:description\" content=\"Ylioppilastutkinto Lammin lukiossa: Katso tietoa ylioppilaskirjoituksista Lammin lukiossa. Ylioppilaskirjoitusten aikataulu ja rakenne.\" \/>\n<meta property=\"og:url\" content=\"https:\/\/www.kktavastia.fi\/lukiot-lammi\/opetus-ja-ohjaus\/ylioppilastutkinto\/\" \/>\n<meta property=\"og:site_name\" content=\"Lammin lukio\" \/>\n<meta property=\"article:modified_time\" content=\"2026-03-04T13:44:32+00:00\" \/>\n<meta name=\"twitter:card\" content=\"summary_large_image\" \/>\n<script type=\"application\/ld+json\" class=\"yoast-schema-graph\">{\"@context\":\"https:\\\/\\\/schema.org\",\"@graph\":[{\"@type\":\"WebPage\",\"@id\":\"https:\\\/\\\/www.kktavastia.fi\\\/lukiot-lammi\\\/opetus-ja-ohjaus\\\/ylioppilastutkinto\\\/\",\"url\":\"https:\\\/\\\/www.kktavastia.fi\\\/lukiot-lammi\\\/opetus-ja-ohjaus\\\/ylioppilastutkinto\\\/\",\"name\":\"Ylioppilastutkinto Lammin lukiossa | Ylioppilaskirjoitukset Lammin lukiossa\",\"isPartOf\":{\"@id\":\"https:\\\/\\\/www.kktavastia.fi\\\/lukiot-lammi\\\/#website\"},\"datePublished\":\"2020-12-31T11:59:28+00:00\",\"dateModified\":\"2026-03-04T13:44:32+00:00\",\"description\":\"Ylioppilastutkinto Lammin lukiossa: Katso tietoa ylioppilaskirjoituksista Lammin lukiossa. Ylioppilaskirjoitusten aikataulu ja rakenne.\",\"breadcrumb\":{\"@id\":\"https:\\\/\\\/www.kktavastia.fi\\\/lukiot-lammi\\\/opetus-ja-ohjaus\\\/ylioppilastutkinto\\\/#breadcrumb\"},\"inLanguage\":\"fi\",\"potentialAction\":[{\"@type\":\"ReadAction\",\"target\":[\"https:\\\/\\\/www.kktavastia.fi\\\/lukiot-lammi\\\/opetus-ja-ohjaus\\\/ylioppilastutkinto\\\/\"]}]},{\"@type\":\"BreadcrumbList\",\"@id\":\"https:\\\/\\\/www.kktavastia.fi\\\/lukiot-lammi\\\/opetus-ja-ohjaus\\\/ylioppilastutkinto\\\/#breadcrumb\",\"itemListElement\":[{\"@type\":\"ListItem\",\"position\":1,\"name\":\"Home\",\"item\":\"https:\\\/\\\/www.kktavastia.fi\\\/lukiot-lammi\\\/\"},{\"@type\":\"ListItem\",\"position\":2,\"name\":\"Opetus ja ohjaus\",\"item\":\"https:\\\/\\\/www.kktavastia.fi\\\/lukiot-lammi\\\/opetus-ja-ohjaus\\\/\"},{\"@type\":\"ListItem\",\"position\":3,\"name\":\"Ylioppilastutkinto\"}]},{\"@type\":\"WebSite\",\"@id\":\"https:\\\/\\\/www.kktavastia.fi\\\/lukiot-lammi\\\/#website\",\"url\":\"https:\\\/\\\/www.kktavastia.fi\\\/lukiot-lammi\\\/\",\"name\":\"Lammin lukio\",\"description\":\"\",\"potentialAction\":[{\"@type\":\"SearchAction\",\"target\":{\"@type\":\"EntryPoint\",\"urlTemplate\":\"https:\\\/\\\/www.kktavastia.fi\\\/lukiot-lammi\\\/?s={search_term_string}\"},\"query-input\":{\"@type\":\"PropertyValueSpecification\",\"valueRequired\":true,\"valueName\":\"search_term_string\"}}],\"inLanguage\":\"fi\"}]}<\/script>","yoast_head_json":{"title":"Ylioppilastutkinto Lammin lukiossa | Ylioppilaskirjoitukset Lammin lukiossa","description":"Ylioppilastutkinto Lammin lukiossa: Katso tietoa ylioppilaskirjoituksista Lammin lukiossa. Ylioppilaskirjoitusten aikataulu ja rakenne.","robots":{"index":"index","follow":"follow","max-snippet":"max-snippet:-1","max-image-preview":"max-image-preview:large","max-video-preview":"max-video-preview:-1"},"canonical":"https:\/\/www.kktavastia.fi\/lukiot-lammi\/opetus-ja-ohjaus\/ylioppilastutkinto\/","og_locale":"fi_FI","og_type":"article","og_title":"Ylioppilastutkinto Lammin lukiossa | Ylioppilaskirjoitukset Lammin lukiossa","og_description":"Ylioppilastutkinto Lammin lukiossa: Katso tietoa ylioppilaskirjoituksista Lammin lukiossa. Ylioppilaskirjoitusten aikataulu ja rakenne.","og_url":"https:\/\/www.kktavastia.fi\/lukiot-lammi\/opetus-ja-ohjaus\/ylioppilastutkinto\/","og_site_name":"Lammin lukio","article_modified_time":"2026-03-04T13:44:32+00:00","twitter_card":"summary_large_image","schema":{"@context":"https:\/\/schema.org","@graph":[{"@type":"WebPage","@id":"https:\/\/www.kktavastia.fi\/lukiot-lammi\/opetus-ja-ohjaus\/ylioppilastutkinto\/","url":"https:\/\/www.kktavastia.fi\/lukiot-lammi\/opetus-ja-ohjaus\/ylioppilastutkinto\/","name":"Ylioppilastutkinto Lammin lukiossa | Ylioppilaskirjoitukset Lammin lukiossa","isPartOf":{"@id":"https:\/\/www.kktavastia.fi\/lukiot-lammi\/#website"},"datePublished":"2020-12-31T11:59:28+00:00","dateModified":"2026-03-04T13:44:32+00:00","description":"Ylioppilastutkinto Lammin lukiossa: Katso tietoa ylioppilaskirjoituksista Lammin lukiossa. Ylioppilaskirjoitusten aikataulu ja rakenne.","breadcrumb":{"@id":"https:\/\/www.kktavastia.fi\/lukiot-lammi\/opetus-ja-ohjaus\/ylioppilastutkinto\/#breadcrumb"},"inLanguage":"fi","potentialAction":[{"@type":"ReadAction","target":["https:\/\/www.kktavastia.fi\/lukiot-lammi\/opetus-ja-ohjaus\/ylioppilastutkinto\/"]}]},{"@type":"BreadcrumbList","@id":"https:\/\/www.kktavastia.fi\/lukiot-lammi\/opetus-ja-ohjaus\/ylioppilastutkinto\/#breadcrumb","itemListElement":[{"@type":"ListItem","position":1,"name":"Home","item":"https:\/\/www.kktavastia.fi\/lukiot-lammi\/"},{"@type":"ListItem","position":2,"name":"Opetus ja ohjaus","item":"https:\/\/www.kktavastia.fi\/lukiot-lammi\/opetus-ja-ohjaus\/"},{"@type":"ListItem","position":3,"name":"Ylioppilastutkinto"}]},{"@type":"WebSite","@id":"https:\/\/www.kktavastia.fi\/lukiot-lammi\/#website","url":"https:\/\/www.kktavastia.fi\/lukiot-lammi\/","name":"Lammin lukio","description":"","potentialAction":[{"@type":"SearchAction","target":{"@type":"EntryPoint","urlTemplate":"https:\/\/www.kktavastia.fi\/lukiot-lammi\/?s={search_term_string}"},"query-input":{"@type":"PropertyValueSpecification","valueRequired":true,"valueName":"search_term_string"}}],"inLanguage":"fi"}]}},"_links":{"self":[{"href":"https:\/\/www.kktavastia.fi\/lukiot-lammi\/wp-json\/wp\/v2\/pages\/99","targetHints":{"allow":["GET"]}}],"collection":[{"href":"https:\/\/www.kktavastia.fi\/lukiot-lammi\/wp-json\/wp\/v2\/pages"}],"about":[{"href":"https:\/\/www.kktavastia.fi\/lukiot-lammi\/wp-json\/wp\/v2\/types\/page"}],"author":[{"embeddable":true,"href":"https:\/\/www.kktavastia.fi\/lukiot-lammi\/wp-json\/wp\/v2\/users\/6"}],"replies":[{"embeddable":true,"href":"https:\/\/www.kktavastia.fi\/lukiot-lammi\/wp-json\/wp\/v2\/comments?post=99"}],"version-history":[{"count":24,"href":"https:\/\/www.kktavastia.fi\/lukiot-lammi\/wp-json\/wp\/v2\/pages\/99\/revisions"}],"predecessor-version":[{"id":2499,"href":"https:\/\/www.kktavastia.fi\/lukiot-lammi\/wp-json\/wp\/v2\/pages\/99\/revisions\/2499"}],"up":[{"embeddable":true,"href":"https:\/\/www.kktavastia.fi\/lukiot-lammi\/wp-json\/wp\/v2\/pages\/9"}],"wp:attachment":[{"href":"https:\/\/www.kktavastia.fi\/lukiot-lammi\/wp-json\/wp\/v2\/media?parent=99"}],"curies":[{"name":"wp","href":"https:\/\/api.w.org\/{rel}","templated":true}]}}