{"id":57,"date":"2020-12-31T11:17:15","date_gmt":"2020-12-31T09:17:15","guid":{"rendered":"https:\/\/kktavastia.vaiheessa.fi\/lukiot-lammi\/?page_id=57"},"modified":"2023-09-04T10:45:59","modified_gmt":"2023-09-04T07:45:59","slug":"kansainvalisyys","status":"publish","type":"page","link":"https:\/\/www.kktavastia.fi\/lukiot-lammi\/opiskelijalle\/kansainvalisyys\/","title":{"rendered":"Kansainv\u00e4lisyys"},"content":{"rendered":"\n<p class=\"is-style-ingress\">Pieneksi lukioksi Lammilla on aina ollut runsaasti aktiivista kansainv\u00e4list\u00e4 toimintaa.<\/p>\n\n\n\n<h3 class=\"wp-block-heading\">International projects<\/h3>\n\n\n\n<p>For a small school, Lammi High School boasts a fine array of international projects, be they EU-funded Erasmus+ projects or cooperative projects self-financed by us and our partner schools in Italy and Spain. We take pride in the fact that we can offer each one of our students an opportunity to participate in an international project.<\/p>\n\n\n\n<p>ERASMUS+ <a href=\"http:\/\/erasmusentreprneu.blogspot.com\/p\/finland.html\">Empower Students with Entrepreneurial Skills 2015\u20132018<\/a><\/p>\n\n\n\n<figure class=\"wp-block-image size-large is-resized\"><img decoding=\"async\" src=\"https:\/\/www.kktavastia.fi\/media\/sites\/7\/erasmus_plus_akkreditoitu-organisaatio_logo_vaaleansininen_fi-1024x456.jpg\" alt=\"\" class=\"wp-image-2092\" style=\"height:100px\" height=\"100\" srcset=\"https:\/\/www.kktavastia.fi\/media\/sites\/7\/erasmus_plus_akkreditoitu-organisaatio_logo_vaaleansininen_fi-1024x456.jpg 1024w, https:\/\/www.kktavastia.fi\/media\/sites\/7\/erasmus_plus_akkreditoitu-organisaatio_logo_vaaleansininen_fi-300x134.jpg 300w, https:\/\/www.kktavastia.fi\/media\/sites\/7\/erasmus_plus_akkreditoitu-organisaatio_logo_vaaleansininen_fi-768x342.jpg 768w, https:\/\/www.kktavastia.fi\/media\/sites\/7\/erasmus_plus_akkreditoitu-organisaatio_logo_vaaleansininen_fi-1536x684.jpg 1536w, https:\/\/www.kktavastia.fi\/media\/sites\/7\/erasmus_plus_akkreditoitu-organisaatio_logo_vaaleansininen_fi-460x205.jpg 460w, https:\/\/www.kktavastia.fi\/media\/sites\/7\/erasmus_plus_akkreditoitu-organisaatio_logo_vaaleansininen_fi-20x9.jpg 20w, https:\/\/www.kktavastia.fi\/media\/sites\/7\/erasmus_plus_akkreditoitu-organisaatio_logo_vaaleansininen_fi.jpg 1986w\" sizes=\"(max-width: 1024px) 100vw, 1024px\" \/><\/figure>\n","protected":false},"excerpt":{"rendered":"<p>Pieneksi lukioksi Lammilla on aina ollut runsaasti aktiivista kansainv\u00e4list\u00e4 toimintaa. International projects For a small school, Lammi High School boasts [&hellip;]<\/p>\n","protected":false},"author":6,"featured_media":0,"parent":7,"menu_order":0,"comment_status":"closed","ping_status":"closed","template":"","meta":{"_acf_changed":false,"_relevanssi_hide_post":"","_relevanssi_hide_content":"","_relevanssi_pin_for_all":"","_relevanssi_pin_keywords":"","_relevanssi_unpin_keywords":"","_relevanssi_related_keywords":"","_relevanssi_related_include_ids":"","_relevanssi_related_exclude_ids":"","_relevanssi_related_no_append":"","_relevanssi_related_not_related":"","_relevanssi_related_posts":"1236,1770,1702,1905,1160,1319","_relevanssi_noindex_reason":"","footnotes":""},"class_list":["post-57","page","type-page","status-publish","hentry"],"acf":[],"yoast_head":"<title>Kansainv\u00e4lisyys Lammin lukiossa | Projektit ja vierailut<\/title>\n<meta name=\"description\" content=\"Kansainv\u00e4lisyys Lammin lukiossa on t\u00e4rke\u00e4 arvo. Osallistumme kansainv\u00e4lisiin projekteihin ja toteutamme vierailuprojekteja.\" \/>\n<meta name=\"robots\" content=\"index, follow, max-snippet:-1, max-image-preview:large, max-video-preview:-1\" \/>\n<link rel=\"canonical\" href=\"https:\/\/www.kktavastia.fi\/lukiot-lammi\/opiskelijalle\/kansainvalisyys\/\" \/>\n<meta property=\"og:locale\" content=\"fi_FI\" \/>\n<meta property=\"og:type\" content=\"article\" \/>\n<meta property=\"og:title\" content=\"Kansainv\u00e4lisyys Lammin lukiossa | Projektit ja vierailut\" \/>\n<meta property=\"og:description\" content=\"Kansainv\u00e4lisyys Lammin lukiossa on t\u00e4rke\u00e4 arvo. Osallistumme kansainv\u00e4lisiin projekteihin ja toteutamme vierailuprojekteja.\" \/>\n<meta property=\"og:url\" content=\"https:\/\/www.kktavastia.fi\/lukiot-lammi\/opiskelijalle\/kansainvalisyys\/\" \/>\n<meta property=\"og:site_name\" content=\"Lammin lukio\" \/>\n<meta property=\"article:modified_time\" content=\"2023-09-04T07:45:59+00:00\" \/>\n<meta property=\"og:image\" content=\"https:\/\/www.kktavastia.fi\/media\/sites\/7\/erasmus_plus_akkreditoitu-organisaatio_logo_vaaleansininen_fi-1024x456.jpg\" \/>\n<meta name=\"twitter:card\" content=\"summary_large_image\" \/>\n<script type=\"application\/ld+json\" class=\"yoast-schema-graph\">{\"@context\":\"https:\\\/\\\/schema.org\",\"@graph\":[{\"@type\":\"WebPage\",\"@id\":\"https:\\\/\\\/www.kktavastia.fi\\\/lukiot-lammi\\\/opiskelijalle\\\/kansainvalisyys\\\/\",\"url\":\"https:\\\/\\\/www.kktavastia.fi\\\/lukiot-lammi\\\/opiskelijalle\\\/kansainvalisyys\\\/\",\"name\":\"Kansainv\u00e4lisyys Lammin lukiossa | Projektit ja vierailut\",\"isPartOf\":{\"@id\":\"https:\\\/\\\/www.kktavastia.fi\\\/lukiot-lammi\\\/#website\"},\"primaryImageOfPage\":{\"@id\":\"https:\\\/\\\/www.kktavastia.fi\\\/lukiot-lammi\\\/opiskelijalle\\\/kansainvalisyys\\\/#primaryimage\"},\"image\":{\"@id\":\"https:\\\/\\\/www.kktavastia.fi\\\/lukiot-lammi\\\/opiskelijalle\\\/kansainvalisyys\\\/#primaryimage\"},\"thumbnailUrl\":\"https:\\\/\\\/www.kktavastia.fi\\\/media\\\/sites\\\/7\\\/erasmus_plus_akkreditoitu-organisaatio_logo_vaaleansininen_fi-1024x456.jpg\",\"datePublished\":\"2020-12-31T09:17:15+00:00\",\"dateModified\":\"2023-09-04T07:45:59+00:00\",\"description\":\"Kansainv\u00e4lisyys Lammin lukiossa on t\u00e4rke\u00e4 arvo. Osallistumme kansainv\u00e4lisiin projekteihin ja toteutamme vierailuprojekteja.\",\"breadcrumb\":{\"@id\":\"https:\\\/\\\/www.kktavastia.fi\\\/lukiot-lammi\\\/opiskelijalle\\\/kansainvalisyys\\\/#breadcrumb\"},\"inLanguage\":\"fi\",\"potentialAction\":[{\"@type\":\"ReadAction\",\"target\":[\"https:\\\/\\\/www.kktavastia.fi\\\/lukiot-lammi\\\/opiskelijalle\\\/kansainvalisyys\\\/\"]}]},{\"@type\":\"ImageObject\",\"inLanguage\":\"fi\",\"@id\":\"https:\\\/\\\/www.kktavastia.fi\\\/lukiot-lammi\\\/opiskelijalle\\\/kansainvalisyys\\\/#primaryimage\",\"url\":\"https:\\\/\\\/www.kktavastia.fi\\\/media\\\/sites\\\/7\\\/erasmus_plus_akkreditoitu-organisaatio_logo_vaaleansininen_fi-1024x456.jpg\",\"contentUrl\":\"https:\\\/\\\/www.kktavastia.fi\\\/media\\\/sites\\\/7\\\/erasmus_plus_akkreditoitu-organisaatio_logo_vaaleansininen_fi-1024x456.jpg\"},{\"@type\":\"BreadcrumbList\",\"@id\":\"https:\\\/\\\/www.kktavastia.fi\\\/lukiot-lammi\\\/opiskelijalle\\\/kansainvalisyys\\\/#breadcrumb\",\"itemListElement\":[{\"@type\":\"ListItem\",\"position\":1,\"name\":\"Home\",\"item\":\"https:\\\/\\\/www.kktavastia.fi\\\/lukiot-lammi\\\/\"},{\"@type\":\"ListItem\",\"position\":2,\"name\":\"Opiskelijalle\",\"item\":\"https:\\\/\\\/www.kktavastia.fi\\\/lukiot-lammi\\\/opiskelijalle\\\/\"},{\"@type\":\"ListItem\",\"position\":3,\"name\":\"Kansainv\u00e4lisyys\"}]},{\"@type\":\"WebSite\",\"@id\":\"https:\\\/\\\/www.kktavastia.fi\\\/lukiot-lammi\\\/#website\",\"url\":\"https:\\\/\\\/www.kktavastia.fi\\\/lukiot-lammi\\\/\",\"name\":\"Lammin lukio\",\"description\":\"\",\"potentialAction\":[{\"@type\":\"SearchAction\",\"target\":{\"@type\":\"EntryPoint\",\"urlTemplate\":\"https:\\\/\\\/www.kktavastia.fi\\\/lukiot-lammi\\\/?s={search_term_string}\"},\"query-input\":{\"@type\":\"PropertyValueSpecification\",\"valueRequired\":true,\"valueName\":\"search_term_string\"}}],\"inLanguage\":\"fi\"}]}<\/script>","yoast_head_json":{"title":"Kansainv\u00e4lisyys Lammin lukiossa | Projektit ja vierailut","description":"Kansainv\u00e4lisyys Lammin lukiossa on t\u00e4rke\u00e4 arvo. Osallistumme kansainv\u00e4lisiin projekteihin ja toteutamme vierailuprojekteja.","robots":{"index":"index","follow":"follow","max-snippet":"max-snippet:-1","max-image-preview":"max-image-preview:large","max-video-preview":"max-video-preview:-1"},"canonical":"https:\/\/www.kktavastia.fi\/lukiot-lammi\/opiskelijalle\/kansainvalisyys\/","og_locale":"fi_FI","og_type":"article","og_title":"Kansainv\u00e4lisyys Lammin lukiossa | Projektit ja vierailut","og_description":"Kansainv\u00e4lisyys Lammin lukiossa on t\u00e4rke\u00e4 arvo. Osallistumme kansainv\u00e4lisiin projekteihin ja toteutamme vierailuprojekteja.","og_url":"https:\/\/www.kktavastia.fi\/lukiot-lammi\/opiskelijalle\/kansainvalisyys\/","og_site_name":"Lammin lukio","article_modified_time":"2023-09-04T07:45:59+00:00","og_image":[{"url":"https:\/\/www.kktavastia.fi\/media\/sites\/7\/erasmus_plus_akkreditoitu-organisaatio_logo_vaaleansininen_fi-1024x456.jpg","type":"","width":"","height":""}],"twitter_card":"summary_large_image","schema":{"@context":"https:\/\/schema.org","@graph":[{"@type":"WebPage","@id":"https:\/\/www.kktavastia.fi\/lukiot-lammi\/opiskelijalle\/kansainvalisyys\/","url":"https:\/\/www.kktavastia.fi\/lukiot-lammi\/opiskelijalle\/kansainvalisyys\/","name":"Kansainv\u00e4lisyys Lammin lukiossa | Projektit ja vierailut","isPartOf":{"@id":"https:\/\/www.kktavastia.fi\/lukiot-lammi\/#website"},"primaryImageOfPage":{"@id":"https:\/\/www.kktavastia.fi\/lukiot-lammi\/opiskelijalle\/kansainvalisyys\/#primaryimage"},"image":{"@id":"https:\/\/www.kktavastia.fi\/lukiot-lammi\/opiskelijalle\/kansainvalisyys\/#primaryimage"},"thumbnailUrl":"https:\/\/www.kktavastia.fi\/media\/sites\/7\/erasmus_plus_akkreditoitu-organisaatio_logo_vaaleansininen_fi-1024x456.jpg","datePublished":"2020-12-31T09:17:15+00:00","dateModified":"2023-09-04T07:45:59+00:00","description":"Kansainv\u00e4lisyys Lammin lukiossa on t\u00e4rke\u00e4 arvo. Osallistumme kansainv\u00e4lisiin projekteihin ja toteutamme vierailuprojekteja.","breadcrumb":{"@id":"https:\/\/www.kktavastia.fi\/lukiot-lammi\/opiskelijalle\/kansainvalisyys\/#breadcrumb"},"inLanguage":"fi","potentialAction":[{"@type":"ReadAction","target":["https:\/\/www.kktavastia.fi\/lukiot-lammi\/opiskelijalle\/kansainvalisyys\/"]}]},{"@type":"ImageObject","inLanguage":"fi","@id":"https:\/\/www.kktavastia.fi\/lukiot-lammi\/opiskelijalle\/kansainvalisyys\/#primaryimage","url":"https:\/\/www.kktavastia.fi\/media\/sites\/7\/erasmus_plus_akkreditoitu-organisaatio_logo_vaaleansininen_fi-1024x456.jpg","contentUrl":"https:\/\/www.kktavastia.fi\/media\/sites\/7\/erasmus_plus_akkreditoitu-organisaatio_logo_vaaleansininen_fi-1024x456.jpg"},{"@type":"BreadcrumbList","@id":"https:\/\/www.kktavastia.fi\/lukiot-lammi\/opiskelijalle\/kansainvalisyys\/#breadcrumb","itemListElement":[{"@type":"ListItem","position":1,"name":"Home","item":"https:\/\/www.kktavastia.fi\/lukiot-lammi\/"},{"@type":"ListItem","position":2,"name":"Opiskelijalle","item":"https:\/\/www.kktavastia.fi\/lukiot-lammi\/opiskelijalle\/"},{"@type":"ListItem","position":3,"name":"Kansainv\u00e4lisyys"}]},{"@type":"WebSite","@id":"https:\/\/www.kktavastia.fi\/lukiot-lammi\/#website","url":"https:\/\/www.kktavastia.fi\/lukiot-lammi\/","name":"Lammin lukio","description":"","potentialAction":[{"@type":"SearchAction","target":{"@type":"EntryPoint","urlTemplate":"https:\/\/www.kktavastia.fi\/lukiot-lammi\/?s={search_term_string}"},"query-input":{"@type":"PropertyValueSpecification","valueRequired":true,"valueName":"search_term_string"}}],"inLanguage":"fi"}]}},"_links":{"self":[{"href":"https:\/\/www.kktavastia.fi\/lukiot-lammi\/wp-json\/wp\/v2\/pages\/57","targetHints":{"allow":["GET"]}}],"collection":[{"href":"https:\/\/www.kktavastia.fi\/lukiot-lammi\/wp-json\/wp\/v2\/pages"}],"about":[{"href":"https:\/\/www.kktavastia.fi\/lukiot-lammi\/wp-json\/wp\/v2\/types\/page"}],"author":[{"embeddable":true,"href":"https:\/\/www.kktavastia.fi\/lukiot-lammi\/wp-json\/wp\/v2\/users\/6"}],"replies":[{"embeddable":true,"href":"https:\/\/www.kktavastia.fi\/lukiot-lammi\/wp-json\/wp\/v2\/comments?post=57"}],"version-history":[{"count":5,"href":"https:\/\/www.kktavastia.fi\/lukiot-lammi\/wp-json\/wp\/v2\/pages\/57\/revisions"}],"predecessor-version":[{"id":2093,"href":"https:\/\/www.kktavastia.fi\/lukiot-lammi\/wp-json\/wp\/v2\/pages\/57\/revisions\/2093"}],"up":[{"embeddable":true,"href":"https:\/\/www.kktavastia.fi\/lukiot-lammi\/wp-json\/wp\/v2\/pages\/7"}],"wp:attachment":[{"href":"https:\/\/www.kktavastia.fi\/lukiot-lammi\/wp-json\/wp\/v2\/media?parent=57"}],"curies":[{"name":"wp","href":"https:\/\/api.w.org\/{rel}","templated":true}]}}