{"id":44,"date":"2020-12-31T11:13:33","date_gmt":"2020-12-31T09:13:33","guid":{"rendered":"https:\/\/kktavastia.vaiheessa.fi\/lukiot-lammi\/?page_id=44"},"modified":"2025-06-05T12:18:41","modified_gmt":"2025-06-05T09:18:41","slug":"opiskelijahuolto","status":"publish","type":"page","link":"https:\/\/www.kktavastia.fi\/lukiot-lammi\/opiskelijalle\/opiskelijahuolto\/","title":{"rendered":"Opiskelijahuolto"},"content":{"rendered":"\n<p class=\"is-style-ingress\">Opiskelijahuollon tavoitteena on edist\u00e4\u00e4 opiskelijoiden oppimista, terveytt\u00e4 ja hyvinvointia ja huolehtia oppilaitosyhteis\u00f6n hyvinvoinnista sek\u00e4 opiskeluymp\u00e4rist\u00f6n terveellisyydest\u00e4 ja turvallisuudesta.<\/p>\n\n\n\n<h3 class=\"wp-block-heading\">Lammin lukion opiskelijahuolto<\/h3>\n\n\n\n<p>Lukion opiskelijahuolto j\u00e4rjestet\u00e4\u00e4n monialaisessa yhteisty\u00f6ss\u00e4 opetustoimen ja sosiaali- ja terveystoimen kanssa. Opiskelijahuoltoa toteutetaan yhteisty\u00f6ss\u00e4 opiskelijoiden ja heid\u00e4n huoltajiensa sek\u00e4 tarvittaessa muiden yhteisty\u00f6tahojen kanssa. Opiskelijahuolto on kaikkien oppilaitoksessa ty\u00f6skentelevien ja opiskelijahuoltopalveluista vastaavien ty\u00f6ntekij\u00f6iden teht\u00e4v\u00e4.<\/p>\n\n\n\n<p>Lammin lukiossa opiskelijahuollon arkip\u00e4iv\u00e4n toimijoita ovat<\/p>\n\n\n\n<ul class=\"wp-block-list\">\n<li>apulaisrehtori Katja Kiili\u00e4inen<\/li>\n\n\n\n<li>terveydenhoitaja Elina Karppinen, puh. 050 509 1047<\/li>\n\n\n\n<li>opinto-ohjaaja Raija Markkanen, puh. 050 509 0373<\/li>\n\n\n\n<li>erityisopettaja Tiina Lehtiniemi, puh. 050 443 1752<\/li>\n\n\n\n<li>opiskelijahuollon kuraattori Tiina Kuusi, tiina.kuusi@omahame.fi<\/li>\n<\/ul>\n\n\n\n<h3 class=\"wp-block-heading\">Terveydenhoitaja<\/h3>\n\n\n\n<p>Elina Karppinen, terveydenhoitaja<br>Ajanvaraus, puh. 03 621 4780 tai elina.hm.karppinen@omahame.fi<\/p>\n\n\n\n<p>Kouluterveydenhoitajan vastaanotto sijaitsee Hakkalan koulun 1. kerroksessa, p\u00e4\u00e4aulasta vasemmalla Kompassikujan p\u00e4\u00e4ss\u00e4.<\/p>\n\n\n\n<h3 class=\"wp-block-heading\">Koulul\u00e4\u00e4k\u00e4ri<\/h3>\n\n\n\n<p>Koulul\u00e4\u00e4k\u00e4ri on Lammin lukiossa sopimuksen mukaan.<\/p>\n\n\n\n<p>Heti hoitoa vaativissa tilanteissa voi ottaa suoraan yhteytt\u00e4 terveyskeskukseen:<br>Lammi, etel\u00e4inen puh. 03 6219 120<br>Lammi, pohjoinen puh. 03 6219 130<br>Tuulos puh. 03 6219 110<\/p>\n\n\n\n<h3 class=\"wp-block-heading\">Hammashuolto<\/h3>\n\n\n\n<p>Opiskelijat kutsutaan hammashoitoon kotikuntansa hammashoitolaan yksil\u00f6llist\u00e4 hoitov\u00e4li\u00e4 noudattaen. Peruuttamattomasta hoitok\u00e4ynnist\u00e4 perit\u00e4\u00e4n&nbsp;36,20&nbsp;\u20ac.<\/p>\n\n\n\n<h3 class=\"wp-block-heading\">Mielenterveyspalvelut<\/h3>\n\n\n\n<p>Muutokset kuuluvat el\u00e4m\u00e4\u00e4n ja niihin saattaa liitty\u00e4 my\u00f6s menetyksi\u00e4 ja surua. L\u00e4heisiin ihmissuhteisiinkin liittyv\u00e4 kipu ja ponnistelu on osa ihmisen\u00e4 olemista ja kasvamista. My\u00f6s vuodet muuttavat meit\u00e4. Muutosvaiheissa on iloa ja uuden tavoittamista, mutta my\u00f6s usein pelkoa ja ep\u00e4varmuutta.<\/p>\n\n\n\n<p>Vaikeista asioista ei ole aina helppo puhua. Useat etsiv\u00e4t ihmist\u00e4, joka ymm\u00e4rt\u00e4\u00e4, hyv\u00e4ksyy ja pystyy kuuntelemaan. Toisinaan t\u00e4llainen luotettava ihminen l\u00f6ytyy aivan l\u00e4helt\u00e4. Usein on kuitenkin etua siit\u00e4, ett\u00e4 vaikeuksien selvittelyss\u00e4 keskustelukumppanina on ulkopuolinen ammatti-ihminen.<\/p>\n\n\n\n<p>Terveydenhoitaja antaa neuvonta-apua H\u00e4meenlinnan ja Lahden alueen mielenterveyspalveluista.<\/p>\n\n\n\n<p><\/p>\n","protected":false},"excerpt":{"rendered":"<p>Opiskelijahuollon tavoitteena on edist\u00e4\u00e4 opiskelijoiden oppimista, terveytt\u00e4 ja hyvinvointia ja huolehtia oppilaitosyhteis\u00f6n hyvinvoinnista sek\u00e4 opiskeluymp\u00e4rist\u00f6n terveellisyydest\u00e4 ja turvallisuudesta. Lammin lukion [&hellip;]<\/p>\n","protected":false},"author":6,"featured_media":0,"parent":7,"menu_order":0,"comment_status":"closed","ping_status":"closed","template":"","meta":{"_acf_changed":false,"_relevanssi_hide_post":"","_relevanssi_hide_content":"","_relevanssi_pin_for_all":"","_relevanssi_pin_keywords":"","_relevanssi_unpin_keywords":"","_relevanssi_related_keywords":"","_relevanssi_related_include_ids":"","_relevanssi_related_exclude_ids":"","_relevanssi_related_no_append":"","_relevanssi_related_not_related":"","_relevanssi_related_posts":"891,656,1178,1338,1422,1272","_relevanssi_noindex_reason":"","footnotes":""},"class_list":["post-44","page","type-page","status-publish","hentry"],"acf":[],"yoast_head":"<title>Opiskelijahuolto Lammin lukiossa | Terveydenhuolto ja mielenterveys<\/title>\n<meta name=\"description\" content=\"Tutustu opiskelijahuoltoon Lammin lukiossa: terveydenhoito, koulul\u00e4\u00e4k\u00e4ri, hammashuolto ja mielenterveyspalvelut.\" \/>\n<meta name=\"robots\" content=\"index, follow, max-snippet:-1, max-image-preview:large, max-video-preview:-1\" \/>\n<link rel=\"canonical\" href=\"https:\/\/www.kktavastia.fi\/lukiot-lammi\/opiskelijalle\/opiskelijahuolto\/\" \/>\n<meta property=\"og:locale\" content=\"fi_FI\" \/>\n<meta property=\"og:type\" content=\"article\" \/>\n<meta property=\"og:title\" content=\"Opiskelijahuolto Lammin lukiossa | Terveydenhuolto ja mielenterveys\" \/>\n<meta property=\"og:description\" content=\"Tutustu opiskelijahuoltoon Lammin lukiossa: terveydenhoito, koulul\u00e4\u00e4k\u00e4ri, hammashuolto ja mielenterveyspalvelut.\" \/>\n<meta property=\"og:url\" content=\"https:\/\/www.kktavastia.fi\/lukiot-lammi\/opiskelijalle\/opiskelijahuolto\/\" \/>\n<meta property=\"og:site_name\" content=\"Lammin lukio\" \/>\n<meta property=\"article:modified_time\" content=\"2025-06-05T09:18:41+00:00\" \/>\n<meta name=\"twitter:card\" content=\"summary_large_image\" \/>\n<script type=\"application\/ld+json\" class=\"yoast-schema-graph\">{\"@context\":\"https:\\\/\\\/schema.org\",\"@graph\":[{\"@type\":\"WebPage\",\"@id\":\"https:\\\/\\\/www.kktavastia.fi\\\/lukiot-lammi\\\/opiskelijalle\\\/opiskelijahuolto\\\/\",\"url\":\"https:\\\/\\\/www.kktavastia.fi\\\/lukiot-lammi\\\/opiskelijalle\\\/opiskelijahuolto\\\/\",\"name\":\"Opiskelijahuolto Lammin lukiossa | Terveydenhuolto ja mielenterveys\",\"isPartOf\":{\"@id\":\"https:\\\/\\\/www.kktavastia.fi\\\/lukiot-lammi\\\/#website\"},\"datePublished\":\"2020-12-31T09:13:33+00:00\",\"dateModified\":\"2025-06-05T09:18:41+00:00\",\"description\":\"Tutustu opiskelijahuoltoon Lammin lukiossa: terveydenhoito, koulul\u00e4\u00e4k\u00e4ri, hammashuolto ja mielenterveyspalvelut.\",\"breadcrumb\":{\"@id\":\"https:\\\/\\\/www.kktavastia.fi\\\/lukiot-lammi\\\/opiskelijalle\\\/opiskelijahuolto\\\/#breadcrumb\"},\"inLanguage\":\"fi\",\"potentialAction\":[{\"@type\":\"ReadAction\",\"target\":[\"https:\\\/\\\/www.kktavastia.fi\\\/lukiot-lammi\\\/opiskelijalle\\\/opiskelijahuolto\\\/\"]}]},{\"@type\":\"BreadcrumbList\",\"@id\":\"https:\\\/\\\/www.kktavastia.fi\\\/lukiot-lammi\\\/opiskelijalle\\\/opiskelijahuolto\\\/#breadcrumb\",\"itemListElement\":[{\"@type\":\"ListItem\",\"position\":1,\"name\":\"Home\",\"item\":\"https:\\\/\\\/www.kktavastia.fi\\\/lukiot-lammi\\\/\"},{\"@type\":\"ListItem\",\"position\":2,\"name\":\"Opiskelijalle\",\"item\":\"https:\\\/\\\/www.kktavastia.fi\\\/lukiot-lammi\\\/opiskelijalle\\\/\"},{\"@type\":\"ListItem\",\"position\":3,\"name\":\"Opiskelijahuolto\"}]},{\"@type\":\"WebSite\",\"@id\":\"https:\\\/\\\/www.kktavastia.fi\\\/lukiot-lammi\\\/#website\",\"url\":\"https:\\\/\\\/www.kktavastia.fi\\\/lukiot-lammi\\\/\",\"name\":\"Lammin lukio\",\"description\":\"\",\"potentialAction\":[{\"@type\":\"SearchAction\",\"target\":{\"@type\":\"EntryPoint\",\"urlTemplate\":\"https:\\\/\\\/www.kktavastia.fi\\\/lukiot-lammi\\\/?s={search_term_string}\"},\"query-input\":{\"@type\":\"PropertyValueSpecification\",\"valueRequired\":true,\"valueName\":\"search_term_string\"}}],\"inLanguage\":\"fi\"}]}<\/script>","yoast_head_json":{"title":"Opiskelijahuolto Lammin lukiossa | Terveydenhuolto ja mielenterveys","description":"Tutustu opiskelijahuoltoon Lammin lukiossa: terveydenhoito, koulul\u00e4\u00e4k\u00e4ri, hammashuolto ja mielenterveyspalvelut.","robots":{"index":"index","follow":"follow","max-snippet":"max-snippet:-1","max-image-preview":"max-image-preview:large","max-video-preview":"max-video-preview:-1"},"canonical":"https:\/\/www.kktavastia.fi\/lukiot-lammi\/opiskelijalle\/opiskelijahuolto\/","og_locale":"fi_FI","og_type":"article","og_title":"Opiskelijahuolto Lammin lukiossa | Terveydenhuolto ja mielenterveys","og_description":"Tutustu opiskelijahuoltoon Lammin lukiossa: terveydenhoito, koulul\u00e4\u00e4k\u00e4ri, hammashuolto ja mielenterveyspalvelut.","og_url":"https:\/\/www.kktavastia.fi\/lukiot-lammi\/opiskelijalle\/opiskelijahuolto\/","og_site_name":"Lammin lukio","article_modified_time":"2025-06-05T09:18:41+00:00","twitter_card":"summary_large_image","schema":{"@context":"https:\/\/schema.org","@graph":[{"@type":"WebPage","@id":"https:\/\/www.kktavastia.fi\/lukiot-lammi\/opiskelijalle\/opiskelijahuolto\/","url":"https:\/\/www.kktavastia.fi\/lukiot-lammi\/opiskelijalle\/opiskelijahuolto\/","name":"Opiskelijahuolto Lammin lukiossa | Terveydenhuolto ja mielenterveys","isPartOf":{"@id":"https:\/\/www.kktavastia.fi\/lukiot-lammi\/#website"},"datePublished":"2020-12-31T09:13:33+00:00","dateModified":"2025-06-05T09:18:41+00:00","description":"Tutustu opiskelijahuoltoon Lammin lukiossa: terveydenhoito, koulul\u00e4\u00e4k\u00e4ri, hammashuolto ja mielenterveyspalvelut.","breadcrumb":{"@id":"https:\/\/www.kktavastia.fi\/lukiot-lammi\/opiskelijalle\/opiskelijahuolto\/#breadcrumb"},"inLanguage":"fi","potentialAction":[{"@type":"ReadAction","target":["https:\/\/www.kktavastia.fi\/lukiot-lammi\/opiskelijalle\/opiskelijahuolto\/"]}]},{"@type":"BreadcrumbList","@id":"https:\/\/www.kktavastia.fi\/lukiot-lammi\/opiskelijalle\/opiskelijahuolto\/#breadcrumb","itemListElement":[{"@type":"ListItem","position":1,"name":"Home","item":"https:\/\/www.kktavastia.fi\/lukiot-lammi\/"},{"@type":"ListItem","position":2,"name":"Opiskelijalle","item":"https:\/\/www.kktavastia.fi\/lukiot-lammi\/opiskelijalle\/"},{"@type":"ListItem","position":3,"name":"Opiskelijahuolto"}]},{"@type":"WebSite","@id":"https:\/\/www.kktavastia.fi\/lukiot-lammi\/#website","url":"https:\/\/www.kktavastia.fi\/lukiot-lammi\/","name":"Lammin lukio","description":"","potentialAction":[{"@type":"SearchAction","target":{"@type":"EntryPoint","urlTemplate":"https:\/\/www.kktavastia.fi\/lukiot-lammi\/?s={search_term_string}"},"query-input":{"@type":"PropertyValueSpecification","valueRequired":true,"valueName":"search_term_string"}}],"inLanguage":"fi"}]}},"_links":{"self":[{"href":"https:\/\/www.kktavastia.fi\/lukiot-lammi\/wp-json\/wp\/v2\/pages\/44","targetHints":{"allow":["GET"]}}],"collection":[{"href":"https:\/\/www.kktavastia.fi\/lukiot-lammi\/wp-json\/wp\/v2\/pages"}],"about":[{"href":"https:\/\/www.kktavastia.fi\/lukiot-lammi\/wp-json\/wp\/v2\/types\/page"}],"author":[{"embeddable":true,"href":"https:\/\/www.kktavastia.fi\/lukiot-lammi\/wp-json\/wp\/v2\/users\/6"}],"replies":[{"embeddable":true,"href":"https:\/\/www.kktavastia.fi\/lukiot-lammi\/wp-json\/wp\/v2\/comments?post=44"}],"version-history":[{"count":23,"href":"https:\/\/www.kktavastia.fi\/lukiot-lammi\/wp-json\/wp\/v2\/pages\/44\/revisions"}],"predecessor-version":[{"id":2410,"href":"https:\/\/www.kktavastia.fi\/lukiot-lammi\/wp-json\/wp\/v2\/pages\/44\/revisions\/2410"}],"up":[{"embeddable":true,"href":"https:\/\/www.kktavastia.fi\/lukiot-lammi\/wp-json\/wp\/v2\/pages\/7"}],"wp:attachment":[{"href":"https:\/\/www.kktavastia.fi\/lukiot-lammi\/wp-json\/wp\/v2\/media?parent=44"}],"curies":[{"name":"wp","href":"https:\/\/api.w.org\/{rel}","templated":true}]}}