{"id":42,"date":"2020-12-31T11:13:20","date_gmt":"2020-12-31T09:13:20","guid":{"rendered":"https:\/\/kktavastia.vaiheessa.fi\/lukiot-lammi\/?page_id=42"},"modified":"2024-04-12T09:59:09","modified_gmt":"2024-04-12T06:59:09","slug":"opiskelijan-tuet","status":"publish","type":"page","link":"https:\/\/www.kktavastia.fi\/lukiot-lammi\/opiskelijalle\/opiskelijan-tuet\/","title":{"rendered":"Opiskelijan tuet"},"content":{"rendered":"\n<p class=\"is-style-ingress\">Lukiossa opintonsa aloittaville oppivelvollisille lukio-opinnot ovat maksuttomia. &nbsp;Opiskelijalla on oikeus maksuttomaan koulutukseen, kun h\u00e4n aloittaa ensimm\u00e4isen tutkinnon suorittaminen ennen 18-vuoden ik\u00e4\u00e4. Maksuttomuus p\u00e4\u00e4ttyy sen kalenterivuoden lopussa, kun opiskelija t\u00e4ytt\u00e4\u00e4 20-vuotta. Opiskelija voi hakea tarvittaessa maksuttoman koulutuksen pident\u00e4mist\u00e4.<\/p>\n\n\n\n<h3 class=\"wp-block-heading\">Koulumatkatuki oppivelvollisille<\/h3>\n\n\n\n<p>Toisen asteen opiskelijoiden maksuttomat koulumatkat korvataan Kansanel\u00e4kelaitoksen maksaman koulumatkatuen kautta. Kunta tai koulutuksen j\u00e4rjest\u00e4j\u00e4 ei ole velvollinen j\u00e4rjest\u00e4m\u00e4\u00e4n toisen asteen koulutuksessa oleville oppivelvollisille koulukuljetusta.<\/p>\n\n\n\n<p>Koulumatkatuen saamiseen vaikuttavat opinnot, matkalipun hinta sek\u00e4 koulumatkojen pituus ja m\u00e4\u00e4r\u00e4. Maksuttomaan koulutukseen oikeutetut opiskelijat voivat saada koulumatkatukea, jos koulumatka on v\u00e4hint\u00e4\u00e4n 7 kilometri\u00e4 yhteen suuntaan.<\/p>\n\n\n\n<p>Jos k\u00e4ytett\u00e4viss\u00e4si ei ole julkista liikennett\u00e4 tai koulukuljetusta, voit saada koulumatkatukea itse j\u00e4rjestetyn kulkutavan mukaan.<\/p>\n\n\n\n<p>Lis\u00e4tietoa oppivelvolliset koulumatkatuesta saat&nbsp;<a href=\"https:\/\/www.kela.fi\/koulumatkatuki\">Kelan<\/a>&nbsp;sivuilta.<\/p>\n\n\n\n<h3 class=\"wp-block-heading\">Koulumatkatuki <br>muille kuin oppivelvollisille<\/h3>\n\n\n\n<p>Voit saada koulumatkatukea, jos koulumatkasi on v\u00e4hint\u00e4\u00e4n 10 kilometri\u00e4 yhteen suuntaan.<\/p>\n\n\n\n<p>Voit saada koulumatkatukea ensisijaisesti julkisella liikenteell\u00e4 matkustamiseen tai koulukuljetukseen. Jos et voi k\u00e4ytt\u00e4\u00e4 julkista liikennett\u00e4 tai koulukuljetusta, voit saada tukea itse j\u00e4rjestettyyn kulkutapaan, esimerkiksi omalla autolla kulkemiseen.<\/p>\n\n\n\n<p>Saat kalenterikuukaudelta t\u00e4ysim\u00e4\u00e4r\u00e4isen tuen, jos sinulla on kalenterikuukauden aikana matkap\u00e4ivi\u00e4 15 tai enemm\u00e4n ja matkasi maksavat yli 54 euroa. Jos sinulla on 10-14 matkap\u00e4iv\u00e4\u00e4 kalenterikuukaudessa, voit saada puolet t\u00e4ysim\u00e4\u00e4r\u00e4isest\u00e4 tuesta. Jos sinulla on alle 10 matkap\u00e4iv\u00e4\u00e4 kalenterikuukaudessa, et voi saada koulumatkatukea.<\/p>\n\n\n\n<p>Voit saada koulumatkatukea my\u00f6s alle 54 euron kuukausittaisiin koulumatkakustannuksiin, jos k\u00e4yt\u00e4t Waltti-liikennett\u00e4, koulukuljetusta tai j\u00e4rjest\u00e4t kulkutapasi itse (kun julkista liikennett\u00e4 ei ole k\u00e4ytett\u00e4viss\u00e4).<\/p>\n\n\n\n<p>Koulumatkatukihakemuksen ja asiaa koskevia esitteit\u00e4 saat koulusihteerilt\u00e4 tai <a href=\"https:\/\/www.kela.fi\/lomakkeet?p_p_id=122_INSTANCE_xsGuW3zo53eX&amp;p_p_lifecycle=0&amp;p_p_state=normal&amp;p_p_mode=view&amp;p_p_col_id=column-1&amp;p_p_col_count=1&amp;p_r_p_564233524_resetCur=true&amp;p_r_p_564233524_categoryId=9605518\">Kelan verkkosivuilta<\/a>. Lomakkeen t\u00e4ytt\u00e4minen vaatii erityist\u00e4 huolellisuutta ja ohjausta, jotta se hyv\u00e4ksyt\u00e4\u00e4n Kelassa. T\u00e4yt\u00e4 lomake kuulak\u00e4rkikyn\u00e4ll\u00e4 tai muulla pysyv\u00e4ll\u00e4 tavalla. Lomakkeen t\u00e4ytt\u00e4miseen saat neuvontaa koulusihteerilt\u00e4 ja opinto-ohjaajalta. Palauta koulumatkatukihakemus koulusihteerille. Koulusihteeri t\u00e4ytt\u00e4\u00e4 hakemukseen oppilaitoksen osuuden, l\u00e4hett\u00e4\u00e4 koulumatkatukihakemuksen Kelaan ja antaa sinulle ostotodistuksen lipun ostamista varten.<\/p>\n\n\n\n<p>Toisen vuoden opiskelijat saavat lukiosta ostotodistuksen yhdeks\u00e4\u00e4 ostokertaa\/lukuvuosi varten ja kolmannen vuoden opiskelijat kuutta ostokertaa varten. Viimeinen ostokerta on 14 p\u00e4iv\u00e4\u00e4 ennen lukuvuoden p\u00e4\u00e4ttymist\u00e4. Koulumatkatuki my\u00f6nnet\u00e4\u00e4n vain yhdelle lukuvuodelle kerrallaan, joten sit\u00e4 pit\u00e4\u00e4 anoa joka syksy uudestaan.<\/p>\n\n\n\n<h3 class=\"wp-block-heading\">Opintotuki<br>toisen ja kolmannen vuoden opiskelijoille<\/h3>\n\n\n\n<p>Opintotukeen kuuluvat opintoraha, asumislis\u00e4 sek\u00e4 opintolainan valtion takaus. Hakemuslomakkeita ja neuvoja hakemista varten saat&nbsp;<a href=\"https:\/\/www.kela.fi\/opintotuki\">Kelan<\/a> sivuilta. J\u00e4t\u00e4 hakemukset koulusihteerille. Koulusihteeri lis\u00e4\u00e4 hakemuksiin opiskelutodistuksen ja l\u00e4hett\u00e4\u00e4 hakemukset Kelaan.<\/p>\n\n\n\n<p><\/p>\n","protected":false},"excerpt":{"rendered":"<p>Lukiossa opintonsa aloittaville oppivelvollisille lukio-opinnot ovat maksuttomia. &nbsp;Opiskelijalla on oikeus maksuttomaan koulutukseen, kun h\u00e4n aloittaa ensimm\u00e4isen tutkinnon suorittaminen ennen 18-vuoden [&hellip;]<\/p>\n","protected":false},"author":6,"featured_media":0,"parent":7,"menu_order":0,"comment_status":"closed","ping_status":"closed","template":"","meta":{"_acf_changed":false,"_relevanssi_hide_post":"","_relevanssi_hide_content":"","_relevanssi_pin_for_all":"","_relevanssi_pin_keywords":"","_relevanssi_unpin_keywords":"","_relevanssi_related_keywords":"","_relevanssi_related_include_ids":"","_relevanssi_related_exclude_ids":"","_relevanssi_related_no_append":"","_relevanssi_related_not_related":"","_relevanssi_related_posts":"494,1085,1738,1499,887,498","_relevanssi_noindex_reason":"","footnotes":""},"class_list":["post-42","page","type-page","status-publish","hentry"],"acf":[],"yoast_head":"<title>Opiskelijan tuet Lammin lukiossa | Koulumatkatuki | Opintotuki<\/title>\n<meta name=\"description\" content=\"Opiskelijan tuet Lammin lukiossa: tietoa koulumatkatuesta ja opintotuesta l\u00f6yd\u00e4t t\u00e4\u00e4lt\u00e4.\" \/>\n<meta name=\"robots\" content=\"index, follow, max-snippet:-1, max-image-preview:large, max-video-preview:-1\" \/>\n<link rel=\"canonical\" href=\"https:\/\/www.kktavastia.fi\/lukiot-lammi\/opiskelijalle\/opiskelijan-tuet\/\" \/>\n<meta property=\"og:locale\" content=\"fi_FI\" \/>\n<meta property=\"og:type\" content=\"article\" \/>\n<meta property=\"og:title\" content=\"Opiskelijan tuet Lammin lukiossa | Koulumatkatuki | Opintotuki\" \/>\n<meta property=\"og:description\" content=\"Opiskelijan tuet Lammin lukiossa: tietoa koulumatkatuesta ja opintotuesta l\u00f6yd\u00e4t t\u00e4\u00e4lt\u00e4.\" \/>\n<meta property=\"og:url\" content=\"https:\/\/www.kktavastia.fi\/lukiot-lammi\/opiskelijalle\/opiskelijan-tuet\/\" \/>\n<meta property=\"og:site_name\" content=\"Lammin lukio\" \/>\n<meta property=\"article:modified_time\" content=\"2024-04-12T06:59:09+00:00\" \/>\n<meta name=\"twitter:card\" content=\"summary_large_image\" \/>\n<script type=\"application\/ld+json\" class=\"yoast-schema-graph\">{\"@context\":\"https:\/\/schema.org\",\"@graph\":[{\"@type\":\"WebPage\",\"@id\":\"https:\/\/www.kktavastia.fi\/lukiot-lammi\/opiskelijalle\/opiskelijan-tuet\/\",\"url\":\"https:\/\/www.kktavastia.fi\/lukiot-lammi\/opiskelijalle\/opiskelijan-tuet\/\",\"name\":\"Opiskelijan tuet Lammin lukiossa | Koulumatkatuki | Opintotuki\",\"isPartOf\":{\"@id\":\"https:\/\/www.kktavastia.fi\/lukiot-lammi\/#website\"},\"datePublished\":\"2020-12-31T09:13:20+00:00\",\"dateModified\":\"2024-04-12T06:59:09+00:00\",\"description\":\"Opiskelijan tuet Lammin lukiossa: tietoa koulumatkatuesta ja opintotuesta l\u00f6yd\u00e4t t\u00e4\u00e4lt\u00e4.\",\"breadcrumb\":{\"@id\":\"https:\/\/www.kktavastia.fi\/lukiot-lammi\/opiskelijalle\/opiskelijan-tuet\/#breadcrumb\"},\"inLanguage\":\"fi\",\"potentialAction\":[{\"@type\":\"ReadAction\",\"target\":[\"https:\/\/www.kktavastia.fi\/lukiot-lammi\/opiskelijalle\/opiskelijan-tuet\/\"]}]},{\"@type\":\"BreadcrumbList\",\"@id\":\"https:\/\/www.kktavastia.fi\/lukiot-lammi\/opiskelijalle\/opiskelijan-tuet\/#breadcrumb\",\"itemListElement\":[{\"@type\":\"ListItem\",\"position\":1,\"name\":\"Home\",\"item\":\"https:\/\/www.kktavastia.fi\/lukiot-lammi\/\"},{\"@type\":\"ListItem\",\"position\":2,\"name\":\"Opiskelijalle\",\"item\":\"https:\/\/www.kktavastia.fi\/lukiot-lammi\/opiskelijalle\/\"},{\"@type\":\"ListItem\",\"position\":3,\"name\":\"Opiskelijan tuet\"}]},{\"@type\":\"WebSite\",\"@id\":\"https:\/\/www.kktavastia.fi\/lukiot-lammi\/#website\",\"url\":\"https:\/\/www.kktavastia.fi\/lukiot-lammi\/\",\"name\":\"Lammin lukio\",\"description\":\"\",\"potentialAction\":[{\"@type\":\"SearchAction\",\"target\":{\"@type\":\"EntryPoint\",\"urlTemplate\":\"https:\/\/www.kktavastia.fi\/lukiot-lammi\/?s={search_term_string}\"},\"query-input\":{\"@type\":\"PropertyValueSpecification\",\"valueRequired\":true,\"valueName\":\"search_term_string\"}}],\"inLanguage\":\"fi\"}]}<\/script>","yoast_head_json":{"title":"Opiskelijan tuet Lammin lukiossa | Koulumatkatuki | Opintotuki","description":"Opiskelijan tuet Lammin lukiossa: tietoa koulumatkatuesta ja opintotuesta l\u00f6yd\u00e4t t\u00e4\u00e4lt\u00e4.","robots":{"index":"index","follow":"follow","max-snippet":"max-snippet:-1","max-image-preview":"max-image-preview:large","max-video-preview":"max-video-preview:-1"},"canonical":"https:\/\/www.kktavastia.fi\/lukiot-lammi\/opiskelijalle\/opiskelijan-tuet\/","og_locale":"fi_FI","og_type":"article","og_title":"Opiskelijan tuet Lammin lukiossa | Koulumatkatuki | Opintotuki","og_description":"Opiskelijan tuet Lammin lukiossa: tietoa koulumatkatuesta ja opintotuesta l\u00f6yd\u00e4t t\u00e4\u00e4lt\u00e4.","og_url":"https:\/\/www.kktavastia.fi\/lukiot-lammi\/opiskelijalle\/opiskelijan-tuet\/","og_site_name":"Lammin lukio","article_modified_time":"2024-04-12T06:59:09+00:00","twitter_card":"summary_large_image","schema":{"@context":"https:\/\/schema.org","@graph":[{"@type":"WebPage","@id":"https:\/\/www.kktavastia.fi\/lukiot-lammi\/opiskelijalle\/opiskelijan-tuet\/","url":"https:\/\/www.kktavastia.fi\/lukiot-lammi\/opiskelijalle\/opiskelijan-tuet\/","name":"Opiskelijan tuet Lammin lukiossa | Koulumatkatuki | Opintotuki","isPartOf":{"@id":"https:\/\/www.kktavastia.fi\/lukiot-lammi\/#website"},"datePublished":"2020-12-31T09:13:20+00:00","dateModified":"2024-04-12T06:59:09+00:00","description":"Opiskelijan tuet Lammin lukiossa: tietoa koulumatkatuesta ja opintotuesta l\u00f6yd\u00e4t t\u00e4\u00e4lt\u00e4.","breadcrumb":{"@id":"https:\/\/www.kktavastia.fi\/lukiot-lammi\/opiskelijalle\/opiskelijan-tuet\/#breadcrumb"},"inLanguage":"fi","potentialAction":[{"@type":"ReadAction","target":["https:\/\/www.kktavastia.fi\/lukiot-lammi\/opiskelijalle\/opiskelijan-tuet\/"]}]},{"@type":"BreadcrumbList","@id":"https:\/\/www.kktavastia.fi\/lukiot-lammi\/opiskelijalle\/opiskelijan-tuet\/#breadcrumb","itemListElement":[{"@type":"ListItem","position":1,"name":"Home","item":"https:\/\/www.kktavastia.fi\/lukiot-lammi\/"},{"@type":"ListItem","position":2,"name":"Opiskelijalle","item":"https:\/\/www.kktavastia.fi\/lukiot-lammi\/opiskelijalle\/"},{"@type":"ListItem","position":3,"name":"Opiskelijan tuet"}]},{"@type":"WebSite","@id":"https:\/\/www.kktavastia.fi\/lukiot-lammi\/#website","url":"https:\/\/www.kktavastia.fi\/lukiot-lammi\/","name":"Lammin lukio","description":"","potentialAction":[{"@type":"SearchAction","target":{"@type":"EntryPoint","urlTemplate":"https:\/\/www.kktavastia.fi\/lukiot-lammi\/?s={search_term_string}"},"query-input":{"@type":"PropertyValueSpecification","valueRequired":true,"valueName":"search_term_string"}}],"inLanguage":"fi"}]}},"_links":{"self":[{"href":"https:\/\/www.kktavastia.fi\/lukiot-lammi\/wp-json\/wp\/v2\/pages\/42","targetHints":{"allow":["GET"]}}],"collection":[{"href":"https:\/\/www.kktavastia.fi\/lukiot-lammi\/wp-json\/wp\/v2\/pages"}],"about":[{"href":"https:\/\/www.kktavastia.fi\/lukiot-lammi\/wp-json\/wp\/v2\/types\/page"}],"author":[{"embeddable":true,"href":"https:\/\/www.kktavastia.fi\/lukiot-lammi\/wp-json\/wp\/v2\/users\/6"}],"replies":[{"embeddable":true,"href":"https:\/\/www.kktavastia.fi\/lukiot-lammi\/wp-json\/wp\/v2\/comments?post=42"}],"version-history":[{"count":12,"href":"https:\/\/www.kktavastia.fi\/lukiot-lammi\/wp-json\/wp\/v2\/pages\/42\/revisions"}],"predecessor-version":[{"id":2228,"href":"https:\/\/www.kktavastia.fi\/lukiot-lammi\/wp-json\/wp\/v2\/pages\/42\/revisions\/2228"}],"up":[{"embeddable":true,"href":"https:\/\/www.kktavastia.fi\/lukiot-lammi\/wp-json\/wp\/v2\/pages\/7"}],"wp:attachment":[{"href":"https:\/\/www.kktavastia.fi\/lukiot-lammi\/wp-json\/wp\/v2\/media?parent=42"}],"curies":[{"name":"wp","href":"https:\/\/api.w.org\/{rel}","templated":true}]}}