{"id":40,"date":"2020-12-31T11:12:43","date_gmt":"2020-12-31T09:12:43","guid":{"rendered":"https:\/\/kktavastia.vaiheessa.fi\/lukiot-lammi\/?page_id=40"},"modified":"2021-09-08T15:03:57","modified_gmt":"2021-09-08T12:03:57","slug":"it-palvelut","status":"publish","type":"page","link":"https:\/\/www.kktavastia.fi\/lukiot-lammi\/opiskelijalle\/it-palvelut\/","title":{"rendered":"IT-palvelut"},"content":{"rendered":"\n<p class=\"is-style-ingress\">Lammin lukion it-asioita hoitaa H\u00e4meenlinnan kaupunki<\/p>\n\n\n\n<p>Koulutuskuntayhtym\u00e4 Tavastian it-asioita hoitaa It-palvelut<\/p>\n\n\n\n<ul class=\"wp-block-list\"><li>Hattelmalantie 6 (G-rakennus) 1 krs.<\/li><li>IT-palveluiden yhteinen puhelinnumero on 03 6581 700\u00a0 (emme vaihda salasanaa puhelimitse), arkisin klo 8-15.30<\/li><\/ul>\n\n\n\n<p>IT-palvelut palvelevat erilaisissa tietotekniikkaan liittyviss\u00e4 asioissa kuten, laitteiden ja tietoj\u00e4rjestelmien toimivuudessa sek\u00e4 neuvomme ongelmatilanteissa.<\/p>\n\n\n\n<p>Aloittaessaan opiskelun opiskelija saa henkil\u00f6kohtaisen k\u00e4ytt\u00e4j\u00e4tunnuksen, jolla h\u00e4n p\u00e4\u00e4see kirjautumaan Koulutuskuntayhtym\u00e4 Tavastian tietokoneille ja eri j\u00e4rjestelmiin.<\/p>\n\n\n\n<p>Tavastian IT-ohjeet l\u00f6ytyv\u00e4t&nbsp;<a href=\"https:\/\/livekktavastia-my.sharepoint.com\/personal\/700_kktavastia_fi\/_layouts\/15\/WopiFrame.aspx?guestaccesstoken=pPq0jP2t3Ffm2FQzSIzvNd4ckkrzpQ1ZjSODLZ4zka0%3d&amp;folderid=0fe14ae9fd66340c4b5664372be92fcc3&amp;action=view\">Opiskelija Pertist\u00e4<\/a><a href=\"https:\/\/moodle.kktavastia.fi\/course\/view.php?id=108\" target=\"_blank\" rel=\"noreferrer noopener\">.<\/a><\/p>\n\n\n\n<h3 class=\"wp-block-heading\">K\u00e4yt\u00e4nn\u00f6n ohjeita<\/h3>\n\n\n\n<h5 class=\"wp-block-heading\">Salasanan vaihtaminen<\/h5>\n\n\n\n<p>Mik\u00e4li salasana on vanhentumassa voi sen\u00a0<a href=\"https:\/\/account.activedirectory.windowsazure.com\/ChangePassword.aspx?portalUrl=https%3a%2f%2faccount.activedirectory.windowsazure.com%2fProfile%2fDefault.aspx\">t\u00e4\u00e4lt\u00e4<\/a>.<br>Unohtuneen tai vanhentuneen salasanan voi vaihtaa t\u00e4st\u00e4\u00a0<a href=\"http:\/\/passwordreset.microsoftonline.com\/\">linkist\u00e4<\/a>. T\u00e4m\u00e4 edellytt\u00e4\u00e4 ett\u00e4 tiedot salasanan palauttamiseksi on aiemmin\u00a0<a href=\"https:\/\/account.activedirectory.windowsazure.com\/passwordreset\/register.aspx?regref=Profile&amp;returl=https%3a%2f%2faccount.activedirectory.windowsazure.com%2fProfile%2fDefault.aspx\">annettu<\/a>. Lammin lukiossa uuden salasanan antaa Vesa Karjalainen. Jos oppilas itse ei p\u00e4\u00e4se paikan p\u00e4\u00e4lle, tulee ottaa yhteytt\u00e4 opettajaan.<\/p>\n\n\n\n<h5 class=\"wp-block-heading\">S\u00e4hk\u00f6posti<\/h5>\n\n\n\n<p>Opiskelija&nbsp;saa automaattisesti s\u00e4hk\u00f6postin, joka on muotoa k\u00e4ytt\u00e4j\u00e4tunnus@live.kktavastia.fi. S\u00e4hk\u00f6posti on osa&nbsp;<a href=\"https:\/\/outlook.com\/live.kktavastia.fi\" target=\"_blank\" rel=\"noreferrer noopener\">Office 365<\/a>&nbsp;-pilvipalvelua.<\/p>\n\n\n\n<h5 class=\"wp-block-heading\">Moodle<\/h5>\n\n\n\n<p>Tavastian verkko-oppimisalustana k\u00e4ytet\u00e4\u00e4n Moodlea. Moodle toimii osana l\u00e4hiopetuksen tukena sek\u00e4 tarjoaa joitakin verkkokursseja. Moodleen vied\u00e4\u00e4n opiskelun materiaaleja, teht\u00e4vi\u00e4 sek\u00e4 niiden palautuksia.<\/p>\n\n\n\n<h5 class=\"wp-block-heading\">Tallennustila<\/h5>\n\n\n\n<p>Opiskelijalle on OneDrive for Business (Office 365-pilvipalvelu) rajattomasti tallennustilaa. OneDrive on helppo tapa jakaa tiedostoja muille k\u00e4ytt\u00e4jille.<\/p>\n\n\n\n<h5 class=\"wp-block-heading\">Langaton verkko<\/h5>\n\n\n\n<p>Opiskelijoilla\u00a0on mahdollisuus k\u00e4ytt\u00e4\u00e4 omia laitteitaan Tavastian rakennuksissa, jolloin he voivat k\u00e4ytt\u00e4\u00e4 langatonta verkkoa Tavastia-Open. Lammilla on k\u00e4yt\u00f6ss\u00e4 H\u00e4meenlinnan kaupungin avoin verkko, lis\u00e4tietoa opettajilta.<\/p>\n\n\n\n<h5 class=\"wp-block-heading\">Ohjelmistot<\/h5>\n\n\n\n<p>Opiskelijat voivat hankkia ohjelmia opiskelijahintaan. Office 365-pilvipalvelun kautta opiskelija saa k\u00e4ytt\u00f6\u00f6ns\u00e4 opiskelujensa ajaksi Office-paketin maksutta. Lis\u00e4tietoa ohjelmistoista l\u00f6ytyy Opiskelija Pertist\u00e4.<\/p>\n\n\n\n<h5 class=\"wp-block-heading\">T\u00e4rkeit\u00e4 linkkej\u00e4<\/h5>\n\n\n\n<ul class=\"wp-block-list\"><li><a href=\"https:\/\/livekktavastia-my.sharepoint.com\/personal\/700_kktavastia_fi\/_layouts\/15\/WopiFrame.aspx?guestaccesstoken=pPq0jP2t3Ffm2FQzSIzvNd4ckkrzpQ1ZjSODLZ4zka0%3d&amp;folderid=0fe14ae9fd66340c4b5664372be92fcc3&amp;action=view\">IT-ohjeita<\/a><\/li><\/ul>\n\n\n\n<p><\/p>\n","protected":false},"excerpt":{"rendered":"<p>Lammin lukion it-asioita hoitaa H\u00e4meenlinnan kaupunki Koulutuskuntayhtym\u00e4 Tavastian it-asioita hoitaa It-palvelut Hattelmalantie 6 (G-rakennus) 1 krs. IT-palveluiden yhteinen puhelinnumero on [&hellip;]<\/p>\n","protected":false},"author":6,"featured_media":0,"parent":7,"menu_order":0,"comment_status":"closed","ping_status":"closed","template":"","meta":{"_acf_changed":false,"_relevanssi_hide_post":"","_relevanssi_hide_content":"","_relevanssi_pin_for_all":"","_relevanssi_pin_keywords":"","_relevanssi_unpin_keywords":"","_relevanssi_related_keywords":"","_relevanssi_related_include_ids":"","_relevanssi_related_exclude_ids":"","_relevanssi_related_no_append":"","_relevanssi_related_not_related":"","_relevanssi_related_posts":"1398,1485,1272,1547,1354,763","_relevanssi_noindex_reason":"","footnotes":""},"class_list":["post-40","page","type-page","status-publish","hentry"],"acf":[],"yoast_head":"<title>IT-palvelut Lammin lukiossa | Koulutuskuntayhtym\u00e4 Tavastian IT-palvelut<\/title>\n<meta name=\"description\" content=\"IT-palvelut Lammin lukiossa tuottaa Koulutuskuntayhtym\u00e4 Tavastian IT-palvelut. Katso IT-ohjeet ja yhteystiedot t\u00e4\u00e4lt\u00e4!\" \/>\n<meta name=\"robots\" content=\"index, follow, max-snippet:-1, max-image-preview:large, max-video-preview:-1\" \/>\n<link rel=\"canonical\" href=\"https:\/\/www.kktavastia.fi\/lukiot-lammi\/opiskelijalle\/it-palvelut\/\" \/>\n<meta property=\"og:locale\" content=\"fi_FI\" \/>\n<meta property=\"og:type\" content=\"article\" \/>\n<meta property=\"og:title\" content=\"IT-palvelut Lammin lukiossa | Koulutuskuntayhtym\u00e4 Tavastian IT-palvelut\" \/>\n<meta property=\"og:description\" content=\"IT-palvelut Lammin lukiossa tuottaa Koulutuskuntayhtym\u00e4 Tavastian IT-palvelut. Katso IT-ohjeet ja yhteystiedot t\u00e4\u00e4lt\u00e4!\" \/>\n<meta property=\"og:url\" content=\"https:\/\/www.kktavastia.fi\/lukiot-lammi\/opiskelijalle\/it-palvelut\/\" \/>\n<meta property=\"og:site_name\" content=\"Lammin lukio\" \/>\n<meta property=\"article:modified_time\" content=\"2021-09-08T12:03:57+00:00\" \/>\n<meta name=\"twitter:card\" content=\"summary_large_image\" \/>\n<script type=\"application\/ld+json\" class=\"yoast-schema-graph\">{\"@context\":\"https:\\\/\\\/schema.org\",\"@graph\":[{\"@type\":\"WebPage\",\"@id\":\"https:\\\/\\\/www.kktavastia.fi\\\/lukiot-lammi\\\/opiskelijalle\\\/it-palvelut\\\/\",\"url\":\"https:\\\/\\\/www.kktavastia.fi\\\/lukiot-lammi\\\/opiskelijalle\\\/it-palvelut\\\/\",\"name\":\"IT-palvelut Lammin lukiossa | Koulutuskuntayhtym\u00e4 Tavastian IT-palvelut\",\"isPartOf\":{\"@id\":\"https:\\\/\\\/www.kktavastia.fi\\\/lukiot-lammi\\\/#website\"},\"datePublished\":\"2020-12-31T09:12:43+00:00\",\"dateModified\":\"2021-09-08T12:03:57+00:00\",\"description\":\"IT-palvelut Lammin lukiossa tuottaa Koulutuskuntayhtym\u00e4 Tavastian IT-palvelut. Katso IT-ohjeet ja yhteystiedot t\u00e4\u00e4lt\u00e4!\",\"breadcrumb\":{\"@id\":\"https:\\\/\\\/www.kktavastia.fi\\\/lukiot-lammi\\\/opiskelijalle\\\/it-palvelut\\\/#breadcrumb\"},\"inLanguage\":\"fi\",\"potentialAction\":[{\"@type\":\"ReadAction\",\"target\":[\"https:\\\/\\\/www.kktavastia.fi\\\/lukiot-lammi\\\/opiskelijalle\\\/it-palvelut\\\/\"]}]},{\"@type\":\"BreadcrumbList\",\"@id\":\"https:\\\/\\\/www.kktavastia.fi\\\/lukiot-lammi\\\/opiskelijalle\\\/it-palvelut\\\/#breadcrumb\",\"itemListElement\":[{\"@type\":\"ListItem\",\"position\":1,\"name\":\"Home\",\"item\":\"https:\\\/\\\/www.kktavastia.fi\\\/lukiot-lammi\\\/\"},{\"@type\":\"ListItem\",\"position\":2,\"name\":\"Opiskelijalle\",\"item\":\"https:\\\/\\\/www.kktavastia.fi\\\/lukiot-lammi\\\/opiskelijalle\\\/\"},{\"@type\":\"ListItem\",\"position\":3,\"name\":\"IT-palvelut\"}]},{\"@type\":\"WebSite\",\"@id\":\"https:\\\/\\\/www.kktavastia.fi\\\/lukiot-lammi\\\/#website\",\"url\":\"https:\\\/\\\/www.kktavastia.fi\\\/lukiot-lammi\\\/\",\"name\":\"Lammin lukio\",\"description\":\"\",\"potentialAction\":[{\"@type\":\"SearchAction\",\"target\":{\"@type\":\"EntryPoint\",\"urlTemplate\":\"https:\\\/\\\/www.kktavastia.fi\\\/lukiot-lammi\\\/?s={search_term_string}\"},\"query-input\":{\"@type\":\"PropertyValueSpecification\",\"valueRequired\":true,\"valueName\":\"search_term_string\"}}],\"inLanguage\":\"fi\"}]}<\/script>","yoast_head_json":{"title":"IT-palvelut Lammin lukiossa | Koulutuskuntayhtym\u00e4 Tavastian IT-palvelut","description":"IT-palvelut Lammin lukiossa tuottaa Koulutuskuntayhtym\u00e4 Tavastian IT-palvelut. Katso IT-ohjeet ja yhteystiedot t\u00e4\u00e4lt\u00e4!","robots":{"index":"index","follow":"follow","max-snippet":"max-snippet:-1","max-image-preview":"max-image-preview:large","max-video-preview":"max-video-preview:-1"},"canonical":"https:\/\/www.kktavastia.fi\/lukiot-lammi\/opiskelijalle\/it-palvelut\/","og_locale":"fi_FI","og_type":"article","og_title":"IT-palvelut Lammin lukiossa | Koulutuskuntayhtym\u00e4 Tavastian IT-palvelut","og_description":"IT-palvelut Lammin lukiossa tuottaa Koulutuskuntayhtym\u00e4 Tavastian IT-palvelut. Katso IT-ohjeet ja yhteystiedot t\u00e4\u00e4lt\u00e4!","og_url":"https:\/\/www.kktavastia.fi\/lukiot-lammi\/opiskelijalle\/it-palvelut\/","og_site_name":"Lammin lukio","article_modified_time":"2021-09-08T12:03:57+00:00","twitter_card":"summary_large_image","schema":{"@context":"https:\/\/schema.org","@graph":[{"@type":"WebPage","@id":"https:\/\/www.kktavastia.fi\/lukiot-lammi\/opiskelijalle\/it-palvelut\/","url":"https:\/\/www.kktavastia.fi\/lukiot-lammi\/opiskelijalle\/it-palvelut\/","name":"IT-palvelut Lammin lukiossa | Koulutuskuntayhtym\u00e4 Tavastian IT-palvelut","isPartOf":{"@id":"https:\/\/www.kktavastia.fi\/lukiot-lammi\/#website"},"datePublished":"2020-12-31T09:12:43+00:00","dateModified":"2021-09-08T12:03:57+00:00","description":"IT-palvelut Lammin lukiossa tuottaa Koulutuskuntayhtym\u00e4 Tavastian IT-palvelut. Katso IT-ohjeet ja yhteystiedot t\u00e4\u00e4lt\u00e4!","breadcrumb":{"@id":"https:\/\/www.kktavastia.fi\/lukiot-lammi\/opiskelijalle\/it-palvelut\/#breadcrumb"},"inLanguage":"fi","potentialAction":[{"@type":"ReadAction","target":["https:\/\/www.kktavastia.fi\/lukiot-lammi\/opiskelijalle\/it-palvelut\/"]}]},{"@type":"BreadcrumbList","@id":"https:\/\/www.kktavastia.fi\/lukiot-lammi\/opiskelijalle\/it-palvelut\/#breadcrumb","itemListElement":[{"@type":"ListItem","position":1,"name":"Home","item":"https:\/\/www.kktavastia.fi\/lukiot-lammi\/"},{"@type":"ListItem","position":2,"name":"Opiskelijalle","item":"https:\/\/www.kktavastia.fi\/lukiot-lammi\/opiskelijalle\/"},{"@type":"ListItem","position":3,"name":"IT-palvelut"}]},{"@type":"WebSite","@id":"https:\/\/www.kktavastia.fi\/lukiot-lammi\/#website","url":"https:\/\/www.kktavastia.fi\/lukiot-lammi\/","name":"Lammin lukio","description":"","potentialAction":[{"@type":"SearchAction","target":{"@type":"EntryPoint","urlTemplate":"https:\/\/www.kktavastia.fi\/lukiot-lammi\/?s={search_term_string}"},"query-input":{"@type":"PropertyValueSpecification","valueRequired":true,"valueName":"search_term_string"}}],"inLanguage":"fi"}]}},"_links":{"self":[{"href":"https:\/\/www.kktavastia.fi\/lukiot-lammi\/wp-json\/wp\/v2\/pages\/40","targetHints":{"allow":["GET"]}}],"collection":[{"href":"https:\/\/www.kktavastia.fi\/lukiot-lammi\/wp-json\/wp\/v2\/pages"}],"about":[{"href":"https:\/\/www.kktavastia.fi\/lukiot-lammi\/wp-json\/wp\/v2\/types\/page"}],"author":[{"embeddable":true,"href":"https:\/\/www.kktavastia.fi\/lukiot-lammi\/wp-json\/wp\/v2\/users\/6"}],"replies":[{"embeddable":true,"href":"https:\/\/www.kktavastia.fi\/lukiot-lammi\/wp-json\/wp\/v2\/comments?post=40"}],"version-history":[{"count":7,"href":"https:\/\/www.kktavastia.fi\/lukiot-lammi\/wp-json\/wp\/v2\/pages\/40\/revisions"}],"predecessor-version":[{"id":1588,"href":"https:\/\/www.kktavastia.fi\/lukiot-lammi\/wp-json\/wp\/v2\/pages\/40\/revisions\/1588"}],"up":[{"embeddable":true,"href":"https:\/\/www.kktavastia.fi\/lukiot-lammi\/wp-json\/wp\/v2\/pages\/7"}],"wp:attachment":[{"href":"https:\/\/www.kktavastia.fi\/lukiot-lammi\/wp-json\/wp\/v2\/media?parent=40"}],"curies":[{"name":"wp","href":"https:\/\/api.w.org\/{rel}","templated":true}]}}