{"id":1842,"date":"2022-12-12T15:26:41","date_gmt":"2022-12-12T13:26:41","guid":{"rendered":"https:\/\/www.kktavastia.fi\/lukiot-lammi\/?page_id=1842"},"modified":"2025-03-25T14:01:05","modified_gmt":"2025-03-25T12:01:05","slug":"uutta-lammin-lukion-luonto-ja-ymparistolinja","status":"publish","type":"page","link":"https:\/\/www.kktavastia.fi\/lukiot-lammi\/uutta-lammin-lukion-luonto-ja-ymparistolinja\/","title":{"rendered":"Uutta! Lammin lukion luonto- ja ymp\u00e4rist\u00f6linja"},"content":{"rendered":"\n<p class=\"is-style-ingress\">Tulevaisuuden vastuulliset luonto- ja ymp\u00e4rist\u00f6osaajat tulevat Lammin lukiosta! Tartu tilaisuuteen ja painota opintojasi luontoon ja ymp\u00e4rist\u00f6\u00f6n jo lukioaikana. Parasta on, ett\u00e4 saat my\u00f6s kaikki muut Lammin lukion edut erityislinjan lis\u00e4ksi. <\/p>\n\n\n\n<p>Lammin lukio on ihmisen kokoinen, pitk\u00e4t perinteet omaava l\u00e4hilukio. Meill\u00e4 kaikki tunnetaan nimelt\u00e4, ja opiskelijat p\u00e4\u00e4sev\u00e4t osallistumaan monenlaiseen aktiiviseen toimintaan. Pieness\u00e4 lukiossa entist\u00e4 useampi p\u00e4\u00e4see osallistumaan esimerkiksi <a href=\"https:\/\/www.kktavastia.fi\/lukiot-lammi\/2023\/lammin-lukiossa-kansainvalisyys-on-yhteinen-juttu\/\">kansainv\u00e4listymiseen<\/a> liittyville matkoille. Lukiomme tiedet\u00e4\u00e4n my\u00f6s n\u00e4ytt\u00e4v\u00e4st\u00e4 musikaaliprojektistamme, laajoista kansainv\u00e4lisist\u00e4 kontakteistamme ja mahdollisuudesta opetella yhteiskunnallista vaikuttamista.<\/p>\n\n\n\n<p>Uutuutena Lammin lukiossa alkoi syksyll\u00e4 2023 Luonto- ja ymp\u00e4rist\u00f6linja, jossa paneudutaan ekologisen j\u00e4lleenrakentamiseen hyvinvoinnin ja kest\u00e4v\u00e4n kehityksen n\u00e4k\u00f6kulmasta. Luonto- ja ymp\u00e4rist\u00f6linja sopii erityisesti sinulle, joka olet kiinnostunut paitsi ymp\u00e4rist\u00f6asioista my\u00f6s hyvinvoinnista. Lammilla toimit aidossa vuorovaikutuksessa luonnon kanssa. Ihan l\u00e4hell\u00e4 oppimisymp\u00e4rist\u00f6in\u00e4 toimivat esimerkiksi upeat vesist\u00f6t sek\u00e4 Evon ainutlaatuinen retkeilyalue. Yhteisty\u00f6t\u00e4 tehd\u00e4\u00e4n mm. Helsingin yliopiston alaisen Lammin biologisen aseman ja H\u00e4meen ammattikorkeakoulun Evon yksik\u00f6n kanssa. Linjasi erikoisopintojen lis\u00e4ksi saat tietenkin my\u00f6s kaikki muut Lammin yleislukion edut.<\/p>\n\n\n\n<p>T\u00e4ll\u00e4 linjalla luot itsellesi v\u00e4ltt\u00e4m\u00e4t\u00f6nt\u00e4 ymm\u00e4rryst\u00e4 kest\u00e4v\u00e4n kehityksen perustasta ja siihen liittyv\u00e4t erityisopinnot huomataan my\u00f6s CV:ss\u00e4si. Ymm\u00e4rryst\u00e4 kest\u00e4v\u00e4st\u00e4 tulevaisuudesta tarvitaan tulevaisuudessa entist\u00e4 enemm\u00e4n kaikissa asiantuntijateht\u00e4viss\u00e4 alasta riippumatta! <\/p>\n\n\n\n<h4 class=\"wp-block-heading\">Innostuitko? Seuraava haku yhteishaussa 2026!<\/h4>\n\n\n\n<div class=\"wp-block-buttons is-layout-flex wp-block-buttons-is-layout-flex\">\n<div class=\"wp-block-button\"><a class=\"wp-block-button__link wp-element-button\">Lue juttu: Lukio houkutteli Katjan perheen Lammille!<\/a><\/div>\n<\/div>\n\n\n\n<p><\/p>\n\n\n\n<figure class=\"wp-block-gallery has-nested-images columns-default is-cropped wp-block-gallery-2 is-layout-flex wp-block-gallery-is-layout-flex\">\n<figure class=\"wp-block-image size-large\"><img loading=\"lazy\" decoding=\"async\" width=\"1024\" height=\"808\" data-id=\"1825\" src=\"https:\/\/www.kktavastia.fi\/media\/sites\/7\/kiikarointia-1024x808.jpg\" alt=\"Opiskelijat kiikaroivat j\u00e4rvelle p\u00e4in\" class=\"wp-image-1825\" srcset=\"https:\/\/www.kktavastia.fi\/media\/sites\/7\/kiikarointia-1024x808.jpg 1024w, https:\/\/www.kktavastia.fi\/media\/sites\/7\/kiikarointia-300x237.jpg 300w, https:\/\/www.kktavastia.fi\/media\/sites\/7\/kiikarointia-768x606.jpg 768w, https:\/\/www.kktavastia.fi\/media\/sites\/7\/kiikarointia-1536x1211.jpg 1536w, https:\/\/www.kktavastia.fi\/media\/sites\/7\/kiikarointia-scaled.jpg 2048w, https:\/\/www.kktavastia.fi\/media\/sites\/7\/kiikarointia-20x16.jpg 20w\" sizes=\"auto, (max-width: 1024px) 100vw, 1024px\" \/><\/figure>\n\n\n\n<figure class=\"wp-block-image size-large\"><img loading=\"lazy\" decoding=\"async\" width=\"1024\" height=\"461\" data-id=\"1833\" src=\"https:\/\/www.kktavastia.fi\/media\/sites\/7\/img_20221031_090719_hdr-1024x461.jpg\" alt=\"\" class=\"wp-image-1833\" srcset=\"https:\/\/www.kktavastia.fi\/media\/sites\/7\/img_20221031_090719_hdr-1024x461.jpg 1024w, https:\/\/www.kktavastia.fi\/media\/sites\/7\/img_20221031_090719_hdr-300x135.jpg 300w, https:\/\/www.kktavastia.fi\/media\/sites\/7\/img_20221031_090719_hdr-768x346.jpg 768w, https:\/\/www.kktavastia.fi\/media\/sites\/7\/img_20221031_090719_hdr-1536x691.jpg 1536w, https:\/\/www.kktavastia.fi\/media\/sites\/7\/img_20221031_090719_hdr-scaled.jpg 2048w, https:\/\/www.kktavastia.fi\/media\/sites\/7\/img_20221031_090719_hdr-20x9.jpg 20w\" sizes=\"auto, (max-width: 1024px) 100vw, 1024px\" \/><\/figure>\n\n\n\n<figure class=\"wp-block-image size-large\"><img loading=\"lazy\" decoding=\"async\" width=\"1024\" height=\"576\" data-id=\"1837\" src=\"https:\/\/www.kktavastia.fi\/media\/sites\/7\/saaressa-drone-1024x576.jpg\" alt=\"\" class=\"wp-image-1837\" srcset=\"https:\/\/www.kktavastia.fi\/media\/sites\/7\/saaressa-drone-1024x576.jpg 1024w, https:\/\/www.kktavastia.fi\/media\/sites\/7\/saaressa-drone-300x169.jpg 300w, https:\/\/www.kktavastia.fi\/media\/sites\/7\/saaressa-drone-768x432.jpg 768w, https:\/\/www.kktavastia.fi\/media\/sites\/7\/saaressa-drone-1536x864.jpg 1536w, https:\/\/www.kktavastia.fi\/media\/sites\/7\/saaressa-drone-scaled.jpg 2048w, https:\/\/www.kktavastia.fi\/media\/sites\/7\/saaressa-drone-20x11.jpg 20w\" sizes=\"auto, (max-width: 1024px) 100vw, 1024px\" \/><\/figure>\n\n\n\n<figure class=\"wp-block-image size-large\"><img loading=\"lazy\" decoding=\"async\" width=\"1024\" height=\"768\" data-id=\"1836\" src=\"https:\/\/www.kktavastia.fi\/media\/sites\/7\/kajakit-1024x768.jpg\" alt=\"\" class=\"wp-image-1836\" srcset=\"https:\/\/www.kktavastia.fi\/media\/sites\/7\/kajakit-1024x768.jpg 1024w, https:\/\/www.kktavastia.fi\/media\/sites\/7\/kajakit-300x225.jpg 300w, https:\/\/www.kktavastia.fi\/media\/sites\/7\/kajakit-768x576.jpg 768w, https:\/\/www.kktavastia.fi\/media\/sites\/7\/kajakit-1536x1152.jpg 1536w, https:\/\/www.kktavastia.fi\/media\/sites\/7\/kajakit-scaled.jpg 2048w, https:\/\/www.kktavastia.fi\/media\/sites\/7\/kajakit-20x15.jpg 20w\" sizes=\"auto, (max-width: 1024px) 100vw, 1024px\" \/><\/figure>\n\n\n\n<figure class=\"wp-block-image size-large\"><img loading=\"lazy\" decoding=\"async\" width=\"1024\" height=\"461\" data-id=\"1835\" src=\"https:\/\/www.kktavastia.fi\/media\/sites\/7\/img_20221113_131346_hdr-1024x461.jpg\" alt=\"\" class=\"wp-image-1835\" srcset=\"https:\/\/www.kktavastia.fi\/media\/sites\/7\/img_20221113_131346_hdr-1024x461.jpg 1024w, https:\/\/www.kktavastia.fi\/media\/sites\/7\/img_20221113_131346_hdr-300x135.jpg 300w, https:\/\/www.kktavastia.fi\/media\/sites\/7\/img_20221113_131346_hdr-768x346.jpg 768w, https:\/\/www.kktavastia.fi\/media\/sites\/7\/img_20221113_131346_hdr-1536x691.jpg 1536w, https:\/\/www.kktavastia.fi\/media\/sites\/7\/img_20221113_131346_hdr-scaled.jpg 2048w, https:\/\/www.kktavastia.fi\/media\/sites\/7\/img_20221113_131346_hdr-20x9.jpg 20w\" sizes=\"auto, (max-width: 1024px) 100vw, 1024px\" \/><\/figure>\n\n\n\n<figure class=\"wp-block-image size-large\"><img loading=\"lazy\" decoding=\"async\" width=\"1024\" height=\"461\" data-id=\"1834\" src=\"https:\/\/www.kktavastia.fi\/media\/sites\/7\/img_20221113_123948_hdr-1024x461.jpg\" alt=\"\" class=\"wp-image-1834\" srcset=\"https:\/\/www.kktavastia.fi\/media\/sites\/7\/img_20221113_123948_hdr-1024x461.jpg 1024w, https:\/\/www.kktavastia.fi\/media\/sites\/7\/img_20221113_123948_hdr-300x135.jpg 300w, https:\/\/www.kktavastia.fi\/media\/sites\/7\/img_20221113_123948_hdr-768x346.jpg 768w, https:\/\/www.kktavastia.fi\/media\/sites\/7\/img_20221113_123948_hdr-1536x691.jpg 1536w, https:\/\/www.kktavastia.fi\/media\/sites\/7\/img_20221113_123948_hdr-scaled.jpg 2048w, https:\/\/www.kktavastia.fi\/media\/sites\/7\/img_20221113_123948_hdr-20x9.jpg 20w\" sizes=\"auto, (max-width: 1024px) 100vw, 1024px\" \/><\/figure>\n<\/figure>\n","protected":false},"excerpt":{"rendered":"<p>Tulevaisuuden vastuulliset luonto- ja ymp\u00e4rist\u00f6osaajat tulevat Lammin lukiosta! Tartu tilaisuuteen ja painota opintojasi luontoon ja ymp\u00e4rist\u00f6\u00f6n jo lukioaikana. Parasta on, [&hellip;]<\/p>\n","protected":false},"author":3,"featured_media":0,"parent":0,"menu_order":0,"comment_status":"closed","ping_status":"closed","template":"","meta":{"_acf_changed":false,"_relevanssi_hide_post":"","_relevanssi_hide_content":"","_relevanssi_pin_for_all":"","_relevanssi_pin_keywords":"","_relevanssi_unpin_keywords":"","_relevanssi_related_keywords":"","_relevanssi_related_include_ids":"","_relevanssi_related_exclude_ids":"","_relevanssi_related_no_append":"","_relevanssi_related_not_related":"","_relevanssi_related_posts":"773,1178,1677,1499,887,1560","_relevanssi_noindex_reason":"","footnotes":""},"class_list":["post-1842","page","type-page","status-publish","hentry"],"acf":[],"yoast_head":"<title>Uutta! Lammin lukion luonto- ja ymp\u00e4rist\u00f6linja - Lammin lukio<\/title>\n<meta name=\"robots\" content=\"index, follow, max-snippet:-1, max-image-preview:large, max-video-preview:-1\" \/>\n<link rel=\"canonical\" href=\"https:\/\/www.kktavastia.fi\/lukiot-lammi\/uutta-lammin-lukion-luonto-ja-ymparistolinja\/\" \/>\n<meta property=\"og:locale\" content=\"fi_FI\" \/>\n<meta property=\"og:type\" content=\"article\" \/>\n<meta property=\"og:title\" content=\"Uutta! Lammin lukion luonto- ja ymp\u00e4rist\u00f6linja - Lammin lukio\" \/>\n<meta property=\"og:description\" content=\"Tulevaisuuden vastuulliset luonto- ja ymp\u00e4rist\u00f6osaajat tulevat Lammin lukiosta! Tartu tilaisuuteen ja painota opintojasi luontoon ja ymp\u00e4rist\u00f6\u00f6n jo lukioaikana. Parasta on, [&hellip;]\" \/>\n<meta property=\"og:url\" content=\"https:\/\/www.kktavastia.fi\/lukiot-lammi\/uutta-lammin-lukion-luonto-ja-ymparistolinja\/\" \/>\n<meta property=\"og:site_name\" content=\"Lammin lukio\" \/>\n<meta property=\"article:modified_time\" content=\"2025-03-25T12:01:05+00:00\" \/>\n<meta property=\"og:image\" content=\"https:\/\/www.kktavastia.fi\/media\/sites\/7\/kiikarointia-scaled.jpg\" \/>\n\t<meta property=\"og:image:width\" content=\"2048\" \/>\n\t<meta property=\"og:image:height\" content=\"1615\" \/>\n\t<meta property=\"og:image:type\" content=\"image\/jpeg\" \/>\n<meta name=\"twitter:card\" content=\"summary_large_image\" \/>\n<script type=\"application\/ld+json\" class=\"yoast-schema-graph\">{\"@context\":\"https:\\\/\\\/schema.org\",\"@graph\":[{\"@type\":\"WebPage\",\"@id\":\"https:\\\/\\\/www.kktavastia.fi\\\/lukiot-lammi\\\/uutta-lammin-lukion-luonto-ja-ymparistolinja\\\/\",\"url\":\"https:\\\/\\\/www.kktavastia.fi\\\/lukiot-lammi\\\/uutta-lammin-lukion-luonto-ja-ymparistolinja\\\/\",\"name\":\"Uutta! Lammin lukion luonto- ja ymp\u00e4rist\u00f6linja - Lammin lukio\",\"isPartOf\":{\"@id\":\"https:\\\/\\\/www.kktavastia.fi\\\/lukiot-lammi\\\/#website\"},\"primaryImageOfPage\":{\"@id\":\"https:\\\/\\\/www.kktavastia.fi\\\/lukiot-lammi\\\/uutta-lammin-lukion-luonto-ja-ymparistolinja\\\/#primaryimage\"},\"image\":{\"@id\":\"https:\\\/\\\/www.kktavastia.fi\\\/lukiot-lammi\\\/uutta-lammin-lukion-luonto-ja-ymparistolinja\\\/#primaryimage\"},\"thumbnailUrl\":\"https:\\\/\\\/www.kktavastia.fi\\\/media\\\/sites\\\/7\\\/kiikarointia-1024x808.jpg\",\"datePublished\":\"2022-12-12T13:26:41+00:00\",\"dateModified\":\"2025-03-25T12:01:05+00:00\",\"breadcrumb\":{\"@id\":\"https:\\\/\\\/www.kktavastia.fi\\\/lukiot-lammi\\\/uutta-lammin-lukion-luonto-ja-ymparistolinja\\\/#breadcrumb\"},\"inLanguage\":\"fi\",\"potentialAction\":[{\"@type\":\"ReadAction\",\"target\":[\"https:\\\/\\\/www.kktavastia.fi\\\/lukiot-lammi\\\/uutta-lammin-lukion-luonto-ja-ymparistolinja\\\/\"]}]},{\"@type\":\"ImageObject\",\"inLanguage\":\"fi\",\"@id\":\"https:\\\/\\\/www.kktavastia.fi\\\/lukiot-lammi\\\/uutta-lammin-lukion-luonto-ja-ymparistolinja\\\/#primaryimage\",\"url\":\"https:\\\/\\\/www.kktavastia.fi\\\/media\\\/sites\\\/7\\\/kiikarointia-1024x808.jpg\",\"contentUrl\":\"https:\\\/\\\/www.kktavastia.fi\\\/media\\\/sites\\\/7\\\/kiikarointia-1024x808.jpg\"},{\"@type\":\"BreadcrumbList\",\"@id\":\"https:\\\/\\\/www.kktavastia.fi\\\/lukiot-lammi\\\/uutta-lammin-lukion-luonto-ja-ymparistolinja\\\/#breadcrumb\",\"itemListElement\":[{\"@type\":\"ListItem\",\"position\":1,\"name\":\"Home\",\"item\":\"https:\\\/\\\/www.kktavastia.fi\\\/lukiot-lammi\\\/\"},{\"@type\":\"ListItem\",\"position\":2,\"name\":\"Uutta! Lammin lukion luonto- ja ymp\u00e4rist\u00f6linja\"}]},{\"@type\":\"WebSite\",\"@id\":\"https:\\\/\\\/www.kktavastia.fi\\\/lukiot-lammi\\\/#website\",\"url\":\"https:\\\/\\\/www.kktavastia.fi\\\/lukiot-lammi\\\/\",\"name\":\"Lammin lukio\",\"description\":\"\",\"potentialAction\":[{\"@type\":\"SearchAction\",\"target\":{\"@type\":\"EntryPoint\",\"urlTemplate\":\"https:\\\/\\\/www.kktavastia.fi\\\/lukiot-lammi\\\/?s={search_term_string}\"},\"query-input\":{\"@type\":\"PropertyValueSpecification\",\"valueRequired\":true,\"valueName\":\"search_term_string\"}}],\"inLanguage\":\"fi\"}]}<\/script>","yoast_head_json":{"title":"Uutta! Lammin lukion luonto- ja ymp\u00e4rist\u00f6linja - Lammin lukio","robots":{"index":"index","follow":"follow","max-snippet":"max-snippet:-1","max-image-preview":"max-image-preview:large","max-video-preview":"max-video-preview:-1"},"canonical":"https:\/\/www.kktavastia.fi\/lukiot-lammi\/uutta-lammin-lukion-luonto-ja-ymparistolinja\/","og_locale":"fi_FI","og_type":"article","og_title":"Uutta! Lammin lukion luonto- ja ymp\u00e4rist\u00f6linja - Lammin lukio","og_description":"Tulevaisuuden vastuulliset luonto- ja ymp\u00e4rist\u00f6osaajat tulevat Lammin lukiosta! Tartu tilaisuuteen ja painota opintojasi luontoon ja ymp\u00e4rist\u00f6\u00f6n jo lukioaikana. Parasta on, [&hellip;]","og_url":"https:\/\/www.kktavastia.fi\/lukiot-lammi\/uutta-lammin-lukion-luonto-ja-ymparistolinja\/","og_site_name":"Lammin lukio","article_modified_time":"2025-03-25T12:01:05+00:00","og_image":[{"width":2048,"height":1615,"url":"https:\/\/www.kktavastia.fi\/media\/sites\/7\/kiikarointia-scaled.jpg","type":"image\/jpeg"}],"twitter_card":"summary_large_image","schema":{"@context":"https:\/\/schema.org","@graph":[{"@type":"WebPage","@id":"https:\/\/www.kktavastia.fi\/lukiot-lammi\/uutta-lammin-lukion-luonto-ja-ymparistolinja\/","url":"https:\/\/www.kktavastia.fi\/lukiot-lammi\/uutta-lammin-lukion-luonto-ja-ymparistolinja\/","name":"Uutta! Lammin lukion luonto- ja ymp\u00e4rist\u00f6linja - Lammin lukio","isPartOf":{"@id":"https:\/\/www.kktavastia.fi\/lukiot-lammi\/#website"},"primaryImageOfPage":{"@id":"https:\/\/www.kktavastia.fi\/lukiot-lammi\/uutta-lammin-lukion-luonto-ja-ymparistolinja\/#primaryimage"},"image":{"@id":"https:\/\/www.kktavastia.fi\/lukiot-lammi\/uutta-lammin-lukion-luonto-ja-ymparistolinja\/#primaryimage"},"thumbnailUrl":"https:\/\/www.kktavastia.fi\/media\/sites\/7\/kiikarointia-1024x808.jpg","datePublished":"2022-12-12T13:26:41+00:00","dateModified":"2025-03-25T12:01:05+00:00","breadcrumb":{"@id":"https:\/\/www.kktavastia.fi\/lukiot-lammi\/uutta-lammin-lukion-luonto-ja-ymparistolinja\/#breadcrumb"},"inLanguage":"fi","potentialAction":[{"@type":"ReadAction","target":["https:\/\/www.kktavastia.fi\/lukiot-lammi\/uutta-lammin-lukion-luonto-ja-ymparistolinja\/"]}]},{"@type":"ImageObject","inLanguage":"fi","@id":"https:\/\/www.kktavastia.fi\/lukiot-lammi\/uutta-lammin-lukion-luonto-ja-ymparistolinja\/#primaryimage","url":"https:\/\/www.kktavastia.fi\/media\/sites\/7\/kiikarointia-1024x808.jpg","contentUrl":"https:\/\/www.kktavastia.fi\/media\/sites\/7\/kiikarointia-1024x808.jpg"},{"@type":"BreadcrumbList","@id":"https:\/\/www.kktavastia.fi\/lukiot-lammi\/uutta-lammin-lukion-luonto-ja-ymparistolinja\/#breadcrumb","itemListElement":[{"@type":"ListItem","position":1,"name":"Home","item":"https:\/\/www.kktavastia.fi\/lukiot-lammi\/"},{"@type":"ListItem","position":2,"name":"Uutta! Lammin lukion luonto- ja ymp\u00e4rist\u00f6linja"}]},{"@type":"WebSite","@id":"https:\/\/www.kktavastia.fi\/lukiot-lammi\/#website","url":"https:\/\/www.kktavastia.fi\/lukiot-lammi\/","name":"Lammin lukio","description":"","potentialAction":[{"@type":"SearchAction","target":{"@type":"EntryPoint","urlTemplate":"https:\/\/www.kktavastia.fi\/lukiot-lammi\/?s={search_term_string}"},"query-input":{"@type":"PropertyValueSpecification","valueRequired":true,"valueName":"search_term_string"}}],"inLanguage":"fi"}]}},"_links":{"self":[{"href":"https:\/\/www.kktavastia.fi\/lukiot-lammi\/wp-json\/wp\/v2\/pages\/1842","targetHints":{"allow":["GET"]}}],"collection":[{"href":"https:\/\/www.kktavastia.fi\/lukiot-lammi\/wp-json\/wp\/v2\/pages"}],"about":[{"href":"https:\/\/www.kktavastia.fi\/lukiot-lammi\/wp-json\/wp\/v2\/types\/page"}],"author":[{"embeddable":true,"href":"https:\/\/www.kktavastia.fi\/lukiot-lammi\/wp-json\/wp\/v2\/users\/3"}],"replies":[{"embeddable":true,"href":"https:\/\/www.kktavastia.fi\/lukiot-lammi\/wp-json\/wp\/v2\/comments?post=1842"}],"version-history":[{"count":22,"href":"https:\/\/www.kktavastia.fi\/lukiot-lammi\/wp-json\/wp\/v2\/pages\/1842\/revisions"}],"predecessor-version":[{"id":2381,"href":"https:\/\/www.kktavastia.fi\/lukiot-lammi\/wp-json\/wp\/v2\/pages\/1842\/revisions\/2381"}],"wp:attachment":[{"href":"https:\/\/www.kktavastia.fi\/lukiot-lammi\/wp-json\/wp\/v2\/media?parent=1842"}],"curies":[{"name":"wp","href":"https:\/\/api.w.org\/{rel}","templated":true}]}}