{"id":140,"date":"2020-12-31T14:47:29","date_gmt":"2020-12-31T12:47:29","guid":{"rendered":"https:\/\/kktavastia.vaiheessa.fi\/lukiot-lammi\/?page_id=140"},"modified":"2021-06-15T10:51:25","modified_gmt":"2021-06-15T07:51:25","slug":"itsenainen-opiskelu","status":"publish","type":"page","link":"https:\/\/www.kktavastia.fi\/lukiot-lammi\/opetus-ja-ohjaus\/opetusjarjestelyt\/itsenainen-opiskelu\/","title":{"rendered":"Itsen\u00e4inen opiskelu"},"content":{"rendered":"\n<p class=\"is-style-ingress\">Osa opinnoista voidaan edellytt\u00e4\u00e4 opiskeltavan itsen\u00e4isesti (LA 4 \u00a7). T\u00e4llainen tilanne tulee eteen esimerkiksi silloin, kun opiskelija on ollut poissa, opettaja on poissa eik\u00e4 sijaista ole palkattu tai kurssin l\u00e4hiopetustuntien m\u00e4\u00e4r\u00e4 j\u00e4\u00e4 jostakin syyst\u00e4 v\u00e4h\u00e4iseksi.<\/p>\n\n\n\n<h4 class=\"wp-block-heading\">Opiskelu opetukseen osallistumatta<\/h4>\n\n\n\n<p>Opiskelijalle voidaan hakemuksesta my\u00f6nt\u00e4\u00e4 lupa suorittaa opintoja opetukseen osallistumatta (LA 4 \u00a7).<\/p>\n\n\n\n<h4 class=\"wp-block-heading\">Et\u00e4opiskelu<\/h4>\n\n\n\n<p>Et\u00e4opiskelu on omatoimista opiskelua jonkin et\u00e4opetusta antavan oppilaitoksen opettajan ohjauksessa. Opiskelijoiden on tarkistettava kurssin\/ opintojakson sis\u00e4lt\u00f6 ennen ilmoittautumista ja haettava hyv\u00e4ksynt\u00e4 sis\u00e4ll\u00f6n vastaavuudesta aineen opettajalta.<\/p>\n\n\n\n<h4 class=\"wp-block-heading\">Kirjallisuuskuulustelu<\/h4>\n\n\n\n<p>Kurssi\/ opintojakso opiskellaan opetukseen osallistumatta ja ilman ohjausta. Kurssi\/opintojakso suoritetaan tenttim\u00e4ll\u00e4 aineenopettajan m\u00e4\u00e4r\u00e4\u00e4m\u00e4 materiaali.<\/p>\n\n\n\n<h4 class=\"wp-block-heading\">Muualla suoritetut opinnot<\/h4>\n\n\n\n<p>Opiskelija voi lukea hyv\u00e4kseen lukion oppim\u00e4\u00e4r\u00e4\u00e4n muualla hyv\u00e4ksytysti suoritetut opinnot, jotka ovat tavoitteeltaan ja keskeisilta sis\u00e4ll\u00f6ilt\u00e4\u00e4n lukion opetussuunnitelman mukaisia. Kursseille\/ opintojaksoille, jotka opiskelija haluaa suorittaa jossakin muussa oppilaitoksessa, et\u00e4opiskeluna tai kirjallisuuskuulusteluna, on haettava rehtorin hyv\u00e4ksynt\u00e4 ennen opintojen suorittamista (LL 23 \u00a7).<\/p>\n\n\n\n<p>Muita kuin lukion opetussuunnitelmaan kuuluvia kursseja\/ opintojaksoja opiskelija voi sis\u00e4llytt\u00e4\u00e4 lukion 75 kurssin oppim\u00e4\u00e4r\u00e4\u00e4n enint\u00e4\u00e4n viisi ja 150 opintopisteeseen enint\u00e4\u00e4n kymmenen opintopistett\u00e4. N\u00e4m\u00e4 opinnot voivat olla<\/p>\n\n\n\n<ul class=\"wp-block-list\"><li>yhteis\u00f6kursseja, kuten kerhonohjaajana toimiminen, isoskoulutus ja henkil\u00f6ajokortin suorittaminen,<\/li><li>urheilu- tai liikuntavalmennuskursseja, jos opiskelijalla on valtakunnan tason suorituksia tai tavoitteita,<\/li><li>Sibelius-opiston, Aimo-koulun ja Vanajaveden Opiston opintoja, jos ne on suoritettu lukioaikana,<\/li><li>vaihto-opiskelijavuoden lukiotason opintoja.<\/li><\/ul>\n\n\n\n<p>Vaihto-opiskelijavuoden opinnoista voidaan sis\u00e4llytt\u00e4\u00e4 lukion oppim\u00e4\u00e4r\u00e4\u00e4n enint\u00e4\u00e4n kahdeksan kurssia tai 16 opintopistett\u00e4. Rehtori hyv\u00e4ksyy muualla suoritetut kurssit todistusten tai dokumenttien perusteella.<\/p>\n\n\n\n<div class=\"wp-block-file\"><a href=\"https:\/\/www.kktavastia.fi\/media\/sites\/7\/muualla-suoritetut-kurssit.pdf\">Anomus muualla suoritettujen opintojen hyv\u00e4ksymisest\u00e4<\/a><a href=\"https:\/\/www.kktavastia.fi\/media\/sites\/7\/muualla-suoritetut-kurssit.pdf\" class=\"wp-block-file__button\" download>Lataa<\/a><\/div>\n\n\n\n<p><\/p>\n","protected":false},"excerpt":{"rendered":"<p>Osa opinnoista voidaan edellytt\u00e4\u00e4 opiskeltavan itsen\u00e4isesti (LA 4 \u00a7). T\u00e4llainen tilanne tulee eteen esimerkiksi silloin, kun opiskelija on ollut poissa, [&hellip;]<\/p>\n","protected":false},"author":6,"featured_media":0,"parent":103,"menu_order":0,"comment_status":"closed","ping_status":"closed","template":"","meta":{"_acf_changed":false,"_relevanssi_hide_post":"","_relevanssi_hide_content":"","_relevanssi_pin_for_all":"","_relevanssi_pin_keywords":"","_relevanssi_unpin_keywords":"","_relevanssi_related_keywords":"","_relevanssi_related_include_ids":"","_relevanssi_related_exclude_ids":"","_relevanssi_related_no_append":"","_relevanssi_related_not_related":"","_relevanssi_related_posts":"","_relevanssi_noindex_reason":"","footnotes":""},"class_list":["post-140","page","type-page","status-publish","hentry"],"acf":[],"yoast_head":"<title>Itsen\u00e4inen opiskelu | Et\u00e4opiskelu | Lammin lukio | Tutustu lis\u00e4\u00e4<\/title>\n<meta name=\"description\" content=\"Tutustu itsen\u00e4isen opiskelun ja et\u00e4opiskelun vaihtoehtoihin Lammin lukiossa.\" \/>\n<meta name=\"robots\" content=\"index, follow, max-snippet:-1, max-image-preview:large, max-video-preview:-1\" \/>\n<link rel=\"canonical\" href=\"https:\/\/www.kktavastia.fi\/lukiot-lammi\/opetus-ja-ohjaus\/opetusjarjestelyt\/itsenainen-opiskelu\/\" \/>\n<meta property=\"og:locale\" content=\"fi_FI\" \/>\n<meta property=\"og:type\" content=\"article\" \/>\n<meta property=\"og:title\" content=\"Itsen\u00e4inen opiskelu | Et\u00e4opiskelu | Lammin lukio | Tutustu lis\u00e4\u00e4\" \/>\n<meta property=\"og:description\" content=\"Tutustu itsen\u00e4isen opiskelun ja et\u00e4opiskelun vaihtoehtoihin Lammin lukiossa.\" \/>\n<meta property=\"og:url\" content=\"https:\/\/www.kktavastia.fi\/lukiot-lammi\/opetus-ja-ohjaus\/opetusjarjestelyt\/itsenainen-opiskelu\/\" \/>\n<meta property=\"og:site_name\" content=\"Lammin lukio\" \/>\n<meta property=\"article:modified_time\" content=\"2021-06-15T07:51:25+00:00\" \/>\n<meta name=\"twitter:card\" content=\"summary_large_image\" \/>\n<script type=\"application\/ld+json\" class=\"yoast-schema-graph\">{\"@context\":\"https:\\\/\\\/schema.org\",\"@graph\":[{\"@type\":\"WebPage\",\"@id\":\"https:\\\/\\\/www.kktavastia.fi\\\/lukiot-lammi\\\/opetus-ja-ohjaus\\\/opetusjarjestelyt\\\/itsenainen-opiskelu\\\/\",\"url\":\"https:\\\/\\\/www.kktavastia.fi\\\/lukiot-lammi\\\/opetus-ja-ohjaus\\\/opetusjarjestelyt\\\/itsenainen-opiskelu\\\/\",\"name\":\"Itsen\u00e4inen opiskelu | Et\u00e4opiskelu | Lammin lukio | Tutustu lis\u00e4\u00e4\",\"isPartOf\":{\"@id\":\"https:\\\/\\\/www.kktavastia.fi\\\/lukiot-lammi\\\/#website\"},\"datePublished\":\"2020-12-31T12:47:29+00:00\",\"dateModified\":\"2021-06-15T07:51:25+00:00\",\"description\":\"Tutustu itsen\u00e4isen opiskelun ja et\u00e4opiskelun vaihtoehtoihin Lammin lukiossa.\",\"breadcrumb\":{\"@id\":\"https:\\\/\\\/www.kktavastia.fi\\\/lukiot-lammi\\\/opetus-ja-ohjaus\\\/opetusjarjestelyt\\\/itsenainen-opiskelu\\\/#breadcrumb\"},\"inLanguage\":\"fi\",\"potentialAction\":[{\"@type\":\"ReadAction\",\"target\":[\"https:\\\/\\\/www.kktavastia.fi\\\/lukiot-lammi\\\/opetus-ja-ohjaus\\\/opetusjarjestelyt\\\/itsenainen-opiskelu\\\/\"]}]},{\"@type\":\"BreadcrumbList\",\"@id\":\"https:\\\/\\\/www.kktavastia.fi\\\/lukiot-lammi\\\/opetus-ja-ohjaus\\\/opetusjarjestelyt\\\/itsenainen-opiskelu\\\/#breadcrumb\",\"itemListElement\":[{\"@type\":\"ListItem\",\"position\":1,\"name\":\"Home\",\"item\":\"https:\\\/\\\/www.kktavastia.fi\\\/lukiot-lammi\\\/\"},{\"@type\":\"ListItem\",\"position\":2,\"name\":\"Opetus ja ohjaus\",\"item\":\"https:\\\/\\\/www.kktavastia.fi\\\/lukiot-lammi\\\/opetus-ja-ohjaus\\\/\"},{\"@type\":\"ListItem\",\"position\":3,\"name\":\"Opetusj\u00e4rjestelyt\",\"item\":\"https:\\\/\\\/www.kktavastia.fi\\\/lukiot-lammi\\\/opetus-ja-ohjaus\\\/opetusjarjestelyt\\\/\"},{\"@type\":\"ListItem\",\"position\":4,\"name\":\"Itsen\u00e4inen opiskelu\"}]},{\"@type\":\"WebSite\",\"@id\":\"https:\\\/\\\/www.kktavastia.fi\\\/lukiot-lammi\\\/#website\",\"url\":\"https:\\\/\\\/www.kktavastia.fi\\\/lukiot-lammi\\\/\",\"name\":\"Lammin lukio\",\"description\":\"\",\"potentialAction\":[{\"@type\":\"SearchAction\",\"target\":{\"@type\":\"EntryPoint\",\"urlTemplate\":\"https:\\\/\\\/www.kktavastia.fi\\\/lukiot-lammi\\\/?s={search_term_string}\"},\"query-input\":{\"@type\":\"PropertyValueSpecification\",\"valueRequired\":true,\"valueName\":\"search_term_string\"}}],\"inLanguage\":\"fi\"}]}<\/script>","yoast_head_json":{"title":"Itsen\u00e4inen opiskelu | Et\u00e4opiskelu | Lammin lukio | Tutustu lis\u00e4\u00e4","description":"Tutustu itsen\u00e4isen opiskelun ja et\u00e4opiskelun vaihtoehtoihin Lammin lukiossa.","robots":{"index":"index","follow":"follow","max-snippet":"max-snippet:-1","max-image-preview":"max-image-preview:large","max-video-preview":"max-video-preview:-1"},"canonical":"https:\/\/www.kktavastia.fi\/lukiot-lammi\/opetus-ja-ohjaus\/opetusjarjestelyt\/itsenainen-opiskelu\/","og_locale":"fi_FI","og_type":"article","og_title":"Itsen\u00e4inen opiskelu | Et\u00e4opiskelu | Lammin lukio | Tutustu lis\u00e4\u00e4","og_description":"Tutustu itsen\u00e4isen opiskelun ja et\u00e4opiskelun vaihtoehtoihin Lammin lukiossa.","og_url":"https:\/\/www.kktavastia.fi\/lukiot-lammi\/opetus-ja-ohjaus\/opetusjarjestelyt\/itsenainen-opiskelu\/","og_site_name":"Lammin lukio","article_modified_time":"2021-06-15T07:51:25+00:00","twitter_card":"summary_large_image","schema":{"@context":"https:\/\/schema.org","@graph":[{"@type":"WebPage","@id":"https:\/\/www.kktavastia.fi\/lukiot-lammi\/opetus-ja-ohjaus\/opetusjarjestelyt\/itsenainen-opiskelu\/","url":"https:\/\/www.kktavastia.fi\/lukiot-lammi\/opetus-ja-ohjaus\/opetusjarjestelyt\/itsenainen-opiskelu\/","name":"Itsen\u00e4inen opiskelu | Et\u00e4opiskelu | Lammin lukio | Tutustu lis\u00e4\u00e4","isPartOf":{"@id":"https:\/\/www.kktavastia.fi\/lukiot-lammi\/#website"},"datePublished":"2020-12-31T12:47:29+00:00","dateModified":"2021-06-15T07:51:25+00:00","description":"Tutustu itsen\u00e4isen opiskelun ja et\u00e4opiskelun vaihtoehtoihin Lammin lukiossa.","breadcrumb":{"@id":"https:\/\/www.kktavastia.fi\/lukiot-lammi\/opetus-ja-ohjaus\/opetusjarjestelyt\/itsenainen-opiskelu\/#breadcrumb"},"inLanguage":"fi","potentialAction":[{"@type":"ReadAction","target":["https:\/\/www.kktavastia.fi\/lukiot-lammi\/opetus-ja-ohjaus\/opetusjarjestelyt\/itsenainen-opiskelu\/"]}]},{"@type":"BreadcrumbList","@id":"https:\/\/www.kktavastia.fi\/lukiot-lammi\/opetus-ja-ohjaus\/opetusjarjestelyt\/itsenainen-opiskelu\/#breadcrumb","itemListElement":[{"@type":"ListItem","position":1,"name":"Home","item":"https:\/\/www.kktavastia.fi\/lukiot-lammi\/"},{"@type":"ListItem","position":2,"name":"Opetus ja ohjaus","item":"https:\/\/www.kktavastia.fi\/lukiot-lammi\/opetus-ja-ohjaus\/"},{"@type":"ListItem","position":3,"name":"Opetusj\u00e4rjestelyt","item":"https:\/\/www.kktavastia.fi\/lukiot-lammi\/opetus-ja-ohjaus\/opetusjarjestelyt\/"},{"@type":"ListItem","position":4,"name":"Itsen\u00e4inen opiskelu"}]},{"@type":"WebSite","@id":"https:\/\/www.kktavastia.fi\/lukiot-lammi\/#website","url":"https:\/\/www.kktavastia.fi\/lukiot-lammi\/","name":"Lammin lukio","description":"","potentialAction":[{"@type":"SearchAction","target":{"@type":"EntryPoint","urlTemplate":"https:\/\/www.kktavastia.fi\/lukiot-lammi\/?s={search_term_string}"},"query-input":{"@type":"PropertyValueSpecification","valueRequired":true,"valueName":"search_term_string"}}],"inLanguage":"fi"}]}},"_links":{"self":[{"href":"https:\/\/www.kktavastia.fi\/lukiot-lammi\/wp-json\/wp\/v2\/pages\/140","targetHints":{"allow":["GET"]}}],"collection":[{"href":"https:\/\/www.kktavastia.fi\/lukiot-lammi\/wp-json\/wp\/v2\/pages"}],"about":[{"href":"https:\/\/www.kktavastia.fi\/lukiot-lammi\/wp-json\/wp\/v2\/types\/page"}],"author":[{"embeddable":true,"href":"https:\/\/www.kktavastia.fi\/lukiot-lammi\/wp-json\/wp\/v2\/users\/6"}],"replies":[{"embeddable":true,"href":"https:\/\/www.kktavastia.fi\/lukiot-lammi\/wp-json\/wp\/v2\/comments?post=140"}],"version-history":[{"count":5,"href":"https:\/\/www.kktavastia.fi\/lukiot-lammi\/wp-json\/wp\/v2\/pages\/140\/revisions"}],"predecessor-version":[{"id":1540,"href":"https:\/\/www.kktavastia.fi\/lukiot-lammi\/wp-json\/wp\/v2\/pages\/140\/revisions\/1540"}],"up":[{"embeddable":true,"href":"https:\/\/www.kktavastia.fi\/lukiot-lammi\/wp-json\/wp\/v2\/pages\/103"}],"wp:attachment":[{"href":"https:\/\/www.kktavastia.fi\/lukiot-lammi\/wp-json\/wp\/v2\/media?parent=140"}],"curies":[{"name":"wp","href":"https:\/\/api.w.org\/{rel}","templated":true}]}}